{"id":408,"date":"2023-10-30T09:32:27","date_gmt":"2023-10-30T09:32:27","guid":{"rendered":"https:\/\/exceladvisor.org\/pt\/tabela-dinamica-faz-referencia-cruzada-a-varios-arquivos\/"},"modified":"2023-12-06T11:37:07","modified_gmt":"2023-12-06T11:37:07","slug":"tabela-dinamica-faz-referencia-cruzada-a-varios-arquivos","status":"publish","type":"page","link":"https:\/\/exceladvisor.org\/pt\/tabela-dinamica-faz-referencia-cruzada-a-varios-arquivos\/","title":{"rendered":"Como criar uma tabela din\u00e2mica com v\u00e1rias planilhas?"},"content":{"rendered":"<div class=\"excel-before-content-2\" id=\"excel-2300128482\"><script type=\"text\/javascript\">\r\n\tatOptions = {\r\n\t\t'key' : 'c1158f160081d6540a8409e6925dab94',\r\n\t\t'format' : 'iframe',\r\n\t\t'height' : 250,\r\n\t\t'width' : 300,\r\n\t\t'params' : {}\r\n\t};\r\n<\/script>\r\n<script type=\"text\/javascript\" src=\"\/\/www.highperformanceformat.com\/c1158f160081d6540a8409e6925dab94\/invoke.js\"><\/script><\/div><div class=\"excel-before-content\" id=\"excel-3922854424\"><script type=\"text\/javascript\">\r\n\tatOptions = {\r\n\t\t'key' : 'c1158f160081d6540a8409e6925dab94',\r\n\t\t'format' : 'iframe',\r\n\t\t'height' : 250,\r\n\t\t'width' : 300,\r\n\t\t'params' : {}\r\n\t};\r\n<\/script>\r\n<script type=\"text\/javascript\" src=\"\/\/www.highperformanceformat.com\/c1158f160081d6540a8409e6925dab94\/invoke.js\"><\/script><\/div> <p>Uma tabela din\u00e2mica \u00e9 uma das melhores maneiras de resumir dados.<\/p><p> Voc\u00ea pode criar um relat\u00f3rio resumido em segundos a partir de milhares de linhas de dados. Mas quando voc\u00ea trabalha com dados do mundo real, nem tudo \u00e9 perfeito.<\/p><p> E hoje quero compartilhar com voc\u00eas um problema comum que todos enfrentamos.<\/p><p> Antes de come\u00e7armos, gostaria de agradecer a Raman Girdhar pela sua pergunta. Ele est\u00e1 me seguindo h\u00e1 muito tempo.<\/p><p> \u00c0s vezes, recebemos ou capturamos nossos dados em pastas de trabalho diferentes e, nesse caso, criar uma tabela din\u00e2mica requer um esfor\u00e7o extra para combinar essas v\u00e1rias pastas de trabalho em uma.<\/p><p> S\u00f3 depois disso poderemos criar uma tabela din\u00e2mica.<\/p><p> Portanto, neste artigo, gostaria de mostrar um processo de tr\u00eas etapas para criar uma tabela din\u00e2mica usando dados de v\u00e1rias pastas de trabalho.<\/p><h2 id=\"tab-con-1\" class=\"wp-block-heading\"> Etapas para criar uma tabela din\u00e2mica usando dados de v\u00e1rias pastas de trabalho<\/h2><p class=\"qt-tip\"> <strong>Importante:<\/strong> Para isso precisamos usar o power query, portanto certifique-se de ter o power query na sua vers\u00e3o do Excel. Para Excel 2016, est\u00e1 localizado na aba Dados, e para as demais vers\u00f5es (2010 e 2013), \u00e9 necess\u00e1rio <a href=\"https:\/\/www.microsoft.com\/en-in\/download\/details.aspx?id=39379\" target=\"_blank\" rel=\"noreferrer noopener nofollow\">instalar<\/a> o complemento.<\/p><p> Aqui tenho quatro pastas de trabalho diferentes com dados de vendas para \u00e1reas diferentes. Voc\u00ea pode <a style=\"outline: none;\" href=\"https:\/\/exceladvisor.org\/wp-content\/uploads\/2023\/08\/donnees-de-vente.zip\" rel=\"nofollow\">baixar esses arquivos aqui para acompanhar<\/a> . <\/p><div class=\"wp-block-image\"><figure class=\"aligncenter\"><img decoding=\"async\" src=\"https:\/\/exceladvisor.org\/wp-content\/uploads\/2023\/08\/17-tableau-croise-dynamique-utilisant-plusieurs-fichiers-dossier-1.png\" sizes=\"\" srcset=\"\" alt=\"\"><\/figure><\/div><p> E certifique-se de ter todos esses arquivos em uma pasta.<\/p><h3 id=\"tab-con-2\" class=\"wp-block-heading\"> Passo 1 \u2013 Combine arquivos usando o Power Query<\/h3><p> Primeiro, precisamos combinar todos os arquivos em um \u00fanico arquivo com o PowerQuery. <\/p><ul id=\"block-981dee7c-6093-413b-ad99-8b6e2839c397\" class=\"block-editor-rich-text__editable block-editor-block-list__block wp-block is-selected rich-text\" tabindex=\"0\" role=\"group\" contenteditable=\"true\" aria-multiline=\"true\" aria-label=\"Block: List\" data-block=\"981dee7c-6093-413b-ad99-8b6e2839c397\" data-type=\"core\/list\" data-title=\"List\"><li> V\u00e1 para a guia Dados -&gt; Obter Transforma\u00e7\u00e3o -&gt; Nova Consulta -&gt; Do Arquivo -&gt; Da Pasta. <br><img decoding=\"async\" title=\"1-tabela din\u00e2mica usando v\u00e1rios arquivos-power-query-open-folder-min\" src=\"https:\/\/exceladvisor.org\/wp-content\/uploads\/2023\/08\/1-tableau-croise-dynamique-utilisant-plusieurs-fichiers-power-query-ouvrir-le-dossier-min.png\" sizes=\"\" srcset=\"\" alt=\"\"><\/li><li> Agora, na janela de sele\u00e7\u00e3o de pasta, clique em \u201cNavegar\u201d e selecione a pasta onde est\u00e3o todos os arquivos. <br><img decoding=\"async\" title=\"Tabela 2 din\u00e2micas usando v\u00e1rios arquivos-power-query-select-folder-min\" src=\"https:\/\/exceladvisor.org\/wp-content\/uploads\/2023\/08\/2-tableau-croise-dynamique-utilisant-plusieurs-fichiers-power-query-select-dossier-min-1.png\" sizes=\"\" srcset=\"\" alt=\"\"><\/li><li> Clique OK.<\/li><li> A partir da\u00ed voc\u00ea ver\u00e1 uma janela \u201cCombinar Arquivos\u201d. <br><img decoding=\"async\" title=\"Tabela de 3 piv\u00f4s usando v\u00e1rios arquivos-power-query-click-combine-edit-min\" src=\"https:\/\/exceladvisor.org\/wp-content\/uploads\/2023\/08\/3-tableau-croise-dynamique-utilisant-plusieurs-fichiers-requete-de-puissance-cliquez-sur-combiner-modifier-min-1.png\" sizes=\"\" srcset=\"\" alt=\"\"><\/li><li> E nesta janela, selecione a planilha com seus dados de todas as pastas de trabalho. (Dica: certifique-se de ter o mesmo nome de planilha em todas as pastas de trabalho). <br><img decoding=\"async\" title=\"4-tabela din\u00e2mica usando v\u00e1rios arquivos-selecione-planilha-para-carregar-no-editor-min\" src=\"https:\/\/exceladvisor.org\/wp-content\/uploads\/2023\/08\/4-tableau-croise-dynamique-utilisant-plusieurs-fichiers-selectionnez-la-feuille-de-calcul-a-charger-dans-lediteur-min-1.png\" sizes=\"\" srcset=\"\" alt=\"\"><\/li><li> Depois de clicar em OK, todos os dados nas pastas de trabalho ser\u00e3o editados no Power Query Editor.<\/li><\/ul><h3 id=\"tab-con-3\" class=\"wp-block-heading\"> Passo 2 \u2013 Preparar dados para tabela din\u00e2mica<\/h3><p> Agora precisamos fazer pequenas altera\u00e7\u00f5es em nossos dados para prepar\u00e1-los para uma tabela din\u00e2mica. <\/p><ul id=\"block-83f2d8d7-e333-4eec-901a-bdb4a2315313\" class=\"block-editor-rich-text__editable block-editor-block-list__block wp-block is-selected rich-text\" tabindex=\"0\" role=\"group\" contenteditable=\"true\" aria-multiline=\"true\" aria-label=\"Block: List\" data-block=\"83f2d8d7-e333-4eec-901a-bdb4a2315313\" data-type=\"core\/list\" data-title=\"List\"><li> Se voc\u00ea observar os dados, aqui temos uma coluna adicional com o nome do arquivo de origem. <br><img decoding=\"async\" title=\"Tabela de 5 piv\u00f4s usando v\u00e1rios arquivos de dados no editor de consulta de energia-min\" src=\"https:\/\/exceladvisor.org\/wp-content\/uploads\/2023\/08\/5-tableau-croise-dynamique-utilisant-plusieurs-fichiers-de-donnees-dans-lediteur-de-requetes-Power-min-1.png\" sizes=\"\" srcset=\"\" alt=\"\"><\/li><li> Clique com o bot\u00e3o direito nesta coluna e selecione Dividir coluna -&gt; Por delimitador. <br><img decoding=\"async\" title=\"6-tabela din\u00e2mica usando v\u00e1rios arquivos-clique-no-separador-para-dividir-coluna-min\" src=\"https:\/\/exceladvisor.org\/wp-content\/uploads\/2023\/08\/6-tableau-croise-dynamique-utilisant-plusieurs-fichiers-cliquez-sur-le-delimiteur-pour-diviser-la-colonne-min-1.png\" sizes=\"\" srcset=\"\" alt=\"\"><\/li><li> Na janela do delimitador, selecione personalizado, adicione \u201c-\u201d como delimitador e selecione \u201cDelimitador mais \u00e0 esquerda\u201d. <br><img decoding=\"async\" title=\"Tabela din\u00e2mica de 7-usando-v\u00e1rios-arquivos-captura-delimitador-para-dividir-coluna-min\" src=\"https:\/\/exceladvisor.org\/wp-content\/uploads\/2023\/08\/7-tableau-croise-dynamique-utilisant-plusieurs-fichiers-entrez-un-delimiteur-pour-diviser-la-colonne-min-1.png\" sizes=\"\" srcset=\"\" alt=\"\"><\/li><li> Clique OK.<\/li><li> Depois disso, exclua a segunda coluna. <br><img decoding=\"async\" title=\"Tabela din\u00e2mica de 8 usando v\u00e1rios arquivos-excluir-segunda-coluna-min\" src=\"https:\/\/exceladvisor.org\/wp-content\/uploads\/2023\/08\/8-tableau-croise-dynamique-utilisant-plusieurs-fichiers-supprimer-la-deuxieme-colonne-min-1.png\" sizes=\"\" srcset=\"\" alt=\"\"><\/li><li> Agora renomeie a primeira coluna. <br><img decoding=\"async\" title=\"Tabela din\u00e2mica de 9 usando v\u00e1rios arquivos-renomear-primeira-coluna-min\" src=\"https:\/\/exceladvisor.org\/wp-content\/uploads\/2023\/08\/9-tableau-croise-dynamique-utilisant-plusieurs-fichiers-renommer-la-premiere-colonne-min-1.png\" sizes=\"\" srcset=\"\" alt=\"\"><\/li><li> Mais uma coisa, clique com o bot\u00e3o direito na primeira coluna novamente e v\u00e1 em Transformar -&gt; Capitalizar cada palavra. <br><img decoding=\"async\" title=\"Tabela din\u00e2mica de 10 usando v\u00e1rios arquivos-change-case-first-column-min\" src=\"https:\/\/exceladvisor.org\/wp-content\/uploads\/2023\/08\/10-tableau-croise-dynamique-utilisant-plusieurs-fichiers-changer-la-casse-de-la-premiere-colonne-min-1.png\" sizes=\"\" srcset=\"\" alt=\"\"><\/li><li> E agora seus dados est\u00e3o prontos. Ent\u00e3o, clique em fechar e carregar. <br><img decoding=\"async\" title=\"11 tabelas din\u00e2micas usando v\u00e1rios arquivos, clique em fechar e carregar min\" src=\"https:\/\/exceladvisor.org\/wp-content\/uploads\/2023\/08\/11-tableau-croise-dynamique-utilisant-plusieurs-fichiers-cliquez-sur-fermer-et-chargez-min-1.png\" sizes=\"\" srcset=\"\" alt=\"\"><\/li><\/ul><h3 id=\"tab-con-4\" class=\"wp-block-heading\"> Passo 3 \u2013 Insira a Tabela Din\u00e2mica<\/h3><p> Neste ponto, temos uma nova planilha em nossa pasta de trabalho com os dados combinados de todos os quatro arquivos. <\/p><div class=\"wp-block-image\"><figure class=\"aligncenter\"><img decoding=\"async\" src=\"https:\/\/exceladvisor.org\/wp-content\/uploads\/2023\/08\/12-tableau-croise-dynamique-utilisant-plusieurs-fichiers-nouvelle-feuille-de-calcul-avec-donnees-min-1.png\" sizes=\"\" srcset=\"\" alt=\"\"><\/figure><\/div><p> Agora \u00e9 hora de criar uma tabela din\u00e2mica a partir dela. <\/p><ul id=\"block-63ef554f-b09b-4547-a68b-8466388358b9\" class=\"block-editor-rich-text__editable block-editor-block-list__block wp-block is-selected rich-text\" tabindex=\"0\" role=\"group\" contenteditable=\"true\" aria-multiline=\"true\" aria-label=\"Block: List\" data-block=\"63ef554f-b09b-4547-a68b-8466388358b9\" data-type=\"core\/list\" data-title=\"List\"><li> Selecione a tabela e v\u00e1 para Inserir guia e clique no bot\u00e3o Tabela Din\u00e2mica. <br><img decoding=\"async\" title=\"13-quadro din\u00e2mico usando v\u00e1rios arquivos-clique no bot\u00e3o do quadro din\u00e2mico-min\" src=\"https:\/\/exceladvisor.org\/wp-content\/uploads\/2023\/08\/13-tableau-croise-dynamique-utilisant-plusieurs-fichiers-cliquez-sur-le-bouton-du-tableau-croise-dynamique-min-1.png\" sizes=\"\" srcset=\"\" alt=\"\"><\/li><li> Aqui voc\u00ea obter\u00e1 uma janela de inser\u00e7\u00e3o de tabela din\u00e2mica. <br><img decoding=\"async\" title=\"14-tabela din\u00e2mica usando v\u00e1rios arquivos-selecionar-tabela-min\" src=\"https:\/\/exceladvisor.org\/wp-content\/uploads\/2023\/08\/14-tableau-croise-dynamique-utilisant-plusieurs-fichiers-selectionner-le-tableau-min-1.png\" sizes=\"\" srcset=\"\" alt=\"\"><\/li><li> Clique em OK na janela Inserir tabela din\u00e2mica e voc\u00ea obter\u00e1 uma nova tabela din\u00e2mica em sua pasta de trabalho. <br><img decoding=\"async\" title=\"Tabela din\u00e2mica de 15 usando v\u00e1rios arquivos-tabela din\u00e2mica final-min\" src=\"https:\/\/exceladvisor.org\/wp-content\/uploads\/2023\/08\/15-tableau-croise-dynamique-utilisant-plusieurs-fichiers-tableau-croise-dynamique-final-min-1.png\" sizes=\"\" srcset=\"\" alt=\"\"><\/li><\/ul><p> Parab\u00e9ns! Voc\u00ea criou com sucesso uma nova tabela din\u00e2mica a partir de arquivos diferentes.<\/p><h2 id=\"tab-con-5\" class=\"wp-block-heading\"> Atualizar tabela din\u00e2mica<\/h2><p> Tenho certeza de que voc\u00ea est\u00e1 pensando em como atualizar sua tabela din\u00e2mica ap\u00f3s atualizar os arquivos de origem.<\/p><p> \u00c9 simples. Para atualizar sua tabela din\u00e2mica, voc\u00ea deve atualizar a consulta para que os dados no arquivo de origem possam ser atualizados na tabela de origem criada com o PowerQuery. E depois disso voc\u00ea pode atualizar sua tabela din\u00e2mica.<\/p><p> Por\u00e9m, a maneira mais f\u00e1cil e melhor \u00e9 usar o bot\u00e3o atualizar na guia de dados. Ele se referir\u00e1 a ambos (tabela din\u00e2mica + consulta). <\/p><div class=\"wp-block-image\"><figure class=\"aligncenter\"><img decoding=\"async\" src=\"https:\/\/exceladvisor.org\/wp-content\/uploads\/2023\/08\/16-tableau-croise-dynamique-utilisant-plusieurs-fichiers-bouton-dactualisation-min-1.png\" sizes=\"\" srcset=\"\" alt=\"\"><\/figure><\/div><h2 id=\"tab-con-6\" class=\"wp-block-heading\"> Pontos importantes<\/h2><p> Aqui listei alguns pontos que voc\u00ea precisa lembrar ao usar a consulta avan\u00e7ada para uma tabela din\u00e2mica.<\/p><ul><li> Os arquivos devem estar em uma \u00fanica pasta.<\/li><li> Os dados devem estar no mesmo formato em todos os arquivos. Caso contr\u00e1rio, voc\u00ea precisar\u00e1 torn\u00e1-lo utiliz\u00e1vel ap\u00f3s combin\u00e1-lo.<\/li><li> Os nomes das planilhas devem ser iguais em todos os arquivos.<\/li><li> Certifique-se de que n\u00e3o haja erros em um arquivo. Ou voc\u00ea pode usar a op\u00e7\u00e3o \u201cIgnorar arquivos de erro\u201d.<\/li><li> N\u00e3o renomeie nenhuma pasta de trabalho.<\/li><\/ul><h2 class=\"wp-block-heading\"> Deve ler mais<\/h2><ul><li> <a href=\"https:\/\/exceladvisor.org\/pt\/tabela-dinamica-1\/\" data-wpil=\"url\">Como criar uma tabela din\u00e2mica com VBA<\/a><\/li><li> <a href=\"https:\/\/exceladvisor.org\/pt\/dinamizar-a-partir-de-varias-planilhas\/\" data-wpil=\"url\">Como criar uma tabela din\u00e2mica a partir de v\u00e1rias planilhas<\/a><\/li><li> <a href=\"https:\/\/exceladvisor.org\/pt\/tabela-dinamica-3\/\">30 dicas e truques de tabela din\u00e2mica<\/a><\/li><li> <a style=\"outline: none;\" href=\"https:\/\/exceladvisor.org\/pt\/calculo-em-tabela-dinamica\/\">Como adicionar um campo e item personalizado em uma tabela din\u00e2mica<\/a><\/li><li> <a style=\"outline: none;\" href=\"https:\/\/exceladvisor.org\/pt\/atualize-tudo\/\">Como atualizar todas as tabelas din\u00e2micas de uma vez<\/a><\/li><\/ul>","protected":false},"excerpt":{"rendered":"","protected":false},"author":1,"featured_media":0,"parent":0,"menu_order":0,"comment_status":"open","ping_status":"closed","template":"","meta":{"ub_ctt_via":"","footnotes":""},"class_list":["post-408","page","type-page","status-publish","hentry"],"featured_image_src":null,"yoast_head":"<!-- This site is optimized with the Yoast SEO plugin v25.4 - https:\/\/yoast.com\/wordpress\/plugins\/seo\/ -->\n<title>Crie uma tabela din\u00e2mica com v\u00e1rias planilhas<\/title>\n<meta name=\"description\" content=\"Hoje gostaria de compartilhar com voc\u00eas uma solu\u00e7\u00e3o para um problema comum que todos enfrentamos. Combine v\u00e1rios arquivos para criar uma tabela din\u00e2mica. Uma solu\u00e7\u00e3o em 3 etapas.\" \/>\n<meta name=\"robots\" content=\"index, follow, max-snippet:-1, max-image-preview:large, max-video-preview:-1\" \/>\n<link rel=\"canonical\" href=\"https:\/\/exceladvisor.org\/pt\/tabela-dinamica-faz-referencia-cruzada-a-varios-arquivos\/\" \/>\n<meta property=\"og:locale\" content=\"pt_PT\" \/>\n<meta property=\"og:type\" content=\"article\" \/>\n<meta property=\"og:title\" content=\"Crie uma tabela din\u00e2mica com v\u00e1rias planilhas\" \/>\n<meta property=\"og:description\" content=\"Hoje gostaria de compartilhar com voc\u00eas uma solu\u00e7\u00e3o para um problema comum que todos enfrentamos. Combine v\u00e1rios arquivos para criar uma tabela din\u00e2mica. Uma solu\u00e7\u00e3o em 3 etapas.\" \/>\n<meta property=\"og:url\" content=\"https:\/\/exceladvisor.org\/pt\/tabela-dinamica-faz-referencia-cruzada-a-varios-arquivos\/\" \/>\n<meta property=\"og:site_name\" content=\"Excel Advisor\" \/>\n<meta property=\"article:modified_time\" content=\"2023-12-06T11:37:07+00:00\" \/>\n<meta property=\"og:image\" content=\"https:\/\/exceladvisor.org\/wp-content\/uploads\/2023\/08\/17-tableau-croise-dynamique-utilisant-plusieurs-fichiers-dossier-1.png\" \/>\n<meta name=\"twitter:card\" content=\"summary_large_image\" \/>\n<meta name=\"twitter:label1\" content=\"Tempo estimado de leitura\" \/>\n\t<meta name=\"twitter:data1\" content=\"4 minutos\" \/>\n<script type=\"application\/ld+json\" class=\"yoast-schema-graph\">{\"@context\":\"https:\/\/schema.org\",\"@graph\":[{\"@type\":\"WebPage\",\"@id\":\"https:\/\/exceladvisor.org\/pt\/tabela-dinamica-faz-referencia-cruzada-a-varios-arquivos\/\",\"url\":\"https:\/\/exceladvisor.org\/pt\/tabela-dinamica-faz-referencia-cruzada-a-varios-arquivos\/\",\"name\":\"Crie uma tabela din\u00e2mica com v\u00e1rias planilhas\",\"isPartOf\":{\"@id\":\"https:\/\/exceladvisor.org\/pt\/#website\"},\"primaryImageOfPage\":{\"@id\":\"https:\/\/exceladvisor.org\/pt\/tabela-dinamica-faz-referencia-cruzada-a-varios-arquivos\/#primaryimage\"},\"image\":{\"@id\":\"https:\/\/exceladvisor.org\/pt\/tabela-dinamica-faz-referencia-cruzada-a-varios-arquivos\/#primaryimage\"},\"thumbnailUrl\":\"https:\/\/exceladvisor.org\/wp-content\/uploads\/2023\/08\/17-tableau-croise-dynamique-utilisant-plusieurs-fichiers-dossier-1.png\",\"datePublished\":\"2023-10-30T09:32:27+00:00\",\"dateModified\":\"2023-12-06T11:37:07+00:00\",\"description\":\"Hoje gostaria de compartilhar com voc\u00eas uma solu\u00e7\u00e3o para um problema comum que todos enfrentamos. Combine v\u00e1rios arquivos para criar uma tabela din\u00e2mica. Uma solu\u00e7\u00e3o em 3 etapas.\",\"breadcrumb\":{\"@id\":\"https:\/\/exceladvisor.org\/pt\/tabela-dinamica-faz-referencia-cruzada-a-varios-arquivos\/#breadcrumb\"},\"inLanguage\":\"pt-PT\",\"potentialAction\":[{\"@type\":\"ReadAction\",\"target\":[\"https:\/\/exceladvisor.org\/pt\/tabela-dinamica-faz-referencia-cruzada-a-varios-arquivos\/\"]}]},{\"@type\":\"ImageObject\",\"inLanguage\":\"pt-PT\",\"@id\":\"https:\/\/exceladvisor.org\/pt\/tabela-dinamica-faz-referencia-cruzada-a-varios-arquivos\/#primaryimage\",\"url\":\"https:\/\/exceladvisor.org\/wp-content\/uploads\/2023\/08\/17-tableau-croise-dynamique-utilisant-plusieurs-fichiers-dossier-1.png\",\"contentUrl\":\"https:\/\/exceladvisor.org\/wp-content\/uploads\/2023\/08\/17-tableau-croise-dynamique-utilisant-plusieurs-fichiers-dossier-1.png\"},{\"@type\":\"BreadcrumbList\",\"@id\":\"https:\/\/exceladvisor.org\/pt\/tabela-dinamica-faz-referencia-cruzada-a-varios-arquivos\/#breadcrumb\",\"itemListElement\":[{\"@type\":\"ListItem\",\"position\":1,\"name\":\"Lar\",\"item\":\"https:\/\/exceladvisor.org\/pt\/\"},{\"@type\":\"ListItem\",\"position\":2,\"name\":\"Como criar uma tabela din\u00e2mica com v\u00e1rias planilhas?\"}]},{\"@type\":\"WebSite\",\"@id\":\"https:\/\/exceladvisor.org\/pt\/#website\",\"url\":\"https:\/\/exceladvisor.org\/pt\/\",\"name\":\"Excel Advisor\",\"description\":\"O seu guia definitivo para dominar os dados!\",\"publisher\":{\"@id\":\"https:\/\/exceladvisor.org\/pt\/#organization\"},\"potentialAction\":[{\"@type\":\"SearchAction\",\"target\":{\"@type\":\"EntryPoint\",\"urlTemplate\":\"https:\/\/exceladvisor.org\/pt\/?s={search_term_string}\"},\"query-input\":{\"@type\":\"PropertyValueSpecification\",\"valueRequired\":true,\"valueName\":\"search_term_string\"}}],\"inLanguage\":\"pt-PT\"},{\"@type\":\"Organization\",\"@id\":\"https:\/\/exceladvisor.org\/pt\/#organization\",\"name\":\"Excel Advisor\",\"url\":\"https:\/\/exceladvisor.org\/pt\/\",\"logo\":{\"@type\":\"ImageObject\",\"inLanguage\":\"pt-PT\",\"@id\":\"https:\/\/exceladvisor.org\/pt\/#\/schema\/logo\/image\/\",\"url\":\"https:\/\/exceladvisor.org\/pt\/wp-content\/uploads\/2023\/12\/exceladvisor.org_.png\",\"contentUrl\":\"https:\/\/exceladvisor.org\/pt\/wp-content\/uploads\/2023\/12\/exceladvisor.org_.png\",\"width\":105,\"height\":36,\"caption\":\"Excel Advisor\"},\"image\":{\"@id\":\"https:\/\/exceladvisor.org\/pt\/#\/schema\/logo\/image\/\"}}]}<\/script>\n<!-- \/ Yoast SEO plugin. -->","yoast_head_json":{"title":"Crie uma tabela din\u00e2mica com v\u00e1rias planilhas","description":"Hoje gostaria de compartilhar com voc\u00eas uma solu\u00e7\u00e3o para um problema comum que todos enfrentamos. Combine v\u00e1rios arquivos para criar uma tabela din\u00e2mica. Uma solu\u00e7\u00e3o em 3 etapas.","robots":{"index":"index","follow":"follow","max-snippet":"max-snippet:-1","max-image-preview":"max-image-preview:large","max-video-preview":"max-video-preview:-1"},"canonical":"https:\/\/exceladvisor.org\/pt\/tabela-dinamica-faz-referencia-cruzada-a-varios-arquivos\/","og_locale":"pt_PT","og_type":"article","og_title":"Crie uma tabela din\u00e2mica com v\u00e1rias planilhas","og_description":"Hoje gostaria de compartilhar com voc\u00eas uma solu\u00e7\u00e3o para um problema comum que todos enfrentamos. Combine v\u00e1rios arquivos para criar uma tabela din\u00e2mica. Uma solu\u00e7\u00e3o em 3 etapas.","og_url":"https:\/\/exceladvisor.org\/pt\/tabela-dinamica-faz-referencia-cruzada-a-varios-arquivos\/","og_site_name":"Excel Advisor","article_modified_time":"2023-12-06T11:37:07+00:00","og_image":[{"url":"https:\/\/exceladvisor.org\/wp-content\/uploads\/2023\/08\/17-tableau-croise-dynamique-utilisant-plusieurs-fichiers-dossier-1.png","type":"","width":"","height":""}],"twitter_card":"summary_large_image","twitter_misc":{"Tempo estimado de leitura":"4 minutos"},"schema":{"@context":"https:\/\/schema.org","@graph":[{"@type":"WebPage","@id":"https:\/\/exceladvisor.org\/pt\/tabela-dinamica-faz-referencia-cruzada-a-varios-arquivos\/","url":"https:\/\/exceladvisor.org\/pt\/tabela-dinamica-faz-referencia-cruzada-a-varios-arquivos\/","name":"Crie uma tabela din\u00e2mica com v\u00e1rias planilhas","isPartOf":{"@id":"https:\/\/exceladvisor.org\/pt\/#website"},"primaryImageOfPage":{"@id":"https:\/\/exceladvisor.org\/pt\/tabela-dinamica-faz-referencia-cruzada-a-varios-arquivos\/#primaryimage"},"image":{"@id":"https:\/\/exceladvisor.org\/pt\/tabela-dinamica-faz-referencia-cruzada-a-varios-arquivos\/#primaryimage"},"thumbnailUrl":"https:\/\/exceladvisor.org\/wp-content\/uploads\/2023\/08\/17-tableau-croise-dynamique-utilisant-plusieurs-fichiers-dossier-1.png","datePublished":"2023-10-30T09:32:27+00:00","dateModified":"2023-12-06T11:37:07+00:00","description":"Hoje gostaria de compartilhar com voc\u00eas uma solu\u00e7\u00e3o para um problema comum que todos enfrentamos. Combine v\u00e1rios arquivos para criar uma tabela din\u00e2mica. Uma solu\u00e7\u00e3o em 3 etapas.","breadcrumb":{"@id":"https:\/\/exceladvisor.org\/pt\/tabela-dinamica-faz-referencia-cruzada-a-varios-arquivos\/#breadcrumb"},"inLanguage":"pt-PT","potentialAction":[{"@type":"ReadAction","target":["https:\/\/exceladvisor.org\/pt\/tabela-dinamica-faz-referencia-cruzada-a-varios-arquivos\/"]}]},{"@type":"ImageObject","inLanguage":"pt-PT","@id":"https:\/\/exceladvisor.org\/pt\/tabela-dinamica-faz-referencia-cruzada-a-varios-arquivos\/#primaryimage","url":"https:\/\/exceladvisor.org\/wp-content\/uploads\/2023\/08\/17-tableau-croise-dynamique-utilisant-plusieurs-fichiers-dossier-1.png","contentUrl":"https:\/\/exceladvisor.org\/wp-content\/uploads\/2023\/08\/17-tableau-croise-dynamique-utilisant-plusieurs-fichiers-dossier-1.png"},{"@type":"BreadcrumbList","@id":"https:\/\/exceladvisor.org\/pt\/tabela-dinamica-faz-referencia-cruzada-a-varios-arquivos\/#breadcrumb","itemListElement":[{"@type":"ListItem","position":1,"name":"Lar","item":"https:\/\/exceladvisor.org\/pt\/"},{"@type":"ListItem","position":2,"name":"Como criar uma tabela din\u00e2mica com v\u00e1rias planilhas?"}]},{"@type":"WebSite","@id":"https:\/\/exceladvisor.org\/pt\/#website","url":"https:\/\/exceladvisor.org\/pt\/","name":"Excel Advisor","description":"O seu guia definitivo para dominar os dados!","publisher":{"@id":"https:\/\/exceladvisor.org\/pt\/#organization"},"potentialAction":[{"@type":"SearchAction","target":{"@type":"EntryPoint","urlTemplate":"https:\/\/exceladvisor.org\/pt\/?s={search_term_string}"},"query-input":{"@type":"PropertyValueSpecification","valueRequired":true,"valueName":"search_term_string"}}],"inLanguage":"pt-PT"},{"@type":"Organization","@id":"https:\/\/exceladvisor.org\/pt\/#organization","name":"Excel Advisor","url":"https:\/\/exceladvisor.org\/pt\/","logo":{"@type":"ImageObject","inLanguage":"pt-PT","@id":"https:\/\/exceladvisor.org\/pt\/#\/schema\/logo\/image\/","url":"https:\/\/exceladvisor.org\/pt\/wp-content\/uploads\/2023\/12\/exceladvisor.org_.png","contentUrl":"https:\/\/exceladvisor.org\/pt\/wp-content\/uploads\/2023\/12\/exceladvisor.org_.png","width":105,"height":36,"caption":"Excel Advisor"},"image":{"@id":"https:\/\/exceladvisor.org\/pt\/#\/schema\/logo\/image\/"}}]}},"yoast_meta":{"yoast_wpseo_title":"","yoast_wpseo_metadesc":"","yoast_wpseo_canonical":""},"_links":{"self":[{"href":"https:\/\/exceladvisor.org\/pt\/wp-json\/wp\/v2\/pages\/408","targetHints":{"allow":["GET"]}}],"collection":[{"href":"https:\/\/exceladvisor.org\/pt\/wp-json\/wp\/v2\/pages"}],"about":[{"href":"https:\/\/exceladvisor.org\/pt\/wp-json\/wp\/v2\/types\/page"}],"author":[{"embeddable":true,"href":"https:\/\/exceladvisor.org\/pt\/wp-json\/wp\/v2\/users\/1"}],"replies":[{"embeddable":true,"href":"https:\/\/exceladvisor.org\/pt\/wp-json\/wp\/v2\/comments?post=408"}],"version-history":[{"count":1,"href":"https:\/\/exceladvisor.org\/pt\/wp-json\/wp\/v2\/pages\/408\/revisions"}],"predecessor-version":[{"id":1012,"href":"https:\/\/exceladvisor.org\/pt\/wp-json\/wp\/v2\/pages\/408\/revisions\/1012"}],"wp:attachment":[{"href":"https:\/\/exceladvisor.org\/pt\/wp-json\/wp\/v2\/media?parent=408"}],"curies":[{"name":"wp","href":"https:\/\/api.w.org\/{rel}","templated":true}]}}