{"id":409,"date":"2023-10-30T09:21:02","date_gmt":"2023-10-30T09:21:02","guid":{"rendered":"https:\/\/exceladvisor.org\/pt\/mesclar-celulas-sem-perder-dados\/"},"modified":"2023-12-06T11:38:24","modified_gmt":"2023-12-06T11:38:24","slug":"mesclar-celulas-sem-perder-dados","status":"publish","type":"page","link":"https:\/\/exceladvisor.org\/pt\/mesclar-celulas-sem-perder-dados\/","title":{"rendered":"Como mesclar c\u00e9lulas sem perder dados?"},"content":{"rendered":"<div class=\"excel-before-content-2\" id=\"excel-4057733042\"><script type=\"text\/javascript\">\r\n\tatOptions = {\r\n\t\t'key' : 'c1158f160081d6540a8409e6925dab94',\r\n\t\t'format' : 'iframe',\r\n\t\t'height' : 250,\r\n\t\t'width' : 300,\r\n\t\t'params' : {}\r\n\t};\r\n<\/script>\r\n<script type=\"text\/javascript\" src=\"\/\/www.highperformanceformat.com\/c1158f160081d6540a8409e6925dab94\/invoke.js\"><\/script><\/div><div class=\"excel-before-content\" id=\"excel-407072926\"><script type=\"text\/javascript\">\r\n\tatOptions = {\r\n\t\t'key' : 'c1158f160081d6540a8409e6925dab94',\r\n\t\t'format' : 'iframe',\r\n\t\t'height' : 250,\r\n\t\t'width' : 300,\r\n\t\t'params' : {}\r\n\t};\r\n<\/script>\r\n<script type=\"text\/javascript\" src=\"\/\/www.highperformanceformat.com\/c1158f160081d6540a8409e6925dab94\/invoke.js\"><\/script><\/div> <p>Ao trabalhar com dados no Excel, \u00e0s vezes voc\u00ea precisa mesclar v\u00e1rias c\u00e9lulas em uma. Mas aqui o problema \u00e9 que quando voc\u00ea faz isso voc\u00ea s\u00f3 consegue obter o valor da c\u00e9lula superior esquerda de todas as c\u00e9lulas que deseja mesclar em uma. <\/p><div class=\"wp-block-image\"><figure class=\"aligncenter size-full is-resized\"><img loading=\"lazy\" decoding=\"async\" class=\"wp-image-72452\" src=\"https:\/\/exceladvisor.org\/wp-content\/uploads\/2023\/08\/1-fusionner-des-cellules.png\" sizes=\"auto, \" srcset=\"\" alt=\"mesclar c\u00e9lulas\" width=\"533\" height=\"285\"><\/figure><\/div><p> Agora, para resolver esse problema, existem alguns m\u00e9todos que voc\u00ea pode usar para mesclar c\u00e9lulas sem perder dados, o que significa reunir dados de v\u00e1rias c\u00e9lulas em uma.<\/p><h2 class=\"wp-block-heading\"> Preencha Justificar para mesclar c\u00e9lulas com dados perdidos (obter valores em uma c\u00e9lula de v\u00e1rias c\u00e9lulas)<\/h2><p> Se voc\u00ea deseja mesclar valores de v\u00e1rias c\u00e9lulas, deseja faz\u00ea-lo uma vez e esses valores est\u00e3o em ordem vertical, ent\u00e3o usar <a href=\"https:\/\/exceladvisor.org\/pt\/justificar-completamente\/\">a justifica\u00e7\u00e3o de preenchimento \u00e9 a melhor maneira<\/a> . <\/p><div class=\"wp-block-image\"><figure class=\"aligncenter size-full is-resized\"><img loading=\"lazy\" decoding=\"async\" class=\"wp-image-72453\" src=\"https:\/\/exceladvisor.org\/wp-content\/uploads\/2023\/08\/2-remplir-justifier-pour-fusionner-des-cellules.png\" sizes=\"auto, \" srcset=\"\" alt=\"preencher-justificar-para-mesclar c\u00e9lulas\" width=\"329\" height=\"311\"><\/figure><\/div><p> No exemplo acima, temos valores no intervalo A1:A5, e agora voc\u00ea precisa mesclar esses valores apenas na c\u00e9lula A1.<\/p><ol><li> Primeiro, voc\u00ea precisa ter certeza de que sua coluna deve ser larga o suficiente para que, ao combinar todos os cinco valores, haja espa\u00e7o suficiente na c\u00e9lula A1. <br><img loading=\"lazy\" decoding=\"async\" title=\"Largura de coluna de 3 conjuntos\" src=\"https:\/\/exceladvisor.org\/wp-content\/uploads\/2023\/08\/3-definir-la-largeur-de-la-colonne.png\" sizes=\"auto, \" srcset=\"\" alt=\"set-the-column-width\" width=\"455\" height=\"352\"><\/li><li> A partir daqui, voc\u00ea precisa navegar at\u00e9 a guia P\u00e1gina inicial. <br><img loading=\"lazy\" decoding=\"async\" title=\"Guia de 4 p\u00e1ginas iniciais\" src=\"https:\/\/exceladvisor.org\/wp-content\/uploads\/2023\/08\/4-onglet-daccueil.png\" sizes=\"auto, \" srcset=\"\" alt=\"home-tab\" width=\"343\" height=\"226\"><\/li><li> Agora, na guia inicial, voc\u00ea precisa ir para o grupo de edi\u00e7\u00e3o e clicar no menu suspenso de preenchimento. <br><img loading=\"lazy\" decoding=\"async\" title=\"Assembleia de 5 grupos\" src=\"https:\/\/exceladvisor.org\/wp-content\/uploads\/2023\/08\/5-groupe-dedition.png\" sizes=\"auto, \" srcset=\"\" alt=\"editing-group\" width=\"447\" height=\"322\"><\/li><li> Em seguida, na lista suspensa de preenchimento, voc\u00ea precisa clicar na op\u00e7\u00e3o \u201cJustificar\u201d. <br><img loading=\"lazy\" decoding=\"async\" title=\"Op\u00e7\u00e3o de justifica\u00e7\u00e3o em 6 cliques\" src=\"https:\/\/exceladvisor.org\/wp-content\/uploads\/2023\/08\/Option-de-justification-en-6-clics.png\" sizes=\"auto, \" srcset=\"\" alt=\"click-justify-option\" width=\"444\" height=\"464\"><\/li><\/ol><p> No momento em que voc\u00ea clicar em \u201cJustificar\u201d, os valores de todas as c\u00e9lulas ser\u00e3o mesclados em uma \u00fanica c\u00e9lula, ou seja, A1. <\/p><div class=\"wp-block-image\"><figure class=\"aligncenter size-full is-resized\"><img loading=\"lazy\" decoding=\"async\" class=\"wp-image-72458\" src=\"https:\/\/exceladvisor.org\/wp-content\/uploads\/2023\/08\/7-valeurs-fusionnees-en-utilisant-justifier.png\" sizes=\"auto, \" srcset=\"\" alt=\"valores mesclados usando justificar\" width=\"466\" height=\"382\"><\/figure><\/div><p> Como eu disse anteriormente, voc\u00ea precisa ter certeza de que a <strong><mark class=\"has-inline-color\" style=\"background-color: #fdde6c;\">largura da coluna deve ser suficiente<\/mark><\/strong> para que ela possa mesclar todos os valores em uma \u00fanica c\u00e9lula. Caso contr\u00e1rio, o restante dos valores ser\u00e1 dividido na segunda c\u00e9lula. <\/p><div class=\"wp-block-image\"><figure class=\"aligncenter size-full is-resized\"><img loading=\"lazy\" decoding=\"async\" class=\"wp-image-72459\" src=\"https:\/\/exceladvisor.org\/wp-content\/uploads\/2023\/08\/8-valeurs-deplacees-vers-la-deuxieme-cellule.png\" sizes=\"auto, \" srcset=\"\" alt=\"valores movidos para a segunda c\u00e9lula\" width=\"414\" height=\"391\"><\/figure><\/div><h2 class=\"wp-block-heading\"> F\u00f3rmulas para mesclar c\u00e9lulas com dados perdidos (CONCATENATE e TEXTJOIN)<\/h2><p> Se voc\u00ea deseja mesclar c\u00e9lulas em tempo real e tamb\u00e9m n\u00e3o quer perder dados. A melhor maneira \u00e9 <a href=\"https:\/\/exceladvisor.org\/pt\/concatenar-um-intervalo-de-celulas\/\">usar uma f\u00f3rmula<\/a> . E no Excel temos duas fun\u00e7\u00f5es diferentes para criar essas f\u00f3rmulas.<\/p><p> Dentre esses dois, o meu preferido \u00e9 o TEXTJOIN, \u00e9 uma fun\u00e7\u00e3o nova e f\u00e1cil de usar se comparada ao CONCATENATE. <\/p><div class=\"wp-block-image\"><figure class=\"aligncenter size-full is-resized\"><img loading=\"lazy\" decoding=\"async\" class=\"wp-image-72460\" src=\"https:\/\/exceladvisor.org\/wp-content\/uploads\/2023\/08\/9-textjoin-pour-fusionner-les-valeurs-des-cellules.png\" sizes=\"auto, \" srcset=\"\" alt=\"textjoin-to-merge-cell-values\" width=\"469\" height=\"433\"><\/figure><\/div><pre class=\"wp-block-code\"> <code class=\"language-excel-formula line-numbers\" lang=\"excel-formula\">=TEXTJOIN(\" \",TRUE,A1:A5)<\/code><\/pre><p> TEXTJOIN possui tr\u00eas argumentos que voc\u00ea deve definir:<\/p><ul><li> <strong>delimitador<\/strong> : voc\u00ea pode usar um delimitador que deseja adicionar entre os valores que deseja mesclar em uma \u00fanica c\u00e9lula.<\/li><li> <strong>ignore_empty<\/strong> : TRUE ou FALSE para definir se voc\u00ea deseja ou n\u00e3o ignorar c\u00e9lulas vazias.<\/li><li> <strong>range_array<\/strong> : um intervalo\/matriz do qual voc\u00ea deseja mesclar valores.<\/li><\/ul><p> E da mesma forma, voc\u00ea pode usar CONCATENATE para criar uma f\u00f3rmula para mesclar valores em uma \u00fanica c\u00e9lula. <\/p><div class=\"wp-block-image\"><figure class=\"aligncenter size-full is-resized\"><img loading=\"lazy\" decoding=\"async\" class=\"wp-image-72461\" src=\"https:\/\/exceladvisor.org\/wp-content\/uploads\/2023\/08\/10-concatener-pour-fusionner-les-valeurs-des-cellules.png\" sizes=\"auto, \" srcset=\"\" alt=\"concatenar para mesclar valores de c\u00e9lulas\" width=\"580\" height=\"349\"><\/figure><\/div><p class=\"formula\"> =CONCATENAR(A1,\u201d \u201c,A2,\u201d \u201c,A3,\u201d \u201c,A4,\u201d \u201c,A5)<\/p><h2 class=\"wp-block-heading\"> C\u00f3digo VBA para mesclar valores em uma c\u00e9lula sem perder dados<\/h2><p> Voc\u00ea pode usar o c\u00f3digo VBA para mesclar v\u00e1rias c\u00e9lulas e n\u00e3o perder dados. Abaixo temos um c\u00f3digo que voc\u00ea pode usar.<\/p><pre class=\"wp-block-code\"> <code class=\"language-visual-basic\" lang=\"visual-basic\">Sub vba_merge_with_values() Dim val As String Dim rng As Range Set rng = Selection For Each Cell In rng val = val &amp; \" \" &amp; Cell.Value Next Cell With rng .Merge .Value = Trim(val) .WrapText = True .HorizontalAlignment = xlCenter .VerticalAlignment = xlCenter End With End Sub<\/code><\/pre><p> Para usar este c\u00f3digo, voc\u00ea precisa selecionar o intervalo que deseja mesclar e, em seguida, <a href=\"https:\/\/exceladvisor.org\/pt\/executar-uma-macro-2\/\">executar este c\u00f3digo<\/a> . <\/p><div class=\"wp-block-image\"><figure class=\"aligncenter size-full is-resized\"><img loading=\"lazy\" decoding=\"async\" class=\"wp-image-72462\" src=\"https:\/\/exceladvisor.org\/wp-content\/uploads\/2023\/08\/11-code-vba-pour-fusionner-les-valeurs.png\" sizes=\"auto, \" srcset=\"\" alt=\"c\u00f3digo vba para mesclar valores\" width=\"608\" height=\"588\"><\/figure><\/div><p> Este c\u00f3digo pega valores de todas as c\u00e9lulas uma por uma e ent\u00e3o mescla todas essas c\u00e9lulas e ent\u00e3o adiciona esse valor combinado na c\u00e9lula mesclada como voc\u00ea pode ver no exemplo acima <em>(h\u00e1 uma coisa que voc\u00ea deve saber ao executar um c\u00f3digo que voc\u00ea n\u00e3o pode use a op\u00e7\u00e3o desfazer)<\/em> .<\/p><div class=\"gb-container gb-container-4db6181c gb-container-mt\"> <a class=\"gb-button gb-button-c5897111 gb-button-text gb-button-mt-button\" href=\"https:\/\/exceladvisor.org\/pt\/excel-avancado\/\">Tutoriais avan\u00e7ados de Excel<\/a><h2 class=\"gb-headline gb-headline-665e5f6b gb-headline-text gb-headline-mt-heading\"> Tutoriais relacionados <\/h2><div class=\"gb-grid-wrapper gb-grid-wrapper-a20baf7c gb-grid-wrapper-mt-grid\"><div class=\"gb-grid-column gb-grid-column-65ddf67e\"><div class=\"gb-container gb-container-65ddf67e\"><ul><li> <a href=\"https:\/\/exceladvisor.org\/pt\/ferramenta-de-analise-rapida\/\">Ferramenta de an\u00e1lise r\u00e1pida no Excel<\/a><\/li><li> <a href=\"https:\/\/exceladvisor.org\/pt\/aplicar-varios-filtros\/\">Aplicar v\u00e1rios filtros \u00e0s colunas<\/a><\/li><li> <a href=\"https:\/\/exceladvisor.org\/pt\/destacar-valores-superiores-inferiores\/\">Destaque os valores N superiores e inferiores no Excel<\/a><\/li><li> <a href=\"https:\/\/exceladvisor.org\/pt\/caixa-de-selecao\/\">Insira uma caixa de sele\u00e7\u00e3o no Excel<\/a><\/li><li> <a href=\"https:\/\/exceladvisor.org\/pt\/colar-especial-multiplicar\/\">Multiplique no Excel usando Colar Especial<\/a><\/li><\/ul><\/div><\/div><\/div><\/div>","protected":false},"excerpt":{"rendered":"","protected":false},"author":1,"featured_media":0,"parent":0,"menu_order":0,"comment_status":"open","ping_status":"closed","template":"","meta":{"ub_ctt_via":"","footnotes":""},"class_list":["post-409","page","type-page","status-publish","hentry"],"featured_image_src":null,"yoast_head":"<!-- This site is optimized with the Yoast SEO plugin v25.4 - https:\/\/yoast.com\/wordpress\/plugins\/seo\/ -->\n<title>\u25b7 Como mesclar c\u00e9lulas sem perder dados?<\/title>\n<meta name=\"description\" content=\"Neste tutorial, aprenderemos como mesclar v\u00e1rias c\u00e9lulas em uma sem perder dados\u2026\" \/>\n<meta name=\"robots\" content=\"index, follow, max-snippet:-1, max-image-preview:large, max-video-preview:-1\" \/>\n<link rel=\"canonical\" href=\"https:\/\/exceladvisor.org\/pt\/mesclar-celulas-sem-perder-dados\/\" \/>\n<meta property=\"og:locale\" content=\"pt_PT\" \/>\n<meta property=\"og:type\" content=\"article\" \/>\n<meta property=\"og:title\" content=\"\u25b7 Como mesclar c\u00e9lulas sem perder dados?\" \/>\n<meta property=\"og:description\" content=\"Neste tutorial, aprenderemos como mesclar v\u00e1rias c\u00e9lulas em uma sem perder dados\u2026\" \/>\n<meta property=\"og:url\" content=\"https:\/\/exceladvisor.org\/pt\/mesclar-celulas-sem-perder-dados\/\" \/>\n<meta property=\"og:site_name\" content=\"Excel Advisor\" \/>\n<meta property=\"article:modified_time\" content=\"2023-12-06T11:38:24+00:00\" \/>\n<meta property=\"og:image\" content=\"https:\/\/exceladvisor.org\/wp-content\/uploads\/2023\/08\/1-fusionner-des-cellules.png\" \/>\n<meta name=\"twitter:card\" content=\"summary_large_image\" \/>\n<meta name=\"twitter:label1\" content=\"Tempo estimado de leitura\" \/>\n\t<meta name=\"twitter:data1\" content=\"3 minutos\" \/>\n<script type=\"application\/ld+json\" class=\"yoast-schema-graph\">{\"@context\":\"https:\/\/schema.org\",\"@graph\":[{\"@type\":\"WebPage\",\"@id\":\"https:\/\/exceladvisor.org\/pt\/mesclar-celulas-sem-perder-dados\/\",\"url\":\"https:\/\/exceladvisor.org\/pt\/mesclar-celulas-sem-perder-dados\/\",\"name\":\"\u25b7 Como mesclar c\u00e9lulas sem perder dados?\",\"isPartOf\":{\"@id\":\"https:\/\/exceladvisor.org\/pt\/#website\"},\"primaryImageOfPage\":{\"@id\":\"https:\/\/exceladvisor.org\/pt\/mesclar-celulas-sem-perder-dados\/#primaryimage\"},\"image\":{\"@id\":\"https:\/\/exceladvisor.org\/pt\/mesclar-celulas-sem-perder-dados\/#primaryimage\"},\"thumbnailUrl\":\"https:\/\/exceladvisor.org\/wp-content\/uploads\/2023\/08\/1-fusionner-des-cellules.png\",\"datePublished\":\"2023-10-30T09:21:02+00:00\",\"dateModified\":\"2023-12-06T11:38:24+00:00\",\"description\":\"Neste tutorial, aprenderemos como mesclar v\u00e1rias c\u00e9lulas em uma sem perder dados\u2026\",\"breadcrumb\":{\"@id\":\"https:\/\/exceladvisor.org\/pt\/mesclar-celulas-sem-perder-dados\/#breadcrumb\"},\"inLanguage\":\"pt-PT\",\"potentialAction\":[{\"@type\":\"ReadAction\",\"target\":[\"https:\/\/exceladvisor.org\/pt\/mesclar-celulas-sem-perder-dados\/\"]}]},{\"@type\":\"ImageObject\",\"inLanguage\":\"pt-PT\",\"@id\":\"https:\/\/exceladvisor.org\/pt\/mesclar-celulas-sem-perder-dados\/#primaryimage\",\"url\":\"https:\/\/exceladvisor.org\/wp-content\/uploads\/2023\/08\/1-fusionner-des-cellules.png\",\"contentUrl\":\"https:\/\/exceladvisor.org\/wp-content\/uploads\/2023\/08\/1-fusionner-des-cellules.png\"},{\"@type\":\"BreadcrumbList\",\"@id\":\"https:\/\/exceladvisor.org\/pt\/mesclar-celulas-sem-perder-dados\/#breadcrumb\",\"itemListElement\":[{\"@type\":\"ListItem\",\"position\":1,\"name\":\"Lar\",\"item\":\"https:\/\/exceladvisor.org\/pt\/\"},{\"@type\":\"ListItem\",\"position\":2,\"name\":\"Como mesclar c\u00e9lulas sem perder dados?\"}]},{\"@type\":\"WebSite\",\"@id\":\"https:\/\/exceladvisor.org\/pt\/#website\",\"url\":\"https:\/\/exceladvisor.org\/pt\/\",\"name\":\"Excel Advisor\",\"description\":\"O seu guia definitivo para dominar os dados!\",\"publisher\":{\"@id\":\"https:\/\/exceladvisor.org\/pt\/#organization\"},\"potentialAction\":[{\"@type\":\"SearchAction\",\"target\":{\"@type\":\"EntryPoint\",\"urlTemplate\":\"https:\/\/exceladvisor.org\/pt\/?s={search_term_string}\"},\"query-input\":{\"@type\":\"PropertyValueSpecification\",\"valueRequired\":true,\"valueName\":\"search_term_string\"}}],\"inLanguage\":\"pt-PT\"},{\"@type\":\"Organization\",\"@id\":\"https:\/\/exceladvisor.org\/pt\/#organization\",\"name\":\"Excel Advisor\",\"url\":\"https:\/\/exceladvisor.org\/pt\/\",\"logo\":{\"@type\":\"ImageObject\",\"inLanguage\":\"pt-PT\",\"@id\":\"https:\/\/exceladvisor.org\/pt\/#\/schema\/logo\/image\/\",\"url\":\"https:\/\/exceladvisor.org\/pt\/wp-content\/uploads\/2023\/12\/exceladvisor.org_.png\",\"contentUrl\":\"https:\/\/exceladvisor.org\/pt\/wp-content\/uploads\/2023\/12\/exceladvisor.org_.png\",\"width\":105,\"height\":36,\"caption\":\"Excel Advisor\"},\"image\":{\"@id\":\"https:\/\/exceladvisor.org\/pt\/#\/schema\/logo\/image\/\"}}]}<\/script>\n<!-- \/ Yoast SEO plugin. -->","yoast_head_json":{"title":"\u25b7 Como mesclar c\u00e9lulas sem perder dados?","description":"Neste tutorial, aprenderemos como mesclar v\u00e1rias c\u00e9lulas em uma sem perder dados\u2026","robots":{"index":"index","follow":"follow","max-snippet":"max-snippet:-1","max-image-preview":"max-image-preview:large","max-video-preview":"max-video-preview:-1"},"canonical":"https:\/\/exceladvisor.org\/pt\/mesclar-celulas-sem-perder-dados\/","og_locale":"pt_PT","og_type":"article","og_title":"\u25b7 Como mesclar c\u00e9lulas sem perder dados?","og_description":"Neste tutorial, aprenderemos como mesclar v\u00e1rias c\u00e9lulas em uma sem perder dados\u2026","og_url":"https:\/\/exceladvisor.org\/pt\/mesclar-celulas-sem-perder-dados\/","og_site_name":"Excel Advisor","article_modified_time":"2023-12-06T11:38:24+00:00","og_image":[{"url":"https:\/\/exceladvisor.org\/wp-content\/uploads\/2023\/08\/1-fusionner-des-cellules.png","type":"","width":"","height":""}],"twitter_card":"summary_large_image","twitter_misc":{"Tempo estimado de leitura":"3 minutos"},"schema":{"@context":"https:\/\/schema.org","@graph":[{"@type":"WebPage","@id":"https:\/\/exceladvisor.org\/pt\/mesclar-celulas-sem-perder-dados\/","url":"https:\/\/exceladvisor.org\/pt\/mesclar-celulas-sem-perder-dados\/","name":"\u25b7 Como mesclar c\u00e9lulas sem perder dados?","isPartOf":{"@id":"https:\/\/exceladvisor.org\/pt\/#website"},"primaryImageOfPage":{"@id":"https:\/\/exceladvisor.org\/pt\/mesclar-celulas-sem-perder-dados\/#primaryimage"},"image":{"@id":"https:\/\/exceladvisor.org\/pt\/mesclar-celulas-sem-perder-dados\/#primaryimage"},"thumbnailUrl":"https:\/\/exceladvisor.org\/wp-content\/uploads\/2023\/08\/1-fusionner-des-cellules.png","datePublished":"2023-10-30T09:21:02+00:00","dateModified":"2023-12-06T11:38:24+00:00","description":"Neste tutorial, aprenderemos como mesclar v\u00e1rias c\u00e9lulas em uma sem perder dados\u2026","breadcrumb":{"@id":"https:\/\/exceladvisor.org\/pt\/mesclar-celulas-sem-perder-dados\/#breadcrumb"},"inLanguage":"pt-PT","potentialAction":[{"@type":"ReadAction","target":["https:\/\/exceladvisor.org\/pt\/mesclar-celulas-sem-perder-dados\/"]}]},{"@type":"ImageObject","inLanguage":"pt-PT","@id":"https:\/\/exceladvisor.org\/pt\/mesclar-celulas-sem-perder-dados\/#primaryimage","url":"https:\/\/exceladvisor.org\/wp-content\/uploads\/2023\/08\/1-fusionner-des-cellules.png","contentUrl":"https:\/\/exceladvisor.org\/wp-content\/uploads\/2023\/08\/1-fusionner-des-cellules.png"},{"@type":"BreadcrumbList","@id":"https:\/\/exceladvisor.org\/pt\/mesclar-celulas-sem-perder-dados\/#breadcrumb","itemListElement":[{"@type":"ListItem","position":1,"name":"Lar","item":"https:\/\/exceladvisor.org\/pt\/"},{"@type":"ListItem","position":2,"name":"Como mesclar c\u00e9lulas sem perder dados?"}]},{"@type":"WebSite","@id":"https:\/\/exceladvisor.org\/pt\/#website","url":"https:\/\/exceladvisor.org\/pt\/","name":"Excel Advisor","description":"O seu guia definitivo para dominar os dados!","publisher":{"@id":"https:\/\/exceladvisor.org\/pt\/#organization"},"potentialAction":[{"@type":"SearchAction","target":{"@type":"EntryPoint","urlTemplate":"https:\/\/exceladvisor.org\/pt\/?s={search_term_string}"},"query-input":{"@type":"PropertyValueSpecification","valueRequired":true,"valueName":"search_term_string"}}],"inLanguage":"pt-PT"},{"@type":"Organization","@id":"https:\/\/exceladvisor.org\/pt\/#organization","name":"Excel Advisor","url":"https:\/\/exceladvisor.org\/pt\/","logo":{"@type":"ImageObject","inLanguage":"pt-PT","@id":"https:\/\/exceladvisor.org\/pt\/#\/schema\/logo\/image\/","url":"https:\/\/exceladvisor.org\/pt\/wp-content\/uploads\/2023\/12\/exceladvisor.org_.png","contentUrl":"https:\/\/exceladvisor.org\/pt\/wp-content\/uploads\/2023\/12\/exceladvisor.org_.png","width":105,"height":36,"caption":"Excel Advisor"},"image":{"@id":"https:\/\/exceladvisor.org\/pt\/#\/schema\/logo\/image\/"}}]}},"yoast_meta":{"yoast_wpseo_title":"","yoast_wpseo_metadesc":"","yoast_wpseo_canonical":""},"_links":{"self":[{"href":"https:\/\/exceladvisor.org\/pt\/wp-json\/wp\/v2\/pages\/409","targetHints":{"allow":["GET"]}}],"collection":[{"href":"https:\/\/exceladvisor.org\/pt\/wp-json\/wp\/v2\/pages"}],"about":[{"href":"https:\/\/exceladvisor.org\/pt\/wp-json\/wp\/v2\/types\/page"}],"author":[{"embeddable":true,"href":"https:\/\/exceladvisor.org\/pt\/wp-json\/wp\/v2\/users\/1"}],"replies":[{"embeddable":true,"href":"https:\/\/exceladvisor.org\/pt\/wp-json\/wp\/v2\/comments?post=409"}],"version-history":[{"count":1,"href":"https:\/\/exceladvisor.org\/pt\/wp-json\/wp\/v2\/pages\/409\/revisions"}],"predecessor-version":[{"id":1121,"href":"https:\/\/exceladvisor.org\/pt\/wp-json\/wp\/v2\/pages\/409\/revisions\/1121"}],"wp:attachment":[{"href":"https:\/\/exceladvisor.org\/pt\/wp-json\/wp\/v2\/media?parent=409"}],"curies":[{"name":"wp","href":"https:\/\/api.w.org\/{rel}","templated":true}]}}