{"id":410,"date":"2023-10-30T09:18:58","date_gmt":"2023-10-30T09:18:58","guid":{"rendered":"https:\/\/exceladvisor.org\/pt\/alterar-formato-de-data\/"},"modified":"2023-12-06T11:34:31","modified_gmt":"2023-12-06T11:34:31","slug":"alterar-formato-de-data","status":"publish","type":"page","link":"https:\/\/exceladvisor.org\/pt\/alterar-formato-de-data\/","title":{"rendered":"Como alterar o formato da data no excel?"},"content":{"rendered":"<div class=\"excel-before-content-2\" id=\"excel-1492122676\"><script type=\"text\/javascript\">\r\n\tatOptions = {\r\n\t\t'key' : 'c1158f160081d6540a8409e6925dab94',\r\n\t\t'format' : 'iframe',\r\n\t\t'height' : 250,\r\n\t\t'width' : 300,\r\n\t\t'params' : {}\r\n\t};\r\n<\/script>\r\n<script type=\"text\/javascript\" src=\"\/\/www.highperformanceformat.com\/c1158f160081d6540a8409e6925dab94\/invoke.js\"><\/script><\/div><div class=\"excel-before-content\" id=\"excel-1707269030\"><script type=\"text\/javascript\">\r\n\tatOptions = {\r\n\t\t'key' : 'c1158f160081d6540a8409e6925dab94',\r\n\t\t'format' : 'iframe',\r\n\t\t'height' : 250,\r\n\t\t'width' : 300,\r\n\t\t'params' : {}\r\n\t};\r\n<\/script>\r\n<script type=\"text\/javascript\" src=\"\/\/www.highperformanceformat.com\/c1158f160081d6540a8409e6925dab94\/invoke.js\"><\/script><\/div> <p>Uma das melhores coisas do Excel \u00e9 que voc\u00ea pode alterar os formatos de data e aplicar um formato de acordo com sua necessidade ou como deseja mostr\u00e1-lo ao usu\u00e1rio.<\/p><p> Neste tutorial aprenderemos como alterar o formato da data, pois \u00e9 muito importante analisar vendas, lucros e eventos.<\/p><h2 class=\"wp-block-heading\"> <strong>Etapas para alterar o formato de data no Excel<\/strong><\/h2><p> Abaixo est\u00e3o as etapas para alterar rapidamente o formato da data no Excel.<\/p><ol><li> Primeiro, selecione a c\u00e9lula ou intervalo de c\u00e9lulas cujo formato de data voc\u00ea deseja alterar.<\/li><li> Em seguida, v\u00e1 at\u00e9 a aba \u201c <strong>Home<\/strong> \u201d e clique no grupo \u201c <strong>N\u00famero<\/strong> \u201d.<\/li><li> Depois disso, clique na lista suspensa Personalizado no grupo de n\u00fameros e as op\u00e7\u00f5es \u201c <strong>Data longa<\/strong> \u201d e \u201c <strong>Data curta<\/strong> \u201d aparecer\u00e3o. <br><img loading=\"lazy\" decoding=\"async\" title=\"1-selecionar-data curta-longa\" src=\"https:\/\/exceladvisor.org\/wp-content\/uploads\/2023\/08\/1-selectionner-une-date-longue-courte.png\" sizes=\"auto, \" srcset=\"\" alt=\"select-short-long-date-date-format\" width=\"801\" height=\"446\"><\/li><li> O formato de data longo \u00e9 exibido como (02 de janeiro de 2000) e a data abreviada \u00e9 como (02-01-22). Voc\u00ea pode escolher um.<\/li><\/ol><p> Existe a op\u00e7\u00e3o \u201c <strong>Mais formatos de n\u00famero<\/strong> \u201d localizada na parte inferior. Clique aqui para obter mais formatos de data. <\/p><div class=\"wp-block-image\"><figure class=\"aligncenter size-full is-resized\"><img loading=\"lazy\" decoding=\"async\" class=\"wp-image-70664\" src=\"https:\/\/exceladvisor.org\/wp-content\/uploads\/2023\/08\/2-autres-formats-de-nombres.png\" sizes=\"auto, \" srcset=\"\" alt=\"clique em mais formatos de n\u00famero\" width=\"726\" height=\"473\"><\/figure><\/div><p> Depois de clicar, a janela Formatar c\u00e9lulas \u00e9 aberta e voc\u00ea precisa escolher a categoria Data. <\/p><div class=\"wp-block-image\"><figure class=\"aligncenter size-full is-resized\"><img loading=\"lazy\" decoding=\"async\" class=\"wp-image-70665\" src=\"https:\/\/exceladvisor.org\/wp-content\/uploads\/2023\/08\/3-boite-de-dialogue-avec-les-formats.png\" sizes=\"auto, \" srcset=\"\" alt=\"caixa de di\u00e1logo com formatos de data\" width=\"548\" height=\"542\"><\/figure><\/div><p> Aqui est\u00e3o os tipos de formato de data, locais e idioma mostrados em seu exemplo. Voc\u00ea pode selecionar o formato espec\u00edfico e ele exibir\u00e1 a amostra que lhe dar\u00e1 uma ideia de como ficar\u00e1 na planilha.<\/p><p> Ao final, clique no bot\u00e3o \u201c <strong>OK<\/strong> \u201d ap\u00f3s finalizar o formato de data que deseja utilizar. <\/p><div class=\"wp-block-image\"><figure class=\"aligncenter size-full is-resized\"><img decoding=\"async\" class=\"wp-image-70666\" src=\"https:\/\/exceladvisor.org\/wp-content\/uploads\/2023\/08\/4-format-final-et-ok.png\" sizes=\"\" srcset=\"\" alt=\"selecione-formato-final-formato-data\" width=\"-387\" height=\"-249\"><\/figure><\/div><h2 class=\"wp-block-heading\"> <strong>Crie seu pr\u00f3prio formato de data personalizado<\/strong><\/h2><p> Sem d\u00favida, existem v\u00e1rios formatos dispon\u00edveis por padr\u00e3o. Mas se quiser criar o formato conforme sua necessidade, voc\u00ea pode cri\u00e1-lo usando c\u00f3digos espec\u00edficos.<\/p><ol><li style=\"list-style-type: none;\"><ol><li> Para fazer isso, voc\u00ea deve primeiro selecionar o intervalo de c\u00e9lulas que cont\u00e9m as datas.<\/li><li> Em seguida, pressione <a href=\"https:\/\/exceladvisor.org\/pt\/a\/\">( <strong>Ctrl+1<\/strong> ) para abrir a caixa de di\u00e1logo Formatar c\u00e9lulas<\/a> e clique na op\u00e7\u00e3o \u201cPersonalizado\u201d que est\u00e1 na parte inferior da lista de categorias. <br><img loading=\"lazy\" decoding=\"async\" title=\"5 op\u00e7\u00f5es personalizadas\" src=\"https:\/\/exceladvisor.org\/wp-content\/uploads\/2023\/08\/5-options-personnalisees.png\" sizes=\"auto, \" srcset=\"\" alt=\"use-custom-option-date-format\" width=\"902\" height=\"662\"><\/li><li> Agora voc\u00ea notar\u00e1 que existe um c\u00f3digo espec\u00edfico na <strong>caixa de texto Tipo<\/strong> e voc\u00ea pode recriar ou modificar esse c\u00f3digo para criar seu pr\u00f3prio formato.<\/li><li> Depois de fazer isso, clique em \u201cOk\u201d e as c\u00e9lulas selecionadas mudar\u00e3o para o novo formato. <\/li><\/ol><\/li><\/ol><p><img loading=\"lazy\" decoding=\"async\" title=\"6 amostras mostram e ok\" src=\"https:\/\/exceladvisor.org\/wp-content\/uploads\/2023\/08\/6-exemples-de-spectacle-et-ok.png\" sizes=\"auto, \" srcset=\"\" alt=\"check-sample-date-format\" width=\"593\" height=\"591\"><\/p><p> No momento em que voc\u00ea clica em OK, o formato da data muda para o formato personalizado que especifiquei. <\/p><div class=\"wp-block-image\"><figure class=\"aligncenter size-full is-resized\"><img loading=\"lazy\" decoding=\"async\" class=\"wp-image-70669\" src=\"https:\/\/exceladvisor.org\/wp-content\/uploads\/2023\/08\/7-ecran-final.png\" sizes=\"auto, \" srcset=\"\" alt=\"tela final com formato de data\" width=\"351\" height=\"316\"><\/figure><\/div><p> Voc\u00ea pode usar a tabela a seguir para <a href=\"https:\/\/exceladvisor.org\/pt\/formatos-de-data-personalizados\/\">criar sua data personalizada<\/a> . <\/p><figure class=\"wp-block-table\"><table class=\"mtr-table mtr-tr-td\"><tbody><tr><td class=\"mtr-td-tag\" data-mtr-content=\"Code\"><div class=\"mtr-cell-content\"> <strong>Codificado<\/strong><\/div><\/td><td class=\"mtr-td-tag\" data-mtr-content=\"Describes:\"><div class=\"mtr-cell-content\"> <strong>Descri\u00e7\u00e3o:<\/strong><\/div><\/td><td class=\"mtr-td-tag\" data-mtr-content=\"Example\"><div class=\"mtr-cell-content\"><strong>Exemplo<\/strong><\/div><\/td><\/tr><tr><td class=\"mtr-td-tag\" data-mtr-content=\"Code\"><div class=\"mtr-cell-content\"> nenhuma palavra<\/div><\/td><td class=\"mtr-td-tag\" data-mtr-content=\"Describes:\"><div class=\"mtr-cell-content\"> N\u00famero do dia<\/div><\/td><td class=\"mtr-td-tag\" data-mtr-content=\"Example\"><div class=\"mtr-cell-content\"> 01<\/div><\/td><\/tr><tr><td class=\"mtr-td-tag\" data-mtr-content=\"Code\"><div class=\"mtr-cell-content\"> mil\u00edmetro<\/div><\/td><td class=\"mtr-td-tag\" data-mtr-content=\"Describes:\"><div class=\"mtr-cell-content\"> N\u00famero do m\u00eas<\/div><\/td><td class=\"mtr-td-tag\" data-mtr-content=\"Example\"><div class=\"mtr-cell-content\"> 02<\/div><\/td><\/tr><tr><td class=\"mtr-td-tag\" data-mtr-content=\"Code\"><div class=\"mtr-cell-content\"> aaa<\/div><\/td><td class=\"mtr-td-tag\" data-mtr-content=\"Describes:\"><div class=\"mtr-cell-content\"> Ano completo<\/div><\/td><td class=\"mtr-td-tag\" data-mtr-content=\"Example\"><div class=\"mtr-cell-content\"> 2022<\/div><\/td><\/tr><tr><td class=\"mtr-td-tag\" data-mtr-content=\"Code\"><div class=\"mtr-cell-content\"> mmm<\/div><\/td><td class=\"mtr-td-tag\" data-mtr-content=\"Describes:\"><div class=\"mtr-cell-content\"> Nome do m\u00eas (curto)<\/div><\/td><td class=\"mtr-td-tag\" data-mtr-content=\"Example\"><div class=\"mtr-cell-content\"> janeiro<\/div><\/td><\/tr><tr><td class=\"mtr-td-tag\" data-mtr-content=\"Code\"><div class=\"mtr-cell-content\"> ah<\/div><\/td><td class=\"mtr-td-tag\" data-mtr-content=\"Describes:\"><div class=\"mtr-cell-content\"> Dois \u00faltimos d\u00edgitos do ano<\/div><\/td><td class=\"mtr-td-tag\" data-mtr-content=\"Example\"><div class=\"mtr-cell-content\"> 22 <\/div><\/td><\/tr><\/tbody><\/table><\/figure><div class=\"gb-container gb-container-4db6181c gb-container-mt\"> <a class=\"gb-button gb-button-c5897111 gb-button-text gb-button-mt-button\" href=\"https:\/\/exceladvisor.org\/pt\/nocoes-basicas-de-excel\/\">No\u00e7\u00f5es b\u00e1sicas do Microsoft Excel (componentes, pe\u00e7as e notas de conhecimento)<\/a><h2 class=\"gb-headline gb-headline-665e5f6b gb-headline-text gb-headline-mt-heading\"> Tutoriais relacionados <\/h2><div class=\"gb-grid-wrapper gb-grid-wrapper-a20baf7c gb-grid-wrapper-mt-grid\"><div class=\"gb-grid-column gb-grid-column-65ddf67e\"><div class=\"gb-container gb-container-65ddf67e\"><ul><li> <a href=\"https:\/\/exceladvisor.org\/pt\/formato-de-numero-contabil\/\">Aplicar formato de n\u00famero cont\u00e1bil no Excel<\/a><\/li><li> <a href=\"https:\/\/exceladvisor.org\/pt\/cor-da-celula\/\">Aplicar cor de fundo a uma c\u00e9lula ou a toda a planilha no Excel<\/a><\/li><li> <a href=\"https:\/\/exceladvisor.org\/pt\/a-grade\/\">Imprimir linhas de grade do Excel (excluir, encurtar e alterar cor)<\/a><\/li><li> <a href=\"https:\/\/exceladvisor.org\/pt\/adicione-um-numero-de-pagina\/\">Adicione um n\u00famero de p\u00e1gina no Excel<\/a> <\/li><\/ul><\/div><\/div><div class=\"gb-grid-column gb-grid-column-50067b57\"><div class=\"gb-container gb-container-50067b57\"><\/div><\/div><\/div><\/div>","protected":false},"excerpt":{"rendered":"","protected":false},"author":1,"featured_media":0,"parent":0,"menu_order":0,"comment_status":"open","ping_status":"closed","template":"","meta":{"ub_ctt_via":"","footnotes":""},"class_list":["post-410","page","type-page","status-publish","hentry"],"featured_image_src":null,"yoast_head":"<!-- This site is optimized with the Yoast SEO plugin v25.4 - https:\/\/yoast.com\/wordpress\/plugins\/seo\/ -->\n<title>Alterar formato de data no Excel (curto, longo e personalizado)<\/title>\n<meta name=\"description\" content=\"Uma das melhores coisas do Excel \u00e9 que voc\u00ea pode alterar os formatos de data e aplicar um formato de acordo com suas necessidades...\" \/>\n<meta name=\"robots\" content=\"index, follow, max-snippet:-1, max-image-preview:large, max-video-preview:-1\" \/>\n<link rel=\"canonical\" href=\"https:\/\/exceladvisor.org\/pt\/alterar-formato-de-data\/\" \/>\n<meta property=\"og:locale\" content=\"pt_PT\" \/>\n<meta property=\"og:type\" content=\"article\" \/>\n<meta property=\"og:title\" content=\"Alterar formato de data no Excel (curto, longo e personalizado)\" \/>\n<meta property=\"og:description\" content=\"Uma das melhores coisas do Excel \u00e9 que voc\u00ea pode alterar os formatos de data e aplicar um formato de acordo com suas necessidades...\" \/>\n<meta property=\"og:url\" content=\"https:\/\/exceladvisor.org\/pt\/alterar-formato-de-data\/\" \/>\n<meta property=\"og:site_name\" content=\"Excel Advisor\" \/>\n<meta property=\"article:modified_time\" content=\"2023-12-06T11:34:31+00:00\" \/>\n<meta property=\"og:image\" content=\"https:\/\/exceladvisor.org\/wp-content\/uploads\/2023\/08\/1-selectionner-une-date-longue-courte.png\" \/>\n<meta name=\"twitter:card\" content=\"summary_large_image\" \/>\n<meta name=\"twitter:label1\" content=\"Tempo estimado de leitura\" \/>\n\t<meta name=\"twitter:data1\" content=\"2 minutos\" \/>\n<script type=\"application\/ld+json\" class=\"yoast-schema-graph\">{\"@context\":\"https:\/\/schema.org\",\"@graph\":[{\"@type\":\"WebPage\",\"@id\":\"https:\/\/exceladvisor.org\/pt\/alterar-formato-de-data\/\",\"url\":\"https:\/\/exceladvisor.org\/pt\/alterar-formato-de-data\/\",\"name\":\"Alterar formato de data no Excel (curto, longo e personalizado)\",\"isPartOf\":{\"@id\":\"https:\/\/exceladvisor.org\/pt\/#website\"},\"primaryImageOfPage\":{\"@id\":\"https:\/\/exceladvisor.org\/pt\/alterar-formato-de-data\/#primaryimage\"},\"image\":{\"@id\":\"https:\/\/exceladvisor.org\/pt\/alterar-formato-de-data\/#primaryimage\"},\"thumbnailUrl\":\"https:\/\/exceladvisor.org\/wp-content\/uploads\/2023\/08\/1-selectionner-une-date-longue-courte.png\",\"datePublished\":\"2023-10-30T09:18:58+00:00\",\"dateModified\":\"2023-12-06T11:34:31+00:00\",\"description\":\"Uma das melhores coisas do Excel \u00e9 que voc\u00ea pode alterar os formatos de data e aplicar um formato de acordo com suas necessidades...\",\"breadcrumb\":{\"@id\":\"https:\/\/exceladvisor.org\/pt\/alterar-formato-de-data\/#breadcrumb\"},\"inLanguage\":\"pt-PT\",\"potentialAction\":[{\"@type\":\"ReadAction\",\"target\":[\"https:\/\/exceladvisor.org\/pt\/alterar-formato-de-data\/\"]}]},{\"@type\":\"ImageObject\",\"inLanguage\":\"pt-PT\",\"@id\":\"https:\/\/exceladvisor.org\/pt\/alterar-formato-de-data\/#primaryimage\",\"url\":\"https:\/\/exceladvisor.org\/wp-content\/uploads\/2023\/08\/1-selectionner-une-date-longue-courte.png\",\"contentUrl\":\"https:\/\/exceladvisor.org\/wp-content\/uploads\/2023\/08\/1-selectionner-une-date-longue-courte.png\"},{\"@type\":\"BreadcrumbList\",\"@id\":\"https:\/\/exceladvisor.org\/pt\/alterar-formato-de-data\/#breadcrumb\",\"itemListElement\":[{\"@type\":\"ListItem\",\"position\":1,\"name\":\"Lar\",\"item\":\"https:\/\/exceladvisor.org\/pt\/\"},{\"@type\":\"ListItem\",\"position\":2,\"name\":\"Como alterar o formato da data no excel?\"}]},{\"@type\":\"WebSite\",\"@id\":\"https:\/\/exceladvisor.org\/pt\/#website\",\"url\":\"https:\/\/exceladvisor.org\/pt\/\",\"name\":\"Excel Advisor\",\"description\":\"O seu guia definitivo para dominar os dados!\",\"publisher\":{\"@id\":\"https:\/\/exceladvisor.org\/pt\/#organization\"},\"potentialAction\":[{\"@type\":\"SearchAction\",\"target\":{\"@type\":\"EntryPoint\",\"urlTemplate\":\"https:\/\/exceladvisor.org\/pt\/?s={search_term_string}\"},\"query-input\":{\"@type\":\"PropertyValueSpecification\",\"valueRequired\":true,\"valueName\":\"search_term_string\"}}],\"inLanguage\":\"pt-PT\"},{\"@type\":\"Organization\",\"@id\":\"https:\/\/exceladvisor.org\/pt\/#organization\",\"name\":\"Excel Advisor\",\"url\":\"https:\/\/exceladvisor.org\/pt\/\",\"logo\":{\"@type\":\"ImageObject\",\"inLanguage\":\"pt-PT\",\"@id\":\"https:\/\/exceladvisor.org\/pt\/#\/schema\/logo\/image\/\",\"url\":\"https:\/\/exceladvisor.org\/pt\/wp-content\/uploads\/2023\/12\/exceladvisor.org_.png\",\"contentUrl\":\"https:\/\/exceladvisor.org\/pt\/wp-content\/uploads\/2023\/12\/exceladvisor.org_.png\",\"width\":105,\"height\":36,\"caption\":\"Excel Advisor\"},\"image\":{\"@id\":\"https:\/\/exceladvisor.org\/pt\/#\/schema\/logo\/image\/\"}}]}<\/script>\n<!-- \/ Yoast SEO plugin. -->","yoast_head_json":{"title":"Alterar formato de data no Excel (curto, longo e personalizado)","description":"Uma das melhores coisas do Excel \u00e9 que voc\u00ea pode alterar os formatos de data e aplicar um formato de acordo com suas necessidades...","robots":{"index":"index","follow":"follow","max-snippet":"max-snippet:-1","max-image-preview":"max-image-preview:large","max-video-preview":"max-video-preview:-1"},"canonical":"https:\/\/exceladvisor.org\/pt\/alterar-formato-de-data\/","og_locale":"pt_PT","og_type":"article","og_title":"Alterar formato de data no Excel (curto, longo e personalizado)","og_description":"Uma das melhores coisas do Excel \u00e9 que voc\u00ea pode alterar os formatos de data e aplicar um formato de acordo com suas necessidades...","og_url":"https:\/\/exceladvisor.org\/pt\/alterar-formato-de-data\/","og_site_name":"Excel Advisor","article_modified_time":"2023-12-06T11:34:31+00:00","og_image":[{"url":"https:\/\/exceladvisor.org\/wp-content\/uploads\/2023\/08\/1-selectionner-une-date-longue-courte.png","type":"","width":"","height":""}],"twitter_card":"summary_large_image","twitter_misc":{"Tempo estimado de leitura":"2 minutos"},"schema":{"@context":"https:\/\/schema.org","@graph":[{"@type":"WebPage","@id":"https:\/\/exceladvisor.org\/pt\/alterar-formato-de-data\/","url":"https:\/\/exceladvisor.org\/pt\/alterar-formato-de-data\/","name":"Alterar formato de data no Excel (curto, longo e personalizado)","isPartOf":{"@id":"https:\/\/exceladvisor.org\/pt\/#website"},"primaryImageOfPage":{"@id":"https:\/\/exceladvisor.org\/pt\/alterar-formato-de-data\/#primaryimage"},"image":{"@id":"https:\/\/exceladvisor.org\/pt\/alterar-formato-de-data\/#primaryimage"},"thumbnailUrl":"https:\/\/exceladvisor.org\/wp-content\/uploads\/2023\/08\/1-selectionner-une-date-longue-courte.png","datePublished":"2023-10-30T09:18:58+00:00","dateModified":"2023-12-06T11:34:31+00:00","description":"Uma das melhores coisas do Excel \u00e9 que voc\u00ea pode alterar os formatos de data e aplicar um formato de acordo com suas necessidades...","breadcrumb":{"@id":"https:\/\/exceladvisor.org\/pt\/alterar-formato-de-data\/#breadcrumb"},"inLanguage":"pt-PT","potentialAction":[{"@type":"ReadAction","target":["https:\/\/exceladvisor.org\/pt\/alterar-formato-de-data\/"]}]},{"@type":"ImageObject","inLanguage":"pt-PT","@id":"https:\/\/exceladvisor.org\/pt\/alterar-formato-de-data\/#primaryimage","url":"https:\/\/exceladvisor.org\/wp-content\/uploads\/2023\/08\/1-selectionner-une-date-longue-courte.png","contentUrl":"https:\/\/exceladvisor.org\/wp-content\/uploads\/2023\/08\/1-selectionner-une-date-longue-courte.png"},{"@type":"BreadcrumbList","@id":"https:\/\/exceladvisor.org\/pt\/alterar-formato-de-data\/#breadcrumb","itemListElement":[{"@type":"ListItem","position":1,"name":"Lar","item":"https:\/\/exceladvisor.org\/pt\/"},{"@type":"ListItem","position":2,"name":"Como alterar o formato da data no excel?"}]},{"@type":"WebSite","@id":"https:\/\/exceladvisor.org\/pt\/#website","url":"https:\/\/exceladvisor.org\/pt\/","name":"Excel Advisor","description":"O seu guia definitivo para dominar os dados!","publisher":{"@id":"https:\/\/exceladvisor.org\/pt\/#organization"},"potentialAction":[{"@type":"SearchAction","target":{"@type":"EntryPoint","urlTemplate":"https:\/\/exceladvisor.org\/pt\/?s={search_term_string}"},"query-input":{"@type":"PropertyValueSpecification","valueRequired":true,"valueName":"search_term_string"}}],"inLanguage":"pt-PT"},{"@type":"Organization","@id":"https:\/\/exceladvisor.org\/pt\/#organization","name":"Excel Advisor","url":"https:\/\/exceladvisor.org\/pt\/","logo":{"@type":"ImageObject","inLanguage":"pt-PT","@id":"https:\/\/exceladvisor.org\/pt\/#\/schema\/logo\/image\/","url":"https:\/\/exceladvisor.org\/pt\/wp-content\/uploads\/2023\/12\/exceladvisor.org_.png","contentUrl":"https:\/\/exceladvisor.org\/pt\/wp-content\/uploads\/2023\/12\/exceladvisor.org_.png","width":105,"height":36,"caption":"Excel Advisor"},"image":{"@id":"https:\/\/exceladvisor.org\/pt\/#\/schema\/logo\/image\/"}}]}},"yoast_meta":{"yoast_wpseo_title":"","yoast_wpseo_metadesc":"","yoast_wpseo_canonical":""},"_links":{"self":[{"href":"https:\/\/exceladvisor.org\/pt\/wp-json\/wp\/v2\/pages\/410","targetHints":{"allow":["GET"]}}],"collection":[{"href":"https:\/\/exceladvisor.org\/pt\/wp-json\/wp\/v2\/pages"}],"about":[{"href":"https:\/\/exceladvisor.org\/pt\/wp-json\/wp\/v2\/types\/page"}],"author":[{"embeddable":true,"href":"https:\/\/exceladvisor.org\/pt\/wp-json\/wp\/v2\/users\/1"}],"replies":[{"embeddable":true,"href":"https:\/\/exceladvisor.org\/pt\/wp-json\/wp\/v2\/comments?post=410"}],"version-history":[{"count":1,"href":"https:\/\/exceladvisor.org\/pt\/wp-json\/wp\/v2\/pages\/410\/revisions"}],"predecessor-version":[{"id":833,"href":"https:\/\/exceladvisor.org\/pt\/wp-json\/wp\/v2\/pages\/410\/revisions\/833"}],"wp:attachment":[{"href":"https:\/\/exceladvisor.org\/pt\/wp-json\/wp\/v2\/media?parent=410"}],"curies":[{"name":"wp","href":"https:\/\/api.w.org\/{rel}","templated":true}]}}