{"id":411,"date":"2023-10-30T09:05:14","date_gmt":"2023-10-30T09:05:14","guid":{"rendered":"https:\/\/exceladvisor.org\/pt\/imprimir-titulos\/"},"modified":"2023-12-06T11:34:43","modified_gmt":"2023-12-06T11:34:43","slug":"imprimir-titulos","status":"publish","type":"page","link":"https:\/\/exceladvisor.org\/pt\/imprimir-titulos\/","title":{"rendered":"Como aplicar t\u00edtulos impressos no excel?"},"content":{"rendered":"<div class=\"excel-before-content-2\" id=\"excel-2621470583\"><script type=\"text\/javascript\">\r\n\tatOptions = {\r\n\t\t'key' : 'c1158f160081d6540a8409e6925dab94',\r\n\t\t'format' : 'iframe',\r\n\t\t'height' : 250,\r\n\t\t'width' : 300,\r\n\t\t'params' : {}\r\n\t};\r\n<\/script>\r\n<script type=\"text\/javascript\" src=\"\/\/www.highperformanceformat.com\/c1158f160081d6540a8409e6925dab94\/invoke.js\"><\/script><\/div><div class=\"excel-before-content\" id=\"excel-3765359902\"><script type=\"text\/javascript\">\r\n\tatOptions = {\r\n\t\t'key' : 'c1158f160081d6540a8409e6925dab94',\r\n\t\t'format' : 'iframe',\r\n\t\t'height' : 250,\r\n\t\t'width' : 300,\r\n\t\t'params' : {}\r\n\t};\r\n<\/script>\r\n<script type=\"text\/javascript\" src=\"\/\/www.highperformanceformat.com\/c1158f160081d6540a8409e6925dab94\/invoke.js\"><\/script><\/div> <p>No Excel, se quiser imprimir v\u00e1rias p\u00e1ginas, mas quiser criar um cabe\u00e7alho ou t\u00edtulo a partir da primeira linha para imprimir no topo de cada p\u00e1gina, voc\u00ea pode usar a op\u00e7\u00e3o Imprimir t\u00edtulos no Excel. <\/p><div class=\"wp-block-image\"><figure class=\"aligncenter size-full is-resized\"><img loading=\"lazy\" decoding=\"async\" class=\"wp-image-72469\" src=\"https:\/\/exceladvisor.org\/wp-content\/uploads\/2023\/08\/1-imprimer-plusieurs-pages.png\" sizes=\"auto, \" srcset=\"\" alt=\"imprimir v\u00e1rias p\u00e1ginas\" width=\"651\" height=\"403\"><\/figure><\/div><p> Acima temos os dados e precisamos definir a primeira linha como t\u00edtulo a imprimir em cada p\u00e1gina. Esta tabela tem mais de 1000 linhas de dados. Quando tento imprimi-la, ela tem 23 p\u00e1ginas para imprimir.<\/p><h2 class=\"wp-block-heading\"> Use t\u00edtulos de impress\u00e3o para definir 1 linha como cabe\u00e7alho nas impress\u00f5es<\/h2><ol><li> Primeiro, v\u00e1 para a guia Layout \u21e2 Grupo de conjuntos de p\u00e1ginas \u21e2 Imprimir t\u00edtulos. <br><img loading=\"lazy\" decoding=\"async\" title=\"2-use azulejos impressos\" src=\"https:\/\/exceladvisor.org\/wp-content\/uploads\/2023\/08\/2-utiliser-des-tuiles-dimpression.png\" sizes=\"auto, \" srcset=\"\" alt=\"use-print-tiles\" width=\"654\" height=\"207\"><\/li><li> Depois disso, clique no bot\u00e3o \u201cImprimir t\u00edtulo\u201d para abrir a caixa de di\u00e1logo \u201cConfigurar p\u00e1gina\u201d. <br><img loading=\"lazy\" decoding=\"async\" title=\"Caixa de di\u00e1logo de configura\u00e7\u00e3o de 3 p\u00e1ginas\" src=\"https:\/\/exceladvisor.org\/wp-content\/uploads\/2023\/08\/Boite-de-dialogue-de-configuration-a-3-pages.png\" sizes=\"auto, \" srcset=\"\" alt=\"page-setup-dialog-box\" width=\"540\" height=\"521\"><\/li><li> Agora, nesta caixa de di\u00e1logo, voc\u00ea precisa usar a op\u00e7\u00e3o \u201cLinhas para repetir no topo:\u201d. Ent\u00e3o, clique na seta para cima que voc\u00ea tem no lado direito. <br><img loading=\"lazy\" decoding=\"async\" title=\"4 linhas selecionadas para repetir no topo\" src=\"https:\/\/exceladvisor.org\/wp-content\/uploads\/2023\/08\/4-lignes-selectionnees-a-repeter-en-haut.png\" sizes=\"auto, \" srcset=\"\" alt=\"select-rows-to-repeat-at-top\" width=\"541\" height=\"522\"><\/li><li> Neste ponto voc\u00ea tem uma barra de entrada de sele\u00e7\u00e3o de intervalo e precisa selecionar a primeira linha para especific\u00e1-la. <br><img loading=\"lazy\" decoding=\"async\" title=\"5 linhas espec\u00edficas\" src=\"https:\/\/exceladvisor.org\/wp-content\/uploads\/2023\/08\/5-specifier-la-ligne.png\" sizes=\"auto, \" srcset=\"\" alt=\"specify-the-row\" width=\"672\" height=\"243\"><\/li><li> Em seguida, clique na seta para baixo \u00e0 direita para retornar \u00e0 p\u00e1gina de configura\u00e7\u00e3o. <br><img loading=\"lazy\" decoding=\"async\" title=\"Configura\u00e7\u00e3o de 6 retornos \u00e0 p\u00e1gina\" src=\"https:\/\/exceladvisor.org\/wp-content\/uploads\/2023\/08\/6-revenir-a-la-configuration-de-la-page.png\" sizes=\"auto, \" srcset=\"\" alt=\"go-back-to-the-page-setup\" width=\"683\" height=\"83\"><\/li><li> Ao final, clique em OK para salvar as configura\u00e7\u00f5es. <br><img loading=\"lazy\" decoding=\"async\" title=\"7 configura\u00e7\u00f5es de salvamento\" src=\"https:\/\/exceladvisor.org\/wp-content\/uploads\/2023\/08\/7-enregistrer-les-parametres.png\" sizes=\"auto, \" srcset=\"\" alt=\"save-the-settings\" width=\"542\" height=\"523\"><\/li><\/ol><p> Agora ao imprimir esses dados, o Excel ir\u00e1 imprimir a primeira linha de cada p\u00e1gina. <\/p><div class=\"wp-block-image\"><figure class=\"aligncenter size-full is-resized\"><img loading=\"lazy\" decoding=\"async\" class=\"wp-image-72476\" src=\"https:\/\/exceladvisor.org\/wp-content\/uploads\/2023\/08\/8-donnees-dapercu-avant-impression.png\" sizes=\"auto, \" srcset=\"\" alt=\"imprimir dados de visualiza\u00e7\u00e3o\" width=\"812\" height=\"433\"><\/figure><\/div><p> Como voc\u00ea pode ver no instant\u00e2neo acima, temos um total de 23 p\u00e1ginas na visualiza\u00e7\u00e3o de impress\u00e3o e mostra os t\u00edtulos das p\u00e1ginas que especificamos a partir da primeira linha.<\/p><h2 class=\"wp-block-heading\"> Usando v\u00e1rias linhas como t\u00edtulos impressos (cabe\u00e7alhos)<\/h2><p> Da mesma forma, onde voc\u00ea especificou a primeira linha, tamb\u00e9m pode especificar v\u00e1rias linhas para definir como t\u00edtulo de impress\u00e3o. <\/p><div class=\"wp-block-image\"><figure class=\"aligncenter size-full is-resized\"><img loading=\"lazy\" decoding=\"async\" class=\"wp-image-72477\" src=\"https:\/\/exceladvisor.org\/wp-content\/uploads\/2023\/08\/9-utiliser-plusieurs-lignes-comme-titre-dimpression.png\" sizes=\"auto, \" srcset=\"\" alt=\"use v\u00e1rias linhas como t\u00edtulo de impress\u00e3o\" width=\"665\" height=\"232\"><\/figure><\/div><p> Voc\u00ea s\u00f3 precisa selecionar essas linhas e especificar seu endere\u00e7o na barra de entrada e clicar em OK. <\/p><div class=\"wp-block-image\"><figure class=\"aligncenter size-full is-resized\"><img loading=\"lazy\" decoding=\"async\" class=\"wp-image-72478\" src=\"https:\/\/exceladvisor.org\/wp-content\/uploads\/2023\/08\/10-selectionner-les-lignes-pour-les-en-tetes.png\" sizes=\"auto, \" srcset=\"\" alt=\"selecionar linhas para cabe\u00e7alhos\" width=\"500\" height=\"523\"><\/figure><\/div><p> Mas voc\u00ea s\u00f3 pode especificar linhas cont\u00ednuas; se tentar referir-se a linhas n\u00e3o cont\u00ednuas, um erro ser\u00e1 exibido. <\/p><div class=\"wp-block-image\"><figure class=\"aligncenter size-full is-resized\"><img loading=\"lazy\" decoding=\"async\" class=\"wp-image-72479\" src=\"https:\/\/exceladvisor.org\/wp-content\/uploads\/2023\/08\/11-selectionner-uniquement-les-lignes-continues.png\" sizes=\"auto, \" srcset=\"\" alt=\"apenas selecione linhas cont\u00ednuas\" width=\"568\" height=\"497\"><\/figure><\/div><div class=\"gb-container gb-container-4db6181c gb-container-mt\"> <a class=\"gb-button gb-button-c5897111 gb-button-text gb-button-mt-button\" href=\"https:\/\/exceladvisor.org\/pt\/excel-avancado\/\">Tutoriais avan\u00e7ados de Excel<\/a><h2 class=\"gb-headline gb-headline-665e5f6b gb-headline-text gb-headline-mt-heading\"> Tutoriais relacionados <\/h2><div class=\"gb-grid-wrapper gb-grid-wrapper-a20baf7c gb-grid-wrapper-mt-grid\"><div class=\"gb-grid-column gb-grid-column-65ddf67e\"><div class=\"gb-container gb-container-65ddf67e\"><ul><li> <a href=\"https:\/\/exceladvisor.org\/pt\/papel-grafico\/\">Imprima um papel milimetrado no Excel (modelo de grade quadrada)<\/a><\/li><li> <a href=\"https:\/\/exceladvisor.org\/pt\/remover-quebra-de-pagina\/\">Remover quebra de p\u00e1gina no Excel<\/a><\/li><li> <a href=\"https:\/\/exceladvisor.org\/pt\/definir-area-de-impressao\/\">Definir \u00e1rea de impress\u00e3o no Excel<\/a><\/li><li> <a href=\"https:\/\/exceladvisor.org\/pt\/centralize-a-planilha-horizontalmente\/\">Centralize uma planilha horizontal e verticalmente no Excel<\/a> <\/li><\/ul><\/div><\/div><div class=\"gb-grid-column gb-grid-column-50067b57\"><div class=\"gb-container gb-container-50067b57\"><\/div><\/div><\/div><\/div>","protected":false},"excerpt":{"rendered":"","protected":false},"author":1,"featured_media":0,"parent":0,"menu_order":0,"comment_status":"open","ping_status":"closed","template":"","meta":{"ub_ctt_via":"","footnotes":""},"class_list":["post-411","page","type-page","status-publish","hentry"],"featured_image_src":null,"yoast_head":"<!-- This site is optimized with the Yoast SEO plugin v25.4 - https:\/\/yoast.com\/wordpress\/plugins\/seo\/ -->\n<title>Como aplicar t\u00edtulos impressos no Excel?<\/title>\n<meta name=\"description\" content=\"Aprenda uma op\u00e7\u00e3o simples, mas poderosa, para aplicar t\u00edtulos de impress\u00e3o no Excel, onde podemos definir a linha 1 para impress\u00e3o...\" \/>\n<meta name=\"robots\" content=\"index, follow, max-snippet:-1, max-image-preview:large, max-video-preview:-1\" \/>\n<link rel=\"canonical\" href=\"https:\/\/exceladvisor.org\/pt\/imprimir-titulos\/\" \/>\n<meta property=\"og:locale\" content=\"pt_PT\" \/>\n<meta property=\"og:type\" content=\"article\" \/>\n<meta property=\"og:title\" content=\"Como aplicar t\u00edtulos impressos no Excel?\" \/>\n<meta property=\"og:description\" content=\"Aprenda uma op\u00e7\u00e3o simples, mas poderosa, para aplicar t\u00edtulos de impress\u00e3o no Excel, onde podemos definir a linha 1 para impress\u00e3o...\" \/>\n<meta property=\"og:url\" content=\"https:\/\/exceladvisor.org\/pt\/imprimir-titulos\/\" \/>\n<meta property=\"og:site_name\" content=\"Excel Advisor\" \/>\n<meta property=\"article:modified_time\" content=\"2023-12-06T11:34:43+00:00\" \/>\n<meta property=\"og:image\" content=\"https:\/\/exceladvisor.org\/wp-content\/uploads\/2023\/08\/1-imprimer-plusieurs-pages.png\" \/>\n<meta name=\"twitter:card\" content=\"summary_large_image\" \/>\n<meta name=\"twitter:label1\" content=\"Tempo estimado de leitura\" \/>\n\t<meta name=\"twitter:data1\" content=\"2 minutos\" \/>\n<script type=\"application\/ld+json\" class=\"yoast-schema-graph\">{\"@context\":\"https:\/\/schema.org\",\"@graph\":[{\"@type\":\"WebPage\",\"@id\":\"https:\/\/exceladvisor.org\/pt\/imprimir-titulos\/\",\"url\":\"https:\/\/exceladvisor.org\/pt\/imprimir-titulos\/\",\"name\":\"Como aplicar t\u00edtulos impressos no Excel?\",\"isPartOf\":{\"@id\":\"https:\/\/exceladvisor.org\/pt\/#website\"},\"primaryImageOfPage\":{\"@id\":\"https:\/\/exceladvisor.org\/pt\/imprimir-titulos\/#primaryimage\"},\"image\":{\"@id\":\"https:\/\/exceladvisor.org\/pt\/imprimir-titulos\/#primaryimage\"},\"thumbnailUrl\":\"https:\/\/exceladvisor.org\/wp-content\/uploads\/2023\/08\/1-imprimer-plusieurs-pages.png\",\"datePublished\":\"2023-10-30T09:05:14+00:00\",\"dateModified\":\"2023-12-06T11:34:43+00:00\",\"description\":\"Aprenda uma op\u00e7\u00e3o simples, mas poderosa, para aplicar t\u00edtulos de impress\u00e3o no Excel, onde podemos definir a linha 1 para impress\u00e3o...\",\"breadcrumb\":{\"@id\":\"https:\/\/exceladvisor.org\/pt\/imprimir-titulos\/#breadcrumb\"},\"inLanguage\":\"pt-PT\",\"potentialAction\":[{\"@type\":\"ReadAction\",\"target\":[\"https:\/\/exceladvisor.org\/pt\/imprimir-titulos\/\"]}]},{\"@type\":\"ImageObject\",\"inLanguage\":\"pt-PT\",\"@id\":\"https:\/\/exceladvisor.org\/pt\/imprimir-titulos\/#primaryimage\",\"url\":\"https:\/\/exceladvisor.org\/wp-content\/uploads\/2023\/08\/1-imprimer-plusieurs-pages.png\",\"contentUrl\":\"https:\/\/exceladvisor.org\/wp-content\/uploads\/2023\/08\/1-imprimer-plusieurs-pages.png\"},{\"@type\":\"BreadcrumbList\",\"@id\":\"https:\/\/exceladvisor.org\/pt\/imprimir-titulos\/#breadcrumb\",\"itemListElement\":[{\"@type\":\"ListItem\",\"position\":1,\"name\":\"Lar\",\"item\":\"https:\/\/exceladvisor.org\/pt\/\"},{\"@type\":\"ListItem\",\"position\":2,\"name\":\"Como aplicar t\u00edtulos impressos no excel?\"}]},{\"@type\":\"WebSite\",\"@id\":\"https:\/\/exceladvisor.org\/pt\/#website\",\"url\":\"https:\/\/exceladvisor.org\/pt\/\",\"name\":\"Excel Advisor\",\"description\":\"O seu guia definitivo para dominar os dados!\",\"publisher\":{\"@id\":\"https:\/\/exceladvisor.org\/pt\/#organization\"},\"potentialAction\":[{\"@type\":\"SearchAction\",\"target\":{\"@type\":\"EntryPoint\",\"urlTemplate\":\"https:\/\/exceladvisor.org\/pt\/?s={search_term_string}\"},\"query-input\":{\"@type\":\"PropertyValueSpecification\",\"valueRequired\":true,\"valueName\":\"search_term_string\"}}],\"inLanguage\":\"pt-PT\"},{\"@type\":\"Organization\",\"@id\":\"https:\/\/exceladvisor.org\/pt\/#organization\",\"name\":\"Excel Advisor\",\"url\":\"https:\/\/exceladvisor.org\/pt\/\",\"logo\":{\"@type\":\"ImageObject\",\"inLanguage\":\"pt-PT\",\"@id\":\"https:\/\/exceladvisor.org\/pt\/#\/schema\/logo\/image\/\",\"url\":\"https:\/\/exceladvisor.org\/pt\/wp-content\/uploads\/2023\/12\/exceladvisor.org_.png\",\"contentUrl\":\"https:\/\/exceladvisor.org\/pt\/wp-content\/uploads\/2023\/12\/exceladvisor.org_.png\",\"width\":105,\"height\":36,\"caption\":\"Excel Advisor\"},\"image\":{\"@id\":\"https:\/\/exceladvisor.org\/pt\/#\/schema\/logo\/image\/\"}}]}<\/script>\n<!-- \/ Yoast SEO plugin. -->","yoast_head_json":{"title":"Como aplicar t\u00edtulos impressos no Excel?","description":"Aprenda uma op\u00e7\u00e3o simples, mas poderosa, para aplicar t\u00edtulos de impress\u00e3o no Excel, onde podemos definir a linha 1 para impress\u00e3o...","robots":{"index":"index","follow":"follow","max-snippet":"max-snippet:-1","max-image-preview":"max-image-preview:large","max-video-preview":"max-video-preview:-1"},"canonical":"https:\/\/exceladvisor.org\/pt\/imprimir-titulos\/","og_locale":"pt_PT","og_type":"article","og_title":"Como aplicar t\u00edtulos impressos no Excel?","og_description":"Aprenda uma op\u00e7\u00e3o simples, mas poderosa, para aplicar t\u00edtulos de impress\u00e3o no Excel, onde podemos definir a linha 1 para impress\u00e3o...","og_url":"https:\/\/exceladvisor.org\/pt\/imprimir-titulos\/","og_site_name":"Excel Advisor","article_modified_time":"2023-12-06T11:34:43+00:00","og_image":[{"url":"https:\/\/exceladvisor.org\/wp-content\/uploads\/2023\/08\/1-imprimer-plusieurs-pages.png","type":"","width":"","height":""}],"twitter_card":"summary_large_image","twitter_misc":{"Tempo estimado de leitura":"2 minutos"},"schema":{"@context":"https:\/\/schema.org","@graph":[{"@type":"WebPage","@id":"https:\/\/exceladvisor.org\/pt\/imprimir-titulos\/","url":"https:\/\/exceladvisor.org\/pt\/imprimir-titulos\/","name":"Como aplicar t\u00edtulos impressos no Excel?","isPartOf":{"@id":"https:\/\/exceladvisor.org\/pt\/#website"},"primaryImageOfPage":{"@id":"https:\/\/exceladvisor.org\/pt\/imprimir-titulos\/#primaryimage"},"image":{"@id":"https:\/\/exceladvisor.org\/pt\/imprimir-titulos\/#primaryimage"},"thumbnailUrl":"https:\/\/exceladvisor.org\/wp-content\/uploads\/2023\/08\/1-imprimer-plusieurs-pages.png","datePublished":"2023-10-30T09:05:14+00:00","dateModified":"2023-12-06T11:34:43+00:00","description":"Aprenda uma op\u00e7\u00e3o simples, mas poderosa, para aplicar t\u00edtulos de impress\u00e3o no Excel, onde podemos definir a linha 1 para impress\u00e3o...","breadcrumb":{"@id":"https:\/\/exceladvisor.org\/pt\/imprimir-titulos\/#breadcrumb"},"inLanguage":"pt-PT","potentialAction":[{"@type":"ReadAction","target":["https:\/\/exceladvisor.org\/pt\/imprimir-titulos\/"]}]},{"@type":"ImageObject","inLanguage":"pt-PT","@id":"https:\/\/exceladvisor.org\/pt\/imprimir-titulos\/#primaryimage","url":"https:\/\/exceladvisor.org\/wp-content\/uploads\/2023\/08\/1-imprimer-plusieurs-pages.png","contentUrl":"https:\/\/exceladvisor.org\/wp-content\/uploads\/2023\/08\/1-imprimer-plusieurs-pages.png"},{"@type":"BreadcrumbList","@id":"https:\/\/exceladvisor.org\/pt\/imprimir-titulos\/#breadcrumb","itemListElement":[{"@type":"ListItem","position":1,"name":"Lar","item":"https:\/\/exceladvisor.org\/pt\/"},{"@type":"ListItem","position":2,"name":"Como aplicar t\u00edtulos impressos no excel?"}]},{"@type":"WebSite","@id":"https:\/\/exceladvisor.org\/pt\/#website","url":"https:\/\/exceladvisor.org\/pt\/","name":"Excel Advisor","description":"O seu guia definitivo para dominar os dados!","publisher":{"@id":"https:\/\/exceladvisor.org\/pt\/#organization"},"potentialAction":[{"@type":"SearchAction","target":{"@type":"EntryPoint","urlTemplate":"https:\/\/exceladvisor.org\/pt\/?s={search_term_string}"},"query-input":{"@type":"PropertyValueSpecification","valueRequired":true,"valueName":"search_term_string"}}],"inLanguage":"pt-PT"},{"@type":"Organization","@id":"https:\/\/exceladvisor.org\/pt\/#organization","name":"Excel Advisor","url":"https:\/\/exceladvisor.org\/pt\/","logo":{"@type":"ImageObject","inLanguage":"pt-PT","@id":"https:\/\/exceladvisor.org\/pt\/#\/schema\/logo\/image\/","url":"https:\/\/exceladvisor.org\/pt\/wp-content\/uploads\/2023\/12\/exceladvisor.org_.png","contentUrl":"https:\/\/exceladvisor.org\/pt\/wp-content\/uploads\/2023\/12\/exceladvisor.org_.png","width":105,"height":36,"caption":"Excel Advisor"},"image":{"@id":"https:\/\/exceladvisor.org\/pt\/#\/schema\/logo\/image\/"}}]}},"yoast_meta":{"yoast_wpseo_title":"","yoast_wpseo_metadesc":"","yoast_wpseo_canonical":""},"_links":{"self":[{"href":"https:\/\/exceladvisor.org\/pt\/wp-json\/wp\/v2\/pages\/411","targetHints":{"allow":["GET"]}}],"collection":[{"href":"https:\/\/exceladvisor.org\/pt\/wp-json\/wp\/v2\/pages"}],"about":[{"href":"https:\/\/exceladvisor.org\/pt\/wp-json\/wp\/v2\/types\/page"}],"author":[{"embeddable":true,"href":"https:\/\/exceladvisor.org\/pt\/wp-json\/wp\/v2\/users\/1"}],"replies":[{"embeddable":true,"href":"https:\/\/exceladvisor.org\/pt\/wp-json\/wp\/v2\/comments?post=411"}],"version-history":[{"count":1,"href":"https:\/\/exceladvisor.org\/pt\/wp-json\/wp\/v2\/pages\/411\/revisions"}],"predecessor-version":[{"id":848,"href":"https:\/\/exceladvisor.org\/pt\/wp-json\/wp\/v2\/pages\/411\/revisions\/848"}],"wp:attachment":[{"href":"https:\/\/exceladvisor.org\/pt\/wp-json\/wp\/v2\/media?parent=411"}],"curies":[{"name":"wp","href":"https:\/\/api.w.org\/{rel}","templated":true}]}}