{"id":412,"date":"2023-10-30T08:04:33","date_gmt":"2023-10-30T08:04:33","guid":{"rendered":"https:\/\/exceladvisor.org\/pt\/escreva-verticalmente\/"},"modified":"2023-12-06T11:37:36","modified_gmt":"2023-12-06T11:37:36","slug":"escreva-verticalmente","status":"publish","type":"page","link":"https:\/\/exceladvisor.org\/pt\/escreva-verticalmente\/","title":{"rendered":"Como escrever (digitar) verticalmente no excel?"},"content":{"rendered":"<div class=\"excel-before-content-2\" id=\"excel-2565037531\"><script type=\"text\/javascript\">\r\n\tatOptions = {\r\n\t\t'key' : 'c1158f160081d6540a8409e6925dab94',\r\n\t\t'format' : 'iframe',\r\n\t\t'height' : 250,\r\n\t\t'width' : 300,\r\n\t\t'params' : {}\r\n\t};\r\n<\/script>\r\n<script type=\"text\/javascript\" src=\"\/\/www.highperformanceformat.com\/c1158f160081d6540a8409e6925dab94\/invoke.js\"><\/script><\/div><div class=\"excel-before-content\" id=\"excel-3531035432\"><script type=\"text\/javascript\">\r\n\tatOptions = {\r\n\t\t'key' : 'c1158f160081d6540a8409e6925dab94',\r\n\t\t'format' : 'iframe',\r\n\t\t'height' : 250,\r\n\t\t'width' : 300,\r\n\t\t'params' : {}\r\n\t};\r\n<\/script>\r\n<script type=\"text\/javascript\" src=\"\/\/www.highperformanceformat.com\/c1158f160081d6540a8409e6925dab94\/invoke.js\"><\/script><\/div> <p>No Excel, se quiser escrever verticalmente, voc\u00ea pode usar e aplicar diversas op\u00e7\u00f5es. Cada uma dessas op\u00e7\u00f5es funciona de maneira diferente, mas oferece o mesmo resultado. Voc\u00ea pode usar qualquer uma das op\u00e7\u00f5es que melhor lhe convier. <\/p><div class=\"wp-block-image\"><figure class=\"aligncenter size-full is-resized\"><img loading=\"lazy\" decoding=\"async\" class=\"wp-image-72543\" src=\"https:\/\/exceladvisor.org\/wp-content\/uploads\/2023\/08\/1-ecrire-verticalement.png\" sizes=\"auto, \" srcset=\"\" alt=\"escreva verticalmente\" width=\"457\" height=\"437\"><\/figure><\/div><p> Neste tutorial, veremos como deixar o texto vertical no Excel e tamb\u00e9m escrev\u00ea-lo verticalmente.<\/p><h2 class=\"wp-block-heading\"> Escreva (digite) verticalmente no Excel <\/h2><div class=\"wp-block-image\"><figure class=\"aligncenter size-full is-resized\"><img loading=\"lazy\" decoding=\"async\" class=\"wp-image-72544\" src=\"https:\/\/exceladvisor.org\/wp-content\/uploads\/2023\/08\/2-selectionnez-loption-de-texte-vertical.png\" sizes=\"auto, \" srcset=\"\" alt=\"selecione a op\u00e7\u00e3o de texto vertical\" width=\"668\" height=\"453\"><\/figure><\/div><ol type=\"1\"><li> Primeiro, selecione a c\u00e9lula que deseja escrever verticalmente.<\/li><li> Depois disso, na aba Home, v\u00e1 para o grupo Alinhamento.<\/li><li> A partir da\u00ed, clique na op\u00e7\u00e3o suspensa <a href=\"https:\/\/exceladvisor.org\/pt\/girar-texto\/\">Orienta\u00e7\u00e3o<\/a> .<\/li><li> Em seguida, selecione a \u201cop\u00e7\u00e3o vertical\u201d a partir da\u00ed.<\/li><li> Ao final, escreva e insira o valor na c\u00e9lula selecionada.<\/li><\/ol><p> Depois de aplicar a orienta\u00e7\u00e3o vertical, o valor escrito na c\u00e9lula se torna vertical. Al\u00e9m disso, existem algumas op\u00e7\u00f5es adicionais que voc\u00ea pode usar:<\/p><ul><li> Girar o texto para cima<\/li><li> Girar o texto para baixo <\/li><\/ul><div class=\"wp-block-image\"><figure class=\"aligncenter size-full is-resized\"><img loading=\"lazy\" decoding=\"async\" class=\"wp-image-72545\" src=\"https:\/\/exceladvisor.org\/wp-content\/uploads\/2023\/08\/3-faire-pivoter-le-texte-de-haut-en-bas.png\" sizes=\"auto, \" srcset=\"\" alt=\"girar o texto para cima e para baixo\" width=\"684\" height=\"450\"><\/figure><\/div><h2 class=\"wp-block-heading\"> Digite verticalmente dentro da c\u00e9lula no Excel<\/h2><p> Voc\u00ea tamb\u00e9m pode digitar verticalmente ao inserir um valor em uma c\u00e9lula. Para isso, voc\u00ea precisa usar o <a href=\"https:\/\/exceladvisor.org\/pt\/atalhos-do-teclado\/\">atalho do teclado<\/a> para <a href=\"https:\/\/exceladvisor.org\/pt\/nova-linha-na-celula\/\">adicionar uma quebra de linha<\/a> ao inserir o valor.<\/p><p> Digamos que voc\u00ea precise inserir \u201cExcel\u201d na c\u00e9lula A1. <a href=\"https:\/\/exceladvisor.org\/pt\/editar-celula\/\">Edite a c\u00e9lula<\/a> e insira o primeiro alfabeto e pressione a tecla de atalho <kbd>Alt<\/kbd> + <kbd>Enter<\/kbd> . Isso mover\u00e1 o cursor para a pr\u00f3xima linha e voc\u00ea precisar\u00e1 fazer isso para cada alfabeto. <\/p><div class=\"wp-block-image\"><figure class=\"aligncenter size-full is-resized\"><img loading=\"lazy\" decoding=\"async\" class=\"wp-image-72546\" src=\"https:\/\/exceladvisor.org\/wp-content\/uploads\/2023\/08\/4-type-verticalement-a-linterieur-de-la-cellule.png\" sizes=\"auto, \" srcset=\"\" alt=\"digite verticalmente na c\u00e9lula\" width=\"362\" height=\"257\"><\/figure><\/div><h2 class=\"wp-block-heading\"> Tornar o texto vertical com Wrap Text<\/h2><p> No Excel, existe uma op\u00e7\u00e3o chamada <a href=\"https:\/\/exceladvisor.org\/pt\/quebrar-texto\/\">quebra autom\u00e1tica de texto<\/a> que voc\u00ea pode usar para tornar o texto vertical em uma c\u00e9lula.<\/p><ol><li> Primeiro, voc\u00ea precisa inserir o valor na c\u00e9lula.<\/li><li> Depois disso, v\u00e1 para a aba inicial e clique no bot\u00e3o de quebra de texto.<\/li><li> Agora insira os valores na c\u00e9lula. <br><img loading=\"lazy\" decoding=\"async\" title=\"5-bot\u00e3o selecionar-quebrar-texto\" src=\"https:\/\/exceladvisor.org\/wp-content\/uploads\/2023\/08\/5-selectionnez-le-bouton-dhabillage-du-texte.png\" sizes=\"auto, \" srcset=\"\" alt=\"select-wrap-text-button\" width=\"624\" height=\"295\"><\/li><li> A partir daqui, voc\u00ea precisa ajustar a largura da coluna para que s\u00f3 possa haver um alfabeto por linha. <br><img loading=\"lazy\" decoding=\"async\" title=\"Largura da c\u00e9lula de 6 ajustes\" src=\"https:\/\/exceladvisor.org\/wp-content\/uploads\/2023\/08\/6-ajuster-la-largeur-de-la-cellule.png\" sizes=\"auto, \" srcset=\"\" alt=\"adjust-cell-width\" width=\"630\" height=\"328\"><\/li><li> No final, clique entre as linhas 1 e 2 para ajustar automaticamente a linha 1. <br><img loading=\"lazy\" decoding=\"async\" title=\"7 cliques entre linhas\" src=\"https:\/\/exceladvisor.org\/wp-content\/uploads\/2023\/08\/7-clic-entre-les-lignes.png\" sizes=\"auto, \" srcset=\"\" alt=\"click-between-rows\" width=\"629\" height=\"320\"><\/li><\/ol><p> No momento em que voc\u00ea <a href=\"https:\/\/exceladvisor.org\/pt\/ajuste-automatico\/\">ajusta automaticamente<\/a> a linha, voc\u00ea obter\u00e1 todo o valor na dire\u00e7\u00e3o vertical. <\/p><div class=\"wp-block-image\"><figure class=\"aligncenter size-full is-resized\"><img loading=\"lazy\" decoding=\"async\" class=\"wp-image-72550\" src=\"https:\/\/exceladvisor.org\/wp-content\/uploads\/2023\/08\/8-valeur-dans-le-sens-vertical.png\" sizes=\"auto, \" srcset=\"\" alt=\"valor na dire\u00e7\u00e3o vertical\" width=\"660\" height=\"427\"><\/figure><\/div><h2 class=\"wp-block-heading\"> Adicione uma caixa de texto e digite verticalmente no Excel<\/h2><p> Voc\u00ea tamb\u00e9m pode <a href=\"https:\/\/exceladvisor.org\/pt\/zona-de-texto\/\">inserir uma caixa de texto<\/a> na c\u00e9lula e alterar a dire\u00e7\u00e3o do texto para vertical para digitar verticalmente ali.<\/p><ol><li> Primeiro, insira uma caixa de texto na planilha Inserir \u21e2 Texto \u21e2 Caixa de Texto. <br><img loading=\"lazy\" decoding=\"async\" title=\"9-adicionar uma \u00e1rea de texto\" src=\"https:\/\/exceladvisor.org\/wp-content\/uploads\/2023\/08\/9-ajouter-une-zone-de-texte.png\" sizes=\"auto, \" srcset=\"\" alt=\"add-a-text-box\" width=\"576\" height=\"296\"><\/li><li> Depois disso, selecione a caixa de texto, clique com o bot\u00e3o direito sobre ela e abra \u201cFormatar Forma\u201d ou voc\u00ea pode pressionar <a href=\"https:\/\/exceladvisor.org\/pt\/abrir-opcoes-de-formato-de-celula\/\">Ctrl + 1<\/a> . <br><img loading=\"lazy\" decoding=\"async\" title=\"Formato 10-abra a forma\" src=\"https:\/\/exceladvisor.org\/wp-content\/uploads\/2023\/08\/10-ouvrir-le-format-de-forme.png\" sizes=\"auto, \" srcset=\"\" alt=\"open-the-shape-format\" width=\"404\" height=\"444\"><\/li><li> Na op\u00e7\u00e3o Formatar Forma, v\u00e1 em \u201cOp\u00e7\u00f5es de Texto\u201d e depois em \u201cCaixa de Texto\u201d. <br><img loading=\"lazy\" decoding=\"async\" title=\"Caixa de texto com 11 op\u00e7\u00f5es de texto\" src=\"https:\/\/exceladvisor.org\/wp-content\/uploads\/2023\/08\/Zone-de-texte-de-11-options-de-texte.png\" sizes=\"auto, \" srcset=\"\" alt=\"text-options-textbox\" width=\"281\" height=\"122\"><\/li><li> Agora, na op\u00e7\u00e3o de dire\u00e7\u00e3o do texto, selecione a op\u00e7\u00e3o \u201cEmpilhado\u201d. <br><img loading=\"lazy\" decoding=\"async\" title=\"Op\u00e7\u00e3o de 12 sele\u00e7\u00f5es empilhadas\" src=\"https:\/\/exceladvisor.org\/wp-content\/uploads\/2023\/08\/12-selectionnez-loption-empilee.png\" sizes=\"auto, \" srcset=\"\" alt=\"select-the-stacked-option\" width=\"336\" height=\"264\"><\/li><\/ol><p> Depois de fazer essa altera\u00e7\u00e3o, voc\u00ea poder\u00e1 escrever verticalmente dentro da caixa de texto. <\/p><div class=\"wp-block-image\"><figure class=\"aligncenter size-full is-resized\"><img loading=\"lazy\" decoding=\"async\" class=\"wp-image-72555\" src=\"https:\/\/exceladvisor.org\/wp-content\/uploads\/2023\/08\/13-ecrire-verticalement-a-linterieur-de-la-boite.png\" sizes=\"auto, \" srcset=\"\" alt=\"escreva verticalmente na caixa\" width=\"432\" height=\"364\"><\/figure><\/div><p> Assim, voc\u00ea pode fazer as mesmas altera\u00e7\u00f5es com a palavra arte e depois escrever nela verticalmente.<\/p><p> De todas as op\u00e7\u00f5es que voc\u00ea viu neste tutorial, a mais \u00fatil \u00e9 alterar a orienta\u00e7\u00e3o do texto. Mas como eu disse, voc\u00ea pode usar qualquer um deles dependendo de suas necessidades.<\/p><div class=\"gb-container gb-container-4db6181c gb-container-mt\"> <a class=\"gb-button gb-button-c5897111 gb-button-text gb-button-mt-button\" href=\"https:\/\/exceladvisor.org\/pt\/nocoes-basicas-de-excel\/\">No\u00e7\u00f5es b\u00e1sicas do Microsoft Excel (componentes, pe\u00e7as e notas de conhecimento)<\/a><h2 class=\"gb-headline gb-headline-665e5f6b gb-headline-text gb-headline-mt-heading\"> Tutoriais relacionados <\/h2><div class=\"gb-grid-wrapper gb-grid-wrapper-a20baf7c gb-grid-wrapper-mt-grid\"><div class=\"gb-grid-column gb-grid-column-65ddf67e\"><div class=\"gb-container gb-container-65ddf67e\"><ul><li> <a href=\"https:\/\/exceladvisor.org\/pt\/adicionar-uma-coluna\/\">Adicionar uma coluna no Excel<\/a><\/li><li> <a href=\"https:\/\/exceladvisor.org\/pt\/selecione-celulas-nao-contiguas\/\">Selecione c\u00e9lulas n\u00e3o cont\u00edguas no Excel<\/a><\/li><li> <a href=\"https:\/\/exceladvisor.org\/pt\/linha-vs-coluna\/\">Linha x coluna no Excel (diferen\u00e7a)<\/a><\/li><li> <a href=\"https:\/\/exceladvisor.org\/pt\/remover-linhas-vazias\/\">Excluir linhas em branco no Excel<\/a><\/li><li> <a href=\"https:\/\/exceladvisor.org\/pt\/trocar-o-celular\/\">Troque rapidamente duas c\u00e9lulas no Excel<\/a><\/li><li> <a href=\"https:\/\/exceladvisor.org\/pt\/coluna-2\/\">O que \u00e9 uma coluna no Excel<\/a> <\/li><\/ul><\/div><\/div><div class=\"gb-grid-column gb-grid-column-50067b57\"><div class=\"gb-container gb-container-50067b57\"><\/div><\/div><\/div><\/div>","protected":false},"excerpt":{"rendered":"","protected":false},"author":1,"featured_media":0,"parent":0,"menu_order":0,"comment_status":"open","ping_status":"closed","template":"","meta":{"ub_ctt_via":"","footnotes":""},"class_list":["post-412","page","type-page","status-publish","hentry"],"featured_image_src":null,"yoast_head":"<!-- This site is optimized with the Yoast SEO plugin v25.4 - https:\/\/yoast.com\/wordpress\/plugins\/seo\/ -->\n<title>Como escrever (digitar) verticalmente no Excel? (Tutorial 2023)<\/title>\n<meta name=\"description\" content=\"Neste tutorial, aprenderemos diferentes op\u00e7\u00f5es para escrever ou digitar verticalmente no Excel. Voc\u00ea pode usar qualquer coisa\" \/>\n<meta name=\"robots\" content=\"index, follow, max-snippet:-1, max-image-preview:large, max-video-preview:-1\" \/>\n<link rel=\"canonical\" href=\"https:\/\/exceladvisor.org\/pt\/escreva-verticalmente\/\" \/>\n<meta property=\"og:locale\" content=\"pt_PT\" \/>\n<meta property=\"og:type\" content=\"article\" \/>\n<meta property=\"og:title\" content=\"Como escrever (digitar) verticalmente no Excel? (Tutorial 2023)\" \/>\n<meta property=\"og:description\" content=\"Neste tutorial, aprenderemos diferentes op\u00e7\u00f5es para escrever ou digitar verticalmente no Excel. Voc\u00ea pode usar qualquer coisa\" \/>\n<meta property=\"og:url\" content=\"https:\/\/exceladvisor.org\/pt\/escreva-verticalmente\/\" \/>\n<meta property=\"og:site_name\" content=\"Excel Advisor\" \/>\n<meta property=\"article:modified_time\" content=\"2023-12-06T11:37:36+00:00\" \/>\n<meta property=\"og:image\" content=\"https:\/\/exceladvisor.org\/wp-content\/uploads\/2023\/08\/1-ecrire-verticalement.png\" \/>\n<meta name=\"twitter:card\" content=\"summary_large_image\" \/>\n<meta name=\"twitter:label1\" content=\"Tempo estimado de leitura\" \/>\n\t<meta name=\"twitter:data1\" content=\"3 minutos\" \/>\n<script type=\"application\/ld+json\" class=\"yoast-schema-graph\">{\"@context\":\"https:\/\/schema.org\",\"@graph\":[{\"@type\":\"WebPage\",\"@id\":\"https:\/\/exceladvisor.org\/pt\/escreva-verticalmente\/\",\"url\":\"https:\/\/exceladvisor.org\/pt\/escreva-verticalmente\/\",\"name\":\"Como escrever (digitar) verticalmente no Excel? (Tutorial 2023)\",\"isPartOf\":{\"@id\":\"https:\/\/exceladvisor.org\/pt\/#website\"},\"primaryImageOfPage\":{\"@id\":\"https:\/\/exceladvisor.org\/pt\/escreva-verticalmente\/#primaryimage\"},\"image\":{\"@id\":\"https:\/\/exceladvisor.org\/pt\/escreva-verticalmente\/#primaryimage\"},\"thumbnailUrl\":\"https:\/\/exceladvisor.org\/wp-content\/uploads\/2023\/08\/1-ecrire-verticalement.png\",\"datePublished\":\"2023-10-30T08:04:33+00:00\",\"dateModified\":\"2023-12-06T11:37:36+00:00\",\"description\":\"Neste tutorial, aprenderemos diferentes op\u00e7\u00f5es para escrever ou digitar verticalmente no Excel. Voc\u00ea pode usar qualquer coisa\",\"breadcrumb\":{\"@id\":\"https:\/\/exceladvisor.org\/pt\/escreva-verticalmente\/#breadcrumb\"},\"inLanguage\":\"pt-PT\",\"potentialAction\":[{\"@type\":\"ReadAction\",\"target\":[\"https:\/\/exceladvisor.org\/pt\/escreva-verticalmente\/\"]}]},{\"@type\":\"ImageObject\",\"inLanguage\":\"pt-PT\",\"@id\":\"https:\/\/exceladvisor.org\/pt\/escreva-verticalmente\/#primaryimage\",\"url\":\"https:\/\/exceladvisor.org\/wp-content\/uploads\/2023\/08\/1-ecrire-verticalement.png\",\"contentUrl\":\"https:\/\/exceladvisor.org\/wp-content\/uploads\/2023\/08\/1-ecrire-verticalement.png\"},{\"@type\":\"BreadcrumbList\",\"@id\":\"https:\/\/exceladvisor.org\/pt\/escreva-verticalmente\/#breadcrumb\",\"itemListElement\":[{\"@type\":\"ListItem\",\"position\":1,\"name\":\"Lar\",\"item\":\"https:\/\/exceladvisor.org\/pt\/\"},{\"@type\":\"ListItem\",\"position\":2,\"name\":\"Como escrever (digitar) verticalmente no excel?\"}]},{\"@type\":\"WebSite\",\"@id\":\"https:\/\/exceladvisor.org\/pt\/#website\",\"url\":\"https:\/\/exceladvisor.org\/pt\/\",\"name\":\"Excel Advisor\",\"description\":\"O seu guia definitivo para dominar os dados!\",\"publisher\":{\"@id\":\"https:\/\/exceladvisor.org\/pt\/#organization\"},\"potentialAction\":[{\"@type\":\"SearchAction\",\"target\":{\"@type\":\"EntryPoint\",\"urlTemplate\":\"https:\/\/exceladvisor.org\/pt\/?s={search_term_string}\"},\"query-input\":{\"@type\":\"PropertyValueSpecification\",\"valueRequired\":true,\"valueName\":\"search_term_string\"}}],\"inLanguage\":\"pt-PT\"},{\"@type\":\"Organization\",\"@id\":\"https:\/\/exceladvisor.org\/pt\/#organization\",\"name\":\"Excel Advisor\",\"url\":\"https:\/\/exceladvisor.org\/pt\/\",\"logo\":{\"@type\":\"ImageObject\",\"inLanguage\":\"pt-PT\",\"@id\":\"https:\/\/exceladvisor.org\/pt\/#\/schema\/logo\/image\/\",\"url\":\"https:\/\/exceladvisor.org\/pt\/wp-content\/uploads\/2023\/12\/exceladvisor.org_.png\",\"contentUrl\":\"https:\/\/exceladvisor.org\/pt\/wp-content\/uploads\/2023\/12\/exceladvisor.org_.png\",\"width\":105,\"height\":36,\"caption\":\"Excel Advisor\"},\"image\":{\"@id\":\"https:\/\/exceladvisor.org\/pt\/#\/schema\/logo\/image\/\"}}]}<\/script>\n<!-- \/ Yoast SEO plugin. -->","yoast_head_json":{"title":"Como escrever (digitar) verticalmente no Excel? (Tutorial 2023)","description":"Neste tutorial, aprenderemos diferentes op\u00e7\u00f5es para escrever ou digitar verticalmente no Excel. Voc\u00ea pode usar qualquer coisa","robots":{"index":"index","follow":"follow","max-snippet":"max-snippet:-1","max-image-preview":"max-image-preview:large","max-video-preview":"max-video-preview:-1"},"canonical":"https:\/\/exceladvisor.org\/pt\/escreva-verticalmente\/","og_locale":"pt_PT","og_type":"article","og_title":"Como escrever (digitar) verticalmente no Excel? (Tutorial 2023)","og_description":"Neste tutorial, aprenderemos diferentes op\u00e7\u00f5es para escrever ou digitar verticalmente no Excel. Voc\u00ea pode usar qualquer coisa","og_url":"https:\/\/exceladvisor.org\/pt\/escreva-verticalmente\/","og_site_name":"Excel Advisor","article_modified_time":"2023-12-06T11:37:36+00:00","og_image":[{"url":"https:\/\/exceladvisor.org\/wp-content\/uploads\/2023\/08\/1-ecrire-verticalement.png","type":"","width":"","height":""}],"twitter_card":"summary_large_image","twitter_misc":{"Tempo estimado de leitura":"3 minutos"},"schema":{"@context":"https:\/\/schema.org","@graph":[{"@type":"WebPage","@id":"https:\/\/exceladvisor.org\/pt\/escreva-verticalmente\/","url":"https:\/\/exceladvisor.org\/pt\/escreva-verticalmente\/","name":"Como escrever (digitar) verticalmente no Excel? (Tutorial 2023)","isPartOf":{"@id":"https:\/\/exceladvisor.org\/pt\/#website"},"primaryImageOfPage":{"@id":"https:\/\/exceladvisor.org\/pt\/escreva-verticalmente\/#primaryimage"},"image":{"@id":"https:\/\/exceladvisor.org\/pt\/escreva-verticalmente\/#primaryimage"},"thumbnailUrl":"https:\/\/exceladvisor.org\/wp-content\/uploads\/2023\/08\/1-ecrire-verticalement.png","datePublished":"2023-10-30T08:04:33+00:00","dateModified":"2023-12-06T11:37:36+00:00","description":"Neste tutorial, aprenderemos diferentes op\u00e7\u00f5es para escrever ou digitar verticalmente no Excel. Voc\u00ea pode usar qualquer coisa","breadcrumb":{"@id":"https:\/\/exceladvisor.org\/pt\/escreva-verticalmente\/#breadcrumb"},"inLanguage":"pt-PT","potentialAction":[{"@type":"ReadAction","target":["https:\/\/exceladvisor.org\/pt\/escreva-verticalmente\/"]}]},{"@type":"ImageObject","inLanguage":"pt-PT","@id":"https:\/\/exceladvisor.org\/pt\/escreva-verticalmente\/#primaryimage","url":"https:\/\/exceladvisor.org\/wp-content\/uploads\/2023\/08\/1-ecrire-verticalement.png","contentUrl":"https:\/\/exceladvisor.org\/wp-content\/uploads\/2023\/08\/1-ecrire-verticalement.png"},{"@type":"BreadcrumbList","@id":"https:\/\/exceladvisor.org\/pt\/escreva-verticalmente\/#breadcrumb","itemListElement":[{"@type":"ListItem","position":1,"name":"Lar","item":"https:\/\/exceladvisor.org\/pt\/"},{"@type":"ListItem","position":2,"name":"Como escrever (digitar) verticalmente no excel?"}]},{"@type":"WebSite","@id":"https:\/\/exceladvisor.org\/pt\/#website","url":"https:\/\/exceladvisor.org\/pt\/","name":"Excel Advisor","description":"O seu guia definitivo para dominar os dados!","publisher":{"@id":"https:\/\/exceladvisor.org\/pt\/#organization"},"potentialAction":[{"@type":"SearchAction","target":{"@type":"EntryPoint","urlTemplate":"https:\/\/exceladvisor.org\/pt\/?s={search_term_string}"},"query-input":{"@type":"PropertyValueSpecification","valueRequired":true,"valueName":"search_term_string"}}],"inLanguage":"pt-PT"},{"@type":"Organization","@id":"https:\/\/exceladvisor.org\/pt\/#organization","name":"Excel Advisor","url":"https:\/\/exceladvisor.org\/pt\/","logo":{"@type":"ImageObject","inLanguage":"pt-PT","@id":"https:\/\/exceladvisor.org\/pt\/#\/schema\/logo\/image\/","url":"https:\/\/exceladvisor.org\/pt\/wp-content\/uploads\/2023\/12\/exceladvisor.org_.png","contentUrl":"https:\/\/exceladvisor.org\/pt\/wp-content\/uploads\/2023\/12\/exceladvisor.org_.png","width":105,"height":36,"caption":"Excel Advisor"},"image":{"@id":"https:\/\/exceladvisor.org\/pt\/#\/schema\/logo\/image\/"}}]}},"yoast_meta":{"yoast_wpseo_title":"","yoast_wpseo_metadesc":"","yoast_wpseo_canonical":""},"_links":{"self":[{"href":"https:\/\/exceladvisor.org\/pt\/wp-json\/wp\/v2\/pages\/412","targetHints":{"allow":["GET"]}}],"collection":[{"href":"https:\/\/exceladvisor.org\/pt\/wp-json\/wp\/v2\/pages"}],"about":[{"href":"https:\/\/exceladvisor.org\/pt\/wp-json\/wp\/v2\/types\/page"}],"author":[{"embeddable":true,"href":"https:\/\/exceladvisor.org\/pt\/wp-json\/wp\/v2\/users\/1"}],"replies":[{"embeddable":true,"href":"https:\/\/exceladvisor.org\/pt\/wp-json\/wp\/v2\/comments?post=412"}],"version-history":[{"count":1,"href":"https:\/\/exceladvisor.org\/pt\/wp-json\/wp\/v2\/pages\/412\/revisions"}],"predecessor-version":[{"id":1053,"href":"https:\/\/exceladvisor.org\/pt\/wp-json\/wp\/v2\/pages\/412\/revisions\/1053"}],"wp:attachment":[{"href":"https:\/\/exceladvisor.org\/pt\/wp-json\/wp\/v2\/media?parent=412"}],"curies":[{"name":"wp","href":"https:\/\/api.w.org\/{rel}","templated":true}]}}