{"id":413,"date":"2023-10-30T06:52:08","date_gmt":"2023-10-30T06:52:08","guid":{"rendered":"https:\/\/exceladvisor.org\/pt\/mover-linha-coluna\/"},"modified":"2023-12-06T11:38:28","modified_gmt":"2023-12-06T11:38:28","slug":"mover-linha-coluna","status":"publish","type":"page","link":"https:\/\/exceladvisor.org\/pt\/mover-linha-coluna\/","title":{"rendered":"Como mover uma linha e coluna no excel?"},"content":{"rendered":"<div class=\"excel-before-content-2\" id=\"excel-1697660467\"><script type=\"text\/javascript\">\r\n\tatOptions = {\r\n\t\t'key' : 'c1158f160081d6540a8409e6925dab94',\r\n\t\t'format' : 'iframe',\r\n\t\t'height' : 250,\r\n\t\t'width' : 300,\r\n\t\t'params' : {}\r\n\t};\r\n<\/script>\r\n<script type=\"text\/javascript\" src=\"\/\/www.highperformanceformat.com\/c1158f160081d6540a8409e6925dab94\/invoke.js\"><\/script><\/div><div class=\"excel-before-content\" id=\"excel-2037942436\"><script type=\"text\/javascript\">\r\n\tatOptions = {\r\n\t\t'key' : 'c1158f160081d6540a8409e6925dab94',\r\n\t\t'format' : 'iframe',\r\n\t\t'height' : 250,\r\n\t\t'width' : 300,\r\n\t\t'params' : {}\r\n\t};\r\n<\/script>\r\n<script type=\"text\/javascript\" src=\"\/\/www.highperformanceformat.com\/c1158f160081d6540a8409e6925dab94\/invoke.js\"><\/script><\/div> <p>No Excel, \u00e0s vezes voc\u00ea precisar\u00e1 mover uma linha e uma coluna para alterar sua ordem na planilha. Ainda ajuda a corrigir erros na planilha e aumentar sua legibilidade. Neste tutorial, veremos diferentes m\u00e9todos para mover uma linha e uma coluna.<\/p><h2 class=\"wp-block-heading\"> Etapas para mover uma linha no Excel<\/h2><p> Voc\u00ea pode mover uma linha facilmente sem substituir a linha existente, mantenha pressionada a tecla Shift.<\/p><ol><li> Primeiro, selecione a linha que deseja mover para cima ou para baixo. <br><img loading=\"lazy\" decoding=\"async\" title=\"Linha de 1 movimento\" src=\"https:\/\/exceladvisor.org\/wp-content\/uploads\/2023\/08\/1-ligne-de-deplacement.png\" sizes=\"auto, \" srcset=\"\" alt=\"move-row\" width=\"379\" height=\"222\"><\/li><li> Em seguida, mova o cursor at\u00e9 a borda da linha e voc\u00ea ver\u00e1 o \u00edcone com setas de quatro lados.<\/li><li> Agora, mantendo pressionada a tecla Shift e o bot\u00e3o esquerdo do mouse, arraste a linha selecionada para o local desejado.<\/li><li> Ao encontrar o ponto certo para a linha, solte a tecla Shift e clique com o mouse.<\/li><\/ol><p> Na imagem abaixo, a linha 7 \u00e9 movida para a linha 5 e a linha 5 existente desce automaticamente. <\/p><div class=\"wp-block-image\"><figure class=\"aligncenter size-full is-resized\"><img loading=\"lazy\" decoding=\"async\" class=\"wp-image-75194\" src=\"https:\/\/exceladvisor.org\/wp-content\/uploads\/2023\/08\/2-lignes-deplacees.png\" sizes=\"auto, \" srcset=\"\" alt=\"linha movida\" width=\"370\" height=\"219\"><\/figure><\/div><h2 class=\"wp-block-heading\"> Etapas para mover uma coluna<\/h2><p> Para mover rapidamente uma coluna no Excel, siga as etapas abaixo.<\/p><ol><li> Primeiro selecione a coluna que deseja mover na planilha. <br><img loading=\"lazy\" decoding=\"async\" title=\"15 colunas selecionadas\" src=\"https:\/\/exceladvisor.org\/wp-content\/uploads\/2023\/08\/15-colonne-selectionnee.png\" sizes=\"auto, \" srcset=\"\" alt=\"\" width=\"408\" height=\"202\"><\/li><li> Em seguida, passe o cursor at\u00e9 a borda da coluna selecionada e agora <strong>a seta de quatro lados<\/strong> aparece l\u00e1. <br><img loading=\"lazy\" decoding=\"async\" title=\"16 setas de quatro lados para mover\" src=\"https:\/\/exceladvisor.org\/wp-content\/uploads\/2023\/08\/16-fleche-a-quatre-cotes-pour-se-deplacer.png\" sizes=\"auto, \" srcset=\"\" alt=\"\" width=\"406\" height=\"201\"><\/li><li> Depois disso, pressione e segure a <strong>tecla Shift<\/strong> e o <strong>bot\u00e3o esquerdo do mouse<\/strong> ao mesmo tempo.<\/li><li> Agora arraste o controle deslizante para a nova posi\u00e7\u00e3o para onde deseja mover a coluna.<\/li><\/ol><p> No exemplo abaixo, vemos que a coluna da Se\u00e7\u00e3o A do Aluno se move em vez da Se\u00e7\u00e3o B. <\/p><div class=\"wp-block-image\"><figure class=\"aligncenter size-full is-resized\"><img loading=\"lazy\" decoding=\"async\" class=\"wp-image-77058\" src=\"https:\/\/exceladvisor.org\/wp-content\/uploads\/2023\/08\/17-la-colonne-a-se-deplace-a-la-place-de-la-colonne-b.png\" sizes=\"auto, \" srcset=\"\" alt=\"coluna-A-move-para-colocar-coluna-B\" width=\"423\" height=\"209\"><\/figure><\/div><h2 class=\"wp-block-heading\"> Mover v\u00e1rias linhas<\/h2><p> Se quiser mover v\u00e1rias linhas juntas, voc\u00ea pode fazer isso facilmente e aqui est\u00e3o as etapas para isso.<\/p><ol><li> Para isso, novamente, voc\u00ea precisa selecionar todas essas linhas em uma sequ\u00eancia que deseja mover, e pode selecionar as linhas arrastando o mouse sobre elas. <br><img loading=\"lazy\" decoding=\"async\" title=\"3-selecione m\u00faltiplas linhas\" src=\"https:\/\/exceladvisor.org\/wp-content\/uploads\/2023\/08\/3-selectionner-plusieurs-lignes.png\" sizes=\"auto, \" srcset=\"\" alt=\"select-multiple-rows\" width=\"413\" height=\"231\"><\/li><li> Depois disso, mova o ponteiro do mouse at\u00e9 a borda de uma das linhas selecionadas.<\/li><li> Agora voc\u00ea pode arrastar as linhas at\u00e9 o ponto onde deseja mov\u00ea-las enquanto mant\u00e9m pressionada a tecla Shift.<\/li><\/ol><p> Como voc\u00ea pode ver, as linhas selecionadas 5, 6, 7 s\u00e3o movidas para 2, 3, 4 e as linhas originais s\u00e3o deslocadas para baixo. <\/p><div class=\"wp-block-image\"><figure class=\"aligncenter size-full is-resized\"><img loading=\"lazy\" decoding=\"async\" class=\"wp-image-75196\" src=\"https:\/\/exceladvisor.org\/wp-content\/uploads\/2023\/08\/4-lignes-multiples-deplacees.png\" sizes=\"auto, \" srcset=\"\" alt=\"v\u00e1rias linhas movidas\" width=\"373\" height=\"219\"><\/figure><\/div><h3 class=\"wp-block-heading\"> Aprendizado<\/h3><ul><li> No caso de m\u00faltiplas linhas, voc\u00ea s\u00f3 pode mover linhas adjacentes para cima ou para baixo. No entanto, este m\u00e9todo n\u00e3o se aplica a m\u00faltiplas linhas n\u00e3o adjacentes.<\/li><li> E, sem segurar Shift, ele substituir\u00e1 as linhas em vez de mov\u00ea-las.<\/li><\/ul><h2 class=\"wp-block-heading\"> Mova v\u00e1rias colunas no Excel<\/h2><p> Para mover v\u00e1rias colunas, sem substituir os dados existentes.<\/p><ol><li> Selecione duas ou mais colunas arrastando o cursor sobre os cabe\u00e7alhos das colunas. <br><img loading=\"lazy\" decoding=\"async\" title=\"Sele\u00e7\u00e3o m\u00faltipla de 18 colunas\" src=\"https:\/\/exceladvisor.org\/wp-content\/uploads\/2023\/08\/18-colonnes-multiples-selectionnees.png\" sizes=\"auto, \" srcset=\"\" alt=\"\" width=\"411\" height=\"201\"><\/li><li> Em seguida, coloque o cursor na borda de uma das colunas selecionadas e agora existe a seta que ajuda a arrastar as colunas.<\/li><li> Mova o cursor para um novo local enquanto mant\u00e9m pressionada a tecla Shift e o bot\u00e3o esquerdo do mouse.<\/li><\/ol><p> No exemplo abaixo, as colunas de nomes de alunos avan\u00e7am para disciplinas. <\/p><div class=\"wp-block-image\"><figure class=\"aligncenter size-full is-resized\"><img loading=\"lazy\" decoding=\"async\" class=\"wp-image-77060\" src=\"https:\/\/exceladvisor.org\/wp-content\/uploads\/2023\/08\/19-sections-detudiants-se-deplacent-au-dessus-des-matieres.png\" sizes=\"auto, \" srcset=\"\" alt=\"\" width=\"416\" height=\"206\"><\/figure><\/div><h2 class=\"wp-block-heading\"> Mova uma linha recortando e colando<\/h2><p> A maneira mais f\u00e1cil de mover uma linha \u00e9 usar o m\u00e9todo copiar e colar.<\/p><ol><li> Selecione a linha pelo cabe\u00e7alho, clique com o bot\u00e3o direito sobre ela e clique na op\u00e7\u00e3o recortar. <br><img loading=\"lazy\" decoding=\"async\" title=\"5-mover linha por recortar e colar\" src=\"https:\/\/exceladvisor.org\/wp-content\/uploads\/2023\/08\/5-deplacer-la-ligne-par-copier-coller.png\" sizes=\"auto, \" srcset=\"\" alt=\"move-row-by-cut-and-paste\" width=\"394\" height=\"238\"><\/li><li> Depois de clicar nele, a linha ser\u00e1 <strong>destacada em verde<\/strong> . <br><img loading=\"lazy\" decoding=\"async\" title=\"6 linhas destacadas\" src=\"https:\/\/exceladvisor.org\/wp-content\/uploads\/2023\/08\/6-ligne-en-surbrillance.png\" sizes=\"auto, \" srcset=\"\" alt=\"highlighted-row\" width=\"385\" height=\"226\"><\/li><li> Em seguida, clique na linha para onde deseja mover a linha selecionada. <br><img loading=\"lazy\" decoding=\"async\" title=\"7 clique na linha\" src=\"https:\/\/exceladvisor.org\/wp-content\/uploads\/2023\/08\/7-cliquez-sur-la-ligne.png\" sizes=\"auto, \" srcset=\"\" alt=\"click-the-row\" width=\"385\" height=\"226\"><\/li><li> Aqui, clique com o bot\u00e3o direito nele e selecione a op\u00e7\u00e3o Inserir c\u00e9lulas cortadas na caixa de di\u00e1logo. <br><img loading=\"lazy\" decoding=\"async\" title=\"8-selecionar-cortar-inserir c\u00e9lulas\" src=\"https:\/\/exceladvisor.org\/wp-content\/uploads\/2023\/08\/8-selectionnez-les-cellules-dinsertion-coupees.png\" sizes=\"auto, \" srcset=\"\" alt=\"select-the-insert-cut-cells\" width=\"373\" height=\"285\"><\/li><li> Finalmente, voc\u00ea ver\u00e1 a linha selecionada subir e a linha original descer. <br><img loading=\"lazy\" decoding=\"async\" title=\"9 linhas selecionadas movidas para cima\" src=\"https:\/\/exceladvisor.org\/wp-content\/uploads\/2023\/08\/9-ligne-selectionnee-deplacee-vers-le-haut.png\" sizes=\"auto, \" srcset=\"\" alt=\"selected-row-moved-up\" width=\"369\" height=\"216\"><\/li><\/ol><h2 class=\"wp-block-heading\"> Mova uma coluna recortando e colando<\/h2><ol><li> Primeiro, selecione a coluna que deseja mover pelo cabe\u00e7alho e selecione a op\u00e7\u00e3o \u201cCortar\u201d clicando com o bot\u00e3o direito sobre ela. <br><img loading=\"lazy\" decoding=\"async\" title=\"20-selecione a op\u00e7\u00e3o de corte com o bot\u00e3o direito\" src=\"https:\/\/exceladvisor.org\/wp-content\/uploads\/2023\/08\/20-selectionnez-loption-de-coupe-a-partir-dun-clic-droit.png\" sizes=\"auto, \" srcset=\"\" alt=\"\" width=\"478\" height=\"215\"><\/li><li> Voc\u00ea pode ver agora que a coluna est\u00e1 destacada em verde. <br><img loading=\"lazy\" decoding=\"async\" title=\"21 colunas selecionadas destacadas em verde\" src=\"https:\/\/exceladvisor.org\/wp-content\/uploads\/2023\/08\/21-colonnes-selectionnees-surlignees-en-vert.png\" sizes=\"auto, \" srcset=\"\" alt=\"\" width=\"407\" height=\"202\"><\/li><li> Agora clique na coluna para onde deseja mover e escolha a op\u00e7\u00e3o \u201cInserir c\u00e9lulas cortadas\u201d clicando com o bot\u00e3o direito. <br><img loading=\"lazy\" decoding=\"async\" title=\"Op\u00e7\u00e3o de 22 op\u00e7\u00f5es de inser\u00e7\u00e3o de c\u00e9lulas cortadas\" src=\"https:\/\/exceladvisor.org\/wp-content\/uploads\/2023\/08\/22-choisir-loption-dinsertion-de-cellules-coupees.png\" sizes=\"auto, \" srcset=\"\" alt=\"\" width=\"415\" height=\"284\"><\/li><li> E voc\u00ea ver\u00e1 a coluna selecionada da se\u00e7\u00e3o A mudar de posi\u00e7\u00e3o e os alunos da se\u00e7\u00e3o B passarem para a pr\u00f3xima coluna. <br><img loading=\"lazy\" decoding=\"async\" title=\"23-se\u00e7\u00e3o-A-avan\u00e7a-em-dire\u00e7\u00e3o-se\u00e7\u00e3o-B\" src=\"https:\/\/exceladvisor.org\/wp-content\/uploads\/2023\/08\/23-la-section-a-passe-a-la-section-b.png\" sizes=\"auto, \" srcset=\"\" alt=\"\" width=\"415\" height=\"201\"><\/li><\/ol><p class=\"qt-tip\"> <strong>Nota:<\/strong> Por este m\u00e9todo, voc\u00ea pode at\u00e9 mover uma linha ou coluna para outra planilha da pasta de trabalho, usando a op\u00e7\u00e3o Inserir C\u00e9lula Cortada.<\/p><h2 class=\"wp-block-heading\"> Mover uma linha no Excel (Substituir)<\/h2><ol><li> Primeiro, selecione a linha inteira come\u00e7ando pelo n\u00famero da linha que deseja mover para cima. <br><img loading=\"lazy\" decoding=\"async\" title=\"10-sele\u00e7\u00e3o de linha inteira\" src=\"https:\/\/exceladvisor.org\/wp-content\/uploads\/2023\/08\/10-selectionner-la-ligne-entiere.png\" sizes=\"auto, \" srcset=\"\" alt=\"select-the-entire-row\" width=\"385\" height=\"222\"><\/li><li> Depois disso, passe o cursor na borda do cabe\u00e7alho da linha e ele mostrar\u00e1 um \u00edcone com setas de quatro lados.<\/li><li> Em seguida, mantenha pressionado o bot\u00e3o esquerdo do mouse e arraste a linha at\u00e9 o ponto para o qual deseja mover, e ela ser\u00e1 destacada em verde. <br><img loading=\"lazy\" decoding=\"async\" title=\"11-deslize a linha\" src=\"https:\/\/exceladvisor.org\/wp-content\/uploads\/2023\/08\/11-faites-glisser-la-ligne.png\" sizes=\"auto, \" srcset=\"\" alt=\"drag-the-row\" width=\"384\" height=\"224\"><\/li><li> Depois de arrastar a linha para outra linha que j\u00e1 cont\u00e9m dados, voc\u00ea ver\u00e1 uma janela pop-up com uma pergunta sobre a substitui\u00e7\u00e3o. <br><img loading=\"lazy\" decoding=\"async\" title=\"Linha de 12 pop-up na substitui\u00e7\u00e3o\" src=\"https:\/\/exceladvisor.org\/wp-content\/uploads\/2023\/08\/12-pop-up-lors-du-remplacement-de-la-ligne.png\" sizes=\"auto, \" srcset=\"\" alt=\"pop-up-on-replacing-row\" width=\"571\" height=\"173\"><\/li><li> Agora, quando voc\u00ea clicar em OK, a linha ser\u00e1 substitu\u00edda e a posi\u00e7\u00e3o existente da linha permanecer\u00e1 vazia. <br><img loading=\"lazy\" decoding=\"async\" title=\"13 substituiu a linha existente\" src=\"https:\/\/exceladvisor.org\/wp-content\/uploads\/2023\/08\/13-a-remplace-la-ligne-existante.png\" sizes=\"auto, \" srcset=\"\" alt=\"replaced-the-existing-row\" width=\"389\" height=\"224\"><\/li><\/ol><h2 class=\"wp-block-heading\"> Mova uma coluna substituindo<\/h2><ol><li> Selecione a coluna que deseja mover para a nova posi\u00e7\u00e3o.<\/li><li> Mova o cursor para a borda da coluna e voc\u00ea ver\u00e1 a seta de quatro lados.<\/li><li> Agora pressione e segure o bot\u00e3o esquerdo do mouse e arraste a coluna por seta onde deseja coloc\u00e1-la, e essa coluna ficar\u00e1 destacada em verde. <br><img loading=\"lazy\" decoding=\"async\" title=\"24 colunas selecionadas, arrastar para a nova posi\u00e7\u00e3o\" src=\"https:\/\/exceladvisor.org\/wp-content\/uploads\/2023\/08\/24-colonnes-selectionnees-faites-glisser-vers-la-nouvelle-position.png\" sizes=\"auto, \" srcset=\"\" alt=\"\" width=\"443\" height=\"190\"><\/li><li> Se j\u00e1 houver dados na coluna, ser\u00e1 solicitado que voc\u00ea os substitua, mostrando uma janela pop-up. <br><img loading=\"lazy\" decoding=\"async\" title=\"25 telas pop-up\" src=\"https:\/\/exceladvisor.org\/wp-content\/uploads\/2023\/08\/25-affichages-contextuels.png\" sizes=\"auto, \" srcset=\"\" alt=\"\" width=\"339\" height=\"135\"><\/li><li> Ao clicar no bot\u00e3o \u201cOk\u201d, ele substitui a coluna e o local anterior da coluna permanece vazio agora. <br><img loading=\"lazy\" decoding=\"async\" title=\"26-coluna-b-permanece vazia\" src=\"https:\/\/exceladvisor.org\/wp-content\/uploads\/2023\/08\/26-la-colonne-b-reste-vide.png\" sizes=\"auto, \" srcset=\"\" alt=\"\" width=\"386\" height=\"201\"><\/li><\/ol><p class=\"qt-tip\"> Importante: Se voc\u00ea mover uma linha ou coluna para uma linha vazia, o Excel n\u00e3o exibir\u00e1 esta caixa de di\u00e1logo na janela. Ele simplesmente mover\u00e1 os dados para a linha ou coluna vazia.<\/p><div class=\"gb-container gb-container-4db6181c gb-container-mt\"> <a class=\"gb-button gb-button-c5897111 gb-button-text gb-button-mt-button\" href=\"https:\/\/exceladvisor.org\/pt\/nocoes-basicas-de-excel\/\">No\u00e7\u00f5es b\u00e1sicas do Microsoft Excel (componentes, pe\u00e7as e notas de conhecimento)<\/a><h2 class=\"gb-headline gb-headline-665e5f6b gb-headline-text gb-headline-mt-heading\"> Tutoriais relacionados <\/h2><div class=\"gb-grid-wrapper gb-grid-wrapper-a20baf7c gb-grid-wrapper-mt-grid\"><div class=\"gb-grid-column gb-grid-column-65ddf67e\"><div class=\"gb-container gb-container-65ddf67e\"><ul><li> <a href=\"https:\/\/exceladvisor.org\/pt\/adicionar-remover-hiperlinks\/\">Adicione e remova hiperlinks no Excel<\/a><\/li><li> <a href=\"https:\/\/exceladvisor.org\/pt\/adicione-uma-marca-dagua\/\">Adicione uma marca d&#8217;\u00e1gua no Excel<\/a><\/li><li> <a href=\"https:\/\/exceladvisor.org\/pt\/remover-colunas-de-linha-ocultas\/\">Exclua linhas ocultas no Excel<\/a><\/li><li> <a href=\"https:\/\/exceladvisor.org\/pt\/desmarcar-celulas\/\">Desmarcar c\u00e9lulas no Excel<\/a> <\/li><\/ul><\/div><\/div><div class=\"gb-grid-column gb-grid-column-50067b57\"><div class=\"gb-container gb-container-50067b57\"><ul><li> <a href=\"https:\/\/exceladvisor.org\/pt\/excluir-linhas\/\">Exclua uma linha ou v\u00e1rias linhas no Excel<\/a><\/li><li> <a href=\"https:\/\/exceladvisor.org\/pt\/copiar-coluna\/\">Copie e cole uma coluna no Excel<\/a><\/li><li> <a href=\"https:\/\/exceladvisor.org\/pt\/largura-da-coluna\/\">Alterar a largura da coluna no Excel<\/a><\/li><li> <a href=\"https:\/\/exceladvisor.org\/pt\/trocar-o-celular\/\">Troque rapidamente duas c\u00e9lulas no Excel<\/a><\/li><\/ul><\/div><\/div><\/div><\/div>","protected":false},"excerpt":{"rendered":"","protected":false},"author":1,"featured_media":0,"parent":0,"menu_order":0,"comment_status":"open","ping_status":"closed","template":"","meta":{"ub_ctt_via":"","footnotes":""},"class_list":["post-413","page","type-page","status-publish","hentry"],"featured_image_src":null,"yoast_head":"<!-- This site is optimized with the Yoast SEO plugin v25.4 - https:\/\/yoast.com\/wordpress\/plugins\/seo\/ -->\n<title>\u25b7 Como mover uma linha e coluna no Excel?<\/title>\n<meta name=\"description\" content=\"Neste tutorial, veremos um m\u00e9todo r\u00e1pido e f\u00e1cil para mover uma linha e uma coluna. E as m\u00faltiplas linhas e...\" \/>\n<meta name=\"robots\" content=\"index, follow, max-snippet:-1, max-image-preview:large, max-video-preview:-1\" \/>\n<link rel=\"canonical\" href=\"https:\/\/exceladvisor.org\/pt\/mover-linha-coluna\/\" \/>\n<meta property=\"og:locale\" content=\"pt_PT\" \/>\n<meta property=\"og:type\" content=\"article\" \/>\n<meta property=\"og:title\" content=\"\u25b7 Como mover uma linha e coluna no Excel?\" \/>\n<meta property=\"og:description\" content=\"Neste tutorial, veremos um m\u00e9todo r\u00e1pido e f\u00e1cil para mover uma linha e uma coluna. E as m\u00faltiplas linhas e...\" \/>\n<meta property=\"og:url\" content=\"https:\/\/exceladvisor.org\/pt\/mover-linha-coluna\/\" \/>\n<meta property=\"og:site_name\" content=\"Excel Advisor\" \/>\n<meta property=\"article:modified_time\" content=\"2023-12-06T11:38:28+00:00\" \/>\n<meta property=\"og:image\" content=\"https:\/\/exceladvisor.org\/wp-content\/uploads\/2023\/08\/1-ligne-de-deplacement.png\" \/>\n<meta name=\"twitter:card\" content=\"summary_large_image\" \/>\n<meta name=\"twitter:label1\" content=\"Tempo estimado de leitura\" \/>\n\t<meta name=\"twitter:data1\" content=\"5 minutos\" \/>\n<script type=\"application\/ld+json\" class=\"yoast-schema-graph\">{\"@context\":\"https:\/\/schema.org\",\"@graph\":[{\"@type\":\"WebPage\",\"@id\":\"https:\/\/exceladvisor.org\/pt\/mover-linha-coluna\/\",\"url\":\"https:\/\/exceladvisor.org\/pt\/mover-linha-coluna\/\",\"name\":\"\u25b7 Como mover uma linha e coluna no Excel?\",\"isPartOf\":{\"@id\":\"https:\/\/exceladvisor.org\/pt\/#website\"},\"primaryImageOfPage\":{\"@id\":\"https:\/\/exceladvisor.org\/pt\/mover-linha-coluna\/#primaryimage\"},\"image\":{\"@id\":\"https:\/\/exceladvisor.org\/pt\/mover-linha-coluna\/#primaryimage\"},\"thumbnailUrl\":\"https:\/\/exceladvisor.org\/wp-content\/uploads\/2023\/08\/1-ligne-de-deplacement.png\",\"datePublished\":\"2023-10-30T06:52:08+00:00\",\"dateModified\":\"2023-12-06T11:38:28+00:00\",\"description\":\"Neste tutorial, veremos um m\u00e9todo r\u00e1pido e f\u00e1cil para mover uma linha e uma coluna. E as m\u00faltiplas linhas e...\",\"breadcrumb\":{\"@id\":\"https:\/\/exceladvisor.org\/pt\/mover-linha-coluna\/#breadcrumb\"},\"inLanguage\":\"pt-PT\",\"potentialAction\":[{\"@type\":\"ReadAction\",\"target\":[\"https:\/\/exceladvisor.org\/pt\/mover-linha-coluna\/\"]}]},{\"@type\":\"ImageObject\",\"inLanguage\":\"pt-PT\",\"@id\":\"https:\/\/exceladvisor.org\/pt\/mover-linha-coluna\/#primaryimage\",\"url\":\"https:\/\/exceladvisor.org\/wp-content\/uploads\/2023\/08\/1-ligne-de-deplacement.png\",\"contentUrl\":\"https:\/\/exceladvisor.org\/wp-content\/uploads\/2023\/08\/1-ligne-de-deplacement.png\"},{\"@type\":\"BreadcrumbList\",\"@id\":\"https:\/\/exceladvisor.org\/pt\/mover-linha-coluna\/#breadcrumb\",\"itemListElement\":[{\"@type\":\"ListItem\",\"position\":1,\"name\":\"Lar\",\"item\":\"https:\/\/exceladvisor.org\/pt\/\"},{\"@type\":\"ListItem\",\"position\":2,\"name\":\"Como mover uma linha e coluna no excel?\"}]},{\"@type\":\"WebSite\",\"@id\":\"https:\/\/exceladvisor.org\/pt\/#website\",\"url\":\"https:\/\/exceladvisor.org\/pt\/\",\"name\":\"Excel Advisor\",\"description\":\"O seu guia definitivo para dominar os dados!\",\"publisher\":{\"@id\":\"https:\/\/exceladvisor.org\/pt\/#organization\"},\"potentialAction\":[{\"@type\":\"SearchAction\",\"target\":{\"@type\":\"EntryPoint\",\"urlTemplate\":\"https:\/\/exceladvisor.org\/pt\/?s={search_term_string}\"},\"query-input\":{\"@type\":\"PropertyValueSpecification\",\"valueRequired\":true,\"valueName\":\"search_term_string\"}}],\"inLanguage\":\"pt-PT\"},{\"@type\":\"Organization\",\"@id\":\"https:\/\/exceladvisor.org\/pt\/#organization\",\"name\":\"Excel Advisor\",\"url\":\"https:\/\/exceladvisor.org\/pt\/\",\"logo\":{\"@type\":\"ImageObject\",\"inLanguage\":\"pt-PT\",\"@id\":\"https:\/\/exceladvisor.org\/pt\/#\/schema\/logo\/image\/\",\"url\":\"https:\/\/exceladvisor.org\/pt\/wp-content\/uploads\/2023\/12\/exceladvisor.org_.png\",\"contentUrl\":\"https:\/\/exceladvisor.org\/pt\/wp-content\/uploads\/2023\/12\/exceladvisor.org_.png\",\"width\":105,\"height\":36,\"caption\":\"Excel Advisor\"},\"image\":{\"@id\":\"https:\/\/exceladvisor.org\/pt\/#\/schema\/logo\/image\/\"}}]}<\/script>\n<!-- \/ Yoast SEO plugin. -->","yoast_head_json":{"title":"\u25b7 Como mover uma linha e coluna no Excel?","description":"Neste tutorial, veremos um m\u00e9todo r\u00e1pido e f\u00e1cil para mover uma linha e uma coluna. E as m\u00faltiplas linhas e...","robots":{"index":"index","follow":"follow","max-snippet":"max-snippet:-1","max-image-preview":"max-image-preview:large","max-video-preview":"max-video-preview:-1"},"canonical":"https:\/\/exceladvisor.org\/pt\/mover-linha-coluna\/","og_locale":"pt_PT","og_type":"article","og_title":"\u25b7 Como mover uma linha e coluna no Excel?","og_description":"Neste tutorial, veremos um m\u00e9todo r\u00e1pido e f\u00e1cil para mover uma linha e uma coluna. E as m\u00faltiplas linhas e...","og_url":"https:\/\/exceladvisor.org\/pt\/mover-linha-coluna\/","og_site_name":"Excel Advisor","article_modified_time":"2023-12-06T11:38:28+00:00","og_image":[{"url":"https:\/\/exceladvisor.org\/wp-content\/uploads\/2023\/08\/1-ligne-de-deplacement.png","type":"","width":"","height":""}],"twitter_card":"summary_large_image","twitter_misc":{"Tempo estimado de leitura":"5 minutos"},"schema":{"@context":"https:\/\/schema.org","@graph":[{"@type":"WebPage","@id":"https:\/\/exceladvisor.org\/pt\/mover-linha-coluna\/","url":"https:\/\/exceladvisor.org\/pt\/mover-linha-coluna\/","name":"\u25b7 Como mover uma linha e coluna no Excel?","isPartOf":{"@id":"https:\/\/exceladvisor.org\/pt\/#website"},"primaryImageOfPage":{"@id":"https:\/\/exceladvisor.org\/pt\/mover-linha-coluna\/#primaryimage"},"image":{"@id":"https:\/\/exceladvisor.org\/pt\/mover-linha-coluna\/#primaryimage"},"thumbnailUrl":"https:\/\/exceladvisor.org\/wp-content\/uploads\/2023\/08\/1-ligne-de-deplacement.png","datePublished":"2023-10-30T06:52:08+00:00","dateModified":"2023-12-06T11:38:28+00:00","description":"Neste tutorial, veremos um m\u00e9todo r\u00e1pido e f\u00e1cil para mover uma linha e uma coluna. E as m\u00faltiplas linhas e...","breadcrumb":{"@id":"https:\/\/exceladvisor.org\/pt\/mover-linha-coluna\/#breadcrumb"},"inLanguage":"pt-PT","potentialAction":[{"@type":"ReadAction","target":["https:\/\/exceladvisor.org\/pt\/mover-linha-coluna\/"]}]},{"@type":"ImageObject","inLanguage":"pt-PT","@id":"https:\/\/exceladvisor.org\/pt\/mover-linha-coluna\/#primaryimage","url":"https:\/\/exceladvisor.org\/wp-content\/uploads\/2023\/08\/1-ligne-de-deplacement.png","contentUrl":"https:\/\/exceladvisor.org\/wp-content\/uploads\/2023\/08\/1-ligne-de-deplacement.png"},{"@type":"BreadcrumbList","@id":"https:\/\/exceladvisor.org\/pt\/mover-linha-coluna\/#breadcrumb","itemListElement":[{"@type":"ListItem","position":1,"name":"Lar","item":"https:\/\/exceladvisor.org\/pt\/"},{"@type":"ListItem","position":2,"name":"Como mover uma linha e coluna no excel?"}]},{"@type":"WebSite","@id":"https:\/\/exceladvisor.org\/pt\/#website","url":"https:\/\/exceladvisor.org\/pt\/","name":"Excel Advisor","description":"O seu guia definitivo para dominar os dados!","publisher":{"@id":"https:\/\/exceladvisor.org\/pt\/#organization"},"potentialAction":[{"@type":"SearchAction","target":{"@type":"EntryPoint","urlTemplate":"https:\/\/exceladvisor.org\/pt\/?s={search_term_string}"},"query-input":{"@type":"PropertyValueSpecification","valueRequired":true,"valueName":"search_term_string"}}],"inLanguage":"pt-PT"},{"@type":"Organization","@id":"https:\/\/exceladvisor.org\/pt\/#organization","name":"Excel Advisor","url":"https:\/\/exceladvisor.org\/pt\/","logo":{"@type":"ImageObject","inLanguage":"pt-PT","@id":"https:\/\/exceladvisor.org\/pt\/#\/schema\/logo\/image\/","url":"https:\/\/exceladvisor.org\/pt\/wp-content\/uploads\/2023\/12\/exceladvisor.org_.png","contentUrl":"https:\/\/exceladvisor.org\/pt\/wp-content\/uploads\/2023\/12\/exceladvisor.org_.png","width":105,"height":36,"caption":"Excel Advisor"},"image":{"@id":"https:\/\/exceladvisor.org\/pt\/#\/schema\/logo\/image\/"}}]}},"yoast_meta":{"yoast_wpseo_title":"","yoast_wpseo_metadesc":"","yoast_wpseo_canonical":""},"_links":{"self":[{"href":"https:\/\/exceladvisor.org\/pt\/wp-json\/wp\/v2\/pages\/413","targetHints":{"allow":["GET"]}}],"collection":[{"href":"https:\/\/exceladvisor.org\/pt\/wp-json\/wp\/v2\/pages"}],"about":[{"href":"https:\/\/exceladvisor.org\/pt\/wp-json\/wp\/v2\/types\/page"}],"author":[{"embeddable":true,"href":"https:\/\/exceladvisor.org\/pt\/wp-json\/wp\/v2\/users\/1"}],"replies":[{"embeddable":true,"href":"https:\/\/exceladvisor.org\/pt\/wp-json\/wp\/v2\/comments?post=413"}],"version-history":[{"count":1,"href":"https:\/\/exceladvisor.org\/pt\/wp-json\/wp\/v2\/pages\/413\/revisions"}],"predecessor-version":[{"id":1127,"href":"https:\/\/exceladvisor.org\/pt\/wp-json\/wp\/v2\/pages\/413\/revisions\/1127"}],"wp:attachment":[{"href":"https:\/\/exceladvisor.org\/pt\/wp-json\/wp\/v2\/media?parent=413"}],"curies":[{"name":"wp","href":"https:\/\/api.w.org\/{rel}","templated":true}]}}