{"id":414,"date":"2023-10-30T06:00:23","date_gmt":"2023-10-30T06:00:23","guid":{"rendered":"https:\/\/exceladvisor.org\/pt\/copiar-formatacao\/"},"modified":"2023-12-06T11:36:21","modified_gmt":"2023-12-06T11:36:21","slug":"copiar-formatacao","status":"publish","type":"page","link":"https:\/\/exceladvisor.org\/pt\/copiar-formatacao\/","title":{"rendered":"Como copiar a formata\u00e7\u00e3o no excel?"},"content":{"rendered":"<div class=\"excel-before-content-2\" id=\"excel-688963273\"><script type=\"text\/javascript\">\r\n\tatOptions = {\r\n\t\t'key' : 'c1158f160081d6540a8409e6925dab94',\r\n\t\t'format' : 'iframe',\r\n\t\t'height' : 250,\r\n\t\t'width' : 300,\r\n\t\t'params' : {}\r\n\t};\r\n<\/script>\r\n<script type=\"text\/javascript\" src=\"\/\/www.highperformanceformat.com\/c1158f160081d6540a8409e6925dab94\/invoke.js\"><\/script><\/div><div class=\"excel-before-content\" id=\"excel-3216875089\"><script type=\"text\/javascript\">\r\n\tatOptions = {\r\n\t\t'key' : 'c1158f160081d6540a8409e6925dab94',\r\n\t\t'format' : 'iframe',\r\n\t\t'height' : 250,\r\n\t\t'width' : 300,\r\n\t\t'params' : {}\r\n\t};\r\n<\/script>\r\n<script type=\"text\/javascript\" src=\"\/\/www.highperformanceformat.com\/c1158f160081d6540a8409e6925dab94\/invoke.js\"><\/script><\/div> <p>Para copiar a formata\u00e7\u00e3o de uma c\u00e9lula ou intervalo de v\u00e1rias c\u00e9lulas, voc\u00ea deve primeiro selecion\u00e1-la e depois copi\u00e1-la. Depois disso, selecione a c\u00e9lula ou intervalo no qual deseja colar a formata\u00e7\u00e3o. Aqui voc\u00ea pode usar a op\u00e7\u00e3o colar especial para colar apenas a formata\u00e7\u00e3o e deixar o resto. <\/p><div class=\"wp-block-image\"><figure class=\"aligncenter size-full is-resized\"><img loading=\"lazy\" decoding=\"async\" class=\"wp-image-77671\" src=\"https:\/\/exceladvisor.org\/wp-content\/uploads\/2023\/08\/1-copie-mise-en-forme-sous-excel.png\" sizes=\"auto, \" srcset=\"\" alt=\"copiar-formata\u00e7\u00e3o-em-excel\" width=\"762\" height=\"483\"><\/figure><\/div><p> Neste tutorial, aprenderemos diferentes maneiras de copiar e colar apenas a formata\u00e7\u00e3o de uma c\u00e9lula ou intervalo de c\u00e9lulas no Excel.<\/p><h2 class=\"wp-block-heading\"> Copie a formata\u00e7\u00e3o das c\u00e9lulas no Excel usando Colar especial<\/h2><ol><li> Primeiro, selecione a c\u00e9lula ou intervalo e pressione Ctrl + C para copiar a c\u00e9lula. <br><img loading=\"lazy\" decoding=\"async\" title=\"2-copiar-formatar-usando-colar-especial\" src=\"https:\/\/exceladvisor.org\/wp-content\/uploads\/2023\/08\/2-formatage-de-copie-avec-collage-special.png\" sizes=\"auto, \" srcset=\"\" alt=\"copy-formatting-using-paste-special\" width=\"292\" height=\"209\"><\/li><li> Depois disso, selecione as c\u00e9lulas onde deseja colar a formata\u00e7\u00e3o. <br><img loading=\"lazy\" decoding=\"async\" title=\"Formata\u00e7\u00e3o de 3 c\u00e9lulas selecionadas para colar\" src=\"https:\/\/exceladvisor.org\/wp-content\/uploads\/2023\/08\/3-selectionnez-les-cellules-pour-coller-la-mise-en-forme.png\" sizes=\"auto, \" srcset=\"\" alt=\"select-cells-to-paste-formatting\" width=\"275\" height=\"284\"><\/li><li> Agora v\u00e1 para a guia In\u00edcio e abra a op\u00e7\u00e3o de colar ou use o atalho de teclado Alt + H + S para abrir a pasta especial. <br><img loading=\"lazy\" decoding=\"async\" title=\"Op\u00e7\u00e3o especial 4 massas abertas\" src=\"https:\/\/exceladvisor.org\/wp-content\/uploads\/2023\/08\/4-option-speciale-pate-ouverte.png\" sizes=\"auto, \" srcset=\"\" alt=\"open-paste-special-option\" width=\"299\" height=\"422\"><\/li><li> Em seguida, selecione o formato e clique em OK para colar apenas os formatos. <br><img loading=\"lazy\" decoding=\"async\" title=\"5 formatos para escolher apenas\" src=\"https:\/\/exceladvisor.org\/wp-content\/uploads\/2023\/08\/5-choisir-les-formats-uniquement.png\" sizes=\"auto, \" srcset=\"\" alt=\"choose-formats-only\" width=\"614\" height=\"393\"><\/li><\/ol><p> E depois de clicar em OK, voc\u00ea obt\u00e9m a formata\u00e7\u00e3o da c\u00e9lula selecionada. Dessa forma, voc\u00ea pode copiar e colar rapidamente a formata\u00e7\u00e3o de uma c\u00e9lula ou intervalo de c\u00e9lulas.<\/p><h2 class=\"wp-block-heading\"> Copie a formata\u00e7\u00e3o das c\u00e9lulas usando o Format Painter<\/h2><p> Abaixo voc\u00ea tem a c\u00e9lula A1 com <a href=\"https:\/\/exceladvisor.org\/pt\/formato-de-numero-contabil\/\">formato de valor e n\u00famero cont\u00e1bil<\/a> . E agora voc\u00ea precisa obter a mesma formata\u00e7\u00e3o para a c\u00e9lula B1. <\/p><div class=\"wp-block-image\"><figure class=\"aligncenter size-full is-resized\"><img loading=\"lazy\" decoding=\"async\" class=\"wp-image-77677\" src=\"https:\/\/exceladvisor.org\/wp-content\/uploads\/2023\/08\/6-Copier-la-mise-en-forme-des-cellules-a-laide-de-Format-Painter.png\" sizes=\"auto, \" srcset=\"\" alt=\"copiar formata\u00e7\u00e3o de c\u00e9lula usando pintor de formato\" width=\"386\" height=\"170\"><\/figure><\/div><ol><li> Selecione a c\u00e9lula A1. <br><img loading=\"lazy\" decoding=\"async\" title=\"7 c\u00e9lulas de sele\u00e7\u00e3o\" src=\"https:\/\/exceladvisor.org\/wp-content\/uploads\/2023\/08\/7-selectionnez-la-cellule.png\" sizes=\"auto, \" srcset=\"\" alt=\"select-the-cell\" width=\"391\" height=\"171\"><\/li><li> V\u00e1 para a guia inicial e clique no bot\u00e3o Format Painter. <br><img loading=\"lazy\" decoding=\"async\" title=\"Bot\u00e3o de pintura de formato de 8 cliques\" src=\"https:\/\/exceladvisor.org\/wp-content\/uploads\/2023\/08\/Bouton-peintre-de-format-en-8-clics.png\" sizes=\"auto, \" srcset=\"\" alt=\"click-format-painter-button\" width=\"397\" height=\"318\"><\/li><li> Isso converter\u00e1 o cursor do mouse em um pincel. <br><img loading=\"lazy\" decoding=\"async\" title=\"9 cursor do mouse para pincel\" src=\"https:\/\/exceladvisor.org\/wp-content\/uploads\/2023\/08\/9-curseur-de-la-souris-au-pinceau.png\" sizes=\"auto, \" srcset=\"\" alt=\"mouse-cursor-to-paintbrush\" width=\"353\" height=\"381\"><\/li><li> Sem outras c\u00e9lulas ou op\u00e7\u00f5es selecionadas, clique na c\u00e9lula B1. Ele aplicar\u00e1 instantaneamente a formata\u00e7\u00e3o da c\u00e9lula \u00e0 c\u00e9lula B1. <br><img loading=\"lazy\" decoding=\"async\" title=\"10-selecione a c\u00e9lula para colar\" src=\"https:\/\/exceladvisor.org\/wp-content\/uploads\/2023\/08\/10-selectionner-la-cellule-a-coller.png\" sizes=\"auto, \" srcset=\"\" alt=\"select-the-cell-to-paste\" width=\"387\" height=\"114\"><\/li><\/ol><h2 class=\"wp-block-heading\"> Atalho de teclado para copiar a formata\u00e7\u00e3o e aplicar<\/h2><p> Voc\u00ea tamb\u00e9m pode usar um atalho de teclado para copiar e colar a formata\u00e7\u00e3o.<\/p><ul><li> Selecione a c\u00e9lula e pressione a tecla de atalho Ctrl + C.<\/li><li> Selecione a c\u00e9lula onde deseja aplicar a formata\u00e7\u00e3o e pressione Alt \u21e2 H \u21e2 V \u21e2 R.<\/li><\/ul><h2 class=\"wp-block-heading\"> Use o menu arrastar e soltar para copiar o formato da c\u00e9lula<\/h2><ol><li> Selecione a c\u00e9lula A1 ou onde quer que voc\u00ea tenha a formata\u00e7\u00e3o. <br><img loading=\"lazy\" decoding=\"async\" title=\"11 c\u00f3pias de formata\u00e7\u00e3o de c\u00e9lulas usando arrastar e soltar\" src=\"https:\/\/exceladvisor.org\/wp-content\/uploads\/2023\/08\/11-copier-la-mise-en-forme-des-cellules-par-glisser-deposer.png\" sizes=\"auto, \" srcset=\"\" alt=\"copy-cell-formatting-using-drag-drop\" width=\"366\" height=\"149\"><\/li><li> Passe o mouse sobre a borda da c\u00e9lula e pressione e segure o bot\u00e3o direito do mouse. <br><img loading=\"lazy\" decoding=\"async\" title=\"Mouse de 12 pontos na borda da c\u00e9lula\" src=\"https:\/\/exceladvisor.org\/wp-content\/uploads\/2023\/08\/12-pointez-la-souris-sur-la-bordure-de-la-cellule.png\" sizes=\"auto, \" srcset=\"\" alt=\"hover-mouse-on-the-cell-border\" width=\"362\" height=\"148\"><\/li><li> Solte-o na c\u00e9lula onde deseja colar a formata\u00e7\u00e3o. <br><img loading=\"lazy\" decoding=\"async\" title=\"Formata\u00e7\u00e3o 13-arraste-onde-colar\" src=\"https:\/\/exceladvisor.org\/wp-content\/uploads\/2023\/08\/13-faites-glisser-ou-coller-la-mise-en-forme.png\" sizes=\"auto, \" srcset=\"\" alt=\"drag-where-to-paste-formatting\" width=\"425\" height=\"140\"><\/li><li> Solte o bot\u00e3o para entrar no menu. <br><img loading=\"lazy\" decoding=\"async\" title=\"14 bot\u00f5es de libera\u00e7\u00e3o para menu\" src=\"https:\/\/exceladvisor.org\/wp-content\/uploads\/2023\/08\/14-bouton-de-deverrouillage-pour-le-menu.png\" sizes=\"auto, \" srcset=\"\" alt=\"release-button-for-menu\" width=\"514\" height=\"344\"><\/li><li> Selecione a op\u00e7\u00e3o \u201cCopiar aqui apenas como formatos\u201d. <br><img loading=\"lazy\" decoding=\"async\" title=\"15 c\u00f3pias apenas como formatos\" src=\"https:\/\/exceladvisor.org\/wp-content\/uploads\/2023\/08\/15-copies-en-tant-que-formats-uniquement.png\" sizes=\"auto, \" srcset=\"\" alt=\"copy-as-formats-only\" width=\"421\" height=\"114\"><\/li><\/ol><h2 class=\"wp-block-heading\"> Copiar formata\u00e7\u00e3o com al\u00e7a de preenchimento<\/h2><p> Se voc\u00ea tiver formata\u00e7\u00e3o em uma c\u00e9lula e quiser copiar e colar essa formata\u00e7\u00e3o nas c\u00e9lulas abaixo, poder\u00e1 usar a al\u00e7a de preenchimento para isso.<\/p><ol><li> Selecione a c\u00e9lula A1 e passe o mouse sobre o canto inferior direito da c\u00e9lula. <br><img loading=\"lazy\" decoding=\"async\" title=\"Formata\u00e7\u00e3o de 16 c\u00f3pias com al\u00e7a de preenchimento\" src=\"https:\/\/exceladvisor.org\/wp-content\/uploads\/2023\/08\/Formatage-de-16-copies-avec-poignee-de-remplissage.png\" sizes=\"auto, \" srcset=\"\" alt=\"copy-formatting-with-fill-handle\" width=\"329\" height=\"130\"><\/li><li> Mantenha pressionado o bot\u00e3o esquerdo do mouse e arraste-o para a c\u00e9lula A2. <br><img loading=\"lazy\" decoding=\"async\" title=\"17 vezes segure o mouse e arraste\" src=\"https:\/\/exceladvisor.org\/wp-content\/uploads\/2023\/08\/17-maintenez-la-souris-enfoncee-et-faites-glisser.png\" sizes=\"auto, \" srcset=\"\" alt=\"hold-mouse-and-drag\" width=\"340\" height=\"168\"><\/li><li> Voc\u00ea obter\u00e1 as op\u00e7\u00f5es de preenchimento autom\u00e1tico na parte inferior da c\u00e9lula. <br><img loading=\"lazy\" decoding=\"async\" title=\"18 op\u00e7\u00f5es de preenchimento autom\u00e1tico\" src=\"https:\/\/exceladvisor.org\/wp-content\/uploads\/2023\/08\/18-options-de-remplissage-automatique.png\" sizes=\"auto, \" srcset=\"\" alt=\"autofill-options\" width=\"338\" height=\"174\"><\/li><li> Clique no menu suspenso e selecione \u201cPreencher apenas formata\u00e7\u00e3o\u201d. <br><img loading=\"lazy\" decoding=\"async\" title=\"19 escolha preencher somente formata\u00e7\u00e3o\" src=\"https:\/\/exceladvisor.org\/wp-content\/uploads\/2023\/08\/19-choisir-le-formatage-de-remplissage-uniquement.png\" sizes=\"auto, \" srcset=\"\" alt=\"choose-fill-formatting-only\" width=\"390\" height=\"245\"><\/li><\/ol><p> Se voc\u00ea n\u00e3o vir o menu suspenso Preenchimento autom\u00e1tico, v\u00e1 para Guia Arquivo \u21e2 <a href=\"https:\/\/exceladvisor.org\/pt\/opcoes\/\">Op\u00e7\u00f5es do Excel<\/a> \u21e2 Avan\u00e7ado \u21e2 Op\u00e7\u00f5es de edi\u00e7\u00e3o \u21e2 Ativar <a href=\"https:\/\/exceladvisor.org\/pt\/alca-de-enchimento\/\">identificador de preenchimento<\/a> . E, se ainda n\u00e3o o vir, v\u00e1 para a guia Arquivo \u21e2 Op\u00e7\u00f5es do Excel \u21e2 Recortar, copiar e colar \u21e2 Mostrar bot\u00e3o Op\u00e7\u00f5es de colagem quando o conte\u00fado for colado.<\/p><div class=\"gb-container gb-container-4db6181c gb-container-mt\"> <a class=\"gb-button gb-button-c5897111 gb-button-text gb-button-mt-button\" href=\"https:\/\/exceladvisor.org\/pt\/nocoes-basicas-de-excel\/\">No\u00e7\u00f5es b\u00e1sicas do Microsoft Excel (componentes, pe\u00e7as e notas de conhecimento)<\/a><h2 class=\"gb-headline gb-headline-665e5f6b gb-headline-text gb-headline-mt-heading\"> Tutoriais relacionados <\/h2><div class=\"gb-grid-wrapper gb-grid-wrapper-a20baf7c gb-grid-wrapper-mt-grid\"><div class=\"gb-grid-column gb-grid-column-65ddf67e\"><div class=\"gb-container gb-container-65ddf67e\"><ul><li> <a href=\"https:\/\/exceladvisor.org\/pt\/formato-de-numero-contabil\/\">Aplicar formato de n\u00famero cont\u00e1bil no Excel<\/a><\/li><li> <a href=\"https:\/\/exceladvisor.org\/pt\/cor-da-celula\/\">Aplicar cor de fundo a uma c\u00e9lula ou a toda a planilha no Excel<\/a><\/li><li> <a href=\"https:\/\/exceladvisor.org\/pt\/a-grade\/\">Imprimir linhas de grade do Excel (excluir, encurtar e alterar cor)<\/a><\/li><li> <a href=\"https:\/\/exceladvisor.org\/pt\/adicione-um-numero-de-pagina\/\">Adicione um n\u00famero de p\u00e1gina no Excel<\/a><\/li><li> <a href=\"https:\/\/exceladvisor.org\/pt\/aplicar-estilo-de-virgula\/\">Aplicar estilo de v\u00edrgula no Excel<\/a><\/li><\/ul><\/div><\/div><\/div><\/div>","protected":false},"excerpt":{"rendered":"","protected":false},"author":1,"featured_media":0,"parent":0,"menu_order":0,"comment_status":"open","ping_status":"closed","template":"","meta":{"ub_ctt_via":"","footnotes":""},"class_list":["post-414","page","type-page","status-publish","hentry"],"featured_image_src":null,"yoast_head":"<!-- This site is optimized with the Yoast SEO plugin v25.4 - https:\/\/yoast.com\/wordpress\/plugins\/seo\/ -->\n<title>Como copiar a formata\u00e7\u00e3o no Excel? (Tutorial 2023)<\/title>\n<meta name=\"description\" content=\"Neste tutorial, aprenderemos como copiar a formata\u00e7\u00e3o no Excel. O Excel tem v\u00e1rias maneiras de copiar a formata\u00e7\u00e3o rapidamente\" \/>\n<meta name=\"robots\" content=\"index, follow, max-snippet:-1, max-image-preview:large, max-video-preview:-1\" \/>\n<link rel=\"canonical\" href=\"https:\/\/exceladvisor.org\/pt\/copiar-formatacao\/\" \/>\n<meta property=\"og:locale\" content=\"pt_PT\" \/>\n<meta property=\"og:type\" content=\"article\" \/>\n<meta property=\"og:title\" content=\"Como copiar a formata\u00e7\u00e3o no Excel? (Tutorial 2023)\" \/>\n<meta property=\"og:description\" content=\"Neste tutorial, aprenderemos como copiar a formata\u00e7\u00e3o no Excel. O Excel tem v\u00e1rias maneiras de copiar a formata\u00e7\u00e3o rapidamente\" \/>\n<meta property=\"og:url\" content=\"https:\/\/exceladvisor.org\/pt\/copiar-formatacao\/\" \/>\n<meta property=\"og:site_name\" content=\"Excel Advisor\" \/>\n<meta property=\"article:modified_time\" content=\"2023-12-06T11:36:21+00:00\" \/>\n<meta property=\"og:image\" content=\"https:\/\/exceladvisor.org\/wp-content\/uploads\/2023\/08\/1-copie-mise-en-forme-sous-excel.png\" \/>\n<meta name=\"twitter:card\" content=\"summary_large_image\" \/>\n<meta name=\"twitter:label1\" content=\"Tempo estimado de leitura\" \/>\n\t<meta name=\"twitter:data1\" content=\"3 minutos\" \/>\n<script type=\"application\/ld+json\" class=\"yoast-schema-graph\">{\"@context\":\"https:\/\/schema.org\",\"@graph\":[{\"@type\":\"WebPage\",\"@id\":\"https:\/\/exceladvisor.org\/pt\/copiar-formatacao\/\",\"url\":\"https:\/\/exceladvisor.org\/pt\/copiar-formatacao\/\",\"name\":\"Como copiar a formata\u00e7\u00e3o no Excel? (Tutorial 2023)\",\"isPartOf\":{\"@id\":\"https:\/\/exceladvisor.org\/pt\/#website\"},\"primaryImageOfPage\":{\"@id\":\"https:\/\/exceladvisor.org\/pt\/copiar-formatacao\/#primaryimage\"},\"image\":{\"@id\":\"https:\/\/exceladvisor.org\/pt\/copiar-formatacao\/#primaryimage\"},\"thumbnailUrl\":\"https:\/\/exceladvisor.org\/wp-content\/uploads\/2023\/08\/1-copie-mise-en-forme-sous-excel.png\",\"datePublished\":\"2023-10-30T06:00:23+00:00\",\"dateModified\":\"2023-12-06T11:36:21+00:00\",\"description\":\"Neste tutorial, aprenderemos como copiar a formata\u00e7\u00e3o no Excel. O Excel tem v\u00e1rias maneiras de copiar a formata\u00e7\u00e3o rapidamente\",\"breadcrumb\":{\"@id\":\"https:\/\/exceladvisor.org\/pt\/copiar-formatacao\/#breadcrumb\"},\"inLanguage\":\"pt-PT\",\"potentialAction\":[{\"@type\":\"ReadAction\",\"target\":[\"https:\/\/exceladvisor.org\/pt\/copiar-formatacao\/\"]}]},{\"@type\":\"ImageObject\",\"inLanguage\":\"pt-PT\",\"@id\":\"https:\/\/exceladvisor.org\/pt\/copiar-formatacao\/#primaryimage\",\"url\":\"https:\/\/exceladvisor.org\/wp-content\/uploads\/2023\/08\/1-copie-mise-en-forme-sous-excel.png\",\"contentUrl\":\"https:\/\/exceladvisor.org\/wp-content\/uploads\/2023\/08\/1-copie-mise-en-forme-sous-excel.png\"},{\"@type\":\"BreadcrumbList\",\"@id\":\"https:\/\/exceladvisor.org\/pt\/copiar-formatacao\/#breadcrumb\",\"itemListElement\":[{\"@type\":\"ListItem\",\"position\":1,\"name\":\"Lar\",\"item\":\"https:\/\/exceladvisor.org\/pt\/\"},{\"@type\":\"ListItem\",\"position\":2,\"name\":\"Como copiar a formata\u00e7\u00e3o no excel?\"}]},{\"@type\":\"WebSite\",\"@id\":\"https:\/\/exceladvisor.org\/pt\/#website\",\"url\":\"https:\/\/exceladvisor.org\/pt\/\",\"name\":\"Excel Advisor\",\"description\":\"O seu guia definitivo para dominar os dados!\",\"publisher\":{\"@id\":\"https:\/\/exceladvisor.org\/pt\/#organization\"},\"potentialAction\":[{\"@type\":\"SearchAction\",\"target\":{\"@type\":\"EntryPoint\",\"urlTemplate\":\"https:\/\/exceladvisor.org\/pt\/?s={search_term_string}\"},\"query-input\":{\"@type\":\"PropertyValueSpecification\",\"valueRequired\":true,\"valueName\":\"search_term_string\"}}],\"inLanguage\":\"pt-PT\"},{\"@type\":\"Organization\",\"@id\":\"https:\/\/exceladvisor.org\/pt\/#organization\",\"name\":\"Excel Advisor\",\"url\":\"https:\/\/exceladvisor.org\/pt\/\",\"logo\":{\"@type\":\"ImageObject\",\"inLanguage\":\"pt-PT\",\"@id\":\"https:\/\/exceladvisor.org\/pt\/#\/schema\/logo\/image\/\",\"url\":\"https:\/\/exceladvisor.org\/pt\/wp-content\/uploads\/2023\/12\/exceladvisor.org_.png\",\"contentUrl\":\"https:\/\/exceladvisor.org\/pt\/wp-content\/uploads\/2023\/12\/exceladvisor.org_.png\",\"width\":105,\"height\":36,\"caption\":\"Excel Advisor\"},\"image\":{\"@id\":\"https:\/\/exceladvisor.org\/pt\/#\/schema\/logo\/image\/\"}}]}<\/script>\n<!-- \/ Yoast SEO plugin. -->","yoast_head_json":{"title":"Como copiar a formata\u00e7\u00e3o no Excel? (Tutorial 2023)","description":"Neste tutorial, aprenderemos como copiar a formata\u00e7\u00e3o no Excel. O Excel tem v\u00e1rias maneiras de copiar a formata\u00e7\u00e3o rapidamente","robots":{"index":"index","follow":"follow","max-snippet":"max-snippet:-1","max-image-preview":"max-image-preview:large","max-video-preview":"max-video-preview:-1"},"canonical":"https:\/\/exceladvisor.org\/pt\/copiar-formatacao\/","og_locale":"pt_PT","og_type":"article","og_title":"Como copiar a formata\u00e7\u00e3o no Excel? (Tutorial 2023)","og_description":"Neste tutorial, aprenderemos como copiar a formata\u00e7\u00e3o no Excel. O Excel tem v\u00e1rias maneiras de copiar a formata\u00e7\u00e3o rapidamente","og_url":"https:\/\/exceladvisor.org\/pt\/copiar-formatacao\/","og_site_name":"Excel Advisor","article_modified_time":"2023-12-06T11:36:21+00:00","og_image":[{"url":"https:\/\/exceladvisor.org\/wp-content\/uploads\/2023\/08\/1-copie-mise-en-forme-sous-excel.png","type":"","width":"","height":""}],"twitter_card":"summary_large_image","twitter_misc":{"Tempo estimado de leitura":"3 minutos"},"schema":{"@context":"https:\/\/schema.org","@graph":[{"@type":"WebPage","@id":"https:\/\/exceladvisor.org\/pt\/copiar-formatacao\/","url":"https:\/\/exceladvisor.org\/pt\/copiar-formatacao\/","name":"Como copiar a formata\u00e7\u00e3o no Excel? (Tutorial 2023)","isPartOf":{"@id":"https:\/\/exceladvisor.org\/pt\/#website"},"primaryImageOfPage":{"@id":"https:\/\/exceladvisor.org\/pt\/copiar-formatacao\/#primaryimage"},"image":{"@id":"https:\/\/exceladvisor.org\/pt\/copiar-formatacao\/#primaryimage"},"thumbnailUrl":"https:\/\/exceladvisor.org\/wp-content\/uploads\/2023\/08\/1-copie-mise-en-forme-sous-excel.png","datePublished":"2023-10-30T06:00:23+00:00","dateModified":"2023-12-06T11:36:21+00:00","description":"Neste tutorial, aprenderemos como copiar a formata\u00e7\u00e3o no Excel. O Excel tem v\u00e1rias maneiras de copiar a formata\u00e7\u00e3o rapidamente","breadcrumb":{"@id":"https:\/\/exceladvisor.org\/pt\/copiar-formatacao\/#breadcrumb"},"inLanguage":"pt-PT","potentialAction":[{"@type":"ReadAction","target":["https:\/\/exceladvisor.org\/pt\/copiar-formatacao\/"]}]},{"@type":"ImageObject","inLanguage":"pt-PT","@id":"https:\/\/exceladvisor.org\/pt\/copiar-formatacao\/#primaryimage","url":"https:\/\/exceladvisor.org\/wp-content\/uploads\/2023\/08\/1-copie-mise-en-forme-sous-excel.png","contentUrl":"https:\/\/exceladvisor.org\/wp-content\/uploads\/2023\/08\/1-copie-mise-en-forme-sous-excel.png"},{"@type":"BreadcrumbList","@id":"https:\/\/exceladvisor.org\/pt\/copiar-formatacao\/#breadcrumb","itemListElement":[{"@type":"ListItem","position":1,"name":"Lar","item":"https:\/\/exceladvisor.org\/pt\/"},{"@type":"ListItem","position":2,"name":"Como copiar a formata\u00e7\u00e3o no excel?"}]},{"@type":"WebSite","@id":"https:\/\/exceladvisor.org\/pt\/#website","url":"https:\/\/exceladvisor.org\/pt\/","name":"Excel Advisor","description":"O seu guia definitivo para dominar os dados!","publisher":{"@id":"https:\/\/exceladvisor.org\/pt\/#organization"},"potentialAction":[{"@type":"SearchAction","target":{"@type":"EntryPoint","urlTemplate":"https:\/\/exceladvisor.org\/pt\/?s={search_term_string}"},"query-input":{"@type":"PropertyValueSpecification","valueRequired":true,"valueName":"search_term_string"}}],"inLanguage":"pt-PT"},{"@type":"Organization","@id":"https:\/\/exceladvisor.org\/pt\/#organization","name":"Excel Advisor","url":"https:\/\/exceladvisor.org\/pt\/","logo":{"@type":"ImageObject","inLanguage":"pt-PT","@id":"https:\/\/exceladvisor.org\/pt\/#\/schema\/logo\/image\/","url":"https:\/\/exceladvisor.org\/pt\/wp-content\/uploads\/2023\/12\/exceladvisor.org_.png","contentUrl":"https:\/\/exceladvisor.org\/pt\/wp-content\/uploads\/2023\/12\/exceladvisor.org_.png","width":105,"height":36,"caption":"Excel Advisor"},"image":{"@id":"https:\/\/exceladvisor.org\/pt\/#\/schema\/logo\/image\/"}}]}},"yoast_meta":{"yoast_wpseo_title":"","yoast_wpseo_metadesc":"","yoast_wpseo_canonical":""},"_links":{"self":[{"href":"https:\/\/exceladvisor.org\/pt\/wp-json\/wp\/v2\/pages\/414","targetHints":{"allow":["GET"]}}],"collection":[{"href":"https:\/\/exceladvisor.org\/pt\/wp-json\/wp\/v2\/pages"}],"about":[{"href":"https:\/\/exceladvisor.org\/pt\/wp-json\/wp\/v2\/types\/page"}],"author":[{"embeddable":true,"href":"https:\/\/exceladvisor.org\/pt\/wp-json\/wp\/v2\/users\/1"}],"replies":[{"embeddable":true,"href":"https:\/\/exceladvisor.org\/pt\/wp-json\/wp\/v2\/comments?post=414"}],"version-history":[{"count":1,"href":"https:\/\/exceladvisor.org\/pt\/wp-json\/wp\/v2\/pages\/414\/revisions"}],"predecessor-version":[{"id":949,"href":"https:\/\/exceladvisor.org\/pt\/wp-json\/wp\/v2\/pages\/414\/revisions\/949"}],"wp:attachment":[{"href":"https:\/\/exceladvisor.org\/pt\/wp-json\/wp\/v2\/media?parent=414"}],"curies":[{"name":"wp","href":"https:\/\/api.w.org\/{rel}","templated":true}]}}