{"id":415,"date":"2023-10-30T01:52:26","date_gmt":"2023-10-30T01:52:26","guid":{"rendered":"https:\/\/exceladvisor.org\/pt\/formula-para-valor\/"},"modified":"2023-12-06T11:35:54","modified_gmt":"2023-12-06T11:35:54","slug":"formula-para-valor","status":"publish","type":"page","link":"https:\/\/exceladvisor.org\/pt\/formula-para-valor\/","title":{"rendered":"Como converter uma f\u00f3rmula em um valor no excel?"},"content":{"rendered":"<div class=\"excel-before-content-2\" id=\"excel-3477736337\"><script type=\"text\/javascript\">\r\n\tatOptions = {\r\n\t\t'key' : 'c1158f160081d6540a8409e6925dab94',\r\n\t\t'format' : 'iframe',\r\n\t\t'height' : 250,\r\n\t\t'width' : 300,\r\n\t\t'params' : {}\r\n\t};\r\n<\/script>\r\n<script type=\"text\/javascript\" src=\"\/\/www.highperformanceformat.com\/c1158f160081d6540a8409e6925dab94\/invoke.js\"><\/script><\/div><div class=\"excel-before-content\" id=\"excel-3659678705\"><script type=\"text\/javascript\">\r\n\tatOptions = {\r\n\t\t'key' : 'c1158f160081d6540a8409e6925dab94',\r\n\t\t'format' : 'iframe',\r\n\t\t'height' : 250,\r\n\t\t'width' : 300,\r\n\t\t'params' : {}\r\n\t};\r\n<\/script>\r\n<script type=\"text\/javascript\" src=\"\/\/www.highperformanceformat.com\/c1158f160081d6540a8409e6925dab94\/invoke.js\"><\/script><\/div> <p>Desde os primeiros dias de trabalho, aprendi uma coisa da maneira mais dif\u00edcil:<\/p><p> Antes de enviar um relat\u00f3rio (em Excel) para algu\u00e9m <span style=\"font-size: 1em;\">, precisamos converter uma f\u00f3rmula em um valor. Significa simplesmente substituir uma f\u00f3rmula pelo seu valor resultante.<\/span> Pense assim, quando voc\u00ea manda um relat\u00f3rio para algu\u00e9m, ele n\u00e3o est\u00e1 preocupado com as f\u00f3rmulas e sim com os valores, volta uma f\u00f3rmula.<\/p><p> Deixe-me contar algumas maneiras interessantes de fazer isso, mas antes disso.<\/p><h2 class=\"wp-block-heading\"> Por que voc\u00ea deve converter uma f\u00f3rmula em valor<\/h2><p> Aqui est\u00e3o alguns motivos pelos quais voc\u00ea deve substituir uma f\u00f3rmula pelo valor do resultado.<\/p><ol><li> Se voc\u00ea estiver enviando um relat\u00f3rio para algu\u00e9m sem os dados de origem, \u00e9 melhor converter todas as f\u00f3rmulas em valores est\u00e1ticos.<\/li><li> Algumas fun\u00e7\u00f5es s\u00e3o vol\u00e1teis e quando voc\u00ea atualizar sua planilha, seu valor ser\u00e1 recalculado.<\/li><li> Impedir que o usu\u00e1rio final altere o c\u00e1lculo.<\/li><li> Os valores est\u00e1ticos s\u00e3o facilmente edit\u00e1veis \u200b\u200be qualquer pessoa pode <a href=\"https:\/\/exceladvisor.org\/pt\/copiar-colar\/\">copi\u00e1-los e col\u00e1-<\/a> los facilmente.<\/li><li> Voc\u00ea n\u00e3o quer confundir o usu\u00e1rio final com f\u00f3rmulas complexas.<\/li><li> Ou <a style=\"outline: none;\" href=\"https:\/\/exceladvisor.org\/pt\/ocultar-formula\/\" data-wpel-link=\"internal\">voc\u00ea simplesmente n\u00e3o quer mostrar as f\u00f3rmulas<\/a> .<\/li><\/ol><p class=\"qt-tip\"> <strong>Nota r\u00e1pida:<\/strong> Esta \u00e9 uma daquelas <a style=\"outline: none;\" href=\"https:\/\/exceladvisor.org\/pt\/conselho\/\" data-wpil=\"url\">dicas do Excel<\/a> que podem ajudar a melhorar <a href=\"https:\/\/exceladvisor.org\/pt\/habilidades-de-excelencia\/\">as habilidades b\u00e1sicas do Excel<\/a><\/p><h2 class=\"wp-block-heading\"> 1. Cole valores com um simples atalho de teclado<\/h2><p> Em termos de rapidez e facilidade, <a href=\"https:\/\/exceladvisor.org\/pt\/atalhos-do-teclado\/\">as teclas de atalho<\/a> s\u00e3o as melhores e para transformar f\u00f3rmulas em valores, a maneira mais f\u00e1cil \u00e9 usar uma tecla de atalho.<\/p><p> Tudo que voc\u00ea precisa fazer:<\/p><ul><li> Selecione o intervalo de c\u00e9lulas onde voc\u00ea possui f\u00f3rmulas.<\/li><li> Pressione Ctrl + C para copiar as c\u00e9lulas. <\/li><\/ul><div class=\"wp-block-image\"><figure class=\"aligncenter\"><img decoding=\"async\" src=\"https:\/\/exceladvisor.org\/wp-content\/uploads\/2023\/08\/1-copier-des-cellules-pour-convertir-des-formules-en-une-valeur-statique-min-1.png\" sizes=\"\" srcset=\"\" alt=\"1 c\u00f3pia de c\u00e9lulas para converter f\u00f3rmulas em um valor m\u00ednimo est\u00e1tico\"><\/figure><\/div><ul><li> E ent\u00e3o, Alt + ES V. <\/li><\/ul><div class=\"wp-block-image\"><figure class=\"aligncenter\"><img decoding=\"async\" src=\"https:\/\/exceladvisor.org\/wp-content\/uploads\/2023\/08\/2-touche-de-raccourci-pour-convertir-la-formule-en-une-valeur-statique-min-1.png\" sizes=\"\" srcset=\"\" alt=\"2 teclas de atalho para converter a f\u00f3rmula em um valor m\u00ednimo est\u00e1tico\"><\/figure><\/div><p> Usando esta tecla de atalho, todas as f\u00f3rmulas ser\u00e3o substitu\u00eddas por seus valores de resultado est\u00e1ticos.<\/p><p class=\"qt-tip\"> <strong>Nota:<\/strong> Se <a href=\"https:\/\/exceladvisor.org\/pt\/recuperar-arquivos-nao-salvos\/\">n\u00e3o quiser perder<\/a> as f\u00f3rmulas originais, voc\u00ea precisa criar um arquivo de backup.<\/p><h2 class=\"wp-block-heading\"> 2. Usando Colar Especial para converter em valores<\/h2><p> Se voc\u00ea n\u00e3o gosta de usar uma tecla de atalho, pode simplesmente usar a op\u00e7\u00e3o colar especial para substitu\u00ed-la.<\/p><ul><li> Primeiro, selecione seu per\u00edodo ou a coluna inteira.<\/li><li> E ent\u00e3o clique com o bot\u00e3o direito e copie.<\/li><li> V\u00e1 para a guia In\u00edcio \u279c \u00c1rea de transfer\u00eancia \u279c Colar \u279c Colar especial. <\/li><\/ul><div class=\"wp-block-image\"><figure class=\"aligncenter\"><img decoding=\"async\" src=\"https:\/\/exceladvisor.org\/wp-content\/uploads\/2023\/08\/3-allez-a-longlet-daccueil-pour-utiliser-le-collage-special-pour-convertir-une-formule-en-une-valeur-statique-min-1.png\" sizes=\"\" srcset=\"\" alt=\"3 v\u00e1 para a guia inicial para usar colar especial para converter uma f\u00f3rmula em um valor m\u00ednimo est\u00e1tico\"><\/figure><\/div><ul><li> Ou voc\u00ea tamb\u00e9m pode clicar com o bot\u00e3o direito e ir para Colar especial -&gt; Valores. <\/li><\/ul><div class=\"wp-block-image\"><figure class=\"aligncenter\"><img decoding=\"async\" src=\"https:\/\/exceladvisor.org\/wp-content\/uploads\/2023\/08\/4-clic-droit-pour-utiliser-le-collage-special-pour-convertir-la-formule-en-une-valeur-statique-min-1.png\" sizes=\"\" srcset=\"\" alt=\"4 clique com o bot\u00e3o direito para usar colar especial para converter a f\u00f3rmula em um valor m\u00ednimo est\u00e1tico\"><\/figure><\/div><p> Este m\u00e9todo funciona como o m\u00e9todo de tecla de atalho para substituir todas as f\u00f3rmulas por seus valores de resultados est\u00e1ticos.<\/p><h2 class=\"wp-block-heading\"> 3. Usando o menu de contexto<\/h2><p> E se n\u00e3o quiser usar a colagem especial, voc\u00ea pode usar o m\u00e9todo <a href=\"https:\/\/www.myexcelonline.com\/blog\/power-right-click-excel\/\" target=\"_blank\" rel=\"noreferrer noopener nofollow\">de arrastar e soltar com o bot\u00e3o direito do mouse<\/a> para esta convers\u00e3o. <\/p><div class=\"wp-block-image\"><figure class=\"aligncenter\"><img decoding=\"async\" src=\"https:\/\/exceladvisor.org\/wp-content\/uploads\/2023\/08\/11-convertir-la-formule-en-une-valeur-statique-en-utilisant-la-methode-du-clic-droit-1.gif\" sizes=\"\" srcset=\"\" alt=\"11 Converta a f\u00f3rmula em um valor est\u00e1tico usando o m\u00e9todo do bot\u00e3o direito\"><\/figure><\/div><ol><li> Primeiro, selecione o intervalo de c\u00e9lulas onde voc\u00ea possui f\u00f3rmulas.<\/li><li> Agora clique com o bot\u00e3o direito na borda da sele\u00e7\u00e3o.<\/li><li> E mantendo pressionado o bot\u00e3o direito, arraste o intervalo para a direita e traga-o instantaneamente de volta ao local original e solte-o.<\/li><li> Aqui voc\u00ea obter\u00e1 o menu de op\u00e7\u00f5es.<\/li><li> Neste menu de op\u00e7\u00f5es, selecione \u201cCopiar aqui apenas como valores\u201d.<\/li><\/ol><p> Isso converter\u00e1 instantaneamente todas as f\u00f3rmulas nessas c\u00e9lulas em valores de resultados est\u00e1ticos.<\/p><h2 class=\"wp-block-heading\"> 4. Converta f\u00f3rmulas em valores com c\u00f3digo VBA<\/h2><p> Se quiser converter automaticamente todas as f\u00f3rmulas em texto ou valores num\u00e9ricos, voc\u00ea pode usar o VBA para isso. Mencionei aqui um c\u00f3digo VBA simples no qual voc\u00ea apenas seleciona o intervalo de c\u00e9lulas e executa esta macro.<\/p><pre class=\"wp-block-code\"> <code class=\"language-visual-basic line-numbers\" lang=\"visual-basic\">Sub ConvertToValues() Dim MyRange As Range Dim MyCell As Range Select Case MsgBox(\"You Can't Undo This Action. \" &amp; _ \"Save Workbook First?\", _ vbYesNoCancel, \"Alert\") Case Is = vbYes ThisWorkbook.Save Case Is = vbCancel Exit Sub End Select Set MyRange = Selection For Each MyCell In MyRange If MyCell.HasFormula Then MyCell.Formula = MyCell.Value End If Next MyCell End Sub<\/code><\/pre><p> <strong>Relacionado:<\/strong> <a style=\"outline: none;\" href=\"https:\/\/exceladvisor.org\/pt\/vba\/\" data-wpel-link=\"internal\">Tutorial Excel VBA<\/a><\/p><h2 class=\"wp-block-heading\"> 5. Converta para valores dentro da f\u00f3rmula<\/h2><p> Vamos pensar diferente. Voc\u00ea tem uma f\u00f3rmula complexa que \u00e9 uma combina\u00e7\u00e3o de duas ou tr\u00eas fun\u00e7\u00f5es. Aqui voc\u00ea tem uma longa f\u00f3rmula para limpar um valor de texto e depois convert\u00ea-lo para a caixa correta. <\/p><div class=\"wp-block-image\"><figure class=\"aligncenter\"><img decoding=\"async\" src=\"https:\/\/exceladvisor.org\/wp-content\/uploads\/2023\/08\/5-modifier-la-formule-pour-convertir-une-formule-en-une-valeur-statique-min-1.png\" sizes=\"\" srcset=\"\" alt=\"5 edite a f\u00f3rmula para converter uma f\u00f3rmula em um valor m\u00ednimo est\u00e1tico\"><\/figure><\/div><p> Agora, se voc\u00ea deseja converter o resultado de duas fun\u00e7\u00f5es de substitui\u00e7\u00e3o em valores de texto est\u00e1ticos, aqui est\u00e3o as etapas.<\/p><ol><li> <a href=\"https:\/\/exceladvisor.org\/pt\/editar-celula\/\">Edite<\/a> a f\u00f3rmula usando F2.<\/li><li> Selecione apenas a parte da f\u00f3rmula que voc\u00ea precisa converter em um valor est\u00e1tico.<\/li><li> Pressione F9. <\/li><\/ol><div class=\"wp-block-image\"><figure class=\"aligncenter\"><img decoding=\"async\" src=\"https:\/\/exceladvisor.org\/wp-content\/uploads\/2023\/08\/6-appuyez-sur-f9-pour-convertir-une-formule-en-un-texte-de-valeur-statique-min-1.png\" sizes=\"\" srcset=\"\" alt=\"6 pressione f9 para converter uma f\u00f3rmula em um texto de valor est\u00e1tico m\u00ednimo\"><\/figure><\/div><p> Agora voc\u00ea tem apenas um valor de texto para converter para a caixa de texto apropriada.<\/p><h2 class=\"wp-block-heading\"> 6. Obtenha o valor do resultado da f\u00f3rmula com o Power Query<\/h2><p> Pode haver momentos em que voc\u00ea precise obter o valor do resultado de uma f\u00f3rmula em uma c\u00e9lula separada, em vez de apenas convert\u00ea-los. E neste caso voc\u00ea pode usar uma consulta avan\u00e7ada.<\/p><p> Voc\u00ea precisa convert\u00ea-lo em valores antes de envi\u00e1-lo ao seu cliente. Mas a quest\u00e3o \u00e9 que voc\u00ea n\u00e3o quer perder todas as f\u00f3rmulas. Ent\u00e3o, aqui est\u00e3o as etapas simples para obter valores de f\u00f3rmulas usando consulta avan\u00e7ada.<\/p><ul><li> Selecione a tabela e navegue at\u00e9 a guia Dados \u279c Obter e transformar \u279c Da tabela. <\/li><\/ul><div class=\"wp-block-image\"><figure class=\"aligncenter\"><img decoding=\"async\" src=\"https:\/\/exceladvisor.org\/wp-content\/uploads\/2023\/08\/7-charger-des-donnees-dans-une-requete-de-puissance-pour-convertir-la-formule-en-une-valeur-min-1.png\" sizes=\"\" srcset=\"\" alt=\"7 carregar dados em uma consulta avan\u00e7ada para converter a f\u00f3rmula em um valor m\u00ednimo\"><\/figure><\/div><ul><li> Isso abrir\u00e1 sua tabela no Power Query Editor. <\/li><\/ul><div class=\"wp-block-image\"><figure class=\"aligncenter\"><img decoding=\"async\" src=\"https:\/\/exceladvisor.org\/wp-content\/uploads\/2023\/08\/8-donnees-dans-lediteur-de-requete-de-puissance-pour-convertir-la-formule-en-une-valeur-statique-min-1.png\" sizes=\"\" srcset=\"\" alt=\"8 dados no editor de consulta avan\u00e7ada para converter a f\u00f3rmula em um valor m\u00ednimo est\u00e1tico\"><\/figure><\/div><ul><li> A partir da\u00ed, basta clicar em \u201cFechar e Carregar\u201d. <\/li><\/ul><div class=\"wp-block-image\"><figure class=\"aligncenter\"><img decoding=\"async\" src=\"https:\/\/exceladvisor.org\/wp-content\/uploads\/2023\/08\/9-fermez-et-chargez-les-donnees-dans-une-feuille-Excel-pour-convertir-la-formule-en-une-valeur-statique-min-1.png\" sizes=\"\" srcset=\"\" alt=\"9 feche e carregue os dados em uma planilha do Excel para converter a f\u00f3rmula em um valor m\u00ednimo est\u00e1tico\"><\/figure><\/div><ul><li> Agora a consulta avan\u00e7ada ir\u00e1 inserir uma nova tabela em uma nova planilha onde voc\u00ea tem valores de pre\u00e7os em vez de f\u00f3rmulas. <\/li><\/ul><div class=\"wp-block-image\"><figure class=\"aligncenter\"><img decoding=\"async\" src=\"https:\/\/exceladvisor.org\/wp-content\/uploads\/2023\/08\/10-obtenir-des-donnees-dans-une-feuille-separee-apres-avoir-converti-une-formule-en-une-valeur-min-1.png\" sizes=\"\" srcset=\"\" alt=\"10 obtenha dados em uma planilha separada ap\u00f3s converter uma f\u00f3rmula em um valor m\u00ednimo\"><\/figure><\/div><p> A melhor parte \u00e9 que, ao fazer altera\u00e7\u00f5es em sua tabela de f\u00f3rmulas, voc\u00ea simplesmente atualiza a tabela de consulta avan\u00e7ada. Usando este m\u00e9todo, voc\u00ea n\u00e3o precisa copiar e colar dados todas as vezes.<\/p><h2 class=\"wp-block-heading\"> \u200b\u200b\u200b\u200b\u200bConclus\u00e3o<\/h2><p> \u00c0s vezes, o uso de f\u00f3rmulas complexas e grandes aumenta o tamanho da sua pasta de trabalho. Portanto, \u00e9 melhor convert\u00ea-los para valores absolutos antes de compartilh\u00e1-los com outras pessoas.<\/p><p> E todos os m\u00e9todos que discutimos acima podem ajud\u00e1-lo em diferentes situa\u00e7\u00f5es. Se voc\u00ea me perguntar, meu favorito \u00e9 o atalho de teclado, mas \u00e0s vezes tamb\u00e9m gosto de usar o PowerQuery.<\/p><p> Espero que voc\u00ea tenha achado esta dica \u00fatil, mas agora me diga uma coisa.<\/p><p> Qual \u00e9 o seu favorito? Voc\u00ea tem outro m\u00e9todo usado para converter f\u00f3rmulas em valores?<\/p><p> Por favor, compartilhe comigo na se\u00e7\u00e3o de coment\u00e1rios, adoraria ouvir de voc\u00ea, e n\u00e3o se esque\u00e7a de compartilhar essa dica com seus amigos, tenho certeza que eles v\u00e3o gostar.<\/p><div class=\"gb-container gb-container-4db6181c gb-container-mt\"> <a class=\"gb-button gb-button-c5897111 gb-button-text gb-button-mt-button\" href=\"https:\/\/exceladvisor.org\/pt\/nocoes-basicas-de-excel\/\">No\u00e7\u00f5es b\u00e1sicas do Microsoft Excel (componentes, pe\u00e7as e notas de conhecimento)<\/a><h2 class=\"gb-headline gb-headline-665e5f6b gb-headline-text gb-headline-mt-heading\"> Tutoriais relacionados <\/h2><div class=\"gb-grid-wrapper gb-grid-wrapper-a20baf7c gb-grid-wrapper-mt-grid\"><div class=\"gb-grid-column gb-grid-column-65ddf67e\"><div class=\"gb-container gb-container-65ddf67e\"><ul><li> <a href=\"https:\/\/exceladvisor.org\/pt\/mudar-numero-negativo-para-positivo\/\">Converta um n\u00famero negativo em positivo no Excel<\/a><\/li><li> <a href=\"https:\/\/exceladvisor.org\/pt\/carimbo-de-datahora\/\">Insira um carimbo de data\/hora no Excel<\/a><\/li><li> <a href=\"https:\/\/exceladvisor.org\/pt\/pulgas\/\">Insira marcadores no Excel<\/a><\/li><li> <a href=\"https:\/\/exceladvisor.org\/pt\/insira-uma-seta\/\">Insira uma seta em uma c\u00e9lula no Excel<\/a><\/li><li> Adicione n\u00fameros de s\u00e9rie automaticamente no Excel <\/li><\/ul><\/div><\/div><div class=\"gb-grid-column gb-grid-column-50067b57\"><div class=\"gb-container gb-container-50067b57\"><\/div><\/div><\/div><\/div>","protected":false},"excerpt":{"rendered":"","protected":false},"author":1,"featured_media":0,"parent":0,"menu_order":0,"comment_status":"open","ping_status":"closed","template":"","meta":{"ub_ctt_via":"","footnotes":""},"class_list":["post-415","page","type-page","status-publish","hentry"],"featured_image_src":null,"yoast_head":"<!-- This site is optimized with the Yoast SEO plugin v25.4 - https:\/\/yoast.com\/wordpress\/plugins\/seo\/ -->\n<title>6 maneiras de converter f\u00f3rmula em valor no Excel (2023)<\/title>\n<meta name=\"description\" content=\"Desde os primeiros dias de trabalho, aprendi uma coisa dif\u00edcil. A ideia \u00e9 simplesmente substituir uma f\u00f3rmula pelo seu valor de\" \/>\n<meta name=\"robots\" content=\"index, follow, max-snippet:-1, max-image-preview:large, max-video-preview:-1\" \/>\n<link rel=\"canonical\" href=\"https:\/\/exceladvisor.org\/pt\/formula-para-valor\/\" \/>\n<meta property=\"og:locale\" content=\"pt_PT\" \/>\n<meta property=\"og:type\" content=\"article\" \/>\n<meta property=\"og:title\" content=\"6 maneiras de converter f\u00f3rmula em valor no Excel (2023)\" \/>\n<meta property=\"og:description\" content=\"Desde os primeiros dias de trabalho, aprendi uma coisa dif\u00edcil. A ideia \u00e9 simplesmente substituir uma f\u00f3rmula pelo seu valor de\" \/>\n<meta property=\"og:url\" content=\"https:\/\/exceladvisor.org\/pt\/formula-para-valor\/\" \/>\n<meta property=\"og:site_name\" content=\"Excel Advisor\" \/>\n<meta property=\"article:modified_time\" content=\"2023-12-06T11:35:54+00:00\" \/>\n<meta property=\"og:image\" content=\"https:\/\/exceladvisor.org\/wp-content\/uploads\/2023\/08\/1-copier-des-cellules-pour-convertir-des-formules-en-une-valeur-statique-min-1.png\" \/>\n<meta name=\"twitter:card\" content=\"summary_large_image\" \/>\n<meta name=\"twitter:label1\" content=\"Tempo estimado de leitura\" \/>\n\t<meta name=\"twitter:data1\" content=\"6 minutos\" \/>\n<script type=\"application\/ld+json\" class=\"yoast-schema-graph\">{\"@context\":\"https:\/\/schema.org\",\"@graph\":[{\"@type\":\"WebPage\",\"@id\":\"https:\/\/exceladvisor.org\/pt\/formula-para-valor\/\",\"url\":\"https:\/\/exceladvisor.org\/pt\/formula-para-valor\/\",\"name\":\"6 maneiras de converter f\u00f3rmula em valor no Excel (2023)\",\"isPartOf\":{\"@id\":\"https:\/\/exceladvisor.org\/pt\/#website\"},\"primaryImageOfPage\":{\"@id\":\"https:\/\/exceladvisor.org\/pt\/formula-para-valor\/#primaryimage\"},\"image\":{\"@id\":\"https:\/\/exceladvisor.org\/pt\/formula-para-valor\/#primaryimage\"},\"thumbnailUrl\":\"https:\/\/exceladvisor.org\/wp-content\/uploads\/2023\/08\/1-copier-des-cellules-pour-convertir-des-formules-en-une-valeur-statique-min-1.png\",\"datePublished\":\"2023-10-30T01:52:26+00:00\",\"dateModified\":\"2023-12-06T11:35:54+00:00\",\"description\":\"Desde os primeiros dias de trabalho, aprendi uma coisa dif\u00edcil. A ideia \u00e9 simplesmente substituir uma f\u00f3rmula pelo seu valor de\",\"breadcrumb\":{\"@id\":\"https:\/\/exceladvisor.org\/pt\/formula-para-valor\/#breadcrumb\"},\"inLanguage\":\"pt-PT\",\"potentialAction\":[{\"@type\":\"ReadAction\",\"target\":[\"https:\/\/exceladvisor.org\/pt\/formula-para-valor\/\"]}]},{\"@type\":\"ImageObject\",\"inLanguage\":\"pt-PT\",\"@id\":\"https:\/\/exceladvisor.org\/pt\/formula-para-valor\/#primaryimage\",\"url\":\"https:\/\/exceladvisor.org\/wp-content\/uploads\/2023\/08\/1-copier-des-cellules-pour-convertir-des-formules-en-une-valeur-statique-min-1.png\",\"contentUrl\":\"https:\/\/exceladvisor.org\/wp-content\/uploads\/2023\/08\/1-copier-des-cellules-pour-convertir-des-formules-en-une-valeur-statique-min-1.png\"},{\"@type\":\"BreadcrumbList\",\"@id\":\"https:\/\/exceladvisor.org\/pt\/formula-para-valor\/#breadcrumb\",\"itemListElement\":[{\"@type\":\"ListItem\",\"position\":1,\"name\":\"Lar\",\"item\":\"https:\/\/exceladvisor.org\/pt\/\"},{\"@type\":\"ListItem\",\"position\":2,\"name\":\"Como converter uma f\u00f3rmula em um valor no excel?\"}]},{\"@type\":\"WebSite\",\"@id\":\"https:\/\/exceladvisor.org\/pt\/#website\",\"url\":\"https:\/\/exceladvisor.org\/pt\/\",\"name\":\"Excel Advisor\",\"description\":\"O seu guia definitivo para dominar os dados!\",\"publisher\":{\"@id\":\"https:\/\/exceladvisor.org\/pt\/#organization\"},\"potentialAction\":[{\"@type\":\"SearchAction\",\"target\":{\"@type\":\"EntryPoint\",\"urlTemplate\":\"https:\/\/exceladvisor.org\/pt\/?s={search_term_string}\"},\"query-input\":{\"@type\":\"PropertyValueSpecification\",\"valueRequired\":true,\"valueName\":\"search_term_string\"}}],\"inLanguage\":\"pt-PT\"},{\"@type\":\"Organization\",\"@id\":\"https:\/\/exceladvisor.org\/pt\/#organization\",\"name\":\"Excel Advisor\",\"url\":\"https:\/\/exceladvisor.org\/pt\/\",\"logo\":{\"@type\":\"ImageObject\",\"inLanguage\":\"pt-PT\",\"@id\":\"https:\/\/exceladvisor.org\/pt\/#\/schema\/logo\/image\/\",\"url\":\"https:\/\/exceladvisor.org\/pt\/wp-content\/uploads\/2023\/12\/exceladvisor.org_.png\",\"contentUrl\":\"https:\/\/exceladvisor.org\/pt\/wp-content\/uploads\/2023\/12\/exceladvisor.org_.png\",\"width\":105,\"height\":36,\"caption\":\"Excel Advisor\"},\"image\":{\"@id\":\"https:\/\/exceladvisor.org\/pt\/#\/schema\/logo\/image\/\"}}]}<\/script>\n<!-- \/ Yoast SEO plugin. -->","yoast_head_json":{"title":"6 maneiras de converter f\u00f3rmula em valor no Excel (2023)","description":"Desde os primeiros dias de trabalho, aprendi uma coisa dif\u00edcil. A ideia \u00e9 simplesmente substituir uma f\u00f3rmula pelo seu valor de","robots":{"index":"index","follow":"follow","max-snippet":"max-snippet:-1","max-image-preview":"max-image-preview:large","max-video-preview":"max-video-preview:-1"},"canonical":"https:\/\/exceladvisor.org\/pt\/formula-para-valor\/","og_locale":"pt_PT","og_type":"article","og_title":"6 maneiras de converter f\u00f3rmula em valor no Excel (2023)","og_description":"Desde os primeiros dias de trabalho, aprendi uma coisa dif\u00edcil. A ideia \u00e9 simplesmente substituir uma f\u00f3rmula pelo seu valor de","og_url":"https:\/\/exceladvisor.org\/pt\/formula-para-valor\/","og_site_name":"Excel Advisor","article_modified_time":"2023-12-06T11:35:54+00:00","og_image":[{"url":"https:\/\/exceladvisor.org\/wp-content\/uploads\/2023\/08\/1-copier-des-cellules-pour-convertir-des-formules-en-une-valeur-statique-min-1.png","type":"","width":"","height":""}],"twitter_card":"summary_large_image","twitter_misc":{"Tempo estimado de leitura":"6 minutos"},"schema":{"@context":"https:\/\/schema.org","@graph":[{"@type":"WebPage","@id":"https:\/\/exceladvisor.org\/pt\/formula-para-valor\/","url":"https:\/\/exceladvisor.org\/pt\/formula-para-valor\/","name":"6 maneiras de converter f\u00f3rmula em valor no Excel (2023)","isPartOf":{"@id":"https:\/\/exceladvisor.org\/pt\/#website"},"primaryImageOfPage":{"@id":"https:\/\/exceladvisor.org\/pt\/formula-para-valor\/#primaryimage"},"image":{"@id":"https:\/\/exceladvisor.org\/pt\/formula-para-valor\/#primaryimage"},"thumbnailUrl":"https:\/\/exceladvisor.org\/wp-content\/uploads\/2023\/08\/1-copier-des-cellules-pour-convertir-des-formules-en-une-valeur-statique-min-1.png","datePublished":"2023-10-30T01:52:26+00:00","dateModified":"2023-12-06T11:35:54+00:00","description":"Desde os primeiros dias de trabalho, aprendi uma coisa dif\u00edcil. A ideia \u00e9 simplesmente substituir uma f\u00f3rmula pelo seu valor de","breadcrumb":{"@id":"https:\/\/exceladvisor.org\/pt\/formula-para-valor\/#breadcrumb"},"inLanguage":"pt-PT","potentialAction":[{"@type":"ReadAction","target":["https:\/\/exceladvisor.org\/pt\/formula-para-valor\/"]}]},{"@type":"ImageObject","inLanguage":"pt-PT","@id":"https:\/\/exceladvisor.org\/pt\/formula-para-valor\/#primaryimage","url":"https:\/\/exceladvisor.org\/wp-content\/uploads\/2023\/08\/1-copier-des-cellules-pour-convertir-des-formules-en-une-valeur-statique-min-1.png","contentUrl":"https:\/\/exceladvisor.org\/wp-content\/uploads\/2023\/08\/1-copier-des-cellules-pour-convertir-des-formules-en-une-valeur-statique-min-1.png"},{"@type":"BreadcrumbList","@id":"https:\/\/exceladvisor.org\/pt\/formula-para-valor\/#breadcrumb","itemListElement":[{"@type":"ListItem","position":1,"name":"Lar","item":"https:\/\/exceladvisor.org\/pt\/"},{"@type":"ListItem","position":2,"name":"Como converter uma f\u00f3rmula em um valor no excel?"}]},{"@type":"WebSite","@id":"https:\/\/exceladvisor.org\/pt\/#website","url":"https:\/\/exceladvisor.org\/pt\/","name":"Excel Advisor","description":"O seu guia definitivo para dominar os dados!","publisher":{"@id":"https:\/\/exceladvisor.org\/pt\/#organization"},"potentialAction":[{"@type":"SearchAction","target":{"@type":"EntryPoint","urlTemplate":"https:\/\/exceladvisor.org\/pt\/?s={search_term_string}"},"query-input":{"@type":"PropertyValueSpecification","valueRequired":true,"valueName":"search_term_string"}}],"inLanguage":"pt-PT"},{"@type":"Organization","@id":"https:\/\/exceladvisor.org\/pt\/#organization","name":"Excel Advisor","url":"https:\/\/exceladvisor.org\/pt\/","logo":{"@type":"ImageObject","inLanguage":"pt-PT","@id":"https:\/\/exceladvisor.org\/pt\/#\/schema\/logo\/image\/","url":"https:\/\/exceladvisor.org\/pt\/wp-content\/uploads\/2023\/12\/exceladvisor.org_.png","contentUrl":"https:\/\/exceladvisor.org\/pt\/wp-content\/uploads\/2023\/12\/exceladvisor.org_.png","width":105,"height":36,"caption":"Excel Advisor"},"image":{"@id":"https:\/\/exceladvisor.org\/pt\/#\/schema\/logo\/image\/"}}]}},"yoast_meta":{"yoast_wpseo_title":"","yoast_wpseo_metadesc":"","yoast_wpseo_canonical":""},"_links":{"self":[{"href":"https:\/\/exceladvisor.org\/pt\/wp-json\/wp\/v2\/pages\/415","targetHints":{"allow":["GET"]}}],"collection":[{"href":"https:\/\/exceladvisor.org\/pt\/wp-json\/wp\/v2\/pages"}],"about":[{"href":"https:\/\/exceladvisor.org\/pt\/wp-json\/wp\/v2\/types\/page"}],"author":[{"embeddable":true,"href":"https:\/\/exceladvisor.org\/pt\/wp-json\/wp\/v2\/users\/1"}],"replies":[{"embeddable":true,"href":"https:\/\/exceladvisor.org\/pt\/wp-json\/wp\/v2\/comments?post=415"}],"version-history":[{"count":1,"href":"https:\/\/exceladvisor.org\/pt\/wp-json\/wp\/v2\/pages\/415\/revisions"}],"predecessor-version":[{"id":946,"href":"https:\/\/exceladvisor.org\/pt\/wp-json\/wp\/v2\/pages\/415\/revisions\/946"}],"wp:attachment":[{"href":"https:\/\/exceladvisor.org\/pt\/wp-json\/wp\/v2\/media?parent=415"}],"curies":[{"name":"wp","href":"https:\/\/api.w.org\/{rel}","templated":true}]}}