{"id":416,"date":"2023-10-29T23:32:03","date_gmt":"2023-10-29T23:32:03","guid":{"rendered":"https:\/\/exceladvisor.org\/pt\/salvar-arquivo\/"},"modified":"2023-12-06T11:42:11","modified_gmt":"2023-12-06T11:42:11","slug":"salvar-arquivo","status":"publish","type":"page","link":"https:\/\/exceladvisor.org\/pt\/salvar-arquivo\/","title":{"rendered":"Como salvar um arquivo no excel?"},"content":{"rendered":"<div class=\"excel-before-content-2\" id=\"excel-3293025277\"><script type=\"text\/javascript\">\r\n\tatOptions = {\r\n\t\t'key' : 'c1158f160081d6540a8409e6925dab94',\r\n\t\t'format' : 'iframe',\r\n\t\t'height' : 250,\r\n\t\t'width' : 300,\r\n\t\t'params' : {}\r\n\t};\r\n<\/script>\r\n<script type=\"text\/javascript\" src=\"\/\/www.highperformanceformat.com\/c1158f160081d6540a8409e6925dab94\/invoke.js\"><\/script><\/div><div class=\"excel-before-content\" id=\"excel-3579779345\"><script type=\"text\/javascript\">\r\n\tatOptions = {\r\n\t\t'key' : 'c1158f160081d6540a8409e6925dab94',\r\n\t\t'format' : 'iframe',\r\n\t\t'height' : 250,\r\n\t\t'width' : 300,\r\n\t\t'params' : {}\r\n\t};\r\n<\/script>\r\n<script type=\"text\/javascript\" src=\"\/\/www.highperformanceformat.com\/c1158f160081d6540a8409e6925dab94\/invoke.js\"><\/script><\/div> <p>Se voc\u00ea \u00e9 usu\u00e1rio do Excel, \u00e9 importante saber como salvar um arquivo nele. No Excel, pode ser necess\u00e1rio salvar um arquivo para criar registros. E o formato de arquivo padr\u00e3o no Excel \u00e9 XLSX. Ele permite que voc\u00ea fa\u00e7a backup de seus dados em qualquer unidade local, pasta (como \u00e1rea de trabalho, meu documento), disco r\u00edgido ou unidade USB.<\/p><p> Neste tutorial, aprenderemos os diferentes m\u00e9todos para salvar documentos Excel.<\/p><h2 id=\"h-save-a-file-using-the-file-tab-on-the-ribbon\" class=\"wp-block-heading\"> Salve um arquivo usando a guia Arquivo da Faixa de Op\u00e7\u00f5es<\/h2><p> Esta \u00e9 uma das maneiras mais simples e f\u00e1ceis de salvar um arquivo Excel em sua unidade ou em qualquer pasta. Aqui est\u00e3o as etapas para isso:<\/p><ul><li> Primeiro, abra a planilha do Excel e voc\u00ea ver\u00e1 que o nome padr\u00e3o \u00e9 Livro1. Agora insira os dados que deseja salvar. <\/li><\/ul><div class=\"wp-block-image\"><figure class=\"aligncenter size-full is-resized\"><img loading=\"lazy\" decoding=\"async\" class=\"wp-image-80044\" src=\"https:\/\/exceladvisor.org\/wp-content\/uploads\/2023\/08\/1-nouveau-classeur-excel.png\" sizes=\"auto, \" srcset=\"\" alt=\"nova pasta de trabalho-Excel\" width=\"412\" height=\"414\"><\/figure><\/div><ul><li> Clique na guia Arquivo e voc\u00ea ter\u00e1 uma vis\u00e3o dos bastidores da lista de op\u00e7\u00f5es. <\/li><\/ul><div class=\"wp-block-image\"><figure class=\"aligncenter size-full is-resized\"><img loading=\"lazy\" decoding=\"async\" class=\"wp-image-80046\" src=\"https:\/\/exceladvisor.org\/wp-content\/uploads\/2023\/08\/2-cliquez-sur-longlet-fichier-1.png\" sizes=\"auto, \" srcset=\"\" alt=\"clique na aba do arquivo\" width=\"411\" height=\"440\"><\/figure><\/div><ul><li> Agora, clique na op\u00e7\u00e3o Salvar como e a caixa de di\u00e1logo Salvar como ser\u00e1 aberta. <\/li><\/ul><div class=\"wp-block-image\"><figure class=\"aligncenter size-full is-resized\"><img loading=\"lazy\" decoding=\"async\" class=\"wp-image-80047\" src=\"https:\/\/exceladvisor.org\/wp-content\/uploads\/2023\/08\/3-selectionnez-loption-Enregistrer-sous.png\" sizes=\"auto, \" srcset=\"\" alt=\"selecione a op\u00e7\u00e3o salvar como\" width=\"422\" height=\"190\"><\/figure><\/div><ul><li> Em seguida, voc\u00ea precisa navegar at\u00e9 o local onde deseja salvar sua planilha.<\/li><\/ul><p> Suponha que voc\u00ea queira salvar seu arquivo na pasta Arquivos do Excel, localizada na \u00e1rea de trabalho.<\/p><ul><li> Depois de selecionar o local, insira o nome do arquivo na caixa e clique no bot\u00e3o Salvar na parte inferior. <\/li><\/ul><div class=\"wp-block-image\"><figure class=\"aligncenter size-full is-resized\"><img loading=\"lazy\" decoding=\"async\" class=\"wp-image-80048\" src=\"https:\/\/exceladvisor.org\/wp-content\/uploads\/2023\/08\/4-entrez-lemplacement-du-nom-de-fichier-et-cliquez-sur-enregistrer.png\" sizes=\"auto, \" srcset=\"\" alt=\"insira o nome do arquivo, local e clique em salvar\" width=\"601\" height=\"476\"><\/figure><\/div><ul><li> Finalmente, voc\u00ea tamb\u00e9m pode ver que o nome do arquivo mudou na planilha. <\/li><\/ul><div class=\"wp-block-image\"><figure class=\"aligncenter size-full is-resized\"><img loading=\"lazy\" decoding=\"async\" class=\"wp-image-80049\" src=\"https:\/\/exceladvisor.org\/wp-content\/uploads\/2023\/08\/5-nom-de-feuille-mis-a-jour.png\" sizes=\"auto, \" srcset=\"\" alt=\"nome da planilha atualizado\" width=\"564\" height=\"223\"><\/figure><\/div><h2 id=\"h-keyboard-shortcut-to-save-excel-file\" class=\"wp-block-heading\"> Atalho de teclado para salvar arquivo Excel<\/h2><p> Voc\u00ea tamb\u00e9m pode salvar o arquivo usando o atalho de teclado no formato XLSX.<\/p><ul><li> Novamente, voc\u00ea precisa preparar a planilha que deseja guardar para o futuro. <\/li><\/ul><div class=\"wp-block-image\"><figure class=\"aligncenter size-full is-resized\"><img loading=\"lazy\" decoding=\"async\" class=\"wp-image-80050\" src=\"https:\/\/exceladvisor.org\/wp-content\/uploads\/2023\/08\/6-cliquez-sur-le-bouton-enregistrer-sous.png\" sizes=\"auto, \" srcset=\"\" alt=\"clique no bot\u00e3o salvar como\" width=\"375\" height=\"359\"><\/figure><\/div><ul><li> Pressione as teclas Ctrl + S ou clique no \u00edcone salvar superior e ele mostrar\u00e1 a caixa de di\u00e1logo Salvar arquivo conforme abaixo.<\/li><li> Agora, d\u00ea um nome \u00e0 pasta de trabalho e selecione \u201cPasta de trabalho do Excel\u201d na caixa de tipo de backup. <\/li><\/ul><div class=\"wp-block-image\"><figure class=\"aligncenter size-full is-resized\"><img loading=\"lazy\" decoding=\"async\" class=\"wp-image-80051\" src=\"https:\/\/exceladvisor.org\/wp-content\/uploads\/2023\/08\/7-entrez-le-nom-du-fichier-et-choisissez-le-format.png\" sizes=\"auto, \" srcset=\"\" alt=\"insira o nome do arquivo e escolha o formato\" width=\"620\" height=\"483\"><\/figure><\/div><ul><li> Escolha o local onde deseja salvar seu arquivo e clique no bot\u00e3o Salvar. <\/li><\/ul><div class=\"wp-block-image\"><figure class=\"aligncenter size-full is-resized\"><img loading=\"lazy\" decoding=\"async\" class=\"wp-image-80052\" src=\"https:\/\/exceladvisor.org\/wp-content\/uploads\/2023\/08\/8-finaliser-lemplacement-et-enregistrer-le-fichier.png\" sizes=\"auto, \" srcset=\"\" alt=\"finalizar-localiza\u00e7\u00e3o-e-salvar-arquivo\" width=\"444\" height=\"369\"><\/figure><\/div><h2 id=\"h-save-excel-file-in-other-formats\" class=\"wp-block-heading\"> Salve o arquivo Excel em outros formatos<\/h2><p> Geralmente, o Excel salva seus arquivos em pastas de trabalho do Excel, mas com isso voc\u00ea tamb\u00e9m pode salvar os arquivos em outros formatos. Por exemplo, voc\u00ea pode salvar seu arquivo existente em formato PDF. Aqui est\u00e3o as etapas a seguir:<\/p><p class=\"qt-tip\"> Nota: Voc\u00ea pode salvar o novo arquivo Excel, bem como quaisquer arquivos Excel existentes em outros formatos.<\/p><ul><li> Voc\u00ea precisa abrir um arquivo existente que deseja salvar como PDF. <\/li><\/ul><div class=\"wp-block-image\"><figure class=\"aligncenter size-full is-resized\"><img loading=\"lazy\" decoding=\"async\" class=\"wp-image-80053\" src=\"https:\/\/exceladvisor.org\/wp-content\/uploads\/2023\/08\/9-fichier-existant-enregistrer-au-format-pdf.png\" sizes=\"auto, \" srcset=\"\" alt=\"arquivo existente salvar como PDF\" width=\"435\" height=\"457\"><\/figure><\/div><ul><li> Agora, clique na guia Arquivo e selecione a op\u00e7\u00e3o Salvar como.<\/li><li> Clique em navegar e abrir\u00e1 a mesma caixa de di\u00e1logo salvar como. <\/li><\/ul><div class=\"wp-block-image\"><figure class=\"aligncenter size-full is-resized\"><img loading=\"lazy\" decoding=\"async\" class=\"wp-image-80054\" src=\"https:\/\/exceladvisor.org\/wp-content\/uploads\/2023\/08\/10-cliquez-sur-enregistrer-sous-parcourir-lemplacement.png\" sizes=\"auto, \" srcset=\"\" alt=\"clicar-salvar-sub-navegar-local\" width=\"501\" height=\"389\"><\/figure><\/div><ul><li> Agora selecione o local onde deseja salvar seu arquivo Excel.<\/li><li> Em seguida, voc\u00ea pode alterar o nome do arquivo, se desejar, e na lista suspensa de tipo de arquivo, selecionar PDF e salv\u00e1-lo. <\/li><\/ul><div class=\"wp-block-image\"><figure class=\"aligncenter size-full is-resized\"><img loading=\"lazy\" decoding=\"async\" class=\"wp-image-80055\" src=\"https:\/\/exceladvisor.org\/wp-content\/uploads\/2023\/08\/11-selectionnez-le-type-de-fichier-et-enregistrez-avec-le-meme-nom.png\" sizes=\"auto, \" srcset=\"\" alt=\"selecione o tipo de arquivo e salve com o mesmo nome\" width=\"618\" height=\"579\"><\/figure><\/div><div class=\"gb-container gb-container-4db6181c gb-container-mt\"> <a class=\"gb-button gb-button-c5897111 gb-button-text gb-button-mt-button\" href=\"https:\/\/exceladvisor.org\/pt\/nocoes-basicas-de-excel\/\">No\u00e7\u00f5es b\u00e1sicas do Microsoft Excel (componentes, pe\u00e7as e notas de conhecimento)<\/a><h2 class=\"gb-headline gb-headline-665e5f6b gb-headline-text gb-headline-mt-heading\"> Tutoriais relacionados <\/h2><div class=\"gb-grid-wrapper gb-grid-wrapper-a20baf7c gb-grid-wrapper-mt-grid\"><div class=\"gb-grid-column gb-grid-column-65ddf67e\"><div class=\"gb-container gb-container-65ddf67e\"><ul><li> <a href=\"https:\/\/exceladvisor.org\/pt\/justificar-completamente\/\">Preencha Justificar no Excel<\/a><\/li><li> <a href=\"https:\/\/exceladvisor.org\/pt\/barra-de-formulas-do-excel\/\">Barra de f\u00f3rmulas no Excel<\/a><\/li><li> <a href=\"https:\/\/exceladvisor.org\/pt\/adicionar-um-cabecalho-de-rodape\/\">Adicione um cabe\u00e7alho e rodap\u00e9 no Excel<\/a><\/li><li> <a href=\"https:\/\/exceladvisor.org\/pt\/governante\/\">Mostrar r\u00e9gua no Excel<\/a><\/li><li> <a href=\"https:\/\/exceladvisor.org\/pt\/alca-de-enchimento\/\">Al\u00e7a de preenchimento no Excel<\/a> <\/li><\/ul><\/div><\/div><div class=\"gb-grid-column gb-grid-column-50067b57\"><div class=\"gb-container gb-container-50067b57\"><\/div><\/div><\/div><\/div>","protected":false},"excerpt":{"rendered":"","protected":false},"author":1,"featured_media":0,"parent":0,"menu_order":0,"comment_status":"open","ping_status":"closed","template":"","meta":{"ub_ctt_via":"","footnotes":""},"class_list":["post-416","page","type-page","status-publish","hentry"],"featured_image_src":null,"yoast_head":"<!-- This site is optimized with the Yoast SEO plugin v25.4 - https:\/\/yoast.com\/wordpress\/plugins\/seo\/ -->\n<title>\u25b7Como salvar um arquivo no Excel? (Tutorial 2023)<\/title>\n<meta name=\"description\" content=\"Este \u00e9 um tutorial b\u00e1sico do Microsoft Excel para salvar um arquivo Excel (pasta de trabalho). Neste tutorial voc\u00ea aprender\u00e1 como\" \/>\n<meta name=\"robots\" content=\"index, follow, max-snippet:-1, max-image-preview:large, max-video-preview:-1\" \/>\n<link rel=\"canonical\" href=\"https:\/\/exceladvisor.org\/pt\/salvar-arquivo\/\" \/>\n<meta property=\"og:locale\" content=\"pt_PT\" \/>\n<meta property=\"og:type\" content=\"article\" \/>\n<meta property=\"og:title\" content=\"\u25b7Como salvar um arquivo no Excel? (Tutorial 2023)\" \/>\n<meta property=\"og:description\" content=\"Este \u00e9 um tutorial b\u00e1sico do Microsoft Excel para salvar um arquivo Excel (pasta de trabalho). Neste tutorial voc\u00ea aprender\u00e1 como\" \/>\n<meta property=\"og:url\" content=\"https:\/\/exceladvisor.org\/pt\/salvar-arquivo\/\" \/>\n<meta property=\"og:site_name\" content=\"Excel Advisor\" \/>\n<meta property=\"article:modified_time\" content=\"2023-12-06T11:42:11+00:00\" \/>\n<meta property=\"og:image\" content=\"https:\/\/exceladvisor.org\/wp-content\/uploads\/2023\/08\/1-nouveau-classeur-excel.png\" \/>\n<meta name=\"twitter:card\" content=\"summary_large_image\" \/>\n<meta name=\"twitter:label1\" content=\"Tempo estimado de leitura\" \/>\n\t<meta name=\"twitter:data1\" content=\"3 minutos\" \/>\n<script type=\"application\/ld+json\" class=\"yoast-schema-graph\">{\"@context\":\"https:\/\/schema.org\",\"@graph\":[{\"@type\":\"WebPage\",\"@id\":\"https:\/\/exceladvisor.org\/pt\/salvar-arquivo\/\",\"url\":\"https:\/\/exceladvisor.org\/pt\/salvar-arquivo\/\",\"name\":\"\u25b7Como salvar um arquivo no Excel? (Tutorial 2023)\",\"isPartOf\":{\"@id\":\"https:\/\/exceladvisor.org\/pt\/#website\"},\"primaryImageOfPage\":{\"@id\":\"https:\/\/exceladvisor.org\/pt\/salvar-arquivo\/#primaryimage\"},\"image\":{\"@id\":\"https:\/\/exceladvisor.org\/pt\/salvar-arquivo\/#primaryimage\"},\"thumbnailUrl\":\"https:\/\/exceladvisor.org\/wp-content\/uploads\/2023\/08\/1-nouveau-classeur-excel.png\",\"datePublished\":\"2023-10-29T23:32:03+00:00\",\"dateModified\":\"2023-12-06T11:42:11+00:00\",\"description\":\"Este \u00e9 um tutorial b\u00e1sico do Microsoft Excel para salvar um arquivo Excel (pasta de trabalho). Neste tutorial voc\u00ea aprender\u00e1 como\",\"breadcrumb\":{\"@id\":\"https:\/\/exceladvisor.org\/pt\/salvar-arquivo\/#breadcrumb\"},\"inLanguage\":\"pt-PT\",\"potentialAction\":[{\"@type\":\"ReadAction\",\"target\":[\"https:\/\/exceladvisor.org\/pt\/salvar-arquivo\/\"]}]},{\"@type\":\"ImageObject\",\"inLanguage\":\"pt-PT\",\"@id\":\"https:\/\/exceladvisor.org\/pt\/salvar-arquivo\/#primaryimage\",\"url\":\"https:\/\/exceladvisor.org\/wp-content\/uploads\/2023\/08\/1-nouveau-classeur-excel.png\",\"contentUrl\":\"https:\/\/exceladvisor.org\/wp-content\/uploads\/2023\/08\/1-nouveau-classeur-excel.png\"},{\"@type\":\"BreadcrumbList\",\"@id\":\"https:\/\/exceladvisor.org\/pt\/salvar-arquivo\/#breadcrumb\",\"itemListElement\":[{\"@type\":\"ListItem\",\"position\":1,\"name\":\"Lar\",\"item\":\"https:\/\/exceladvisor.org\/pt\/\"},{\"@type\":\"ListItem\",\"position\":2,\"name\":\"Como salvar um arquivo no excel?\"}]},{\"@type\":\"WebSite\",\"@id\":\"https:\/\/exceladvisor.org\/pt\/#website\",\"url\":\"https:\/\/exceladvisor.org\/pt\/\",\"name\":\"Excel Advisor\",\"description\":\"O seu guia definitivo para dominar os dados!\",\"publisher\":{\"@id\":\"https:\/\/exceladvisor.org\/pt\/#organization\"},\"potentialAction\":[{\"@type\":\"SearchAction\",\"target\":{\"@type\":\"EntryPoint\",\"urlTemplate\":\"https:\/\/exceladvisor.org\/pt\/?s={search_term_string}\"},\"query-input\":{\"@type\":\"PropertyValueSpecification\",\"valueRequired\":true,\"valueName\":\"search_term_string\"}}],\"inLanguage\":\"pt-PT\"},{\"@type\":\"Organization\",\"@id\":\"https:\/\/exceladvisor.org\/pt\/#organization\",\"name\":\"Excel Advisor\",\"url\":\"https:\/\/exceladvisor.org\/pt\/\",\"logo\":{\"@type\":\"ImageObject\",\"inLanguage\":\"pt-PT\",\"@id\":\"https:\/\/exceladvisor.org\/pt\/#\/schema\/logo\/image\/\",\"url\":\"https:\/\/exceladvisor.org\/pt\/wp-content\/uploads\/2023\/12\/exceladvisor.org_.png\",\"contentUrl\":\"https:\/\/exceladvisor.org\/pt\/wp-content\/uploads\/2023\/12\/exceladvisor.org_.png\",\"width\":105,\"height\":36,\"caption\":\"Excel Advisor\"},\"image\":{\"@id\":\"https:\/\/exceladvisor.org\/pt\/#\/schema\/logo\/image\/\"}}]}<\/script>\n<!-- \/ Yoast SEO plugin. -->","yoast_head_json":{"title":"\u25b7Como salvar um arquivo no Excel? (Tutorial 2023)","description":"Este \u00e9 um tutorial b\u00e1sico do Microsoft Excel para salvar um arquivo Excel (pasta de trabalho). Neste tutorial voc\u00ea aprender\u00e1 como","robots":{"index":"index","follow":"follow","max-snippet":"max-snippet:-1","max-image-preview":"max-image-preview:large","max-video-preview":"max-video-preview:-1"},"canonical":"https:\/\/exceladvisor.org\/pt\/salvar-arquivo\/","og_locale":"pt_PT","og_type":"article","og_title":"\u25b7Como salvar um arquivo no Excel? (Tutorial 2023)","og_description":"Este \u00e9 um tutorial b\u00e1sico do Microsoft Excel para salvar um arquivo Excel (pasta de trabalho). Neste tutorial voc\u00ea aprender\u00e1 como","og_url":"https:\/\/exceladvisor.org\/pt\/salvar-arquivo\/","og_site_name":"Excel Advisor","article_modified_time":"2023-12-06T11:42:11+00:00","og_image":[{"url":"https:\/\/exceladvisor.org\/wp-content\/uploads\/2023\/08\/1-nouveau-classeur-excel.png","type":"","width":"","height":""}],"twitter_card":"summary_large_image","twitter_misc":{"Tempo estimado de leitura":"3 minutos"},"schema":{"@context":"https:\/\/schema.org","@graph":[{"@type":"WebPage","@id":"https:\/\/exceladvisor.org\/pt\/salvar-arquivo\/","url":"https:\/\/exceladvisor.org\/pt\/salvar-arquivo\/","name":"\u25b7Como salvar um arquivo no Excel? (Tutorial 2023)","isPartOf":{"@id":"https:\/\/exceladvisor.org\/pt\/#website"},"primaryImageOfPage":{"@id":"https:\/\/exceladvisor.org\/pt\/salvar-arquivo\/#primaryimage"},"image":{"@id":"https:\/\/exceladvisor.org\/pt\/salvar-arquivo\/#primaryimage"},"thumbnailUrl":"https:\/\/exceladvisor.org\/wp-content\/uploads\/2023\/08\/1-nouveau-classeur-excel.png","datePublished":"2023-10-29T23:32:03+00:00","dateModified":"2023-12-06T11:42:11+00:00","description":"Este \u00e9 um tutorial b\u00e1sico do Microsoft Excel para salvar um arquivo Excel (pasta de trabalho). Neste tutorial voc\u00ea aprender\u00e1 como","breadcrumb":{"@id":"https:\/\/exceladvisor.org\/pt\/salvar-arquivo\/#breadcrumb"},"inLanguage":"pt-PT","potentialAction":[{"@type":"ReadAction","target":["https:\/\/exceladvisor.org\/pt\/salvar-arquivo\/"]}]},{"@type":"ImageObject","inLanguage":"pt-PT","@id":"https:\/\/exceladvisor.org\/pt\/salvar-arquivo\/#primaryimage","url":"https:\/\/exceladvisor.org\/wp-content\/uploads\/2023\/08\/1-nouveau-classeur-excel.png","contentUrl":"https:\/\/exceladvisor.org\/wp-content\/uploads\/2023\/08\/1-nouveau-classeur-excel.png"},{"@type":"BreadcrumbList","@id":"https:\/\/exceladvisor.org\/pt\/salvar-arquivo\/#breadcrumb","itemListElement":[{"@type":"ListItem","position":1,"name":"Lar","item":"https:\/\/exceladvisor.org\/pt\/"},{"@type":"ListItem","position":2,"name":"Como salvar um arquivo no excel?"}]},{"@type":"WebSite","@id":"https:\/\/exceladvisor.org\/pt\/#website","url":"https:\/\/exceladvisor.org\/pt\/","name":"Excel Advisor","description":"O seu guia definitivo para dominar os dados!","publisher":{"@id":"https:\/\/exceladvisor.org\/pt\/#organization"},"potentialAction":[{"@type":"SearchAction","target":{"@type":"EntryPoint","urlTemplate":"https:\/\/exceladvisor.org\/pt\/?s={search_term_string}"},"query-input":{"@type":"PropertyValueSpecification","valueRequired":true,"valueName":"search_term_string"}}],"inLanguage":"pt-PT"},{"@type":"Organization","@id":"https:\/\/exceladvisor.org\/pt\/#organization","name":"Excel Advisor","url":"https:\/\/exceladvisor.org\/pt\/","logo":{"@type":"ImageObject","inLanguage":"pt-PT","@id":"https:\/\/exceladvisor.org\/pt\/#\/schema\/logo\/image\/","url":"https:\/\/exceladvisor.org\/pt\/wp-content\/uploads\/2023\/12\/exceladvisor.org_.png","contentUrl":"https:\/\/exceladvisor.org\/pt\/wp-content\/uploads\/2023\/12\/exceladvisor.org_.png","width":105,"height":36,"caption":"Excel Advisor"},"image":{"@id":"https:\/\/exceladvisor.org\/pt\/#\/schema\/logo\/image\/"}}]}},"yoast_meta":{"yoast_wpseo_title":"","yoast_wpseo_metadesc":"","yoast_wpseo_canonical":""},"_links":{"self":[{"href":"https:\/\/exceladvisor.org\/pt\/wp-json\/wp\/v2\/pages\/416","targetHints":{"allow":["GET"]}}],"collection":[{"href":"https:\/\/exceladvisor.org\/pt\/wp-json\/wp\/v2\/pages"}],"about":[{"href":"https:\/\/exceladvisor.org\/pt\/wp-json\/wp\/v2\/types\/page"}],"author":[{"embeddable":true,"href":"https:\/\/exceladvisor.org\/pt\/wp-json\/wp\/v2\/users\/1"}],"replies":[{"embeddable":true,"href":"https:\/\/exceladvisor.org\/pt\/wp-json\/wp\/v2\/comments?post=416"}],"version-history":[{"count":1,"href":"https:\/\/exceladvisor.org\/pt\/wp-json\/wp\/v2\/pages\/416\/revisions"}],"predecessor-version":[{"id":1188,"href":"https:\/\/exceladvisor.org\/pt\/wp-json\/wp\/v2\/pages\/416\/revisions\/1188"}],"wp:attachment":[{"href":"https:\/\/exceladvisor.org\/pt\/wp-json\/wp\/v2\/media?parent=416"}],"curies":[{"name":"wp","href":"https:\/\/api.w.org\/{rel}","templated":true}]}}