{"id":417,"date":"2023-10-29T19:00:16","date_gmt":"2023-10-29T19:00:16","guid":{"rendered":"https:\/\/exceladvisor.org\/pt\/pesquisa-do-google\/"},"modified":"2023-12-06T11:41:46","modified_gmt":"2023-12-06T11:41:46","slug":"pesquisa-do-google","status":"publish","type":"page","link":"https:\/\/exceladvisor.org\/pt\/pesquisa-do-google\/","title":{"rendered":"Como pesquisar no google usando vba?"},"content":{"rendered":"<div class=\"excel-before-content-2\" id=\"excel-2850738638\"><script type=\"text\/javascript\">\r\n\tatOptions = {\r\n\t\t'key' : 'c1158f160081d6540a8409e6925dab94',\r\n\t\t'format' : 'iframe',\r\n\t\t'height' : 250,\r\n\t\t'width' : 300,\r\n\t\t'params' : {}\r\n\t};\r\n<\/script>\r\n<script type=\"text\/javascript\" src=\"\/\/www.highperformanceformat.com\/c1158f160081d6540a8409e6925dab94\/invoke.js\"><\/script><\/div><div class=\"excel-before-content\" id=\"excel-3047996125\"><script type=\"text\/javascript\">\r\n\tatOptions = {\r\n\t\t'key' : 'c1158f160081d6540a8409e6925dab94',\r\n\t\t'format' : 'iframe',\r\n\t\t'height' : 250,\r\n\t\t'width' : 300,\r\n\t\t'params' : {}\r\n\t};\r\n<\/script>\r\n<script type=\"text\/javascript\" src=\"\/\/www.highperformanceformat.com\/c1158f160081d6540a8409e6925dab94\/invoke.js\"><\/script><\/div> <p>H\u00e1 muitas coisas importantes que todos fazemos al\u00e9m de usar o Excel. Estou certo?<\/p><p> Uma dessas coisas \u00e9 usar o Google para pesquisar algo. Na minha lista de c\u00f3digos de macro \u00fateis, tenho um c\u00f3digo que voc\u00ea pode usar para realizar uma consulta de pesquisa no Google usando o Chrome.<\/p><p> E hoje vou compartilhar esse c\u00f3digo com voc\u00eas. Voc\u00ea pode adicionar esse c\u00f3digo \u00e0 sua <a href=\"https:\/\/exceladvisor.org\/pt\/caderno-macro-pessoal\/\" target=\"_blank\" rel=\"noopener noreferrer\">pasta de trabalho de macro pessoal<\/a> e us\u00e1-lo sempre que precisar pesquisar algo no Google.<\/p><h2 class=\"wp-block-heading\"> C\u00f3digo VBA para abrir o Google Chrome para pesquisa<\/h2><p> Aqui est\u00e1 o c\u00f3digo abaixo que voc\u00ea pode usar para pesquisar no Google usando o Chrome.<\/p><h3 class=\"wp-block-heading\"> Vers\u00e3o do Windows 32<\/h3><pre class=\"wp-block-code\"> <code class=\"language-visual-basic\" lang=\"visual-basic\">Sub Google_Search_32() Dim chromePath As String Dim search_string As String Dim query As String query = InputBox(\"Enter here your search here\", \"Google Search\") search_string = query search_string = Replace(search_string, \" \", \"+\") chromePath = \"\"\"C:\\Program Files (x86)\\Google\\Chrome\\Application\\chrome.exe\"\"\" Shell (chromePath &amp; \" -url http:\/\/google.com\/search?q=\" &amp; search_string) End Sub<\/code><\/pre><h3 class=\"wp-block-heading\"> Vers\u00e3o do Windows 64<\/h3><pre class=\"wp-block-code\"> <code class=\"language-visual-basic\" lang=\"visual-basic\">Sub Google_Search_64() Dim chromePath As String Dim search_string As String Dim query As String query = InputBox(\"Enter here your search here\", \"Google Search\") search_string = Replace(query, \" \", \"+\") chromePath = \"\"\"C:\\Program Files\\Google\\Chrome\\Application\\chrome.exe\"\"\" Shell (chromePath &amp; \" -url http:\/\/google.com\/search?q=\" &amp; search_string) End Sub<\/code><\/pre><h2 class=\"wp-block-heading\"> Como usar este c\u00f3digo VBA para pesquisar no Google<\/h2><p> Aqui est\u00e1 a etapa simples que voc\u00ea precisa seguir para resgatar este c\u00f3digo.<\/p><ul><li> Abra o editor VB usando a tecla de atalho Alt + F11 ou v\u00e1 para a guia do desenvolvedor. <\/li><\/ul><div class=\"wp-block-image\"><figure class=\"aligncenter\"><img decoding=\"async\" src=\"https:\/\/exceladvisor.org\/wp-content\/uploads\/2023\/08\/ouvrir-lediteur-vb-pour-coller-le-code-vba-pour-ouvrir-google-chrome-pour-rechercher-min.png\" sizes=\"\" srcset=\"\" alt=\"\"><\/figure><\/div><ul><li> Insira um novo m\u00f3dulo e cole o c\u00f3digo acima nele. <\/li><\/ul><div class=\"wp-block-image\"><figure class=\"aligncenter\"><img decoding=\"async\" src=\"https:\/\/exceladvisor.org\/wp-content\/uploads\/2023\/08\/coller-le-code-vba-dans-lediteur-vb-pour-ouvrir-google-chrome-pour-rechercher-min.png\" sizes=\"\" srcset=\"\" alt=\"\"><\/figure><\/div><p> Agora feche o editor VB e execute esta macro na op\u00e7\u00e3o macros na guia do desenvolvedor.<\/p><h3 class=\"wp-block-heading\"> Como funciona<\/h3><p> Quando voc\u00ea executa este c\u00f3digo, ele mostra uma caixa de entrada para inserir sua consulta. E voc\u00ea precisa inserir sua consulta nesta caixa de entrada e clicar em OK. <\/p><div class=\"wp-block-image\"><figure class=\"aligncenter\"><img decoding=\"async\" src=\"https:\/\/exceladvisor.org\/wp-content\/uploads\/2023\/08\/executer-la-macro-ouvrir-google-chrome-pour-rechercher-min.png\" sizes=\"\" srcset=\"\" alt=\"\"><\/figure><\/div><p> Depois de clicar em OK, esse c\u00f3digo cria a sintaxe do URL de pesquisa usando o texto inserido. <\/p><div class=\"wp-block-image\"><figure class=\"aligncenter\"><img decoding=\"async\" src=\"https:\/\/exceladvisor.org\/wp-content\/uploads\/2023\/08\/url-ouvrir-google-chrome-pour-rechercher-min.png\" sizes=\"\" srcset=\"\" alt=\"\"><\/figure><\/div><p> E, no final, redireciona o Chrome para este URL para fornecer resultados para a consulta inserida.<\/p><div class=\"gb-container gb-container-4db6181c gb-container-mt\"> <a class=\"gb-button gb-button-c5897111 gb-button-text gb-button-mt-button\" href=\"https:\/\/exceladvisor.org\/pt\/vba\/\">O que \u00e9 VBA<\/a><h2 class=\"gb-headline gb-headline-665e5f6b gb-headline-text gb-headline-mt-heading\"> Tutoriais relacionados <\/h2><div class=\"gb-grid-wrapper gb-grid-wrapper-a20baf7c gb-grid-wrapper-mt-grid\"><div class=\"gb-grid-column gb-grid-column-65ddf67e\"><div class=\"gb-container gb-container-65ddf67e\"><ul><li> <a href=\"https:\/\/exceladvisor.org\/pt\/destacar-valores-duplicados\/\">Destaque valores duplicados usando VBA<\/a><\/li><li> <a href=\"https:\/\/exceladvisor.org\/pt\/extrair-hiperlink\/\">Extraia o endere\u00e7o do hiperlink (URL) VBA<\/a><\/li><li> <a href=\"https:\/\/exceladvisor.org\/pt\/campo-de-entrada\/\">Caixa de entrada em VBA<\/a><\/li><li> <a href=\"https:\/\/exceladvisor.org\/pt\/arquivos-de-texto\/\">VBA cria e grava em um arquivo de texto<\/a><\/li><li> <a href=\"https:\/\/exceladvisor.org\/pt\/atualizacao-de-tela\/\">Atualiza\u00e7\u00e3o de tela VBA<\/a> <\/li><\/ul><\/div><\/div><div class=\"gb-grid-column gb-grid-column-50067b57\"><div class=\"gb-container gb-container-50067b57\"><\/div><\/div><\/div><\/div>","protected":false},"excerpt":{"rendered":"","protected":false},"author":1,"featured_media":0,"parent":0,"menu_order":0,"comment_status":"open","ping_status":"closed","template":"","meta":{"ub_ctt_via":"","footnotes":""},"class_list":["post-417","page","type-page","status-publish","hentry"],"featured_image_src":null,"yoast_head":"<!-- This site is optimized with the Yoast SEO plugin v25.4 - https:\/\/yoast.com\/wordpress\/plugins\/seo\/ -->\n<title>Como pesquisar no Google usando VBA?<\/title>\n<meta name=\"description\" content=\"Tenho um c\u00f3digo que voc\u00ea pode usar para realizar uma consulta de pesquisa no Google usando o Chrome. E hoje vou compartilhar\" \/>\n<meta name=\"robots\" content=\"index, follow, max-snippet:-1, max-image-preview:large, max-video-preview:-1\" \/>\n<link rel=\"canonical\" href=\"https:\/\/exceladvisor.org\/pt\/pesquisa-do-google\/\" \/>\n<meta property=\"og:locale\" content=\"pt_PT\" \/>\n<meta property=\"og:type\" content=\"article\" \/>\n<meta property=\"og:title\" content=\"Como pesquisar no Google usando VBA?\" \/>\n<meta property=\"og:description\" content=\"Tenho um c\u00f3digo que voc\u00ea pode usar para realizar uma consulta de pesquisa no Google usando o Chrome. E hoje vou compartilhar\" \/>\n<meta property=\"og:url\" content=\"https:\/\/exceladvisor.org\/pt\/pesquisa-do-google\/\" \/>\n<meta property=\"og:site_name\" content=\"Excel Advisor\" \/>\n<meta property=\"article:modified_time\" content=\"2023-12-06T11:41:46+00:00\" \/>\n<meta property=\"og:image\" content=\"https:\/\/exceladvisor.org\/wp-content\/uploads\/2023\/08\/ouvrir-lediteur-vb-pour-coller-le-code-vba-pour-ouvrir-google-chrome-pour-rechercher-min.png\" \/>\n<meta name=\"twitter:card\" content=\"summary_large_image\" \/>\n<meta name=\"twitter:label1\" content=\"Tempo estimado de leitura\" \/>\n\t<meta name=\"twitter:data1\" content=\"2 minutos\" \/>\n<script type=\"application\/ld+json\" class=\"yoast-schema-graph\">{\"@context\":\"https:\/\/schema.org\",\"@graph\":[{\"@type\":\"WebPage\",\"@id\":\"https:\/\/exceladvisor.org\/pt\/pesquisa-do-google\/\",\"url\":\"https:\/\/exceladvisor.org\/pt\/pesquisa-do-google\/\",\"name\":\"Como pesquisar no Google usando VBA?\",\"isPartOf\":{\"@id\":\"https:\/\/exceladvisor.org\/pt\/#website\"},\"primaryImageOfPage\":{\"@id\":\"https:\/\/exceladvisor.org\/pt\/pesquisa-do-google\/#primaryimage\"},\"image\":{\"@id\":\"https:\/\/exceladvisor.org\/pt\/pesquisa-do-google\/#primaryimage\"},\"thumbnailUrl\":\"https:\/\/exceladvisor.org\/wp-content\/uploads\/2023\/08\/ouvrir-lediteur-vb-pour-coller-le-code-vba-pour-ouvrir-google-chrome-pour-rechercher-min.png\",\"datePublished\":\"2023-10-29T19:00:16+00:00\",\"dateModified\":\"2023-12-06T11:41:46+00:00\",\"description\":\"Tenho um c\u00f3digo que voc\u00ea pode usar para realizar uma consulta de pesquisa no Google usando o Chrome. E hoje vou compartilhar\",\"breadcrumb\":{\"@id\":\"https:\/\/exceladvisor.org\/pt\/pesquisa-do-google\/#breadcrumb\"},\"inLanguage\":\"pt-PT\",\"potentialAction\":[{\"@type\":\"ReadAction\",\"target\":[\"https:\/\/exceladvisor.org\/pt\/pesquisa-do-google\/\"]}]},{\"@type\":\"ImageObject\",\"inLanguage\":\"pt-PT\",\"@id\":\"https:\/\/exceladvisor.org\/pt\/pesquisa-do-google\/#primaryimage\",\"url\":\"https:\/\/exceladvisor.org\/wp-content\/uploads\/2023\/08\/ouvrir-lediteur-vb-pour-coller-le-code-vba-pour-ouvrir-google-chrome-pour-rechercher-min.png\",\"contentUrl\":\"https:\/\/exceladvisor.org\/wp-content\/uploads\/2023\/08\/ouvrir-lediteur-vb-pour-coller-le-code-vba-pour-ouvrir-google-chrome-pour-rechercher-min.png\"},{\"@type\":\"BreadcrumbList\",\"@id\":\"https:\/\/exceladvisor.org\/pt\/pesquisa-do-google\/#breadcrumb\",\"itemListElement\":[{\"@type\":\"ListItem\",\"position\":1,\"name\":\"Lar\",\"item\":\"https:\/\/exceladvisor.org\/pt\/\"},{\"@type\":\"ListItem\",\"position\":2,\"name\":\"Como pesquisar no google usando vba?\"}]},{\"@type\":\"WebSite\",\"@id\":\"https:\/\/exceladvisor.org\/pt\/#website\",\"url\":\"https:\/\/exceladvisor.org\/pt\/\",\"name\":\"Excel Advisor\",\"description\":\"O seu guia definitivo para dominar os dados!\",\"publisher\":{\"@id\":\"https:\/\/exceladvisor.org\/pt\/#organization\"},\"potentialAction\":[{\"@type\":\"SearchAction\",\"target\":{\"@type\":\"EntryPoint\",\"urlTemplate\":\"https:\/\/exceladvisor.org\/pt\/?s={search_term_string}\"},\"query-input\":{\"@type\":\"PropertyValueSpecification\",\"valueRequired\":true,\"valueName\":\"search_term_string\"}}],\"inLanguage\":\"pt-PT\"},{\"@type\":\"Organization\",\"@id\":\"https:\/\/exceladvisor.org\/pt\/#organization\",\"name\":\"Excel Advisor\",\"url\":\"https:\/\/exceladvisor.org\/pt\/\",\"logo\":{\"@type\":\"ImageObject\",\"inLanguage\":\"pt-PT\",\"@id\":\"https:\/\/exceladvisor.org\/pt\/#\/schema\/logo\/image\/\",\"url\":\"https:\/\/exceladvisor.org\/pt\/wp-content\/uploads\/2023\/12\/exceladvisor.org_.png\",\"contentUrl\":\"https:\/\/exceladvisor.org\/pt\/wp-content\/uploads\/2023\/12\/exceladvisor.org_.png\",\"width\":105,\"height\":36,\"caption\":\"Excel Advisor\"},\"image\":{\"@id\":\"https:\/\/exceladvisor.org\/pt\/#\/schema\/logo\/image\/\"}}]}<\/script>\n<!-- \/ Yoast SEO plugin. -->","yoast_head_json":{"title":"Como pesquisar no Google usando VBA?","description":"Tenho um c\u00f3digo que voc\u00ea pode usar para realizar uma consulta de pesquisa no Google usando o Chrome. E hoje vou compartilhar","robots":{"index":"index","follow":"follow","max-snippet":"max-snippet:-1","max-image-preview":"max-image-preview:large","max-video-preview":"max-video-preview:-1"},"canonical":"https:\/\/exceladvisor.org\/pt\/pesquisa-do-google\/","og_locale":"pt_PT","og_type":"article","og_title":"Como pesquisar no Google usando VBA?","og_description":"Tenho um c\u00f3digo que voc\u00ea pode usar para realizar uma consulta de pesquisa no Google usando o Chrome. E hoje vou compartilhar","og_url":"https:\/\/exceladvisor.org\/pt\/pesquisa-do-google\/","og_site_name":"Excel Advisor","article_modified_time":"2023-12-06T11:41:46+00:00","og_image":[{"url":"https:\/\/exceladvisor.org\/wp-content\/uploads\/2023\/08\/ouvrir-lediteur-vb-pour-coller-le-code-vba-pour-ouvrir-google-chrome-pour-rechercher-min.png","type":"","width":"","height":""}],"twitter_card":"summary_large_image","twitter_misc":{"Tempo estimado de leitura":"2 minutos"},"schema":{"@context":"https:\/\/schema.org","@graph":[{"@type":"WebPage","@id":"https:\/\/exceladvisor.org\/pt\/pesquisa-do-google\/","url":"https:\/\/exceladvisor.org\/pt\/pesquisa-do-google\/","name":"Como pesquisar no Google usando VBA?","isPartOf":{"@id":"https:\/\/exceladvisor.org\/pt\/#website"},"primaryImageOfPage":{"@id":"https:\/\/exceladvisor.org\/pt\/pesquisa-do-google\/#primaryimage"},"image":{"@id":"https:\/\/exceladvisor.org\/pt\/pesquisa-do-google\/#primaryimage"},"thumbnailUrl":"https:\/\/exceladvisor.org\/wp-content\/uploads\/2023\/08\/ouvrir-lediteur-vb-pour-coller-le-code-vba-pour-ouvrir-google-chrome-pour-rechercher-min.png","datePublished":"2023-10-29T19:00:16+00:00","dateModified":"2023-12-06T11:41:46+00:00","description":"Tenho um c\u00f3digo que voc\u00ea pode usar para realizar uma consulta de pesquisa no Google usando o Chrome. E hoje vou compartilhar","breadcrumb":{"@id":"https:\/\/exceladvisor.org\/pt\/pesquisa-do-google\/#breadcrumb"},"inLanguage":"pt-PT","potentialAction":[{"@type":"ReadAction","target":["https:\/\/exceladvisor.org\/pt\/pesquisa-do-google\/"]}]},{"@type":"ImageObject","inLanguage":"pt-PT","@id":"https:\/\/exceladvisor.org\/pt\/pesquisa-do-google\/#primaryimage","url":"https:\/\/exceladvisor.org\/wp-content\/uploads\/2023\/08\/ouvrir-lediteur-vb-pour-coller-le-code-vba-pour-ouvrir-google-chrome-pour-rechercher-min.png","contentUrl":"https:\/\/exceladvisor.org\/wp-content\/uploads\/2023\/08\/ouvrir-lediteur-vb-pour-coller-le-code-vba-pour-ouvrir-google-chrome-pour-rechercher-min.png"},{"@type":"BreadcrumbList","@id":"https:\/\/exceladvisor.org\/pt\/pesquisa-do-google\/#breadcrumb","itemListElement":[{"@type":"ListItem","position":1,"name":"Lar","item":"https:\/\/exceladvisor.org\/pt\/"},{"@type":"ListItem","position":2,"name":"Como pesquisar no google usando vba?"}]},{"@type":"WebSite","@id":"https:\/\/exceladvisor.org\/pt\/#website","url":"https:\/\/exceladvisor.org\/pt\/","name":"Excel Advisor","description":"O seu guia definitivo para dominar os dados!","publisher":{"@id":"https:\/\/exceladvisor.org\/pt\/#organization"},"potentialAction":[{"@type":"SearchAction","target":{"@type":"EntryPoint","urlTemplate":"https:\/\/exceladvisor.org\/pt\/?s={search_term_string}"},"query-input":{"@type":"PropertyValueSpecification","valueRequired":true,"valueName":"search_term_string"}}],"inLanguage":"pt-PT"},{"@type":"Organization","@id":"https:\/\/exceladvisor.org\/pt\/#organization","name":"Excel Advisor","url":"https:\/\/exceladvisor.org\/pt\/","logo":{"@type":"ImageObject","inLanguage":"pt-PT","@id":"https:\/\/exceladvisor.org\/pt\/#\/schema\/logo\/image\/","url":"https:\/\/exceladvisor.org\/pt\/wp-content\/uploads\/2023\/12\/exceladvisor.org_.png","contentUrl":"https:\/\/exceladvisor.org\/pt\/wp-content\/uploads\/2023\/12\/exceladvisor.org_.png","width":105,"height":36,"caption":"Excel Advisor"},"image":{"@id":"https:\/\/exceladvisor.org\/pt\/#\/schema\/logo\/image\/"}}]}},"yoast_meta":{"yoast_wpseo_title":"","yoast_wpseo_metadesc":"","yoast_wpseo_canonical":""},"_links":{"self":[{"href":"https:\/\/exceladvisor.org\/pt\/wp-json\/wp\/v2\/pages\/417","targetHints":{"allow":["GET"]}}],"collection":[{"href":"https:\/\/exceladvisor.org\/pt\/wp-json\/wp\/v2\/pages"}],"about":[{"href":"https:\/\/exceladvisor.org\/pt\/wp-json\/wp\/v2\/types\/page"}],"author":[{"embeddable":true,"href":"https:\/\/exceladvisor.org\/pt\/wp-json\/wp\/v2\/users\/1"}],"replies":[{"embeddable":true,"href":"https:\/\/exceladvisor.org\/pt\/wp-json\/wp\/v2\/comments?post=417"}],"version-history":[{"count":1,"href":"https:\/\/exceladvisor.org\/pt\/wp-json\/wp\/v2\/pages\/417\/revisions"}],"predecessor-version":[{"id":1156,"href":"https:\/\/exceladvisor.org\/pt\/wp-json\/wp\/v2\/pages\/417\/revisions\/1156"}],"wp:attachment":[{"href":"https:\/\/exceladvisor.org\/pt\/wp-json\/wp\/v2\/media?parent=417"}],"curies":[{"name":"wp","href":"https:\/\/api.w.org\/{rel}","templated":true}]}}