{"id":419,"date":"2023-10-29T17:51:23","date_gmt":"2023-10-29T17:51:23","guid":{"rendered":"https:\/\/exceladvisor.org\/pt\/adicione-uma-nova-planilha-1\/"},"modified":"2023-12-06T11:37:03","modified_gmt":"2023-12-06T11:37:03","slug":"adicione-uma-nova-planilha-1","status":"publish","type":"page","link":"https:\/\/exceladvisor.org\/pt\/adicione-uma-nova-planilha-1\/","title":{"rendered":"Como criar uma nova planilha usando c\u00f3digo vba?"},"content":{"rendered":"<div class=\"excel-before-content-2\" id=\"excel-2835346861\"><script type=\"text\/javascript\">\r\n\tatOptions = {\r\n\t\t'key' : 'c1158f160081d6540a8409e6925dab94',\r\n\t\t'format' : 'iframe',\r\n\t\t'height' : 250,\r\n\t\t'width' : 300,\r\n\t\t'params' : {}\r\n\t};\r\n<\/script>\r\n<script type=\"text\/javascript\" src=\"\/\/www.highperformanceformat.com\/c1158f160081d6540a8409e6925dab94\/invoke.js\"><\/script><\/div><div class=\"excel-before-content\" id=\"excel-1673281102\"><script type=\"text\/javascript\">\r\n\tatOptions = {\r\n\t\t'key' : 'c1158f160081d6540a8409e6925dab94',\r\n\t\t'format' : 'iframe',\r\n\t\t'height' : 250,\r\n\t\t'width' : 300,\r\n\t\t'params' : {}\r\n\t};\r\n<\/script>\r\n<script type=\"text\/javascript\" src=\"\/\/www.highperformanceformat.com\/c1158f160081d6540a8409e6925dab94\/invoke.js\"><\/script><\/div> <p>Depois de come\u00e7ar a aprender VBA, uma das coisas mais legais que voc\u00ea pode fazer \u00e9 escrever c\u00f3digo VBA para inserir uma nova planilha em uma pasta de trabalho.<\/p><p> Bem, j\u00e1 existe uma tecla de atalho para inserir uma nova planilha ou voc\u00ea tamb\u00e9m pode usar a op\u00e7\u00e3o normal, mas a vantagem de usar c\u00f3digo VBA \u00e9 que voc\u00ea pode adicionar v\u00e1rias planilhas com apenas um clique e tamb\u00e9m pode definir onde deseja adicionar isto.<\/p><p> Para isso, voc\u00ea precisa utilizar o m\u00e9todo Sheets.Add, e neste artigo aprenderemos como utiliz\u00e1-lo para adicionar uma ou mais planilhas em uma pasta de trabalho.<\/p><h2 class=\"wp-block-heading\"> M\u00e9todo Planilhas.Add<\/h2><pre class=\"wp-block-code\"> <code class=\"language-visual-basic\" lang=\"visual-basic\">Sheets.Add ([Before], [After], [Count], [Type])<\/code><\/pre><ul><li> Antes: para adicionar uma nova planilha antes de uma planilha.<\/li><li> Depois: Para adicionar a nova planilha antes de uma planilha.<\/li><li> Contagem: n\u00famero de folhas a adicionar.<\/li><li> Tipo: Tipo de planilha que voc\u00ea deseja adicionar ( <a href=\"https:\/\/docs.microsoft.com\/en-us\/office\/vba\/api\/excel.xlsheettype\" target=\"_blank\" rel=\"noreferrer noopener\" aria-label=\"LINK (opens in a new tab)\">LINK<\/a> )<\/li><\/ul><h2 class=\"wp-block-heading\"> Escreva o c\u00f3digo VBA para adicionar uma nova planilha a uma pasta de trabalho<\/h2><p> Abra o editor do Visual Basic e siga estas etapas.<\/p><ul><li> Primeiro, voc\u00ea precisa inserir o m\u00e9todo Sheets.Add.<\/li><li> A seguir, voc\u00ea precisa definir onde adicionar a nova planilha (Antes ou Depois).<\/li><li> O pr\u00f3ximo passo \u00e9 inserir o n\u00famero de planilhas.<\/li><li> Em \u00faltima an\u00e1lise, o tipo de folha. <\/li><\/ul><div class=\"wp-block-image\"><figure class=\"aligncenter size-large is-resized\"><img loading=\"lazy\" decoding=\"async\" class=\"wp-image-47897\" src=\"https:\/\/exceladvisor.org\/wp-content\/uploads\/2023\/08\/ajouter-des-feuilles-ajouter-une-methode-vba.png\" sizes=\"auto, \" srcset=\"\" alt=\"m\u00e9todo add-sheets-add-vba\" width=\"597\" height=\"161\"><\/figure><\/div><h2 class=\"wp-block-heading\"> Diferentes maneiras de adicionar novas planilhas em uma pasta de trabalho usando c\u00f3digo VBA<\/h2><p> Abaixo est\u00e3o diferentes maneiras de adicionar uma nova planilha a uma pasta de trabalho:<\/p><h3 class=\"wp-block-heading\"> 1. Adicione uma \u00fanica planilha<\/h3><p> Para adicionar uma \u00fanica planilha, voc\u00ea pode usar o c\u00f3digo abaixo, onde n\u00e3o especificou nenhum argumento.<\/p><pre class=\"wp-block-code\"> <code class=\"language-visual-basic\" lang=\"visual-basic\">Sub SheetAddExample1() ActiveWorkbook.Sheets.Add End Sub<\/code><\/pre><p> Este c\u00f3digo diz ao Excel para adicionar uma planilha na pasta de trabalho ativa, mas como voc\u00ea n\u00e3o tem argumentos, ele usar\u00e1 os padr\u00f5es e adicionar\u00e1 uma planilha (xlWorksheet) antes da planilha ativa.<\/p><p> Aqui est\u00e1 outra maneira de escrever isso, veja o c\u00f3digo abaixo.<\/p><pre class=\"wp-block-code\"> <code class=\"language-visual-basic\" lang=\"visual-basic\">Sub SheetAddExample2() Sheets.Add End Sub<\/code><\/pre><p> Como voc\u00ea j\u00e1 est\u00e1 na pasta de trabalho ativa, tamb\u00e9m pode usar o c\u00f3digo abaixo. Ele faz a mesma coisa.<\/p><h3 class=\"wp-block-heading\"> 2. Adicione v\u00e1rias planilhas<\/h3><p> Para adicionar v\u00e1rias planilhas de uma vez, basta definir o argumento COUNT com o n\u00famero de planilhas que deseja adicionar.<\/p><pre class=\"wp-block-code\"> <code class=\"language-visual-basic\" lang=\"visual-basic\">Sub AddSheets3() Sheets.Add Count:=5 End Sub<\/code><\/pre><p> Agora, o n\u00famero de planilhas que voc\u00ea define \u00e9 5; portanto, quando voc\u00ea executa esse c\u00f3digo, ele adiciona instantaneamente as cinco novas planilhas \u00e0 pasta de trabalho.<\/p><h3 class=\"wp-block-heading\"> 3. Adicione uma planilha com um nome<\/h3><p> Se quiser renomear a planilha ap\u00f3s adicion\u00e1-la, voc\u00ea pode usar o seguinte c\u00f3digo:<\/p><pre class=\"wp-block-code\"> <code class=\"language-visual-basic\" lang=\"visual-basic\">Sub AddNewSheetswithNameExample1() Sheets.Add.Name = \"myNewSHeet\" End Sub<\/code><\/pre><p> No c\u00f3digo acima, usamos o objeto name ( <a href=\"https:\/\/docs.microsoft.com\/en-us\/office\/vba\/api\/excel.names\">LINK<\/a> ) que ajuda a especificar o nome de uma planilha.<\/p><h3 class=\"wp-block-heading\"> 4. Adicione uma planilha com o nome de uma c\u00e9lula<\/h3><p> Voc\u00ea tamb\u00e9m pode usar o valor para usar como nome da planilha de uma c\u00e9lula.<\/p><pre class=\"wp-block-code\"> <code class=\"language-visual-basic\" lang=\"visual-basic\">Sub AddNewSheetswithNameExample2() Sheets.Add.Name = Range(\"A1\") End Sub<\/code><\/pre><p> No c\u00f3digo acima, a c\u00e9lula A1 \u00e9 usada para obter o nome da nova planilha.<\/p><h3 class=\"wp-block-heading\"> 5. Adicione uma planilha antes\/depois de uma planilha espec\u00edfica<\/h3><p> Como esses argumentos j\u00e1 est\u00e3o l\u00e1 em Sheets.Add onde voc\u00ea pode especificar a planilha para adicionar uma nova planilha antes ou depois.<\/p><pre class=\"wp-block-code\"> <code class=\"language-visual-basic\" lang=\"visual-basic\">Sub AddSheetsExample5() Sheets.Add Before:=Worksheets(\"mySheet\") Sheets.Add After:=Worksheets(\"mySheet\") End Sub<\/code><\/pre><p> Agora, no c\u00f3digo acima, voc\u00ea tem duas linhas de c\u00f3digo usadas antes e depois de um argumento no m\u00e9todo Sheet.Add. Portanto, quando voc\u00ea executa esse c\u00f3digo, ele adiciona duas planilhas, uma antes e outra depois de &#8220;mySheet&#8221;.<\/p><h3 class=\"wp-block-heading\"> 6. Adicione uma nova planilha no in\u00edcio<\/h3><p> Usando o argumento antes de usar, voc\u00ea tamb\u00e9m pode adicionar uma planilha ao in\u00edcio das planilhas que possui na pasta de trabalho.<\/p><p> Ent\u00e3o, basicamente, o que vamos fazer \u00e9 especificar o n\u00famero da planilha em vez do nome da planilha.<\/p><pre class=\"wp-block-code\"> <code class=\"language-visual-basic\" lang=\"visual-basic\">Sub AddSheetsExample6() Sheets.Add Before:=Sheets(1) End Sub<\/code><\/pre><p> No c\u00f3digo acima, voc\u00ea usou o n\u00famero da planilha (1) que diz ao VBA para adicionar a planilha antes da planilha que est\u00e1 na primeira posi\u00e7\u00e3o em todas as planilhas. Dessa forma sempre adicionar\u00e1 a nova planilha no in\u00edcio.<\/p><h3 class=\"wp-block-heading\"> 7. Adicione uma nova planilha no final (ap\u00f3s a \u00faltima planilha)<\/h3><p> Para adicionar uma nova planilha no final, voc\u00ea precisa escrever o c\u00f3digo de uma maneira diferente. Ent\u00e3o para isso voc\u00ea precisa saber quantas planilhas tem a pasta de trabalho para poder adicionar uma nova planilha no final.<\/p><pre class=\"wp-block-code\"> <code class=\"language-visual-basic line-numbers\" lang=\"visual-basic\">Sub AddSheetsExample8() Sheets.Add After:=Sheets(Sheets.Count) End Sub<\/code><\/pre><p> No c\u00f3digo acima, Sheet.Count retorna o n\u00famero de planilhas que voc\u00ea tem na pasta de trabalho e, como voc\u00ea define o argumento posterior, ele adiciona a nova planilha ap\u00f3s a \u00faltima planilha da pasta de trabalho.<\/p><h3 class=\"wp-block-heading\"> 8. Adicione v\u00e1rias planilhas e use nomes de intervalos<\/h3><p> O c\u00f3digo a seguir conta linhas no intervalo A1:A7. Depois disso, ele faz um loop para adicionar planilhas com base na contagem do intervalo e usa os valores do intervalo para nomear a planilha ao adicion\u00e1-la.<\/p><pre class=\"wp-block-code\"> <code class=\"language-visual-basic\" lang=\"visual-basic\">Sub AddSheetsExample9() Dim sheets_count As Integer Dim sheet_name As String Dim i As Integer sheet_count = Range(\"A1:A7\").Rows.Count For i = 1 To sheet_count sheet_name = Sheets(\"mySheet\").Range(\"A1:A7\").Cells(i, 1).Value Worksheets.Add().Name = sheet_name Next i End Sub<\/code><\/pre><p> Mas com o c\u00f3digo acima, \u00e9 poss\u00edvel que o nome da planilha que voc\u00ea deseja adicionar j\u00e1 exista ou voc\u00ea tenha uma c\u00e9lula vazia no intervalo de nomes.<\/p><p> Neste caso, \u00e9 necess\u00e1rio escrever um c\u00f3digo que possa verificar se a planilha com o mesmo nome j\u00e1 existe ou n\u00e3o e se a c\u00e9lula de onde deseja retirar o nome da planilha est\u00e1 vazia ou n\u00e3o.<\/p><p> Se ambas as condi\u00e7\u00f5es forem atendidas, uma nova planilha dever\u00e1 ser adicionada. Deixe-me colocar isso em duas etapas:<\/p><p> <strong>Em primeiro lugar<\/strong> , voc\u00ea precisa escrever uma <a href=\"https:\/\/exceladvisor.org\/pt\/funcao-definida-pelo-usuario-2\/\">fun\u00e7\u00e3o definida pelo usu\u00e1rio do Excel<\/a> para verificar se j\u00e1 existe ou n\u00e3o uma planilha com o mesmo nome.<\/p><pre class=\"wp-block-code\"> <code class=\"language-visual-basic\" lang=\"visual-basic\">Function SheetCheck(sheet_name As String) As Boolean Dim ws As Worksheet SheetCheck = False For Each ws In ThisWorkbook.Worksheets If ws.Name = sheet_name Then SheetCheck = True End If Next End Function<\/code><\/pre><p> Em segundo lugar, voc\u00ea precisa escrever algum c\u00f3digo usando esta fun\u00e7\u00e3o e este c\u00f3digo tamb\u00e9m precisa verificar se a c\u00e9lula do nome est\u00e1 vazia ou n\u00e3o.<\/p><pre class=\"wp-block-code\"> <code class=\"language-visual-basic\" lang=\"visual-basic\">Sub AddMultipleSheet2() Dim sheets_count As Integer Dim sheet_name As String Dim i As Integer sheet_count = Range(\"A1:A7\").Rows.Count For i = 1 To sheet_count sheet_name = Sheets(\"mySheet\").Range(\"A1:A10\").Cells(i, 1).Value If SheetCheck(sheet_name) = False And sheet_name &lt;&gt; \"\" Then Worksheets.Add().Name = sheet_name End If Next i End Sub<\/code><\/pre><p> Agora no c\u00f3digo acima voc\u00ea usou <a href=\"https:\/\/exceladvisor.org\/pt\/se-2\/\" target=\"_blank\" rel=\"noreferrer noopener\" aria-label=\"VBA IF Statement (opens in a new tab)\">a instru\u00e7\u00e3o VBA IF<\/a> e nesta instru\u00e7\u00e3o voc\u00ea tem a fun\u00e7\u00e3o de verifica\u00e7\u00e3o de planilha que verifica o nome da planilha e ent\u00e3o voc\u00ea tem uma condi\u00e7\u00e3o para verificar se a c\u00e9lula do nome tem um valor vazio.<\/p><p> <strong><a href=\"https:\/\/exceladvisor.org\/wp-content\/uploads\/2023\/11\/add-sheet-using-vba.zip\" target=\"_blank\" rel=\"noreferrer noopener nofollow\" aria-label=\"Sample File (opens in a new tab)\">Arquivo de exemplo<\/a><\/strong><\/p><div class=\"gb-container gb-container-4db6181c gb-container-mt\"> <a class=\"gb-button gb-button-c5897111 gb-button-text gb-button-mt-button\" href=\"https:\/\/exceladvisor.org\/pt\/vba\/\">O que \u00e9 VBA<\/a><h2 class=\"gb-headline gb-headline-665e5f6b gb-headline-text gb-headline-mt-heading\"> Tutoriais relacionados <\/h2><div class=\"gb-grid-wrapper gb-grid-wrapper-a20baf7c gb-grid-wrapper-mt-grid\"><div class=\"gb-grid-column gb-grid-column-65ddf67e\"><div class=\"gb-container gb-container-65ddf67e\"><ul><li> <a href=\"https:\/\/exceladvisor.org\/pt\/limpar-folha\/\">LIMPAR uma planilha inteira usando VBA no Excel<\/a><\/li><li> <a href=\"https:\/\/exceladvisor.org\/pt\/folha-de-copia\/\">Copie e mova uma planilha no Excel usando VBA<\/a><\/li><li> <a href=\"https:\/\/exceladvisor.org\/pt\/conte-as-folhas\/\">COUNT planilhas usando VBA no Excel<\/a> <\/li><\/ul><\/div><\/div><div class=\"gb-grid-column gb-grid-column-50067b57\"><div class=\"gb-container gb-container-50067b57\"><ul><li> <a href=\"https:\/\/exceladvisor.org\/pt\/planilha-1\/\">Objeto de planilha VBA<\/a><\/li><li> <a href=\"https:\/\/exceladvisor.org\/pt\/ativar-planilha\/\">Ative uma planilha usando VBA<\/a><\/li><li> <a href=\"https:\/\/exceladvisor.org\/pt\/a-planilha-de-controle-existe\/\">VBA Verifique se existe uma planilha<\/a><\/li><\/ul><\/div><\/div><\/div><\/div>","protected":false},"excerpt":{"rendered":"","protected":false},"author":1,"featured_media":0,"parent":0,"menu_order":0,"comment_status":"open","ping_status":"closed","template":"","meta":{"ub_ctt_via":"","footnotes":""},"class_list":["post-419","page","type-page","status-publish","hentry"],"featured_image_src":null,"yoast_head":"<!-- This site is optimized with the Yoast SEO plugin v25.4 - https:\/\/yoast.com\/wordpress\/plugins\/seo\/ -->\n<title>Como criar uma nova planilha usando c\u00f3digo VBA?<\/title>\n<meta name=\"description\" content=\"Existe um m\u00e9todo espec\u00edfico chamado SHEETS.ADD. Este m\u00e9todo \u00e9 basicamente como uma fun\u00e7\u00e3o que\" \/>\n<meta name=\"robots\" content=\"index, follow, max-snippet:-1, max-image-preview:large, max-video-preview:-1\" \/>\n<link rel=\"canonical\" href=\"https:\/\/exceladvisor.org\/pt\/adicione-uma-nova-planilha-1\/\" \/>\n<meta property=\"og:locale\" content=\"pt_PT\" \/>\n<meta property=\"og:type\" content=\"article\" \/>\n<meta property=\"og:title\" content=\"Como criar uma nova planilha usando c\u00f3digo VBA?\" \/>\n<meta property=\"og:description\" content=\"Existe um m\u00e9todo espec\u00edfico chamado SHEETS.ADD. Este m\u00e9todo \u00e9 basicamente como uma fun\u00e7\u00e3o que\" \/>\n<meta property=\"og:url\" content=\"https:\/\/exceladvisor.org\/pt\/adicione-uma-nova-planilha-1\/\" \/>\n<meta property=\"og:site_name\" content=\"Excel Advisor\" \/>\n<meta property=\"article:modified_time\" content=\"2023-12-06T11:37:03+00:00\" \/>\n<meta property=\"og:image\" content=\"https:\/\/exceladvisor.org\/wp-content\/uploads\/2023\/08\/ajouter-des-feuilles-ajouter-une-methode-vba.png\" \/>\n<meta name=\"twitter:card\" content=\"summary_large_image\" \/>\n<meta name=\"twitter:label1\" content=\"Tempo estimado de leitura\" \/>\n\t<meta name=\"twitter:data1\" content=\"6 minutos\" \/>\n<script type=\"application\/ld+json\" class=\"yoast-schema-graph\">{\"@context\":\"https:\/\/schema.org\",\"@graph\":[{\"@type\":\"WebPage\",\"@id\":\"https:\/\/exceladvisor.org\/pt\/adicione-uma-nova-planilha-1\/\",\"url\":\"https:\/\/exceladvisor.org\/pt\/adicione-uma-nova-planilha-1\/\",\"name\":\"Como criar uma nova planilha usando c\u00f3digo VBA?\",\"isPartOf\":{\"@id\":\"https:\/\/exceladvisor.org\/pt\/#website\"},\"primaryImageOfPage\":{\"@id\":\"https:\/\/exceladvisor.org\/pt\/adicione-uma-nova-planilha-1\/#primaryimage\"},\"image\":{\"@id\":\"https:\/\/exceladvisor.org\/pt\/adicione-uma-nova-planilha-1\/#primaryimage\"},\"thumbnailUrl\":\"https:\/\/exceladvisor.org\/wp-content\/uploads\/2023\/08\/ajouter-des-feuilles-ajouter-une-methode-vba.png\",\"datePublished\":\"2023-10-29T17:51:23+00:00\",\"dateModified\":\"2023-12-06T11:37:03+00:00\",\"description\":\"Existe um m\u00e9todo espec\u00edfico chamado SHEETS.ADD. Este m\u00e9todo \u00e9 basicamente como uma fun\u00e7\u00e3o que\",\"breadcrumb\":{\"@id\":\"https:\/\/exceladvisor.org\/pt\/adicione-uma-nova-planilha-1\/#breadcrumb\"},\"inLanguage\":\"pt-PT\",\"potentialAction\":[{\"@type\":\"ReadAction\",\"target\":[\"https:\/\/exceladvisor.org\/pt\/adicione-uma-nova-planilha-1\/\"]}]},{\"@type\":\"ImageObject\",\"inLanguage\":\"pt-PT\",\"@id\":\"https:\/\/exceladvisor.org\/pt\/adicione-uma-nova-planilha-1\/#primaryimage\",\"url\":\"https:\/\/exceladvisor.org\/wp-content\/uploads\/2023\/08\/ajouter-des-feuilles-ajouter-une-methode-vba.png\",\"contentUrl\":\"https:\/\/exceladvisor.org\/wp-content\/uploads\/2023\/08\/ajouter-des-feuilles-ajouter-une-methode-vba.png\"},{\"@type\":\"BreadcrumbList\",\"@id\":\"https:\/\/exceladvisor.org\/pt\/adicione-uma-nova-planilha-1\/#breadcrumb\",\"itemListElement\":[{\"@type\":\"ListItem\",\"position\":1,\"name\":\"Lar\",\"item\":\"https:\/\/exceladvisor.org\/pt\/\"},{\"@type\":\"ListItem\",\"position\":2,\"name\":\"Como criar uma nova planilha usando c\u00f3digo vba?\"}]},{\"@type\":\"WebSite\",\"@id\":\"https:\/\/exceladvisor.org\/pt\/#website\",\"url\":\"https:\/\/exceladvisor.org\/pt\/\",\"name\":\"Excel Advisor\",\"description\":\"O seu guia definitivo para dominar os dados!\",\"publisher\":{\"@id\":\"https:\/\/exceladvisor.org\/pt\/#organization\"},\"potentialAction\":[{\"@type\":\"SearchAction\",\"target\":{\"@type\":\"EntryPoint\",\"urlTemplate\":\"https:\/\/exceladvisor.org\/pt\/?s={search_term_string}\"},\"query-input\":{\"@type\":\"PropertyValueSpecification\",\"valueRequired\":true,\"valueName\":\"search_term_string\"}}],\"inLanguage\":\"pt-PT\"},{\"@type\":\"Organization\",\"@id\":\"https:\/\/exceladvisor.org\/pt\/#organization\",\"name\":\"Excel Advisor\",\"url\":\"https:\/\/exceladvisor.org\/pt\/\",\"logo\":{\"@type\":\"ImageObject\",\"inLanguage\":\"pt-PT\",\"@id\":\"https:\/\/exceladvisor.org\/pt\/#\/schema\/logo\/image\/\",\"url\":\"https:\/\/exceladvisor.org\/pt\/wp-content\/uploads\/2023\/12\/exceladvisor.org_.png\",\"contentUrl\":\"https:\/\/exceladvisor.org\/pt\/wp-content\/uploads\/2023\/12\/exceladvisor.org_.png\",\"width\":105,\"height\":36,\"caption\":\"Excel Advisor\"},\"image\":{\"@id\":\"https:\/\/exceladvisor.org\/pt\/#\/schema\/logo\/image\/\"}}]}<\/script>\n<!-- \/ Yoast SEO plugin. -->","yoast_head_json":{"title":"Como criar uma nova planilha usando c\u00f3digo VBA?","description":"Existe um m\u00e9todo espec\u00edfico chamado SHEETS.ADD. Este m\u00e9todo \u00e9 basicamente como uma fun\u00e7\u00e3o que","robots":{"index":"index","follow":"follow","max-snippet":"max-snippet:-1","max-image-preview":"max-image-preview:large","max-video-preview":"max-video-preview:-1"},"canonical":"https:\/\/exceladvisor.org\/pt\/adicione-uma-nova-planilha-1\/","og_locale":"pt_PT","og_type":"article","og_title":"Como criar uma nova planilha usando c\u00f3digo VBA?","og_description":"Existe um m\u00e9todo espec\u00edfico chamado SHEETS.ADD. Este m\u00e9todo \u00e9 basicamente como uma fun\u00e7\u00e3o que","og_url":"https:\/\/exceladvisor.org\/pt\/adicione-uma-nova-planilha-1\/","og_site_name":"Excel Advisor","article_modified_time":"2023-12-06T11:37:03+00:00","og_image":[{"url":"https:\/\/exceladvisor.org\/wp-content\/uploads\/2023\/08\/ajouter-des-feuilles-ajouter-une-methode-vba.png","type":"","width":"","height":""}],"twitter_card":"summary_large_image","twitter_misc":{"Tempo estimado de leitura":"6 minutos"},"schema":{"@context":"https:\/\/schema.org","@graph":[{"@type":"WebPage","@id":"https:\/\/exceladvisor.org\/pt\/adicione-uma-nova-planilha-1\/","url":"https:\/\/exceladvisor.org\/pt\/adicione-uma-nova-planilha-1\/","name":"Como criar uma nova planilha usando c\u00f3digo VBA?","isPartOf":{"@id":"https:\/\/exceladvisor.org\/pt\/#website"},"primaryImageOfPage":{"@id":"https:\/\/exceladvisor.org\/pt\/adicione-uma-nova-planilha-1\/#primaryimage"},"image":{"@id":"https:\/\/exceladvisor.org\/pt\/adicione-uma-nova-planilha-1\/#primaryimage"},"thumbnailUrl":"https:\/\/exceladvisor.org\/wp-content\/uploads\/2023\/08\/ajouter-des-feuilles-ajouter-une-methode-vba.png","datePublished":"2023-10-29T17:51:23+00:00","dateModified":"2023-12-06T11:37:03+00:00","description":"Existe um m\u00e9todo espec\u00edfico chamado SHEETS.ADD. Este m\u00e9todo \u00e9 basicamente como uma fun\u00e7\u00e3o que","breadcrumb":{"@id":"https:\/\/exceladvisor.org\/pt\/adicione-uma-nova-planilha-1\/#breadcrumb"},"inLanguage":"pt-PT","potentialAction":[{"@type":"ReadAction","target":["https:\/\/exceladvisor.org\/pt\/adicione-uma-nova-planilha-1\/"]}]},{"@type":"ImageObject","inLanguage":"pt-PT","@id":"https:\/\/exceladvisor.org\/pt\/adicione-uma-nova-planilha-1\/#primaryimage","url":"https:\/\/exceladvisor.org\/wp-content\/uploads\/2023\/08\/ajouter-des-feuilles-ajouter-une-methode-vba.png","contentUrl":"https:\/\/exceladvisor.org\/wp-content\/uploads\/2023\/08\/ajouter-des-feuilles-ajouter-une-methode-vba.png"},{"@type":"BreadcrumbList","@id":"https:\/\/exceladvisor.org\/pt\/adicione-uma-nova-planilha-1\/#breadcrumb","itemListElement":[{"@type":"ListItem","position":1,"name":"Lar","item":"https:\/\/exceladvisor.org\/pt\/"},{"@type":"ListItem","position":2,"name":"Como criar uma nova planilha usando c\u00f3digo vba?"}]},{"@type":"WebSite","@id":"https:\/\/exceladvisor.org\/pt\/#website","url":"https:\/\/exceladvisor.org\/pt\/","name":"Excel Advisor","description":"O seu guia definitivo para dominar os dados!","publisher":{"@id":"https:\/\/exceladvisor.org\/pt\/#organization"},"potentialAction":[{"@type":"SearchAction","target":{"@type":"EntryPoint","urlTemplate":"https:\/\/exceladvisor.org\/pt\/?s={search_term_string}"},"query-input":{"@type":"PropertyValueSpecification","valueRequired":true,"valueName":"search_term_string"}}],"inLanguage":"pt-PT"},{"@type":"Organization","@id":"https:\/\/exceladvisor.org\/pt\/#organization","name":"Excel Advisor","url":"https:\/\/exceladvisor.org\/pt\/","logo":{"@type":"ImageObject","inLanguage":"pt-PT","@id":"https:\/\/exceladvisor.org\/pt\/#\/schema\/logo\/image\/","url":"https:\/\/exceladvisor.org\/pt\/wp-content\/uploads\/2023\/12\/exceladvisor.org_.png","contentUrl":"https:\/\/exceladvisor.org\/pt\/wp-content\/uploads\/2023\/12\/exceladvisor.org_.png","width":105,"height":36,"caption":"Excel Advisor"},"image":{"@id":"https:\/\/exceladvisor.org\/pt\/#\/schema\/logo\/image\/"}}]}},"yoast_meta":{"yoast_wpseo_title":"","yoast_wpseo_metadesc":"","yoast_wpseo_canonical":""},"_links":{"self":[{"href":"https:\/\/exceladvisor.org\/pt\/wp-json\/wp\/v2\/pages\/419","targetHints":{"allow":["GET"]}}],"collection":[{"href":"https:\/\/exceladvisor.org\/pt\/wp-json\/wp\/v2\/pages"}],"about":[{"href":"https:\/\/exceladvisor.org\/pt\/wp-json\/wp\/v2\/types\/page"}],"author":[{"embeddable":true,"href":"https:\/\/exceladvisor.org\/pt\/wp-json\/wp\/v2\/users\/1"}],"replies":[{"embeddable":true,"href":"https:\/\/exceladvisor.org\/pt\/wp-json\/wp\/v2\/comments?post=419"}],"version-history":[{"count":1,"href":"https:\/\/exceladvisor.org\/pt\/wp-json\/wp\/v2\/pages\/419\/revisions"}],"predecessor-version":[{"id":1007,"href":"https:\/\/exceladvisor.org\/pt\/wp-json\/wp\/v2\/pages\/419\/revisions\/1007"}],"wp:attachment":[{"href":"https:\/\/exceladvisor.org\/pt\/wp-json\/wp\/v2\/media?parent=419"}],"curies":[{"name":"wp","href":"https:\/\/api.w.org\/{rel}","templated":true}]}}