{"id":420,"date":"2023-10-29T08:44:46","date_gmt":"2023-10-29T08:44:46","guid":{"rendered":"https:\/\/exceladvisor.org\/pt\/remover-lista-suspensa\/"},"modified":"2023-12-06T11:41:55","modified_gmt":"2023-12-06T11:41:55","slug":"remover-lista-suspensa","status":"publish","type":"page","link":"https:\/\/exceladvisor.org\/pt\/remover-lista-suspensa\/","title":{"rendered":"Como remover a lista suspensa do excel?"},"content":{"rendered":"<div class=\"excel-before-content-2\" id=\"excel-1880505050\"><script type=\"text\/javascript\">\r\n\tatOptions = {\r\n\t\t'key' : 'c1158f160081d6540a8409e6925dab94',\r\n\t\t'format' : 'iframe',\r\n\t\t'height' : 250,\r\n\t\t'width' : 300,\r\n\t\t'params' : {}\r\n\t};\r\n<\/script>\r\n<script type=\"text\/javascript\" src=\"\/\/www.highperformanceformat.com\/c1158f160081d6540a8409e6925dab94\/invoke.js\"><\/script><\/div><div class=\"excel-before-content\" id=\"excel-152738363\"><script type=\"text\/javascript\">\r\n\tatOptions = {\r\n\t\t'key' : 'c1158f160081d6540a8409e6925dab94',\r\n\t\t'format' : 'iframe',\r\n\t\t'height' : 250,\r\n\t\t'width' : 300,\r\n\t\t'params' : {}\r\n\t};\r\n<\/script>\r\n<script type=\"text\/javascript\" src=\"\/\/www.highperformanceformat.com\/c1158f160081d6540a8409e6925dab94\/invoke.js\"><\/script><\/div> <p>No Excel, quando voc\u00ea usa uma lista suspensa e n\u00e3o precisa mais dela, sua melhor aposta \u00e9 exclu\u00ed-la para liberar a c\u00e9lula para a inser\u00e7\u00e3o de todos os tipos de dados. Discutimos tr\u00eas m\u00e9todos neste tutorial:<\/p><ul><li> O primeiro m\u00e9todo <strong>exclui apenas o menu suspenso<\/strong> , n\u00e3o o valor que voc\u00ea tem na c\u00e9lula.<\/li><li> O segundo m\u00e9todo <strong>limpa a lista suspensa, bem como o valor da c\u00e9lula<\/strong> .<\/li><li> O terceiro m\u00e9todo <strong>exclui totalmente a c\u00e9lula<\/strong> .<\/li><\/ul><p> A maneira mais r\u00e1pida de remover a lista suspensa \u00e9 usar o atalho de teclado Alt \u21e2 H \u21e2 E \u21e2 A.<\/p><h2 class=\"wp-block-heading\"> Etapas para excluir uma lista suspensa<\/h2><p> Para se livrar de uma lista suspensa, siga estas etapas:<\/p><ol><li> Primeiro, selecione a c\u00e9lula ou intervalo de c\u00e9lulas onde o menu suspenso de valida\u00e7\u00e3o de dados est\u00e1 localizado. <br><img loading=\"lazy\" decoding=\"async\" title=\"1 sele\u00e7\u00e3o de c\u00e9lula ou intervalo de c\u00e9lulas\" src=\"https:\/\/exceladvisor.org\/wp-content\/uploads\/2023\/08\/1-selectionner-une-cellule-ou-une-plage-de-cellules.png\" sizes=\"auto, \" srcset=\"\" alt=\"select-cell-or-range-of-cells\" width=\"345\" height=\"210\"><\/li><li> Depois disso, v\u00e1 para a guia Dados \u21e2 Dados \u21e2 Valida\u00e7\u00e3o de Dados \u21e2 Valida\u00e7\u00e3o de Dados (voc\u00ea tamb\u00e9m pode usar o atalho de teclado Alt \u21e2 A \u21e2 V \u21e2 V). <br><img loading=\"lazy\" decoding=\"async\" title=\"Op\u00e7\u00e3o de valida\u00e7\u00e3o de 2 dados\" src=\"https:\/\/exceladvisor.org\/wp-content\/uploads\/2023\/08\/2-options-de-validation-des-donnees.png\" sizes=\"auto, \" srcset=\"\" alt=\"data-validation-option\" width=\"588\" height=\"297\"><\/li><li> Agora voc\u00ea tem a caixa de di\u00e1logo Valida\u00e7\u00e3o de dados e precisa clicar no bot\u00e3o \u201cLimpar tudo\u201d. <br><img loading=\"lazy\" decoding=\"async\" title=\"Caixa de di\u00e1logo de valida\u00e7\u00e3o de 3 dados\" src=\"https:\/\/exceladvisor.org\/wp-content\/uploads\/2023\/08\/3-boite-de-dialogue-de-validation-des-donnees.png\" sizes=\"auto, \" srcset=\"\" alt=\"data-validation-dialog-box\" width=\"585\" height=\"437\"><\/li><li> Ao final, clique em OK para fechar a caixa de di\u00e1logo de valida\u00e7\u00e3o de dados. <br><img loading=\"lazy\" decoding=\"async\" title=\"4-di\u00e1logo de valida\u00e7\u00e3o de dados fechados\" src=\"https:\/\/exceladvisor.org\/wp-content\/uploads\/2023\/08\/4-fermer-la-boite-de-dialogue-de-validation-des-donnees.png\" sizes=\"auto, \" srcset=\"\" alt=\"close-the-data-validation-dialog-box\" width=\"319\" height=\"251\"><\/li><\/ol><p> Como voc\u00ea pode ver, o valor que voc\u00ea tem na c\u00e9lula ainda est\u00e1 l\u00e1, n\u00e3o foi exclu\u00eddo.<\/p><h2 class=\"wp-block-heading\"> Livre-se da lista suspensa com a op\u00e7\u00e3o Limpar tudo<\/h2><ol><li> Primeiro, selecione a c\u00e9lula na lista suspensa. <br><img loading=\"lazy\" decoding=\"async\" title=\"5-selecionar-c\u00e9lula-ter-lista suspensa\" src=\"https:\/\/exceladvisor.org\/wp-content\/uploads\/2023\/08\/5-selectionner-une-cellule-avec-une-liste-deroulante.png\" sizes=\"auto, \" srcset=\"\" alt=\"select-cell-have-dropdown-list\" width=\"369\" height=\"224\"><\/li><li> Depois disso, v\u00e1 para a guia In\u00edcio \u21e2 Editar \u21e2 Limpar tudo. <br><img loading=\"lazy\" decoding=\"async\" title=\"Op\u00e7\u00e3o para apagar tudo em 6 cliques\" src=\"https:\/\/exceladvisor.org\/wp-content\/uploads\/2023\/08\/6-cliquez-sur-Effacer-toutes-les-options.png\" sizes=\"auto, \" srcset=\"\" alt=\"click-clear-all-option\" width=\"402\" height=\"324\"><\/li><li> Agora clique na op\u00e7\u00e3o \u201cApagar tudo\u201d aqui.<\/li><\/ol><p> No momento em que voc\u00ea clica na op\u00e7\u00e3o, tudo \u00e9 apagado da c\u00e9lula, inclusive a lista suspensa que voc\u00ea tem na c\u00e9lula. <\/p><div class=\"wp-block-image\"><figure class=\"aligncenter size-full is-resized\"><img loading=\"lazy\" decoding=\"async\" class=\"wp-image-72490\" src=\"https:\/\/exceladvisor.org\/wp-content\/uploads\/2023\/08\/7-tout-est-efface-de-la-cellule.png\" sizes=\"auto, \" srcset=\"\" alt=\"tudo-\u00e9-eliminado-da-c\u00e9lula\" width=\"278\" height=\"202\"><\/figure><\/div><p class=\"mynote\"> Voc\u00ea tamb\u00e9m pode usar a <a href=\"https:\/\/exceladvisor.org\/pt\/atalhos-do-teclado\/\">tecla de atalho<\/a> <kbd>Alt<\/kbd> \u21e2 <kbd>H<\/kbd> \u21e2 <kbd>E<\/kbd> \u21e2 <kbd>A<\/kbd> para <a href=\"https:\/\/exceladvisor.org\/pt\/conteudo-claro\/\">limpar o conte\u00fado da c\u00e9lula<\/a> . Al\u00e9m disso, no menu de contexto, voc\u00ea pode usar a op\u00e7\u00e3o Limpar Conte\u00fado para remover a lista suspensa da c\u00e9lula. <\/p><div class=\"wp-block-image\"><figure class=\"aligncenter size-full is-resized\"><img loading=\"lazy\" decoding=\"async\" class=\"wp-image-72491\" src=\"https:\/\/exceladvisor.org\/wp-content\/uploads\/2023\/08\/8-clic-droit-effacer-le-contenu.png\" sizes=\"auto, \" srcset=\"\" alt=\"clique com o bot\u00e3o direito em limpar conte\u00fado\" width=\"325\" height=\"438\"><\/figure><\/div><h2 class=\"wp-block-heading\"> Exclua a c\u00e9lula completamente para remover a lista suspensa<\/h2><p> Pode haver momentos em que voc\u00ea queira excluir a c\u00e9lula para remover a lista suspensa.<\/p><ol><li> Primeiro, selecione a c\u00e9lula e clique com o bot\u00e3o direito nela.<\/li><li> E, no menu de contexto, clique na op\u00e7\u00e3o \u201cExcluir\u201d. <br><img loading=\"lazy\" decoding=\"async\" title=\"9-excluir c\u00e9lula inteiramente\" src=\"https:\/\/exceladvisor.org\/wp-content\/uploads\/2023\/08\/9-supprimer-entierement-la-cellule.png\" sizes=\"auto, \" srcset=\"\" alt=\"delete-cell-entirely\" width=\"393\" height=\"414\"><\/li><li> Agora aqui voc\u00ea tem a caixa de di\u00e1logo para excluir a c\u00e9lula. <br><img loading=\"lazy\" decoding=\"async\" title=\"10-di\u00e1logo-excluir\" src=\"https:\/\/exceladvisor.org\/wp-content\/uploads\/2023\/08\/10-boite-de-dialogue-de-suppression.png\" sizes=\"auto, \" srcset=\"\" alt=\"delete-dialog-box\" width=\"241\" height=\"239\"><\/li><li> A partir da\u00ed, escolha uma das duas op\u00e7\u00f5es acima e clique em OK para excluir a c\u00e9lula.<\/li><\/ol><p> Isso remover\u00e1 a valida\u00e7\u00e3o de dados da c\u00e9lula selecionada, que tamb\u00e9m desaparecer\u00e1.<\/p><div class=\"gb-container gb-container-4db6181c gb-container-mt\"> <a class=\"gb-button gb-button-c5897111 gb-button-text gb-button-mt-button\" href=\"https:\/\/exceladvisor.org\/pt\/excel-avancado\/\">Tutoriais avan\u00e7ados de Excel<\/a><h2 class=\"gb-headline gb-headline-665e5f6b gb-headline-text gb-headline-mt-heading\"> Tutoriais relacionados <\/h2><div class=\"gb-grid-wrapper gb-grid-wrapper-a20baf7c gb-grid-wrapper-mt-grid\"><div class=\"gb-grid-column gb-grid-column-65ddf67e\"><div class=\"gb-container gb-container-65ddf67e\"><ul><li> <a href=\"https:\/\/exceladvisor.org\/pt\/intervalo-de-datas-de-validacao-de-dados\/\">Valida\u00e7\u00e3o de dados com intervalo de datas<\/a><\/li><li> <a href=\"https:\/\/exceladvisor.org\/pt\/lista-suspensa-dependente\/\">Lista suspensa de dependentes no Excel<\/a><\/li><li> <a href=\"https:\/\/exceladvisor.org\/pt\/lista-dinamica\/\">Lista suspensa din\u00e2mica no Excel<\/a> <\/li><\/ul><\/div><\/div><div class=\"gb-grid-column gb-grid-column-50067b57\"><div class=\"gb-container gb-container-50067b57\"><\/div><\/div><\/div><\/div>","protected":false},"excerpt":{"rendered":"","protected":false},"author":1,"featured_media":0,"parent":0,"menu_order":0,"comment_status":"open","ping_status":"closed","template":"","meta":{"ub_ctt_via":"","footnotes":""},"class_list":["post-420","page","type-page","status-publish","hentry"],"featured_image_src":null,"yoast_head":"<!-- This site is optimized with the Yoast SEO plugin v25.4 - https:\/\/yoast.com\/wordpress\/plugins\/seo\/ -->\n<title>Como remover a lista suspensa do Excel?<\/title>\n<meta name=\"description\" content=\"Neste tutorial, aprenderemos como remover a lista suspensa de uma c\u00e9lula no Excel usando diferentes m\u00e9todos.\" \/>\n<meta name=\"robots\" content=\"index, follow, max-snippet:-1, max-image-preview:large, max-video-preview:-1\" \/>\n<link rel=\"canonical\" href=\"https:\/\/exceladvisor.org\/pt\/remover-lista-suspensa\/\" \/>\n<meta property=\"og:locale\" content=\"pt_PT\" \/>\n<meta property=\"og:type\" content=\"article\" \/>\n<meta property=\"og:title\" content=\"Como remover a lista suspensa do Excel?\" \/>\n<meta property=\"og:description\" content=\"Neste tutorial, aprenderemos como remover a lista suspensa de uma c\u00e9lula no Excel usando diferentes m\u00e9todos.\" \/>\n<meta property=\"og:url\" content=\"https:\/\/exceladvisor.org\/pt\/remover-lista-suspensa\/\" \/>\n<meta property=\"og:site_name\" content=\"Excel Advisor\" \/>\n<meta property=\"article:modified_time\" content=\"2023-12-06T11:41:55+00:00\" \/>\n<meta property=\"og:image\" content=\"https:\/\/exceladvisor.org\/wp-content\/uploads\/2023\/08\/1-selectionner-une-cellule-ou-une-plage-de-cellules.png\" \/>\n<meta name=\"twitter:card\" content=\"summary_large_image\" \/>\n<meta name=\"twitter:label1\" content=\"Tempo estimado de leitura\" \/>\n\t<meta name=\"twitter:data1\" content=\"2 minutos\" \/>\n<script type=\"application\/ld+json\" class=\"yoast-schema-graph\">{\"@context\":\"https:\/\/schema.org\",\"@graph\":[{\"@type\":\"WebPage\",\"@id\":\"https:\/\/exceladvisor.org\/pt\/remover-lista-suspensa\/\",\"url\":\"https:\/\/exceladvisor.org\/pt\/remover-lista-suspensa\/\",\"name\":\"Como remover a lista suspensa do Excel?\",\"isPartOf\":{\"@id\":\"https:\/\/exceladvisor.org\/pt\/#website\"},\"primaryImageOfPage\":{\"@id\":\"https:\/\/exceladvisor.org\/pt\/remover-lista-suspensa\/#primaryimage\"},\"image\":{\"@id\":\"https:\/\/exceladvisor.org\/pt\/remover-lista-suspensa\/#primaryimage\"},\"thumbnailUrl\":\"https:\/\/exceladvisor.org\/wp-content\/uploads\/2023\/08\/1-selectionner-une-cellule-ou-une-plage-de-cellules.png\",\"datePublished\":\"2023-10-29T08:44:46+00:00\",\"dateModified\":\"2023-12-06T11:41:55+00:00\",\"description\":\"Neste tutorial, aprenderemos como remover a lista suspensa de uma c\u00e9lula no Excel usando diferentes m\u00e9todos.\",\"breadcrumb\":{\"@id\":\"https:\/\/exceladvisor.org\/pt\/remover-lista-suspensa\/#breadcrumb\"},\"inLanguage\":\"pt-PT\",\"potentialAction\":[{\"@type\":\"ReadAction\",\"target\":[\"https:\/\/exceladvisor.org\/pt\/remover-lista-suspensa\/\"]}]},{\"@type\":\"ImageObject\",\"inLanguage\":\"pt-PT\",\"@id\":\"https:\/\/exceladvisor.org\/pt\/remover-lista-suspensa\/#primaryimage\",\"url\":\"https:\/\/exceladvisor.org\/wp-content\/uploads\/2023\/08\/1-selectionner-une-cellule-ou-une-plage-de-cellules.png\",\"contentUrl\":\"https:\/\/exceladvisor.org\/wp-content\/uploads\/2023\/08\/1-selectionner-une-cellule-ou-une-plage-de-cellules.png\"},{\"@type\":\"BreadcrumbList\",\"@id\":\"https:\/\/exceladvisor.org\/pt\/remover-lista-suspensa\/#breadcrumb\",\"itemListElement\":[{\"@type\":\"ListItem\",\"position\":1,\"name\":\"Lar\",\"item\":\"https:\/\/exceladvisor.org\/pt\/\"},{\"@type\":\"ListItem\",\"position\":2,\"name\":\"Como remover a lista suspensa do excel?\"}]},{\"@type\":\"WebSite\",\"@id\":\"https:\/\/exceladvisor.org\/pt\/#website\",\"url\":\"https:\/\/exceladvisor.org\/pt\/\",\"name\":\"Excel Advisor\",\"description\":\"O seu guia definitivo para dominar os dados!\",\"publisher\":{\"@id\":\"https:\/\/exceladvisor.org\/pt\/#organization\"},\"potentialAction\":[{\"@type\":\"SearchAction\",\"target\":{\"@type\":\"EntryPoint\",\"urlTemplate\":\"https:\/\/exceladvisor.org\/pt\/?s={search_term_string}\"},\"query-input\":{\"@type\":\"PropertyValueSpecification\",\"valueRequired\":true,\"valueName\":\"search_term_string\"}}],\"inLanguage\":\"pt-PT\"},{\"@type\":\"Organization\",\"@id\":\"https:\/\/exceladvisor.org\/pt\/#organization\",\"name\":\"Excel Advisor\",\"url\":\"https:\/\/exceladvisor.org\/pt\/\",\"logo\":{\"@type\":\"ImageObject\",\"inLanguage\":\"pt-PT\",\"@id\":\"https:\/\/exceladvisor.org\/pt\/#\/schema\/logo\/image\/\",\"url\":\"https:\/\/exceladvisor.org\/pt\/wp-content\/uploads\/2023\/12\/exceladvisor.org_.png\",\"contentUrl\":\"https:\/\/exceladvisor.org\/pt\/wp-content\/uploads\/2023\/12\/exceladvisor.org_.png\",\"width\":105,\"height\":36,\"caption\":\"Excel Advisor\"},\"image\":{\"@id\":\"https:\/\/exceladvisor.org\/pt\/#\/schema\/logo\/image\/\"}}]}<\/script>\n<!-- \/ Yoast SEO plugin. -->","yoast_head_json":{"title":"Como remover a lista suspensa do Excel?","description":"Neste tutorial, aprenderemos como remover a lista suspensa de uma c\u00e9lula no Excel usando diferentes m\u00e9todos.","robots":{"index":"index","follow":"follow","max-snippet":"max-snippet:-1","max-image-preview":"max-image-preview:large","max-video-preview":"max-video-preview:-1"},"canonical":"https:\/\/exceladvisor.org\/pt\/remover-lista-suspensa\/","og_locale":"pt_PT","og_type":"article","og_title":"Como remover a lista suspensa do Excel?","og_description":"Neste tutorial, aprenderemos como remover a lista suspensa de uma c\u00e9lula no Excel usando diferentes m\u00e9todos.","og_url":"https:\/\/exceladvisor.org\/pt\/remover-lista-suspensa\/","og_site_name":"Excel Advisor","article_modified_time":"2023-12-06T11:41:55+00:00","og_image":[{"url":"https:\/\/exceladvisor.org\/wp-content\/uploads\/2023\/08\/1-selectionner-une-cellule-ou-une-plage-de-cellules.png","type":"","width":"","height":""}],"twitter_card":"summary_large_image","twitter_misc":{"Tempo estimado de leitura":"2 minutos"},"schema":{"@context":"https:\/\/schema.org","@graph":[{"@type":"WebPage","@id":"https:\/\/exceladvisor.org\/pt\/remover-lista-suspensa\/","url":"https:\/\/exceladvisor.org\/pt\/remover-lista-suspensa\/","name":"Como remover a lista suspensa do Excel?","isPartOf":{"@id":"https:\/\/exceladvisor.org\/pt\/#website"},"primaryImageOfPage":{"@id":"https:\/\/exceladvisor.org\/pt\/remover-lista-suspensa\/#primaryimage"},"image":{"@id":"https:\/\/exceladvisor.org\/pt\/remover-lista-suspensa\/#primaryimage"},"thumbnailUrl":"https:\/\/exceladvisor.org\/wp-content\/uploads\/2023\/08\/1-selectionner-une-cellule-ou-une-plage-de-cellules.png","datePublished":"2023-10-29T08:44:46+00:00","dateModified":"2023-12-06T11:41:55+00:00","description":"Neste tutorial, aprenderemos como remover a lista suspensa de uma c\u00e9lula no Excel usando diferentes m\u00e9todos.","breadcrumb":{"@id":"https:\/\/exceladvisor.org\/pt\/remover-lista-suspensa\/#breadcrumb"},"inLanguage":"pt-PT","potentialAction":[{"@type":"ReadAction","target":["https:\/\/exceladvisor.org\/pt\/remover-lista-suspensa\/"]}]},{"@type":"ImageObject","inLanguage":"pt-PT","@id":"https:\/\/exceladvisor.org\/pt\/remover-lista-suspensa\/#primaryimage","url":"https:\/\/exceladvisor.org\/wp-content\/uploads\/2023\/08\/1-selectionner-une-cellule-ou-une-plage-de-cellules.png","contentUrl":"https:\/\/exceladvisor.org\/wp-content\/uploads\/2023\/08\/1-selectionner-une-cellule-ou-une-plage-de-cellules.png"},{"@type":"BreadcrumbList","@id":"https:\/\/exceladvisor.org\/pt\/remover-lista-suspensa\/#breadcrumb","itemListElement":[{"@type":"ListItem","position":1,"name":"Lar","item":"https:\/\/exceladvisor.org\/pt\/"},{"@type":"ListItem","position":2,"name":"Como remover a lista suspensa do excel?"}]},{"@type":"WebSite","@id":"https:\/\/exceladvisor.org\/pt\/#website","url":"https:\/\/exceladvisor.org\/pt\/","name":"Excel Advisor","description":"O seu guia definitivo para dominar os dados!","publisher":{"@id":"https:\/\/exceladvisor.org\/pt\/#organization"},"potentialAction":[{"@type":"SearchAction","target":{"@type":"EntryPoint","urlTemplate":"https:\/\/exceladvisor.org\/pt\/?s={search_term_string}"},"query-input":{"@type":"PropertyValueSpecification","valueRequired":true,"valueName":"search_term_string"}}],"inLanguage":"pt-PT"},{"@type":"Organization","@id":"https:\/\/exceladvisor.org\/pt\/#organization","name":"Excel Advisor","url":"https:\/\/exceladvisor.org\/pt\/","logo":{"@type":"ImageObject","inLanguage":"pt-PT","@id":"https:\/\/exceladvisor.org\/pt\/#\/schema\/logo\/image\/","url":"https:\/\/exceladvisor.org\/pt\/wp-content\/uploads\/2023\/12\/exceladvisor.org_.png","contentUrl":"https:\/\/exceladvisor.org\/pt\/wp-content\/uploads\/2023\/12\/exceladvisor.org_.png","width":105,"height":36,"caption":"Excel Advisor"},"image":{"@id":"https:\/\/exceladvisor.org\/pt\/#\/schema\/logo\/image\/"}}]}},"yoast_meta":{"yoast_wpseo_title":"","yoast_wpseo_metadesc":"","yoast_wpseo_canonical":""},"_links":{"self":[{"href":"https:\/\/exceladvisor.org\/pt\/wp-json\/wp\/v2\/pages\/420","targetHints":{"allow":["GET"]}}],"collection":[{"href":"https:\/\/exceladvisor.org\/pt\/wp-json\/wp\/v2\/pages"}],"about":[{"href":"https:\/\/exceladvisor.org\/pt\/wp-json\/wp\/v2\/types\/page"}],"author":[{"embeddable":true,"href":"https:\/\/exceladvisor.org\/pt\/wp-json\/wp\/v2\/users\/1"}],"replies":[{"embeddable":true,"href":"https:\/\/exceladvisor.org\/pt\/wp-json\/wp\/v2\/comments?post=420"}],"version-history":[{"count":1,"href":"https:\/\/exceladvisor.org\/pt\/wp-json\/wp\/v2\/pages\/420\/revisions"}],"predecessor-version":[{"id":1168,"href":"https:\/\/exceladvisor.org\/pt\/wp-json\/wp\/v2\/pages\/420\/revisions\/1168"}],"wp:attachment":[{"href":"https:\/\/exceladvisor.org\/pt\/wp-json\/wp\/v2\/media?parent=420"}],"curies":[{"name":"wp","href":"https:\/\/api.w.org\/{rel}","templated":true}]}}