{"id":421,"date":"2023-10-29T08:32:47","date_gmt":"2023-10-29T08:32:47","guid":{"rendered":"https:\/\/exceladvisor.org\/pt\/sim-nao-lista-suspensa\/"},"modified":"2023-12-06T11:37:01","modified_gmt":"2023-12-06T11:37:01","slug":"sim-nao-lista-suspensa","status":"publish","type":"page","link":"https:\/\/exceladvisor.org\/pt\/sim-nao-lista-suspensa\/","title":{"rendered":"Como criar uma lista suspensa sim\/n\u00e3o no excel?"},"content":{"rendered":"<div class=\"excel-before-content-2\" id=\"excel-4066301267\"><script type=\"text\/javascript\">\r\n\tatOptions = {\r\n\t\t'key' : 'c1158f160081d6540a8409e6925dab94',\r\n\t\t'format' : 'iframe',\r\n\t\t'height' : 250,\r\n\t\t'width' : 300,\r\n\t\t'params' : {}\r\n\t};\r\n<\/script>\r\n<script type=\"text\/javascript\" src=\"\/\/www.highperformanceformat.com\/c1158f160081d6540a8409e6925dab94\/invoke.js\"><\/script><\/div><div class=\"excel-before-content\" id=\"excel-2056095974\"><script type=\"text\/javascript\">\r\n\tatOptions = {\r\n\t\t'key' : 'c1158f160081d6540a8409e6925dab94',\r\n\t\t'format' : 'iframe',\r\n\t\t'height' : 250,\r\n\t\t'width' : 300,\r\n\t\t'params' : {}\r\n\t};\r\n<\/script>\r\n<script type=\"text\/javascript\" src=\"\/\/www.highperformanceformat.com\/c1158f160081d6540a8409e6925dab94\/invoke.js\"><\/script><\/div> <p>No Excel, voc\u00ea pode criar uma lista suspensa simples com valores Sim e N\u00e3o para usar na coluna de status. No exemplo a seguir temos uma lista de alunos e agora precisamos criar uma lista suspensa com a qual podemos inserir sim ou n\u00e3o na coluna \u201cAprovado\u201d. <\/p><div class=\"wp-block-image\"><figure class=\"aligncenter size-full is-resized\"><img loading=\"lazy\" decoding=\"async\" class=\"wp-image-72560\" src=\"https:\/\/exceladvisor.org\/wp-content\/uploads\/2023\/08\/1-exemple-de-donnees-dans-les-cellules.png\" sizes=\"auto, \" srcset=\"\" alt=\"dados de amostra em c\u00e9lulas\" width=\"387\" height=\"325\"><\/figure><\/div><h2 class=\"wp-block-heading\"> Etapas para criar uma lista suspensa com Sim e N\u00e3o<\/h2><ol><li> Primeiro, selecione as c\u00e9lulas ou intervalo de c\u00e9lulas onde deseja criar esta lista suspensa. <br><img loading=\"lazy\" decoding=\"async\" title=\"2-crie um menu suspenso\" src=\"https:\/\/exceladvisor.org\/wp-content\/uploads\/2023\/08\/2-creer-une-liste-deroulante.png\" sizes=\"auto, \" srcset=\"\" alt=\"create-a-drop-down\" width=\"382\" height=\"340\"><\/li><li> Agora v\u00e1 para a guia Dados \u21e2 Ferramentas de Dados \u21e2 Valida\u00e7\u00e3o de Dados \u21e2 Valida\u00e7\u00e3o de Dados. <br><img loading=\"lazy\" decoding=\"async\" title=\"Op\u00e7\u00e3o para validar os 3 dados\" src=\"https:\/\/exceladvisor.org\/wp-content\/uploads\/2023\/08\/3-options-de-validation-des-donnees.png\" sizes=\"auto, \" srcset=\"\" alt=\"data-validation-option\" width=\"601\" height=\"265\"><\/li><li> A partir da\u00ed, na caixa de di\u00e1logo de valida\u00e7\u00e3o de dados, selecione a op\u00e7\u00e3o \u201cLista\u201d na lista suspensa \u201cPermitir\u201d. <br><img loading=\"lazy\" decoding=\"async\" title=\"4 op\u00e7\u00f5es de lista de sele\u00e7\u00e3o\" src=\"https:\/\/exceladvisor.org\/wp-content\/uploads\/2023\/08\/4-selectionner-loption-de-liste.png\" sizes=\"auto, \" srcset=\"\" alt=\"select-list-option\" width=\"423\" height=\"329\"><\/li><li> Em seguida, insira (Sim, N\u00e3o) na barra de entrada da fonte. <br><img loading=\"lazy\" decoding=\"async\" title=\"5-enter-sim-n\u00e3o-na-barra de entrada de origem\" src=\"https:\/\/exceladvisor.org\/wp-content\/uploads\/2023\/08\/5-entrez-oui-non-dans-la-barre-dentree-source.png\" sizes=\"auto, \" srcset=\"\" alt=\"enter-yes-no-in-source-input-bar\" width=\"473\" height=\"368\"><\/li><li> No final, clique em OK para criar esta lista suspensa com o valor da lista Sim e N\u00e3o.<\/li><\/ol><p> Agora, no momento em que voc\u00ea clicar em OK, voc\u00ea obter\u00e1 uma lista suspensa com todas as c\u00e9lulas selecionadas. <\/p><div class=\"wp-block-image\"><figure class=\"aligncenter size-full is-resized\"><img loading=\"lazy\" decoding=\"async\" class=\"wp-image-72565\" src=\"https:\/\/exceladvisor.org\/wp-content\/uploads\/2023\/08\/6-liste-deroulante-creee.png\" sizes=\"auto, \" srcset=\"\" alt=\"lista suspensa criada\" width=\"333\" height=\"296\"><\/figure><\/div><p> Ao criar esta lista suspensa com sim e n\u00e3o, voc\u00ea precisa ter certeza de ter marcado as duas op\u00e7\u00f5es a seguir na caixa de di\u00e1logo. <\/p><div class=\"wp-block-image\"><figure class=\"aligncenter size-full is-resized\"><img loading=\"lazy\" decoding=\"async\" class=\"wp-image-72566\" src=\"https:\/\/exceladvisor.org\/wp-content\/uploads\/2023\/08\/7-coche-ignorer-le-blanc-dans-la-liste-deroulante-des-cellules.png\" sizes=\"auto, \" srcset=\"\" alt=\"lista suspensa marcada-ignorar-vazia na c\u00e9lula\" width=\"494\" height=\"384\"><\/figure><\/div><ol><li> <strong>Ignorar em branco:<\/strong> Com esta op\u00e7\u00e3o habilitada voc\u00ea pode deixar uma c\u00e9lula em branco, mas se n\u00e3o for marcada um erro ser\u00e1 exibido se voc\u00ea sair de uma c\u00e9lula sem selecionar um valor (Sim-N\u00e3o).<\/li><li> <strong>Dropdown na c\u00e9lula<\/strong> : Esta caixa deve estar marcada para ter um dropdown para que voc\u00ea insira valores com ele, e n\u00e3o digitando na c\u00e9lula ou copiando e colando.<\/li><\/ol><h2 class=\"wp-block-heading\"> Crie uma mensagem de celular com menu suspenso Sim-N\u00e3o<\/h2><p> Ao criar uma lista suspensa com valores sim e n\u00e3o, voc\u00ea tamb\u00e9m pode adicionar uma mensagem na c\u00e9lula para saber o valor especificado pelo usu\u00e1rio na c\u00e9lula, &#8220;Sim&#8221; ou &#8220;N\u00e3o&#8221;. <\/p><div class=\"wp-block-image\"><figure class=\"aligncenter size-full is-resized\"><img loading=\"lazy\" decoding=\"async\" class=\"wp-image-72567\" src=\"https:\/\/exceladvisor.org\/wp-content\/uploads\/2023\/08\/8-creer-un-message-cellulaire.png\" sizes=\"auto, \" srcset=\"\" alt=\"criar uma mensagem de c\u00e9lula\" width=\"522\" height=\"329\"><\/figure><\/div><ol><li> Primeiro, abra a caixa de di\u00e1logo Valida\u00e7\u00e3o de dados e navegue at\u00e9 a guia Mensagem de entrada. <br><img loading=\"lazy\" decoding=\"async\" title=\"Guia de mensagem de 9 entradas\" src=\"https:\/\/exceladvisor.org\/wp-content\/uploads\/2023\/08\/9-onglet-de-message-dentree.png\" sizes=\"auto, \" srcset=\"\" alt=\"input-message-tab\" width=\"476\" height=\"370\"><\/li><li> Agora, na barra de t\u00edtulo, insira um t\u00edtulo para a postagem. <br><img loading=\"lazy\" decoding=\"async\" title=\"10-insira o t\u00edtulo da mensagem\" src=\"https:\/\/exceladvisor.org\/wp-content\/uploads\/2023\/08\/10-entrer-le-titre-du-message.png\" sizes=\"auto, \" srcset=\"\" alt=\"enter-title-for-message\" width=\"477\" height=\"371\"><\/li><li> Depois disso, insira a mensagem principal em \u201cMensagem de entrada:\u201d. <br><img loading=\"lazy\" decoding=\"async\" title=\"11-mensagem de entrada\" src=\"https:\/\/exceladvisor.org\/wp-content\/uploads\/2023\/08\/11-entrer-le-message-dentree.png\" sizes=\"auto, \" srcset=\"\" alt=\"enter-the-input-message\" width=\"477\" height=\"340\"><\/li><li> No final, clique em OK para salv\u00e1-lo.<\/li><\/ol><p> Quando um usu\u00e1rio tenta adicionar um valor diferente de &#8220;Sim&#8221; ou &#8220;N\u00e3o&#8221;, ele recebe um erro como abaixo: <\/p><div class=\"wp-block-image\"><figure class=\"aligncenter size-full is-resized\"><img loading=\"lazy\" decoding=\"async\" class=\"wp-image-72571\" src=\"https:\/\/exceladvisor.org\/wp-content\/uploads\/2023\/08\/12-message-derreur-lors-de-la-saisie-dune-autre-valeur.png\" sizes=\"auto, \" srcset=\"\" alt=\"mensagem de erro ao inserir outro valor\" width=\"711\" height=\"318\"><\/figure><\/div><div class=\"gb-container gb-container-4db6181c gb-container-mt\"> <a class=\"gb-button gb-button-c5897111 gb-button-text gb-button-mt-button\" href=\"https:\/\/exceladvisor.org\/pt\/excel-avancado\/\">Tutoriais avan\u00e7ados de Excel<\/a><h2 class=\"gb-headline gb-headline-665e5f6b gb-headline-text gb-headline-mt-heading\"> Tutoriais relacionados <\/h2><div class=\"gb-grid-wrapper gb-grid-wrapper-a20baf7c gb-grid-wrapper-mt-grid\"><div class=\"gb-grid-column gb-grid-column-65ddf67e\"><div class=\"gb-container gb-container-65ddf67e\"><ul><li> <a href=\"https:\/\/exceladvisor.org\/pt\/intervalo-de-datas-de-validacao-de-dados\/\">Valida\u00e7\u00e3o de dados com intervalo de datas<\/a><\/li><li> <a href=\"https:\/\/exceladvisor.org\/pt\/lista-suspensa-dependente\/\">Lista suspensa de dependentes no Excel<\/a><\/li><li> <a href=\"https:\/\/exceladvisor.org\/pt\/lista-dinamica\/\">Lista suspensa din\u00e2mica no Excel<\/a> <\/li><\/ul><\/div><\/div><div class=\"gb-grid-column gb-grid-column-50067b57\"><div class=\"gb-container gb-container-50067b57\"><\/div><\/div><\/div><\/div>","protected":false},"excerpt":{"rendered":"","protected":false},"author":1,"featured_media":0,"parent":0,"menu_order":0,"comment_status":"open","ping_status":"closed","template":"","meta":{"ub_ctt_via":"","footnotes":""},"class_list":["post-421","page","type-page","status-publish","hentry"],"featured_image_src":null,"yoast_head":"<!-- This site is optimized with the Yoast SEO plugin v25.4 - https:\/\/yoast.com\/wordpress\/plugins\/seo\/ -->\n<title>Como criar uma lista suspensa Sim\/N\u00e3o no Excel?<\/title>\n<meta name=\"description\" content=\"Neste tutorial, aprenderemos como criar uma lista suspensa contendo valores Sim e N\u00e3o, o que \u00e9 bastante f\u00e1cil de criar.\" \/>\n<meta name=\"robots\" content=\"index, follow, max-snippet:-1, max-image-preview:large, max-video-preview:-1\" \/>\n<link rel=\"canonical\" href=\"https:\/\/exceladvisor.org\/pt\/sim-nao-lista-suspensa\/\" \/>\n<meta property=\"og:locale\" content=\"pt_PT\" \/>\n<meta property=\"og:type\" content=\"article\" \/>\n<meta property=\"og:title\" content=\"Como criar uma lista suspensa Sim\/N\u00e3o no Excel?\" \/>\n<meta property=\"og:description\" content=\"Neste tutorial, aprenderemos como criar uma lista suspensa contendo valores Sim e N\u00e3o, o que \u00e9 bastante f\u00e1cil de criar.\" \/>\n<meta property=\"og:url\" content=\"https:\/\/exceladvisor.org\/pt\/sim-nao-lista-suspensa\/\" \/>\n<meta property=\"og:site_name\" content=\"Excel Advisor\" \/>\n<meta property=\"article:modified_time\" content=\"2023-12-06T11:37:01+00:00\" \/>\n<meta property=\"og:image\" content=\"https:\/\/exceladvisor.org\/wp-content\/uploads\/2023\/08\/1-exemple-de-donnees-dans-les-cellules.png\" \/>\n<meta name=\"twitter:card\" content=\"summary_large_image\" \/>\n<meta name=\"twitter:label1\" content=\"Tempo estimado de leitura\" \/>\n\t<meta name=\"twitter:data1\" content=\"2 minutos\" \/>\n<script type=\"application\/ld+json\" class=\"yoast-schema-graph\">{\"@context\":\"https:\/\/schema.org\",\"@graph\":[{\"@type\":\"WebPage\",\"@id\":\"https:\/\/exceladvisor.org\/pt\/sim-nao-lista-suspensa\/\",\"url\":\"https:\/\/exceladvisor.org\/pt\/sim-nao-lista-suspensa\/\",\"name\":\"Como criar uma lista suspensa Sim\/N\u00e3o no Excel?\",\"isPartOf\":{\"@id\":\"https:\/\/exceladvisor.org\/pt\/#website\"},\"primaryImageOfPage\":{\"@id\":\"https:\/\/exceladvisor.org\/pt\/sim-nao-lista-suspensa\/#primaryimage\"},\"image\":{\"@id\":\"https:\/\/exceladvisor.org\/pt\/sim-nao-lista-suspensa\/#primaryimage\"},\"thumbnailUrl\":\"https:\/\/exceladvisor.org\/wp-content\/uploads\/2023\/08\/1-exemple-de-donnees-dans-les-cellules.png\",\"datePublished\":\"2023-10-29T08:32:47+00:00\",\"dateModified\":\"2023-12-06T11:37:01+00:00\",\"description\":\"Neste tutorial, aprenderemos como criar uma lista suspensa contendo valores Sim e N\u00e3o, o que \u00e9 bastante f\u00e1cil de criar.\",\"breadcrumb\":{\"@id\":\"https:\/\/exceladvisor.org\/pt\/sim-nao-lista-suspensa\/#breadcrumb\"},\"inLanguage\":\"pt-PT\",\"potentialAction\":[{\"@type\":\"ReadAction\",\"target\":[\"https:\/\/exceladvisor.org\/pt\/sim-nao-lista-suspensa\/\"]}]},{\"@type\":\"ImageObject\",\"inLanguage\":\"pt-PT\",\"@id\":\"https:\/\/exceladvisor.org\/pt\/sim-nao-lista-suspensa\/#primaryimage\",\"url\":\"https:\/\/exceladvisor.org\/wp-content\/uploads\/2023\/08\/1-exemple-de-donnees-dans-les-cellules.png\",\"contentUrl\":\"https:\/\/exceladvisor.org\/wp-content\/uploads\/2023\/08\/1-exemple-de-donnees-dans-les-cellules.png\"},{\"@type\":\"BreadcrumbList\",\"@id\":\"https:\/\/exceladvisor.org\/pt\/sim-nao-lista-suspensa\/#breadcrumb\",\"itemListElement\":[{\"@type\":\"ListItem\",\"position\":1,\"name\":\"Lar\",\"item\":\"https:\/\/exceladvisor.org\/pt\/\"},{\"@type\":\"ListItem\",\"position\":2,\"name\":\"Como criar uma lista suspensa sim\/n\u00e3o no excel?\"}]},{\"@type\":\"WebSite\",\"@id\":\"https:\/\/exceladvisor.org\/pt\/#website\",\"url\":\"https:\/\/exceladvisor.org\/pt\/\",\"name\":\"Excel Advisor\",\"description\":\"O seu guia definitivo para dominar os dados!\",\"publisher\":{\"@id\":\"https:\/\/exceladvisor.org\/pt\/#organization\"},\"potentialAction\":[{\"@type\":\"SearchAction\",\"target\":{\"@type\":\"EntryPoint\",\"urlTemplate\":\"https:\/\/exceladvisor.org\/pt\/?s={search_term_string}\"},\"query-input\":{\"@type\":\"PropertyValueSpecification\",\"valueRequired\":true,\"valueName\":\"search_term_string\"}}],\"inLanguage\":\"pt-PT\"},{\"@type\":\"Organization\",\"@id\":\"https:\/\/exceladvisor.org\/pt\/#organization\",\"name\":\"Excel Advisor\",\"url\":\"https:\/\/exceladvisor.org\/pt\/\",\"logo\":{\"@type\":\"ImageObject\",\"inLanguage\":\"pt-PT\",\"@id\":\"https:\/\/exceladvisor.org\/pt\/#\/schema\/logo\/image\/\",\"url\":\"https:\/\/exceladvisor.org\/pt\/wp-content\/uploads\/2023\/12\/exceladvisor.org_.png\",\"contentUrl\":\"https:\/\/exceladvisor.org\/pt\/wp-content\/uploads\/2023\/12\/exceladvisor.org_.png\",\"width\":105,\"height\":36,\"caption\":\"Excel Advisor\"},\"image\":{\"@id\":\"https:\/\/exceladvisor.org\/pt\/#\/schema\/logo\/image\/\"}}]}<\/script>\n<!-- \/ Yoast SEO plugin. -->","yoast_head_json":{"title":"Como criar uma lista suspensa Sim\/N\u00e3o no Excel?","description":"Neste tutorial, aprenderemos como criar uma lista suspensa contendo valores Sim e N\u00e3o, o que \u00e9 bastante f\u00e1cil de criar.","robots":{"index":"index","follow":"follow","max-snippet":"max-snippet:-1","max-image-preview":"max-image-preview:large","max-video-preview":"max-video-preview:-1"},"canonical":"https:\/\/exceladvisor.org\/pt\/sim-nao-lista-suspensa\/","og_locale":"pt_PT","og_type":"article","og_title":"Como criar uma lista suspensa Sim\/N\u00e3o no Excel?","og_description":"Neste tutorial, aprenderemos como criar uma lista suspensa contendo valores Sim e N\u00e3o, o que \u00e9 bastante f\u00e1cil de criar.","og_url":"https:\/\/exceladvisor.org\/pt\/sim-nao-lista-suspensa\/","og_site_name":"Excel Advisor","article_modified_time":"2023-12-06T11:37:01+00:00","og_image":[{"url":"https:\/\/exceladvisor.org\/wp-content\/uploads\/2023\/08\/1-exemple-de-donnees-dans-les-cellules.png","type":"","width":"","height":""}],"twitter_card":"summary_large_image","twitter_misc":{"Tempo estimado de leitura":"2 minutos"},"schema":{"@context":"https:\/\/schema.org","@graph":[{"@type":"WebPage","@id":"https:\/\/exceladvisor.org\/pt\/sim-nao-lista-suspensa\/","url":"https:\/\/exceladvisor.org\/pt\/sim-nao-lista-suspensa\/","name":"Como criar uma lista suspensa Sim\/N\u00e3o no Excel?","isPartOf":{"@id":"https:\/\/exceladvisor.org\/pt\/#website"},"primaryImageOfPage":{"@id":"https:\/\/exceladvisor.org\/pt\/sim-nao-lista-suspensa\/#primaryimage"},"image":{"@id":"https:\/\/exceladvisor.org\/pt\/sim-nao-lista-suspensa\/#primaryimage"},"thumbnailUrl":"https:\/\/exceladvisor.org\/wp-content\/uploads\/2023\/08\/1-exemple-de-donnees-dans-les-cellules.png","datePublished":"2023-10-29T08:32:47+00:00","dateModified":"2023-12-06T11:37:01+00:00","description":"Neste tutorial, aprenderemos como criar uma lista suspensa contendo valores Sim e N\u00e3o, o que \u00e9 bastante f\u00e1cil de criar.","breadcrumb":{"@id":"https:\/\/exceladvisor.org\/pt\/sim-nao-lista-suspensa\/#breadcrumb"},"inLanguage":"pt-PT","potentialAction":[{"@type":"ReadAction","target":["https:\/\/exceladvisor.org\/pt\/sim-nao-lista-suspensa\/"]}]},{"@type":"ImageObject","inLanguage":"pt-PT","@id":"https:\/\/exceladvisor.org\/pt\/sim-nao-lista-suspensa\/#primaryimage","url":"https:\/\/exceladvisor.org\/wp-content\/uploads\/2023\/08\/1-exemple-de-donnees-dans-les-cellules.png","contentUrl":"https:\/\/exceladvisor.org\/wp-content\/uploads\/2023\/08\/1-exemple-de-donnees-dans-les-cellules.png"},{"@type":"BreadcrumbList","@id":"https:\/\/exceladvisor.org\/pt\/sim-nao-lista-suspensa\/#breadcrumb","itemListElement":[{"@type":"ListItem","position":1,"name":"Lar","item":"https:\/\/exceladvisor.org\/pt\/"},{"@type":"ListItem","position":2,"name":"Como criar uma lista suspensa sim\/n\u00e3o no excel?"}]},{"@type":"WebSite","@id":"https:\/\/exceladvisor.org\/pt\/#website","url":"https:\/\/exceladvisor.org\/pt\/","name":"Excel Advisor","description":"O seu guia definitivo para dominar os dados!","publisher":{"@id":"https:\/\/exceladvisor.org\/pt\/#organization"},"potentialAction":[{"@type":"SearchAction","target":{"@type":"EntryPoint","urlTemplate":"https:\/\/exceladvisor.org\/pt\/?s={search_term_string}"},"query-input":{"@type":"PropertyValueSpecification","valueRequired":true,"valueName":"search_term_string"}}],"inLanguage":"pt-PT"},{"@type":"Organization","@id":"https:\/\/exceladvisor.org\/pt\/#organization","name":"Excel Advisor","url":"https:\/\/exceladvisor.org\/pt\/","logo":{"@type":"ImageObject","inLanguage":"pt-PT","@id":"https:\/\/exceladvisor.org\/pt\/#\/schema\/logo\/image\/","url":"https:\/\/exceladvisor.org\/pt\/wp-content\/uploads\/2023\/12\/exceladvisor.org_.png","contentUrl":"https:\/\/exceladvisor.org\/pt\/wp-content\/uploads\/2023\/12\/exceladvisor.org_.png","width":105,"height":36,"caption":"Excel Advisor"},"image":{"@id":"https:\/\/exceladvisor.org\/pt\/#\/schema\/logo\/image\/"}}]}},"yoast_meta":{"yoast_wpseo_title":"","yoast_wpseo_metadesc":"","yoast_wpseo_canonical":""},"_links":{"self":[{"href":"https:\/\/exceladvisor.org\/pt\/wp-json\/wp\/v2\/pages\/421","targetHints":{"allow":["GET"]}}],"collection":[{"href":"https:\/\/exceladvisor.org\/pt\/wp-json\/wp\/v2\/pages"}],"about":[{"href":"https:\/\/exceladvisor.org\/pt\/wp-json\/wp\/v2\/types\/page"}],"author":[{"embeddable":true,"href":"https:\/\/exceladvisor.org\/pt\/wp-json\/wp\/v2\/users\/1"}],"replies":[{"embeddable":true,"href":"https:\/\/exceladvisor.org\/pt\/wp-json\/wp\/v2\/comments?post=421"}],"version-history":[{"count":1,"href":"https:\/\/exceladvisor.org\/pt\/wp-json\/wp\/v2\/pages\/421\/revisions"}],"predecessor-version":[{"id":1005,"href":"https:\/\/exceladvisor.org\/pt\/wp-json\/wp\/v2\/pages\/421\/revisions\/1005"}],"wp:attachment":[{"href":"https:\/\/exceladvisor.org\/pt\/wp-json\/wp\/v2\/media?parent=421"}],"curies":[{"name":"wp","href":"https:\/\/api.w.org\/{rel}","templated":true}]}}