{"id":422,"date":"2023-10-29T08:17:45","date_gmt":"2023-10-29T08:17:45","guid":{"rendered":"https:\/\/exceladvisor.org\/pt\/xlsx-para-csv\/"},"modified":"2023-12-06T11:42:10","modified_gmt":"2023-12-06T11:42:10","slug":"xlsx-para-csv","status":"publish","type":"page","link":"https:\/\/exceladvisor.org\/pt\/xlsx-para-csv\/","title":{"rendered":"Como salvar um arquivo excel no formato csv?"},"content":{"rendered":"<div class=\"excel-before-content-2\" id=\"excel-2458259368\"><script type=\"text\/javascript\">\r\n\tatOptions = {\r\n\t\t'key' : 'c1158f160081d6540a8409e6925dab94',\r\n\t\t'format' : 'iframe',\r\n\t\t'height' : 250,\r\n\t\t'width' : 300,\r\n\t\t'params' : {}\r\n\t};\r\n<\/script>\r\n<script type=\"text\/javascript\" src=\"\/\/www.highperformanceformat.com\/c1158f160081d6540a8409e6925dab94\/invoke.js\"><\/script><\/div><div class=\"excel-before-content\" id=\"excel-2573003817\"><script type=\"text\/javascript\">\r\n\tatOptions = {\r\n\t\t'key' : 'c1158f160081d6540a8409e6925dab94',\r\n\t\t'format' : 'iframe',\r\n\t\t'height' : 250,\r\n\t\t'width' : 300,\r\n\t\t'params' : {}\r\n\t};\r\n<\/script>\r\n<script type=\"text\/javascript\" src=\"\/\/www.highperformanceformat.com\/c1158f160081d6540a8409e6925dab94\/invoke.js\"><\/script><\/div> <p>Voc\u00ea pode salvar um arquivo Excel em diferentes formatos e entre todos esses formatos, o CSV \u00e9 muito popular. Sim, voc\u00ea pode salvar seu arquivo Excel em formato CSV (XLSX e CSV). CSV significa Comma Separated Values onde os valores s\u00e3o separados por <a href=\"https:\/\/exceladvisor.org\/pt\/concatenar-celulas-com-virgula\/\">v\u00edrgula<\/a> como voc\u00ea pode ver no exemplo a seguir. <\/p><div class=\"wp-block-image\"><figure class=\"aligncenter size-full is-resized\"><img loading=\"lazy\" decoding=\"async\" class=\"wp-image-72497\" src=\"https:\/\/exceladvisor.org\/wp-content\/uploads\/2023\/08\/1-enregistrer-excel-au-format-csv.png\" sizes=\"auto, \" srcset=\"\" alt=\"salvar-excel-como-csv\" width=\"707\" height=\"416\"><\/figure><\/div><h2 class=\"wp-block-heading\"> Salve um arquivo Excel (pasta de trabalho) em formato CSV (formato de valor separado por v\u00edrgula)<\/h2><ol><li> Primeiro, abra o arquivo que deseja salvar no formato CSV. <br><img loading=\"lazy\" decoding=\"async\" title=\"2-abra-o-arquivo-para-salvar-como-csv\" src=\"https:\/\/exceladvisor.org\/wp-content\/uploads\/2023\/08\/2-ouvrir-le-fichier-a-enregistrer-au-format-csv.png\" sizes=\"auto, \" srcset=\"\" alt=\"open-file-to-save-as-csv\" width=\"621\" height=\"394\"><\/li><li> Depois disso, v\u00e1 at\u00e9 a aba Arquivo e clique na op\u00e7\u00e3o Salvar como. <br><img loading=\"lazy\" decoding=\"async\" title=\"Op\u00e7\u00e3o de registro de 3 cliques\" src=\"https:\/\/exceladvisor.org\/wp-content\/uploads\/2023\/08\/3-cliquez-sur-enregistrer-en-tant-quoption.png\" sizes=\"auto, \" srcset=\"\" alt=\"click-save-as-option\" width=\"457\" height=\"419\"><\/li><li> Agora, especifique o local onde deseja salvar o arquivo e em \u201cSalvar como tipo\u201d, selecione \u201cCSV UTF-8 (delimitado por v\u00edrgula)\u201d. <br><img loading=\"lazy\" decoding=\"async\" title=\"4-selecione-csv-utf-8-para-salvar-o-arquivo\" src=\"https:\/\/exceladvisor.org\/wp-content\/uploads\/2023\/08\/4-selectionnez-csv-utf-8-pour-enregistrer-le-fichier.png\" sizes=\"auto, \" srcset=\"\" alt=\"select-csv-utf-8-to-save-file\" width=\"550\" height=\"493\"><\/li><li> Ao final, clique em OK para salvar o arquivo.<\/li><\/ol><p> Agora voc\u00ea pode ver que ambos os arquivos (XLSX e CSV) est\u00e3o salvos na \u00e1rea de trabalho. Mas h\u00e1 uma pequena diferen\u00e7a entre os \u00edcones que ajudam a identificar qual deles est\u00e1 no formato CSV. <\/p><div class=\"wp-block-image\"><figure class=\"aligncenter size-full is-resized\"><img loading=\"lazy\" decoding=\"async\" class=\"wp-image-72501\" src=\"https:\/\/exceladvisor.org\/wp-content\/uploads\/2023\/08\/5-icones-excel-xlxs-et-csv.png\" sizes=\"auto, \" srcset=\"\" alt=\"\u00edcones excel-xlxs-e-csv\" width=\"282\" height=\"166\"><\/figure><\/div><p> Agora, depois de salvar uma pasta de trabalho no formato CSV, o Excel ainda permite abri-la porque oferece suporte total ao formato CSV. Mas n\u00e3o permitir\u00e1 que voc\u00ea formate os dados e use recursos como f\u00f3rmulas e fun\u00e7\u00f5es.<\/p><p> Al\u00e9m disso, ao abrir o arquivo CSV que acabou de salvar do Excel com um aplicativo de bloco de notas, voc\u00ea pode ver no exemplo a seguir que h\u00e1 v\u00edrgulas entre os valores que temos como uma tabela no formato Excel. <\/p><div class=\"wp-block-image\"><figure class=\"aligncenter size-full is-resized\"><img loading=\"lazy\" decoding=\"async\" class=\"wp-image-72502\" src=\"https:\/\/exceladvisor.org\/wp-content\/uploads\/2023\/08\/6-ouvrir-csv-avec-bloc-notes.png\" sizes=\"auto, \" srcset=\"\" alt=\"abrir-csv-com-bloco de notas\" width=\"641\" height=\"420\"><\/figure><\/div><p> H\u00e1 uma coisa que voc\u00ea precisa saber ao converter seu arquivo de XLSX para CSV: se a pasta de trabalho tiver mais de uma planilha, o Excel salvar\u00e1 apenas a planilha atual (ativa) no formato CSV. Ir\u00e1 ignorar o resto das planilhas e voc\u00ea ter\u00e1 que salv\u00e1-las individualmente, uma por uma. <\/p><div class=\"wp-block-image\"><figure class=\"aligncenter size-full is-resized\"><img loading=\"lazy\" decoding=\"async\" class=\"wp-image-72503\" src=\"https:\/\/exceladvisor.org\/wp-content\/uploads\/2023\/08\/7-Excel-convertit-la-feuille-actuelle-en-csv-uniquement.png\" sizes=\"auto, \" srcset=\"\" alt=\"excel converte planilha atual em apenas csv\" width=\"722\" height=\"201\"><\/figure><\/div><h2 class=\"wp-block-heading\"> C\u00f3digo VBA para converter um XLSX em CSV<\/h2><p> Voc\u00ea tamb\u00e9m pode usar o seguinte c\u00f3digo VBA para salvar um arquivo Excel no formato CSV.<\/p><pre class=\"wp-block-code\"> <code class=\"language-visual-basic\" lang=\"visual-basic\">Sub xlsx_to_csv() Dim myPath As String, myName As String, myTime As String Dim myAddress As String myPath = ActiveWorkbook.Path myName = Left(ActiveWorkbook.Name, InStr(ActiveWorkbook.Name, \".\") - 1) myTime = Format(Now, \"DD_MM_YY_HH_MM_SS\") myAddress = myPath &amp; \"\" &amp; myName &amp; \"_\" &amp; myTime ActiveWorkbook.SaveAs Filename:=myAddress, FileFormat:=xlCSVUTF8 End Sub<\/code><\/pre><p> Este c\u00f3digo salva a pasta de trabalho ativa como um CSV no mesmo local com o mesmo nome usando a data e hora atuais.<\/p><div class=\"gb-container gb-container-4db6181c gb-container-mt\"> <a class=\"gb-button gb-button-c5897111 gb-button-text gb-button-mt-button\" href=\"https:\/\/exceladvisor.org\/pt\/excel-avancado\/\">Tutoriais avan\u00e7ados de Excel<\/a><h2 class=\"gb-headline gb-headline-665e5f6b gb-headline-text gb-headline-mt-heading\"> Tutoriais relacionados <\/h2><div class=\"gb-grid-wrapper gb-grid-wrapper-a20baf7c gb-grid-wrapper-mt-grid\"><div class=\"gb-grid-column gb-grid-column-65ddf67e\"><div class=\"gb-container gb-container-65ddf67e\"><ul><li> <a href=\"https:\/\/exceladvisor.org\/pt\/reparar-arquivo-excel-corrompido\/\">Reparar arquivo Excel corrompido<\/a><\/li><li> <a href=\"https:\/\/exceladvisor.org\/pt\/recuperar-arquivos-nao-salvos\/\">Recupere arquivos do Excel n\u00e3o salvos quando o Excel travar<\/a><\/li><li> <a href=\"https:\/\/exceladvisor.org\/pt\/ocultar-mostrar-pasta-de-trabalho\/\">Ocultar e mostrar uma pasta de trabalho no Excel<\/a><\/li><li> <a href=\"https:\/\/exceladvisor.org\/pt\/copiar-pasta-de-trabalho\/\">Fa\u00e7a uma c\u00f3pia da pasta de trabalho do Excel (arquivo)<\/a><\/li><li> <a href=\"https:\/\/exceladvisor.org\/pt\/abrir-arquivo-de-texto\/\">Abra um arquivo de texto no Excel (.TXT)<\/a> <\/li><\/ul><\/div><\/div><div class=\"gb-grid-column gb-grid-column-50067b57\"><div class=\"gb-container gb-container-50067b57\"><\/div><\/div><\/div><\/div>","protected":false},"excerpt":{"rendered":"","protected":false},"author":1,"featured_media":0,"parent":0,"menu_order":0,"comment_status":"open","ping_status":"closed","template":"","meta":{"ub_ctt_via":"","footnotes":""},"class_list":["post-422","page","type-page","status-publish","hentry"],"featured_image_src":null,"yoast_head":"<!-- This site is optimized with the Yoast SEO plugin v25.4 - https:\/\/yoast.com\/wordpress\/plugins\/seo\/ -->\n<title>\u25b7 Como salvar um arquivo Excel no formato CSV?<\/title>\n<meta name=\"description\" content=\"Neste tutorial, aprenderemos como salvar um arquivo Excel (Workbook) no formato CSV (XLSX para CSV).\" \/>\n<meta name=\"robots\" content=\"index, follow, max-snippet:-1, max-image-preview:large, max-video-preview:-1\" \/>\n<link rel=\"canonical\" href=\"https:\/\/exceladvisor.org\/pt\/xlsx-para-csv\/\" \/>\n<meta property=\"og:locale\" content=\"pt_PT\" \/>\n<meta property=\"og:type\" content=\"article\" \/>\n<meta property=\"og:title\" content=\"\u25b7 Como salvar um arquivo Excel no formato CSV?\" \/>\n<meta property=\"og:description\" content=\"Neste tutorial, aprenderemos como salvar um arquivo Excel (Workbook) no formato CSV (XLSX para CSV).\" \/>\n<meta property=\"og:url\" content=\"https:\/\/exceladvisor.org\/pt\/xlsx-para-csv\/\" \/>\n<meta property=\"og:site_name\" content=\"Excel Advisor\" \/>\n<meta property=\"article:modified_time\" content=\"2023-12-06T11:42:10+00:00\" \/>\n<meta property=\"og:image\" content=\"https:\/\/exceladvisor.org\/wp-content\/uploads\/2023\/08\/1-enregistrer-excel-au-format-csv.png\" \/>\n<meta name=\"twitter:card\" content=\"summary_large_image\" \/>\n<meta name=\"twitter:label1\" content=\"Tempo estimado de leitura\" \/>\n\t<meta name=\"twitter:data1\" content=\"2 minutos\" \/>\n<script type=\"application\/ld+json\" class=\"yoast-schema-graph\">{\"@context\":\"https:\/\/schema.org\",\"@graph\":[{\"@type\":\"WebPage\",\"@id\":\"https:\/\/exceladvisor.org\/pt\/xlsx-para-csv\/\",\"url\":\"https:\/\/exceladvisor.org\/pt\/xlsx-para-csv\/\",\"name\":\"\u25b7 Como salvar um arquivo Excel no formato CSV?\",\"isPartOf\":{\"@id\":\"https:\/\/exceladvisor.org\/pt\/#website\"},\"primaryImageOfPage\":{\"@id\":\"https:\/\/exceladvisor.org\/pt\/xlsx-para-csv\/#primaryimage\"},\"image\":{\"@id\":\"https:\/\/exceladvisor.org\/pt\/xlsx-para-csv\/#primaryimage\"},\"thumbnailUrl\":\"https:\/\/exceladvisor.org\/wp-content\/uploads\/2023\/08\/1-enregistrer-excel-au-format-csv.png\",\"datePublished\":\"2023-10-29T08:17:45+00:00\",\"dateModified\":\"2023-12-06T11:42:10+00:00\",\"description\":\"Neste tutorial, aprenderemos como salvar um arquivo Excel (Workbook) no formato CSV (XLSX para CSV).\",\"breadcrumb\":{\"@id\":\"https:\/\/exceladvisor.org\/pt\/xlsx-para-csv\/#breadcrumb\"},\"inLanguage\":\"pt-PT\",\"potentialAction\":[{\"@type\":\"ReadAction\",\"target\":[\"https:\/\/exceladvisor.org\/pt\/xlsx-para-csv\/\"]}]},{\"@type\":\"ImageObject\",\"inLanguage\":\"pt-PT\",\"@id\":\"https:\/\/exceladvisor.org\/pt\/xlsx-para-csv\/#primaryimage\",\"url\":\"https:\/\/exceladvisor.org\/wp-content\/uploads\/2023\/08\/1-enregistrer-excel-au-format-csv.png\",\"contentUrl\":\"https:\/\/exceladvisor.org\/wp-content\/uploads\/2023\/08\/1-enregistrer-excel-au-format-csv.png\"},{\"@type\":\"BreadcrumbList\",\"@id\":\"https:\/\/exceladvisor.org\/pt\/xlsx-para-csv\/#breadcrumb\",\"itemListElement\":[{\"@type\":\"ListItem\",\"position\":1,\"name\":\"Lar\",\"item\":\"https:\/\/exceladvisor.org\/pt\/\"},{\"@type\":\"ListItem\",\"position\":2,\"name\":\"Como salvar um arquivo excel no formato csv?\"}]},{\"@type\":\"WebSite\",\"@id\":\"https:\/\/exceladvisor.org\/pt\/#website\",\"url\":\"https:\/\/exceladvisor.org\/pt\/\",\"name\":\"Excel Advisor\",\"description\":\"O seu guia definitivo para dominar os dados!\",\"publisher\":{\"@id\":\"https:\/\/exceladvisor.org\/pt\/#organization\"},\"potentialAction\":[{\"@type\":\"SearchAction\",\"target\":{\"@type\":\"EntryPoint\",\"urlTemplate\":\"https:\/\/exceladvisor.org\/pt\/?s={search_term_string}\"},\"query-input\":{\"@type\":\"PropertyValueSpecification\",\"valueRequired\":true,\"valueName\":\"search_term_string\"}}],\"inLanguage\":\"pt-PT\"},{\"@type\":\"Organization\",\"@id\":\"https:\/\/exceladvisor.org\/pt\/#organization\",\"name\":\"Excel Advisor\",\"url\":\"https:\/\/exceladvisor.org\/pt\/\",\"logo\":{\"@type\":\"ImageObject\",\"inLanguage\":\"pt-PT\",\"@id\":\"https:\/\/exceladvisor.org\/pt\/#\/schema\/logo\/image\/\",\"url\":\"https:\/\/exceladvisor.org\/pt\/wp-content\/uploads\/2023\/12\/exceladvisor.org_.png\",\"contentUrl\":\"https:\/\/exceladvisor.org\/pt\/wp-content\/uploads\/2023\/12\/exceladvisor.org_.png\",\"width\":105,\"height\":36,\"caption\":\"Excel Advisor\"},\"image\":{\"@id\":\"https:\/\/exceladvisor.org\/pt\/#\/schema\/logo\/image\/\"}}]}<\/script>\n<!-- \/ Yoast SEO plugin. -->","yoast_head_json":{"title":"\u25b7 Como salvar um arquivo Excel no formato CSV?","description":"Neste tutorial, aprenderemos como salvar um arquivo Excel (Workbook) no formato CSV (XLSX para CSV).","robots":{"index":"index","follow":"follow","max-snippet":"max-snippet:-1","max-image-preview":"max-image-preview:large","max-video-preview":"max-video-preview:-1"},"canonical":"https:\/\/exceladvisor.org\/pt\/xlsx-para-csv\/","og_locale":"pt_PT","og_type":"article","og_title":"\u25b7 Como salvar um arquivo Excel no formato CSV?","og_description":"Neste tutorial, aprenderemos como salvar um arquivo Excel (Workbook) no formato CSV (XLSX para CSV).","og_url":"https:\/\/exceladvisor.org\/pt\/xlsx-para-csv\/","og_site_name":"Excel Advisor","article_modified_time":"2023-12-06T11:42:10+00:00","og_image":[{"url":"https:\/\/exceladvisor.org\/wp-content\/uploads\/2023\/08\/1-enregistrer-excel-au-format-csv.png","type":"","width":"","height":""}],"twitter_card":"summary_large_image","twitter_misc":{"Tempo estimado de leitura":"2 minutos"},"schema":{"@context":"https:\/\/schema.org","@graph":[{"@type":"WebPage","@id":"https:\/\/exceladvisor.org\/pt\/xlsx-para-csv\/","url":"https:\/\/exceladvisor.org\/pt\/xlsx-para-csv\/","name":"\u25b7 Como salvar um arquivo Excel no formato CSV?","isPartOf":{"@id":"https:\/\/exceladvisor.org\/pt\/#website"},"primaryImageOfPage":{"@id":"https:\/\/exceladvisor.org\/pt\/xlsx-para-csv\/#primaryimage"},"image":{"@id":"https:\/\/exceladvisor.org\/pt\/xlsx-para-csv\/#primaryimage"},"thumbnailUrl":"https:\/\/exceladvisor.org\/wp-content\/uploads\/2023\/08\/1-enregistrer-excel-au-format-csv.png","datePublished":"2023-10-29T08:17:45+00:00","dateModified":"2023-12-06T11:42:10+00:00","description":"Neste tutorial, aprenderemos como salvar um arquivo Excel (Workbook) no formato CSV (XLSX para CSV).","breadcrumb":{"@id":"https:\/\/exceladvisor.org\/pt\/xlsx-para-csv\/#breadcrumb"},"inLanguage":"pt-PT","potentialAction":[{"@type":"ReadAction","target":["https:\/\/exceladvisor.org\/pt\/xlsx-para-csv\/"]}]},{"@type":"ImageObject","inLanguage":"pt-PT","@id":"https:\/\/exceladvisor.org\/pt\/xlsx-para-csv\/#primaryimage","url":"https:\/\/exceladvisor.org\/wp-content\/uploads\/2023\/08\/1-enregistrer-excel-au-format-csv.png","contentUrl":"https:\/\/exceladvisor.org\/wp-content\/uploads\/2023\/08\/1-enregistrer-excel-au-format-csv.png"},{"@type":"BreadcrumbList","@id":"https:\/\/exceladvisor.org\/pt\/xlsx-para-csv\/#breadcrumb","itemListElement":[{"@type":"ListItem","position":1,"name":"Lar","item":"https:\/\/exceladvisor.org\/pt\/"},{"@type":"ListItem","position":2,"name":"Como salvar um arquivo excel no formato csv?"}]},{"@type":"WebSite","@id":"https:\/\/exceladvisor.org\/pt\/#website","url":"https:\/\/exceladvisor.org\/pt\/","name":"Excel Advisor","description":"O seu guia definitivo para dominar os dados!","publisher":{"@id":"https:\/\/exceladvisor.org\/pt\/#organization"},"potentialAction":[{"@type":"SearchAction","target":{"@type":"EntryPoint","urlTemplate":"https:\/\/exceladvisor.org\/pt\/?s={search_term_string}"},"query-input":{"@type":"PropertyValueSpecification","valueRequired":true,"valueName":"search_term_string"}}],"inLanguage":"pt-PT"},{"@type":"Organization","@id":"https:\/\/exceladvisor.org\/pt\/#organization","name":"Excel Advisor","url":"https:\/\/exceladvisor.org\/pt\/","logo":{"@type":"ImageObject","inLanguage":"pt-PT","@id":"https:\/\/exceladvisor.org\/pt\/#\/schema\/logo\/image\/","url":"https:\/\/exceladvisor.org\/pt\/wp-content\/uploads\/2023\/12\/exceladvisor.org_.png","contentUrl":"https:\/\/exceladvisor.org\/pt\/wp-content\/uploads\/2023\/12\/exceladvisor.org_.png","width":105,"height":36,"caption":"Excel Advisor"},"image":{"@id":"https:\/\/exceladvisor.org\/pt\/#\/schema\/logo\/image\/"}}]}},"yoast_meta":{"yoast_wpseo_title":"","yoast_wpseo_metadesc":"","yoast_wpseo_canonical":""},"_links":{"self":[{"href":"https:\/\/exceladvisor.org\/pt\/wp-json\/wp\/v2\/pages\/422","targetHints":{"allow":["GET"]}}],"collection":[{"href":"https:\/\/exceladvisor.org\/pt\/wp-json\/wp\/v2\/pages"}],"about":[{"href":"https:\/\/exceladvisor.org\/pt\/wp-json\/wp\/v2\/types\/page"}],"author":[{"embeddable":true,"href":"https:\/\/exceladvisor.org\/pt\/wp-json\/wp\/v2\/users\/1"}],"replies":[{"embeddable":true,"href":"https:\/\/exceladvisor.org\/pt\/wp-json\/wp\/v2\/comments?post=422"}],"version-history":[{"count":1,"href":"https:\/\/exceladvisor.org\/pt\/wp-json\/wp\/v2\/pages\/422\/revisions"}],"predecessor-version":[{"id":1187,"href":"https:\/\/exceladvisor.org\/pt\/wp-json\/wp\/v2\/pages\/422\/revisions\/1187"}],"wp:attachment":[{"href":"https:\/\/exceladvisor.org\/pt\/wp-json\/wp\/v2\/media?parent=422"}],"curies":[{"name":"wp","href":"https:\/\/api.w.org\/{rel}","templated":true}]}}