{"id":423,"date":"2023-10-29T08:03:11","date_gmt":"2023-10-29T08:03:11","guid":{"rendered":"https:\/\/exceladvisor.org\/pt\/aplicar-varios-filtros\/"},"modified":"2023-12-06T11:34:45","modified_gmt":"2023-12-06T11:34:45","slug":"aplicar-varios-filtros","status":"publish","type":"page","link":"https:\/\/exceladvisor.org\/pt\/aplicar-varios-filtros\/","title":{"rendered":"Como aplicar v\u00e1rios filtros a colunas do excel?"},"content":{"rendered":"<div class=\"excel-before-content-2\" id=\"excel-2760561780\"><script type=\"text\/javascript\">\r\n\tatOptions = {\r\n\t\t'key' : 'c1158f160081d6540a8409e6925dab94',\r\n\t\t'format' : 'iframe',\r\n\t\t'height' : 250,\r\n\t\t'width' : 300,\r\n\t\t'params' : {}\r\n\t};\r\n<\/script>\r\n<script type=\"text\/javascript\" src=\"\/\/www.highperformanceformat.com\/c1158f160081d6540a8409e6925dab94\/invoke.js\"><\/script><\/div><div class=\"excel-before-content\" id=\"excel-1368220820\"><script type=\"text\/javascript\">\r\n\tatOptions = {\r\n\t\t'key' : 'c1158f160081d6540a8409e6925dab94',\r\n\t\t'format' : 'iframe',\r\n\t\t'height' : 250,\r\n\t\t'width' : 300,\r\n\t\t'params' : {}\r\n\t};\r\n<\/script>\r\n<script type=\"text\/javascript\" src=\"\/\/www.highperformanceformat.com\/c1158f160081d6540a8409e6925dab94\/invoke.js\"><\/script><\/div> <p>No Excel, se voc\u00ea tiver v\u00e1rias colunas nos dados e quiser filtrar v\u00e1rias colunas, poder\u00e1 fazer isso facilmente. Quando voc\u00ea aplica um filtro a um intervalo de dados cont\u00ednuo, o Excel permite filtrar v\u00e1rias colunas.<\/p><p> Neste tutorial, veremos as etapas f\u00e1ceis para aplicar filtros de v\u00e1rias colunas. <\/p><div class=\"wp-block-image\"><figure class=\"aligncenter size-full is-resized\"><img loading=\"lazy\" decoding=\"async\" class=\"wp-image-72663\" src=\"https:\/\/exceladvisor.org\/wp-content\/uploads\/2023\/08\/1-appliquer-plusieurs-filtres.png\" sizes=\"auto, \" srcset=\"\" alt=\"aplicar v\u00e1rios filtros\" width=\"685\" height=\"296\"><\/figure><\/div><p> Nos dados acima, precisamos aplicar um filtro em duas colunas \u201ctype\u201d e \u201ccontributed_by\u201d.<\/p><h2 class=\"wp-block-heading\"> Etapas para aplicar v\u00e1rios filtros no Excel<\/h2><ol><li> Primeiro, use o <a href=\"https:\/\/exceladvisor.org\/pt\/atalhos-do-teclado\/\">atalho de teclado<\/a> (Alt \u21e2 D \u21e2 F \u21e2 F) para <a href=\"https:\/\/exceladvisor.org\/pt\/filtro-1\/\">aplicar o filtro<\/a> , ou voc\u00ea tamb\u00e9m pode ir para Home \u21e2 Classificar e Filtrar \u21e2 Filtrar. <br><img loading=\"lazy\" decoding=\"async\" title=\"2 filtros de aplica\u00e7\u00e3o\" src=\"https:\/\/exceladvisor.org\/wp-content\/uploads\/2023\/08\/2-appliquer-le-filtre.png\" sizes=\"auto, \" srcset=\"\" alt=\"apply-filter\" width=\"717\" height=\"184\"><\/li><li> Em seguida, voc\u00ea precisa clicar no menu suspenso de filtro da coluna \u201ctipo\u201d e a partir da\u00ed desmarcar todos os valores exceto \u201cCidade\u201d. <br><img loading=\"lazy\" decoding=\"async\" title=\"Menu suspenso de filtros em 3 cliques\" src=\"https:\/\/exceladvisor.org\/wp-content\/uploads\/2023\/08\/3-cliquez-sur-la-liste-deroulante-des-filtres.png\" sizes=\"auto, \" srcset=\"\" alt=\"click-on-filter-dropdown\" width=\"507\" height=\"390\"><\/li><li> Depois disso, clique em OK para aplicar o filtro. E quando voc\u00ea fizer isso, ele filtrar\u00e1 todos os dados com base na coluna \u201cCidade\u201d da coluna \u201ctipo\u201d. <br><img loading=\"lazy\" decoding=\"async\" title=\"4-ok-para-aplicar-filtro\" src=\"https:\/\/exceladvisor.org\/wp-content\/uploads\/2023\/08\/4-ok-pour-appliquer-le-filtre.png\" sizes=\"auto, \" srcset=\"\" alt=\"ok-to-apply-filter\" width=\"576\" height=\"199\"><\/li><li> Em seguida, v\u00e1 para a coluna \u201ccontributed_by\u201d e abra o menu suspenso de filtros e desmarque todos os valores exceto \u201cKenny Cunanan\u201d. <br><img loading=\"lazy\" decoding=\"async\" title=\"Menu suspenso de 5 filtros abertos\" src=\"https:\/\/exceladvisor.org\/wp-content\/uploads\/2023\/08\/5-ouvrir-la-liste-deroulante-des-filtres.png\" sizes=\"auto, \" srcset=\"\" alt=\"open-the-filter-dropdown\" width=\"520\" height=\"398\"><\/li><li> Ao final, clique em OK para aplicar o filtro.<\/li><\/ol><p> Feito isso, v\u00e1rios filtros ser\u00e3o aplicados aos seus dados. Um est\u00e1 na coluna \u201ctipo\u201d e o outro est\u00e1 na coluna \u201ccontributed_by\u201d. <\/p><div class=\"wp-block-image\"><figure class=\"aligncenter size-full is-resized\"><img loading=\"lazy\" decoding=\"async\" class=\"wp-image-72669\" src=\"https:\/\/exceladvisor.org\/wp-content\/uploads\/2023\/08\/6-filtres-multiples-appliques.png\" sizes=\"auto, \" srcset=\"\" alt=\"v\u00e1rios filtros aplicados\" width=\"643\" height=\"345\"><\/figure><\/div><p> N\u00e3o apenas dois, voc\u00ea pode aplicar v\u00e1rios filtros a quantas colunas desejar. Voc\u00ea pode ir al\u00e9m e aplicar um filtro adicional \u00e0 coluna \u201cestado\u201d. <\/p><div class=\"wp-block-image\"><figure class=\"aligncenter size-full is-resized\"><img loading=\"lazy\" decoding=\"async\" class=\"wp-image-72670\" src=\"https:\/\/exceladvisor.org\/wp-content\/uploads\/2023\/08\/7-appliquer-plusieurs-filtres.png\" sizes=\"auto, \" srcset=\"\" alt=\"aplicar v\u00e1rios filtros\" width=\"778\" height=\"163\"><\/figure><\/div><p> No exemplo acima, temos o terceiro filtro na coluna \u201cestado\u201d onde filtramos todos os valores com CA.<\/p><div class=\"gb-container gb-container-4db6181c gb-container-mt\"> <a class=\"gb-button gb-button-c5897111 gb-button-text gb-button-mt-button\" href=\"https:\/\/exceladvisor.org\/pt\/excel-avancado\/\">Tutoriais avan\u00e7ados de Excel<\/a><h2 class=\"gb-headline gb-headline-665e5f6b gb-headline-text gb-headline-mt-heading\"> Tutoriais relacionados <\/h2><div class=\"gb-grid-wrapper gb-grid-wrapper-a20baf7c gb-grid-wrapper-mt-grid\"><div class=\"gb-grid-column gb-grid-column-65ddf67e\"><div class=\"gb-container gb-container-65ddf67e\"><ul><li> <a href=\"https:\/\/exceladvisor.org\/pt\/ferramenta-de-analise-rapida\/\">Ferramenta de an\u00e1lise r\u00e1pida no Excel<\/a><\/li><li> <a href=\"https:\/\/exceladvisor.org\/pt\/destacar-valores-superiores-inferiores\/\">Destaque os valores N superiores e inferiores no Excel<\/a><\/li><li> <a href=\"https:\/\/exceladvisor.org\/pt\/caixa-de-selecao\/\">Insira uma caixa de sele\u00e7\u00e3o no Excel<\/a><\/li><li> <a href=\"https:\/\/exceladvisor.org\/pt\/mesclar-celulas-sem-perder-dados\/\">Mesclar c\u00e9lulas sem perder dados no Excel<\/a><\/li><li> <a href=\"https:\/\/exceladvisor.org\/pt\/colar-especial-multiplicar\/\">Multiplique no Excel usando Colar Especial<\/a><\/li><\/ul><\/div><\/div><\/div><\/div>","protected":false},"excerpt":{"rendered":"","protected":false},"author":1,"featured_media":0,"parent":0,"menu_order":0,"comment_status":"open","ping_status":"closed","template":"","meta":{"ub_ctt_via":"","footnotes":""},"class_list":["post-423","page","type-page","status-publish","hentry"],"featured_image_src":null,"yoast_head":"<!-- This site is optimized with the Yoast SEO plugin v25.4 - https:\/\/yoast.com\/wordpress\/plugins\/seo\/ -->\n<title>Como aplicar v\u00e1rios filtros a colunas do Excel?<\/title>\n<meta name=\"description\" content=\"Neste tutorial, aprenderemos como aplicar v\u00e1rios filtros a colunas no Excel com etapas f\u00e1ceis de seguir.\" \/>\n<meta name=\"robots\" content=\"index, follow, max-snippet:-1, max-image-preview:large, max-video-preview:-1\" \/>\n<link rel=\"canonical\" href=\"https:\/\/exceladvisor.org\/pt\/aplicar-varios-filtros\/\" \/>\n<meta property=\"og:locale\" content=\"pt_PT\" \/>\n<meta property=\"og:type\" content=\"article\" \/>\n<meta property=\"og:title\" content=\"Como aplicar v\u00e1rios filtros a colunas do Excel?\" \/>\n<meta property=\"og:description\" content=\"Neste tutorial, aprenderemos como aplicar v\u00e1rios filtros a colunas no Excel com etapas f\u00e1ceis de seguir.\" \/>\n<meta property=\"og:url\" content=\"https:\/\/exceladvisor.org\/pt\/aplicar-varios-filtros\/\" \/>\n<meta property=\"og:site_name\" content=\"Excel Advisor\" \/>\n<meta property=\"article:modified_time\" content=\"2023-12-06T11:34:45+00:00\" \/>\n<meta property=\"og:image\" content=\"https:\/\/exceladvisor.org\/wp-content\/uploads\/2023\/08\/1-appliquer-plusieurs-filtres.png\" \/>\n<meta name=\"twitter:card\" content=\"summary_large_image\" \/>\n<meta name=\"twitter:label1\" content=\"Tempo estimado de leitura\" \/>\n\t<meta name=\"twitter:data1\" content=\"1 minuto\" \/>\n<script type=\"application\/ld+json\" class=\"yoast-schema-graph\">{\"@context\":\"https:\/\/schema.org\",\"@graph\":[{\"@type\":\"WebPage\",\"@id\":\"https:\/\/exceladvisor.org\/pt\/aplicar-varios-filtros\/\",\"url\":\"https:\/\/exceladvisor.org\/pt\/aplicar-varios-filtros\/\",\"name\":\"Como aplicar v\u00e1rios filtros a colunas do Excel?\",\"isPartOf\":{\"@id\":\"https:\/\/exceladvisor.org\/pt\/#website\"},\"primaryImageOfPage\":{\"@id\":\"https:\/\/exceladvisor.org\/pt\/aplicar-varios-filtros\/#primaryimage\"},\"image\":{\"@id\":\"https:\/\/exceladvisor.org\/pt\/aplicar-varios-filtros\/#primaryimage\"},\"thumbnailUrl\":\"https:\/\/exceladvisor.org\/wp-content\/uploads\/2023\/08\/1-appliquer-plusieurs-filtres.png\",\"datePublished\":\"2023-10-29T08:03:11+00:00\",\"dateModified\":\"2023-12-06T11:34:45+00:00\",\"description\":\"Neste tutorial, aprenderemos como aplicar v\u00e1rios filtros a colunas no Excel com etapas f\u00e1ceis de seguir.\",\"breadcrumb\":{\"@id\":\"https:\/\/exceladvisor.org\/pt\/aplicar-varios-filtros\/#breadcrumb\"},\"inLanguage\":\"pt-PT\",\"potentialAction\":[{\"@type\":\"ReadAction\",\"target\":[\"https:\/\/exceladvisor.org\/pt\/aplicar-varios-filtros\/\"]}]},{\"@type\":\"ImageObject\",\"inLanguage\":\"pt-PT\",\"@id\":\"https:\/\/exceladvisor.org\/pt\/aplicar-varios-filtros\/#primaryimage\",\"url\":\"https:\/\/exceladvisor.org\/wp-content\/uploads\/2023\/08\/1-appliquer-plusieurs-filtres.png\",\"contentUrl\":\"https:\/\/exceladvisor.org\/wp-content\/uploads\/2023\/08\/1-appliquer-plusieurs-filtres.png\"},{\"@type\":\"BreadcrumbList\",\"@id\":\"https:\/\/exceladvisor.org\/pt\/aplicar-varios-filtros\/#breadcrumb\",\"itemListElement\":[{\"@type\":\"ListItem\",\"position\":1,\"name\":\"Lar\",\"item\":\"https:\/\/exceladvisor.org\/pt\/\"},{\"@type\":\"ListItem\",\"position\":2,\"name\":\"Como aplicar v\u00e1rios filtros a colunas do excel?\"}]},{\"@type\":\"WebSite\",\"@id\":\"https:\/\/exceladvisor.org\/pt\/#website\",\"url\":\"https:\/\/exceladvisor.org\/pt\/\",\"name\":\"Excel Advisor\",\"description\":\"O seu guia definitivo para dominar os dados!\",\"publisher\":{\"@id\":\"https:\/\/exceladvisor.org\/pt\/#organization\"},\"potentialAction\":[{\"@type\":\"SearchAction\",\"target\":{\"@type\":\"EntryPoint\",\"urlTemplate\":\"https:\/\/exceladvisor.org\/pt\/?s={search_term_string}\"},\"query-input\":{\"@type\":\"PropertyValueSpecification\",\"valueRequired\":true,\"valueName\":\"search_term_string\"}}],\"inLanguage\":\"pt-PT\"},{\"@type\":\"Organization\",\"@id\":\"https:\/\/exceladvisor.org\/pt\/#organization\",\"name\":\"Excel Advisor\",\"url\":\"https:\/\/exceladvisor.org\/pt\/\",\"logo\":{\"@type\":\"ImageObject\",\"inLanguage\":\"pt-PT\",\"@id\":\"https:\/\/exceladvisor.org\/pt\/#\/schema\/logo\/image\/\",\"url\":\"https:\/\/exceladvisor.org\/pt\/wp-content\/uploads\/2023\/12\/exceladvisor.org_.png\",\"contentUrl\":\"https:\/\/exceladvisor.org\/pt\/wp-content\/uploads\/2023\/12\/exceladvisor.org_.png\",\"width\":105,\"height\":36,\"caption\":\"Excel Advisor\"},\"image\":{\"@id\":\"https:\/\/exceladvisor.org\/pt\/#\/schema\/logo\/image\/\"}}]}<\/script>\n<!-- \/ Yoast SEO plugin. -->","yoast_head_json":{"title":"Como aplicar v\u00e1rios filtros a colunas do Excel?","description":"Neste tutorial, aprenderemos como aplicar v\u00e1rios filtros a colunas no Excel com etapas f\u00e1ceis de seguir.","robots":{"index":"index","follow":"follow","max-snippet":"max-snippet:-1","max-image-preview":"max-image-preview:large","max-video-preview":"max-video-preview:-1"},"canonical":"https:\/\/exceladvisor.org\/pt\/aplicar-varios-filtros\/","og_locale":"pt_PT","og_type":"article","og_title":"Como aplicar v\u00e1rios filtros a colunas do Excel?","og_description":"Neste tutorial, aprenderemos como aplicar v\u00e1rios filtros a colunas no Excel com etapas f\u00e1ceis de seguir.","og_url":"https:\/\/exceladvisor.org\/pt\/aplicar-varios-filtros\/","og_site_name":"Excel Advisor","article_modified_time":"2023-12-06T11:34:45+00:00","og_image":[{"url":"https:\/\/exceladvisor.org\/wp-content\/uploads\/2023\/08\/1-appliquer-plusieurs-filtres.png","type":"","width":"","height":""}],"twitter_card":"summary_large_image","twitter_misc":{"Tempo estimado de leitura":"1 minuto"},"schema":{"@context":"https:\/\/schema.org","@graph":[{"@type":"WebPage","@id":"https:\/\/exceladvisor.org\/pt\/aplicar-varios-filtros\/","url":"https:\/\/exceladvisor.org\/pt\/aplicar-varios-filtros\/","name":"Como aplicar v\u00e1rios filtros a colunas do Excel?","isPartOf":{"@id":"https:\/\/exceladvisor.org\/pt\/#website"},"primaryImageOfPage":{"@id":"https:\/\/exceladvisor.org\/pt\/aplicar-varios-filtros\/#primaryimage"},"image":{"@id":"https:\/\/exceladvisor.org\/pt\/aplicar-varios-filtros\/#primaryimage"},"thumbnailUrl":"https:\/\/exceladvisor.org\/wp-content\/uploads\/2023\/08\/1-appliquer-plusieurs-filtres.png","datePublished":"2023-10-29T08:03:11+00:00","dateModified":"2023-12-06T11:34:45+00:00","description":"Neste tutorial, aprenderemos como aplicar v\u00e1rios filtros a colunas no Excel com etapas f\u00e1ceis de seguir.","breadcrumb":{"@id":"https:\/\/exceladvisor.org\/pt\/aplicar-varios-filtros\/#breadcrumb"},"inLanguage":"pt-PT","potentialAction":[{"@type":"ReadAction","target":["https:\/\/exceladvisor.org\/pt\/aplicar-varios-filtros\/"]}]},{"@type":"ImageObject","inLanguage":"pt-PT","@id":"https:\/\/exceladvisor.org\/pt\/aplicar-varios-filtros\/#primaryimage","url":"https:\/\/exceladvisor.org\/wp-content\/uploads\/2023\/08\/1-appliquer-plusieurs-filtres.png","contentUrl":"https:\/\/exceladvisor.org\/wp-content\/uploads\/2023\/08\/1-appliquer-plusieurs-filtres.png"},{"@type":"BreadcrumbList","@id":"https:\/\/exceladvisor.org\/pt\/aplicar-varios-filtros\/#breadcrumb","itemListElement":[{"@type":"ListItem","position":1,"name":"Lar","item":"https:\/\/exceladvisor.org\/pt\/"},{"@type":"ListItem","position":2,"name":"Como aplicar v\u00e1rios filtros a colunas do excel?"}]},{"@type":"WebSite","@id":"https:\/\/exceladvisor.org\/pt\/#website","url":"https:\/\/exceladvisor.org\/pt\/","name":"Excel Advisor","description":"O seu guia definitivo para dominar os dados!","publisher":{"@id":"https:\/\/exceladvisor.org\/pt\/#organization"},"potentialAction":[{"@type":"SearchAction","target":{"@type":"EntryPoint","urlTemplate":"https:\/\/exceladvisor.org\/pt\/?s={search_term_string}"},"query-input":{"@type":"PropertyValueSpecification","valueRequired":true,"valueName":"search_term_string"}}],"inLanguage":"pt-PT"},{"@type":"Organization","@id":"https:\/\/exceladvisor.org\/pt\/#organization","name":"Excel Advisor","url":"https:\/\/exceladvisor.org\/pt\/","logo":{"@type":"ImageObject","inLanguage":"pt-PT","@id":"https:\/\/exceladvisor.org\/pt\/#\/schema\/logo\/image\/","url":"https:\/\/exceladvisor.org\/pt\/wp-content\/uploads\/2023\/12\/exceladvisor.org_.png","contentUrl":"https:\/\/exceladvisor.org\/pt\/wp-content\/uploads\/2023\/12\/exceladvisor.org_.png","width":105,"height":36,"caption":"Excel Advisor"},"image":{"@id":"https:\/\/exceladvisor.org\/pt\/#\/schema\/logo\/image\/"}}]}},"yoast_meta":{"yoast_wpseo_title":"","yoast_wpseo_metadesc":"","yoast_wpseo_canonical":""},"_links":{"self":[{"href":"https:\/\/exceladvisor.org\/pt\/wp-json\/wp\/v2\/pages\/423","targetHints":{"allow":["GET"]}}],"collection":[{"href":"https:\/\/exceladvisor.org\/pt\/wp-json\/wp\/v2\/pages"}],"about":[{"href":"https:\/\/exceladvisor.org\/pt\/wp-json\/wp\/v2\/types\/page"}],"author":[{"embeddable":true,"href":"https:\/\/exceladvisor.org\/pt\/wp-json\/wp\/v2\/users\/1"}],"replies":[{"embeddable":true,"href":"https:\/\/exceladvisor.org\/pt\/wp-json\/wp\/v2\/comments?post=423"}],"version-history":[{"count":1,"href":"https:\/\/exceladvisor.org\/pt\/wp-json\/wp\/v2\/pages\/423\/revisions"}],"predecessor-version":[{"id":850,"href":"https:\/\/exceladvisor.org\/pt\/wp-json\/wp\/v2\/pages\/423\/revisions\/850"}],"wp:attachment":[{"href":"https:\/\/exceladvisor.org\/pt\/wp-json\/wp\/v2\/media?parent=423"}],"curies":[{"name":"wp","href":"https:\/\/api.w.org\/{rel}","templated":true}]}}