{"id":424,"date":"2023-10-29T07:46:09","date_gmt":"2023-10-29T07:46:09","guid":{"rendered":"https:\/\/exceladvisor.org\/pt\/papel-grafico\/"},"modified":"2023-12-06T11:38:01","modified_gmt":"2023-12-06T11:38:01","slug":"papel-grafico","status":"publish","type":"page","link":"https:\/\/exceladvisor.org\/pt\/papel-grafico\/","title":{"rendered":"Como imprimir papel milimetrado no excel?"},"content":{"rendered":"<div class=\"excel-before-content-2\" id=\"excel-523889109\"><script type=\"text\/javascript\">\r\n\tatOptions = {\r\n\t\t'key' : 'c1158f160081d6540a8409e6925dab94',\r\n\t\t'format' : 'iframe',\r\n\t\t'height' : 250,\r\n\t\t'width' : 300,\r\n\t\t'params' : {}\r\n\t};\r\n<\/script>\r\n<script type=\"text\/javascript\" src=\"\/\/www.highperformanceformat.com\/c1158f160081d6540a8409e6925dab94\/invoke.js\"><\/script><\/div><div class=\"excel-before-content\" id=\"excel-3664772797\"><script type=\"text\/javascript\">\r\n\tatOptions = {\r\n\t\t'key' : 'c1158f160081d6540a8409e6925dab94',\r\n\t\t'format' : 'iframe',\r\n\t\t'height' : 250,\r\n\t\t'width' : 300,\r\n\t\t'params' : {}\r\n\t};\r\n<\/script>\r\n<script type=\"text\/javascript\" src=\"\/\/www.highperformanceformat.com\/c1158f160081d6540a8409e6925dab94\/invoke.js\"><\/script><\/div> <p>No Excel, voc\u00ea pode criar papel milimetrado e imprimir uma c\u00f3pia para usar posteriormente. Neste tutorial aprenderemos como criar este modelo usando etapas simples e f\u00e1ceis de seguir. Neste modelo de papel milimetrado, voc\u00ea ter\u00e1 pequenas caixas quadradas (com a mesma altura e largura). <\/p><div class=\"wp-block-image\"><figure class=\"aligncenter size-full is-resized\"><img loading=\"lazy\" decoding=\"async\" class=\"wp-image-72679\" src=\"https:\/\/exceladvisor.org\/wp-content\/uploads\/2023\/08\/1-imprimer-un-papier-millimetre.png\" sizes=\"auto, \" srcset=\"\" alt=\"imprimir um papel gr\u00e1fico\" width=\"582\" height=\"341\"><\/figure><\/div><h2 class=\"wp-block-heading\"> Crie um papel milimetrado no Excel<\/h2><ol><li> Primeiro, clique no canto superior direito da planilha ou use o <a href=\"https:\/\/exceladvisor.org\/pt\/atalhos-do-teclado\/\">atalho de teclado<\/a> Crtl + A para selecionar todas as c\u00e9lulas. <br><img loading=\"lazy\" decoding=\"async\" title=\"2-canto superior direito da planilha\" src=\"https:\/\/exceladvisor.org\/wp-content\/uploads\/2023\/08\/2-coin-superieur-droit-de-la-feuille-de-calcul.png\" sizes=\"auto, \" srcset=\"\" alt=\"top-right-corner-of-worksheet\" width=\"362\" height=\"442\"><\/li><li> V\u00e1 para a guia \u201cHome\u201d e no grupo C\u00e9lulas, clique no menu suspenso Formato. <br><img loading=\"lazy\" decoding=\"async\" title=\"Lista suspensa de 3 formatos\" src=\"https:\/\/exceladvisor.org\/wp-content\/uploads\/2023\/08\/3-formats-deroulants.png\" sizes=\"auto, \" srcset=\"\" alt=\"format-dropdown\" width=\"432\" height=\"168\"><\/li><li> A partir da\u00ed, clique na op\u00e7\u00e3o \u201cLargura da coluna\u201d. <br><img loading=\"lazy\" decoding=\"async\" title=\"Largura de 4 colunas de sele\u00e7\u00e3o\" src=\"https:\/\/exceladvisor.org\/wp-content\/uploads\/2023\/08\/4-selectionnez-la-largeur-de-la-colonne.png\" sizes=\"auto, \" srcset=\"\" alt=\"select-the-column-width\" width=\"279\" height=\"298\"><\/li><li> E na largura da coluna, digite \u201c3\u201d e clique em OK para salvar. <br><img loading=\"lazy\" decoding=\"async\" title=\"Largura de 5 colunas\" src=\"https:\/\/exceladvisor.org\/wp-content\/uploads\/2023\/08\/5-entrez-la-largeur-de-la-colonne.png\" sizes=\"auto, \" srcset=\"\" alt=\"enter-the-column-width\" width=\"248\" height=\"135\"><\/li><li> Agora voc\u00ea tem caixas que parecem papel milimetrado em sua planilha. <br><img loading=\"lazy\" decoding=\"async\" title=\"6 caixas de papel milimetrado\" src=\"https:\/\/exceladvisor.org\/wp-content\/uploads\/2023\/08\/6-papier-millimetre-comme-des-boites.png\" sizes=\"auto, \" srcset=\"\" alt=\"graph-paper-like-boxes\" width=\"600\" height=\"290\"><\/li><li> Pressione <a href=\"https:\/\/exceladvisor.org\/pt\/visualizacao-de-impressao-1\/\">Crtl + P para abrir a visualiza\u00e7\u00e3o da impress\u00e3o<\/a> e clique em \u201cConfigurar p\u00e1gina\u201d. <br><img loading=\"lazy\" decoding=\"async\" title=\"Configura\u00e7\u00e3o de 7 p\u00e1ginas\" src=\"https:\/\/exceladvisor.org\/wp-content\/uploads\/2023\/08\/Configuration-de-7-pages.png\" sizes=\"auto, \" srcset=\"\" alt=\"page-setup\" width=\"303\" height=\"434\"><\/li><li> Em seguida, em Configura\u00e7\u00e3o de p\u00e1gina, v\u00e1 para a guia Margem e defina <a href=\"https:\/\/exceladvisor.org\/pt\/adicionar-um-cabecalho-de-rodape\/\">Cabe\u00e7alho e rodap\u00e9<\/a> como 0, Margens superior, inferior, esquerda e direita como 0 ou 0,5. <br><img loading=\"lazy\" decoding=\"async\" title=\"8-make-header-and-footer-0\" src=\"https:\/\/exceladvisor.org\/wp-content\/uploads\/2023\/08\/8-faire-en-tete-et-pied-de-page-0.png\" sizes=\"auto, \" srcset=\"\" alt=\"make-header-and-footer-0\" width=\"536\" height=\"517\"><\/li><li> Clique em ambas as caixas de sele\u00e7\u00e3o <a href=\"https:\/\/exceladvisor.org\/pt\/centralize-a-planilha-horizontalmente\/\">(Horizontal e Vertical) em \u201cCentralizar na p\u00e1gina\u201d<\/a> . <br><img loading=\"lazy\" decoding=\"async\" title=\"9 op\u00e7\u00f5es de sele\u00e7\u00e3o horizontal e vertical\" src=\"https:\/\/exceladvisor.org\/wp-content\/uploads\/2023\/08\/9-selectionner-les-options-horizontales-et-verticales.png\" sizes=\"auto, \" srcset=\"\" alt=\"select-horizontal-and-vertical-options\" width=\"535\" height=\"516\"><\/li><li> Em seguida, v\u00e1 para a guia \u201cFolha\u201d na caixa de di\u00e1logo de configura\u00e7\u00e3o da p\u00e1gina e, no grupo \u201cImprimir\u201d, marque a caixa \u201cLinhas de grade\u201d para <a href=\"https:\/\/exceladvisor.org\/pt\/a-grade\/\">imprimir as linhas de grade<\/a> e clique em OK para salvar. <br><img loading=\"lazy\" decoding=\"async\" title=\"10 linhas de grade\" src=\"https:\/\/exceladvisor.org\/wp-content\/uploads\/2023\/08\/10-cochez-les-lignes-de-la-grille.png\" sizes=\"auto, \" srcset=\"\" alt=\"tickmark-the-gridlines\" width=\"538\" height=\"518\"><\/li><\/ol><p> Neste ponto, toda a configura\u00e7\u00e3o est\u00e1 conclu\u00edda e o pr\u00f3ximo passo \u00e9 imprimir o papel milimetrado.<\/p><h2 class=\"wp-block-heading\"> Imprimir papel milimetrado no Excel<\/h2><p> Embora tenhamos definido todas as configura\u00e7\u00f5es, nossa planilha ainda est\u00e1 em branco e o Excel n\u00e3o imprimir\u00e1 uma planilha em branco. Portanto, precisamos adicionar espa\u00e7os em branco a uma \u00fanica p\u00e1gina para que funcione durante a impress\u00e3o.<\/p><ol><li> Primeiro, v\u00e1 at\u00e9 a visualiza\u00e7\u00e3o e clique no bot\u00e3o \u201cLayout\u201d. <br><img loading=\"lazy\" decoding=\"async\" title=\"Layout em 11 cliques\" src=\"https:\/\/exceladvisor.org\/wp-content\/uploads\/2023\/08\/11-clic-sur-mise-en-page.png\" sizes=\"auto, \" srcset=\"\" alt=\"click-on-page-layout\" width=\"752\" height=\"349\"><\/li><li> Agora insira um espa\u00e7o na primeira c\u00e9lula e <a href=\"https:\/\/exceladvisor.org\/pt\/copiar-colar\/\">copie e cole<\/a> esse espa\u00e7o nas c\u00e9lulas que voc\u00ea possui na \u00fanica p\u00e1gina. <br><img loading=\"lazy\" decoding=\"async\" title=\"12-insira-um-espa\u00e7o-na-primeira-c\u00e9lula\" src=\"https:\/\/exceladvisor.org\/wp-content\/uploads\/2023\/08\/12-entrer-un-espace-dans-la-premiere-cellule.png\" sizes=\"auto, \" srcset=\"\" alt=\"enter-a-space-in-first-cell\" width=\"791\" height=\"278\"><\/li><li> Volte para a guia \u201cVisualizar\u201d e o bot\u00e3o de visualiza\u00e7\u00e3o \u201cNormal\u201d a partir da\u00ed. <br><img loading=\"lazy\" decoding=\"async\" title=\"13-mudar para visualiza\u00e7\u00e3o normal\" src=\"https:\/\/exceladvisor.org\/wp-content\/uploads\/2023\/08\/13-aller-a-la-vue-normale.png\" sizes=\"auto, \" srcset=\"\" alt=\"go-to-normal-view\" width=\"388\" height=\"225\"><\/li><li> Ao final, volte para a op\u00e7\u00e3o de impress\u00e3o Arquivo e Guia para ver a visualiza\u00e7\u00e3o da impress\u00e3o, ou apenas use a tecla de atalho Crtl + P para verificar a visualiza\u00e7\u00e3o da impress\u00e3o. <br><img loading=\"lazy\" decoding=\"async\" title=\"14-veja a pr\u00e9via\" src=\"https:\/\/exceladvisor.org\/wp-content\/uploads\/2023\/08\/14-voir-lapercu-avant-impression.png\" sizes=\"auto, \" srcset=\"\" alt=\"see-the-print-preview\" width=\"530\" height=\"634\"><\/li><\/ol><p> E depois de pressionar o bot\u00e3o de impress\u00e3o, voc\u00ea obter\u00e1 uma impress\u00e3o do papel milimetrado como acima. Voc\u00ea tamb\u00e9m pode salvar um arquivo PDF de sua pasta de trabalho do Excel (Arquivo \u21e2 Exportar \u21e2 Criar formato PDF\/XPS \u21e2 Criar formato PDF\/XPS). <\/p><div class=\"wp-block-image\"><figure class=\"aligncenter size-full is-resized\"><img loading=\"lazy\" decoding=\"async\" class=\"wp-image-72693\" src=\"https:\/\/exceladvisor.org\/wp-content\/uploads\/2023\/08\/15-enregistrer-le-fichier-au-format-pdf.png\" sizes=\"auto, \" srcset=\"\" alt=\"salve o arquivo em formato pdf\" width=\"668\" height=\"336\"><\/figure><\/div><div class=\"gb-container gb-container-4db6181c gb-container-mt\"> <a class=\"gb-button gb-button-c5897111 gb-button-text gb-button-mt-button\" href=\"https:\/\/exceladvisor.org\/pt\/excel-avancado\/\">Tutorial Excel Avan\u00e7ado<\/a><h2 class=\"gb-headline gb-headline-665e5f6b gb-headline-text gb-headline-mt-heading\"> Tutoriais relacionados <\/h2><div class=\"gb-grid-wrapper gb-grid-wrapper-a20baf7c gb-grid-wrapper-mt-grid\"><div class=\"gb-grid-column gb-grid-column-65ddf67e\"><div class=\"gb-container gb-container-65ddf67e\"><ul><li> <a href=\"https:\/\/exceladvisor.org\/pt\/imprimir-titulos\/\">Aplicar t\u00edtulos de impress\u00e3o no Excel (defina a linha 1 para imprimir em todas as p\u00e1ginas)<\/a><\/li><li> <a href=\"https:\/\/exceladvisor.org\/pt\/remover-quebra-de-pagina\/\">Remover quebra de p\u00e1gina no Excel<\/a><\/li><li> <a href=\"https:\/\/exceladvisor.org\/pt\/definir-area-de-impressao\/\">Definir \u00e1rea de impress\u00e3o no Excel<\/a><\/li><li> <a href=\"https:\/\/exceladvisor.org\/pt\/centralize-a-planilha-horizontalmente\/\">Centralize uma planilha horizontal e verticalmente no Excel<\/a> <\/li><\/ul><\/div><\/div><div class=\"gb-grid-column gb-grid-column-50067b57\"><div class=\"gb-container gb-container-50067b57\"><\/div><\/div><\/div><\/div>","protected":false},"excerpt":{"rendered":"","protected":false},"author":1,"featured_media":0,"parent":0,"menu_order":0,"comment_status":"open","ping_status":"closed","template":"","meta":{"ub_ctt_via":"","footnotes":""},"class_list":["post-424","page","type-page","status-publish","hentry"],"featured_image_src":null,"yoast_head":"<!-- This site is optimized with the Yoast SEO plugin v25.4 - https:\/\/yoast.com\/wordpress\/plugins\/seo\/ -->\n<title>\u25b7 Como imprimir papel milimetrado no Excel?<\/title>\n<meta name=\"description\" content=\"Neste tutorial, aprenderemos como criar um papel milimetrado no Excel usando pequenas caixas quadradas.\" \/>\n<meta name=\"robots\" content=\"index, follow, max-snippet:-1, max-image-preview:large, max-video-preview:-1\" \/>\n<link rel=\"canonical\" href=\"https:\/\/exceladvisor.org\/pt\/papel-grafico\/\" \/>\n<meta property=\"og:locale\" content=\"pt_PT\" \/>\n<meta property=\"og:type\" content=\"article\" \/>\n<meta property=\"og:title\" content=\"\u25b7 Como imprimir papel milimetrado no Excel?\" \/>\n<meta property=\"og:description\" content=\"Neste tutorial, aprenderemos como criar um papel milimetrado no Excel usando pequenas caixas quadradas.\" \/>\n<meta property=\"og:url\" content=\"https:\/\/exceladvisor.org\/pt\/papel-grafico\/\" \/>\n<meta property=\"og:site_name\" content=\"Excel Advisor\" \/>\n<meta property=\"article:modified_time\" content=\"2023-12-06T11:38:01+00:00\" \/>\n<meta property=\"og:image\" content=\"https:\/\/exceladvisor.org\/wp-content\/uploads\/2023\/08\/1-imprimer-un-papier-millimetre.png\" \/>\n<meta name=\"twitter:card\" content=\"summary_large_image\" \/>\n<meta name=\"twitter:label1\" content=\"Tempo estimado de leitura\" \/>\n\t<meta name=\"twitter:data1\" content=\"2 minutos\" \/>\n<script type=\"application\/ld+json\" class=\"yoast-schema-graph\">{\"@context\":\"https:\/\/schema.org\",\"@graph\":[{\"@type\":\"WebPage\",\"@id\":\"https:\/\/exceladvisor.org\/pt\/papel-grafico\/\",\"url\":\"https:\/\/exceladvisor.org\/pt\/papel-grafico\/\",\"name\":\"\u25b7 Como imprimir papel milimetrado no Excel?\",\"isPartOf\":{\"@id\":\"https:\/\/exceladvisor.org\/pt\/#website\"},\"primaryImageOfPage\":{\"@id\":\"https:\/\/exceladvisor.org\/pt\/papel-grafico\/#primaryimage\"},\"image\":{\"@id\":\"https:\/\/exceladvisor.org\/pt\/papel-grafico\/#primaryimage\"},\"thumbnailUrl\":\"https:\/\/exceladvisor.org\/wp-content\/uploads\/2023\/08\/1-imprimer-un-papier-millimetre.png\",\"datePublished\":\"2023-10-29T07:46:09+00:00\",\"dateModified\":\"2023-12-06T11:38:01+00:00\",\"description\":\"Neste tutorial, aprenderemos como criar um papel milimetrado no Excel usando pequenas caixas quadradas.\",\"breadcrumb\":{\"@id\":\"https:\/\/exceladvisor.org\/pt\/papel-grafico\/#breadcrumb\"},\"inLanguage\":\"pt-PT\",\"potentialAction\":[{\"@type\":\"ReadAction\",\"target\":[\"https:\/\/exceladvisor.org\/pt\/papel-grafico\/\"]}]},{\"@type\":\"ImageObject\",\"inLanguage\":\"pt-PT\",\"@id\":\"https:\/\/exceladvisor.org\/pt\/papel-grafico\/#primaryimage\",\"url\":\"https:\/\/exceladvisor.org\/wp-content\/uploads\/2023\/08\/1-imprimer-un-papier-millimetre.png\",\"contentUrl\":\"https:\/\/exceladvisor.org\/wp-content\/uploads\/2023\/08\/1-imprimer-un-papier-millimetre.png\"},{\"@type\":\"BreadcrumbList\",\"@id\":\"https:\/\/exceladvisor.org\/pt\/papel-grafico\/#breadcrumb\",\"itemListElement\":[{\"@type\":\"ListItem\",\"position\":1,\"name\":\"Lar\",\"item\":\"https:\/\/exceladvisor.org\/pt\/\"},{\"@type\":\"ListItem\",\"position\":2,\"name\":\"Como imprimir papel milimetrado no excel?\"}]},{\"@type\":\"WebSite\",\"@id\":\"https:\/\/exceladvisor.org\/pt\/#website\",\"url\":\"https:\/\/exceladvisor.org\/pt\/\",\"name\":\"Excel Advisor\",\"description\":\"O seu guia definitivo para dominar os dados!\",\"publisher\":{\"@id\":\"https:\/\/exceladvisor.org\/pt\/#organization\"},\"potentialAction\":[{\"@type\":\"SearchAction\",\"target\":{\"@type\":\"EntryPoint\",\"urlTemplate\":\"https:\/\/exceladvisor.org\/pt\/?s={search_term_string}\"},\"query-input\":{\"@type\":\"PropertyValueSpecification\",\"valueRequired\":true,\"valueName\":\"search_term_string\"}}],\"inLanguage\":\"pt-PT\"},{\"@type\":\"Organization\",\"@id\":\"https:\/\/exceladvisor.org\/pt\/#organization\",\"name\":\"Excel Advisor\",\"url\":\"https:\/\/exceladvisor.org\/pt\/\",\"logo\":{\"@type\":\"ImageObject\",\"inLanguage\":\"pt-PT\",\"@id\":\"https:\/\/exceladvisor.org\/pt\/#\/schema\/logo\/image\/\",\"url\":\"https:\/\/exceladvisor.org\/pt\/wp-content\/uploads\/2023\/12\/exceladvisor.org_.png\",\"contentUrl\":\"https:\/\/exceladvisor.org\/pt\/wp-content\/uploads\/2023\/12\/exceladvisor.org_.png\",\"width\":105,\"height\":36,\"caption\":\"Excel Advisor\"},\"image\":{\"@id\":\"https:\/\/exceladvisor.org\/pt\/#\/schema\/logo\/image\/\"}}]}<\/script>\n<!-- \/ Yoast SEO plugin. -->","yoast_head_json":{"title":"\u25b7 Como imprimir papel milimetrado no Excel?","description":"Neste tutorial, aprenderemos como criar um papel milimetrado no Excel usando pequenas caixas quadradas.","robots":{"index":"index","follow":"follow","max-snippet":"max-snippet:-1","max-image-preview":"max-image-preview:large","max-video-preview":"max-video-preview:-1"},"canonical":"https:\/\/exceladvisor.org\/pt\/papel-grafico\/","og_locale":"pt_PT","og_type":"article","og_title":"\u25b7 Como imprimir papel milimetrado no Excel?","og_description":"Neste tutorial, aprenderemos como criar um papel milimetrado no Excel usando pequenas caixas quadradas.","og_url":"https:\/\/exceladvisor.org\/pt\/papel-grafico\/","og_site_name":"Excel Advisor","article_modified_time":"2023-12-06T11:38:01+00:00","og_image":[{"url":"https:\/\/exceladvisor.org\/wp-content\/uploads\/2023\/08\/1-imprimer-un-papier-millimetre.png","type":"","width":"","height":""}],"twitter_card":"summary_large_image","twitter_misc":{"Tempo estimado de leitura":"2 minutos"},"schema":{"@context":"https:\/\/schema.org","@graph":[{"@type":"WebPage","@id":"https:\/\/exceladvisor.org\/pt\/papel-grafico\/","url":"https:\/\/exceladvisor.org\/pt\/papel-grafico\/","name":"\u25b7 Como imprimir papel milimetrado no Excel?","isPartOf":{"@id":"https:\/\/exceladvisor.org\/pt\/#website"},"primaryImageOfPage":{"@id":"https:\/\/exceladvisor.org\/pt\/papel-grafico\/#primaryimage"},"image":{"@id":"https:\/\/exceladvisor.org\/pt\/papel-grafico\/#primaryimage"},"thumbnailUrl":"https:\/\/exceladvisor.org\/wp-content\/uploads\/2023\/08\/1-imprimer-un-papier-millimetre.png","datePublished":"2023-10-29T07:46:09+00:00","dateModified":"2023-12-06T11:38:01+00:00","description":"Neste tutorial, aprenderemos como criar um papel milimetrado no Excel usando pequenas caixas quadradas.","breadcrumb":{"@id":"https:\/\/exceladvisor.org\/pt\/papel-grafico\/#breadcrumb"},"inLanguage":"pt-PT","potentialAction":[{"@type":"ReadAction","target":["https:\/\/exceladvisor.org\/pt\/papel-grafico\/"]}]},{"@type":"ImageObject","inLanguage":"pt-PT","@id":"https:\/\/exceladvisor.org\/pt\/papel-grafico\/#primaryimage","url":"https:\/\/exceladvisor.org\/wp-content\/uploads\/2023\/08\/1-imprimer-un-papier-millimetre.png","contentUrl":"https:\/\/exceladvisor.org\/wp-content\/uploads\/2023\/08\/1-imprimer-un-papier-millimetre.png"},{"@type":"BreadcrumbList","@id":"https:\/\/exceladvisor.org\/pt\/papel-grafico\/#breadcrumb","itemListElement":[{"@type":"ListItem","position":1,"name":"Lar","item":"https:\/\/exceladvisor.org\/pt\/"},{"@type":"ListItem","position":2,"name":"Como imprimir papel milimetrado no excel?"}]},{"@type":"WebSite","@id":"https:\/\/exceladvisor.org\/pt\/#website","url":"https:\/\/exceladvisor.org\/pt\/","name":"Excel Advisor","description":"O seu guia definitivo para dominar os dados!","publisher":{"@id":"https:\/\/exceladvisor.org\/pt\/#organization"},"potentialAction":[{"@type":"SearchAction","target":{"@type":"EntryPoint","urlTemplate":"https:\/\/exceladvisor.org\/pt\/?s={search_term_string}"},"query-input":{"@type":"PropertyValueSpecification","valueRequired":true,"valueName":"search_term_string"}}],"inLanguage":"pt-PT"},{"@type":"Organization","@id":"https:\/\/exceladvisor.org\/pt\/#organization","name":"Excel Advisor","url":"https:\/\/exceladvisor.org\/pt\/","logo":{"@type":"ImageObject","inLanguage":"pt-PT","@id":"https:\/\/exceladvisor.org\/pt\/#\/schema\/logo\/image\/","url":"https:\/\/exceladvisor.org\/pt\/wp-content\/uploads\/2023\/12\/exceladvisor.org_.png","contentUrl":"https:\/\/exceladvisor.org\/pt\/wp-content\/uploads\/2023\/12\/exceladvisor.org_.png","width":105,"height":36,"caption":"Excel Advisor"},"image":{"@id":"https:\/\/exceladvisor.org\/pt\/#\/schema\/logo\/image\/"}}]}},"yoast_meta":{"yoast_wpseo_title":"","yoast_wpseo_metadesc":"","yoast_wpseo_canonical":""},"_links":{"self":[{"href":"https:\/\/exceladvisor.org\/pt\/wp-json\/wp\/v2\/pages\/424","targetHints":{"allow":["GET"]}}],"collection":[{"href":"https:\/\/exceladvisor.org\/pt\/wp-json\/wp\/v2\/pages"}],"about":[{"href":"https:\/\/exceladvisor.org\/pt\/wp-json\/wp\/v2\/types\/page"}],"author":[{"embeddable":true,"href":"https:\/\/exceladvisor.org\/pt\/wp-json\/wp\/v2\/users\/1"}],"replies":[{"embeddable":true,"href":"https:\/\/exceladvisor.org\/pt\/wp-json\/wp\/v2\/comments?post=424"}],"version-history":[{"count":1,"href":"https:\/\/exceladvisor.org\/pt\/wp-json\/wp\/v2\/pages\/424\/revisions"}],"predecessor-version":[{"id":1089,"href":"https:\/\/exceladvisor.org\/pt\/wp-json\/wp\/v2\/pages\/424\/revisions\/1089"}],"wp:attachment":[{"href":"https:\/\/exceladvisor.org\/pt\/wp-json\/wp\/v2\/media?parent=424"}],"curies":[{"name":"wp","href":"https:\/\/api.w.org\/{rel}","templated":true}]}}