{"id":425,"date":"2023-10-29T07:33:14","date_gmt":"2023-10-29T07:33:14","guid":{"rendered":"https:\/\/exceladvisor.org\/pt\/ampliacao\/"},"modified":"2023-12-06T11:34:56","modified_gmt":"2023-12-06T11:34:56","slug":"ampliacao","status":"publish","type":"page","link":"https:\/\/exceladvisor.org\/pt\/ampliacao\/","title":{"rendered":"Como aumentar\/diminuir zoom no excel?"},"content":{"rendered":"<div class=\"excel-before-content-2\" id=\"excel-3957583666\"><script type=\"text\/javascript\">\r\n\tatOptions = {\r\n\t\t'key' : 'c1158f160081d6540a8409e6925dab94',\r\n\t\t'format' : 'iframe',\r\n\t\t'height' : 250,\r\n\t\t'width' : 300,\r\n\t\t'params' : {}\r\n\t};\r\n<\/script>\r\n<script type=\"text\/javascript\" src=\"\/\/www.highperformanceformat.com\/c1158f160081d6540a8409e6925dab94\/invoke.js\"><\/script><\/div><div class=\"excel-before-content\" id=\"excel-2093371186\"><script type=\"text\/javascript\">\r\n\tatOptions = {\r\n\t\t'key' : 'c1158f160081d6540a8409e6925dab94',\r\n\t\t'format' : 'iframe',\r\n\t\t'height' : 250,\r\n\t\t'width' : 300,\r\n\t\t'params' : {}\r\n\t};\r\n<\/script>\r\n<script type=\"text\/javascript\" src=\"\/\/www.highperformanceformat.com\/c1158f160081d6540a8409e6925dab94\/invoke.js\"><\/script><\/div> <p>Ao trabalhar com dados no Excel, pode ser necess\u00e1rio examin\u00e1-los mais de perto ou talvez queira examinar um grande conjunto de dados na janela do Excel. Neste cen\u00e1rio, voc\u00ea precisa usar as op\u00e7\u00f5es Mais zoom e Menos zoom.<\/p><p> Neste tutorial, veremos ambas as op\u00e7\u00f5es de zoom em detalhes.<\/p><h2 class=\"wp-block-heading\"> Etapas para aumentar e diminuir o zoom na faixa de op\u00e7\u00f5es<\/h2><p> No Excel, voc\u00ea pode facilmente aumentar e diminuir o zoom da planilha usando a guia Exibir. Para fazer isso, siga as etapas abaixo.<\/p><ol><li> Primeiro, v\u00e1 para a guia \u201cExibir\u201d na faixa de op\u00e7\u00f5es e clique no grupo Zoom. <br><img loading=\"lazy\" decoding=\"async\" title=\"1 guia de visualiza\u00e7\u00e3o\" src=\"https:\/\/exceladvisor.org\/wp-content\/uploads\/2023\/08\/1-onglet-de-vue.png\" sizes=\"auto, \" srcset=\"\" alt=\"view-tab\" width=\"577\" height=\"121\"><\/li><li> Depois disso, clique em <strong>Zoom<\/strong> e abrir\u00e1 a caixa de di\u00e1logo da planilha. Neste caso, voc\u00ea pode escolher qualquer op\u00e7\u00e3o de porcentagem existente ou selecionar a <strong>op\u00e7\u00e3o Personalizada<\/strong> para inserir a porcentagem desejada. <br><img loading=\"lazy\" decoding=\"async\" title=\"\u00edcone de zoom em 2 cliques\" src=\"https:\/\/exceladvisor.org\/wp-content\/uploads\/2023\/08\/icone-zoom-2-clics.png\" sizes=\"auto, \" srcset=\"\" alt=\"click-zoom-icon\" width=\"238\" height=\"384\"><\/li><li> Depois de selecionar a porcentagem, clique em OK para aplic\u00e1-la. <br><img loading=\"lazy\" decoding=\"async\" title=\"Porcentagem de zoom de 3 sele\u00e7\u00f5es\" src=\"https:\/\/exceladvisor.org\/wp-content\/uploads\/2023\/08\/3-selectionnez-le-pourcentage-de-zoom.png\" sizes=\"auto, \" srcset=\"\" alt=\"select-the-zoom-percentage\" width=\"469\" height=\"287\"><\/li><li> A <strong>segunda op\u00e7\u00e3o \u00e9 100%<\/strong> , que ajuda voc\u00ea a ampliar sua planilha para 100% com apenas um clique. <br><img loading=\"lazy\" decoding=\"async\" title=\"Op\u00e7\u00e3o de zoom 4-100_\" src=\"https:\/\/exceladvisor.org\/wp-content\/uploads\/2023\/08\/4-Option-zoom-100_.png\" sizes=\"auto, \" srcset=\"\" alt=\"100_-zoom-option\" width=\"380\" height=\"304\"><\/li><\/ol><h2 class=\"wp-block-heading\"> Zoom na sele\u00e7\u00e3o<\/h2><p> No Excel, esta fun\u00e7\u00e3o \u00e9 usada para ampliar a planilha porque <strong>o intervalo de c\u00e9lulas selecionado<\/strong> preenche toda a janela. Gra\u00e7as a isso, voc\u00ea pode focar facilmente em uma \u00e1rea espec\u00edfica da folha. Agora siga as etapas abaixo.<\/p><ol><li> Primeiro, <strong>selecione a c\u00e9lula<\/strong> ou intervalo de c\u00e9lulas que deseja focar. <br><img loading=\"lazy\" decoding=\"async\" title=\"5 sele\u00e7\u00e3o de intervalo de c\u00e9lulas\" src=\"https:\/\/exceladvisor.org\/wp-content\/uploads\/2023\/08\/5-selectionner-une-plage-de-cellules.png\" sizes=\"auto, \" srcset=\"\" alt=\"select-range-of-cells\" width=\"331\" height=\"283\"><\/li><li> Em seguida, clique na op\u00e7\u00e3o <strong>\u201cZoom to Selection\u201d<\/strong> no grupo de zoom. <br><img loading=\"lazy\" decoding=\"async\" title=\"6 \u00edcones de zoom na sele\u00e7\u00e3o\" src=\"https:\/\/exceladvisor.org\/wp-content\/uploads\/2023\/08\/6-zoom-sur-licone-de-selection.png\" sizes=\"auto, \" srcset=\"\" alt=\"zoom-to-selection-icon\" width=\"177\" height=\"119\"><\/li><li> Agora o intervalo de c\u00e9lulas selecionado cobrir\u00e1 toda a janela e voc\u00ea pode ver isso na imagem a seguir. <br><img loading=\"lazy\" decoding=\"async\" title=\"7 c\u00e9lulas selecionadas com zoom\" src=\"https:\/\/exceladvisor.org\/wp-content\/uploads\/2023\/08\/7-cellules-selectionnees-agrandies.png\" sizes=\"auto, \" srcset=\"\" alt=\"select-cells-zoomed\" width=\"508\" height=\"129\"><\/li><\/ol><h2 class=\"wp-block-heading\"> Aumente e diminua o zoom usando o mouse<\/h2><p> Outro m\u00e9todo para aumentar e diminuir o zoom \u00e9 usar o mouse. Voc\u00ea simplesmente precisa manter pressionada a tecla CTRL no teclado e rolar a roda do mouse para frente para aumentar o zoom e para tr\u00e1s para diminuir o zoom na planilha do Excel. <\/p><div class=\"wp-block-image\"><figure class=\"aligncenter size-full is-resized\"><img loading=\"lazy\" decoding=\"async\" class=\"wp-image-75267\" src=\"https:\/\/exceladvisor.org\/wp-content\/uploads\/2023\/08\/8-zoom-avant-a-laide-de-la-souris.png\" sizes=\"auto, \" srcset=\"\" alt=\"ampliar com o mouse\" width=\"213\" height=\"140\"><\/figure><\/div><p class=\"content-box-green\"> Ele permite aumentar ou diminuir em 15% com uma \u00fanica rolagem.<\/p><h2 class=\"wp-block-heading\"> Atalho de teclado para aumentar e diminuir o zoom<\/h2><p> Aqui <a href=\"https:\/\/exceladvisor.org\/pt\/atalhos-do-teclado\/\">, fornecemos as teclas de atalho do teclado<\/a> para aumentar e diminuir rapidamente o zoom na planilha. Agora as teclas de atalho s\u00e3o:<\/p><ol><li> <strong>Ampliar:<\/strong> <kbd class=\"dark\">CTRL<\/kbd> + <kbd class=\"dark\">ALT<\/kbd> <kbd class=\"dark\">++<\/kbd> <br><img loading=\"lazy\" decoding=\"async\" title=\"9 zoom usando o teclado\" src=\"https:\/\/exceladvisor.org\/wp-content\/uploads\/2023\/08\/9-zoom-avant-a-laide-du-clavier.png\" sizes=\"auto, \" srcset=\"\" alt=\"zoom-in-using-keyboard\" width=\"592\" height=\"195\"><\/li><li> <strong>Diminuir zoom:<\/strong> <kbd class=\"dark\">CTRL<\/kbd> + <code>ALT<\/code> + <code>-<\/code> <br><img loading=\"lazy\" decoding=\"async\" title=\"10 zoom-out usando o teclado\" src=\"https:\/\/exceladvisor.org\/wp-content\/uploads\/2023\/08\/10-zoom-arriere-a-laide-du-clavier.png\" sizes=\"auto, \" srcset=\"\" alt=\"zoom-out-using-keyboard\" width=\"589\" height=\"194\"><\/li><\/ol><h2 class=\"wp-block-heading\"> Aumentar e diminuir o zoom atrav\u00e9s do controle deslizante<\/h2><p> Esta \u00e9 a <a href=\"https:\/\/exceladvisor.org\/pt\/conselho\/\" data-wpil=\"url\">op\u00e7\u00e3o frequentemente usada<\/a> pelos usu\u00e1rios do Excel e est\u00e1 vis\u00edvel no <strong>canto direito da barra de status<\/strong> .<\/p><ol><li> O controle deslizante de zoom possui (-) (+) essas duas teclas que podem ser usadas para \u201cDiminuir zoom\u201d e \u201cAumentar zoom\u201d.<\/li><li> Diminuir zoom \u00e9 usado para reduzir o tamanho da planilha na qual voc\u00ea est\u00e1 trabalhando. Enquanto o Zoom-in ajuda voc\u00ea a observar os dados de perto. <br><img loading=\"lazy\" decoding=\"async\" title=\"11 zoom in-out usando o cursor\" src=\"https:\/\/exceladvisor.org\/wp-content\/uploads\/2023\/08\/11-zoom-avant-a-laide-du-curseur.png\" sizes=\"auto, \" srcset=\"\" alt=\"zoom-in-out-using-slider\" width=\"200\" height=\"102\"><\/li><li> Al\u00e9m disso, voc\u00ea tamb\u00e9m pode ajustar a visibilidade da p\u00e1gina deslizando a <strong>tecla central de zoom<\/strong> para frente e para tr\u00e1s. <br><img loading=\"lazy\" decoding=\"async\" title=\"12 ajustes por bot\u00e3o de zoom central\" src=\"https:\/\/exceladvisor.org\/wp-content\/uploads\/2023\/08\/12-reglage-par-touche-centrale-de-zoom.png\" sizes=\"auto, \" srcset=\"\" alt=\"adjust-by-central-zoom-key\" width=\"201\" height=\"103\"><\/li><\/ol><p class=\"qt-tip\"> <strong>Nota:<\/strong> Aumenta ou diminui em (10%) quando voc\u00ea pressiona os bot\u00f5es de aumentar (-) ou diminuir o zoom (+).<\/p><h2 class=\"wp-block-heading\"> Zoom por porcentagem<\/h2><p> No Excel, a porcentagem de zoom tamb\u00e9m funciona da mesma forma que o controle deslizante de zoom. Ele pode ser visto pr\u00f3ximo ao controle deslizante de zoom no <strong>lado esquerdo da barra de status<\/strong> . <\/p><div class=\"wp-block-image\"><figure class=\"aligncenter size-full is-resized\"><img loading=\"lazy\" decoding=\"async\" class=\"wp-image-75272\" src=\"https:\/\/exceladvisor.org\/wp-content\/uploads\/2023\/08\/13-zoom-par-pourcentage.png\" sizes=\"auto, \" srcset=\"\" alt=\"zoom por porcentagem\" width=\"397\" height=\"36\"><\/figure><\/div><p> Depois de clicar nele, uma caixa de di\u00e1logo de zoom ser\u00e1 exibida e a partir da\u00ed voc\u00ea poder\u00e1 definir a porcentagem de amplia\u00e7\u00e3o da planilha atual em que est\u00e1 trabalhando. <\/p><div class=\"wp-block-image\"><figure class=\"aligncenter size-full is-resized\"><img loading=\"lazy\" decoding=\"async\" class=\"wp-image-75273\" src=\"https:\/\/exceladvisor.org\/wp-content\/uploads\/2023\/08\/14-boite-de-dialogue-de-zoom.png\" sizes=\"auto, \" srcset=\"\" alt=\"caixa de di\u00e1logo de zoom\" width=\"189\" height=\"257\"><\/figure><\/div><h2 class=\"wp-block-heading\"> Aprendizado<\/h2><ul><li> Depois de selecionar a op\u00e7\u00e3o de aumentar ou diminuir o zoom, o zoom aumentar\u00e1 e diminuir\u00e1 apenas na planilha atual, e as outras planilhas permanecer\u00e3o as mesmas.<\/li><li> Se voc\u00ea deseja aumentar e diminuir o zoom em v\u00e1rias planilhas de uma vez. Para fazer isso, voc\u00ea deve primeiro selecionar todas as planilhas e depois usar o atalho de teclado para aumentar ou diminuir o zoom.<\/li><\/ul><div class=\"gb-container gb-container-4db6181c gb-container-mt\"> <a class=\"gb-button gb-button-c5897111 gb-button-text gb-button-mt-button\" href=\"https:\/\/exceladvisor.org\/pt\/nocoes-basicas-de-excel\/\">No\u00e7\u00f5es b\u00e1sicas do Microsoft Excel (componentes, pe\u00e7as e notas de conhecimento)<\/a><h2 class=\"gb-headline gb-headline-665e5f6b gb-headline-text gb-headline-mt-heading\"> Tutoriais relacionados <\/h2><div class=\"gb-grid-wrapper gb-grid-wrapper-a20baf7c gb-grid-wrapper-mt-grid\"><div class=\"gb-grid-column gb-grid-column-65ddf67e\"><div class=\"gb-container gb-container-65ddf67e\"><ul><li> <a href=\"https:\/\/exceladvisor.org\/pt\/justificar-completamente\/\">Preencha Justificar no Excel<\/a><\/li><li> <a href=\"https:\/\/exceladvisor.org\/pt\/barra-de-formulas-do-excel\/\">Barra de f\u00f3rmulas no Excel<\/a><\/li><li> <a href=\"https:\/\/exceladvisor.org\/pt\/adicionar-um-cabecalho-de-rodape\/\">Adicione um cabe\u00e7alho e rodap\u00e9 no Excel<\/a><\/li><li> <a href=\"https:\/\/exceladvisor.org\/pt\/governante\/\">Mostrar r\u00e9gua no Excel<\/a> <\/li><\/ul><\/div><\/div><div class=\"gb-grid-column gb-grid-column-50067b57\"><div class=\"gb-container gb-container-50067b57\"><\/div><\/div><\/div><\/div>","protected":false},"excerpt":{"rendered":"","protected":false},"author":1,"featured_media":0,"parent":0,"menu_order":0,"comment_status":"open","ping_status":"closed","template":"","meta":{"ub_ctt_via":"","footnotes":""},"class_list":["post-425","page","type-page","status-publish","hentry"],"featured_image_src":null,"yoast_head":"<!-- This site is optimized with the Yoast SEO plugin v25.4 - https:\/\/yoast.com\/wordpress\/plugins\/seo\/ -->\n<title>\u25b7 Como aumentar\/diminuir zoom no Excel? (Tutorial 2023)<\/title>\n<meta name=\"description\" content=\"Neste tutorial, aprenderemos como aumentar e diminuir o zoom em uma planilha do Excel usando todos\" \/>\n<meta name=\"robots\" content=\"index, follow, max-snippet:-1, max-image-preview:large, max-video-preview:-1\" \/>\n<link rel=\"canonical\" href=\"https:\/\/exceladvisor.org\/pt\/ampliacao\/\" \/>\n<meta property=\"og:locale\" content=\"pt_PT\" \/>\n<meta property=\"og:type\" content=\"article\" \/>\n<meta property=\"og:title\" content=\"\u25b7 Como aumentar\/diminuir zoom no Excel? (Tutorial 2023)\" \/>\n<meta property=\"og:description\" content=\"Neste tutorial, aprenderemos como aumentar e diminuir o zoom em uma planilha do Excel usando todos\" \/>\n<meta property=\"og:url\" content=\"https:\/\/exceladvisor.org\/pt\/ampliacao\/\" \/>\n<meta property=\"og:site_name\" content=\"Excel Advisor\" \/>\n<meta property=\"article:modified_time\" content=\"2023-12-06T11:34:56+00:00\" \/>\n<meta property=\"og:image\" content=\"https:\/\/exceladvisor.org\/wp-content\/uploads\/2023\/08\/1-onglet-de-vue.png\" \/>\n<meta name=\"twitter:card\" content=\"summary_large_image\" \/>\n<meta name=\"twitter:label1\" content=\"Tempo estimado de leitura\" \/>\n\t<meta name=\"twitter:data1\" content=\"3 minutos\" \/>\n<script type=\"application\/ld+json\" class=\"yoast-schema-graph\">{\"@context\":\"https:\/\/schema.org\",\"@graph\":[{\"@type\":\"WebPage\",\"@id\":\"https:\/\/exceladvisor.org\/pt\/ampliacao\/\",\"url\":\"https:\/\/exceladvisor.org\/pt\/ampliacao\/\",\"name\":\"\u25b7 Como aumentar\/diminuir zoom no Excel? (Tutorial 2023)\",\"isPartOf\":{\"@id\":\"https:\/\/exceladvisor.org\/pt\/#website\"},\"primaryImageOfPage\":{\"@id\":\"https:\/\/exceladvisor.org\/pt\/ampliacao\/#primaryimage\"},\"image\":{\"@id\":\"https:\/\/exceladvisor.org\/pt\/ampliacao\/#primaryimage\"},\"thumbnailUrl\":\"https:\/\/exceladvisor.org\/wp-content\/uploads\/2023\/08\/1-onglet-de-vue.png\",\"datePublished\":\"2023-10-29T07:33:14+00:00\",\"dateModified\":\"2023-12-06T11:34:56+00:00\",\"description\":\"Neste tutorial, aprenderemos como aumentar e diminuir o zoom em uma planilha do Excel usando todos\",\"breadcrumb\":{\"@id\":\"https:\/\/exceladvisor.org\/pt\/ampliacao\/#breadcrumb\"},\"inLanguage\":\"pt-PT\",\"potentialAction\":[{\"@type\":\"ReadAction\",\"target\":[\"https:\/\/exceladvisor.org\/pt\/ampliacao\/\"]}]},{\"@type\":\"ImageObject\",\"inLanguage\":\"pt-PT\",\"@id\":\"https:\/\/exceladvisor.org\/pt\/ampliacao\/#primaryimage\",\"url\":\"https:\/\/exceladvisor.org\/wp-content\/uploads\/2023\/08\/1-onglet-de-vue.png\",\"contentUrl\":\"https:\/\/exceladvisor.org\/wp-content\/uploads\/2023\/08\/1-onglet-de-vue.png\"},{\"@type\":\"BreadcrumbList\",\"@id\":\"https:\/\/exceladvisor.org\/pt\/ampliacao\/#breadcrumb\",\"itemListElement\":[{\"@type\":\"ListItem\",\"position\":1,\"name\":\"Lar\",\"item\":\"https:\/\/exceladvisor.org\/pt\/\"},{\"@type\":\"ListItem\",\"position\":2,\"name\":\"Como aumentar\/diminuir zoom no excel?\"}]},{\"@type\":\"WebSite\",\"@id\":\"https:\/\/exceladvisor.org\/pt\/#website\",\"url\":\"https:\/\/exceladvisor.org\/pt\/\",\"name\":\"Excel Advisor\",\"description\":\"O seu guia definitivo para dominar os dados!\",\"publisher\":{\"@id\":\"https:\/\/exceladvisor.org\/pt\/#organization\"},\"potentialAction\":[{\"@type\":\"SearchAction\",\"target\":{\"@type\":\"EntryPoint\",\"urlTemplate\":\"https:\/\/exceladvisor.org\/pt\/?s={search_term_string}\"},\"query-input\":{\"@type\":\"PropertyValueSpecification\",\"valueRequired\":true,\"valueName\":\"search_term_string\"}}],\"inLanguage\":\"pt-PT\"},{\"@type\":\"Organization\",\"@id\":\"https:\/\/exceladvisor.org\/pt\/#organization\",\"name\":\"Excel Advisor\",\"url\":\"https:\/\/exceladvisor.org\/pt\/\",\"logo\":{\"@type\":\"ImageObject\",\"inLanguage\":\"pt-PT\",\"@id\":\"https:\/\/exceladvisor.org\/pt\/#\/schema\/logo\/image\/\",\"url\":\"https:\/\/exceladvisor.org\/pt\/wp-content\/uploads\/2023\/12\/exceladvisor.org_.png\",\"contentUrl\":\"https:\/\/exceladvisor.org\/pt\/wp-content\/uploads\/2023\/12\/exceladvisor.org_.png\",\"width\":105,\"height\":36,\"caption\":\"Excel Advisor\"},\"image\":{\"@id\":\"https:\/\/exceladvisor.org\/pt\/#\/schema\/logo\/image\/\"}}]}<\/script>\n<!-- \/ Yoast SEO plugin. -->","yoast_head_json":{"title":"\u25b7 Como aumentar\/diminuir zoom no Excel? (Tutorial 2023)","description":"Neste tutorial, aprenderemos como aumentar e diminuir o zoom em uma planilha do Excel usando todos","robots":{"index":"index","follow":"follow","max-snippet":"max-snippet:-1","max-image-preview":"max-image-preview:large","max-video-preview":"max-video-preview:-1"},"canonical":"https:\/\/exceladvisor.org\/pt\/ampliacao\/","og_locale":"pt_PT","og_type":"article","og_title":"\u25b7 Como aumentar\/diminuir zoom no Excel? (Tutorial 2023)","og_description":"Neste tutorial, aprenderemos como aumentar e diminuir o zoom em uma planilha do Excel usando todos","og_url":"https:\/\/exceladvisor.org\/pt\/ampliacao\/","og_site_name":"Excel Advisor","article_modified_time":"2023-12-06T11:34:56+00:00","og_image":[{"url":"https:\/\/exceladvisor.org\/wp-content\/uploads\/2023\/08\/1-onglet-de-vue.png","type":"","width":"","height":""}],"twitter_card":"summary_large_image","twitter_misc":{"Tempo estimado de leitura":"3 minutos"},"schema":{"@context":"https:\/\/schema.org","@graph":[{"@type":"WebPage","@id":"https:\/\/exceladvisor.org\/pt\/ampliacao\/","url":"https:\/\/exceladvisor.org\/pt\/ampliacao\/","name":"\u25b7 Como aumentar\/diminuir zoom no Excel? (Tutorial 2023)","isPartOf":{"@id":"https:\/\/exceladvisor.org\/pt\/#website"},"primaryImageOfPage":{"@id":"https:\/\/exceladvisor.org\/pt\/ampliacao\/#primaryimage"},"image":{"@id":"https:\/\/exceladvisor.org\/pt\/ampliacao\/#primaryimage"},"thumbnailUrl":"https:\/\/exceladvisor.org\/wp-content\/uploads\/2023\/08\/1-onglet-de-vue.png","datePublished":"2023-10-29T07:33:14+00:00","dateModified":"2023-12-06T11:34:56+00:00","description":"Neste tutorial, aprenderemos como aumentar e diminuir o zoom em uma planilha do Excel usando todos","breadcrumb":{"@id":"https:\/\/exceladvisor.org\/pt\/ampliacao\/#breadcrumb"},"inLanguage":"pt-PT","potentialAction":[{"@type":"ReadAction","target":["https:\/\/exceladvisor.org\/pt\/ampliacao\/"]}]},{"@type":"ImageObject","inLanguage":"pt-PT","@id":"https:\/\/exceladvisor.org\/pt\/ampliacao\/#primaryimage","url":"https:\/\/exceladvisor.org\/wp-content\/uploads\/2023\/08\/1-onglet-de-vue.png","contentUrl":"https:\/\/exceladvisor.org\/wp-content\/uploads\/2023\/08\/1-onglet-de-vue.png"},{"@type":"BreadcrumbList","@id":"https:\/\/exceladvisor.org\/pt\/ampliacao\/#breadcrumb","itemListElement":[{"@type":"ListItem","position":1,"name":"Lar","item":"https:\/\/exceladvisor.org\/pt\/"},{"@type":"ListItem","position":2,"name":"Como aumentar\/diminuir zoom no excel?"}]},{"@type":"WebSite","@id":"https:\/\/exceladvisor.org\/pt\/#website","url":"https:\/\/exceladvisor.org\/pt\/","name":"Excel Advisor","description":"O seu guia definitivo para dominar os dados!","publisher":{"@id":"https:\/\/exceladvisor.org\/pt\/#organization"},"potentialAction":[{"@type":"SearchAction","target":{"@type":"EntryPoint","urlTemplate":"https:\/\/exceladvisor.org\/pt\/?s={search_term_string}"},"query-input":{"@type":"PropertyValueSpecification","valueRequired":true,"valueName":"search_term_string"}}],"inLanguage":"pt-PT"},{"@type":"Organization","@id":"https:\/\/exceladvisor.org\/pt\/#organization","name":"Excel Advisor","url":"https:\/\/exceladvisor.org\/pt\/","logo":{"@type":"ImageObject","inLanguage":"pt-PT","@id":"https:\/\/exceladvisor.org\/pt\/#\/schema\/logo\/image\/","url":"https:\/\/exceladvisor.org\/pt\/wp-content\/uploads\/2023\/12\/exceladvisor.org_.png","contentUrl":"https:\/\/exceladvisor.org\/pt\/wp-content\/uploads\/2023\/12\/exceladvisor.org_.png","width":105,"height":36,"caption":"Excel Advisor"},"image":{"@id":"https:\/\/exceladvisor.org\/pt\/#\/schema\/logo\/image\/"}}]}},"yoast_meta":{"yoast_wpseo_title":"","yoast_wpseo_metadesc":"","yoast_wpseo_canonical":""},"_links":{"self":[{"href":"https:\/\/exceladvisor.org\/pt\/wp-json\/wp\/v2\/pages\/425","targetHints":{"allow":["GET"]}}],"collection":[{"href":"https:\/\/exceladvisor.org\/pt\/wp-json\/wp\/v2\/pages"}],"about":[{"href":"https:\/\/exceladvisor.org\/pt\/wp-json\/wp\/v2\/types\/page"}],"author":[{"embeddable":true,"href":"https:\/\/exceladvisor.org\/pt\/wp-json\/wp\/v2\/users\/1"}],"replies":[{"embeddable":true,"href":"https:\/\/exceladvisor.org\/pt\/wp-json\/wp\/v2\/comments?post=425"}],"version-history":[{"count":1,"href":"https:\/\/exceladvisor.org\/pt\/wp-json\/wp\/v2\/pages\/425\/revisions"}],"predecessor-version":[{"id":865,"href":"https:\/\/exceladvisor.org\/pt\/wp-json\/wp\/v2\/pages\/425\/revisions\/865"}],"wp:attachment":[{"href":"https:\/\/exceladvisor.org\/pt\/wp-json\/wp\/v2\/media?parent=425"}],"curies":[{"name":"wp","href":"https:\/\/api.w.org\/{rel}","templated":true}]}}