{"id":427,"date":"2023-10-29T07:03:01","date_gmt":"2023-10-29T07:03:01","guid":{"rendered":"https:\/\/exceladvisor.org\/pt\/reparar-arquivo-excel-corrompido\/"},"modified":"2023-12-06T11:42:07","modified_gmt":"2023-12-06T11:42:07","slug":"reparar-arquivo-excel-corrompido","status":"publish","type":"page","link":"https:\/\/exceladvisor.org\/pt\/reparar-arquivo-excel-corrompido\/","title":{"rendered":"Como reparar um arquivo excel corrompido?"},"content":{"rendered":"<div class=\"excel-before-content-2\" id=\"excel-386738823\"><script type=\"text\/javascript\">\r\n\tatOptions = {\r\n\t\t'key' : 'c1158f160081d6540a8409e6925dab94',\r\n\t\t'format' : 'iframe',\r\n\t\t'height' : 250,\r\n\t\t'width' : 300,\r\n\t\t'params' : {}\r\n\t};\r\n<\/script>\r\n<script type=\"text\/javascript\" src=\"\/\/www.highperformanceformat.com\/c1158f160081d6540a8409e6925dab94\/invoke.js\"><\/script><\/div><div class=\"excel-before-content\" id=\"excel-4027844122\"><script type=\"text\/javascript\">\r\n\tatOptions = {\r\n\t\t'key' : 'c1158f160081d6540a8409e6925dab94',\r\n\t\t'format' : 'iframe',\r\n\t\t'height' : 250,\r\n\t\t'width' : 300,\r\n\t\t'params' : {}\r\n\t};\r\n<\/script>\r\n<script type=\"text\/javascript\" src=\"\/\/www.highperformanceformat.com\/c1158f160081d6540a8409e6925dab94\/invoke.js\"><\/script><\/div> <p>H\u00e1 uma coisa no Microsoft Excel que a maioria dos usu\u00e1rios do Excel n\u00e3o gosta: ele pode ser corrompido a qualquer momento sem qualquer aviso pr\u00e9vio. Tenho certeza que voc\u00ea pode entender esse problema. Existem v\u00e1rias maneiras de resolver esse problema quando voc\u00ea o enfrenta, mas hoje gostaria de compartilhar detalhes sobre uma ferramenta.<\/p><p> <a href=\"https:\/\/www.stellarinfo.com\/repair-excel-file.php\" target=\"_blank\" rel=\"nofollow noopener noreferrer\"><strong>Software de reparo Excel da Stellar<\/strong><\/a> <\/p><div class=\"wp-block-image\"><figure class=\"aligncenter\"><img decoding=\"async\" title=\"reparo do Excel\" src=\"https:\/\/exceladvisor.org\/wp-content\/uploads\/2023\/08\/reparation-excel.png\" sizes=\"\" srcset=\"\" alt=\"excel repair\"><\/figure><\/div><p> N\u00e3o apenas compartilhando sobre isso, mas tamb\u00e9m irei revis\u00e1-lo usando todos os recursos que podem ajud\u00e1-lo a decidir se pode confiar nele para seus arquivos Excel. Ent\u00e3o vamos come\u00e7ar. <\/p><div class=\"wp-block-image\"><figure class=\"aligncenter is-resized\"><img loading=\"lazy\" decoding=\"async\" title=\"reparar arquivo Excel corrompido\" src=\"https:\/\/exceladvisor.org\/wp-content\/uploads\/2023\/08\/reparer-le-fichier-excel-corrompu-2.jpg\" sizes=\"auto, \" srcset=\"\" alt=\"fix corrupt excel file\" width=\"632\" height=\"421\"><\/figure><\/div><h2 class=\"wp-block-heading\"> <strong>Como instalar<\/strong><\/h2><p> Voc\u00ea pode baixar uma vers\u00e3o de teste gratuita no site STELLAR. Depois de baix\u00e1-lo, basta instal\u00e1-lo abrindo o arquivo.<\/p><h2 class=\"wp-block-heading\"> <strong>principais caracter\u00edsticas<\/strong><\/h2><p> Abaixo est\u00e3o alguns dos principais recursos do Stellar Excel Repair:<\/p><ol><li> <strong>Corrige todos os erros de corrup\u00e7\u00e3o:<\/strong> Pode haver v\u00e1rios motivos para um arquivo Excel ser corrompido e ele corrige todos eles.<\/li><li> <strong>Recupera a maior parte das funcionalidades da pasta de trabalho:<\/strong> normalmente, voc\u00ea tem v\u00e1rios itens em sua pasta de trabalho, como gr\u00e1ficos, tabelas din\u00e2micas e f\u00f3rmulas. Ele coleta todas essas coisas para voc\u00ea.<\/li><li> <strong>Proteger propriedades da pasta de trabalho:<\/strong> tamb\u00e9m preserva todas as propriedades da sua pasta de trabalho do Excel, como a formata\u00e7\u00e3o das c\u00e9lulas.<\/li><li> <strong>Funciona com todas as vers\u00f5es do Excel:<\/strong> Pode recuperar arquivos Excel para todas as vers\u00f5es do Excel (2019, 2016, 2013, 2010, 2007, 2003 e 2000).<\/li><li> <strong>Reparar v\u00e1rios arquivos:<\/strong> Se voc\u00ea tiver v\u00e1rios arquivos Excel corrompidos, poder\u00e1 repar\u00e1-los todos de uma s\u00f3 vez.<\/li><\/ol><h2 class=\"wp-block-heading\"> <strong>Como reparar arquivo Excel corrompido com Stellar Repair for Excel<\/strong><\/h2><p> Para reparar seu arquivo Excel corrompido com o aplicativo Stellar, voc\u00ea precisa seguir as etapas abaixo.<\/p><ul><li> Em primeiro lugar, abra o aplicativo Stellar Repair for Excel e clique no bot\u00e3o de sele\u00e7\u00e3o de arquivo. <\/li><\/ul><div class=\"wp-block-image\"><figure class=\"aligncenter is-resized\"><img loading=\"lazy\" decoding=\"async\" title=\"01-selecionar arquivo no aplicativo de reparo estelar\" src=\"https:\/\/exceladvisor.org\/wp-content\/uploads\/2023\/08\/01-selectionnez-le-fichier-dans-lapplication-de-reparation-stellaire.png\" sizes=\"auto, \" srcset=\"\" alt=\"01-select-file-in-stellar-repair-application\" width=\"290\" height=\"130\"><\/figure><\/div><ul><li> Na janela de sele\u00e7\u00e3o de arquivo, navegue at\u00e9 o arquivo, selecione-o e clique em \u201cAbrir\u201d para adicion\u00e1-lo \u00e0 lista de reparo. <\/li><\/ul><div class=\"wp-block-image\"><figure class=\"aligncenter is-resized\"><img loading=\"lazy\" decoding=\"async\" title=\"02-abrir arquivo com caixa de di\u00e1logo abrir arquivo\" src=\"https:\/\/exceladvisor.org\/wp-content\/uploads\/2023\/08\/02-ouvrir-le-fichier-avec-la-boite-de-dialogue-douverture-de-fichier.png\" sizes=\"auto, \" srcset=\"\" alt=\"02-open-the-file-with-open-file-dialogbox\" width=\"688\" height=\"339\"><\/figure><\/div><ul><li> Neste ponto voc\u00ea tem uma caixa de di\u00e1logo onde pode adicionar outros arquivos, se desejar. (Como mencionei anteriormente, voc\u00ea pode usar o reparo de v\u00e1rios arquivos com este aplicativo). <\/li><\/ul><div class=\"wp-block-image\"><figure class=\"aligncenter is-resized\"><img loading=\"lazy\" decoding=\"async\" title=\"03-lista-de-arquivos-para-reparar\" src=\"https:\/\/exceladvisor.org\/wp-content\/uploads\/2023\/08\/03-liste-des-fichiers-a-reparer.png\" sizes=\"auto, \" srcset=\"\" alt=\"03-list-of-files-to-repair\" width=\"543\" height=\"470\"><\/figure><\/div><ul><li> A partir da\u00ed, clique no bot\u00e3o Reparar para reparar o arquivo. Demora alguns segundos para reparar seu arquivo. <\/li><\/ul><div class=\"wp-block-image\"><figure class=\"aligncenter is-resized\"><img loading=\"lazy\" decoding=\"async\" title=\"04-processamento-para-reparar-um-arquivo-excel'\" src=\"https:\/\/exceladvisor.org\/wp-content\/uploads\/2023\/08\/04-traitement-pour-reparer-un-fichier-excel.png\" sizes=\"auto, \" srcset=\"\" alt=\"04-processing-to-repair-an-excel-file'\" width=\"446\" height=\"58\"><\/figure><\/div><ul><li> Quando terminar, voc\u00ea poder\u00e1 ver a mensagem no relat\u00f3rio de log. <\/li><\/ul><div class=\"wp-block-image\"><figure class=\"aligncenter is-resized\"><img loading=\"lazy\" decoding=\"async\" title=\"05-log-relat\u00f3rio-quando-o-arquivo-\u00e9-reparado\" src=\"https:\/\/exceladvisor.org\/wp-content\/uploads\/2023\/08\/05-rapport-de-journal-lorsque-le-fichier-est-repare.png\" sizes=\"auto, \" srcset=\"\" alt=\"05-log-report-when-file-get-repaired\" width=\"396\" height=\"142\"><\/figure><\/div><ul><li> Quando terminar, voc\u00ea poder\u00e1 ver a mensagem no relat\u00f3rio de log.<\/li><\/ul><h2 class=\"wp-block-heading\"> <strong>Vale realmente $ 39?<\/strong><\/h2><p> Como eu disse, voc\u00ea pode baixar a vers\u00e3o de teste GRATUITA no site da STELLER e se quiser ter uma vers\u00e3o completa, ter\u00e1 que compr\u00e1-la por $ 39. Agora a quest\u00e3o \u00e9: <strong>vale realmente US$ 39?<\/strong> Recentemente, no Excel Advisor, fizemos uma pergunta r\u00e1pida aos nossos leitores se seus arquivos Excel alguma vez foram corrompidos. <\/p><div class=\"wp-block-image\"><figure class=\"aligncenter\"><img decoding=\"async\" title=\"investigando arquivos Excel corrompidos\" src=\"https:\/\/exceladvisor.org\/wp-content\/uploads\/2023\/08\/enquete-sur-les-fichiers-excel-corrompus.png\" sizes=\"\" srcset=\"\" alt=\"survey about corrupt excel files\"><\/figure><\/div><p> Bem, 50% das pessoas disseram \u201cSIM\u201d, elas lidaram com isso. O que estou tentando enfatizar \u00e9 que mesmo que voc\u00ea possa recuperar um arquivo Excel, voc\u00ea ainda tem medo de perder dados. Mas com Stellar, voc\u00ea pode recuperar seu arquivo Excel com todos os dados que cont\u00e9m. Esta \u00e9 uma GRANDE VIT\u00d3RIA.<\/p><p> E n\u00e3o esque\u00e7a de compartilhar esse post com seus amigos, tenho certeza que eles v\u00e3o gostar.<\/p><div class=\"gb-container gb-container-4db6181c gb-container-mt\"> <a class=\"gb-button gb-button-c5897111 gb-button-text gb-button-mt-button\" href=\"https:\/\/exceladvisor.org\/pt\/excel-avancado\/\">Tutoriais avan\u00e7ados de Excel<\/a><h2 class=\"gb-headline gb-headline-665e5f6b gb-headline-text gb-headline-mt-heading\"> Tutoriais relacionados <\/h2><div class=\"gb-grid-wrapper gb-grid-wrapper-a20baf7c gb-grid-wrapper-mt-grid\"><div class=\"gb-grid-column gb-grid-column-65ddf67e\"><div class=\"gb-container gb-container-65ddf67e\"><ul><li> <a href=\"https:\/\/exceladvisor.org\/pt\/recuperar-arquivos-nao-salvos\/\">Recupere arquivos do Excel n\u00e3o salvos quando o Excel travar<\/a><\/li><li> <a href=\"https:\/\/exceladvisor.org\/pt\/xlsx-para-csv\/\">Salve o arquivo Excel (pasta de trabalho) em formato CSV (XLSX TO CSV)<\/a><\/li><li> <a href=\"https:\/\/exceladvisor.org\/pt\/ocultar-mostrar-pasta-de-trabalho\/\">Ocultar e mostrar uma pasta de trabalho no Excel<\/a> <\/li><\/ul><\/div><\/div><div class=\"gb-grid-column gb-grid-column-50067b57\"><div class=\"gb-container gb-container-50067b57\"><ul><li> <a href=\"https:\/\/exceladvisor.org\/pt\/copiar-pasta-de-trabalho\/\">Fa\u00e7a uma c\u00f3pia da pasta de trabalho do Excel (arquivo)<\/a><\/li><li> <a href=\"https:\/\/exceladvisor.org\/pt\/abrir-arquivo-de-texto\/\">Abra um arquivo de texto no Excel (.TXT)<\/a><\/li><li> <a href=\"https:\/\/exceladvisor.org\/pt\/salvar-arquivo-excel-mac\/\">Salve um arquivo Excel no Mac (pasta de trabalho)<\/a><\/li><\/ul><\/div><\/div><\/div><\/div>","protected":false},"excerpt":{"rendered":"","protected":false},"author":1,"featured_media":0,"parent":0,"menu_order":0,"comment_status":"open","ping_status":"closed","template":"","meta":{"ub_ctt_via":"","footnotes":""},"class_list":["post-427","page","type-page","status-publish","hentry"],"featured_image_src":null,"yoast_head":"<!-- This site is optimized with the Yoast SEO plugin v25.4 - https:\/\/yoast.com\/wordpress\/plugins\/seo\/ -->\n<title>Etapas para reparar arquivo Excel corrompido rapidamente<\/title>\n<meta name=\"description\" content=\"Seu arquivo Excel est\u00e1 corrompido? Aprenda como reparar arquivos Excel corrompidos de forma r\u00e1pida e f\u00e1cil agora.\" \/>\n<meta name=\"robots\" content=\"index, follow, max-snippet:-1, max-image-preview:large, max-video-preview:-1\" \/>\n<link rel=\"canonical\" href=\"https:\/\/exceladvisor.org\/pt\/reparar-arquivo-excel-corrompido\/\" \/>\n<meta property=\"og:locale\" content=\"pt_PT\" \/>\n<meta property=\"og:type\" content=\"article\" \/>\n<meta property=\"og:title\" content=\"Etapas para reparar arquivo Excel corrompido rapidamente\" \/>\n<meta property=\"og:description\" content=\"Seu arquivo Excel est\u00e1 corrompido? Aprenda como reparar arquivos Excel corrompidos de forma r\u00e1pida e f\u00e1cil agora.\" \/>\n<meta property=\"og:url\" content=\"https:\/\/exceladvisor.org\/pt\/reparar-arquivo-excel-corrompido\/\" \/>\n<meta property=\"og:site_name\" content=\"Excel Advisor\" \/>\n<meta property=\"article:modified_time\" content=\"2023-12-06T11:42:07+00:00\" \/>\n<meta property=\"og:image\" content=\"https:\/\/exceladvisor.org\/wp-content\/uploads\/2023\/08\/reparation-excel.png\" \/>\n<meta name=\"twitter:card\" content=\"summary_large_image\" \/>\n<meta name=\"twitter:label1\" content=\"Tempo estimado de leitura\" \/>\n\t<meta name=\"twitter:data1\" content=\"3 minutos\" \/>\n<script type=\"application\/ld+json\" class=\"yoast-schema-graph\">{\"@context\":\"https:\/\/schema.org\",\"@graph\":[{\"@type\":\"WebPage\",\"@id\":\"https:\/\/exceladvisor.org\/pt\/reparar-arquivo-excel-corrompido\/\",\"url\":\"https:\/\/exceladvisor.org\/pt\/reparar-arquivo-excel-corrompido\/\",\"name\":\"Etapas para reparar arquivo Excel corrompido rapidamente\",\"isPartOf\":{\"@id\":\"https:\/\/exceladvisor.org\/pt\/#website\"},\"primaryImageOfPage\":{\"@id\":\"https:\/\/exceladvisor.org\/pt\/reparar-arquivo-excel-corrompido\/#primaryimage\"},\"image\":{\"@id\":\"https:\/\/exceladvisor.org\/pt\/reparar-arquivo-excel-corrompido\/#primaryimage\"},\"thumbnailUrl\":\"https:\/\/exceladvisor.org\/wp-content\/uploads\/2023\/08\/reparation-excel.png\",\"datePublished\":\"2023-10-29T07:03:01+00:00\",\"dateModified\":\"2023-12-06T11:42:07+00:00\",\"description\":\"Seu arquivo Excel est\u00e1 corrompido? Aprenda como reparar arquivos Excel corrompidos de forma r\u00e1pida e f\u00e1cil agora.\",\"breadcrumb\":{\"@id\":\"https:\/\/exceladvisor.org\/pt\/reparar-arquivo-excel-corrompido\/#breadcrumb\"},\"inLanguage\":\"pt-PT\",\"potentialAction\":[{\"@type\":\"ReadAction\",\"target\":[\"https:\/\/exceladvisor.org\/pt\/reparar-arquivo-excel-corrompido\/\"]}]},{\"@type\":\"ImageObject\",\"inLanguage\":\"pt-PT\",\"@id\":\"https:\/\/exceladvisor.org\/pt\/reparar-arquivo-excel-corrompido\/#primaryimage\",\"url\":\"https:\/\/exceladvisor.org\/wp-content\/uploads\/2023\/08\/reparation-excel.png\",\"contentUrl\":\"https:\/\/exceladvisor.org\/wp-content\/uploads\/2023\/08\/reparation-excel.png\"},{\"@type\":\"BreadcrumbList\",\"@id\":\"https:\/\/exceladvisor.org\/pt\/reparar-arquivo-excel-corrompido\/#breadcrumb\",\"itemListElement\":[{\"@type\":\"ListItem\",\"position\":1,\"name\":\"Lar\",\"item\":\"https:\/\/exceladvisor.org\/pt\/\"},{\"@type\":\"ListItem\",\"position\":2,\"name\":\"Como reparar um arquivo excel corrompido?\"}]},{\"@type\":\"WebSite\",\"@id\":\"https:\/\/exceladvisor.org\/pt\/#website\",\"url\":\"https:\/\/exceladvisor.org\/pt\/\",\"name\":\"Excel Advisor\",\"description\":\"O seu guia definitivo para dominar os dados!\",\"publisher\":{\"@id\":\"https:\/\/exceladvisor.org\/pt\/#organization\"},\"potentialAction\":[{\"@type\":\"SearchAction\",\"target\":{\"@type\":\"EntryPoint\",\"urlTemplate\":\"https:\/\/exceladvisor.org\/pt\/?s={search_term_string}\"},\"query-input\":{\"@type\":\"PropertyValueSpecification\",\"valueRequired\":true,\"valueName\":\"search_term_string\"}}],\"inLanguage\":\"pt-PT\"},{\"@type\":\"Organization\",\"@id\":\"https:\/\/exceladvisor.org\/pt\/#organization\",\"name\":\"Excel Advisor\",\"url\":\"https:\/\/exceladvisor.org\/pt\/\",\"logo\":{\"@type\":\"ImageObject\",\"inLanguage\":\"pt-PT\",\"@id\":\"https:\/\/exceladvisor.org\/pt\/#\/schema\/logo\/image\/\",\"url\":\"https:\/\/exceladvisor.org\/pt\/wp-content\/uploads\/2023\/12\/exceladvisor.org_.png\",\"contentUrl\":\"https:\/\/exceladvisor.org\/pt\/wp-content\/uploads\/2023\/12\/exceladvisor.org_.png\",\"width\":105,\"height\":36,\"caption\":\"Excel Advisor\"},\"image\":{\"@id\":\"https:\/\/exceladvisor.org\/pt\/#\/schema\/logo\/image\/\"}}]}<\/script>\n<!-- \/ Yoast SEO plugin. -->","yoast_head_json":{"title":"Etapas para reparar arquivo Excel corrompido rapidamente","description":"Seu arquivo Excel est\u00e1 corrompido? Aprenda como reparar arquivos Excel corrompidos de forma r\u00e1pida e f\u00e1cil agora.","robots":{"index":"index","follow":"follow","max-snippet":"max-snippet:-1","max-image-preview":"max-image-preview:large","max-video-preview":"max-video-preview:-1"},"canonical":"https:\/\/exceladvisor.org\/pt\/reparar-arquivo-excel-corrompido\/","og_locale":"pt_PT","og_type":"article","og_title":"Etapas para reparar arquivo Excel corrompido rapidamente","og_description":"Seu arquivo Excel est\u00e1 corrompido? Aprenda como reparar arquivos Excel corrompidos de forma r\u00e1pida e f\u00e1cil agora.","og_url":"https:\/\/exceladvisor.org\/pt\/reparar-arquivo-excel-corrompido\/","og_site_name":"Excel Advisor","article_modified_time":"2023-12-06T11:42:07+00:00","og_image":[{"url":"https:\/\/exceladvisor.org\/wp-content\/uploads\/2023\/08\/reparation-excel.png","type":"","width":"","height":""}],"twitter_card":"summary_large_image","twitter_misc":{"Tempo estimado de leitura":"3 minutos"},"schema":{"@context":"https:\/\/schema.org","@graph":[{"@type":"WebPage","@id":"https:\/\/exceladvisor.org\/pt\/reparar-arquivo-excel-corrompido\/","url":"https:\/\/exceladvisor.org\/pt\/reparar-arquivo-excel-corrompido\/","name":"Etapas para reparar arquivo Excel corrompido rapidamente","isPartOf":{"@id":"https:\/\/exceladvisor.org\/pt\/#website"},"primaryImageOfPage":{"@id":"https:\/\/exceladvisor.org\/pt\/reparar-arquivo-excel-corrompido\/#primaryimage"},"image":{"@id":"https:\/\/exceladvisor.org\/pt\/reparar-arquivo-excel-corrompido\/#primaryimage"},"thumbnailUrl":"https:\/\/exceladvisor.org\/wp-content\/uploads\/2023\/08\/reparation-excel.png","datePublished":"2023-10-29T07:03:01+00:00","dateModified":"2023-12-06T11:42:07+00:00","description":"Seu arquivo Excel est\u00e1 corrompido? Aprenda como reparar arquivos Excel corrompidos de forma r\u00e1pida e f\u00e1cil agora.","breadcrumb":{"@id":"https:\/\/exceladvisor.org\/pt\/reparar-arquivo-excel-corrompido\/#breadcrumb"},"inLanguage":"pt-PT","potentialAction":[{"@type":"ReadAction","target":["https:\/\/exceladvisor.org\/pt\/reparar-arquivo-excel-corrompido\/"]}]},{"@type":"ImageObject","inLanguage":"pt-PT","@id":"https:\/\/exceladvisor.org\/pt\/reparar-arquivo-excel-corrompido\/#primaryimage","url":"https:\/\/exceladvisor.org\/wp-content\/uploads\/2023\/08\/reparation-excel.png","contentUrl":"https:\/\/exceladvisor.org\/wp-content\/uploads\/2023\/08\/reparation-excel.png"},{"@type":"BreadcrumbList","@id":"https:\/\/exceladvisor.org\/pt\/reparar-arquivo-excel-corrompido\/#breadcrumb","itemListElement":[{"@type":"ListItem","position":1,"name":"Lar","item":"https:\/\/exceladvisor.org\/pt\/"},{"@type":"ListItem","position":2,"name":"Como reparar um arquivo excel corrompido?"}]},{"@type":"WebSite","@id":"https:\/\/exceladvisor.org\/pt\/#website","url":"https:\/\/exceladvisor.org\/pt\/","name":"Excel Advisor","description":"O seu guia definitivo para dominar os dados!","publisher":{"@id":"https:\/\/exceladvisor.org\/pt\/#organization"},"potentialAction":[{"@type":"SearchAction","target":{"@type":"EntryPoint","urlTemplate":"https:\/\/exceladvisor.org\/pt\/?s={search_term_string}"},"query-input":{"@type":"PropertyValueSpecification","valueRequired":true,"valueName":"search_term_string"}}],"inLanguage":"pt-PT"},{"@type":"Organization","@id":"https:\/\/exceladvisor.org\/pt\/#organization","name":"Excel Advisor","url":"https:\/\/exceladvisor.org\/pt\/","logo":{"@type":"ImageObject","inLanguage":"pt-PT","@id":"https:\/\/exceladvisor.org\/pt\/#\/schema\/logo\/image\/","url":"https:\/\/exceladvisor.org\/pt\/wp-content\/uploads\/2023\/12\/exceladvisor.org_.png","contentUrl":"https:\/\/exceladvisor.org\/pt\/wp-content\/uploads\/2023\/12\/exceladvisor.org_.png","width":105,"height":36,"caption":"Excel Advisor"},"image":{"@id":"https:\/\/exceladvisor.org\/pt\/#\/schema\/logo\/image\/"}}]}},"yoast_meta":{"yoast_wpseo_title":"","yoast_wpseo_metadesc":"","yoast_wpseo_canonical":""},"_links":{"self":[{"href":"https:\/\/exceladvisor.org\/pt\/wp-json\/wp\/v2\/pages\/427","targetHints":{"allow":["GET"]}}],"collection":[{"href":"https:\/\/exceladvisor.org\/pt\/wp-json\/wp\/v2\/pages"}],"about":[{"href":"https:\/\/exceladvisor.org\/pt\/wp-json\/wp\/v2\/types\/page"}],"author":[{"embeddable":true,"href":"https:\/\/exceladvisor.org\/pt\/wp-json\/wp\/v2\/users\/1"}],"replies":[{"embeddable":true,"href":"https:\/\/exceladvisor.org\/pt\/wp-json\/wp\/v2\/comments?post=427"}],"version-history":[{"count":1,"href":"https:\/\/exceladvisor.org\/pt\/wp-json\/wp\/v2\/pages\/427\/revisions"}],"predecessor-version":[{"id":1183,"href":"https:\/\/exceladvisor.org\/pt\/wp-json\/wp\/v2\/pages\/427\/revisions\/1183"}],"wp:attachment":[{"href":"https:\/\/exceladvisor.org\/pt\/wp-json\/wp\/v2\/media?parent=427"}],"curies":[{"name":"wp","href":"https:\/\/api.w.org\/{rel}","templated":true}]}}