{"id":428,"date":"2023-10-29T06:51:37","date_gmt":"2023-10-29T06:51:37","guid":{"rendered":"https:\/\/exceladvisor.org\/pt\/renomear-a-tabela\/"},"modified":"2023-12-06T11:42:06","modified_gmt":"2023-12-06T11:42:06","slug":"renomear-a-tabela","status":"publish","type":"page","link":"https:\/\/exceladvisor.org\/pt\/renomear-a-tabela\/","title":{"rendered":"Como renomear uma tabela no excel?"},"content":{"rendered":"<div class=\"excel-before-content-2\" id=\"excel-2479687272\"><script type=\"text\/javascript\">\r\n\tatOptions = {\r\n\t\t'key' : 'c1158f160081d6540a8409e6925dab94',\r\n\t\t'format' : 'iframe',\r\n\t\t'height' : 250,\r\n\t\t'width' : 300,\r\n\t\t'params' : {}\r\n\t};\r\n<\/script>\r\n<script type=\"text\/javascript\" src=\"\/\/www.highperformanceformat.com\/c1158f160081d6540a8409e6925dab94\/invoke.js\"><\/script><\/div><div class=\"excel-before-content\" id=\"excel-1693215822\"><script type=\"text\/javascript\">\r\n\tatOptions = {\r\n\t\t'key' : 'c1158f160081d6540a8409e6925dab94',\r\n\t\t'format' : 'iframe',\r\n\t\t'height' : 250,\r\n\t\t'width' : 300,\r\n\t\t'params' : {}\r\n\t};\r\n<\/script>\r\n<script type=\"text\/javascript\" src=\"\/\/www.highperformanceformat.com\/c1158f160081d6540a8409e6925dab94\/invoke.js\"><\/script><\/div> <p>Quando voc\u00ea aplica uma tabela do Excel a um conjunto de dados, o Excel permite nome\u00e1-lo. Mas, por padr\u00e3o, um nome gen\u00e9rico \u00e9 dado a uma tabela. <\/p><div class=\"wp-block-image\"><figure class=\"aligncenter size-full is-resized\"><img loading=\"lazy\" decoding=\"async\" class=\"wp-image-75234\" src=\"https:\/\/exceladvisor.org\/wp-content\/uploads\/2023\/08\/1-renommer-table-excel.png\" sizes=\"auto, \" srcset=\"\" alt=\"renomear tabela do Excel\" width=\"735\" height=\"250\"><\/figure><\/div><p> Mas, neste tutorial, aprenderemos etapas r\u00e1pidas para renomear uma tabela com um nome personalizado.<\/p><h2 class=\"wp-block-heading\"> Alterar o nome de uma tabela do Excel<\/h2><ol type=\"1\"><li> Primeiro, selecione uma das c\u00e9lulas da tabela.<\/li><li> Depois disso, v\u00e1 para a aba \u201cDesign de Tabela\u201d.<\/li><li> Em seguida, clique na barra de entrada do nome da tabela e digite o nome que deseja aplicar.<\/li><li> No final, pressione Enter para aplicar o nome inserido. <\/li><\/ol><div class=\"wp-block-image\"><figure class=\"aligncenter size-full is-resized\"><img loading=\"lazy\" decoding=\"async\" class=\"wp-image-75235\" src=\"https:\/\/exceladvisor.org\/wp-content\/uploads\/2023\/08\/2-onglet-de-conception-de-table.png\" sizes=\"auto, \" srcset=\"\" alt=\"guia de design de mesa\" width=\"719\" height=\"425\"><\/figure><\/div><p class=\"qt-tip\"> Alerta: Voc\u00ea n\u00e3o pode simplesmente deletar o nome de uma tabela, voc\u00ea deve renome\u00e1-la.<\/p><h2 class=\"wp-block-heading\"> Use o Gerenciador de nomes para renomear uma tabela do Excel<\/h2><ol><li> Primeiro, v\u00e1 at\u00e9 a aba F\u00f3rmulas e clique na op\u00e7\u00e3o \u201cGerenciador de Nomes\u201d. <br><img loading=\"lazy\" decoding=\"async\" title=\"Op\u00e7\u00e3o de gerenciador de nomes com 3 cliques\" src=\"https:\/\/exceladvisor.org\/wp-content\/uploads\/2023\/08\/Option-de-gestionnaire-de-nom-en-3-clics.png\" sizes=\"auto, \" srcset=\"\" alt=\"click-name-manager-option\" width=\"544\" height=\"148\"><\/li><li> A partir da\u00ed, selecione a tabela que deseja renomear e clique em editar. <br><img loading=\"lazy\" decoding=\"async\" title=\"4-selecione a tabela a ser renomeada\" src=\"https:\/\/exceladvisor.org\/wp-content\/uploads\/2023\/08\/4-selectionnez-la-table-a-renommer.png\" sizes=\"auto, \" srcset=\"\" alt=\"select-the-table-to-rename\" width=\"511\" height=\"191\"><\/li><li> Agora, na barra de entrada do nome, edite o nome. <br><img loading=\"lazy\" decoding=\"async\" title=\"5-digite-novo-nome\" src=\"https:\/\/exceladvisor.org\/wp-content\/uploads\/2023\/08\/5-entrez-le-nouveau-nom.png\" sizes=\"auto, \" srcset=\"\" alt=\"enter-the-new-name\" width=\"353\" height=\"272\"><\/li><li> Ao final, clique em OK para salvar e clique em Fechar. <br><img loading=\"lazy\" decoding=\"async\" title=\"Fechar em 6 cliques\" src=\"https:\/\/exceladvisor.org\/wp-content\/uploads\/2023\/08\/6-cliquez-sur-fermer.png\" sizes=\"auto, \" srcset=\"\" alt=\"click-on-close\" width=\"340\" height=\"210\"><\/li><\/ol><p class=\"qt-tip\"> <strong>Dica:<\/strong> Usando o Gerenciador de Nomes, voc\u00ea pode gerenciar todas as tabelas que possui em uma pasta de trabalho.<\/p><h2 class=\"wp-block-heading\"> Notas sobre o nome da tabela<\/h2><ol type=\"1\"><li> O nome de uma tabela <strong>deve ser um valor codificado<\/strong> . Voc\u00ea n\u00e3o pode fazer refer\u00eancia a uma c\u00e9lula para o nome.<\/li><li> Voc\u00ea <strong>n\u00e3o pode usar espa\u00e7os<\/strong> entre o nome da tabela. Mas voc\u00ea pode usar um h\u00edfen ou sublinhado para torn\u00e1-lo leg\u00edvel.<\/li><li> Voc\u00ea deve <strong>iniciar o nome<\/strong> com uma letra, um sublinhado (_) ou uma barra invertida (\/).<\/li><li> O comprimento do nome pode ter at\u00e9 <strong>255 caracteres<\/strong> , mas voc\u00ea n\u00e3o precisa usar um nome t\u00e3o longo.<\/li><li> O nome de cada tabela em uma pasta de trabalho deve ser exclusivo (se voc\u00ea tiver diversas tabelas).<\/li><\/ol><div class=\"gb-container gb-container-4db6181c gb-container-mt\"> <a class=\"gb-button gb-button-c5897111 gb-button-text gb-button-mt-button\" href=\"https:\/\/exceladvisor.org\/pt\/excel-avancado\/\">Tutoriais avan\u00e7ados de Excel<\/a><h2 class=\"gb-headline gb-headline-665e5f6b gb-headline-text gb-headline-mt-heading\"> Tutoriais relacionados <\/h2><div class=\"gb-grid-wrapper gb-grid-wrapper-a20baf7c gb-grid-wrapper-mt-grid\"><div class=\"gb-grid-column gb-grid-column-65ddf67e\"><div class=\"gb-container gb-container-65ddf67e\"><ul><li> <a href=\"https:\/\/exceladvisor.org\/pt\/ferramenta-de-analise-rapida\/\">Ferramenta de an\u00e1lise r\u00e1pida no Excel<\/a><\/li><li> <a href=\"https:\/\/exceladvisor.org\/pt\/aplicar-varios-filtros\/\">Aplicar v\u00e1rios filtros \u00e0s colunas<\/a><\/li><li> <a href=\"https:\/\/exceladvisor.org\/pt\/destacar-valores-superiores-inferiores\/\">Destaque os valores N superiores e inferiores no Excel<\/a><\/li><li> <a href=\"https:\/\/exceladvisor.org\/pt\/caixa-de-selecao\/\">Insira uma caixa de sele\u00e7\u00e3o no Excel<\/a><\/li><li> <a href=\"https:\/\/exceladvisor.org\/pt\/mesclar-celulas-sem-perder-dados\/\">Mesclar c\u00e9lulas sem perder dados no Excel<\/a><\/li><\/ul><\/div><\/div><\/div><\/div>","protected":false},"excerpt":{"rendered":"","protected":false},"author":1,"featured_media":0,"parent":0,"menu_order":0,"comment_status":"open","ping_status":"closed","template":"","meta":{"ub_ctt_via":"","footnotes":""},"class_list":["post-428","page","type-page","status-publish","hentry"],"featured_image_src":null,"yoast_head":"<!-- This site is optimized with the Yoast SEO plugin v25.4 - https:\/\/yoast.com\/wordpress\/plugins\/seo\/ -->\n<title>Como renomear uma tabela no Excel? (Guia 2023)<\/title>\n<meta name=\"description\" content=\"Neste tutorial, aprenderemos como renomear uma tabela do Excel. E tamb\u00e9m aprenderemos alguns pontos importantes relacionados a isso.\" \/>\n<meta name=\"robots\" content=\"index, follow, max-snippet:-1, max-image-preview:large, max-video-preview:-1\" \/>\n<link rel=\"canonical\" href=\"https:\/\/exceladvisor.org\/pt\/renomear-a-tabela\/\" \/>\n<meta property=\"og:locale\" content=\"pt_PT\" \/>\n<meta property=\"og:type\" content=\"article\" \/>\n<meta property=\"og:title\" content=\"Como renomear uma tabela no Excel? (Guia 2023)\" \/>\n<meta property=\"og:description\" content=\"Neste tutorial, aprenderemos como renomear uma tabela do Excel. E tamb\u00e9m aprenderemos alguns pontos importantes relacionados a isso.\" \/>\n<meta property=\"og:url\" content=\"https:\/\/exceladvisor.org\/pt\/renomear-a-tabela\/\" \/>\n<meta property=\"og:site_name\" content=\"Excel Advisor\" \/>\n<meta property=\"article:modified_time\" content=\"2023-12-06T11:42:06+00:00\" \/>\n<meta property=\"og:image\" content=\"https:\/\/exceladvisor.org\/wp-content\/uploads\/2023\/08\/1-renommer-table-excel.png\" \/>\n<meta name=\"twitter:card\" content=\"summary_large_image\" \/>\n<meta name=\"twitter:label1\" content=\"Tempo estimado de leitura\" \/>\n\t<meta name=\"twitter:data1\" content=\"2 minutos\" \/>\n<script type=\"application\/ld+json\" class=\"yoast-schema-graph\">{\"@context\":\"https:\/\/schema.org\",\"@graph\":[{\"@type\":\"WebPage\",\"@id\":\"https:\/\/exceladvisor.org\/pt\/renomear-a-tabela\/\",\"url\":\"https:\/\/exceladvisor.org\/pt\/renomear-a-tabela\/\",\"name\":\"Como renomear uma tabela no Excel? (Guia 2023)\",\"isPartOf\":{\"@id\":\"https:\/\/exceladvisor.org\/pt\/#website\"},\"primaryImageOfPage\":{\"@id\":\"https:\/\/exceladvisor.org\/pt\/renomear-a-tabela\/#primaryimage\"},\"image\":{\"@id\":\"https:\/\/exceladvisor.org\/pt\/renomear-a-tabela\/#primaryimage\"},\"thumbnailUrl\":\"https:\/\/exceladvisor.org\/wp-content\/uploads\/2023\/08\/1-renommer-table-excel.png\",\"datePublished\":\"2023-10-29T06:51:37+00:00\",\"dateModified\":\"2023-12-06T11:42:06+00:00\",\"description\":\"Neste tutorial, aprenderemos como renomear uma tabela do Excel. E tamb\u00e9m aprenderemos alguns pontos importantes relacionados a isso.\",\"breadcrumb\":{\"@id\":\"https:\/\/exceladvisor.org\/pt\/renomear-a-tabela\/#breadcrumb\"},\"inLanguage\":\"pt-PT\",\"potentialAction\":[{\"@type\":\"ReadAction\",\"target\":[\"https:\/\/exceladvisor.org\/pt\/renomear-a-tabela\/\"]}]},{\"@type\":\"ImageObject\",\"inLanguage\":\"pt-PT\",\"@id\":\"https:\/\/exceladvisor.org\/pt\/renomear-a-tabela\/#primaryimage\",\"url\":\"https:\/\/exceladvisor.org\/wp-content\/uploads\/2023\/08\/1-renommer-table-excel.png\",\"contentUrl\":\"https:\/\/exceladvisor.org\/wp-content\/uploads\/2023\/08\/1-renommer-table-excel.png\"},{\"@type\":\"BreadcrumbList\",\"@id\":\"https:\/\/exceladvisor.org\/pt\/renomear-a-tabela\/#breadcrumb\",\"itemListElement\":[{\"@type\":\"ListItem\",\"position\":1,\"name\":\"Lar\",\"item\":\"https:\/\/exceladvisor.org\/pt\/\"},{\"@type\":\"ListItem\",\"position\":2,\"name\":\"Como renomear uma tabela no excel?\"}]},{\"@type\":\"WebSite\",\"@id\":\"https:\/\/exceladvisor.org\/pt\/#website\",\"url\":\"https:\/\/exceladvisor.org\/pt\/\",\"name\":\"Excel Advisor\",\"description\":\"O seu guia definitivo para dominar os dados!\",\"publisher\":{\"@id\":\"https:\/\/exceladvisor.org\/pt\/#organization\"},\"potentialAction\":[{\"@type\":\"SearchAction\",\"target\":{\"@type\":\"EntryPoint\",\"urlTemplate\":\"https:\/\/exceladvisor.org\/pt\/?s={search_term_string}\"},\"query-input\":{\"@type\":\"PropertyValueSpecification\",\"valueRequired\":true,\"valueName\":\"search_term_string\"}}],\"inLanguage\":\"pt-PT\"},{\"@type\":\"Organization\",\"@id\":\"https:\/\/exceladvisor.org\/pt\/#organization\",\"name\":\"Excel Advisor\",\"url\":\"https:\/\/exceladvisor.org\/pt\/\",\"logo\":{\"@type\":\"ImageObject\",\"inLanguage\":\"pt-PT\",\"@id\":\"https:\/\/exceladvisor.org\/pt\/#\/schema\/logo\/image\/\",\"url\":\"https:\/\/exceladvisor.org\/pt\/wp-content\/uploads\/2023\/12\/exceladvisor.org_.png\",\"contentUrl\":\"https:\/\/exceladvisor.org\/pt\/wp-content\/uploads\/2023\/12\/exceladvisor.org_.png\",\"width\":105,\"height\":36,\"caption\":\"Excel Advisor\"},\"image\":{\"@id\":\"https:\/\/exceladvisor.org\/pt\/#\/schema\/logo\/image\/\"}}]}<\/script>\n<!-- \/ Yoast SEO plugin. -->","yoast_head_json":{"title":"Como renomear uma tabela no Excel? (Guia 2023)","description":"Neste tutorial, aprenderemos como renomear uma tabela do Excel. E tamb\u00e9m aprenderemos alguns pontos importantes relacionados a isso.","robots":{"index":"index","follow":"follow","max-snippet":"max-snippet:-1","max-image-preview":"max-image-preview:large","max-video-preview":"max-video-preview:-1"},"canonical":"https:\/\/exceladvisor.org\/pt\/renomear-a-tabela\/","og_locale":"pt_PT","og_type":"article","og_title":"Como renomear uma tabela no Excel? (Guia 2023)","og_description":"Neste tutorial, aprenderemos como renomear uma tabela do Excel. E tamb\u00e9m aprenderemos alguns pontos importantes relacionados a isso.","og_url":"https:\/\/exceladvisor.org\/pt\/renomear-a-tabela\/","og_site_name":"Excel Advisor","article_modified_time":"2023-12-06T11:42:06+00:00","og_image":[{"url":"https:\/\/exceladvisor.org\/wp-content\/uploads\/2023\/08\/1-renommer-table-excel.png","type":"","width":"","height":""}],"twitter_card":"summary_large_image","twitter_misc":{"Tempo estimado de leitura":"2 minutos"},"schema":{"@context":"https:\/\/schema.org","@graph":[{"@type":"WebPage","@id":"https:\/\/exceladvisor.org\/pt\/renomear-a-tabela\/","url":"https:\/\/exceladvisor.org\/pt\/renomear-a-tabela\/","name":"Como renomear uma tabela no Excel? (Guia 2023)","isPartOf":{"@id":"https:\/\/exceladvisor.org\/pt\/#website"},"primaryImageOfPage":{"@id":"https:\/\/exceladvisor.org\/pt\/renomear-a-tabela\/#primaryimage"},"image":{"@id":"https:\/\/exceladvisor.org\/pt\/renomear-a-tabela\/#primaryimage"},"thumbnailUrl":"https:\/\/exceladvisor.org\/wp-content\/uploads\/2023\/08\/1-renommer-table-excel.png","datePublished":"2023-10-29T06:51:37+00:00","dateModified":"2023-12-06T11:42:06+00:00","description":"Neste tutorial, aprenderemos como renomear uma tabela do Excel. E tamb\u00e9m aprenderemos alguns pontos importantes relacionados a isso.","breadcrumb":{"@id":"https:\/\/exceladvisor.org\/pt\/renomear-a-tabela\/#breadcrumb"},"inLanguage":"pt-PT","potentialAction":[{"@type":"ReadAction","target":["https:\/\/exceladvisor.org\/pt\/renomear-a-tabela\/"]}]},{"@type":"ImageObject","inLanguage":"pt-PT","@id":"https:\/\/exceladvisor.org\/pt\/renomear-a-tabela\/#primaryimage","url":"https:\/\/exceladvisor.org\/wp-content\/uploads\/2023\/08\/1-renommer-table-excel.png","contentUrl":"https:\/\/exceladvisor.org\/wp-content\/uploads\/2023\/08\/1-renommer-table-excel.png"},{"@type":"BreadcrumbList","@id":"https:\/\/exceladvisor.org\/pt\/renomear-a-tabela\/#breadcrumb","itemListElement":[{"@type":"ListItem","position":1,"name":"Lar","item":"https:\/\/exceladvisor.org\/pt\/"},{"@type":"ListItem","position":2,"name":"Como renomear uma tabela no excel?"}]},{"@type":"WebSite","@id":"https:\/\/exceladvisor.org\/pt\/#website","url":"https:\/\/exceladvisor.org\/pt\/","name":"Excel Advisor","description":"O seu guia definitivo para dominar os dados!","publisher":{"@id":"https:\/\/exceladvisor.org\/pt\/#organization"},"potentialAction":[{"@type":"SearchAction","target":{"@type":"EntryPoint","urlTemplate":"https:\/\/exceladvisor.org\/pt\/?s={search_term_string}"},"query-input":{"@type":"PropertyValueSpecification","valueRequired":true,"valueName":"search_term_string"}}],"inLanguage":"pt-PT"},{"@type":"Organization","@id":"https:\/\/exceladvisor.org\/pt\/#organization","name":"Excel Advisor","url":"https:\/\/exceladvisor.org\/pt\/","logo":{"@type":"ImageObject","inLanguage":"pt-PT","@id":"https:\/\/exceladvisor.org\/pt\/#\/schema\/logo\/image\/","url":"https:\/\/exceladvisor.org\/pt\/wp-content\/uploads\/2023\/12\/exceladvisor.org_.png","contentUrl":"https:\/\/exceladvisor.org\/pt\/wp-content\/uploads\/2023\/12\/exceladvisor.org_.png","width":105,"height":36,"caption":"Excel Advisor"},"image":{"@id":"https:\/\/exceladvisor.org\/pt\/#\/schema\/logo\/image\/"}}]}},"yoast_meta":{"yoast_wpseo_title":"","yoast_wpseo_metadesc":"","yoast_wpseo_canonical":""},"_links":{"self":[{"href":"https:\/\/exceladvisor.org\/pt\/wp-json\/wp\/v2\/pages\/428","targetHints":{"allow":["GET"]}}],"collection":[{"href":"https:\/\/exceladvisor.org\/pt\/wp-json\/wp\/v2\/pages"}],"about":[{"href":"https:\/\/exceladvisor.org\/pt\/wp-json\/wp\/v2\/types\/page"}],"author":[{"embeddable":true,"href":"https:\/\/exceladvisor.org\/pt\/wp-json\/wp\/v2\/users\/1"}],"replies":[{"embeddable":true,"href":"https:\/\/exceladvisor.org\/pt\/wp-json\/wp\/v2\/comments?post=428"}],"version-history":[{"count":1,"href":"https:\/\/exceladvisor.org\/pt\/wp-json\/wp\/v2\/pages\/428\/revisions"}],"predecessor-version":[{"id":1182,"href":"https:\/\/exceladvisor.org\/pt\/wp-json\/wp\/v2\/pages\/428\/revisions\/1182"}],"wp:attachment":[{"href":"https:\/\/exceladvisor.org\/pt\/wp-json\/wp\/v2\/media?parent=428"}],"curies":[{"name":"wp","href":"https:\/\/api.w.org\/{rel}","templated":true}]}}