{"id":43,"date":"2023-11-18T05:46:34","date_gmt":"2023-11-18T05:46:34","guid":{"rendered":"https:\/\/exceladvisor.org\/pt\/destacando-entre-duas-datas\/"},"modified":"2023-12-06T11:37:46","modified_gmt":"2023-12-06T11:37:46","slug":"destacando-entre-duas-datas","status":"publish","type":"page","link":"https:\/\/exceladvisor.org\/pt\/destacando-entre-duas-datas\/","title":{"rendered":"Como fa\u00e7o para destacar datas entre duas datas?"},"content":{"rendered":"<div class=\"excel-before-content-2\" id=\"excel-3640555701\"><script type=\"text\/javascript\">\r\n\tatOptions = {\r\n\t\t'key' : 'c1158f160081d6540a8409e6925dab94',\r\n\t\t'format' : 'iframe',\r\n\t\t'height' : 250,\r\n\t\t'width' : 300,\r\n\t\t'params' : {}\r\n\t};\r\n<\/script>\r\n<script type=\"text\/javascript\" src=\"\/\/www.highperformanceformat.com\/c1158f160081d6540a8409e6925dab94\/invoke.js\"><\/script><\/div><div class=\"excel-before-content\" id=\"excel-3231130136\"><script type=\"text\/javascript\">\r\n\tatOptions = {\r\n\t\t'key' : 'c1158f160081d6540a8409e6925dab94',\r\n\t\t'format' : 'iframe',\r\n\t\t'height' : 250,\r\n\t\t'width' : 300,\r\n\t\t'params' : {}\r\n\t};\r\n<\/script>\r\n<script type=\"text\/javascript\" src=\"\/\/www.highperformanceformat.com\/c1158f160081d6540a8409e6925dab94\/invoke.js\"><\/script><\/div> <p>Voc\u00ea tem datas na coluna e deseja destacar todas as datas dentro dos dois per\u00edodos.<\/p><p> Digamos que voc\u00ea tenha uma data de in\u00edcio em 17 de janeiro de 2025 e uma data de t\u00e9rmino em 19 de mar\u00e7o de 2025, e na coluna de datas voc\u00ea deseja destacar todas as c\u00e9lulas onde a data fica entre essas duas datas.<\/p><p> A maneira mais f\u00e1cil de fazer isso \u00e9 usar a formata\u00e7\u00e3o condicional. Voc\u00ea pode usar uma f\u00f3rmula baseada nas fun\u00e7\u00f5es AND e DATE. Basta criar uma nova regra de formata\u00e7\u00e3o condicional com esta f\u00f3rmula. Vamos seguir estes passos.<\/p><h2 class=\"wp-block-heading\"> Etapas para usar CF para destacar datas entre duas datas<\/h2><ul><li> Primeiro, selecione o intervalo ou coluna (A2:A20) onde voc\u00ea tem as datas.<\/li><li> Agora v\u00e1 para a guia In\u00edcio \u21e2 Estilos \u21e2 Formata\u00e7\u00e3o Condicional \u21e2 Nova Regra. <\/li><\/ul><div class=\"wp-block-image\"><figure class=\"aligncenter\"><img decoding=\"async\" src=\"https:\/\/exceladvisor.org\/wp-content\/uploads\/2023\/08\/cliquez-sur-la-regle-de-formule-pour-mettre-en-surbrillance-les-dates-entre-deux-dates.png\" sizes=\"\" srcset=\"\" alt=\"clique na regra da f\u00f3rmula para destacar as datas entre duas datas\"><\/figure><\/div><ul><li> A partir da\u00ed, na janela Nova Regra, selecione \u201cUsar uma f\u00f3rmula para determinar qual c\u00e9lula formatar\u201d.<\/li><li> Depois disso, na barra de entrada da f\u00f3rmula, insira a f\u00f3rmula abaixo.<\/li><li> Por fim, selecione uma cor na op\u00e7\u00e3o de formata\u00e7\u00e3o para aplicar \u00e0s c\u00e9lulas. <\/li><\/ul><div class=\"wp-block-image\"><figure class=\"aligncenter\"><img decoding=\"async\" src=\"https:\/\/exceladvisor.org\/wp-content\/uploads\/2023\/08\/ajouter-une-formule-pour-mettre-en-evidence-les-dates-entre-deux-dates.png\" sizes=\"\" srcset=\"\" alt=\"adicione uma f\u00f3rmula para destacar datas entre duas datas.png\"><\/figure><\/div><ul><li> No final, clique em OK.<\/li><\/ul><p> Depois de clicar em OK, todas as c\u00e9lulas com datas dentro do intervalo mencionado ser\u00e3o formatadas com a cor especificada. <\/p><div class=\"wp-block-image\"><figure class=\"aligncenter\"><img decoding=\"async\" src=\"https:\/\/exceladvisor.org\/wp-content\/uploads\/2023\/08\/surligner-les-dates-entre-deux-dates-dans-une-colonne.png\" sizes=\"\" srcset=\"\" alt=\"destacar datas entre duas datas em uma coluna\"><\/figure><\/div><h2 class=\"wp-block-heading\"> Como funciona esta f\u00f3rmula CF?<\/h2><p> A fun\u00e7\u00e3o AND pode aceitar v\u00e1rias condi\u00e7\u00f5es e retornar TRUE se todas as condi\u00e7\u00f5es forem TRUE, caso contr\u00e1rio, FALSE.<\/p><p> Portanto, quando voc\u00ea <a href=\"https:\/\/exceladvisor.org\/pt\/formulas-1\/\" data-wpil=\"url\">usa esta f\u00f3rmula<\/a> na formata\u00e7\u00e3o condicional, ela verifica a data na c\u00e9lula e retorna TRUE se essa data estiver dentro do intervalo de datas. Com este TRUE, a formata\u00e7\u00e3o condicional aplica uma cor a todas as c\u00e9lulas com datas.<\/p><div class=\"gb-container gb-container-0df56012 gb-container-mt\"> <a class=\"gb-button gb-button-f9f432f4 gb-button-text gb-button-mt-button\" href=\"https:\/\/exceladvisor.org\/pt\/formulas\/\">Lista de f\u00f3rmulas do Excel<\/a><h2 class=\"gb-headline gb-headline-233444e8 gb-headline-text gb-headline-mt-heading\"> F\u00f3rmulas relacionadas <\/h2><div class=\"gb-grid-wrapper gb-grid-wrapper-a16fa65c gb-grid-wrapper-mt-grid\"><div class=\"gb-grid-column gb-grid-column-50d07e0d\"><div class=\"gb-container gb-container-50d07e0d\"><ul><li> <a href=\"https:\/\/exceladvisor.org\/pt\/comparar-duas-datas\/\">Compare duas datas no Excel<\/a><\/li><li> <a href=\"https:\/\/exceladvisor.org\/pt\/converter-data-em-numero\/\">Converter data em n\u00famero no Excel<\/a><\/li><li> <a href=\"https:\/\/exceladvisor.org\/pt\/texto-ate-o-momento\/\">Converter texto atualizado no Excel<\/a> <\/li><\/ul><\/div><\/div><div class=\"gb-grid-column gb-grid-column-5b4a0cf9\"><div class=\"gb-container gb-container-5b4a0cf9\"><ul><li> <a href=\"https:\/\/exceladvisor.org\/pt\/concatenar-duas-datas\/\">Concatene rapidamente duas datas no Excel<\/a><\/li><li> <a href=\"https:\/\/exceladvisor.org\/pt\/gerador-de-data-aleatoria\/\">Gerador de data aleat\u00f3ria (f\u00f3rmula Excel) no Excel<\/a><\/li><li> <a href=\"https:\/\/exceladvisor.org\/pt\/combinar-data-e-hora\/\">Combine data e hora no Excel<\/a><\/li><\/ul><\/div><\/div><\/div><\/div>","protected":false},"excerpt":{"rendered":"","protected":false},"author":1,"featured_media":0,"parent":0,"menu_order":0,"comment_status":"open","ping_status":"closed","template":"","meta":{"ub_ctt_via":"","footnotes":""},"class_list":["post-43","page","type-page","status-publish","hentry"],"featured_image_src":null,"yoast_head":"<!-- This site is optimized with the Yoast SEO plugin v25.4 - https:\/\/yoast.com\/wordpress\/plugins\/seo\/ -->\n<title>Como fa\u00e7o para destacar datas entre duas datas?<\/title>\n<meta name=\"description\" content=\"Se voc\u00ea tiver uma data de in\u00edcio em 17 de janeiro de 2025 e uma data de t\u00e9rmino em 19 de mar\u00e7o de 2025 e de uma coluna que deseja inserir\" \/>\n<meta name=\"robots\" content=\"index, follow, max-snippet:-1, max-image-preview:large, max-video-preview:-1\" \/>\n<link rel=\"canonical\" href=\"https:\/\/exceladvisor.org\/pt\/destacando-entre-duas-datas\/\" \/>\n<meta property=\"og:locale\" content=\"pt_PT\" \/>\n<meta property=\"og:type\" content=\"article\" \/>\n<meta property=\"og:title\" content=\"Como fa\u00e7o para destacar datas entre duas datas?\" \/>\n<meta property=\"og:description\" content=\"Se voc\u00ea tiver uma data de in\u00edcio em 17 de janeiro de 2025 e uma data de t\u00e9rmino em 19 de mar\u00e7o de 2025 e de uma coluna que deseja inserir\" \/>\n<meta property=\"og:url\" content=\"https:\/\/exceladvisor.org\/pt\/destacando-entre-duas-datas\/\" \/>\n<meta property=\"og:site_name\" content=\"Excel Advisor\" \/>\n<meta property=\"article:modified_time\" content=\"2023-12-06T11:37:46+00:00\" \/>\n<meta property=\"og:image\" content=\"https:\/\/exceladvisor.org\/wp-content\/uploads\/2023\/08\/cliquez-sur-la-regle-de-formule-pour-mettre-en-surbrillance-les-dates-entre-deux-dates.png\" \/>\n<meta name=\"twitter:card\" content=\"summary_large_image\" \/>\n<meta name=\"twitter:label1\" content=\"Tempo estimado de leitura\" \/>\n\t<meta name=\"twitter:data1\" content=\"2 minutos\" \/>\n<script type=\"application\/ld+json\" class=\"yoast-schema-graph\">{\"@context\":\"https:\/\/schema.org\",\"@graph\":[{\"@type\":\"WebPage\",\"@id\":\"https:\/\/exceladvisor.org\/pt\/destacando-entre-duas-datas\/\",\"url\":\"https:\/\/exceladvisor.org\/pt\/destacando-entre-duas-datas\/\",\"name\":\"Como fa\u00e7o para destacar datas entre duas datas?\",\"isPartOf\":{\"@id\":\"https:\/\/exceladvisor.org\/pt\/#website\"},\"primaryImageOfPage\":{\"@id\":\"https:\/\/exceladvisor.org\/pt\/destacando-entre-duas-datas\/#primaryimage\"},\"image\":{\"@id\":\"https:\/\/exceladvisor.org\/pt\/destacando-entre-duas-datas\/#primaryimage\"},\"thumbnailUrl\":\"https:\/\/exceladvisor.org\/wp-content\/uploads\/2023\/08\/cliquez-sur-la-regle-de-formule-pour-mettre-en-surbrillance-les-dates-entre-deux-dates.png\",\"datePublished\":\"2023-11-18T05:46:34+00:00\",\"dateModified\":\"2023-12-06T11:37:46+00:00\",\"description\":\"Se voc\u00ea tiver uma data de in\u00edcio em 17 de janeiro de 2025 e uma data de t\u00e9rmino em 19 de mar\u00e7o de 2025 e de uma coluna que deseja inserir\",\"breadcrumb\":{\"@id\":\"https:\/\/exceladvisor.org\/pt\/destacando-entre-duas-datas\/#breadcrumb\"},\"inLanguage\":\"pt-PT\",\"potentialAction\":[{\"@type\":\"ReadAction\",\"target\":[\"https:\/\/exceladvisor.org\/pt\/destacando-entre-duas-datas\/\"]}]},{\"@type\":\"ImageObject\",\"inLanguage\":\"pt-PT\",\"@id\":\"https:\/\/exceladvisor.org\/pt\/destacando-entre-duas-datas\/#primaryimage\",\"url\":\"https:\/\/exceladvisor.org\/wp-content\/uploads\/2023\/08\/cliquez-sur-la-regle-de-formule-pour-mettre-en-surbrillance-les-dates-entre-deux-dates.png\",\"contentUrl\":\"https:\/\/exceladvisor.org\/wp-content\/uploads\/2023\/08\/cliquez-sur-la-regle-de-formule-pour-mettre-en-surbrillance-les-dates-entre-deux-dates.png\"},{\"@type\":\"BreadcrumbList\",\"@id\":\"https:\/\/exceladvisor.org\/pt\/destacando-entre-duas-datas\/#breadcrumb\",\"itemListElement\":[{\"@type\":\"ListItem\",\"position\":1,\"name\":\"Lar\",\"item\":\"https:\/\/exceladvisor.org\/pt\/\"},{\"@type\":\"ListItem\",\"position\":2,\"name\":\"Como fa\u00e7o para destacar datas entre duas datas?\"}]},{\"@type\":\"WebSite\",\"@id\":\"https:\/\/exceladvisor.org\/pt\/#website\",\"url\":\"https:\/\/exceladvisor.org\/pt\/\",\"name\":\"Excel Advisor\",\"description\":\"O seu guia definitivo para dominar os dados!\",\"publisher\":{\"@id\":\"https:\/\/exceladvisor.org\/pt\/#organization\"},\"potentialAction\":[{\"@type\":\"SearchAction\",\"target\":{\"@type\":\"EntryPoint\",\"urlTemplate\":\"https:\/\/exceladvisor.org\/pt\/?s={search_term_string}\"},\"query-input\":{\"@type\":\"PropertyValueSpecification\",\"valueRequired\":true,\"valueName\":\"search_term_string\"}}],\"inLanguage\":\"pt-PT\"},{\"@type\":\"Organization\",\"@id\":\"https:\/\/exceladvisor.org\/pt\/#organization\",\"name\":\"Excel Advisor\",\"url\":\"https:\/\/exceladvisor.org\/pt\/\",\"logo\":{\"@type\":\"ImageObject\",\"inLanguage\":\"pt-PT\",\"@id\":\"https:\/\/exceladvisor.org\/pt\/#\/schema\/logo\/image\/\",\"url\":\"https:\/\/exceladvisor.org\/pt\/wp-content\/uploads\/2023\/12\/exceladvisor.org_.png\",\"contentUrl\":\"https:\/\/exceladvisor.org\/pt\/wp-content\/uploads\/2023\/12\/exceladvisor.org_.png\",\"width\":105,\"height\":36,\"caption\":\"Excel Advisor\"},\"image\":{\"@id\":\"https:\/\/exceladvisor.org\/pt\/#\/schema\/logo\/image\/\"}}]}<\/script>\n<!-- \/ Yoast SEO plugin. -->","yoast_head_json":{"title":"Como fa\u00e7o para destacar datas entre duas datas?","description":"Se voc\u00ea tiver uma data de in\u00edcio em 17 de janeiro de 2025 e uma data de t\u00e9rmino em 19 de mar\u00e7o de 2025 e de uma coluna que deseja inserir","robots":{"index":"index","follow":"follow","max-snippet":"max-snippet:-1","max-image-preview":"max-image-preview:large","max-video-preview":"max-video-preview:-1"},"canonical":"https:\/\/exceladvisor.org\/pt\/destacando-entre-duas-datas\/","og_locale":"pt_PT","og_type":"article","og_title":"Como fa\u00e7o para destacar datas entre duas datas?","og_description":"Se voc\u00ea tiver uma data de in\u00edcio em 17 de janeiro de 2025 e uma data de t\u00e9rmino em 19 de mar\u00e7o de 2025 e de uma coluna que deseja inserir","og_url":"https:\/\/exceladvisor.org\/pt\/destacando-entre-duas-datas\/","og_site_name":"Excel Advisor","article_modified_time":"2023-12-06T11:37:46+00:00","og_image":[{"url":"https:\/\/exceladvisor.org\/wp-content\/uploads\/2023\/08\/cliquez-sur-la-regle-de-formule-pour-mettre-en-surbrillance-les-dates-entre-deux-dates.png","type":"","width":"","height":""}],"twitter_card":"summary_large_image","twitter_misc":{"Tempo estimado de leitura":"2 minutos"},"schema":{"@context":"https:\/\/schema.org","@graph":[{"@type":"WebPage","@id":"https:\/\/exceladvisor.org\/pt\/destacando-entre-duas-datas\/","url":"https:\/\/exceladvisor.org\/pt\/destacando-entre-duas-datas\/","name":"Como fa\u00e7o para destacar datas entre duas datas?","isPartOf":{"@id":"https:\/\/exceladvisor.org\/pt\/#website"},"primaryImageOfPage":{"@id":"https:\/\/exceladvisor.org\/pt\/destacando-entre-duas-datas\/#primaryimage"},"image":{"@id":"https:\/\/exceladvisor.org\/pt\/destacando-entre-duas-datas\/#primaryimage"},"thumbnailUrl":"https:\/\/exceladvisor.org\/wp-content\/uploads\/2023\/08\/cliquez-sur-la-regle-de-formule-pour-mettre-en-surbrillance-les-dates-entre-deux-dates.png","datePublished":"2023-11-18T05:46:34+00:00","dateModified":"2023-12-06T11:37:46+00:00","description":"Se voc\u00ea tiver uma data de in\u00edcio em 17 de janeiro de 2025 e uma data de t\u00e9rmino em 19 de mar\u00e7o de 2025 e de uma coluna que deseja inserir","breadcrumb":{"@id":"https:\/\/exceladvisor.org\/pt\/destacando-entre-duas-datas\/#breadcrumb"},"inLanguage":"pt-PT","potentialAction":[{"@type":"ReadAction","target":["https:\/\/exceladvisor.org\/pt\/destacando-entre-duas-datas\/"]}]},{"@type":"ImageObject","inLanguage":"pt-PT","@id":"https:\/\/exceladvisor.org\/pt\/destacando-entre-duas-datas\/#primaryimage","url":"https:\/\/exceladvisor.org\/wp-content\/uploads\/2023\/08\/cliquez-sur-la-regle-de-formule-pour-mettre-en-surbrillance-les-dates-entre-deux-dates.png","contentUrl":"https:\/\/exceladvisor.org\/wp-content\/uploads\/2023\/08\/cliquez-sur-la-regle-de-formule-pour-mettre-en-surbrillance-les-dates-entre-deux-dates.png"},{"@type":"BreadcrumbList","@id":"https:\/\/exceladvisor.org\/pt\/destacando-entre-duas-datas\/#breadcrumb","itemListElement":[{"@type":"ListItem","position":1,"name":"Lar","item":"https:\/\/exceladvisor.org\/pt\/"},{"@type":"ListItem","position":2,"name":"Como fa\u00e7o para destacar datas entre duas datas?"}]},{"@type":"WebSite","@id":"https:\/\/exceladvisor.org\/pt\/#website","url":"https:\/\/exceladvisor.org\/pt\/","name":"Excel Advisor","description":"O seu guia definitivo para dominar os dados!","publisher":{"@id":"https:\/\/exceladvisor.org\/pt\/#organization"},"potentialAction":[{"@type":"SearchAction","target":{"@type":"EntryPoint","urlTemplate":"https:\/\/exceladvisor.org\/pt\/?s={search_term_string}"},"query-input":{"@type":"PropertyValueSpecification","valueRequired":true,"valueName":"search_term_string"}}],"inLanguage":"pt-PT"},{"@type":"Organization","@id":"https:\/\/exceladvisor.org\/pt\/#organization","name":"Excel Advisor","url":"https:\/\/exceladvisor.org\/pt\/","logo":{"@type":"ImageObject","inLanguage":"pt-PT","@id":"https:\/\/exceladvisor.org\/pt\/#\/schema\/logo\/image\/","url":"https:\/\/exceladvisor.org\/pt\/wp-content\/uploads\/2023\/12\/exceladvisor.org_.png","contentUrl":"https:\/\/exceladvisor.org\/pt\/wp-content\/uploads\/2023\/12\/exceladvisor.org_.png","width":105,"height":36,"caption":"Excel Advisor"},"image":{"@id":"https:\/\/exceladvisor.org\/pt\/#\/schema\/logo\/image\/"}}]}},"yoast_meta":{"yoast_wpseo_title":"","yoast_wpseo_metadesc":"","yoast_wpseo_canonical":""},"_links":{"self":[{"href":"https:\/\/exceladvisor.org\/pt\/wp-json\/wp\/v2\/pages\/43","targetHints":{"allow":["GET"]}}],"collection":[{"href":"https:\/\/exceladvisor.org\/pt\/wp-json\/wp\/v2\/pages"}],"about":[{"href":"https:\/\/exceladvisor.org\/pt\/wp-json\/wp\/v2\/types\/page"}],"author":[{"embeddable":true,"href":"https:\/\/exceladvisor.org\/pt\/wp-json\/wp\/v2\/users\/1"}],"replies":[{"embeddable":true,"href":"https:\/\/exceladvisor.org\/pt\/wp-json\/wp\/v2\/comments?post=43"}],"version-history":[{"count":1,"href":"https:\/\/exceladvisor.org\/pt\/wp-json\/wp\/v2\/pages\/43\/revisions"}],"predecessor-version":[{"id":1067,"href":"https:\/\/exceladvisor.org\/pt\/wp-json\/wp\/v2\/pages\/43\/revisions\/1067"}],"wp:attachment":[{"href":"https:\/\/exceladvisor.org\/pt\/wp-json\/wp\/v2\/media?parent=43"}],"curies":[{"name":"wp","href":"https:\/\/api.w.org\/{rel}","templated":true}]}}