{"id":430,"date":"2023-10-29T06:25:17","date_gmt":"2023-10-29T06:25:17","guid":{"rendered":"https:\/\/exceladvisor.org\/pt\/modo-de-seguranca-do-excel\/"},"modified":"2023-12-06T11:33:43","modified_gmt":"2023-12-06T11:33:43","slug":"modo-de-seguranca-do-excel","status":"publish","type":"page","link":"https:\/\/exceladvisor.org\/pt\/modo-de-seguranca-do-excel\/","title":{"rendered":"Como abrir o excel em modo de seguran\u00e7a?"},"content":{"rendered":"<div class=\"excel-before-content-2\" id=\"excel-4144815031\"><script type=\"text\/javascript\">\r\n\tatOptions = {\r\n\t\t'key' : 'c1158f160081d6540a8409e6925dab94',\r\n\t\t'format' : 'iframe',\r\n\t\t'height' : 250,\r\n\t\t'width' : 300,\r\n\t\t'params' : {}\r\n\t};\r\n<\/script>\r\n<script type=\"text\/javascript\" src=\"\/\/www.highperformanceformat.com\/c1158f160081d6540a8409e6925dab94\/invoke.js\"><\/script><\/div><div class=\"excel-before-content\" id=\"excel-2578607650\"><script type=\"text\/javascript\">\r\n\tatOptions = {\r\n\t\t'key' : 'c1158f160081d6540a8409e6925dab94',\r\n\t\t'format' : 'iframe',\r\n\t\t'height' : 250,\r\n\t\t'width' : 300,\r\n\t\t'params' : {}\r\n\t};\r\n<\/script>\r\n<script type=\"text\/javascript\" src=\"\/\/www.highperformanceformat.com\/c1158f160081d6540a8409e6925dab94\/invoke.js\"><\/script><\/div> <p>Quando voc\u00ea abre o Excel no modo de seguran\u00e7a, ele permite solucionar problemas do arquivo. \u00c9 \u00fatil quando um arquivo Excel trava ao abri-lo, trava ao tentar calcular ou ao tentar salv\u00e1-lo. O modo de seguran\u00e7a permite que voc\u00ea abra um arquivo com restri\u00e7\u00f5es e solucione o problema. <\/p><div class=\"wp-block-image\"><figure class=\"aligncenter size-full is-resized\"><img loading=\"lazy\" decoding=\"async\" class=\"wp-image-75213\" src=\"https:\/\/exceladvisor.org\/wp-content\/uploads\/2023\/08\/1-ouvrir-le-mode-sans-echec-excel.png\" sizes=\"auto, \" srcset=\"\" alt=\"abrir-excel-modo de seguran\u00e7a\" width=\"535\" height=\"296\"><\/figure><\/div><h2 class=\"wp-block-heading\"> Etapas para abrir o Excel no modo de seguran\u00e7a<\/h2><ol><li> Primeiro, mantenha pressionada a tecla Ctrl. <br><img loading=\"lazy\" decoding=\"async\" title=\"2 teclas de controle\" src=\"https:\/\/exceladvisor.org\/wp-content\/uploads\/2023\/08\/2-touches-de-controle.png\" sizes=\"auto, \" srcset=\"\" alt=\"control-key\" width=\"115\" height=\"79\"><\/li><li> Agora, mantendo pressionada a tecla Ctrl, clique duas vezes no arquivo Excel que deseja abrir no modo de seguran\u00e7a. <br><img loading=\"lazy\" decoding=\"async\" title=\"3-clique duas vezes no arquivo Excel\" src=\"https:\/\/exceladvisor.org\/wp-content\/uploads\/2023\/08\/3-double-cliquez-sur-le-fichier-excel.png\" sizes=\"auto, \" srcset=\"\" alt=\"double-click-on-excel-file\" width=\"302\" height=\"206\"><\/li><li> A partir da\u00ed voc\u00ea receber\u00e1 uma mensagem do Excel, querendo ou n\u00e3o abri-lo em modo de seguran\u00e7a. <br><img loading=\"lazy\" decoding=\"async\" title=\"4 mensagens para abrir em modo de seguran\u00e7a\" src=\"https:\/\/exceladvisor.org\/wp-content\/uploads\/2023\/08\/4-message-a-ouvrir-en-mode-sans-echec.png\" sizes=\"auto, \" srcset=\"\" alt=\"message-to-open-in-safe-mode\" width=\"430\" height=\"178\"><\/li><li> Ao final, voc\u00ea ter\u00e1 o Excel aberto no Modo de Seguran\u00e7a como abaixo. <br><img loading=\"lazy\" decoding=\"async\" title=\"5-excel-abrir-em-modo de seguran\u00e7a\" src=\"https:\/\/exceladvisor.org\/wp-content\/uploads\/2023\/08\/5-excel-ouvert-en-mode-sans-echec.png\" sizes=\"auto, \" srcset=\"\" alt=\"excel-opened-in-safe-mode\" width=\"471\" height=\"295\"><\/li><\/ol><p> Quando voc\u00ea abre o Excel no Modo de Seguran\u00e7a, como eu disse, ele restringe muitas op\u00e7\u00f5es que voc\u00ea tem no Excel no Modo Normal.<\/p><h2 class=\"wp-block-heading\"> Abra o Excel no modo de seguran\u00e7a usando o modo de comando<\/h2><ol><li> Primeiro, abra a barra de pesquisa do Windows e digite \u201cexecutar\u201d e, a seguir, clique em executar para abrir o aplicativo \u201cExecutar\u201d. <br><img loading=\"lazy\" decoding=\"async\" title=\"6-aplicativo de execu\u00e7\u00e3o aberta\" src=\"https:\/\/exceladvisor.org\/wp-content\/uploads\/2023\/08\/6-candidatures-ouvertes.png\" sizes=\"auto, \" srcset=\"\" alt=\"open-run-application\" width=\"516\" height=\"229\"><\/li><li> Voc\u00ea tamb\u00e9m pode usar um atalho de teclado, Window + R para abrir \u201cExecutar\u201d.<\/li><li> Agora, na barra de entrada \u201cAbrir\u201d, digite \u201cexcel\/safe\u201d. <br><img loading=\"lazy\" decoding=\"async\" title=\"7-enter-exce-safe\" src=\"https:\/\/exceladvisor.org\/wp-content\/uploads\/2023\/08\/7-entrez-dans-le-coffre-fort.png\" sizes=\"auto, \" srcset=\"\" alt=\"enter-excel-safe\" width=\"399\" height=\"237\"><\/li><li> Assim que voc\u00ea clicar em OK, o Excel ser\u00e1 aberto em modo de seguran\u00e7a. <br><img loading=\"lazy\" decoding=\"async\" title=\"8-excel-em-modo-de-seguran\u00e7a-\" src=\"https:\/\/exceladvisor.org\/wp-content\/uploads\/2023\/08\/8-excel-en-mode-sans-echec.png\" sizes=\"auto, \" srcset=\"\" alt=\"excel-in-safe-mode\" width=\"450\" height=\"281\"><\/li><\/ol><h2 class=\"wp-block-heading\"> Crie um \u00edcone espec\u00edfico do Excel para abri-lo no modo de seguran\u00e7a<\/h2><p> Voc\u00ea tamb\u00e9m pode especificar um \u00edcone para abrir o Excel no modo de seguran\u00e7a sempre que desejar.<\/p><ol><li> Primeiro, v\u00e1 para o aplicativo Excel no menu Iniciar, clique com o bot\u00e3o direito e abra o local do arquivo. <br><img loading=\"lazy\" decoding=\"async\" title=\"9-local do arquivo aberto\" src=\"https:\/\/exceladvisor.org\/wp-content\/uploads\/2023\/08\/9-ouvrir-lemplacement-du-fichier.png\" sizes=\"auto, \" srcset=\"\" alt=\"open-file-location\" width=\"304\" height=\"348\"><\/li><li> Agora, no local do arquivo, voc\u00ea encontrar\u00e1 um \u00edcone do aplicativo Excel. <br><img loading=\"lazy\" decoding=\"async\" title=\"10 \u00edcones para aplicativo Excel\" src=\"https:\/\/exceladvisor.org\/wp-content\/uploads\/2023\/08\/10-icone-pour-lapplication-excel.png\" sizes=\"auto, \" srcset=\"\" alt=\"icon-for-excel-application\" width=\"386\" height=\"90\"><\/li><li> Copie este \u00edcone e cole-o na sua \u00e1rea de trabalho. <br><img loading=\"lazy\" decoding=\"async\" title=\"11-\u00edcone de copiar e colar\" src=\"https:\/\/exceladvisor.org\/wp-content\/uploads\/2023\/08\/11-copier-et-coller-licone.png\" sizes=\"auto, \" srcset=\"\" alt=\"copy-and-paste-icon\" width=\"296\" height=\"250\"><\/li><li> Agora clique com o bot\u00e3o direito no \u00edcone e clique em propriedades. <br><img loading=\"lazy\" decoding=\"async\" title=\"Propriedades em 12 cliques\" src=\"https:\/\/exceladvisor.org\/wp-content\/uploads\/2023\/08\/12-cliquez-sur-les-proprietes.png\" sizes=\"auto, \" srcset=\"\" alt=\"click-on-properties\" width=\"294\" height=\"324\"><\/li><li> A partir da\u00ed, em Propriedades, v\u00e1 at\u00e9 a aba Atalho e clique na barra de entrada \u201cDestino\u201d. <br><img loading=\"lazy\" decoding=\"async\" title=\"Barra de entrada de destino de 13 cliques\" src=\"https:\/\/exceladvisor.org\/wp-content\/uploads\/2023\/08\/Barre-de-saisie-cible-a-13-clics.png\" sizes=\"auto, \" srcset=\"\" alt=\"click-target-input-bar\" width=\"377\" height=\"243\"><\/li><li> Agora, sem alterar nenhum valor, v\u00e1 at\u00e9 o final do valor e digite \u201cseguro\u201d. <br><img loading=\"lazy\" decoding=\"async\" title=\"14-go-to-end-enter-safe\" src=\"https:\/\/exceladvisor.org\/wp-content\/uploads\/2023\/08\/14-aller-a-la-fin-entrer-en-toute-securite.png\" sizes=\"auto, \" srcset=\"\" alt=\"go-to-end-enter-safe\" width=\"450\" height=\"59\"><\/li><li> E, na aba geral, voc\u00ea tamb\u00e9m pode alterar o nome da sua refer\u00eancia. <br><img loading=\"lazy\" decoding=\"async\" title=\"15-guia geral para alterar o nome\" src=\"https:\/\/exceladvisor.org\/wp-content\/uploads\/2023\/08\/15-onglet-general-pour-changer-de-nom.png\" sizes=\"auto, \" srcset=\"\" alt=\"general-tab-to-change-name\" width=\"379\" height=\"209\"><\/li><li> No final, clique em OK.<\/li><\/ol><p> Agora voc\u00ea tem um \u00edcone na \u00e1rea de trabalho que pode usar para abrir o Excel no modo de seguran\u00e7a sempre que desejar. <\/p><div class=\"wp-block-image\"><figure class=\"aligncenter size-full is-resized\"><img loading=\"lazy\" decoding=\"async\" class=\"wp-image-75228\" src=\"https:\/\/exceladvisor.org\/wp-content\/uploads\/2023\/08\/16-icone-sur-le-bureau.png\" sizes=\"auto, \" srcset=\"\" alt=\"\u00edcone na \u00e1rea de trabalho\" width=\"301\" height=\"270\"><\/figure><\/div><div class=\"gb-container gb-container-4db6181c gb-container-mt\"> <a class=\"gb-button gb-button-c5897111 gb-button-text gb-button-mt-button\" href=\"https:\/\/exceladvisor.org\/pt\/excel-avancado\/\">Tutoriais avan\u00e7ados de Excel<\/a><h2 class=\"gb-headline gb-headline-665e5f6b gb-headline-text gb-headline-mt-heading\"> Tutoriais relacionados <\/h2><div class=\"gb-grid-wrapper gb-grid-wrapper-a20baf7c gb-grid-wrapper-mt-grid\"><div class=\"gb-grid-column gb-grid-column-65ddf67e\"><div class=\"gb-container gb-container-65ddf67e\"><ul><li> <a href=\"https:\/\/exceladvisor.org\/pt\/ferramenta-de-camera\/\">Ferramenta C\u00e2mera Excel<\/a><\/li><li> <a href=\"https:\/\/exceladvisor.org\/pt\/busca-de-meta\/\">Localizador de metas no Excel<\/a><\/li><li> <a href=\"https:\/\/exceladvisor.org\/pt\/janela-de-observacao\/\">Janela de observa\u00e7\u00e3o no Excel<\/a><\/li><li> <a href=\"https:\/\/exceladvisor.org\/pt\/fatiador-de-excel\/\">Fatiador de Excel (guia completo)<\/a><\/li><li> <a href=\"https:\/\/exceladvisor.org\/pt\/excel-por-padrao-no-mac\/\">Tornar o Excel padr\u00e3o no Mac<\/a><\/li><\/ul><\/div><\/div><\/div><\/div>","protected":false},"excerpt":{"rendered":"","protected":false},"author":1,"featured_media":0,"parent":0,"menu_order":0,"comment_status":"open","ping_status":"closed","template":"","meta":{"ub_ctt_via":"","footnotes":""},"class_list":["post-430","page","type-page","status-publish","hentry"],"featured_image_src":null,"yoast_head":"<!-- This site is optimized with the Yoast SEO plugin v25.4 - https:\/\/yoast.com\/wordpress\/plugins\/seo\/ -->\n<title>Como abrir o Excel em modo de seguran\u00e7a?<\/title>\n<meta name=\"description\" content=\"Neste tutorial, aprenderemos como abrir o Excel no modo de seguran\u00e7a usando um m\u00e9todo passo a passo.\" \/>\n<meta name=\"robots\" content=\"index, follow, max-snippet:-1, max-image-preview:large, max-video-preview:-1\" \/>\n<link rel=\"canonical\" href=\"https:\/\/exceladvisor.org\/pt\/modo-de-seguranca-do-excel\/\" \/>\n<meta property=\"og:locale\" content=\"pt_PT\" \/>\n<meta property=\"og:type\" content=\"article\" \/>\n<meta property=\"og:title\" content=\"Como abrir o Excel em modo de seguran\u00e7a?\" \/>\n<meta property=\"og:description\" content=\"Neste tutorial, aprenderemos como abrir o Excel no modo de seguran\u00e7a usando um m\u00e9todo passo a passo.\" \/>\n<meta property=\"og:url\" content=\"https:\/\/exceladvisor.org\/pt\/modo-de-seguranca-do-excel\/\" \/>\n<meta property=\"og:site_name\" content=\"Excel Advisor\" \/>\n<meta property=\"article:modified_time\" content=\"2023-12-06T11:33:43+00:00\" \/>\n<meta property=\"og:image\" content=\"https:\/\/exceladvisor.org\/wp-content\/uploads\/2023\/08\/1-ouvrir-le-mode-sans-echec-excel.png\" \/>\n<meta name=\"twitter:card\" content=\"summary_large_image\" \/>\n<meta name=\"twitter:label1\" content=\"Tempo estimado de leitura\" \/>\n\t<meta name=\"twitter:data1\" content=\"2 minutos\" \/>\n<script type=\"application\/ld+json\" class=\"yoast-schema-graph\">{\"@context\":\"https:\/\/schema.org\",\"@graph\":[{\"@type\":\"WebPage\",\"@id\":\"https:\/\/exceladvisor.org\/pt\/modo-de-seguranca-do-excel\/\",\"url\":\"https:\/\/exceladvisor.org\/pt\/modo-de-seguranca-do-excel\/\",\"name\":\"Como abrir o Excel em modo de seguran\u00e7a?\",\"isPartOf\":{\"@id\":\"https:\/\/exceladvisor.org\/pt\/#website\"},\"primaryImageOfPage\":{\"@id\":\"https:\/\/exceladvisor.org\/pt\/modo-de-seguranca-do-excel\/#primaryimage\"},\"image\":{\"@id\":\"https:\/\/exceladvisor.org\/pt\/modo-de-seguranca-do-excel\/#primaryimage\"},\"thumbnailUrl\":\"https:\/\/exceladvisor.org\/wp-content\/uploads\/2023\/08\/1-ouvrir-le-mode-sans-echec-excel.png\",\"datePublished\":\"2023-10-29T06:25:17+00:00\",\"dateModified\":\"2023-12-06T11:33:43+00:00\",\"description\":\"Neste tutorial, aprenderemos como abrir o Excel no modo de seguran\u00e7a usando um m\u00e9todo passo a passo.\",\"breadcrumb\":{\"@id\":\"https:\/\/exceladvisor.org\/pt\/modo-de-seguranca-do-excel\/#breadcrumb\"},\"inLanguage\":\"pt-PT\",\"potentialAction\":[{\"@type\":\"ReadAction\",\"target\":[\"https:\/\/exceladvisor.org\/pt\/modo-de-seguranca-do-excel\/\"]}]},{\"@type\":\"ImageObject\",\"inLanguage\":\"pt-PT\",\"@id\":\"https:\/\/exceladvisor.org\/pt\/modo-de-seguranca-do-excel\/#primaryimage\",\"url\":\"https:\/\/exceladvisor.org\/wp-content\/uploads\/2023\/08\/1-ouvrir-le-mode-sans-echec-excel.png\",\"contentUrl\":\"https:\/\/exceladvisor.org\/wp-content\/uploads\/2023\/08\/1-ouvrir-le-mode-sans-echec-excel.png\"},{\"@type\":\"BreadcrumbList\",\"@id\":\"https:\/\/exceladvisor.org\/pt\/modo-de-seguranca-do-excel\/#breadcrumb\",\"itemListElement\":[{\"@type\":\"ListItem\",\"position\":1,\"name\":\"Lar\",\"item\":\"https:\/\/exceladvisor.org\/pt\/\"},{\"@type\":\"ListItem\",\"position\":2,\"name\":\"Como abrir o excel em modo de seguran\u00e7a?\"}]},{\"@type\":\"WebSite\",\"@id\":\"https:\/\/exceladvisor.org\/pt\/#website\",\"url\":\"https:\/\/exceladvisor.org\/pt\/\",\"name\":\"Excel Advisor\",\"description\":\"O seu guia definitivo para dominar os dados!\",\"publisher\":{\"@id\":\"https:\/\/exceladvisor.org\/pt\/#organization\"},\"potentialAction\":[{\"@type\":\"SearchAction\",\"target\":{\"@type\":\"EntryPoint\",\"urlTemplate\":\"https:\/\/exceladvisor.org\/pt\/?s={search_term_string}\"},\"query-input\":{\"@type\":\"PropertyValueSpecification\",\"valueRequired\":true,\"valueName\":\"search_term_string\"}}],\"inLanguage\":\"pt-PT\"},{\"@type\":\"Organization\",\"@id\":\"https:\/\/exceladvisor.org\/pt\/#organization\",\"name\":\"Excel Advisor\",\"url\":\"https:\/\/exceladvisor.org\/pt\/\",\"logo\":{\"@type\":\"ImageObject\",\"inLanguage\":\"pt-PT\",\"@id\":\"https:\/\/exceladvisor.org\/pt\/#\/schema\/logo\/image\/\",\"url\":\"https:\/\/exceladvisor.org\/pt\/wp-content\/uploads\/2023\/12\/exceladvisor.org_.png\",\"contentUrl\":\"https:\/\/exceladvisor.org\/pt\/wp-content\/uploads\/2023\/12\/exceladvisor.org_.png\",\"width\":105,\"height\":36,\"caption\":\"Excel Advisor\"},\"image\":{\"@id\":\"https:\/\/exceladvisor.org\/pt\/#\/schema\/logo\/image\/\"}}]}<\/script>\n<!-- \/ Yoast SEO plugin. -->","yoast_head_json":{"title":"Como abrir o Excel em modo de seguran\u00e7a?","description":"Neste tutorial, aprenderemos como abrir o Excel no modo de seguran\u00e7a usando um m\u00e9todo passo a passo.","robots":{"index":"index","follow":"follow","max-snippet":"max-snippet:-1","max-image-preview":"max-image-preview:large","max-video-preview":"max-video-preview:-1"},"canonical":"https:\/\/exceladvisor.org\/pt\/modo-de-seguranca-do-excel\/","og_locale":"pt_PT","og_type":"article","og_title":"Como abrir o Excel em modo de seguran\u00e7a?","og_description":"Neste tutorial, aprenderemos como abrir o Excel no modo de seguran\u00e7a usando um m\u00e9todo passo a passo.","og_url":"https:\/\/exceladvisor.org\/pt\/modo-de-seguranca-do-excel\/","og_site_name":"Excel Advisor","article_modified_time":"2023-12-06T11:33:43+00:00","og_image":[{"url":"https:\/\/exceladvisor.org\/wp-content\/uploads\/2023\/08\/1-ouvrir-le-mode-sans-echec-excel.png","type":"","width":"","height":""}],"twitter_card":"summary_large_image","twitter_misc":{"Tempo estimado de leitura":"2 minutos"},"schema":{"@context":"https:\/\/schema.org","@graph":[{"@type":"WebPage","@id":"https:\/\/exceladvisor.org\/pt\/modo-de-seguranca-do-excel\/","url":"https:\/\/exceladvisor.org\/pt\/modo-de-seguranca-do-excel\/","name":"Como abrir o Excel em modo de seguran\u00e7a?","isPartOf":{"@id":"https:\/\/exceladvisor.org\/pt\/#website"},"primaryImageOfPage":{"@id":"https:\/\/exceladvisor.org\/pt\/modo-de-seguranca-do-excel\/#primaryimage"},"image":{"@id":"https:\/\/exceladvisor.org\/pt\/modo-de-seguranca-do-excel\/#primaryimage"},"thumbnailUrl":"https:\/\/exceladvisor.org\/wp-content\/uploads\/2023\/08\/1-ouvrir-le-mode-sans-echec-excel.png","datePublished":"2023-10-29T06:25:17+00:00","dateModified":"2023-12-06T11:33:43+00:00","description":"Neste tutorial, aprenderemos como abrir o Excel no modo de seguran\u00e7a usando um m\u00e9todo passo a passo.","breadcrumb":{"@id":"https:\/\/exceladvisor.org\/pt\/modo-de-seguranca-do-excel\/#breadcrumb"},"inLanguage":"pt-PT","potentialAction":[{"@type":"ReadAction","target":["https:\/\/exceladvisor.org\/pt\/modo-de-seguranca-do-excel\/"]}]},{"@type":"ImageObject","inLanguage":"pt-PT","@id":"https:\/\/exceladvisor.org\/pt\/modo-de-seguranca-do-excel\/#primaryimage","url":"https:\/\/exceladvisor.org\/wp-content\/uploads\/2023\/08\/1-ouvrir-le-mode-sans-echec-excel.png","contentUrl":"https:\/\/exceladvisor.org\/wp-content\/uploads\/2023\/08\/1-ouvrir-le-mode-sans-echec-excel.png"},{"@type":"BreadcrumbList","@id":"https:\/\/exceladvisor.org\/pt\/modo-de-seguranca-do-excel\/#breadcrumb","itemListElement":[{"@type":"ListItem","position":1,"name":"Lar","item":"https:\/\/exceladvisor.org\/pt\/"},{"@type":"ListItem","position":2,"name":"Como abrir o excel em modo de seguran\u00e7a?"}]},{"@type":"WebSite","@id":"https:\/\/exceladvisor.org\/pt\/#website","url":"https:\/\/exceladvisor.org\/pt\/","name":"Excel Advisor","description":"O seu guia definitivo para dominar os dados!","publisher":{"@id":"https:\/\/exceladvisor.org\/pt\/#organization"},"potentialAction":[{"@type":"SearchAction","target":{"@type":"EntryPoint","urlTemplate":"https:\/\/exceladvisor.org\/pt\/?s={search_term_string}"},"query-input":{"@type":"PropertyValueSpecification","valueRequired":true,"valueName":"search_term_string"}}],"inLanguage":"pt-PT"},{"@type":"Organization","@id":"https:\/\/exceladvisor.org\/pt\/#organization","name":"Excel Advisor","url":"https:\/\/exceladvisor.org\/pt\/","logo":{"@type":"ImageObject","inLanguage":"pt-PT","@id":"https:\/\/exceladvisor.org\/pt\/#\/schema\/logo\/image\/","url":"https:\/\/exceladvisor.org\/pt\/wp-content\/uploads\/2023\/12\/exceladvisor.org_.png","contentUrl":"https:\/\/exceladvisor.org\/pt\/wp-content\/uploads\/2023\/12\/exceladvisor.org_.png","width":105,"height":36,"caption":"Excel Advisor"},"image":{"@id":"https:\/\/exceladvisor.org\/pt\/#\/schema\/logo\/image\/"}}]}},"yoast_meta":{"yoast_wpseo_title":"","yoast_wpseo_metadesc":"","yoast_wpseo_canonical":""},"_links":{"self":[{"href":"https:\/\/exceladvisor.org\/pt\/wp-json\/wp\/v2\/pages\/430","targetHints":{"allow":["GET"]}}],"collection":[{"href":"https:\/\/exceladvisor.org\/pt\/wp-json\/wp\/v2\/pages"}],"about":[{"href":"https:\/\/exceladvisor.org\/pt\/wp-json\/wp\/v2\/types\/page"}],"author":[{"embeddable":true,"href":"https:\/\/exceladvisor.org\/pt\/wp-json\/wp\/v2\/users\/1"}],"replies":[{"embeddable":true,"href":"https:\/\/exceladvisor.org\/pt\/wp-json\/wp\/v2\/comments?post=430"}],"version-history":[{"count":1,"href":"https:\/\/exceladvisor.org\/pt\/wp-json\/wp\/v2\/pages\/430\/revisions"}],"predecessor-version":[{"id":767,"href":"https:\/\/exceladvisor.org\/pt\/wp-json\/wp\/v2\/pages\/430\/revisions\/767"}],"wp:attachment":[{"href":"https:\/\/exceladvisor.org\/pt\/wp-json\/wp\/v2\/media?parent=430"}],"curies":[{"name":"wp","href":"https:\/\/api.w.org\/{rel}","templated":true}]}}