{"id":431,"date":"2023-10-29T06:14:20","date_gmt":"2023-10-29T06:14:20","guid":{"rendered":"https:\/\/exceladvisor.org\/pt\/fonte-padrao\/"},"modified":"2023-12-06T11:51:29","modified_gmt":"2023-12-06T11:51:29","slug":"fonte-padrao","status":"publish","type":"page","link":"https:\/\/exceladvisor.org\/pt\/fonte-padrao\/","title":{"rendered":"Qual \u00e9 a fonte padr\u00e3o no excel?"},"content":{"rendered":"<div class=\"excel-before-content-2\" id=\"excel-1980627337\"><script type=\"text\/javascript\">\r\n\tatOptions = {\r\n\t\t'key' : 'c1158f160081d6540a8409e6925dab94',\r\n\t\t'format' : 'iframe',\r\n\t\t'height' : 250,\r\n\t\t'width' : 300,\r\n\t\t'params' : {}\r\n\t};\r\n<\/script>\r\n<script type=\"text\/javascript\" src=\"\/\/www.highperformanceformat.com\/c1158f160081d6540a8409e6925dab94\/invoke.js\"><\/script><\/div><div class=\"excel-before-content\" id=\"excel-1398692396\"><script type=\"text\/javascript\">\r\n\tatOptions = {\r\n\t\t'key' : 'c1158f160081d6540a8409e6925dab94',\r\n\t\t'format' : 'iframe',\r\n\t\t'height' : 250,\r\n\t\t'width' : 300,\r\n\t\t'params' : {}\r\n\t};\r\n<\/script>\r\n<script type=\"text\/javascript\" src=\"\/\/www.highperformanceformat.com\/c1158f160081d6540a8409e6925dab94\/invoke.js\"><\/script><\/div> <p>Calibri \u00e9 o estilo de fonte padr\u00e3o no Excel com tamanho de fonte 11 e cor de fonte preta. E se voc\u00ea estiver usando Mac, \u00e9 Calibri com tamanho de fonte 11 tamb\u00e9m.<\/p><p> Mas existe uma op\u00e7\u00e3o no Excel para alterar o estilo de fonte padr\u00e3o, se desejar. Voc\u00ea pode alter\u00e1-lo para a pasta de trabalho atual ou alterar a fonte padr\u00e3o de todo o aplicativo. <\/p><div class=\"wp-block-image\"><figure class=\"aligncenter size-full is-resized\"><img loading=\"lazy\" decoding=\"async\" class=\"wp-image-74874\" src=\"https:\/\/exceladvisor.org\/wp-content\/uploads\/2023\/08\/1-couleur-de-style-de-taille-de-police-par-defaut.png\" sizes=\"auto, \" srcset=\"\" alt=\"cor do estilo do tamanho da fonte padr\u00e3o\" width=\"494\" height=\"192\"><\/figure><\/div><p> Neste tutorial, voc\u00ea aprender\u00e1 como alterar a fonte padr\u00e3o.<\/p><h2 class=\"wp-block-heading\"> Alterar fonte padr\u00e3o nas op\u00e7\u00f5es do Excel<\/h2><ol><li> Primeiro, clique na guia \u201cArquivo\u201d. <br><img loading=\"lazy\" decoding=\"async\" title=\"guia 2-ir para o arquivo\" src=\"https:\/\/exceladvisor.org\/wp-content\/uploads\/2023\/08\/2-aller-a-longlet-fichier.png\" sizes=\"auto, \" srcset=\"\" alt=\"go-to-file-tab\" width=\"387\" height=\"263\"><\/li><li> Depois disso, clique em \u201cOp\u00e7\u00f5es do Excel\u201d. <br><img loading=\"lazy\" decoding=\"async\" title=\"Op\u00e7\u00f5es do Excel em 3 cliques\" src=\"https:\/\/exceladvisor.org\/wp-content\/uploads\/2023\/08\/Options-Excel-en-3-clics.png\" sizes=\"auto, \" srcset=\"\" alt=\"click-excel-options\" width=\"333\" height=\"235\"><\/li><li> Agora, nas op\u00e7\u00f5es \u201cGeral\u201d, v\u00e1 em \u201cAo criar novas pastas de trabalho\u201d. <br><img loading=\"lazy\" decoding=\"async\" title=\"4 etapas para criar novos fich\u00e1rios\" src=\"https:\/\/exceladvisor.org\/wp-content\/uploads\/2023\/08\/4-aller-a-lors-de-la-creation-de-nouveaux-classeurs.png\" sizes=\"auto, \" srcset=\"\" alt=\"go-to-when-creating-new-workbooks\" width=\"521\" height=\"484\"><\/li><li> A partir da\u00ed, selecione a fonte em \u201cUsar como fonte padr\u00e3o\u201d. <br><img loading=\"lazy\" decoding=\"async\" title=\"5-selecionar fonte\" src=\"https:\/\/exceladvisor.org\/wp-content\/uploads\/2023\/08\/5-selectionnez-la-police.png\" sizes=\"auto, \" srcset=\"\" alt=\"select-the-font\" width=\"484\" height=\"162\"><\/li><li> Em seguida, altere o tamanho do \u201cTamanho da fonte\u201d. <br><img loading=\"lazy\" decoding=\"async\" title=\"6 altera\u00e7\u00f5es no tamanho da fonte\" src=\"https:\/\/exceladvisor.org\/wp-content\/uploads\/2023\/08\/6-changer-la-taille-de-la-police.png\" sizes=\"auto, \" srcset=\"\" alt=\"change-size-of-font\" width=\"483\" height=\"165\"><\/li><li> Ao final, clique em OK para salvar as configura\u00e7\u00f5es e o Excel solicitar\u00e1 que voc\u00ea feche e reinicie o aplicativo Excel. <br><img loading=\"lazy\" decoding=\"async\" title=\"7 configura\u00e7\u00f5es de salvamento\" src=\"https:\/\/exceladvisor.org\/wp-content\/uploads\/2023\/08\/7-enregistrer-les-parametres-2.png\" sizes=\"auto, \" srcset=\"\" alt=\"save-the-settings\" width=\"449\" height=\"163\"><\/li><\/ol><p> E depois de reiniciar o aplicativo Excel, voc\u00ea obter\u00e1 a nova fonte padr\u00e3o com cada nova pasta de trabalho criada. <\/p><div class=\"wp-block-image\"><figure class=\"aligncenter size-full is-resized\"><img loading=\"lazy\" decoding=\"async\" class=\"wp-image-74881\" src=\"https:\/\/exceladvisor.org\/wp-content\/uploads\/2023\/08\/8-nouvelles-polices-par-defaut.png\" sizes=\"auto, \" srcset=\"\" alt=\"nova fonte padr\u00e3o\" width=\"478\" height=\"296\"><\/figure><\/div><p> Esta altera\u00e7\u00e3o nas configura\u00e7\u00f5es n\u00e3o far\u00e1 nenhuma altera\u00e7\u00e3o no arquivo existente j\u00e1 salvo.<\/p><h2 class=\"wp-block-heading\"> Use temas de fontes para v\u00e1rias fontes padr\u00e3o<\/h2><p> Se quiser ter v\u00e1rias fontes padr\u00e3o, voc\u00ea pode criar um tema de fonte que pode ajud\u00e1-lo a alterar a fonte padr\u00e3o sempre que desejar.<\/p><ol><li> Primeiro, v\u00e1 para Layout \u21e2 Tema \u21e2 Fontes. <br><img loading=\"lazy\" decoding=\"async\" title=\"9 guia de layout de ida e volta\" src=\"https:\/\/exceladvisor.org\/wp-content\/uploads\/2023\/08\/9-aller-a-longlet-mise-en-page.png\" sizes=\"auto, \" srcset=\"\" alt=\"go-to-page-layout-tab\" width=\"529\" height=\"136\"><\/li><li> Agora, clique no menu suspenso Fontes e clique em \u201cPersonalizar fontes\u201d. <br><img loading=\"lazy\" decoding=\"async\" title=\"Personalize fontes em 10 cliques\" src=\"https:\/\/exceladvisor.org\/wp-content\/uploads\/2023\/08\/Personnalisez-les-polices-en-10-clics.png\" sizes=\"auto, \" srcset=\"\" alt=\"click-customize-fonts\" width=\"373\" height=\"293\"><\/li><li> Em &#8220;Criar novas fontes de tema&#8221;, especifique a fonte do corpo que deseja usar. <br><img loading=\"lazy\" decoding=\"async\" title=\"11-criar novas fontes de tema\" src=\"https:\/\/exceladvisor.org\/wp-content\/uploads\/2023\/08\/11-creer-de-nouvelles-polices-de-theme.png\" sizes=\"auto, \" srcset=\"\" alt=\"create-new-theme-fonts\" width=\"446\" height=\"172\"><\/li><li> Ao final, digite um nome para o tema e clique no bot\u00e3o \u201cSalvar\u201d para salvar o tema da fonte.<\/li><\/ol><p> Voc\u00ea pode criar v\u00e1rios temas e alterar a fonte padr\u00e3o com apenas um clique. <\/p><div class=\"wp-block-image\"><figure class=\"aligncenter size-full is-resized\"><img loading=\"lazy\" decoding=\"async\" class=\"wp-image-74885\" src=\"https:\/\/exceladvisor.org\/wp-content\/uploads\/2023\/08\/12-creer-plusieurs-themes.png\" sizes=\"auto, \" srcset=\"\" alt=\"criar v\u00e1rios temas\" width=\"394\" height=\"365\"><\/figure><\/div><h2 class=\"wp-block-heading\"> Crie um modelo com a fonte padr\u00e3o<\/h2><p> Se precisar alterar a fonte padr\u00e3o ao criar algumas pastas de trabalho espec\u00edficas, voc\u00ea pode alterar a fonte e salv\u00e1-la como modelo. E, sempre que precisar ter essa fonte espec\u00edfica como padr\u00e3o, voc\u00ea pode criar uma nova pasta de trabalho usando este modelo.<\/p><ol><li> Primeiro, altere a fonte padr\u00e3o usando as etapas descritas acima.<\/li><li> Em seguida, v\u00e1 at\u00e9 a aba \u201cArquivo\u201d e use a op\u00e7\u00e3o Salvar como. <br><img loading=\"lazy\" decoding=\"async\" title=\"13 guias v\u00e3o para o arquivo\" src=\"https:\/\/exceladvisor.org\/wp-content\/uploads\/2023\/08\/13-aller-a-longlet-fichier.png\" sizes=\"auto, \" srcset=\"\" alt=\"go-to-file-tab\" width=\"360\" height=\"243\"><\/li><li> Depois disso, em \u201cSalvar como tipo\u201d, selecione \u201cModelo\u201d. <br><img loading=\"lazy\" decoding=\"async\" title=\"14-selecione-salvar-como-tipo-modelo\" src=\"https:\/\/exceladvisor.org\/wp-content\/uploads\/2023\/08\/14-selectionnez-enregistrer-en-tant-que-modele-de-type.png\" sizes=\"auto, \" srcset=\"\" alt=\"select-save-as-type-template\" width=\"314\" height=\"191\"><\/li><li> Agora, ao selecionar \u201cModelo do Excel\u201d, voc\u00ea ser\u00e1 direcionado para onde poder\u00e1 salvar modelos personalizados do Office. <br><img loading=\"lazy\" decoding=\"async\" title=\"15 Selecione o modelo do Excel\" src=\"https:\/\/exceladvisor.org\/wp-content\/uploads\/2023\/08\/15-selectionner-un-modele-Excel.png\" sizes=\"auto, \" srcset=\"\" alt=\"select-excel-template\" width=\"720\" height=\"67\"><\/li><li> Ao final, d\u00ea um nome ao modelo e clique no bot\u00e3o Salvar. <br><img loading=\"lazy\" decoding=\"async\" title=\"16-d\u00ea-um-nome-ao-modelo\" src=\"https:\/\/exceladvisor.org\/wp-content\/uploads\/2023\/08\/16-donner-un-nom-au-modele.png\" sizes=\"auto, \" srcset=\"\" alt=\"give-name-to-template\" width=\"575\" height=\"271\"><\/li><\/ol><p> Agora sempre que precisar utiliz\u00e1-lo, basta abri-lo e salv\u00e1-lo novamente como um novo arquivo. Voc\u00ea n\u00e3o precisa alterar o estilo e o tamanho da fonte.<\/p><div class=\"gb-container gb-container-4db6181c gb-container-mt\"> <a class=\"gb-button gb-button-c5897111 gb-button-text gb-button-mt-button\" href=\"https:\/\/exceladvisor.org\/pt\/excel-avancado\/\">Tutoriais avan\u00e7ados de Excel<\/a><h2 class=\"gb-headline gb-headline-665e5f6b gb-headline-text gb-headline-mt-heading\"> Tutoriais relacionados <\/h2><div class=\"gb-grid-wrapper gb-grid-wrapper-a20baf7c gb-grid-wrapper-mt-grid\"><div class=\"gb-grid-column gb-grid-column-50067b57\"><div class=\"gb-container gb-container-50067b57\"><ul><li> <a href=\"https:\/\/exceladvisor.org\/pt\/tornar-as-celulas-maiores\/\">Ampliar c\u00e9lulas no Excel<\/a><\/li><li> <a href=\"https:\/\/exceladvisor.org\/pt\/remover-hifens\/\">Remover h\u00edfens no Excel<\/a><\/li><li> <a href=\"https:\/\/exceladvisor.org\/pt\/encontrar-celulas-mescladas\/\">Encontre c\u00e9lulas mescladas no Excel<\/a><\/li><li> <a href=\"https:\/\/exceladvisor.org\/pt\/bloquear-celulas-1\/\">Bloquear c\u00e9lulas no Excel<\/a><\/li><li> <a href=\"https:\/\/exceladvisor.org\/pt\/encontrar-intervalo-de-nomes\/\">Encontre uma variedade de nomes no Excel<\/a><\/li><\/ul><\/div><\/div><\/div><\/div>","protected":false},"excerpt":{"rendered":"","protected":false},"author":1,"featured_media":0,"parent":0,"menu_order":0,"comment_status":"open","ping_status":"closed","template":"","meta":{"ub_ctt_via":"","footnotes":""},"class_list":["post-431","page","type-page","status-publish","hentry"],"featured_image_src":null,"yoast_head":"<!-- This site is optimized with the Yoast SEO plugin v25.4 - https:\/\/yoast.com\/wordpress\/plugins\/seo\/ -->\n<title>\u25b7 Como alterar a fonte padr\u00e3o no Excel?<\/title>\n<meta name=\"description\" content=\"Neste tutorial aprenderemos como alterar a fonte padr\u00e3o no Excel (Estilo, Tamanho e Cor).\" \/>\n<meta name=\"robots\" content=\"index, follow, max-snippet:-1, max-image-preview:large, max-video-preview:-1\" \/>\n<link rel=\"canonical\" href=\"https:\/\/exceladvisor.org\/pt\/fonte-padrao\/\" \/>\n<meta property=\"og:locale\" content=\"pt_PT\" \/>\n<meta property=\"og:type\" content=\"article\" \/>\n<meta property=\"og:title\" content=\"\u25b7 Como alterar a fonte padr\u00e3o no Excel?\" \/>\n<meta property=\"og:description\" content=\"Neste tutorial aprenderemos como alterar a fonte padr\u00e3o no Excel (Estilo, Tamanho e Cor).\" \/>\n<meta property=\"og:url\" content=\"https:\/\/exceladvisor.org\/pt\/fonte-padrao\/\" \/>\n<meta property=\"og:site_name\" content=\"Excel Advisor\" \/>\n<meta property=\"article:modified_time\" content=\"2023-12-06T11:51:29+00:00\" \/>\n<meta property=\"og:image\" content=\"https:\/\/exceladvisor.org\/wp-content\/uploads\/2023\/08\/1-couleur-de-style-de-taille-de-police-par-defaut.png\" \/>\n<meta name=\"twitter:card\" content=\"summary_large_image\" \/>\n<meta name=\"twitter:label1\" content=\"Tempo estimado de leitura\" \/>\n\t<meta name=\"twitter:data1\" content=\"2 minutos\" \/>\n<script type=\"application\/ld+json\" class=\"yoast-schema-graph\">{\"@context\":\"https:\/\/schema.org\",\"@graph\":[{\"@type\":\"WebPage\",\"@id\":\"https:\/\/exceladvisor.org\/pt\/fonte-padrao\/\",\"url\":\"https:\/\/exceladvisor.org\/pt\/fonte-padrao\/\",\"name\":\"\u25b7 Como alterar a fonte padr\u00e3o no Excel?\",\"isPartOf\":{\"@id\":\"https:\/\/exceladvisor.org\/pt\/#website\"},\"primaryImageOfPage\":{\"@id\":\"https:\/\/exceladvisor.org\/pt\/fonte-padrao\/#primaryimage\"},\"image\":{\"@id\":\"https:\/\/exceladvisor.org\/pt\/fonte-padrao\/#primaryimage\"},\"thumbnailUrl\":\"https:\/\/exceladvisor.org\/wp-content\/uploads\/2023\/08\/1-couleur-de-style-de-taille-de-police-par-defaut.png\",\"datePublished\":\"2023-10-29T06:14:20+00:00\",\"dateModified\":\"2023-12-06T11:51:29+00:00\",\"description\":\"Neste tutorial aprenderemos como alterar a fonte padr\u00e3o no Excel (Estilo, Tamanho e Cor).\",\"breadcrumb\":{\"@id\":\"https:\/\/exceladvisor.org\/pt\/fonte-padrao\/#breadcrumb\"},\"inLanguage\":\"pt-PT\",\"potentialAction\":[{\"@type\":\"ReadAction\",\"target\":[\"https:\/\/exceladvisor.org\/pt\/fonte-padrao\/\"]}]},{\"@type\":\"ImageObject\",\"inLanguage\":\"pt-PT\",\"@id\":\"https:\/\/exceladvisor.org\/pt\/fonte-padrao\/#primaryimage\",\"url\":\"https:\/\/exceladvisor.org\/wp-content\/uploads\/2023\/08\/1-couleur-de-style-de-taille-de-police-par-defaut.png\",\"contentUrl\":\"https:\/\/exceladvisor.org\/wp-content\/uploads\/2023\/08\/1-couleur-de-style-de-taille-de-police-par-defaut.png\"},{\"@type\":\"BreadcrumbList\",\"@id\":\"https:\/\/exceladvisor.org\/pt\/fonte-padrao\/#breadcrumb\",\"itemListElement\":[{\"@type\":\"ListItem\",\"position\":1,\"name\":\"Lar\",\"item\":\"https:\/\/exceladvisor.org\/pt\/\"},{\"@type\":\"ListItem\",\"position\":2,\"name\":\"Qual \u00e9 a fonte padr\u00e3o no excel?\"}]},{\"@type\":\"WebSite\",\"@id\":\"https:\/\/exceladvisor.org\/pt\/#website\",\"url\":\"https:\/\/exceladvisor.org\/pt\/\",\"name\":\"Excel Advisor\",\"description\":\"O seu guia definitivo para dominar os dados!\",\"publisher\":{\"@id\":\"https:\/\/exceladvisor.org\/pt\/#organization\"},\"potentialAction\":[{\"@type\":\"SearchAction\",\"target\":{\"@type\":\"EntryPoint\",\"urlTemplate\":\"https:\/\/exceladvisor.org\/pt\/?s={search_term_string}\"},\"query-input\":{\"@type\":\"PropertyValueSpecification\",\"valueRequired\":true,\"valueName\":\"search_term_string\"}}],\"inLanguage\":\"pt-PT\"},{\"@type\":\"Organization\",\"@id\":\"https:\/\/exceladvisor.org\/pt\/#organization\",\"name\":\"Excel Advisor\",\"url\":\"https:\/\/exceladvisor.org\/pt\/\",\"logo\":{\"@type\":\"ImageObject\",\"inLanguage\":\"pt-PT\",\"@id\":\"https:\/\/exceladvisor.org\/pt\/#\/schema\/logo\/image\/\",\"url\":\"https:\/\/exceladvisor.org\/pt\/wp-content\/uploads\/2023\/12\/exceladvisor.org_.png\",\"contentUrl\":\"https:\/\/exceladvisor.org\/pt\/wp-content\/uploads\/2023\/12\/exceladvisor.org_.png\",\"width\":105,\"height\":36,\"caption\":\"Excel Advisor\"},\"image\":{\"@id\":\"https:\/\/exceladvisor.org\/pt\/#\/schema\/logo\/image\/\"}}]}<\/script>\n<!-- \/ Yoast SEO plugin. -->","yoast_head_json":{"title":"\u25b7 Como alterar a fonte padr\u00e3o no Excel?","description":"Neste tutorial aprenderemos como alterar a fonte padr\u00e3o no Excel (Estilo, Tamanho e Cor).","robots":{"index":"index","follow":"follow","max-snippet":"max-snippet:-1","max-image-preview":"max-image-preview:large","max-video-preview":"max-video-preview:-1"},"canonical":"https:\/\/exceladvisor.org\/pt\/fonte-padrao\/","og_locale":"pt_PT","og_type":"article","og_title":"\u25b7 Como alterar a fonte padr\u00e3o no Excel?","og_description":"Neste tutorial aprenderemos como alterar a fonte padr\u00e3o no Excel (Estilo, Tamanho e Cor).","og_url":"https:\/\/exceladvisor.org\/pt\/fonte-padrao\/","og_site_name":"Excel Advisor","article_modified_time":"2023-12-06T11:51:29+00:00","og_image":[{"url":"https:\/\/exceladvisor.org\/wp-content\/uploads\/2023\/08\/1-couleur-de-style-de-taille-de-police-par-defaut.png","type":"","width":"","height":""}],"twitter_card":"summary_large_image","twitter_misc":{"Tempo estimado de leitura":"2 minutos"},"schema":{"@context":"https:\/\/schema.org","@graph":[{"@type":"WebPage","@id":"https:\/\/exceladvisor.org\/pt\/fonte-padrao\/","url":"https:\/\/exceladvisor.org\/pt\/fonte-padrao\/","name":"\u25b7 Como alterar a fonte padr\u00e3o no Excel?","isPartOf":{"@id":"https:\/\/exceladvisor.org\/pt\/#website"},"primaryImageOfPage":{"@id":"https:\/\/exceladvisor.org\/pt\/fonte-padrao\/#primaryimage"},"image":{"@id":"https:\/\/exceladvisor.org\/pt\/fonte-padrao\/#primaryimage"},"thumbnailUrl":"https:\/\/exceladvisor.org\/wp-content\/uploads\/2023\/08\/1-couleur-de-style-de-taille-de-police-par-defaut.png","datePublished":"2023-10-29T06:14:20+00:00","dateModified":"2023-12-06T11:51:29+00:00","description":"Neste tutorial aprenderemos como alterar a fonte padr\u00e3o no Excel (Estilo, Tamanho e Cor).","breadcrumb":{"@id":"https:\/\/exceladvisor.org\/pt\/fonte-padrao\/#breadcrumb"},"inLanguage":"pt-PT","potentialAction":[{"@type":"ReadAction","target":["https:\/\/exceladvisor.org\/pt\/fonte-padrao\/"]}]},{"@type":"ImageObject","inLanguage":"pt-PT","@id":"https:\/\/exceladvisor.org\/pt\/fonte-padrao\/#primaryimage","url":"https:\/\/exceladvisor.org\/wp-content\/uploads\/2023\/08\/1-couleur-de-style-de-taille-de-police-par-defaut.png","contentUrl":"https:\/\/exceladvisor.org\/wp-content\/uploads\/2023\/08\/1-couleur-de-style-de-taille-de-police-par-defaut.png"},{"@type":"BreadcrumbList","@id":"https:\/\/exceladvisor.org\/pt\/fonte-padrao\/#breadcrumb","itemListElement":[{"@type":"ListItem","position":1,"name":"Lar","item":"https:\/\/exceladvisor.org\/pt\/"},{"@type":"ListItem","position":2,"name":"Qual \u00e9 a fonte padr\u00e3o no excel?"}]},{"@type":"WebSite","@id":"https:\/\/exceladvisor.org\/pt\/#website","url":"https:\/\/exceladvisor.org\/pt\/","name":"Excel Advisor","description":"O seu guia definitivo para dominar os dados!","publisher":{"@id":"https:\/\/exceladvisor.org\/pt\/#organization"},"potentialAction":[{"@type":"SearchAction","target":{"@type":"EntryPoint","urlTemplate":"https:\/\/exceladvisor.org\/pt\/?s={search_term_string}"},"query-input":{"@type":"PropertyValueSpecification","valueRequired":true,"valueName":"search_term_string"}}],"inLanguage":"pt-PT"},{"@type":"Organization","@id":"https:\/\/exceladvisor.org\/pt\/#organization","name":"Excel Advisor","url":"https:\/\/exceladvisor.org\/pt\/","logo":{"@type":"ImageObject","inLanguage":"pt-PT","@id":"https:\/\/exceladvisor.org\/pt\/#\/schema\/logo\/image\/","url":"https:\/\/exceladvisor.org\/pt\/wp-content\/uploads\/2023\/12\/exceladvisor.org_.png","contentUrl":"https:\/\/exceladvisor.org\/pt\/wp-content\/uploads\/2023\/12\/exceladvisor.org_.png","width":105,"height":36,"caption":"Excel Advisor"},"image":{"@id":"https:\/\/exceladvisor.org\/pt\/#\/schema\/logo\/image\/"}}]}},"yoast_meta":{"yoast_wpseo_title":"","yoast_wpseo_metadesc":"","yoast_wpseo_canonical":""},"_links":{"self":[{"href":"https:\/\/exceladvisor.org\/pt\/wp-json\/wp\/v2\/pages\/431","targetHints":{"allow":["GET"]}}],"collection":[{"href":"https:\/\/exceladvisor.org\/pt\/wp-json\/wp\/v2\/pages"}],"about":[{"href":"https:\/\/exceladvisor.org\/pt\/wp-json\/wp\/v2\/types\/page"}],"author":[{"embeddable":true,"href":"https:\/\/exceladvisor.org\/pt\/wp-json\/wp\/v2\/users\/1"}],"replies":[{"embeddable":true,"href":"https:\/\/exceladvisor.org\/pt\/wp-json\/wp\/v2\/comments?post=431"}],"version-history":[{"count":1,"href":"https:\/\/exceladvisor.org\/pt\/wp-json\/wp\/v2\/pages\/431\/revisions"}],"predecessor-version":[{"id":1479,"href":"https:\/\/exceladvisor.org\/pt\/wp-json\/wp\/v2\/pages\/431\/revisions\/1479"}],"wp:attachment":[{"href":"https:\/\/exceladvisor.org\/pt\/wp-json\/wp\/v2\/media?parent=431"}],"curies":[{"name":"wp","href":"https:\/\/api.w.org\/{rel}","templated":true}]}}