{"id":432,"date":"2023-10-29T06:05:26","date_gmt":"2023-10-29T06:05:26","guid":{"rendered":"https:\/\/exceladvisor.org\/pt\/excel-por-padrao-no-mac\/"},"modified":"2023-12-06T11:42:26","modified_gmt":"2023-12-06T11:42:26","slug":"excel-por-padrao-no-mac","status":"publish","type":"page","link":"https:\/\/exceladvisor.org\/pt\/excel-por-padrao-no-mac\/","title":{"rendered":"Como tornar o excel padr\u00e3o no mac?"},"content":{"rendered":"<div class=\"excel-before-content-2\" id=\"excel-938928333\"><script type=\"text\/javascript\">\r\n\tatOptions = {\r\n\t\t'key' : 'c1158f160081d6540a8409e6925dab94',\r\n\t\t'format' : 'iframe',\r\n\t\t'height' : 250,\r\n\t\t'width' : 300,\r\n\t\t'params' : {}\r\n\t};\r\n<\/script>\r\n<script type=\"text\/javascript\" src=\"\/\/www.highperformanceformat.com\/c1158f160081d6540a8409e6925dab94\/invoke.js\"><\/script><\/div><div class=\"excel-before-content\" id=\"excel-2995909564\"><script type=\"text\/javascript\">\r\n\tatOptions = {\r\n\t\t'key' : 'c1158f160081d6540a8409e6925dab94',\r\n\t\t'format' : 'iframe',\r\n\t\t'height' : 250,\r\n\t\t'width' : 300,\r\n\t\t'params' : {}\r\n\t};\r\n<\/script>\r\n<script type=\"text\/javascript\" src=\"\/\/www.highperformanceformat.com\/c1158f160081d6540a8409e6925dab94\/invoke.js\"><\/script><\/div> <p>No Mac, se o Microsoft Excel estiver instalado, voc\u00ea n\u00e3o precisa defini-lo como padr\u00e3o, pois \u00e9 o aplicativo padr\u00e3o para abrir arquivos de planilhas no formato xlsx. Mas, se voc\u00ea ainda estiver enfrentando problemas ao abrir esses arquivos com o Excel, neste pr\u00f3ximo tutorial, compartilhei etapas simples para definir o Excel como padr\u00e3o no Mac.<\/p><h2 class=\"wp-block-heading\"> Etapas para tornar o Excel padr\u00e3o no Mac<\/h2><ol><li> Primeiro, certifique-se de ter uma pasta de trabalho do Excel no formato xlsx. <br><img loading=\"lazy\" decoding=\"async\" title=\"1-excel para xlsx\" src=\"https:\/\/exceladvisor.org\/wp-content\/uploads\/2023\/08\/1-excel-en-xlsx.png\" sizes=\"auto, \" srcset=\"\" alt=\"excel-in-xlsx\" width=\"261\" height=\"240\"><\/li><li> Depois disso, clique com o bot\u00e3o direito sobre ele e clique na op\u00e7\u00e3o \u201cObter informa\u00e7\u00f5es\u201d. <br><img loading=\"lazy\" decoding=\"async\" title=\"Op\u00e7\u00e3o 2-obter-informa\u00e7\u00f5es\" src=\"https:\/\/exceladvisor.org\/wp-content\/uploads\/2023\/08\/2-obtenir-loption-dinformations.png\" sizes=\"auto, \" srcset=\"\" alt=\"get-info-option\" width=\"333\" height=\"348\"><\/li><li> Em seguida, na caixa de di\u00e1logo \u201cInforma\u00e7\u00f5es\u201d, v\u00e1 para o menu suspenso \u201cAbrir\u201d e selecione Microsoft Excel no menu suspenso. <br><img loading=\"lazy\" decoding=\"async\" title=\"3-selecione-microsoft-excel\" src=\"https:\/\/exceladvisor.org\/wp-content\/uploads\/2023\/08\/3-selectionnez-microsoft-excel.png\" sizes=\"auto, \" srcset=\"\" alt=\"select-microsoft-excel\" width=\"333\" height=\"440\"><\/li><li> A partir da\u00ed, clique no bot\u00e3o \u201cAlterar tudo\u201d para aplicar esta configura\u00e7\u00e3o a todos os arquivos. <br><img loading=\"lazy\" decoding=\"async\" title=\"Bot\u00e3o de 4 cliques para alterar tudo\" src=\"https:\/\/exceladvisor.org\/wp-content\/uploads\/2023\/08\/4-cliquez-sur-le-bouton-tout-modifier.png\" sizes=\"auto, \" srcset=\"\" alt=\"click-change-all-button\" width=\"362\" height=\"155\"><\/li><li> Agora clique em \u201cContinuar\u201d para aplicar. <br><img loading=\"lazy\" decoding=\"async\" title=\"5 cliques-continuar\" src=\"https:\/\/exceladvisor.org\/wp-content\/uploads\/2023\/08\/5-clic-continuer.png\" sizes=\"auto, \" srcset=\"\" alt=\"click-continue\" width=\"282\" height=\"278\"><\/li><li> Ao final, feche a caixa de di\u00e1logo \u201cInforma\u00e7\u00f5es\u201d.<\/li><\/ol><p> Agora, sempre que voc\u00ea abrir um arquivo com a mesma extens\u00e3o, ele ser\u00e1 aberto com o Microsoft Excel.<\/p><h2 class=\"wp-block-heading\"> Excel por padr\u00e3o para outros formatos<\/h2><p> Se voc\u00ea possui outros formatos como (CSV, XLSB e outros) e deseja utilizar Excel, utilize estes arquivos. <\/p><div class=\"wp-block-image\"><figure class=\"aligncenter size-full is-resized\"><img loading=\"lazy\" decoding=\"async\" class=\"wp-image-74932\" src=\"https:\/\/exceladvisor.org\/wp-content\/uploads\/2023\/08\/6-excel-dans-differents-formats.png\" sizes=\"auto, \" srcset=\"\" alt=\"excel em diferentes formatos\" width=\"229\" height=\"278\"><\/figure><\/div><p> Basta seguir as etapas que usamos anteriormente neste artigo. Isso significa que voc\u00ea precisa alterar o aplicativo padr\u00e3o para cada um desses formatos, um por um. Mas, se voc\u00ea tiver o Excel instalado no seu Mac, n\u00e3o precisar\u00e1 fazer isso, o seu Mac far\u00e1 isso automaticamente.<\/p><h2 class=\"wp-block-heading\"> Abra um arquivo de n\u00fameros com Excel<\/h2><p> O Mac tem o Numbers como aplicativo padr\u00e3o para planilhas. <\/p><div class=\"wp-block-image\"><figure class=\"aligncenter size-full is-resized\"><img loading=\"lazy\" decoding=\"async\" class=\"wp-image-74933\" src=\"https:\/\/exceladvisor.org\/wp-content\/uploads\/2023\/08\/7-applications-de-tableur-par-defaut-sur-mac.png\" sizes=\"auto, \" srcset=\"\" alt=\"aplicativos de planilha padr\u00e3o no Mac\" width=\"293\" height=\"128\"><\/figure><\/div><p> E h\u00e1 uma coisa que voc\u00ea deve saber: o aplicativo Numbers possui seu pr\u00f3prio formato de arquivo e n\u00e3o \u00e9 poss\u00edvel abrir um arquivo de planilha salvo no formato do aplicativo \u201cNumbers\u201d. Ao editar n\u00fameros em arquivos Excel para Number, uma caixa de di\u00e1logo pergunta se voc\u00ea deseja abri-lo. <\/p><div class=\"wp-block-image\"><figure class=\"aligncenter size-full is-resized\"><img loading=\"lazy\" decoding=\"async\" class=\"wp-image-74934\" src=\"https:\/\/exceladvisor.org\/wp-content\/uploads\/2023\/08\/8-boite-de-dialogue-sur-mac.png\" sizes=\"auto, \" srcset=\"\" alt=\"caixa de di\u00e1logo no mac\" width=\"329\" height=\"348\"><\/figure><\/div><p> Mas ao clicar em \u201cSim\u201d, ser\u00e1 mostrado que este arquivo est\u00e1 corrompido. <\/p><div class=\"wp-block-image\"><figure class=\"aligncenter size-full is-resized\"><img loading=\"lazy\" decoding=\"async\" class=\"wp-image-74935\" src=\"https:\/\/exceladvisor.org\/wp-content\/uploads\/2023\/08\/9-le-fichier-est-corrompu.png\" sizes=\"auto, \" srcset=\"\" alt=\"o arquivo est\u00e1 corrompido\" width=\"311\" height=\"320\"><\/figure><\/div><div class=\"gb-container gb-container-4db6181c gb-container-mt\"> <a class=\"gb-button gb-button-c5897111 gb-button-text gb-button-mt-button\" href=\"https:\/\/exceladvisor.org\/pt\/excel-avancado\/\">Tutoriais avan\u00e7ados de Excel<\/a><h2 class=\"gb-headline gb-headline-665e5f6b gb-headline-text gb-headline-mt-heading\"> Tutoriais relacionados <\/h2><div class=\"gb-grid-wrapper gb-grid-wrapper-a20baf7c gb-grid-wrapper-mt-grid\"><div class=\"gb-grid-column gb-grid-column-65ddf67e\"><div class=\"gb-container gb-container-65ddf67e\"><ul><li> <a href=\"https:\/\/exceladvisor.org\/pt\/ferramenta-de-camera\/\">Ferramenta C\u00e2mera Excel<\/a><\/li><li> <a href=\"https:\/\/exceladvisor.org\/pt\/busca-de-meta\/\">Localizador de metas no Excel<\/a><\/li><li> <a href=\"https:\/\/exceladvisor.org\/pt\/janela-de-observacao\/\">Janela de observa\u00e7\u00e3o no Excel<\/a><\/li><li> <a href=\"https:\/\/exceladvisor.org\/pt\/fatiador-de-excel\/\">Fatiador de Excel (guia completo)<\/a><\/li><li> <a href=\"https:\/\/exceladvisor.org\/pt\/modo-de-seguranca-do-excel\/\">Abra o Excel no modo de seguran\u00e7a<\/a><\/li><\/ul><\/div><\/div><\/div><\/div>","protected":false},"excerpt":{"rendered":"","protected":false},"author":1,"featured_media":0,"parent":0,"menu_order":0,"comment_status":"open","ping_status":"closed","template":"","meta":{"ub_ctt_via":"","footnotes":""},"class_list":["post-432","page","type-page","status-publish","hentry"],"featured_image_src":null,"yoast_head":"<!-- This site is optimized with the Yoast SEO plugin v25.4 - https:\/\/yoast.com\/wordpress\/plugins\/seo\/ -->\n<title>Como tornar o Excel padr\u00e3o no Mac?<\/title>\n<meta name=\"description\" content=\"No Mac existe um aplicativo chamado Numbers para cria\u00e7\u00e3o de planilhas, mas vamos aprender como definir o Excel como padr\u00e3o.\" \/>\n<meta name=\"robots\" content=\"index, follow, max-snippet:-1, max-image-preview:large, max-video-preview:-1\" \/>\n<link rel=\"canonical\" href=\"https:\/\/exceladvisor.org\/pt\/excel-por-padrao-no-mac\/\" \/>\n<meta property=\"og:locale\" content=\"pt_PT\" \/>\n<meta property=\"og:type\" content=\"article\" \/>\n<meta property=\"og:title\" content=\"Como tornar o Excel padr\u00e3o no Mac?\" \/>\n<meta property=\"og:description\" content=\"No Mac existe um aplicativo chamado Numbers para cria\u00e7\u00e3o de planilhas, mas vamos aprender como definir o Excel como padr\u00e3o.\" \/>\n<meta property=\"og:url\" content=\"https:\/\/exceladvisor.org\/pt\/excel-por-padrao-no-mac\/\" \/>\n<meta property=\"og:site_name\" content=\"Excel Advisor\" \/>\n<meta property=\"article:modified_time\" content=\"2023-12-06T11:42:26+00:00\" \/>\n<meta property=\"og:image\" content=\"https:\/\/exceladvisor.org\/wp-content\/uploads\/2023\/08\/1-excel-en-xlsx.png\" \/>\n<meta name=\"twitter:card\" content=\"summary_large_image\" \/>\n<meta name=\"twitter:label1\" content=\"Tempo estimado de leitura\" \/>\n\t<meta name=\"twitter:data1\" content=\"2 minutos\" \/>\n<script type=\"application\/ld+json\" class=\"yoast-schema-graph\">{\"@context\":\"https:\/\/schema.org\",\"@graph\":[{\"@type\":\"WebPage\",\"@id\":\"https:\/\/exceladvisor.org\/pt\/excel-por-padrao-no-mac\/\",\"url\":\"https:\/\/exceladvisor.org\/pt\/excel-por-padrao-no-mac\/\",\"name\":\"Como tornar o Excel padr\u00e3o no Mac?\",\"isPartOf\":{\"@id\":\"https:\/\/exceladvisor.org\/pt\/#website\"},\"primaryImageOfPage\":{\"@id\":\"https:\/\/exceladvisor.org\/pt\/excel-por-padrao-no-mac\/#primaryimage\"},\"image\":{\"@id\":\"https:\/\/exceladvisor.org\/pt\/excel-por-padrao-no-mac\/#primaryimage\"},\"thumbnailUrl\":\"https:\/\/exceladvisor.org\/wp-content\/uploads\/2023\/08\/1-excel-en-xlsx.png\",\"datePublished\":\"2023-10-29T06:05:26+00:00\",\"dateModified\":\"2023-12-06T11:42:26+00:00\",\"description\":\"No Mac existe um aplicativo chamado Numbers para cria\u00e7\u00e3o de planilhas, mas vamos aprender como definir o Excel como padr\u00e3o.\",\"breadcrumb\":{\"@id\":\"https:\/\/exceladvisor.org\/pt\/excel-por-padrao-no-mac\/#breadcrumb\"},\"inLanguage\":\"pt-PT\",\"potentialAction\":[{\"@type\":\"ReadAction\",\"target\":[\"https:\/\/exceladvisor.org\/pt\/excel-por-padrao-no-mac\/\"]}]},{\"@type\":\"ImageObject\",\"inLanguage\":\"pt-PT\",\"@id\":\"https:\/\/exceladvisor.org\/pt\/excel-por-padrao-no-mac\/#primaryimage\",\"url\":\"https:\/\/exceladvisor.org\/wp-content\/uploads\/2023\/08\/1-excel-en-xlsx.png\",\"contentUrl\":\"https:\/\/exceladvisor.org\/wp-content\/uploads\/2023\/08\/1-excel-en-xlsx.png\"},{\"@type\":\"BreadcrumbList\",\"@id\":\"https:\/\/exceladvisor.org\/pt\/excel-por-padrao-no-mac\/#breadcrumb\",\"itemListElement\":[{\"@type\":\"ListItem\",\"position\":1,\"name\":\"Lar\",\"item\":\"https:\/\/exceladvisor.org\/pt\/\"},{\"@type\":\"ListItem\",\"position\":2,\"name\":\"Como tornar o excel padr\u00e3o no mac?\"}]},{\"@type\":\"WebSite\",\"@id\":\"https:\/\/exceladvisor.org\/pt\/#website\",\"url\":\"https:\/\/exceladvisor.org\/pt\/\",\"name\":\"Excel Advisor\",\"description\":\"O seu guia definitivo para dominar os dados!\",\"publisher\":{\"@id\":\"https:\/\/exceladvisor.org\/pt\/#organization\"},\"potentialAction\":[{\"@type\":\"SearchAction\",\"target\":{\"@type\":\"EntryPoint\",\"urlTemplate\":\"https:\/\/exceladvisor.org\/pt\/?s={search_term_string}\"},\"query-input\":{\"@type\":\"PropertyValueSpecification\",\"valueRequired\":true,\"valueName\":\"search_term_string\"}}],\"inLanguage\":\"pt-PT\"},{\"@type\":\"Organization\",\"@id\":\"https:\/\/exceladvisor.org\/pt\/#organization\",\"name\":\"Excel Advisor\",\"url\":\"https:\/\/exceladvisor.org\/pt\/\",\"logo\":{\"@type\":\"ImageObject\",\"inLanguage\":\"pt-PT\",\"@id\":\"https:\/\/exceladvisor.org\/pt\/#\/schema\/logo\/image\/\",\"url\":\"https:\/\/exceladvisor.org\/pt\/wp-content\/uploads\/2023\/12\/exceladvisor.org_.png\",\"contentUrl\":\"https:\/\/exceladvisor.org\/pt\/wp-content\/uploads\/2023\/12\/exceladvisor.org_.png\",\"width\":105,\"height\":36,\"caption\":\"Excel Advisor\"},\"image\":{\"@id\":\"https:\/\/exceladvisor.org\/pt\/#\/schema\/logo\/image\/\"}}]}<\/script>\n<!-- \/ Yoast SEO plugin. -->","yoast_head_json":{"title":"Como tornar o Excel padr\u00e3o no Mac?","description":"No Mac existe um aplicativo chamado Numbers para cria\u00e7\u00e3o de planilhas, mas vamos aprender como definir o Excel como padr\u00e3o.","robots":{"index":"index","follow":"follow","max-snippet":"max-snippet:-1","max-image-preview":"max-image-preview:large","max-video-preview":"max-video-preview:-1"},"canonical":"https:\/\/exceladvisor.org\/pt\/excel-por-padrao-no-mac\/","og_locale":"pt_PT","og_type":"article","og_title":"Como tornar o Excel padr\u00e3o no Mac?","og_description":"No Mac existe um aplicativo chamado Numbers para cria\u00e7\u00e3o de planilhas, mas vamos aprender como definir o Excel como padr\u00e3o.","og_url":"https:\/\/exceladvisor.org\/pt\/excel-por-padrao-no-mac\/","og_site_name":"Excel Advisor","article_modified_time":"2023-12-06T11:42:26+00:00","og_image":[{"url":"https:\/\/exceladvisor.org\/wp-content\/uploads\/2023\/08\/1-excel-en-xlsx.png","type":"","width":"","height":""}],"twitter_card":"summary_large_image","twitter_misc":{"Tempo estimado de leitura":"2 minutos"},"schema":{"@context":"https:\/\/schema.org","@graph":[{"@type":"WebPage","@id":"https:\/\/exceladvisor.org\/pt\/excel-por-padrao-no-mac\/","url":"https:\/\/exceladvisor.org\/pt\/excel-por-padrao-no-mac\/","name":"Como tornar o Excel padr\u00e3o no Mac?","isPartOf":{"@id":"https:\/\/exceladvisor.org\/pt\/#website"},"primaryImageOfPage":{"@id":"https:\/\/exceladvisor.org\/pt\/excel-por-padrao-no-mac\/#primaryimage"},"image":{"@id":"https:\/\/exceladvisor.org\/pt\/excel-por-padrao-no-mac\/#primaryimage"},"thumbnailUrl":"https:\/\/exceladvisor.org\/wp-content\/uploads\/2023\/08\/1-excel-en-xlsx.png","datePublished":"2023-10-29T06:05:26+00:00","dateModified":"2023-12-06T11:42:26+00:00","description":"No Mac existe um aplicativo chamado Numbers para cria\u00e7\u00e3o de planilhas, mas vamos aprender como definir o Excel como padr\u00e3o.","breadcrumb":{"@id":"https:\/\/exceladvisor.org\/pt\/excel-por-padrao-no-mac\/#breadcrumb"},"inLanguage":"pt-PT","potentialAction":[{"@type":"ReadAction","target":["https:\/\/exceladvisor.org\/pt\/excel-por-padrao-no-mac\/"]}]},{"@type":"ImageObject","inLanguage":"pt-PT","@id":"https:\/\/exceladvisor.org\/pt\/excel-por-padrao-no-mac\/#primaryimage","url":"https:\/\/exceladvisor.org\/wp-content\/uploads\/2023\/08\/1-excel-en-xlsx.png","contentUrl":"https:\/\/exceladvisor.org\/wp-content\/uploads\/2023\/08\/1-excel-en-xlsx.png"},{"@type":"BreadcrumbList","@id":"https:\/\/exceladvisor.org\/pt\/excel-por-padrao-no-mac\/#breadcrumb","itemListElement":[{"@type":"ListItem","position":1,"name":"Lar","item":"https:\/\/exceladvisor.org\/pt\/"},{"@type":"ListItem","position":2,"name":"Como tornar o excel padr\u00e3o no mac?"}]},{"@type":"WebSite","@id":"https:\/\/exceladvisor.org\/pt\/#website","url":"https:\/\/exceladvisor.org\/pt\/","name":"Excel Advisor","description":"O seu guia definitivo para dominar os dados!","publisher":{"@id":"https:\/\/exceladvisor.org\/pt\/#organization"},"potentialAction":[{"@type":"SearchAction","target":{"@type":"EntryPoint","urlTemplate":"https:\/\/exceladvisor.org\/pt\/?s={search_term_string}"},"query-input":{"@type":"PropertyValueSpecification","valueRequired":true,"valueName":"search_term_string"}}],"inLanguage":"pt-PT"},{"@type":"Organization","@id":"https:\/\/exceladvisor.org\/pt\/#organization","name":"Excel Advisor","url":"https:\/\/exceladvisor.org\/pt\/","logo":{"@type":"ImageObject","inLanguage":"pt-PT","@id":"https:\/\/exceladvisor.org\/pt\/#\/schema\/logo\/image\/","url":"https:\/\/exceladvisor.org\/pt\/wp-content\/uploads\/2023\/12\/exceladvisor.org_.png","contentUrl":"https:\/\/exceladvisor.org\/pt\/wp-content\/uploads\/2023\/12\/exceladvisor.org_.png","width":105,"height":36,"caption":"Excel Advisor"},"image":{"@id":"https:\/\/exceladvisor.org\/pt\/#\/schema\/logo\/image\/"}}]}},"yoast_meta":{"yoast_wpseo_title":"","yoast_wpseo_metadesc":"","yoast_wpseo_canonical":""},"_links":{"self":[{"href":"https:\/\/exceladvisor.org\/pt\/wp-json\/wp\/v2\/pages\/432","targetHints":{"allow":["GET"]}}],"collection":[{"href":"https:\/\/exceladvisor.org\/pt\/wp-json\/wp\/v2\/pages"}],"about":[{"href":"https:\/\/exceladvisor.org\/pt\/wp-json\/wp\/v2\/types\/page"}],"author":[{"embeddable":true,"href":"https:\/\/exceladvisor.org\/pt\/wp-json\/wp\/v2\/users\/1"}],"replies":[{"embeddable":true,"href":"https:\/\/exceladvisor.org\/pt\/wp-json\/wp\/v2\/comments?post=432"}],"version-history":[{"count":1,"href":"https:\/\/exceladvisor.org\/pt\/wp-json\/wp\/v2\/pages\/432\/revisions"}],"predecessor-version":[{"id":1210,"href":"https:\/\/exceladvisor.org\/pt\/wp-json\/wp\/v2\/pages\/432\/revisions\/1210"}],"wp:attachment":[{"href":"https:\/\/exceladvisor.org\/pt\/wp-json\/wp\/v2\/media?parent=432"}],"curies":[{"name":"wp","href":"https:\/\/api.w.org\/{rel}","templated":true}]}}