{"id":433,"date":"2023-10-29T05:45:34","date_gmt":"2023-10-29T05:45:34","guid":{"rendered":"https:\/\/exceladvisor.org\/pt\/filtrar-por-cor\/"},"modified":"2023-12-06T11:37:53","modified_gmt":"2023-12-06T11:37:53","slug":"filtrar-por-cor","status":"publish","type":"page","link":"https:\/\/exceladvisor.org\/pt\/filtrar-por-cor\/","title":{"rendered":"Como filtrar por cor no excel?"},"content":{"rendered":"<div class=\"excel-before-content-2\" id=\"excel-3302207377\"><script type=\"text\/javascript\">\r\n\tatOptions = {\r\n\t\t'key' : 'c1158f160081d6540a8409e6925dab94',\r\n\t\t'format' : 'iframe',\r\n\t\t'height' : 250,\r\n\t\t'width' : 300,\r\n\t\t'params' : {}\r\n\t};\r\n<\/script>\r\n<script type=\"text\/javascript\" src=\"\/\/www.highperformanceformat.com\/c1158f160081d6540a8409e6925dab94\/invoke.js\"><\/script><\/div><div class=\"excel-before-content\" id=\"excel-3619736447\"><script type=\"text\/javascript\">\r\n\tatOptions = {\r\n\t\t'key' : 'c1158f160081d6540a8409e6925dab94',\r\n\t\t'format' : 'iframe',\r\n\t\t'height' : 250,\r\n\t\t'width' : 300,\r\n\t\t'params' : {}\r\n\t};\r\n<\/script>\r\n<script type=\"text\/javascript\" src=\"\/\/www.highperformanceformat.com\/c1158f160081d6540a8409e6925dab94\/invoke.js\"><\/script><\/div> <p>No Excel, ao aplicar um filtro a uma coluna, voc\u00ea tem a op\u00e7\u00e3o de filtrar os valores com base na <a href=\"https:\/\/exceladvisor.org\/pt\/cor-da-celula\/\">cor da fonte e na cor de fundo da c\u00e9lula<\/a> . Esta op\u00e7\u00e3o j\u00e1 est\u00e1 dispon\u00edvel no filtro, voc\u00ea n\u00e3o precisa habilitar nada depois de aplicar um filtro. <\/p><div class=\"wp-block-image\"><figure class=\"aligncenter size-full is-resized\"><img loading=\"lazy\" decoding=\"async\" class=\"wp-image-74956\" src=\"https:\/\/exceladvisor.org\/wp-content\/uploads\/2023\/08\/1-filtre-par-couleur.png\" sizes=\"auto, \" srcset=\"\" alt=\"filtrar por cor\" width=\"584\" height=\"485\"><\/figure><\/div><h2 class=\"wp-block-heading\"> Etapas para filtrar uma coluna por cor no Excel<\/h2><ol type=\"1\"><li> Primeiro, aplique o filtro \u00e0 coluna.<\/li><li> Depois disso, clique no menu suspenso de filtro.<\/li><li> Em seguida, v\u00e1 at\u00e9 a op\u00e7\u00e3o \u201cFiltrar por cor\u201d.<\/li><li> Ao final, escolha a cor que deseja escolher para aplicar o filtro.<\/li><\/ol><p> Como eu disse, voc\u00ea tem duas maneiras de usar cores para filtrar valores:<\/p><ul><li> Por cor da c\u00e9lula<\/li><li> Por cor da fonte<\/li><\/ul><p> No exemplo a seguir, usamos a cor da fonte vermelha para aplicar o filtro. E possui valores de filtro que t\u00eam o vermelho como cor da fonte. <\/p><div class=\"wp-block-image\"><figure class=\"aligncenter size-full is-resized\"><img loading=\"lazy\" decoding=\"async\" class=\"wp-image-74957\" src=\"https:\/\/exceladvisor.org\/wp-content\/uploads\/2023\/08\/2-polices-rouges-utilisees-pour-le-filtre.png\" sizes=\"auto, \" srcset=\"\" alt=\"fonte vermelha usada para o filtro\" width=\"590\" height=\"471\"><\/figure><\/div><p> Da mesma forma, voc\u00ea pode filtrar com base na cor da c\u00e9lula. E no exemplo abaixo, usamos a cor amarela da c\u00e9lula para filtrar os valores. <\/p><div class=\"wp-block-image\"><figure class=\"aligncenter size-full is-resized\"><img loading=\"lazy\" decoding=\"async\" class=\"wp-image-74958\" src=\"https:\/\/exceladvisor.org\/wp-content\/uploads\/2023\/08\/3-filtres-bases-sur-la-couleur-des-cellules.png\" sizes=\"auto, \" srcset=\"\" alt=\"filtro baseado na cor da c\u00e9lula\" width=\"604\" height=\"465\"><\/figure><\/div><p> Ao abrir o \u201cFiltrar por Cor\u201d voc\u00ea tem a op\u00e7\u00e3o de filtrar c\u00e9lulas onde n\u00e3o h\u00e1 cor de c\u00e9lula ou cor de fonte. <\/p><div class=\"wp-block-image\"><figure class=\"aligncenter size-full is-resized\"><img loading=\"lazy\" decoding=\"async\" class=\"wp-image-74959\" src=\"https:\/\/exceladvisor.org\/wp-content\/uploads\/2023\/08\/4-filtrer-les-cellules-sans-couleur.png\" sizes=\"auto, \" srcset=\"\" alt=\"filtro de c\u00e9lulas incolores\" width=\"153\" height=\"267\"><\/figure><\/div><h2 class=\"wp-block-heading\"> Filtrar por cor no menu de contexto<\/h2><p> Suponha que voc\u00ea queira filtrar todas as c\u00e9lulas com base na cor da c\u00e9lula selecionada. <\/p><div class=\"wp-block-image\"><figure class=\"aligncenter size-full is-resized\"><img loading=\"lazy\" decoding=\"async\" class=\"wp-image-74960\" src=\"https:\/\/exceladvisor.org\/wp-content\/uploads\/2023\/08\/5-filtrer-par-menu-clic-droit.png\" sizes=\"auto, \" srcset=\"\" alt=\"menu de filtro clicando com o bot\u00e3o direito\" width=\"617\" height=\"457\"><\/figure><\/div><ol type=\"1\"><li> Selecione a c\u00e9lula.<\/li><li> Clique com o bot\u00e3o direito nele.<\/li><li> V\u00e1 para a op\u00e7\u00e3o de filtro.<\/li><li> Clique em \u201cFiltrar por cor da c\u00e9lula selecionada\u201d. <\/li><\/ol><div class=\"wp-block-image\"><figure class=\"aligncenter size-full is-resized\"><img loading=\"lazy\" decoding=\"async\" class=\"wp-image-74961\" src=\"https:\/\/exceladvisor.org\/wp-content\/uploads\/2023\/08\/6-filtrer-par-couleur-selectionnee.png\" sizes=\"auto, \" srcset=\"\" alt=\"filtrar pela cor selecionada\" width=\"357\" height=\"161\"><\/figure><\/div><p> Da mesma forma, voc\u00ea pode filtrar c\u00e9lulas com base na cor da fonte da c\u00e9lula. <\/p><div class=\"wp-block-image\"><figure class=\"aligncenter size-full is-resized\"><img loading=\"lazy\" decoding=\"async\" class=\"wp-image-74962\" src=\"https:\/\/exceladvisor.org\/wp-content\/uploads\/2023\/08\/7-filtres-bases-sur-la-couleur-de-la-police.png\" sizes=\"auto, \" srcset=\"\" alt=\"filtro baseado na cor da fonte\" width=\"627\" height=\"414\"><\/figure><\/div><p> Use o \u201cFiltrar por cor da fonte da c\u00e9lula selecionada\u201d. <\/p><div class=\"wp-block-image\"><figure class=\"aligncenter size-full is-resized\"><img loading=\"lazy\" decoding=\"async\" class=\"wp-image-74963\" src=\"https:\/\/exceladvisor.org\/wp-content\/uploads\/2023\/08\/8-filtrer-par-couleur-de-police-selectionnee.png\" sizes=\"auto, \" srcset=\"\" alt=\"filtrar pela cor da fonte selecionada\" width=\"318\" height=\"120\"><\/figure><\/div><h2 class=\"wp-block-heading\"> Coment\u00e1rios<\/h2><ul><li> Voc\u00ea n\u00e3o pode aplicar um filtro baseado na cor da c\u00e9lula e na cor da fonte ao mesmo tempo em uma \u00fanica cor. Apenas um tipo de filtro pode ser usado por vez.<\/li><li> Voc\u00ea pode aplicar um filtro em v\u00e1rias colunas com base na fonte e na cor da c\u00e9lula. Por exemplo, voc\u00ea pode filtrar uma coluna com base na cor da fonte vermelha e filtrar a segunda coluna com base na cor da c\u00e9lula amarela.<\/li><\/ul><div class=\"gb-container gb-container-4db6181c gb-container-mt\"> <a class=\"gb-button gb-button-c5897111 gb-button-text gb-button-mt-button\" href=\"https:\/\/exceladvisor.org\/pt\/excel-avancado\/\">Tutoriais avan\u00e7ados de Excel<\/a><h2 class=\"gb-headline gb-headline-665e5f6b gb-headline-text gb-headline-mt-heading\"> Tutoriais relacionados <\/h2><div class=\"gb-grid-wrapper gb-grid-wrapper-a20baf7c gb-grid-wrapper-mt-grid\"><div class=\"gb-grid-column gb-grid-column-65ddf67e\"><div class=\"gb-container gb-container-65ddf67e\"><ul><li> <a href=\"https:\/\/exceladvisor.org\/pt\/caixa-de-selecao\/\">Insira uma caixa de sele\u00e7\u00e3o no Excel<\/a><\/li><li> <a href=\"https:\/\/exceladvisor.org\/pt\/mesclar-celulas-sem-perder-dados\/\">Mesclar c\u00e9lulas sem perder dados no Excel<\/a><\/li><li> <a href=\"https:\/\/exceladvisor.org\/pt\/colar-especial-multiplicar\/\">Multiplique no Excel usando Colar Especial<\/a><\/li><li> <a href=\"https:\/\/exceladvisor.org\/pt\/adicionar-um-codigo-de-barras\/\" data-wpil=\"url\">Adicione um c\u00f3digo de barras no Excel<\/a><\/li><li> <a href=\"https:\/\/exceladvisor.org\/pt\/fonte-padrao\/\">Alterar a fonte padr\u00e3o no Excel<\/a><\/li><\/ul><\/div><\/div><\/div><\/div>","protected":false},"excerpt":{"rendered":"","protected":false},"author":1,"featured_media":0,"parent":0,"menu_order":0,"comment_status":"open","ping_status":"closed","template":"","meta":{"ub_ctt_via":"","footnotes":""},"class_list":["post-433","page","type-page","status-publish","hentry"],"featured_image_src":null,"yoast_head":"<!-- This site is optimized with the Yoast SEO plugin v25.4 - https:\/\/yoast.com\/wordpress\/plugins\/seo\/ -->\n<title>Como filtrar por cor no Excel? (Tutorial 2023)<\/title>\n<meta name=\"description\" content=\"Estamos explorando uma maneira de filtrar os valores na coluna usando a cor da fonte ou a cor da c\u00e9lula.\" \/>\n<meta name=\"robots\" content=\"index, follow, max-snippet:-1, max-image-preview:large, max-video-preview:-1\" \/>\n<link rel=\"canonical\" href=\"https:\/\/exceladvisor.org\/pt\/filtrar-por-cor\/\" \/>\n<meta property=\"og:locale\" content=\"pt_PT\" \/>\n<meta property=\"og:type\" content=\"article\" \/>\n<meta property=\"og:title\" content=\"Como filtrar por cor no Excel? (Tutorial 2023)\" \/>\n<meta property=\"og:description\" content=\"Estamos explorando uma maneira de filtrar os valores na coluna usando a cor da fonte ou a cor da c\u00e9lula.\" \/>\n<meta property=\"og:url\" content=\"https:\/\/exceladvisor.org\/pt\/filtrar-por-cor\/\" \/>\n<meta property=\"og:site_name\" content=\"Excel Advisor\" \/>\n<meta property=\"article:modified_time\" content=\"2023-12-06T11:37:53+00:00\" \/>\n<meta property=\"og:image\" content=\"https:\/\/exceladvisor.org\/wp-content\/uploads\/2023\/08\/1-filtre-par-couleur.png\" \/>\n<meta name=\"twitter:card\" content=\"summary_large_image\" \/>\n<meta name=\"twitter:label1\" content=\"Tempo estimado de leitura\" \/>\n\t<meta name=\"twitter:data1\" content=\"2 minutos\" \/>\n<script type=\"application\/ld+json\" class=\"yoast-schema-graph\">{\"@context\":\"https:\/\/schema.org\",\"@graph\":[{\"@type\":\"WebPage\",\"@id\":\"https:\/\/exceladvisor.org\/pt\/filtrar-por-cor\/\",\"url\":\"https:\/\/exceladvisor.org\/pt\/filtrar-por-cor\/\",\"name\":\"Como filtrar por cor no Excel? (Tutorial 2023)\",\"isPartOf\":{\"@id\":\"https:\/\/exceladvisor.org\/pt\/#website\"},\"primaryImageOfPage\":{\"@id\":\"https:\/\/exceladvisor.org\/pt\/filtrar-por-cor\/#primaryimage\"},\"image\":{\"@id\":\"https:\/\/exceladvisor.org\/pt\/filtrar-por-cor\/#primaryimage\"},\"thumbnailUrl\":\"https:\/\/exceladvisor.org\/wp-content\/uploads\/2023\/08\/1-filtre-par-couleur.png\",\"datePublished\":\"2023-10-29T05:45:34+00:00\",\"dateModified\":\"2023-12-06T11:37:53+00:00\",\"description\":\"Estamos explorando uma maneira de filtrar os valores na coluna usando a cor da fonte ou a cor da c\u00e9lula.\",\"breadcrumb\":{\"@id\":\"https:\/\/exceladvisor.org\/pt\/filtrar-por-cor\/#breadcrumb\"},\"inLanguage\":\"pt-PT\",\"potentialAction\":[{\"@type\":\"ReadAction\",\"target\":[\"https:\/\/exceladvisor.org\/pt\/filtrar-por-cor\/\"]}]},{\"@type\":\"ImageObject\",\"inLanguage\":\"pt-PT\",\"@id\":\"https:\/\/exceladvisor.org\/pt\/filtrar-por-cor\/#primaryimage\",\"url\":\"https:\/\/exceladvisor.org\/wp-content\/uploads\/2023\/08\/1-filtre-par-couleur.png\",\"contentUrl\":\"https:\/\/exceladvisor.org\/wp-content\/uploads\/2023\/08\/1-filtre-par-couleur.png\"},{\"@type\":\"BreadcrumbList\",\"@id\":\"https:\/\/exceladvisor.org\/pt\/filtrar-por-cor\/#breadcrumb\",\"itemListElement\":[{\"@type\":\"ListItem\",\"position\":1,\"name\":\"Lar\",\"item\":\"https:\/\/exceladvisor.org\/pt\/\"},{\"@type\":\"ListItem\",\"position\":2,\"name\":\"Como filtrar por cor no excel?\"}]},{\"@type\":\"WebSite\",\"@id\":\"https:\/\/exceladvisor.org\/pt\/#website\",\"url\":\"https:\/\/exceladvisor.org\/pt\/\",\"name\":\"Excel Advisor\",\"description\":\"O seu guia definitivo para dominar os dados!\",\"publisher\":{\"@id\":\"https:\/\/exceladvisor.org\/pt\/#organization\"},\"potentialAction\":[{\"@type\":\"SearchAction\",\"target\":{\"@type\":\"EntryPoint\",\"urlTemplate\":\"https:\/\/exceladvisor.org\/pt\/?s={search_term_string}\"},\"query-input\":{\"@type\":\"PropertyValueSpecification\",\"valueRequired\":true,\"valueName\":\"search_term_string\"}}],\"inLanguage\":\"pt-PT\"},{\"@type\":\"Organization\",\"@id\":\"https:\/\/exceladvisor.org\/pt\/#organization\",\"name\":\"Excel Advisor\",\"url\":\"https:\/\/exceladvisor.org\/pt\/\",\"logo\":{\"@type\":\"ImageObject\",\"inLanguage\":\"pt-PT\",\"@id\":\"https:\/\/exceladvisor.org\/pt\/#\/schema\/logo\/image\/\",\"url\":\"https:\/\/exceladvisor.org\/pt\/wp-content\/uploads\/2023\/12\/exceladvisor.org_.png\",\"contentUrl\":\"https:\/\/exceladvisor.org\/pt\/wp-content\/uploads\/2023\/12\/exceladvisor.org_.png\",\"width\":105,\"height\":36,\"caption\":\"Excel Advisor\"},\"image\":{\"@id\":\"https:\/\/exceladvisor.org\/pt\/#\/schema\/logo\/image\/\"}}]}<\/script>\n<!-- \/ Yoast SEO plugin. -->","yoast_head_json":{"title":"Como filtrar por cor no Excel? (Tutorial 2023)","description":"Estamos explorando uma maneira de filtrar os valores na coluna usando a cor da fonte ou a cor da c\u00e9lula.","robots":{"index":"index","follow":"follow","max-snippet":"max-snippet:-1","max-image-preview":"max-image-preview:large","max-video-preview":"max-video-preview:-1"},"canonical":"https:\/\/exceladvisor.org\/pt\/filtrar-por-cor\/","og_locale":"pt_PT","og_type":"article","og_title":"Como filtrar por cor no Excel? (Tutorial 2023)","og_description":"Estamos explorando uma maneira de filtrar os valores na coluna usando a cor da fonte ou a cor da c\u00e9lula.","og_url":"https:\/\/exceladvisor.org\/pt\/filtrar-por-cor\/","og_site_name":"Excel Advisor","article_modified_time":"2023-12-06T11:37:53+00:00","og_image":[{"url":"https:\/\/exceladvisor.org\/wp-content\/uploads\/2023\/08\/1-filtre-par-couleur.png","type":"","width":"","height":""}],"twitter_card":"summary_large_image","twitter_misc":{"Tempo estimado de leitura":"2 minutos"},"schema":{"@context":"https:\/\/schema.org","@graph":[{"@type":"WebPage","@id":"https:\/\/exceladvisor.org\/pt\/filtrar-por-cor\/","url":"https:\/\/exceladvisor.org\/pt\/filtrar-por-cor\/","name":"Como filtrar por cor no Excel? (Tutorial 2023)","isPartOf":{"@id":"https:\/\/exceladvisor.org\/pt\/#website"},"primaryImageOfPage":{"@id":"https:\/\/exceladvisor.org\/pt\/filtrar-por-cor\/#primaryimage"},"image":{"@id":"https:\/\/exceladvisor.org\/pt\/filtrar-por-cor\/#primaryimage"},"thumbnailUrl":"https:\/\/exceladvisor.org\/wp-content\/uploads\/2023\/08\/1-filtre-par-couleur.png","datePublished":"2023-10-29T05:45:34+00:00","dateModified":"2023-12-06T11:37:53+00:00","description":"Estamos explorando uma maneira de filtrar os valores na coluna usando a cor da fonte ou a cor da c\u00e9lula.","breadcrumb":{"@id":"https:\/\/exceladvisor.org\/pt\/filtrar-por-cor\/#breadcrumb"},"inLanguage":"pt-PT","potentialAction":[{"@type":"ReadAction","target":["https:\/\/exceladvisor.org\/pt\/filtrar-por-cor\/"]}]},{"@type":"ImageObject","inLanguage":"pt-PT","@id":"https:\/\/exceladvisor.org\/pt\/filtrar-por-cor\/#primaryimage","url":"https:\/\/exceladvisor.org\/wp-content\/uploads\/2023\/08\/1-filtre-par-couleur.png","contentUrl":"https:\/\/exceladvisor.org\/wp-content\/uploads\/2023\/08\/1-filtre-par-couleur.png"},{"@type":"BreadcrumbList","@id":"https:\/\/exceladvisor.org\/pt\/filtrar-por-cor\/#breadcrumb","itemListElement":[{"@type":"ListItem","position":1,"name":"Lar","item":"https:\/\/exceladvisor.org\/pt\/"},{"@type":"ListItem","position":2,"name":"Como filtrar por cor no excel?"}]},{"@type":"WebSite","@id":"https:\/\/exceladvisor.org\/pt\/#website","url":"https:\/\/exceladvisor.org\/pt\/","name":"Excel Advisor","description":"O seu guia definitivo para dominar os dados!","publisher":{"@id":"https:\/\/exceladvisor.org\/pt\/#organization"},"potentialAction":[{"@type":"SearchAction","target":{"@type":"EntryPoint","urlTemplate":"https:\/\/exceladvisor.org\/pt\/?s={search_term_string}"},"query-input":{"@type":"PropertyValueSpecification","valueRequired":true,"valueName":"search_term_string"}}],"inLanguage":"pt-PT"},{"@type":"Organization","@id":"https:\/\/exceladvisor.org\/pt\/#organization","name":"Excel Advisor","url":"https:\/\/exceladvisor.org\/pt\/","logo":{"@type":"ImageObject","inLanguage":"pt-PT","@id":"https:\/\/exceladvisor.org\/pt\/#\/schema\/logo\/image\/","url":"https:\/\/exceladvisor.org\/pt\/wp-content\/uploads\/2023\/12\/exceladvisor.org_.png","contentUrl":"https:\/\/exceladvisor.org\/pt\/wp-content\/uploads\/2023\/12\/exceladvisor.org_.png","width":105,"height":36,"caption":"Excel Advisor"},"image":{"@id":"https:\/\/exceladvisor.org\/pt\/#\/schema\/logo\/image\/"}}]}},"yoast_meta":{"yoast_wpseo_title":"","yoast_wpseo_metadesc":"","yoast_wpseo_canonical":""},"_links":{"self":[{"href":"https:\/\/exceladvisor.org\/pt\/wp-json\/wp\/v2\/pages\/433","targetHints":{"allow":["GET"]}}],"collection":[{"href":"https:\/\/exceladvisor.org\/pt\/wp-json\/wp\/v2\/pages"}],"about":[{"href":"https:\/\/exceladvisor.org\/pt\/wp-json\/wp\/v2\/types\/page"}],"author":[{"embeddable":true,"href":"https:\/\/exceladvisor.org\/pt\/wp-json\/wp\/v2\/users\/1"}],"replies":[{"embeddable":true,"href":"https:\/\/exceladvisor.org\/pt\/wp-json\/wp\/v2\/comments?post=433"}],"version-history":[{"count":1,"href":"https:\/\/exceladvisor.org\/pt\/wp-json\/wp\/v2\/pages\/433\/revisions"}],"predecessor-version":[{"id":1077,"href":"https:\/\/exceladvisor.org\/pt\/wp-json\/wp\/v2\/pages\/433\/revisions\/1077"}],"wp:attachment":[{"href":"https:\/\/exceladvisor.org\/pt\/wp-json\/wp\/v2\/media?parent=433"}],"curies":[{"name":"wp","href":"https:\/\/api.w.org\/{rel}","templated":true}]}}