{"id":434,"date":"2023-10-29T05:18:31","date_gmt":"2023-10-29T05:18:31","guid":{"rendered":"https:\/\/exceladvisor.org\/pt\/destacar-linhas-alternadas\/"},"modified":"2023-12-06T11:37:25","modified_gmt":"2023-12-06T11:37:25","slug":"destacar-linhas-alternadas","status":"publish","type":"page","link":"https:\/\/exceladvisor.org\/pt\/destacar-linhas-alternadas\/","title":{"rendered":"Como destacar linhas alternadas com uma tonalidade colorida?"},"content":{"rendered":"<div class=\"excel-before-content-2\" id=\"excel-3044495574\"><script type=\"text\/javascript\">\r\n\tatOptions = {\r\n\t\t'key' : 'c1158f160081d6540a8409e6925dab94',\r\n\t\t'format' : 'iframe',\r\n\t\t'height' : 250,\r\n\t\t'width' : 300,\r\n\t\t'params' : {}\r\n\t};\r\n<\/script>\r\n<script type=\"text\/javascript\" src=\"\/\/www.highperformanceformat.com\/c1158f160081d6540a8409e6925dab94\/invoke.js\"><\/script><\/div><div class=\"excel-before-content\" id=\"excel-2092886933\"><script type=\"text\/javascript\">\r\n\tatOptions = {\r\n\t\t'key' : 'c1158f160081d6540a8409e6925dab94',\r\n\t\t'format' : 'iframe',\r\n\t\t'height' : 250,\r\n\t\t'width' : 300,\r\n\t\t'params' : {}\r\n\t};\r\n<\/script>\r\n<script type=\"text\/javascript\" src=\"\/\/www.highperformanceformat.com\/c1158f160081d6540a8409e6925dab94\/invoke.js\"><\/script><\/div> <p>No Excel, ao trabalhar com um grande conjunto de dados, neste caso, para melhorar a apar\u00eancia e aumentar a legibilidade, voc\u00ea pode destacar linhas alternativas com uma tonalidade de cor. Isso torna cada linha de dados distinta e ajuda voc\u00ea a l\u00ea-los. <\/p><div class=\"wp-block-image\"><figure class=\"aligncenter size-full is-resized\"><img loading=\"lazy\" decoding=\"async\" class=\"wp-image-74969\" src=\"https:\/\/exceladvisor.org\/wp-content\/uploads\/2023\/08\/1-mettre-en-surbrillance-des-rangees-alternees.png\" sizes=\"auto, \" srcset=\"\" alt=\"destacar linhas alternativas\" width=\"812\" height=\"433\"><\/figure><\/div><p> Neste tutorial, discutiremos tr\u00eas m\u00e9todos simples que voc\u00ea pode usar.<\/p><h2 class=\"wp-block-heading\"> Use uma tabela do Excel para destacar linhas alternativas no Excel<\/h2><p> Usar uma tabela do Excel \u00e9 a maneira melhor e mais f\u00e1cil de aplicar uma amostra de cores para destacar linhas alternativas no Excel.<\/p><ol><li> Selecione os dados aos quais deseja aplic\u00e1-los. <br><img loading=\"lazy\" decoding=\"async\" title=\"2-selecionar dados\" src=\"https:\/\/exceladvisor.org\/wp-content\/uploads\/2023\/08\/2-selectionner-les-donnees.png\" sizes=\"auto, \" srcset=\"\" alt=\"select-data\" width=\"540\" height=\"279\"><\/li><li> Depois disso, v\u00e1 at\u00e9 a aba Inserir e clique no bot\u00e3o tabela. Voc\u00ea tamb\u00e9m pode usar o atalho de teclado Control + T. <br><img loading=\"lazy\" decoding=\"async\" title=\"Bot\u00e3o de mesa em 3 cliques\" src=\"https:\/\/exceladvisor.org\/wp-content\/uploads\/2023\/08\/Bouton-de-tableau-a-3-clics.png\" sizes=\"auto, \" srcset=\"\" alt=\"click-table-button\" width=\"421\" height=\"304\"><\/li><li> Agora na caixa de di\u00e1logo, certifique-se de marcar \u201cMinha tabela tem cabe\u00e7alhos\u201d. <br><img loading=\"lazy\" decoding=\"async\" title=\"4 marcas de sele\u00e7\u00e3o nos cabe\u00e7alhos da minha tabela\" src=\"https:\/\/exceladvisor.org\/wp-content\/uploads\/2023\/08\/4-cochez-mes-en-tetes-de-tableau.png\" sizes=\"auto, \" srcset=\"\" alt=\"check-mark-my-table-headers\" width=\"255\" height=\"158\"><\/li><li> Ao final, clique em OK para aplicar a tabela.<\/li><\/ol><p> Depois de clicar em OK, voc\u00ea obter\u00e1 um estilo de tabela padr\u00e3o em seus dados, como segue. <\/p><div class=\"wp-block-image\"><figure class=\"aligncenter size-full is-resized\"><img loading=\"lazy\" decoding=\"async\" class=\"wp-image-74973\" src=\"https:\/\/exceladvisor.org\/wp-content\/uploads\/2023\/08\/5-styles-de-tableau-par-defaut.png\" sizes=\"auto, \" srcset=\"\" alt=\"estilo de tabela padr\u00e3o\" width=\"734\" height=\"308\"><\/figure><\/div><p> Mas voc\u00ea pode alterar o estilo se n\u00e3o quiser usar o padr\u00e3o. V\u00e1 para a guia Design de Tabela e abra Estilos de Tabela. <\/p><div class=\"wp-block-image\"><figure class=\"aligncenter size-full is-resized\"><img loading=\"lazy\" decoding=\"async\" class=\"wp-image-74974\" src=\"https:\/\/exceladvisor.org\/wp-content\/uploads\/2023\/08\/6-onglet-de-conception-de-table.png\" sizes=\"auto, \" srcset=\"\" alt=\"guia de design de mesa\" width=\"551\" height=\"321\"><\/figure><\/div><p> Entre os estilos, voc\u00ea pode escolher um ou criar um estilo pr\u00f3prio do zero. <\/p><div class=\"wp-block-image\"><figure class=\"aligncenter size-full is-resized\"><img loading=\"lazy\" decoding=\"async\" class=\"wp-image-74975\" src=\"https:\/\/exceladvisor.org\/wp-content\/uploads\/2023\/08\/7-Choisissez-parmi-plusieurs-modeles-de-table.png\" sizes=\"auto, \" srcset=\"\" alt=\"escolha entre v\u00e1rios modelos de mesa\" width=\"566\" height=\"324\"><\/figure><\/div><h2 class=\"wp-block-heading\"> Usando formata\u00e7\u00e3o condicional para aplicar amostras de cores a linhas alternadas<\/h2><p> Voc\u00ea tamb\u00e9m pode usar uma f\u00f3rmula em formata\u00e7\u00e3o condicional para aplicar uma amostra de cor a cada linha da data. Este m\u00e9todo te d\u00e1 um melhor controle, voc\u00ea pode ter uma forma mais personalizada.<\/p><ol><li> Primeiro, selecione os dados aos quais deseja aplicar as amostras de cores. <br><img loading=\"lazy\" decoding=\"async\" title=\"8-selecione-dados-para-aplicar-tons de cores\" src=\"https:\/\/exceladvisor.org\/wp-content\/uploads\/2023\/08\/8-selectionner-des-donnees-pour-appliquer-des-nuances-de-couleur.png\" sizes=\"auto, \" srcset=\"\" alt=\"select-data-to-apply-color-shades\" width=\"537\" height=\"280\"><\/li><li> Depois disso, v\u00e1 para a guia P\u00e1gina inicial e clique na lista suspensa Formata\u00e7\u00e3o condicional. <br><img loading=\"lazy\" decoding=\"async\" title=\"Formata\u00e7\u00e3o condicional em 9 cliques\" src=\"https:\/\/exceladvisor.org\/wp-content\/uploads\/2023\/08\/9-cliquez-sur-la-mise-en-forme-conditionnelle.png\" sizes=\"auto, \" srcset=\"\" alt=\"click-on-conditional-formatting\" width=\"445\" height=\"232\"><\/li><li> A partir da\u00ed, clique na nova regra. <br><img loading=\"lazy\" decoding=\"async\" title=\"Nova regra de 10 cliques\" src=\"https:\/\/exceladvisor.org\/wp-content\/uploads\/2023\/08\/10-clics-nouvelle-regle.png\" sizes=\"auto, \" srcset=\"\" alt=\"click-new-rule\" width=\"238\" height=\"434\"><\/li><li> Em seguida, clique em \u201cUsar uma f\u00f3rmula para determinar qual c\u00e9lula formatar\u201d. <br><img loading=\"lazy\" decoding=\"async\" title=\"11 cliques em usar uma f\u00f3rmula para determinar qual c\u00e9lula formatar\" src=\"https:\/\/exceladvisor.org\/wp-content\/uploads\/2023\/08\/11-cliquez-sur-utiliser-une-formule-pour-determiner-quelle-cellule-formater.png\" sizes=\"auto, \" srcset=\"\" alt=\"click-on-use-a-formula-to-determine-which-cell-to-format\" width=\"538\" height=\"200\"><\/li><li> Neste ponto voc\u00ea tem uma barra de entrada para adicionar uma f\u00f3rmula, assim como fiz abaixo. <br><img loading=\"lazy\" decoding=\"async\" title=\"Barra de 12 f\u00f3rmulas para adicionar uma f\u00f3rmula\" src=\"https:\/\/exceladvisor.org\/wp-content\/uploads\/2023\/08\/12-barre-de-formule-pour-ajouter-une-formule.png\" sizes=\"auto, \" srcset=\"\" alt=\"formula-bar-to-add-a- formula\" width=\"516\" height=\"344\"><\/li><\/ol><p> Agora voc\u00ea precisa inserir uma das f\u00f3rmulas abaixo:<\/p><ul><li class=\"formula\"> =ISEVEN(ROW()) \u2013 Se voc\u00ea deseja sombrear linhas pares.<\/li><li class=\"formula\"> =ISODD(ROW()) \u2013 Se voc\u00ea deseja sombrear linhas \u00edmpares. <\/li><\/ul><div class=\"wp-block-image\"><figure class=\"aligncenter size-full is-resized\"><img loading=\"lazy\" decoding=\"async\" class=\"wp-image-74981\" src=\"https:\/\/exceladvisor.org\/wp-content\/uploads\/2023\/08\/13-entrer-la-formule.png\" sizes=\"auto, \" srcset=\"\" alt=\"insira a f\u00f3rmula\" width=\"701\" height=\"118\"><\/figure><\/div><p> Depois disso, clique no bot\u00e3o de formato para decidir qual tonalidade de cor voc\u00ea deseja atribuir a cada linha alternativa para destac\u00e1-la. <\/p><div class=\"wp-block-image\"><figure class=\"aligncenter size-full is-resized\"><img loading=\"lazy\" decoding=\"async\" class=\"wp-image-74982\" src=\"https:\/\/exceladvisor.org\/wp-content\/uploads\/2023\/08\/14-cliquez-sur-le-bouton-formater.png\" sizes=\"auto, \" srcset=\"\" alt=\"clique no bot\u00e3o formatar\" width=\"638\" height=\"236\"><\/figure><\/div><p> No final, clique em OK para aplicar a formata\u00e7\u00e3o condicional. <\/p><div class=\"wp-block-image\"><figure class=\"aligncenter size-full is-resized\"><img loading=\"lazy\" decoding=\"async\" class=\"wp-image-74983\" src=\"https:\/\/exceladvisor.org\/wp-content\/uploads\/2023\/08\/15-appliquer-la-mise-en-forme-conditionnelle.png\" sizes=\"auto, \" srcset=\"\" alt=\"aplicar formata\u00e7\u00e3o condicional\" width=\"708\" height=\"385\"><\/figure><\/div><h2 class=\"wp-block-heading\"> Use o c\u00f3digo VBA para aplicar cores a linhas alternativas<\/h2><p> Voc\u00ea sabe usar VBA no Excel; voc\u00ea pode usar uma macro para aplicar uma amostra de cor a cada linha alternativa. Basta selecionar o intervalo e executar o c\u00f3digo a seguir. <\/p><div class=\"wp-block-image\"><figure class=\"aligncenter size-full is-resized\"><img loading=\"lazy\" decoding=\"async\" class=\"wp-image-74984\" src=\"https:\/\/exceladvisor.org\/wp-content\/uploads\/2023\/08\/16-code-vba-pour-appliquer-la-couleur.png\" sizes=\"auto, \" srcset=\"\" alt=\"c\u00f3digo vba para aplicar cor\" width=\"612\" height=\"540\"><\/figure><\/div><pre class=\"wp-block-code\"> <code class=\"language-visual-basic\" lang=\"visual-basic\">Sub apply_shades_to_alternate_rows() Dim myRange As Range Dim i As Long Dim C1 As Long Dim C2 As Long 'define colors C1 = RGB(238, 238, 238) C2 = RGB(145, 196, 131) 'checks if a range is selected or not If TypeName(Selection) &lt;&gt; \"Range\" Then Exit Sub 'specify the range to the variable Set myRange = Selection 'end the code if only one row is selected If myRange.Rows.Count = 1 Then Exit Sub 'loop through each row one by one and color alternate rows with different color shade For i = 1 To myRange.Rows.Count If i Mod 2 = 0 Then myRange.Rows(i).Interior.Color = C2 'Even Row Shade Else myRange.Rows(i).Interior.Color = C1 'Odd Row Shade End If Next i End Sub<\/code><\/pre><p> <em>Links r\u00e1pidos: <a href=\"https:\/\/exceladvisor.org\/pt\/editor-visual-basico\/\">Editor Visual Basic<\/a> \u2013 <a href=\"https:\/\/exceladvisor.org\/pt\/executar-uma-macro-2\/\">Executar c\u00f3digo VBA<\/a><\/em><\/p><div class=\"gb-container gb-container-4db6181c gb-container-mt\"> <a class=\"gb-button gb-button-c5897111 gb-button-text gb-button-mt-button\" href=\"https:\/\/exceladvisor.org\/pt\/excel-avancado\/\">Tutoriais avan\u00e7ados de Excel<\/a><h2 class=\"gb-headline gb-headline-665e5f6b gb-headline-text gb-headline-mt-heading\"> Tutoriais relacionados <\/h2><div class=\"gb-grid-wrapper gb-grid-wrapper-a20baf7c gb-grid-wrapper-mt-grid\"><div class=\"gb-grid-column gb-grid-column-65ddf67e\"><div class=\"gb-container gb-container-65ddf67e\"><ul><li> <a href=\"https:\/\/exceladvisor.org\/pt\/formulas-1\/\" data-wpil=\"url\">F\u00f3rmulas em formata\u00e7\u00e3o condicional<\/a><\/li><li> <a href=\"https:\/\/exceladvisor.org\/pt\/formatacao-automatica\/\">Op\u00e7\u00e3o de formata\u00e7\u00e3o autom\u00e1tica no Excel<\/a><\/li><li> <a href=\"https:\/\/exceladvisor.org\/pt\/jogos-de-icones\/\" data-wpil=\"url\">Use conjuntos de \u00edcones no Excel (formata\u00e7\u00e3o condicional)<\/a> <\/li><\/ul><\/div><\/div><div class=\"gb-grid-column gb-grid-column-50067b57\"><div class=\"gb-container gb-container-50067b57\"><ul><li> <a href=\"https:\/\/exceladvisor.org\/pt\/melhores-fontes\/\">Melhores fontes para Microsoft Excel<\/a><\/li><li> <a href=\"https:\/\/exceladvisor.org\/pt\/ocultar-zeros\/\">Ocultar valores zero no Excel<\/a><\/li><li> <a href=\"https:\/\/exceladvisor.org\/pt\/a\/\" data-wpil=\"url\">Remova a formata\u00e7\u00e3o condicional no Excel<\/a><\/li><\/ul><\/div><\/div><\/div><\/div>","protected":false},"excerpt":{"rendered":"","protected":false},"author":1,"featured_media":0,"parent":0,"menu_order":0,"comment_status":"open","ping_status":"closed","template":"","meta":{"ub_ctt_via":"","footnotes":""},"class_list":["post-434","page","type-page","status-publish","hentry"],"featured_image_src":null,"yoast_head":"<!-- This site is optimized with the Yoast SEO plugin v25.4 - https:\/\/yoast.com\/wordpress\/plugins\/seo\/ -->\n<title>Como destacar linhas alternativas no Excel?<\/title>\n<meta name=\"description\" content=\"Neste tutorial, aprenderemos como destacar linhas alternadas com uma amostra de cores.\" \/>\n<meta name=\"robots\" content=\"index, follow, max-snippet:-1, max-image-preview:large, max-video-preview:-1\" \/>\n<link rel=\"canonical\" href=\"https:\/\/exceladvisor.org\/pt\/destacar-linhas-alternadas\/\" \/>\n<meta property=\"og:locale\" content=\"pt_PT\" \/>\n<meta property=\"og:type\" content=\"article\" \/>\n<meta property=\"og:title\" content=\"Como destacar linhas alternativas no Excel?\" \/>\n<meta property=\"og:description\" content=\"Neste tutorial, aprenderemos como destacar linhas alternadas com uma amostra de cores.\" \/>\n<meta property=\"og:url\" content=\"https:\/\/exceladvisor.org\/pt\/destacar-linhas-alternadas\/\" \/>\n<meta property=\"og:site_name\" content=\"Excel Advisor\" \/>\n<meta property=\"article:modified_time\" content=\"2023-12-06T11:37:25+00:00\" \/>\n<meta property=\"og:image\" content=\"https:\/\/exceladvisor.org\/wp-content\/uploads\/2023\/08\/1-mettre-en-surbrillance-des-rangees-alternees.png\" \/>\n<meta name=\"twitter:card\" content=\"summary_large_image\" \/>\n<meta name=\"twitter:label1\" content=\"Tempo estimado de leitura\" \/>\n\t<meta name=\"twitter:data1\" content=\"3 minutos\" \/>\n<script type=\"application\/ld+json\" class=\"yoast-schema-graph\">{\"@context\":\"https:\/\/schema.org\",\"@graph\":[{\"@type\":\"WebPage\",\"@id\":\"https:\/\/exceladvisor.org\/pt\/destacar-linhas-alternadas\/\",\"url\":\"https:\/\/exceladvisor.org\/pt\/destacar-linhas-alternadas\/\",\"name\":\"Como destacar linhas alternativas no Excel?\",\"isPartOf\":{\"@id\":\"https:\/\/exceladvisor.org\/pt\/#website\"},\"primaryImageOfPage\":{\"@id\":\"https:\/\/exceladvisor.org\/pt\/destacar-linhas-alternadas\/#primaryimage\"},\"image\":{\"@id\":\"https:\/\/exceladvisor.org\/pt\/destacar-linhas-alternadas\/#primaryimage\"},\"thumbnailUrl\":\"https:\/\/exceladvisor.org\/wp-content\/uploads\/2023\/08\/1-mettre-en-surbrillance-des-rangees-alternees.png\",\"datePublished\":\"2023-10-29T05:18:31+00:00\",\"dateModified\":\"2023-12-06T11:37:25+00:00\",\"description\":\"Neste tutorial, aprenderemos como destacar linhas alternadas com uma amostra de cores.\",\"breadcrumb\":{\"@id\":\"https:\/\/exceladvisor.org\/pt\/destacar-linhas-alternadas\/#breadcrumb\"},\"inLanguage\":\"pt-PT\",\"potentialAction\":[{\"@type\":\"ReadAction\",\"target\":[\"https:\/\/exceladvisor.org\/pt\/destacar-linhas-alternadas\/\"]}]},{\"@type\":\"ImageObject\",\"inLanguage\":\"pt-PT\",\"@id\":\"https:\/\/exceladvisor.org\/pt\/destacar-linhas-alternadas\/#primaryimage\",\"url\":\"https:\/\/exceladvisor.org\/wp-content\/uploads\/2023\/08\/1-mettre-en-surbrillance-des-rangees-alternees.png\",\"contentUrl\":\"https:\/\/exceladvisor.org\/wp-content\/uploads\/2023\/08\/1-mettre-en-surbrillance-des-rangees-alternees.png\"},{\"@type\":\"BreadcrumbList\",\"@id\":\"https:\/\/exceladvisor.org\/pt\/destacar-linhas-alternadas\/#breadcrumb\",\"itemListElement\":[{\"@type\":\"ListItem\",\"position\":1,\"name\":\"Lar\",\"item\":\"https:\/\/exceladvisor.org\/pt\/\"},{\"@type\":\"ListItem\",\"position\":2,\"name\":\"Como destacar linhas alternadas com uma tonalidade colorida?\"}]},{\"@type\":\"WebSite\",\"@id\":\"https:\/\/exceladvisor.org\/pt\/#website\",\"url\":\"https:\/\/exceladvisor.org\/pt\/\",\"name\":\"Excel Advisor\",\"description\":\"O seu guia definitivo para dominar os dados!\",\"publisher\":{\"@id\":\"https:\/\/exceladvisor.org\/pt\/#organization\"},\"potentialAction\":[{\"@type\":\"SearchAction\",\"target\":{\"@type\":\"EntryPoint\",\"urlTemplate\":\"https:\/\/exceladvisor.org\/pt\/?s={search_term_string}\"},\"query-input\":{\"@type\":\"PropertyValueSpecification\",\"valueRequired\":true,\"valueName\":\"search_term_string\"}}],\"inLanguage\":\"pt-PT\"},{\"@type\":\"Organization\",\"@id\":\"https:\/\/exceladvisor.org\/pt\/#organization\",\"name\":\"Excel Advisor\",\"url\":\"https:\/\/exceladvisor.org\/pt\/\",\"logo\":{\"@type\":\"ImageObject\",\"inLanguage\":\"pt-PT\",\"@id\":\"https:\/\/exceladvisor.org\/pt\/#\/schema\/logo\/image\/\",\"url\":\"https:\/\/exceladvisor.org\/pt\/wp-content\/uploads\/2023\/12\/exceladvisor.org_.png\",\"contentUrl\":\"https:\/\/exceladvisor.org\/pt\/wp-content\/uploads\/2023\/12\/exceladvisor.org_.png\",\"width\":105,\"height\":36,\"caption\":\"Excel Advisor\"},\"image\":{\"@id\":\"https:\/\/exceladvisor.org\/pt\/#\/schema\/logo\/image\/\"}}]}<\/script>\n<!-- \/ Yoast SEO plugin. -->","yoast_head_json":{"title":"Como destacar linhas alternativas no Excel?","description":"Neste tutorial, aprenderemos como destacar linhas alternadas com uma amostra de cores.","robots":{"index":"index","follow":"follow","max-snippet":"max-snippet:-1","max-image-preview":"max-image-preview:large","max-video-preview":"max-video-preview:-1"},"canonical":"https:\/\/exceladvisor.org\/pt\/destacar-linhas-alternadas\/","og_locale":"pt_PT","og_type":"article","og_title":"Como destacar linhas alternativas no Excel?","og_description":"Neste tutorial, aprenderemos como destacar linhas alternadas com uma amostra de cores.","og_url":"https:\/\/exceladvisor.org\/pt\/destacar-linhas-alternadas\/","og_site_name":"Excel Advisor","article_modified_time":"2023-12-06T11:37:25+00:00","og_image":[{"url":"https:\/\/exceladvisor.org\/wp-content\/uploads\/2023\/08\/1-mettre-en-surbrillance-des-rangees-alternees.png","type":"","width":"","height":""}],"twitter_card":"summary_large_image","twitter_misc":{"Tempo estimado de leitura":"3 minutos"},"schema":{"@context":"https:\/\/schema.org","@graph":[{"@type":"WebPage","@id":"https:\/\/exceladvisor.org\/pt\/destacar-linhas-alternadas\/","url":"https:\/\/exceladvisor.org\/pt\/destacar-linhas-alternadas\/","name":"Como destacar linhas alternativas no Excel?","isPartOf":{"@id":"https:\/\/exceladvisor.org\/pt\/#website"},"primaryImageOfPage":{"@id":"https:\/\/exceladvisor.org\/pt\/destacar-linhas-alternadas\/#primaryimage"},"image":{"@id":"https:\/\/exceladvisor.org\/pt\/destacar-linhas-alternadas\/#primaryimage"},"thumbnailUrl":"https:\/\/exceladvisor.org\/wp-content\/uploads\/2023\/08\/1-mettre-en-surbrillance-des-rangees-alternees.png","datePublished":"2023-10-29T05:18:31+00:00","dateModified":"2023-12-06T11:37:25+00:00","description":"Neste tutorial, aprenderemos como destacar linhas alternadas com uma amostra de cores.","breadcrumb":{"@id":"https:\/\/exceladvisor.org\/pt\/destacar-linhas-alternadas\/#breadcrumb"},"inLanguage":"pt-PT","potentialAction":[{"@type":"ReadAction","target":["https:\/\/exceladvisor.org\/pt\/destacar-linhas-alternadas\/"]}]},{"@type":"ImageObject","inLanguage":"pt-PT","@id":"https:\/\/exceladvisor.org\/pt\/destacar-linhas-alternadas\/#primaryimage","url":"https:\/\/exceladvisor.org\/wp-content\/uploads\/2023\/08\/1-mettre-en-surbrillance-des-rangees-alternees.png","contentUrl":"https:\/\/exceladvisor.org\/wp-content\/uploads\/2023\/08\/1-mettre-en-surbrillance-des-rangees-alternees.png"},{"@type":"BreadcrumbList","@id":"https:\/\/exceladvisor.org\/pt\/destacar-linhas-alternadas\/#breadcrumb","itemListElement":[{"@type":"ListItem","position":1,"name":"Lar","item":"https:\/\/exceladvisor.org\/pt\/"},{"@type":"ListItem","position":2,"name":"Como destacar linhas alternadas com uma tonalidade colorida?"}]},{"@type":"WebSite","@id":"https:\/\/exceladvisor.org\/pt\/#website","url":"https:\/\/exceladvisor.org\/pt\/","name":"Excel Advisor","description":"O seu guia definitivo para dominar os dados!","publisher":{"@id":"https:\/\/exceladvisor.org\/pt\/#organization"},"potentialAction":[{"@type":"SearchAction","target":{"@type":"EntryPoint","urlTemplate":"https:\/\/exceladvisor.org\/pt\/?s={search_term_string}"},"query-input":{"@type":"PropertyValueSpecification","valueRequired":true,"valueName":"search_term_string"}}],"inLanguage":"pt-PT"},{"@type":"Organization","@id":"https:\/\/exceladvisor.org\/pt\/#organization","name":"Excel Advisor","url":"https:\/\/exceladvisor.org\/pt\/","logo":{"@type":"ImageObject","inLanguage":"pt-PT","@id":"https:\/\/exceladvisor.org\/pt\/#\/schema\/logo\/image\/","url":"https:\/\/exceladvisor.org\/pt\/wp-content\/uploads\/2023\/12\/exceladvisor.org_.png","contentUrl":"https:\/\/exceladvisor.org\/pt\/wp-content\/uploads\/2023\/12\/exceladvisor.org_.png","width":105,"height":36,"caption":"Excel Advisor"},"image":{"@id":"https:\/\/exceladvisor.org\/pt\/#\/schema\/logo\/image\/"}}]}},"yoast_meta":{"yoast_wpseo_title":"","yoast_wpseo_metadesc":"","yoast_wpseo_canonical":""},"_links":{"self":[{"href":"https:\/\/exceladvisor.org\/pt\/wp-json\/wp\/v2\/pages\/434","targetHints":{"allow":["GET"]}}],"collection":[{"href":"https:\/\/exceladvisor.org\/pt\/wp-json\/wp\/v2\/pages"}],"about":[{"href":"https:\/\/exceladvisor.org\/pt\/wp-json\/wp\/v2\/types\/page"}],"author":[{"embeddable":true,"href":"https:\/\/exceladvisor.org\/pt\/wp-json\/wp\/v2\/users\/1"}],"replies":[{"embeddable":true,"href":"https:\/\/exceladvisor.org\/pt\/wp-json\/wp\/v2\/comments?post=434"}],"version-history":[{"count":1,"href":"https:\/\/exceladvisor.org\/pt\/wp-json\/wp\/v2\/pages\/434\/revisions"}],"predecessor-version":[{"id":1037,"href":"https:\/\/exceladvisor.org\/pt\/wp-json\/wp\/v2\/pages\/434\/revisions\/1037"}],"wp:attachment":[{"href":"https:\/\/exceladvisor.org\/pt\/wp-json\/wp\/v2\/media?parent=434"}],"curies":[{"name":"wp","href":"https:\/\/api.w.org\/{rel}","templated":true}]}}