{"id":435,"date":"2023-10-29T05:12:25","date_gmt":"2023-10-29T05:12:25","guid":{"rendered":"https:\/\/exceladvisor.org\/pt\/alterar-a-orientacao-da-pagina\/"},"modified":"2023-12-06T11:34:28","modified_gmt":"2023-12-06T11:34:28","slug":"alterar-a-orientacao-da-pagina","status":"publish","type":"page","link":"https:\/\/exceladvisor.org\/pt\/alterar-a-orientacao-da-pagina\/","title":{"rendered":"Como alterar a orienta\u00e7\u00e3o da p\u00e1gina no excel?"},"content":{"rendered":"<div class=\"excel-before-content-2\" id=\"excel-1610776095\"><script type=\"text\/javascript\">\r\n\tatOptions = {\r\n\t\t'key' : 'c1158f160081d6540a8409e6925dab94',\r\n\t\t'format' : 'iframe',\r\n\t\t'height' : 250,\r\n\t\t'width' : 300,\r\n\t\t'params' : {}\r\n\t};\r\n<\/script>\r\n<script type=\"text\/javascript\" src=\"\/\/www.highperformanceformat.com\/c1158f160081d6540a8409e6925dab94\/invoke.js\"><\/script><\/div><div class=\"excel-before-content\" id=\"excel-1570195273\"><script type=\"text\/javascript\">\r\n\tatOptions = {\r\n\t\t'key' : 'c1158f160081d6540a8409e6925dab94',\r\n\t\t'format' : 'iframe',\r\n\t\t'height' : 250,\r\n\t\t'width' : 300,\r\n\t\t'params' : {}\r\n\t};\r\n<\/script>\r\n<script type=\"text\/javascript\" src=\"\/\/www.highperformanceformat.com\/c1158f160081d6540a8409e6925dab94\/invoke.js\"><\/script><\/div> <p>Existem duas orienta\u00e7\u00f5es diferentes (Retrato ou Paisagem) no Excel que voc\u00ea pode usar e fazer altera\u00e7\u00f5es de acordo com sua necessidade. Neste tutorial, aprenderemos como alterar a orienta\u00e7\u00e3o da p\u00e1gina no Excel. <\/p><div class=\"wp-block-image\"><figure class=\"aligncenter size-full is-resized\"><img loading=\"lazy\" decoding=\"async\" class=\"wp-image-74829\" src=\"https:\/\/exceladvisor.org\/wp-content\/uploads\/2023\/08\/1-changer-lorientation-des-pages.png\" sizes=\"auto, \" srcset=\"\" alt=\"alterar a orienta\u00e7\u00e3o da p\u00e1gina\" width=\"590\" height=\"264\"><\/figure><\/div><h2 class=\"wp-block-heading\"> Etapas para alterar a orienta\u00e7\u00e3o da p\u00e1gina<\/h2><ol><li> Primeiro, v\u00e1 para a guia Layout. <br><img loading=\"lazy\" decoding=\"async\" title=\"2 Guia Layout de p\u00e1gina\" src=\"https:\/\/exceladvisor.org\/wp-content\/uploads\/2023\/08\/onglet-mise-en-page-2-pages.png\" sizes=\"auto, \" srcset=\"\" alt=\"page-layout-tab\" width=\"434\" height=\"100\"><\/li><li> Ent\u00e3o no Layout voc\u00ea tem o grupo \u201cLayout\u201d e tem uma op\u00e7\u00e3o de orienta\u00e7\u00e3o. <br><img loading=\"lazy\" decoding=\"async\" title=\"\u00cdcone de 3 orienta\u00e7\u00f5es\" src=\"https:\/\/exceladvisor.org\/wp-content\/uploads\/2023\/08\/3-icone-dorientation.png\" sizes=\"auto, \" srcset=\"\" alt=\"orientation-icon\" width=\"508\" height=\"130\"><\/li><li> Agora, clique no menu suspenso Orienta\u00e7\u00e3o. <br><img loading=\"lazy\" decoding=\"async\" title=\"Lista suspensa de 4 dire\u00e7\u00f5es\" src=\"https:\/\/exceladvisor.org\/wp-content\/uploads\/2023\/08\/4-menus-deroulants-dorientation.png\" sizes=\"auto, \" srcset=\"\" alt=\"orientation-drop-down\" width=\"508\" height=\"285\"><\/li><li> Ao final, clique em selecionar a orienta\u00e7\u00e3o (Retrato ou Paisagem) que deseja aplicar.<\/li><\/ol><p> Esta \u00e9 a maneira mais f\u00e1cil de alterar a orienta\u00e7\u00e3o de uma p\u00e1gina no Excel.<\/p><h2 class=\"wp-block-heading\"> Alterar a orienta\u00e7\u00e3o da p\u00e1gina na caixa de di\u00e1logo Configurar p\u00e1gina<\/h2><ol><li> Primeiro, use o atalho de teclado (Alt \u21e2 P \u21e2 S \u21e2 P) para abrir a caixa de di\u00e1logo de layout, ou voc\u00ea pode clicar na seta para baixo no canto inferior direito do grupo \u201cLayout\u201d. <br><img loading=\"lazy\" decoding=\"async\" title=\"Grupo de configura\u00e7\u00e3o de 5 p\u00e1ginas\" src=\"https:\/\/exceladvisor.org\/wp-content\/uploads\/2023\/08\/Groupe-de-configuration-de-5-pages.png\" sizes=\"auto, \" srcset=\"\" alt=\"page-setup-group\" width=\"546\" height=\"166\"><\/li><li> A partir da\u00ed, na caixa de di\u00e1logo \u201cConfigurar p\u00e1gina\u201d, voc\u00ea tem a orienta\u00e7\u00e3o a ser selecionada. <br><img loading=\"lazy\" decoding=\"async\" title=\"6-selecione a orienta\u00e7\u00e3o retrato\" src=\"https:\/\/exceladvisor.org\/wp-content\/uploads\/2023\/08\/6-selectionner-lorientation-portrait.png\" sizes=\"auto, \" srcset=\"\" alt=\"select-orientation-portrait\" width=\"528\" height=\"157\"><\/li><li> Agora mude a orienta\u00e7\u00e3o conforme desejado. <br><img loading=\"lazy\" decoding=\"async\" title=\"7-selecionar orienta\u00e7\u00e3o paisagem\" src=\"https:\/\/exceladvisor.org\/wp-content\/uploads\/2023\/08\/7-selectionner-lorientation-paysage.png\" sizes=\"auto, \" srcset=\"\" alt=\"select-orientation-landscape\" width=\"525\" height=\"160\"><\/li><li> No final, clique em OK para aplicar.<\/li><\/ol><h2 class=\"wp-block-heading\"> Alterar a orienta\u00e7\u00e3o da p\u00e1gina na visualiza\u00e7\u00e3o de impress\u00e3o<\/h2><p> Voc\u00ea pode alterar a orienta\u00e7\u00e3o na visualiza\u00e7\u00e3o da impress\u00e3o.<\/p><ol type=\"1\"><li> Use o atalho de teclado (Ctrl + P) para abrir a visualiza\u00e7\u00e3o da impress\u00e3o.<\/li><li> Clique no menu suspenso Orienta\u00e7\u00e3o.<\/li><li> Selecione a orienta\u00e7\u00e3o (Retrato e Paisagem) na lista.<\/li><li> Isso mudar\u00e1 a orienta\u00e7\u00e3o instantaneamente. <\/li><\/ol><div class=\"wp-block-image\"><figure class=\"aligncenter size-full is-resized\"><img loading=\"lazy\" decoding=\"async\" class=\"wp-image-74836\" src=\"https:\/\/exceladvisor.org\/wp-content\/uploads\/2023\/08\/8-orientation-a-partir-de-lapercu-avant-impression.png\" sizes=\"auto, \" srcset=\"\" alt=\"orienta\u00e7\u00e3o da visualiza\u00e7\u00e3o da impress\u00e3o\" width=\"345\" height=\"282\"><\/figure><\/div><h2 class=\"wp-block-heading\"> Usar c\u00f3digo VBA<\/h2><p> Voc\u00ea tamb\u00e9m pode usar o c\u00f3digo VBA para alterar a orienta\u00e7\u00e3o. <\/p><div class=\"wp-block-image\"><figure class=\"aligncenter size-full is-resized\"><img loading=\"lazy\" decoding=\"async\" class=\"wp-image-74837\" src=\"https:\/\/exceladvisor.org\/wp-content\/uploads\/2023\/08\/9-orientation-du-changement-de-code-vba.png\" sizes=\"auto, \" srcset=\"\" alt=\"orienta\u00e7\u00e3o de mudan\u00e7a de c\u00f3digo vba\" width=\"444\" height=\"238\"><\/figure><\/div><pre class=\"wp-block-code\"> <code class=\"language-visual-basic line-numbers\" lang=\"visual-basic\"><strong>Sub<\/strong> Macro1()   'Apply Portrait Orientation   ActiveSheet.PageSetup.Orientation = xlPortrait   'Apply Landscape Orientation   ActiveSheet.PageSetup.Orientation = xlLandscape <strong>End<\/strong> <strong>Sub<\/strong><\/code><\/pre><div class=\"gb-container gb-container-4db6181c gb-container-mt\"> <a class=\"gb-button gb-button-c5897111 gb-button-text gb-button-mt-button\" href=\"https:\/\/exceladvisor.org\/pt\/excel-avancado\/\">Tutorial Excel Avan\u00e7ado<\/a><h2 class=\"gb-headline gb-headline-665e5f6b gb-headline-text gb-headline-mt-heading\"> Tutoriais relacionados <\/h2><div class=\"gb-grid-wrapper gb-grid-wrapper-a20baf7c gb-grid-wrapper-mt-grid\"><div class=\"gb-grid-column gb-grid-column-65ddf67e\"><div class=\"gb-container gb-container-65ddf67e\"><ul><li> <a href=\"https:\/\/exceladvisor.org\/pt\/imprimir-titulos\/\">Aplicar t\u00edtulos de impress\u00e3o no Excel (defina a linha 1 para imprimir em todas as p\u00e1ginas)<\/a><\/li><li> <a href=\"https:\/\/exceladvisor.org\/pt\/papel-grafico\/\">Imprima um papel milimetrado no Excel (modelo de grade quadrada)<\/a><\/li><li> <a href=\"https:\/\/exceladvisor.org\/pt\/remover-quebra-de-pagina\/\">Remover quebra de p\u00e1gina no Excel<\/a><\/li><li> <a href=\"https:\/\/exceladvisor.org\/pt\/definir-area-de-impressao\/\">Definir \u00e1rea de impress\u00e3o no Excel<\/a><\/li><li> <a href=\"https:\/\/exceladvisor.org\/pt\/centralize-a-planilha-horizontalmente\/\">Centralize uma planilha horizontal e verticalmente no Excel<\/a><\/li><\/ul><\/div><\/div><\/div><\/div>","protected":false},"excerpt":{"rendered":"","protected":false},"author":1,"featured_media":0,"parent":0,"menu_order":0,"comment_status":"open","ping_status":"closed","template":"","meta":{"ub_ctt_via":"","footnotes":""},"class_list":["post-435","page","type-page","status-publish","hentry"],"featured_image_src":null,"yoast_head":"<!-- This site is optimized with the Yoast SEO plugin v25.4 - https:\/\/yoast.com\/wordpress\/plugins\/seo\/ -->\n<title>Como alterar a orienta\u00e7\u00e3o da p\u00e1gina no Excel? Guia 2023<\/title>\n<meta name=\"description\" content=\"Neste tutorial, aprenderemos como alterar as orienta\u00e7\u00f5es das p\u00e1ginas no Excel usando dois m\u00e9todos f\u00e1ceis de seguir...\" \/>\n<meta name=\"robots\" content=\"index, follow, max-snippet:-1, max-image-preview:large, max-video-preview:-1\" \/>\n<link rel=\"canonical\" href=\"https:\/\/exceladvisor.org\/pt\/alterar-a-orientacao-da-pagina\/\" \/>\n<meta property=\"og:locale\" content=\"pt_PT\" \/>\n<meta property=\"og:type\" content=\"article\" \/>\n<meta property=\"og:title\" content=\"Como alterar a orienta\u00e7\u00e3o da p\u00e1gina no Excel? Guia 2023\" \/>\n<meta property=\"og:description\" content=\"Neste tutorial, aprenderemos como alterar as orienta\u00e7\u00f5es das p\u00e1ginas no Excel usando dois m\u00e9todos f\u00e1ceis de seguir...\" \/>\n<meta property=\"og:url\" content=\"https:\/\/exceladvisor.org\/pt\/alterar-a-orientacao-da-pagina\/\" \/>\n<meta property=\"og:site_name\" content=\"Excel Advisor\" \/>\n<meta property=\"article:modified_time\" content=\"2023-12-06T11:34:28+00:00\" \/>\n<meta property=\"og:image\" content=\"https:\/\/exceladvisor.org\/wp-content\/uploads\/2023\/08\/1-changer-lorientation-des-pages.png\" \/>\n<meta name=\"twitter:card\" content=\"summary_large_image\" \/>\n<meta name=\"twitter:label1\" content=\"Tempo estimado de leitura\" \/>\n\t<meta name=\"twitter:data1\" content=\"2 minutos\" \/>\n<script type=\"application\/ld+json\" class=\"yoast-schema-graph\">{\"@context\":\"https:\/\/schema.org\",\"@graph\":[{\"@type\":\"WebPage\",\"@id\":\"https:\/\/exceladvisor.org\/pt\/alterar-a-orientacao-da-pagina\/\",\"url\":\"https:\/\/exceladvisor.org\/pt\/alterar-a-orientacao-da-pagina\/\",\"name\":\"Como alterar a orienta\u00e7\u00e3o da p\u00e1gina no Excel? Guia 2023\",\"isPartOf\":{\"@id\":\"https:\/\/exceladvisor.org\/pt\/#website\"},\"primaryImageOfPage\":{\"@id\":\"https:\/\/exceladvisor.org\/pt\/alterar-a-orientacao-da-pagina\/#primaryimage\"},\"image\":{\"@id\":\"https:\/\/exceladvisor.org\/pt\/alterar-a-orientacao-da-pagina\/#primaryimage\"},\"thumbnailUrl\":\"https:\/\/exceladvisor.org\/wp-content\/uploads\/2023\/08\/1-changer-lorientation-des-pages.png\",\"datePublished\":\"2023-10-29T05:12:25+00:00\",\"dateModified\":\"2023-12-06T11:34:28+00:00\",\"description\":\"Neste tutorial, aprenderemos como alterar as orienta\u00e7\u00f5es das p\u00e1ginas no Excel usando dois m\u00e9todos f\u00e1ceis de seguir...\",\"breadcrumb\":{\"@id\":\"https:\/\/exceladvisor.org\/pt\/alterar-a-orientacao-da-pagina\/#breadcrumb\"},\"inLanguage\":\"pt-PT\",\"potentialAction\":[{\"@type\":\"ReadAction\",\"target\":[\"https:\/\/exceladvisor.org\/pt\/alterar-a-orientacao-da-pagina\/\"]}]},{\"@type\":\"ImageObject\",\"inLanguage\":\"pt-PT\",\"@id\":\"https:\/\/exceladvisor.org\/pt\/alterar-a-orientacao-da-pagina\/#primaryimage\",\"url\":\"https:\/\/exceladvisor.org\/wp-content\/uploads\/2023\/08\/1-changer-lorientation-des-pages.png\",\"contentUrl\":\"https:\/\/exceladvisor.org\/wp-content\/uploads\/2023\/08\/1-changer-lorientation-des-pages.png\"},{\"@type\":\"BreadcrumbList\",\"@id\":\"https:\/\/exceladvisor.org\/pt\/alterar-a-orientacao-da-pagina\/#breadcrumb\",\"itemListElement\":[{\"@type\":\"ListItem\",\"position\":1,\"name\":\"Lar\",\"item\":\"https:\/\/exceladvisor.org\/pt\/\"},{\"@type\":\"ListItem\",\"position\":2,\"name\":\"Como alterar a orienta\u00e7\u00e3o da p\u00e1gina no excel?\"}]},{\"@type\":\"WebSite\",\"@id\":\"https:\/\/exceladvisor.org\/pt\/#website\",\"url\":\"https:\/\/exceladvisor.org\/pt\/\",\"name\":\"Excel Advisor\",\"description\":\"O seu guia definitivo para dominar os dados!\",\"publisher\":{\"@id\":\"https:\/\/exceladvisor.org\/pt\/#organization\"},\"potentialAction\":[{\"@type\":\"SearchAction\",\"target\":{\"@type\":\"EntryPoint\",\"urlTemplate\":\"https:\/\/exceladvisor.org\/pt\/?s={search_term_string}\"},\"query-input\":{\"@type\":\"PropertyValueSpecification\",\"valueRequired\":true,\"valueName\":\"search_term_string\"}}],\"inLanguage\":\"pt-PT\"},{\"@type\":\"Organization\",\"@id\":\"https:\/\/exceladvisor.org\/pt\/#organization\",\"name\":\"Excel Advisor\",\"url\":\"https:\/\/exceladvisor.org\/pt\/\",\"logo\":{\"@type\":\"ImageObject\",\"inLanguage\":\"pt-PT\",\"@id\":\"https:\/\/exceladvisor.org\/pt\/#\/schema\/logo\/image\/\",\"url\":\"https:\/\/exceladvisor.org\/pt\/wp-content\/uploads\/2023\/12\/exceladvisor.org_.png\",\"contentUrl\":\"https:\/\/exceladvisor.org\/pt\/wp-content\/uploads\/2023\/12\/exceladvisor.org_.png\",\"width\":105,\"height\":36,\"caption\":\"Excel Advisor\"},\"image\":{\"@id\":\"https:\/\/exceladvisor.org\/pt\/#\/schema\/logo\/image\/\"}}]}<\/script>\n<!-- \/ Yoast SEO plugin. -->","yoast_head_json":{"title":"Como alterar a orienta\u00e7\u00e3o da p\u00e1gina no Excel? Guia 2023","description":"Neste tutorial, aprenderemos como alterar as orienta\u00e7\u00f5es das p\u00e1ginas no Excel usando dois m\u00e9todos f\u00e1ceis de seguir...","robots":{"index":"index","follow":"follow","max-snippet":"max-snippet:-1","max-image-preview":"max-image-preview:large","max-video-preview":"max-video-preview:-1"},"canonical":"https:\/\/exceladvisor.org\/pt\/alterar-a-orientacao-da-pagina\/","og_locale":"pt_PT","og_type":"article","og_title":"Como alterar a orienta\u00e7\u00e3o da p\u00e1gina no Excel? Guia 2023","og_description":"Neste tutorial, aprenderemos como alterar as orienta\u00e7\u00f5es das p\u00e1ginas no Excel usando dois m\u00e9todos f\u00e1ceis de seguir...","og_url":"https:\/\/exceladvisor.org\/pt\/alterar-a-orientacao-da-pagina\/","og_site_name":"Excel Advisor","article_modified_time":"2023-12-06T11:34:28+00:00","og_image":[{"url":"https:\/\/exceladvisor.org\/wp-content\/uploads\/2023\/08\/1-changer-lorientation-des-pages.png","type":"","width":"","height":""}],"twitter_card":"summary_large_image","twitter_misc":{"Tempo estimado de leitura":"2 minutos"},"schema":{"@context":"https:\/\/schema.org","@graph":[{"@type":"WebPage","@id":"https:\/\/exceladvisor.org\/pt\/alterar-a-orientacao-da-pagina\/","url":"https:\/\/exceladvisor.org\/pt\/alterar-a-orientacao-da-pagina\/","name":"Como alterar a orienta\u00e7\u00e3o da p\u00e1gina no Excel? Guia 2023","isPartOf":{"@id":"https:\/\/exceladvisor.org\/pt\/#website"},"primaryImageOfPage":{"@id":"https:\/\/exceladvisor.org\/pt\/alterar-a-orientacao-da-pagina\/#primaryimage"},"image":{"@id":"https:\/\/exceladvisor.org\/pt\/alterar-a-orientacao-da-pagina\/#primaryimage"},"thumbnailUrl":"https:\/\/exceladvisor.org\/wp-content\/uploads\/2023\/08\/1-changer-lorientation-des-pages.png","datePublished":"2023-10-29T05:12:25+00:00","dateModified":"2023-12-06T11:34:28+00:00","description":"Neste tutorial, aprenderemos como alterar as orienta\u00e7\u00f5es das p\u00e1ginas no Excel usando dois m\u00e9todos f\u00e1ceis de seguir...","breadcrumb":{"@id":"https:\/\/exceladvisor.org\/pt\/alterar-a-orientacao-da-pagina\/#breadcrumb"},"inLanguage":"pt-PT","potentialAction":[{"@type":"ReadAction","target":["https:\/\/exceladvisor.org\/pt\/alterar-a-orientacao-da-pagina\/"]}]},{"@type":"ImageObject","inLanguage":"pt-PT","@id":"https:\/\/exceladvisor.org\/pt\/alterar-a-orientacao-da-pagina\/#primaryimage","url":"https:\/\/exceladvisor.org\/wp-content\/uploads\/2023\/08\/1-changer-lorientation-des-pages.png","contentUrl":"https:\/\/exceladvisor.org\/wp-content\/uploads\/2023\/08\/1-changer-lorientation-des-pages.png"},{"@type":"BreadcrumbList","@id":"https:\/\/exceladvisor.org\/pt\/alterar-a-orientacao-da-pagina\/#breadcrumb","itemListElement":[{"@type":"ListItem","position":1,"name":"Lar","item":"https:\/\/exceladvisor.org\/pt\/"},{"@type":"ListItem","position":2,"name":"Como alterar a orienta\u00e7\u00e3o da p\u00e1gina no excel?"}]},{"@type":"WebSite","@id":"https:\/\/exceladvisor.org\/pt\/#website","url":"https:\/\/exceladvisor.org\/pt\/","name":"Excel Advisor","description":"O seu guia definitivo para dominar os dados!","publisher":{"@id":"https:\/\/exceladvisor.org\/pt\/#organization"},"potentialAction":[{"@type":"SearchAction","target":{"@type":"EntryPoint","urlTemplate":"https:\/\/exceladvisor.org\/pt\/?s={search_term_string}"},"query-input":{"@type":"PropertyValueSpecification","valueRequired":true,"valueName":"search_term_string"}}],"inLanguage":"pt-PT"},{"@type":"Organization","@id":"https:\/\/exceladvisor.org\/pt\/#organization","name":"Excel Advisor","url":"https:\/\/exceladvisor.org\/pt\/","logo":{"@type":"ImageObject","inLanguage":"pt-PT","@id":"https:\/\/exceladvisor.org\/pt\/#\/schema\/logo\/image\/","url":"https:\/\/exceladvisor.org\/pt\/wp-content\/uploads\/2023\/12\/exceladvisor.org_.png","contentUrl":"https:\/\/exceladvisor.org\/pt\/wp-content\/uploads\/2023\/12\/exceladvisor.org_.png","width":105,"height":36,"caption":"Excel Advisor"},"image":{"@id":"https:\/\/exceladvisor.org\/pt\/#\/schema\/logo\/image\/"}}]}},"yoast_meta":{"yoast_wpseo_title":"","yoast_wpseo_metadesc":"","yoast_wpseo_canonical":""},"_links":{"self":[{"href":"https:\/\/exceladvisor.org\/pt\/wp-json\/wp\/v2\/pages\/435","targetHints":{"allow":["GET"]}}],"collection":[{"href":"https:\/\/exceladvisor.org\/pt\/wp-json\/wp\/v2\/pages"}],"about":[{"href":"https:\/\/exceladvisor.org\/pt\/wp-json\/wp\/v2\/types\/page"}],"author":[{"embeddable":true,"href":"https:\/\/exceladvisor.org\/pt\/wp-json\/wp\/v2\/users\/1"}],"replies":[{"embeddable":true,"href":"https:\/\/exceladvisor.org\/pt\/wp-json\/wp\/v2\/comments?post=435"}],"version-history":[{"count":1,"href":"https:\/\/exceladvisor.org\/pt\/wp-json\/wp\/v2\/pages\/435\/revisions"}],"predecessor-version":[{"id":829,"href":"https:\/\/exceladvisor.org\/pt\/wp-json\/wp\/v2\/pages\/435\/revisions\/829"}],"wp:attachment":[{"href":"https:\/\/exceladvisor.org\/pt\/wp-json\/wp\/v2\/media?parent=435"}],"curies":[{"name":"wp","href":"https:\/\/api.w.org\/{rel}","templated":true}]}}