{"id":436,"date":"2023-10-29T04:55:26","date_gmt":"2023-10-29T04:55:26","guid":{"rendered":"https:\/\/exceladvisor.org\/pt\/numeros-de-coluna\/"},"modified":"2023-12-06T11:34:33","modified_gmt":"2023-12-06T11:34:33","slug":"numeros-de-coluna","status":"publish","type":"page","link":"https:\/\/exceladvisor.org\/pt\/numeros-de-coluna\/","title":{"rendered":"Como alterar os alfabetos das colunas para n\u00fameros?"},"content":{"rendered":"<div class=\"excel-before-content-2\" id=\"excel-1908983438\"><script type=\"text\/javascript\">\r\n\tatOptions = {\r\n\t\t'key' : 'c1158f160081d6540a8409e6925dab94',\r\n\t\t'format' : 'iframe',\r\n\t\t'height' : 250,\r\n\t\t'width' : 300,\r\n\t\t'params' : {}\r\n\t};\r\n<\/script>\r\n<script type=\"text\/javascript\" src=\"\/\/www.highperformanceformat.com\/c1158f160081d6540a8409e6925dab94\/invoke.js\"><\/script><\/div><div class=\"excel-before-content\" id=\"excel-3035728973\"><script type=\"text\/javascript\">\r\n\tatOptions = {\r\n\t\t'key' : 'c1158f160081d6540a8409e6925dab94',\r\n\t\t'format' : 'iframe',\r\n\t\t'height' : 250,\r\n\t\t'width' : 300,\r\n\t\t'params' : {}\r\n\t};\r\n<\/script>\r\n<script type=\"text\/javascript\" src=\"\/\/www.highperformanceformat.com\/c1158f160081d6540a8409e6925dab94\/invoke.js\"><\/script><\/div> <p>No Excel, as colunas t\u00eam alfabetos como identidade, mas voc\u00ea pode substitu\u00ed-los por um n\u00famero. Isso significa que para a coluna A, voc\u00ea pode usar a coluna 1. Neste tutorial, aprenderemos duas maneiras diferentes que voc\u00ea pode usar.<\/p><ul><li> Crie uma linha de cabe\u00e7alho com um n\u00famero de coluna<\/li><li> Altere a refer\u00eancia da c\u00e9lula para R1C1 para solicitar n\u00fameros de coluna <\/li><\/ul><div class=\"wp-block-image\"><figure class=\"aligncenter size-full is-resized\"><img loading=\"lazy\" decoding=\"async\" class=\"wp-image-74845\" src=\"https:\/\/exceladvisor.org\/wp-content\/uploads\/2023\/08\/1-utiliser-les-numeros-de-colonne.png\" sizes=\"auto, \" srcset=\"\" alt=\"usar n\u00fameros de coluna\" width=\"531\" height=\"306\"><\/figure><\/div><h2 class=\"wp-block-heading\"> Alterar alfabetos de colunas para n\u00fameros (R1C1)<\/h2><ol><li> Primeiro, clique na guia Arquivo. <br><img loading=\"lazy\" decoding=\"async\" title=\"arquivos da aba 2\" src=\"https:\/\/exceladvisor.org\/wp-content\/uploads\/2023\/08\/2-onglet-fichier.png\" sizes=\"auto, \" srcset=\"\" alt=\"file-tab\" width=\"486\" height=\"235\"><\/li><li> Depois disso, v\u00e1 em \u201cOp\u00e7\u00f5es\u201d. <br><img loading=\"lazy\" decoding=\"async\" title=\"3 op\u00e7\u00f5es\" src=\"https:\/\/exceladvisor.org\/wp-content\/uploads\/2023\/08\/3-allez-dans-les-options.png\" sizes=\"auto, \" srcset=\"\" alt=\"go-to-options\" width=\"266\" height=\"236\"><\/li><li> Em seguida, clique em \u201cF\u00f3rmulas\u201d e a partir da\u00ed verifique o \u201cEstilo de Refer\u00eancia R1C1\u201d. <br><img loading=\"lazy\" decoding=\"async\" title=\"Estilo de refer\u00eancia 4-tick-r1c1\" src=\"https:\/\/exceladvisor.org\/wp-content\/uploads\/2023\/08\/4-cochez-le-style-de-reference-r1c1.png\" sizes=\"auto, \" srcset=\"\" alt=\"tick-r1c1-reference-style\" width=\"500\" height=\"315\"><\/li><li> No final, clique em OK para aplicar as configura\u00e7\u00f5es. <br><img loading=\"lazy\" decoding=\"async\" title=\"5 configura\u00e7\u00f5es do aplicativo\" src=\"https:\/\/exceladvisor.org\/wp-content\/uploads\/2023\/08\/5-appliquer-les-parametres.png\" sizes=\"auto, \" srcset=\"\" alt=\"apply-settings\" width=\"378\" height=\"213\"><\/li><\/ol><p> Ao fazer isso, o estilo de refer\u00eancia de todo o aplicativo Excel ser\u00e1 alterado. Isso significa que agora voc\u00ea deve se referir a uma coluna usando um n\u00famero, n\u00e3o o alfabeto. <\/p><div class=\"wp-block-image\"><figure class=\"aligncenter size-full is-resized\"><img loading=\"lazy\" decoding=\"async\" class=\"wp-image-74850\" src=\"https:\/\/exceladvisor.org\/wp-content\/uploads\/2023\/08\/6-styles-de-reference-pour-toute-lapplication-Excel.png\" sizes=\"auto, \" srcset=\"\" alt=\"estilo de refer\u00eancia para todo o aplicativo Excel\" width=\"456\" height=\"134\"><\/figure><\/div><p> Voc\u00ea v\u00ea no exemplo acima, onde estou me referindo \u00e0 c\u00e9lula A1, ela mostra R[-1]C[-2] em vez de A1. Bem, isso significa que voc\u00ea est\u00e1 se referindo \u00e0 linha e \u00e0s duas colunas anteriores.<\/p><p> <em>Voc\u00ea pode aprender mais sobre isso com este guia completo do <a href=\"https:\/\/exceladvisor.org\/pt\/r1c1\/\">estilo de refer\u00eancia R1C1<\/a> .<\/em><\/p><h2 class=\"wp-block-heading\"> Crie um cabe\u00e7alho com n\u00fameros de coluna<\/h2><p> Este m\u00e9todo pode ser utilizado em diferentes situa\u00e7\u00f5es, mas \u00e9 t\u00e3o eficaz quanto o primeiro.<\/p><ol><li> Primeiro, <a href=\"https:\/\/exceladvisor.org\/pt\/editar-celula\/\">edite a c\u00e9lula<\/a> A1 e insira \u201c=COLUMN()\u201d nela. <br><img loading=\"lazy\" decoding=\"async\" title=\"7 cabe\u00e7alhos com n\u00fameros de coluna\" src=\"https:\/\/exceladvisor.org\/wp-content\/uploads\/2023\/08\/7-en-tete-avec-numeros-de-colonne.png\" sizes=\"auto, \" srcset=\"\" alt=\"header-with-column-numbers\" width=\"544\" height=\"114\"><\/li><li> Depois disso, pressione Enter para obter o n\u00famero da coluna atual. <br><img loading=\"lazy\" decoding=\"async\" title=\"8-obter-n\u00famero-da-coluna-atual\" src=\"https:\/\/exceladvisor.org\/wp-content\/uploads\/2023\/08\/8-obtenir-le-numero-de-la-colonne-en-cours.png\" sizes=\"auto, \" srcset=\"\" alt=\"get-the-number-of-current-column\" width=\"544\" height=\"114\"><\/li><li> Agora use a al\u00e7a de preenchimento e <a href=\"https:\/\/exceladvisor.org\/pt\/deslize-para-baixo\/\">estenda a f\u00f3rmula para a coluna na<\/a> qual deseja ter os n\u00fameros das colunas. <br><img loading=\"lazy\" decoding=\"async\" title=\"Preenchimento de f\u00f3rmula com 9 al\u00e7as para expans\u00e3o\" src=\"https:\/\/exceladvisor.org\/wp-content\/uploads\/2023\/08\/9-poignee-de-remplissage-pour-etendre-la-formule.png\" sizes=\"auto, \" srcset=\"\" alt=\"fill-handle-to-extend-formula\" width=\"545\" height=\"144\"><\/li><li> No final, voc\u00ea pode converter todas essas f\u00f3rmulas em valores usando o atalho de teclado ( <a href=\"https:\/\/exceladvisor.org\/pt\/copiar-colar\/\">Ctrl + C para copiar<\/a> e pressione Alt \u2192 H \u2192 V \u2192 V para <a href=\"https:\/\/exceladvisor.org\/pt\/colar-valores\/\">colar os valores<\/a> ).<\/li><\/ol><p> Este m\u00e9todo funciona melhor quando voc\u00ea n\u00e3o deseja alterar a refer\u00eancia da c\u00e9lula, mas apenas o n\u00famero da coluna.<\/p><div class=\"gb-container gb-container-4db6181c gb-container-mt\"> <a class=\"gb-button gb-button-c5897111 gb-button-text gb-button-mt-button\" href=\"https:\/\/exceladvisor.org\/pt\/excel-avancado\/\">Tutoriais avan\u00e7ados de Excel<\/a><h2 class=\"gb-headline gb-headline-665e5f6b gb-headline-text gb-headline-mt-heading\"> Tutoriais relacionados <\/h2><div class=\"gb-grid-wrapper gb-grid-wrapper-a20baf7c gb-grid-wrapper-mt-grid\"><div class=\"gb-grid-column gb-grid-column-65ddf67e\"><div class=\"gb-container gb-container-65ddf67e\"><ul><li> <a href=\"https:\/\/exceladvisor.org\/pt\/ferramenta-de-analise-rapida\/\">Ferramenta de an\u00e1lise r\u00e1pida no Excel<\/a><\/li><li> <a href=\"https:\/\/exceladvisor.org\/pt\/aplicar-varios-filtros\/\">Aplicar v\u00e1rios filtros \u00e0s colunas<\/a><\/li><li> <a href=\"https:\/\/exceladvisor.org\/pt\/destacar-valores-superiores-inferiores\/\">Destaque os valores N superiores e inferiores no Excel<\/a><\/li><li> <a href=\"https:\/\/exceladvisor.org\/pt\/caixa-de-selecao\/\">Insira uma caixa de sele\u00e7\u00e3o no Excel<\/a><\/li><li> <a href=\"https:\/\/exceladvisor.org\/pt\/mesclar-celulas-sem-perder-dados\/\">Mesclar c\u00e9lulas sem perder dados no Excel<\/a><\/li><\/ul><\/div><\/div><\/div><\/div>","protected":false},"excerpt":{"rendered":"","protected":false},"author":1,"featured_media":0,"parent":0,"menu_order":0,"comment_status":"open","ping_status":"closed","template":"","meta":{"ub_ctt_via":"","footnotes":""},"class_list":["post-436","page","type-page","status-publish","hentry"],"featured_image_src":null,"yoast_head":"<!-- This site is optimized with the Yoast SEO plugin v25.4 - https:\/\/yoast.com\/wordpress\/plugins\/seo\/ -->\n<title>\u25b7 Como alterar o alfabeto das colunas para n\u00fameros?<\/title>\n<meta name=\"description\" content=\"Neste tutorial, aprenderemos duas maneiras diferentes de alterar o alfabeto das colunas para n\u00fameros como cabe\u00e7alho.\" \/>\n<meta name=\"robots\" content=\"index, follow, max-snippet:-1, max-image-preview:large, max-video-preview:-1\" \/>\n<link rel=\"canonical\" href=\"https:\/\/exceladvisor.org\/pt\/numeros-de-coluna\/\" \/>\n<meta property=\"og:locale\" content=\"pt_PT\" \/>\n<meta property=\"og:type\" content=\"article\" \/>\n<meta property=\"og:title\" content=\"\u25b7 Como alterar o alfabeto das colunas para n\u00fameros?\" \/>\n<meta property=\"og:description\" content=\"Neste tutorial, aprenderemos duas maneiras diferentes de alterar o alfabeto das colunas para n\u00fameros como cabe\u00e7alho.\" \/>\n<meta property=\"og:url\" content=\"https:\/\/exceladvisor.org\/pt\/numeros-de-coluna\/\" \/>\n<meta property=\"og:site_name\" content=\"Excel Advisor\" \/>\n<meta property=\"article:modified_time\" content=\"2023-12-06T11:34:33+00:00\" \/>\n<meta property=\"og:image\" content=\"https:\/\/exceladvisor.org\/wp-content\/uploads\/2023\/08\/1-utiliser-les-numeros-de-colonne.png\" \/>\n<meta name=\"twitter:card\" content=\"summary_large_image\" \/>\n<meta name=\"twitter:label1\" content=\"Tempo estimado de leitura\" \/>\n\t<meta name=\"twitter:data1\" content=\"2 minutos\" \/>\n<script type=\"application\/ld+json\" class=\"yoast-schema-graph\">{\"@context\":\"https:\/\/schema.org\",\"@graph\":[{\"@type\":\"WebPage\",\"@id\":\"https:\/\/exceladvisor.org\/pt\/numeros-de-coluna\/\",\"url\":\"https:\/\/exceladvisor.org\/pt\/numeros-de-coluna\/\",\"name\":\"\u25b7 Como alterar o alfabeto das colunas para n\u00fameros?\",\"isPartOf\":{\"@id\":\"https:\/\/exceladvisor.org\/pt\/#website\"},\"primaryImageOfPage\":{\"@id\":\"https:\/\/exceladvisor.org\/pt\/numeros-de-coluna\/#primaryimage\"},\"image\":{\"@id\":\"https:\/\/exceladvisor.org\/pt\/numeros-de-coluna\/#primaryimage\"},\"thumbnailUrl\":\"https:\/\/exceladvisor.org\/wp-content\/uploads\/2023\/08\/1-utiliser-les-numeros-de-colonne.png\",\"datePublished\":\"2023-10-29T04:55:26+00:00\",\"dateModified\":\"2023-12-06T11:34:33+00:00\",\"description\":\"Neste tutorial, aprenderemos duas maneiras diferentes de alterar o alfabeto das colunas para n\u00fameros como cabe\u00e7alho.\",\"breadcrumb\":{\"@id\":\"https:\/\/exceladvisor.org\/pt\/numeros-de-coluna\/#breadcrumb\"},\"inLanguage\":\"pt-PT\",\"potentialAction\":[{\"@type\":\"ReadAction\",\"target\":[\"https:\/\/exceladvisor.org\/pt\/numeros-de-coluna\/\"]}]},{\"@type\":\"ImageObject\",\"inLanguage\":\"pt-PT\",\"@id\":\"https:\/\/exceladvisor.org\/pt\/numeros-de-coluna\/#primaryimage\",\"url\":\"https:\/\/exceladvisor.org\/wp-content\/uploads\/2023\/08\/1-utiliser-les-numeros-de-colonne.png\",\"contentUrl\":\"https:\/\/exceladvisor.org\/wp-content\/uploads\/2023\/08\/1-utiliser-les-numeros-de-colonne.png\"},{\"@type\":\"BreadcrumbList\",\"@id\":\"https:\/\/exceladvisor.org\/pt\/numeros-de-coluna\/#breadcrumb\",\"itemListElement\":[{\"@type\":\"ListItem\",\"position\":1,\"name\":\"Lar\",\"item\":\"https:\/\/exceladvisor.org\/pt\/\"},{\"@type\":\"ListItem\",\"position\":2,\"name\":\"Como alterar os alfabetos das colunas para n\u00fameros?\"}]},{\"@type\":\"WebSite\",\"@id\":\"https:\/\/exceladvisor.org\/pt\/#website\",\"url\":\"https:\/\/exceladvisor.org\/pt\/\",\"name\":\"Excel Advisor\",\"description\":\"O seu guia definitivo para dominar os dados!\",\"publisher\":{\"@id\":\"https:\/\/exceladvisor.org\/pt\/#organization\"},\"potentialAction\":[{\"@type\":\"SearchAction\",\"target\":{\"@type\":\"EntryPoint\",\"urlTemplate\":\"https:\/\/exceladvisor.org\/pt\/?s={search_term_string}\"},\"query-input\":{\"@type\":\"PropertyValueSpecification\",\"valueRequired\":true,\"valueName\":\"search_term_string\"}}],\"inLanguage\":\"pt-PT\"},{\"@type\":\"Organization\",\"@id\":\"https:\/\/exceladvisor.org\/pt\/#organization\",\"name\":\"Excel Advisor\",\"url\":\"https:\/\/exceladvisor.org\/pt\/\",\"logo\":{\"@type\":\"ImageObject\",\"inLanguage\":\"pt-PT\",\"@id\":\"https:\/\/exceladvisor.org\/pt\/#\/schema\/logo\/image\/\",\"url\":\"https:\/\/exceladvisor.org\/pt\/wp-content\/uploads\/2023\/12\/exceladvisor.org_.png\",\"contentUrl\":\"https:\/\/exceladvisor.org\/pt\/wp-content\/uploads\/2023\/12\/exceladvisor.org_.png\",\"width\":105,\"height\":36,\"caption\":\"Excel Advisor\"},\"image\":{\"@id\":\"https:\/\/exceladvisor.org\/pt\/#\/schema\/logo\/image\/\"}}]}<\/script>\n<!-- \/ Yoast SEO plugin. -->","yoast_head_json":{"title":"\u25b7 Como alterar o alfabeto das colunas para n\u00fameros?","description":"Neste tutorial, aprenderemos duas maneiras diferentes de alterar o alfabeto das colunas para n\u00fameros como cabe\u00e7alho.","robots":{"index":"index","follow":"follow","max-snippet":"max-snippet:-1","max-image-preview":"max-image-preview:large","max-video-preview":"max-video-preview:-1"},"canonical":"https:\/\/exceladvisor.org\/pt\/numeros-de-coluna\/","og_locale":"pt_PT","og_type":"article","og_title":"\u25b7 Como alterar o alfabeto das colunas para n\u00fameros?","og_description":"Neste tutorial, aprenderemos duas maneiras diferentes de alterar o alfabeto das colunas para n\u00fameros como cabe\u00e7alho.","og_url":"https:\/\/exceladvisor.org\/pt\/numeros-de-coluna\/","og_site_name":"Excel Advisor","article_modified_time":"2023-12-06T11:34:33+00:00","og_image":[{"url":"https:\/\/exceladvisor.org\/wp-content\/uploads\/2023\/08\/1-utiliser-les-numeros-de-colonne.png","type":"","width":"","height":""}],"twitter_card":"summary_large_image","twitter_misc":{"Tempo estimado de leitura":"2 minutos"},"schema":{"@context":"https:\/\/schema.org","@graph":[{"@type":"WebPage","@id":"https:\/\/exceladvisor.org\/pt\/numeros-de-coluna\/","url":"https:\/\/exceladvisor.org\/pt\/numeros-de-coluna\/","name":"\u25b7 Como alterar o alfabeto das colunas para n\u00fameros?","isPartOf":{"@id":"https:\/\/exceladvisor.org\/pt\/#website"},"primaryImageOfPage":{"@id":"https:\/\/exceladvisor.org\/pt\/numeros-de-coluna\/#primaryimage"},"image":{"@id":"https:\/\/exceladvisor.org\/pt\/numeros-de-coluna\/#primaryimage"},"thumbnailUrl":"https:\/\/exceladvisor.org\/wp-content\/uploads\/2023\/08\/1-utiliser-les-numeros-de-colonne.png","datePublished":"2023-10-29T04:55:26+00:00","dateModified":"2023-12-06T11:34:33+00:00","description":"Neste tutorial, aprenderemos duas maneiras diferentes de alterar o alfabeto das colunas para n\u00fameros como cabe\u00e7alho.","breadcrumb":{"@id":"https:\/\/exceladvisor.org\/pt\/numeros-de-coluna\/#breadcrumb"},"inLanguage":"pt-PT","potentialAction":[{"@type":"ReadAction","target":["https:\/\/exceladvisor.org\/pt\/numeros-de-coluna\/"]}]},{"@type":"ImageObject","inLanguage":"pt-PT","@id":"https:\/\/exceladvisor.org\/pt\/numeros-de-coluna\/#primaryimage","url":"https:\/\/exceladvisor.org\/wp-content\/uploads\/2023\/08\/1-utiliser-les-numeros-de-colonne.png","contentUrl":"https:\/\/exceladvisor.org\/wp-content\/uploads\/2023\/08\/1-utiliser-les-numeros-de-colonne.png"},{"@type":"BreadcrumbList","@id":"https:\/\/exceladvisor.org\/pt\/numeros-de-coluna\/#breadcrumb","itemListElement":[{"@type":"ListItem","position":1,"name":"Lar","item":"https:\/\/exceladvisor.org\/pt\/"},{"@type":"ListItem","position":2,"name":"Como alterar os alfabetos das colunas para n\u00fameros?"}]},{"@type":"WebSite","@id":"https:\/\/exceladvisor.org\/pt\/#website","url":"https:\/\/exceladvisor.org\/pt\/","name":"Excel Advisor","description":"O seu guia definitivo para dominar os dados!","publisher":{"@id":"https:\/\/exceladvisor.org\/pt\/#organization"},"potentialAction":[{"@type":"SearchAction","target":{"@type":"EntryPoint","urlTemplate":"https:\/\/exceladvisor.org\/pt\/?s={search_term_string}"},"query-input":{"@type":"PropertyValueSpecification","valueRequired":true,"valueName":"search_term_string"}}],"inLanguage":"pt-PT"},{"@type":"Organization","@id":"https:\/\/exceladvisor.org\/pt\/#organization","name":"Excel Advisor","url":"https:\/\/exceladvisor.org\/pt\/","logo":{"@type":"ImageObject","inLanguage":"pt-PT","@id":"https:\/\/exceladvisor.org\/pt\/#\/schema\/logo\/image\/","url":"https:\/\/exceladvisor.org\/pt\/wp-content\/uploads\/2023\/12\/exceladvisor.org_.png","contentUrl":"https:\/\/exceladvisor.org\/pt\/wp-content\/uploads\/2023\/12\/exceladvisor.org_.png","width":105,"height":36,"caption":"Excel Advisor"},"image":{"@id":"https:\/\/exceladvisor.org\/pt\/#\/schema\/logo\/image\/"}}]}},"yoast_meta":{"yoast_wpseo_title":"","yoast_wpseo_metadesc":"","yoast_wpseo_canonical":""},"_links":{"self":[{"href":"https:\/\/exceladvisor.org\/pt\/wp-json\/wp\/v2\/pages\/436","targetHints":{"allow":["GET"]}}],"collection":[{"href":"https:\/\/exceladvisor.org\/pt\/wp-json\/wp\/v2\/pages"}],"about":[{"href":"https:\/\/exceladvisor.org\/pt\/wp-json\/wp\/v2\/types\/page"}],"author":[{"embeddable":true,"href":"https:\/\/exceladvisor.org\/pt\/wp-json\/wp\/v2\/users\/1"}],"replies":[{"embeddable":true,"href":"https:\/\/exceladvisor.org\/pt\/wp-json\/wp\/v2\/comments?post=436"}],"version-history":[{"count":1,"href":"https:\/\/exceladvisor.org\/pt\/wp-json\/wp\/v2\/pages\/436\/revisions"}],"predecessor-version":[{"id":835,"href":"https:\/\/exceladvisor.org\/pt\/wp-json\/wp\/v2\/pages\/436\/revisions\/835"}],"wp:attachment":[{"href":"https:\/\/exceladvisor.org\/pt\/wp-json\/wp\/v2\/media?parent=436"}],"curies":[{"name":"wp","href":"https:\/\/api.w.org\/{rel}","templated":true}]}}