{"id":437,"date":"2023-10-29T04:31:58","date_gmt":"2023-10-29T04:31:58","guid":{"rendered":"https:\/\/exceladvisor.org\/pt\/esvaziar-o-cache\/"},"modified":"2023-12-06T11:38:19","modified_gmt":"2023-12-06T11:38:19","slug":"esvaziar-o-cache","status":"publish","type":"page","link":"https:\/\/exceladvisor.org\/pt\/esvaziar-o-cache\/","title":{"rendered":"Como limpar o cache no excel?"},"content":{"rendered":"<div class=\"excel-before-content-2\" id=\"excel-4151821383\"><script type=\"text\/javascript\">\r\n\tatOptions = {\r\n\t\t'key' : 'c1158f160081d6540a8409e6925dab94',\r\n\t\t'format' : 'iframe',\r\n\t\t'height' : 250,\r\n\t\t'width' : 300,\r\n\t\t'params' : {}\r\n\t};\r\n<\/script>\r\n<script type=\"text\/javascript\" src=\"\/\/www.highperformanceformat.com\/c1158f160081d6540a8409e6925dab94\/invoke.js\"><\/script><\/div><div class=\"excel-before-content\" id=\"excel-3827238018\"><script type=\"text\/javascript\">\r\n\tatOptions = {\r\n\t\t'key' : 'c1158f160081d6540a8409e6925dab94',\r\n\t\t'format' : 'iframe',\r\n\t\t'height' : 250,\r\n\t\t'width' : 300,\r\n\t\t'params' : {}\r\n\t};\r\n<\/script>\r\n<script type=\"text\/javascript\" src=\"\/\/www.highperformanceformat.com\/c1158f160081d6540a8409e6925dab94\/invoke.js\"><\/script><\/div> <p>O Microsoft Excel, como outros aplicativos, usa um cache para armazenar dados tempor\u00e1rios dos arquivos que voc\u00ea cria. \u00c0s vezes, o cache torna o arquivo mais lento e ocupa espa\u00e7o de armazenamento no sistema. Nessa situa\u00e7\u00e3o, voc\u00ea pode limpar o cache do Excel ou tamb\u00e9m alterar os dias para salvar os arquivos no cache. <\/p><div class=\"wp-block-image\"><figure class=\"aligncenter size-full is-resized\"><img loading=\"lazy\" decoding=\"async\" class=\"wp-image-72372\" src=\"https:\/\/exceladvisor.org\/wp-content\/uploads\/2023\/08\/1-parametres-de-cache.png\" sizes=\"auto, \" srcset=\"\" alt=\"Configura\u00e7\u00f5es de cache\" width=\"780\" height=\"165\"><\/figure><\/div><p> Existem duas maneiras de limpar o cache, a primeira \u00e9 criar e usar o aplicativo Microsoft Upload Center e a segunda \u00e9 usar a op\u00e7\u00e3o Excel.<\/p><h2 class=\"wp-block-heading\"> Etapas para limpar o cache no Excel<\/h2><ol><li> Primeiro, v\u00e1 para a guia Arquivo e abra as op\u00e7\u00f5es do Excel. <br><img loading=\"lazy\" decoding=\"async\" title=\"2 op\u00e7\u00f5es-excel\" src=\"https:\/\/exceladvisor.org\/wp-content\/uploads\/2023\/08\/2-options-Excel.png\" sizes=\"auto, \" srcset=\"\" alt=\"excel-options\" width=\"319\" height=\"199\"><\/li><li> A partir da\u00ed, v\u00e1 at\u00e9 a op\u00e7\u00e3o salvar e v\u00e1 at\u00e9 o final da caixa de di\u00e1logo. <br><img loading=\"lazy\" decoding=\"async\" title=\"3 op\u00e7\u00f5es de backup\" src=\"https:\/\/exceladvisor.org\/wp-content\/uploads\/2023\/08\/3-options-de-sauvegarde.png\" sizes=\"auto, \" srcset=\"\" alt=\"save-option\" width=\"157\" height=\"371\"><\/li><li> Agora, nas configura\u00e7\u00f5es de cache, clique em \u201cExcluir arquivos em cache\u201d. <br><img loading=\"lazy\" decoding=\"async\" title=\"4-excluir arquivos em cache\" src=\"https:\/\/exceladvisor.org\/wp-content\/uploads\/2023\/08\/4-supprimer-les-fichiers-en-cache.png\" sizes=\"auto, \" srcset=\"\" alt=\"delete-cached-files\" width=\"738\" height=\"166\"><\/li><li> Depois disso, voc\u00ea ver\u00e1 uma caixa de di\u00e1logo para confirmar se deseja limpar os arquivos em cache. <br><img loading=\"lazy\" decoding=\"async\" title=\"5-confirmar-excluir-arquivos em cache\" src=\"https:\/\/exceladvisor.org\/wp-content\/uploads\/2023\/08\/5-confirmez-la-suppression-des-fichiers-en-cache.png\" sizes=\"auto, \" srcset=\"\" alt=\"confirm-delete-cached-files\" width=\"720\" height=\"416\"><\/li><li> Ao final, basta clicar em \u201cExcluir arquivos em cache\u201d para limpar o cache do Excel.<\/li><\/ol><p> Neste ponto, todos os arquivos Excel armazenados em cache foram exclu\u00eddos do seu sistema. Al\u00e9m disso, existem algumas outras op\u00e7\u00f5es no mesmo grupo de configura\u00e7\u00f5es que voc\u00ea deve conhecer. <\/p><div class=\"wp-block-image\"><figure class=\"aligncenter size-full is-resized\"><img loading=\"lazy\" decoding=\"async\" class=\"wp-image-72377\" src=\"https:\/\/exceladvisor.org\/wp-content\/uploads\/2023\/08\/6-options-de-fichier-cache.png\" sizes=\"auto, \" srcset=\"\" alt=\"op\u00e7\u00f5es de arquivo de cache\" width=\"639\" height=\"142\"><\/figure><\/div><ol type=\"1\"><li> <strong>Dias de reten\u00e7\u00e3o de arquivos<\/strong> : voc\u00ea pode alterar as configura\u00e7\u00f5es para decidir os dias em que deseja que o Office mantenha seus arquivos em cache. Por padr\u00e3o \u00e9 14, mas voc\u00ea pode especificar qualquer dia que desejar.<\/li><li> <strong>Excluir arquivos de cache quando fechado<\/strong> : Isso exclui arquivos do cache assim que voc\u00ea o fecha.<\/li><\/ol><h2 class=\"wp-block-heading\"> Usando o Office Upload Center para limpar o cache<\/h2><p> Voc\u00ea tamb\u00e9m pode usar o Office Upload Center que acompanha o pacote de software Office. Depois de abrir o Centro de upload, clique em <strong><mark class=\"has-inline-color\" style=\"background-color: #fdde6c;\">Configura\u00e7\u00f5es \u21e2 Excluir arquivos em cache \u21e2 Excluir informa\u00e7\u00f5es em cache<\/mark><\/strong> . <\/p><div class=\"wp-block-image\"><figure class=\"aligncenter size-full is-resized\"><img loading=\"lazy\" decoding=\"async\" class=\"wp-image-77259\" src=\"https:\/\/exceladvisor.org\/wp-content\/uploads\/2023\/08\/centre-de-telechargement-de-bureau-effacer-le-cache-1.png\" sizes=\"auto, \" srcset=\"\" alt=\"office-upload-center-clear-cache-1\" width=\"666\" height=\"489\"><\/figure><\/div><p> No Office 365, o Centro de Carregamento do Office foi removido e substitu\u00eddo por Arquivos que Necessitam de Aten\u00e7\u00e3o. Voc\u00ea pode encontrar esta op\u00e7\u00e3o em<mark class=\"has-inline-color\" style=\"background-color: #eedc82;\"> <strong>Arquivo \u21e2 Abrir \u21e2 Arquivos que requerem aten\u00e7\u00e3o<\/strong><\/mark> . <\/p><div class=\"wp-block-image\"><figure class=\"aligncenter size-full is-resized\"><img loading=\"lazy\" decoding=\"async\" class=\"wp-image-77262\" src=\"https:\/\/exceladvisor.org\/wp-content\/uploads\/2023\/08\/les-fichiers-necessitent-une-attention-vider-le-cache-excel.png\" sizes=\"auto, \" srcset=\"\" alt=\"arquivos-precisam de aten\u00e7\u00e3o-limpar-excel-cache\" width=\"527\" height=\"375\"><\/figure><\/div><div class=\"gb-container gb-container-4db6181c gb-container-mt\"> <a class=\"gb-button gb-button-c5897111 gb-button-text gb-button-mt-button\" href=\"https:\/\/exceladvisor.org\/pt\/excel-avancado\/\">Tutoriais avan\u00e7ados de Excel<\/a><h2 class=\"gb-headline gb-headline-665e5f6b gb-headline-text gb-headline-mt-heading\"> Tutoriais relacionados <\/h2><div class=\"gb-grid-wrapper gb-grid-wrapper-a20baf7c gb-grid-wrapper-mt-grid\"><div class=\"gb-grid-column gb-grid-column-65ddf67e\"><div class=\"gb-container gb-container-65ddf67e\"><ul><li> <a href=\"https:\/\/exceladvisor.org\/pt\/fatiador-de-excel\/\">Fatiador de Excel (guia completo)<\/a><\/li><li> <a href=\"https:\/\/exceladvisor.org\/pt\/excel-por-padrao-no-mac\/\">Tornar o Excel padr\u00e3o no Mac<\/a><\/li><li> <a href=\"https:\/\/exceladvisor.org\/pt\/modo-de-seguranca-do-excel\/\">Abra o Excel no modo de seguran\u00e7a<\/a><\/li><li> <a href=\"https:\/\/exceladvisor.org\/pt\/arte-inteligente\/\">Arte Inteligente no Excel<\/a><\/li><li> <a href=\"https:\/\/exceladvisor.org\/pt\/laboratorio-de-roteiro\/\">Laborat\u00f3rio de scripts em Exce<\/a><\/li><\/ul><\/div><\/div><\/div><\/div>","protected":false},"excerpt":{"rendered":"","protected":false},"author":1,"featured_media":0,"parent":0,"menu_order":0,"comment_status":"open","ping_status":"closed","template":"","meta":{"ub_ctt_via":"","footnotes":""},"class_list":["post-437","page","type-page","status-publish","hentry"],"featured_image_src":null,"yoast_head":"<!-- This site is optimized with the Yoast SEO plugin v25.4 - https:\/\/yoast.com\/wordpress\/plugins\/seo\/ -->\n<title>Como limpar o cache no Excel? (Tutorial 2023)<\/title>\n<meta name=\"description\" content=\"Neste tutorial, veremos as etapas simples para limpar o cache no Excel. (2 m\u00e9todos diferentes)\" \/>\n<meta name=\"robots\" content=\"index, follow, max-snippet:-1, max-image-preview:large, max-video-preview:-1\" \/>\n<link rel=\"canonical\" href=\"https:\/\/exceladvisor.org\/pt\/esvaziar-o-cache\/\" \/>\n<meta property=\"og:locale\" content=\"pt_PT\" \/>\n<meta property=\"og:type\" content=\"article\" \/>\n<meta property=\"og:title\" content=\"Como limpar o cache no Excel? (Tutorial 2023)\" \/>\n<meta property=\"og:description\" content=\"Neste tutorial, veremos as etapas simples para limpar o cache no Excel. (2 m\u00e9todos diferentes)\" \/>\n<meta property=\"og:url\" content=\"https:\/\/exceladvisor.org\/pt\/esvaziar-o-cache\/\" \/>\n<meta property=\"og:site_name\" content=\"Excel Advisor\" \/>\n<meta property=\"article:modified_time\" content=\"2023-12-06T11:38:19+00:00\" \/>\n<meta property=\"og:image\" content=\"https:\/\/exceladvisor.org\/wp-content\/uploads\/2023\/08\/1-parametres-de-cache.png\" \/>\n<meta name=\"twitter:card\" content=\"summary_large_image\" \/>\n<meta name=\"twitter:label1\" content=\"Tempo estimado de leitura\" \/>\n\t<meta name=\"twitter:data1\" content=\"2 minutos\" \/>\n<script type=\"application\/ld+json\" class=\"yoast-schema-graph\">{\"@context\":\"https:\/\/schema.org\",\"@graph\":[{\"@type\":\"WebPage\",\"@id\":\"https:\/\/exceladvisor.org\/pt\/esvaziar-o-cache\/\",\"url\":\"https:\/\/exceladvisor.org\/pt\/esvaziar-o-cache\/\",\"name\":\"Como limpar o cache no Excel? (Tutorial 2023)\",\"isPartOf\":{\"@id\":\"https:\/\/exceladvisor.org\/pt\/#website\"},\"primaryImageOfPage\":{\"@id\":\"https:\/\/exceladvisor.org\/pt\/esvaziar-o-cache\/#primaryimage\"},\"image\":{\"@id\":\"https:\/\/exceladvisor.org\/pt\/esvaziar-o-cache\/#primaryimage\"},\"thumbnailUrl\":\"https:\/\/exceladvisor.org\/wp-content\/uploads\/2023\/08\/1-parametres-de-cache.png\",\"datePublished\":\"2023-10-29T04:31:58+00:00\",\"dateModified\":\"2023-12-06T11:38:19+00:00\",\"description\":\"Neste tutorial, veremos as etapas simples para limpar o cache no Excel. (2 m\u00e9todos diferentes)\",\"breadcrumb\":{\"@id\":\"https:\/\/exceladvisor.org\/pt\/esvaziar-o-cache\/#breadcrumb\"},\"inLanguage\":\"pt-PT\",\"potentialAction\":[{\"@type\":\"ReadAction\",\"target\":[\"https:\/\/exceladvisor.org\/pt\/esvaziar-o-cache\/\"]}]},{\"@type\":\"ImageObject\",\"inLanguage\":\"pt-PT\",\"@id\":\"https:\/\/exceladvisor.org\/pt\/esvaziar-o-cache\/#primaryimage\",\"url\":\"https:\/\/exceladvisor.org\/wp-content\/uploads\/2023\/08\/1-parametres-de-cache.png\",\"contentUrl\":\"https:\/\/exceladvisor.org\/wp-content\/uploads\/2023\/08\/1-parametres-de-cache.png\"},{\"@type\":\"BreadcrumbList\",\"@id\":\"https:\/\/exceladvisor.org\/pt\/esvaziar-o-cache\/#breadcrumb\",\"itemListElement\":[{\"@type\":\"ListItem\",\"position\":1,\"name\":\"Lar\",\"item\":\"https:\/\/exceladvisor.org\/pt\/\"},{\"@type\":\"ListItem\",\"position\":2,\"name\":\"Como limpar o cache no excel?\"}]},{\"@type\":\"WebSite\",\"@id\":\"https:\/\/exceladvisor.org\/pt\/#website\",\"url\":\"https:\/\/exceladvisor.org\/pt\/\",\"name\":\"Excel Advisor\",\"description\":\"O seu guia definitivo para dominar os dados!\",\"publisher\":{\"@id\":\"https:\/\/exceladvisor.org\/pt\/#organization\"},\"potentialAction\":[{\"@type\":\"SearchAction\",\"target\":{\"@type\":\"EntryPoint\",\"urlTemplate\":\"https:\/\/exceladvisor.org\/pt\/?s={search_term_string}\"},\"query-input\":{\"@type\":\"PropertyValueSpecification\",\"valueRequired\":true,\"valueName\":\"search_term_string\"}}],\"inLanguage\":\"pt-PT\"},{\"@type\":\"Organization\",\"@id\":\"https:\/\/exceladvisor.org\/pt\/#organization\",\"name\":\"Excel Advisor\",\"url\":\"https:\/\/exceladvisor.org\/pt\/\",\"logo\":{\"@type\":\"ImageObject\",\"inLanguage\":\"pt-PT\",\"@id\":\"https:\/\/exceladvisor.org\/pt\/#\/schema\/logo\/image\/\",\"url\":\"https:\/\/exceladvisor.org\/pt\/wp-content\/uploads\/2023\/12\/exceladvisor.org_.png\",\"contentUrl\":\"https:\/\/exceladvisor.org\/pt\/wp-content\/uploads\/2023\/12\/exceladvisor.org_.png\",\"width\":105,\"height\":36,\"caption\":\"Excel Advisor\"},\"image\":{\"@id\":\"https:\/\/exceladvisor.org\/pt\/#\/schema\/logo\/image\/\"}}]}<\/script>\n<!-- \/ Yoast SEO plugin. -->","yoast_head_json":{"title":"Como limpar o cache no Excel? (Tutorial 2023)","description":"Neste tutorial, veremos as etapas simples para limpar o cache no Excel. (2 m\u00e9todos diferentes)","robots":{"index":"index","follow":"follow","max-snippet":"max-snippet:-1","max-image-preview":"max-image-preview:large","max-video-preview":"max-video-preview:-1"},"canonical":"https:\/\/exceladvisor.org\/pt\/esvaziar-o-cache\/","og_locale":"pt_PT","og_type":"article","og_title":"Como limpar o cache no Excel? (Tutorial 2023)","og_description":"Neste tutorial, veremos as etapas simples para limpar o cache no Excel. (2 m\u00e9todos diferentes)","og_url":"https:\/\/exceladvisor.org\/pt\/esvaziar-o-cache\/","og_site_name":"Excel Advisor","article_modified_time":"2023-12-06T11:38:19+00:00","og_image":[{"url":"https:\/\/exceladvisor.org\/wp-content\/uploads\/2023\/08\/1-parametres-de-cache.png","type":"","width":"","height":""}],"twitter_card":"summary_large_image","twitter_misc":{"Tempo estimado de leitura":"2 minutos"},"schema":{"@context":"https:\/\/schema.org","@graph":[{"@type":"WebPage","@id":"https:\/\/exceladvisor.org\/pt\/esvaziar-o-cache\/","url":"https:\/\/exceladvisor.org\/pt\/esvaziar-o-cache\/","name":"Como limpar o cache no Excel? (Tutorial 2023)","isPartOf":{"@id":"https:\/\/exceladvisor.org\/pt\/#website"},"primaryImageOfPage":{"@id":"https:\/\/exceladvisor.org\/pt\/esvaziar-o-cache\/#primaryimage"},"image":{"@id":"https:\/\/exceladvisor.org\/pt\/esvaziar-o-cache\/#primaryimage"},"thumbnailUrl":"https:\/\/exceladvisor.org\/wp-content\/uploads\/2023\/08\/1-parametres-de-cache.png","datePublished":"2023-10-29T04:31:58+00:00","dateModified":"2023-12-06T11:38:19+00:00","description":"Neste tutorial, veremos as etapas simples para limpar o cache no Excel. (2 m\u00e9todos diferentes)","breadcrumb":{"@id":"https:\/\/exceladvisor.org\/pt\/esvaziar-o-cache\/#breadcrumb"},"inLanguage":"pt-PT","potentialAction":[{"@type":"ReadAction","target":["https:\/\/exceladvisor.org\/pt\/esvaziar-o-cache\/"]}]},{"@type":"ImageObject","inLanguage":"pt-PT","@id":"https:\/\/exceladvisor.org\/pt\/esvaziar-o-cache\/#primaryimage","url":"https:\/\/exceladvisor.org\/wp-content\/uploads\/2023\/08\/1-parametres-de-cache.png","contentUrl":"https:\/\/exceladvisor.org\/wp-content\/uploads\/2023\/08\/1-parametres-de-cache.png"},{"@type":"BreadcrumbList","@id":"https:\/\/exceladvisor.org\/pt\/esvaziar-o-cache\/#breadcrumb","itemListElement":[{"@type":"ListItem","position":1,"name":"Lar","item":"https:\/\/exceladvisor.org\/pt\/"},{"@type":"ListItem","position":2,"name":"Como limpar o cache no excel?"}]},{"@type":"WebSite","@id":"https:\/\/exceladvisor.org\/pt\/#website","url":"https:\/\/exceladvisor.org\/pt\/","name":"Excel Advisor","description":"O seu guia definitivo para dominar os dados!","publisher":{"@id":"https:\/\/exceladvisor.org\/pt\/#organization"},"potentialAction":[{"@type":"SearchAction","target":{"@type":"EntryPoint","urlTemplate":"https:\/\/exceladvisor.org\/pt\/?s={search_term_string}"},"query-input":{"@type":"PropertyValueSpecification","valueRequired":true,"valueName":"search_term_string"}}],"inLanguage":"pt-PT"},{"@type":"Organization","@id":"https:\/\/exceladvisor.org\/pt\/#organization","name":"Excel Advisor","url":"https:\/\/exceladvisor.org\/pt\/","logo":{"@type":"ImageObject","inLanguage":"pt-PT","@id":"https:\/\/exceladvisor.org\/pt\/#\/schema\/logo\/image\/","url":"https:\/\/exceladvisor.org\/pt\/wp-content\/uploads\/2023\/12\/exceladvisor.org_.png","contentUrl":"https:\/\/exceladvisor.org\/pt\/wp-content\/uploads\/2023\/12\/exceladvisor.org_.png","width":105,"height":36,"caption":"Excel Advisor"},"image":{"@id":"https:\/\/exceladvisor.org\/pt\/#\/schema\/logo\/image\/"}}]}},"yoast_meta":{"yoast_wpseo_title":"","yoast_wpseo_metadesc":"","yoast_wpseo_canonical":""},"_links":{"self":[{"href":"https:\/\/exceladvisor.org\/pt\/wp-json\/wp\/v2\/pages\/437","targetHints":{"allow":["GET"]}}],"collection":[{"href":"https:\/\/exceladvisor.org\/pt\/wp-json\/wp\/v2\/pages"}],"about":[{"href":"https:\/\/exceladvisor.org\/pt\/wp-json\/wp\/v2\/types\/page"}],"author":[{"embeddable":true,"href":"https:\/\/exceladvisor.org\/pt\/wp-json\/wp\/v2\/users\/1"}],"replies":[{"embeddable":true,"href":"https:\/\/exceladvisor.org\/pt\/wp-json\/wp\/v2\/comments?post=437"}],"version-history":[{"count":1,"href":"https:\/\/exceladvisor.org\/pt\/wp-json\/wp\/v2\/pages\/437\/revisions"}],"predecessor-version":[{"id":1114,"href":"https:\/\/exceladvisor.org\/pt\/wp-json\/wp\/v2\/pages\/437\/revisions\/1114"}],"wp:attachment":[{"href":"https:\/\/exceladvisor.org\/pt\/wp-json\/wp\/v2\/media?parent=437"}],"curies":[{"name":"wp","href":"https:\/\/api.w.org\/{rel}","templated":true}]}}