{"id":438,"date":"2023-10-29T04:20:39","date_gmt":"2023-10-29T04:20:39","guid":{"rendered":"https:\/\/exceladvisor.org\/pt\/arte-inteligente\/"},"modified":"2023-12-06T11:50:17","modified_gmt":"2023-12-06T11:50:17","slug":"arte-inteligente","status":"publish","type":"page","link":"https:\/\/exceladvisor.org\/pt\/arte-inteligente\/","title":{"rendered":"Como usar smart art no excel?"},"content":{"rendered":"<div class=\"excel-before-content-2\" id=\"excel-3460378679\"><script type=\"text\/javascript\">\r\n\tatOptions = {\r\n\t\t'key' : 'c1158f160081d6540a8409e6925dab94',\r\n\t\t'format' : 'iframe',\r\n\t\t'height' : 250,\r\n\t\t'width' : 300,\r\n\t\t'params' : {}\r\n\t};\r\n<\/script>\r\n<script type=\"text\/javascript\" src=\"\/\/www.highperformanceformat.com\/c1158f160081d6540a8409e6925dab94\/invoke.js\"><\/script><\/div><div class=\"excel-before-content\" id=\"excel-122401891\"><script type=\"text\/javascript\">\r\n\tatOptions = {\r\n\t\t'key' : 'c1158f160081d6540a8409e6925dab94',\r\n\t\t'format' : 'iframe',\r\n\t\t'height' : 250,\r\n\t\t'width' : 300,\r\n\t\t'params' : {}\r\n\t};\r\n<\/script>\r\n<script type=\"text\/javascript\" src=\"\/\/www.highperformanceformat.com\/c1158f160081d6540a8409e6925dab94\/invoke.js\"><\/script><\/div> <p>Smart Art \u00e9 um recurso do Excel usado para representar com efic\u00e1cia suas informa\u00e7\u00f5es, mensagens e ideias usando gr\u00e1ficos visuais.<\/p><p> Com Smart Art Graphics, voc\u00ea pode inserir diferentes tipos de gr\u00e1ficos conforme necess\u00e1rio, permitindo adicionar texto e imagens a eles.<\/p><p> O Smart Art Graphic pode ser usado para representar informa\u00e7\u00f5es na forma de fluxograma, fluxo de processo, lista de informa\u00e7\u00f5es, informa\u00e7\u00f5es repetitivas ou c\u00edclicas, matriz, imagens, etc.<\/p><h2 class=\"wp-block-heading\"> Etapas para inserir gr\u00e1ficos de arte inteligente<\/h2><ol><li> Primeiro, v\u00e1 para a guia \u201cInserir\u201d, depois clique no \u00edcone \u201cSmart Art\u201d no grupo \u201cIlustra\u00e7\u00f5es\u201d e a caixa de di\u00e1logo \u201cSmart Art Graphic\u201d ser\u00e1 aberta. <br><img loading=\"lazy\" decoding=\"async\" title=\"\u00cdcone de 1 smartart\" src=\"https:\/\/exceladvisor.org\/wp-content\/uploads\/2023\/08\/1-icone-smartart.png\" sizes=\"auto, \" srcset=\"\" alt=\"smartart-icon\" width=\"496\" height=\"137\"><\/li><li> Depois disso, escolha a categoria gr\u00e1fica conforme sua necessidade no painel esquerdo da caixa de di\u00e1logo, escolha design gr\u00e1fico e clique em OK. <br><img loading=\"lazy\" decoding=\"async\" title=\"Caixa de di\u00e1logo 2-smartart-gr\u00e1fico\" src=\"https:\/\/exceladvisor.org\/wp-content\/uploads\/2023\/08\/2-boite-de-dialogue-graphique-smartart.png\" sizes=\"auto, \" srcset=\"\" alt=\"smartart-graphic-dialog-box\" width=\"597\" height=\"339\"><\/li><li> Depois de clicar em OK, voc\u00ea ter\u00e1 seu design gr\u00e1fico dispon\u00edvel onde poder\u00e1 escrever suas mensagens, legendas, destaques, etc. <br><img loading=\"lazy\" decoding=\"async\" title=\"3-smartart-design gr\u00e1fico\" src=\"https:\/\/exceladvisor.org\/wp-content\/uploads\/2023\/08\/3-conception-graphique-intelligente.png\" sizes=\"auto, \" srcset=\"\" alt=\"smartart-graphic-design\" width=\"460\" height=\"272\"><\/li><\/ol><h2 class=\"wp-block-heading\"> Insira gr\u00e1ficos Smart Art com op\u00e7\u00f5es de imagem<\/h2><p> Smart Art tamb\u00e9m permite adicionar imagens e se desejar adicionar as imagens junto com o texto no gr\u00e1fico Smart Art, basta seguir os passos abaixo:<\/p><ol><li> Primeiro, v\u00e1 para a guia \u201cInserir\u201d, depois clique no \u00edcone \u201cSmart Art\u201d no grupo \u201cIlustra\u00e7\u00f5es\u201d e a caixa de di\u00e1logo \u201cSmart Art Graphic\u201d ser\u00e1 aberta. <br><img loading=\"lazy\" decoding=\"async\" title=\"4-inserir-tab-smartart-\u00edcone\" src=\"https:\/\/exceladvisor.org\/wp-content\/uploads\/2023\/08\/4-inserer-licone-smartart-de-longlet.png\" sizes=\"auto, \" srcset=\"\" alt=\"insert-tab-smartart-icon\" width=\"463\" height=\"128\"><\/li><li> Depois disso, escolha a categoria gr\u00e1fica \u201cImagem\u201d no painel esquerdo da caixa de di\u00e1logo, escolha design gr\u00e1fico e clique em OK. <br><img loading=\"lazy\" decoding=\"async\" title=\"5 op\u00e7\u00f5es de imagem\" src=\"https:\/\/exceladvisor.org\/wp-content\/uploads\/2023\/08\/5-choisissez-loption-dimage.png\" sizes=\"auto, \" srcset=\"\" alt=\"choose-picture-option\" width=\"532\" height=\"302\"><\/li><li> Neste ponto voc\u00ea obter\u00e1 o design gr\u00e1fico que tamb\u00e9m permitir\u00e1 adicionar imagens junto com as op\u00e7\u00f5es de texto.<\/li><li> Agora, clique no \u00edcone da imagem para inserir a imagem do seu sistema local, online ou \u00edcones integrados do Excel. <br><img loading=\"lazy\" decoding=\"async\" title=\"6 op\u00e7\u00f5es de design de smartart com inser\u00e7\u00e3o de imagem\" src=\"https:\/\/exceladvisor.org\/wp-content\/uploads\/2023\/08\/6-design-smartart-avec-options-dinsertion-dimage.png\" sizes=\"auto, \" srcset=\"\" alt=\"smartart-design-with-insert-picture-options\" width=\"449\" height=\"281\"><\/li><li> A partir da\u00ed, escolha a op\u00e7\u00e3o na qual deseja adicionar ou inserir a imagem. <br><img loading=\"lazy\" decoding=\"async\" title=\"7-di\u00e1logo de inser\u00e7\u00e3o de imagem\" src=\"https:\/\/exceladvisor.org\/wp-content\/uploads\/2023\/08\/7-boite-de-dialogue-dinsertion-dimages.png\" sizes=\"auto, \" srcset=\"\" alt=\"insert-pictures-dialog-box\" width=\"523\" height=\"258\"><\/li><\/ol><p> As imagens adicionadas ser\u00e3o adicionadas \u00e0s formas e ficar\u00e3o semelhantes \u00e0 imagem abaixo. <\/p><div class=\"wp-block-image\"><figure class=\"aligncenter size-full is-resized\"><img loading=\"lazy\" decoding=\"async\" class=\"wp-image-77374\" src=\"https:\/\/exceladvisor.org\/wp-content\/uploads\/2023\/08\/8-image-ajoutee-a-smartart.png\" sizes=\"auto, \" srcset=\"\" alt=\"imagem adicionada ao smartart\" width=\"506\" height=\"299\"><\/figure><\/div><h2 class=\"wp-block-heading\"> Formatando gr\u00e1ficos de arte inteligente<\/h2><p> Excel Smart Art tamb\u00e9m permite formatar designs gr\u00e1ficos Smart Art. Voc\u00ea pode formatar a cor de fundo, adicionar formas, remover formas e muito mais.<\/p><ol><li> Primeiro, selecione o design gr\u00e1fico existente e voc\u00ea obter\u00e1 a guia \u201cSmart Art Design\u201d.<\/li><li> Depois disso, clique na aba \u201cSmart Art Design\u201d e voc\u00ea encontrar\u00e1 diversas op\u00e7\u00f5es de formata\u00e7\u00e3o para formatar o design gr\u00e1fico existente. <br><img loading=\"lazy\" decoding=\"async\" title=\"9-smartart-design\" src=\"https:\/\/exceladvisor.org\/wp-content\/uploads\/2023\/08\/9-conception-intelligente.png\" sizes=\"auto, \" srcset=\"\" alt=\"smartart-design\" width=\"839\" height=\"383\"><\/li><li> Agora para alterar a cor de fundo das caixas no design, clique no \u00edcone \u201cAlterar Cores\u201d e escolha na lista suspensa de cores e ela ser\u00e1 aplicada. <br><img loading=\"lazy\" decoding=\"async\" title=\"\u00cdcone de mudan\u00e7a de 10 cores\" src=\"https:\/\/exceladvisor.org\/wp-content\/uploads\/2023\/08\/icone-10-couleurs-de-changement.png\" sizes=\"auto, \" srcset=\"\" alt=\"change-colors-icon\" width=\"729\" height=\"424\"><\/li><li> Para adicionar formas adicionais, selecione a forma existente antes ou depois da qual deseja adicionar outra forma, clique no \u00edcone &#8220;Adicionar forma&#8221; e selecione &#8220;Adicionar forma depois ou antes&#8221;, conforme necess\u00e1rio. <br><img loading=\"lazy\" decoding=\"async\" title=\"11 formas adicionadas\" src=\"https:\/\/exceladvisor.org\/wp-content\/uploads\/2023\/08\/11-ajouter-des-formes.png\" sizes=\"auto, \" srcset=\"\" alt=\"add-shapes\" width=\"550\" height=\"424\"><\/li><li> Depois de escolher a op\u00e7\u00e3o (aqui escolhemos \u201cAdicionar forma depois\u201d) e ela ir\u00e1 adicionar a forma logo ap\u00f3s a forma que voc\u00ea selecionou. <br><img loading=\"lazy\" decoding=\"async\" title=\"12 formul\u00e1rios adicionados ao smartart\" src=\"https:\/\/exceladvisor.org\/wp-content\/uploads\/2023\/08\/12-formes-ajoutees-au-smartart.png\" sizes=\"auto, \" srcset=\"\" alt=\"shape-added-to-the-smartart\" width=\"466\" height=\"285\"><\/li><li> Para alterar a posi\u00e7\u00e3o das formas, clique em \u201cMover para cima\u201d ou \u201cDa direita para a esquerda\u201d e para remover as formas de texto, clique em \u201cMover para baixo\u201d. <br><img loading=\"lazy\" decoding=\"async\" title=\"13 formas de mover-excluir\" src=\"https:\/\/exceladvisor.org\/wp-content\/uploads\/2023\/08\/13-deplacer-supprimer-des-formes.png\" sizes=\"auto, \" srcset=\"\" alt=\"move-delete-shapes\" width=\"566\" height=\"132\"><\/li><\/ol><p> Quando voc\u00ea move, redimensiona ou ajusta uma forma no design, outras formas dispon\u00edveis ser\u00e3o ajustadas de acordo, mas para tornar outras formas constantes\/fixas, voc\u00ea pode converter o design para o formato de formas clicando em &#8220;Converter em Formas&#8221;, ap\u00f3s o qual o design de o gr\u00e1fico ser\u00e1 convertido para o formato de formas e junto com isso as op\u00e7\u00f5es de formata\u00e7\u00e3o tamb\u00e9m ser\u00e3o alteradas. <\/p><div class=\"wp-block-image\"><figure class=\"aligncenter size-full is-resized\"><img loading=\"lazy\" decoding=\"async\" class=\"wp-image-77380\" src=\"https:\/\/exceladvisor.org\/wp-content\/uploads\/2023\/08\/14-convertir-en-formes.png\" sizes=\"auto, \" srcset=\"\" alt=\"converter em formas\" width=\"759\" height=\"391\"><\/figure><\/div><div class=\"gb-container gb-container-4db6181c gb-container-mt\"> <a class=\"gb-button gb-button-c5897111 gb-button-text gb-button-mt-button\" href=\"https:\/\/exceladvisor.org\/pt\/excel-avancado\/\">Tutoriais avan\u00e7ados de Excel<\/a><h2 class=\"gb-headline gb-headline-665e5f6b gb-headline-text gb-headline-mt-heading\"> Tutoriais relacionados <\/h2><div class=\"gb-grid-wrapper gb-grid-wrapper-a20baf7c gb-grid-wrapper-mt-grid\"><div class=\"gb-grid-column gb-grid-column-65ddf67e\"><div class=\"gb-container gb-container-65ddf67e\"><ul><li> <a href=\"https:\/\/exceladvisor.org\/pt\/ferramenta-de-camera\/\">Ferramenta C\u00e2mera Excel<\/a><\/li><li> <a href=\"https:\/\/exceladvisor.org\/pt\/busca-de-meta\/\">Localizador de metas no Excel<\/a><\/li><li> <a href=\"https:\/\/exceladvisor.org\/pt\/janela-de-observacao\/\">Janela de observa\u00e7\u00e3o no Excel<\/a><\/li><li> <a href=\"https:\/\/exceladvisor.org\/pt\/fatiador-de-excel\/\">Fatiador de Excel (guia completo)<\/a><\/li><li> <a href=\"https:\/\/exceladvisor.org\/pt\/excel-por-padrao-no-mac\/\">Tornar o Excel padr\u00e3o no Mac<\/a><\/li><\/ul><\/div><\/div><\/div><\/div>","protected":false},"excerpt":{"rendered":"","protected":false},"author":1,"featured_media":0,"parent":0,"menu_order":0,"comment_status":"open","ping_status":"closed","template":"","meta":{"ub_ctt_via":"","footnotes":""},"class_list":["post-438","page","type-page","status-publish","hentry"],"featured_image_src":null,"yoast_head":"<!-- This site is optimized with the Yoast SEO plugin v25.4 - https:\/\/yoast.com\/wordpress\/plugins\/seo\/ -->\n<title>Como usar Smart Art no Excel? (Guia 2023)<\/title>\n<meta name=\"description\" content=\"Aprenda como inserir arte inteligente no Excel e us\u00e1-la para apresentar dados ao usu\u00e1rio de forma impactante...\" \/>\n<meta name=\"robots\" content=\"index, follow, max-snippet:-1, max-image-preview:large, max-video-preview:-1\" \/>\n<link rel=\"canonical\" href=\"https:\/\/exceladvisor.org\/pt\/arte-inteligente\/\" \/>\n<meta property=\"og:locale\" content=\"pt_PT\" \/>\n<meta property=\"og:type\" content=\"article\" \/>\n<meta property=\"og:title\" content=\"Como usar Smart Art no Excel? (Guia 2023)\" \/>\n<meta property=\"og:description\" content=\"Aprenda como inserir arte inteligente no Excel e us\u00e1-la para apresentar dados ao usu\u00e1rio de forma impactante...\" \/>\n<meta property=\"og:url\" content=\"https:\/\/exceladvisor.org\/pt\/arte-inteligente\/\" \/>\n<meta property=\"og:site_name\" content=\"Excel Advisor\" \/>\n<meta property=\"article:modified_time\" content=\"2023-12-06T11:50:17+00:00\" \/>\n<meta property=\"og:image\" content=\"https:\/\/exceladvisor.org\/wp-content\/uploads\/2023\/08\/1-icone-smartart.png\" \/>\n<meta name=\"twitter:card\" content=\"summary_large_image\" \/>\n<meta name=\"twitter:label1\" content=\"Tempo estimado de leitura\" \/>\n\t<meta name=\"twitter:data1\" content=\"3 minutos\" \/>\n<script type=\"application\/ld+json\" class=\"yoast-schema-graph\">{\"@context\":\"https:\/\/schema.org\",\"@graph\":[{\"@type\":\"WebPage\",\"@id\":\"https:\/\/exceladvisor.org\/pt\/arte-inteligente\/\",\"url\":\"https:\/\/exceladvisor.org\/pt\/arte-inteligente\/\",\"name\":\"Como usar Smart Art no Excel? (Guia 2023)\",\"isPartOf\":{\"@id\":\"https:\/\/exceladvisor.org\/pt\/#website\"},\"primaryImageOfPage\":{\"@id\":\"https:\/\/exceladvisor.org\/pt\/arte-inteligente\/#primaryimage\"},\"image\":{\"@id\":\"https:\/\/exceladvisor.org\/pt\/arte-inteligente\/#primaryimage\"},\"thumbnailUrl\":\"https:\/\/exceladvisor.org\/wp-content\/uploads\/2023\/08\/1-icone-smartart.png\",\"datePublished\":\"2023-10-29T04:20:39+00:00\",\"dateModified\":\"2023-12-06T11:50:17+00:00\",\"description\":\"Aprenda como inserir arte inteligente no Excel e us\u00e1-la para apresentar dados ao usu\u00e1rio de forma impactante...\",\"breadcrumb\":{\"@id\":\"https:\/\/exceladvisor.org\/pt\/arte-inteligente\/#breadcrumb\"},\"inLanguage\":\"pt-PT\",\"potentialAction\":[{\"@type\":\"ReadAction\",\"target\":[\"https:\/\/exceladvisor.org\/pt\/arte-inteligente\/\"]}]},{\"@type\":\"ImageObject\",\"inLanguage\":\"pt-PT\",\"@id\":\"https:\/\/exceladvisor.org\/pt\/arte-inteligente\/#primaryimage\",\"url\":\"https:\/\/exceladvisor.org\/wp-content\/uploads\/2023\/08\/1-icone-smartart.png\",\"contentUrl\":\"https:\/\/exceladvisor.org\/wp-content\/uploads\/2023\/08\/1-icone-smartart.png\"},{\"@type\":\"BreadcrumbList\",\"@id\":\"https:\/\/exceladvisor.org\/pt\/arte-inteligente\/#breadcrumb\",\"itemListElement\":[{\"@type\":\"ListItem\",\"position\":1,\"name\":\"Lar\",\"item\":\"https:\/\/exceladvisor.org\/pt\/\"},{\"@type\":\"ListItem\",\"position\":2,\"name\":\"Como usar smart art no excel?\"}]},{\"@type\":\"WebSite\",\"@id\":\"https:\/\/exceladvisor.org\/pt\/#website\",\"url\":\"https:\/\/exceladvisor.org\/pt\/\",\"name\":\"Excel Advisor\",\"description\":\"O seu guia definitivo para dominar os dados!\",\"publisher\":{\"@id\":\"https:\/\/exceladvisor.org\/pt\/#organization\"},\"potentialAction\":[{\"@type\":\"SearchAction\",\"target\":{\"@type\":\"EntryPoint\",\"urlTemplate\":\"https:\/\/exceladvisor.org\/pt\/?s={search_term_string}\"},\"query-input\":{\"@type\":\"PropertyValueSpecification\",\"valueRequired\":true,\"valueName\":\"search_term_string\"}}],\"inLanguage\":\"pt-PT\"},{\"@type\":\"Organization\",\"@id\":\"https:\/\/exceladvisor.org\/pt\/#organization\",\"name\":\"Excel Advisor\",\"url\":\"https:\/\/exceladvisor.org\/pt\/\",\"logo\":{\"@type\":\"ImageObject\",\"inLanguage\":\"pt-PT\",\"@id\":\"https:\/\/exceladvisor.org\/pt\/#\/schema\/logo\/image\/\",\"url\":\"https:\/\/exceladvisor.org\/pt\/wp-content\/uploads\/2023\/12\/exceladvisor.org_.png\",\"contentUrl\":\"https:\/\/exceladvisor.org\/pt\/wp-content\/uploads\/2023\/12\/exceladvisor.org_.png\",\"width\":105,\"height\":36,\"caption\":\"Excel Advisor\"},\"image\":{\"@id\":\"https:\/\/exceladvisor.org\/pt\/#\/schema\/logo\/image\/\"}}]}<\/script>\n<!-- \/ Yoast SEO plugin. -->","yoast_head_json":{"title":"Como usar Smart Art no Excel? (Guia 2023)","description":"Aprenda como inserir arte inteligente no Excel e us\u00e1-la para apresentar dados ao usu\u00e1rio de forma impactante...","robots":{"index":"index","follow":"follow","max-snippet":"max-snippet:-1","max-image-preview":"max-image-preview:large","max-video-preview":"max-video-preview:-1"},"canonical":"https:\/\/exceladvisor.org\/pt\/arte-inteligente\/","og_locale":"pt_PT","og_type":"article","og_title":"Como usar Smart Art no Excel? (Guia 2023)","og_description":"Aprenda como inserir arte inteligente no Excel e us\u00e1-la para apresentar dados ao usu\u00e1rio de forma impactante...","og_url":"https:\/\/exceladvisor.org\/pt\/arte-inteligente\/","og_site_name":"Excel Advisor","article_modified_time":"2023-12-06T11:50:17+00:00","og_image":[{"url":"https:\/\/exceladvisor.org\/wp-content\/uploads\/2023\/08\/1-icone-smartart.png","type":"","width":"","height":""}],"twitter_card":"summary_large_image","twitter_misc":{"Tempo estimado de leitura":"3 minutos"},"schema":{"@context":"https:\/\/schema.org","@graph":[{"@type":"WebPage","@id":"https:\/\/exceladvisor.org\/pt\/arte-inteligente\/","url":"https:\/\/exceladvisor.org\/pt\/arte-inteligente\/","name":"Como usar Smart Art no Excel? (Guia 2023)","isPartOf":{"@id":"https:\/\/exceladvisor.org\/pt\/#website"},"primaryImageOfPage":{"@id":"https:\/\/exceladvisor.org\/pt\/arte-inteligente\/#primaryimage"},"image":{"@id":"https:\/\/exceladvisor.org\/pt\/arte-inteligente\/#primaryimage"},"thumbnailUrl":"https:\/\/exceladvisor.org\/wp-content\/uploads\/2023\/08\/1-icone-smartart.png","datePublished":"2023-10-29T04:20:39+00:00","dateModified":"2023-12-06T11:50:17+00:00","description":"Aprenda como inserir arte inteligente no Excel e us\u00e1-la para apresentar dados ao usu\u00e1rio de forma impactante...","breadcrumb":{"@id":"https:\/\/exceladvisor.org\/pt\/arte-inteligente\/#breadcrumb"},"inLanguage":"pt-PT","potentialAction":[{"@type":"ReadAction","target":["https:\/\/exceladvisor.org\/pt\/arte-inteligente\/"]}]},{"@type":"ImageObject","inLanguage":"pt-PT","@id":"https:\/\/exceladvisor.org\/pt\/arte-inteligente\/#primaryimage","url":"https:\/\/exceladvisor.org\/wp-content\/uploads\/2023\/08\/1-icone-smartart.png","contentUrl":"https:\/\/exceladvisor.org\/wp-content\/uploads\/2023\/08\/1-icone-smartart.png"},{"@type":"BreadcrumbList","@id":"https:\/\/exceladvisor.org\/pt\/arte-inteligente\/#breadcrumb","itemListElement":[{"@type":"ListItem","position":1,"name":"Lar","item":"https:\/\/exceladvisor.org\/pt\/"},{"@type":"ListItem","position":2,"name":"Como usar smart art no excel?"}]},{"@type":"WebSite","@id":"https:\/\/exceladvisor.org\/pt\/#website","url":"https:\/\/exceladvisor.org\/pt\/","name":"Excel Advisor","description":"O seu guia definitivo para dominar os dados!","publisher":{"@id":"https:\/\/exceladvisor.org\/pt\/#organization"},"potentialAction":[{"@type":"SearchAction","target":{"@type":"EntryPoint","urlTemplate":"https:\/\/exceladvisor.org\/pt\/?s={search_term_string}"},"query-input":{"@type":"PropertyValueSpecification","valueRequired":true,"valueName":"search_term_string"}}],"inLanguage":"pt-PT"},{"@type":"Organization","@id":"https:\/\/exceladvisor.org\/pt\/#organization","name":"Excel Advisor","url":"https:\/\/exceladvisor.org\/pt\/","logo":{"@type":"ImageObject","inLanguage":"pt-PT","@id":"https:\/\/exceladvisor.org\/pt\/#\/schema\/logo\/image\/","url":"https:\/\/exceladvisor.org\/pt\/wp-content\/uploads\/2023\/12\/exceladvisor.org_.png","contentUrl":"https:\/\/exceladvisor.org\/pt\/wp-content\/uploads\/2023\/12\/exceladvisor.org_.png","width":105,"height":36,"caption":"Excel Advisor"},"image":{"@id":"https:\/\/exceladvisor.org\/pt\/#\/schema\/logo\/image\/"}}]}},"yoast_meta":{"yoast_wpseo_title":"","yoast_wpseo_metadesc":"","yoast_wpseo_canonical":""},"_links":{"self":[{"href":"https:\/\/exceladvisor.org\/pt\/wp-json\/wp\/v2\/pages\/438","targetHints":{"allow":["GET"]}}],"collection":[{"href":"https:\/\/exceladvisor.org\/pt\/wp-json\/wp\/v2\/pages"}],"about":[{"href":"https:\/\/exceladvisor.org\/pt\/wp-json\/wp\/v2\/types\/page"}],"author":[{"embeddable":true,"href":"https:\/\/exceladvisor.org\/pt\/wp-json\/wp\/v2\/users\/1"}],"replies":[{"embeddable":true,"href":"https:\/\/exceladvisor.org\/pt\/wp-json\/wp\/v2\/comments?post=438"}],"version-history":[{"count":1,"href":"https:\/\/exceladvisor.org\/pt\/wp-json\/wp\/v2\/pages\/438\/revisions"}],"predecessor-version":[{"id":1378,"href":"https:\/\/exceladvisor.org\/pt\/wp-json\/wp\/v2\/pages\/438\/revisions\/1378"}],"wp:attachment":[{"href":"https:\/\/exceladvisor.org\/pt\/wp-json\/wp\/v2\/media?parent=438"}],"curies":[{"name":"wp","href":"https:\/\/api.w.org\/{rel}","templated":true}]}}