{"id":439,"date":"2023-10-29T04:01:00","date_gmt":"2023-10-29T04:01:00","guid":{"rendered":"https:\/\/exceladvisor.org\/pt\/ocultar-zeros\/"},"modified":"2023-12-06T11:38:44","modified_gmt":"2023-12-06T11:38:44","slug":"ocultar-zeros","status":"publish","type":"page","link":"https:\/\/exceladvisor.org\/pt\/ocultar-zeros\/","title":{"rendered":"Como ocultar valores zero no excel?"},"content":{"rendered":"<div class=\"excel-before-content-2\" id=\"excel-1143980460\"><script type=\"text\/javascript\">\r\n\tatOptions = {\r\n\t\t'key' : 'c1158f160081d6540a8409e6925dab94',\r\n\t\t'format' : 'iframe',\r\n\t\t'height' : 250,\r\n\t\t'width' : 300,\r\n\t\t'params' : {}\r\n\t};\r\n<\/script>\r\n<script type=\"text\/javascript\" src=\"\/\/www.highperformanceformat.com\/c1158f160081d6540a8409e6925dab94\/invoke.js\"><\/script><\/div><div class=\"excel-before-content\" id=\"excel-699494889\"><script type=\"text\/javascript\">\r\n\tatOptions = {\r\n\t\t'key' : 'c1158f160081d6540a8409e6925dab94',\r\n\t\t'format' : 'iframe',\r\n\t\t'height' : 250,\r\n\t\t'width' : 300,\r\n\t\t'params' : {}\r\n\t};\r\n<\/script>\r\n<script type=\"text\/javascript\" src=\"\/\/www.highperformanceformat.com\/c1158f160081d6540a8409e6925dab94\/invoke.js\"><\/script><\/div> <p>No Excel, os usu\u00e1rios podem ocultar valores nulos no conjunto de dados e deixar as c\u00e9lulas em branco se n\u00e3o quiserem mostrar valores nulos em seu conjunto de dados.<\/p><p> E eles podem fazer isso apenas no intervalo de c\u00e9lulas selecionado ou em toda a planilha, pois o Excel possui diversas maneiras de ocultar valores zero.<\/p><p> Neste tutorial, explicamos as v\u00e1rias maneiras de ocultar valores nulos<\/p><h2 class=\"wp-block-heading\"> Etapas para ocultar zeros na planilha usando op\u00e7\u00f5es do Excel<\/h2><p> O Excel possui uma fun\u00e7\u00e3o integrada que pode ser usada para ocultar automaticamente todos os valores zero em toda a planilha seguindo as etapas abaixo.<\/p><ol><li> Primeiro, abra a pasta de trabalho e v\u00e1 para a guia Arquivo. <br><img loading=\"lazy\" decoding=\"async\" title=\"1 guia de arquivo\" src=\"https:\/\/exceladvisor.org\/wp-content\/uploads\/2023\/08\/1-onglet-fichier-2.png\" sizes=\"auto, \" srcset=\"\" alt=\"file-tab\" width=\"389\" height=\"160\"><\/li><li> Depois disso clique em Op\u00e7\u00f5es. <br><img loading=\"lazy\" decoding=\"async\" title=\"2 op\u00e7\u00f5es-excel\" src=\"https:\/\/exceladvisor.org\/wp-content\/uploads\/2023\/08\/2-options-excel-2.png\" sizes=\"auto, \" srcset=\"\" alt=\"excel-options\" width=\"284\" height=\"200\"><\/li><li> Agora, clique em \u201cAvan\u00e7ado\u201d no painel esquerdo e role para baixo at\u00e9 \u201cExibir op\u00e7\u00f5es para esta planilha\u201d.<\/li><li> A partir da\u00ed, clique no \u00edcone suspenso e selecione a planilha onde deseja ocultar todos os valores nulos.<\/li><li> Ao final, desmarque a caixa \u201cMostrar zero nas c\u00e9lulas que possuem valor zero\u201d e clique em OK. <br><img loading=\"lazy\" decoding=\"async\" title=\"3 op\u00e7\u00f5es de exibi\u00e7\u00e3o para esta planilha\" src=\"https:\/\/exceladvisor.org\/wp-content\/uploads\/2023\/08\/3-options-daffichage-pour-cette-feuille-de-travail.png\" sizes=\"auto, \" srcset=\"\" alt=\"display-options-for-this-worksheet\" width=\"816\" height=\"462\"><\/li><li> Depois de clicar em OK, todos os valores zero na planilha ficar\u00e3o ocultos e essas c\u00e9lulas aparecer\u00e3o em branco. <br><img loading=\"lazy\" decoding=\"async\" title=\"4 valores zero ocultos\" src=\"https:\/\/exceladvisor.org\/wp-content\/uploads\/2023\/08\/4-valeurs-zero-cachees.png\" sizes=\"auto, \" srcset=\"\" alt=\"hidden-zero-values\" width=\"347\" height=\"266\"><\/li><\/ol><p> Agora, sempre que voc\u00ea inserir o valor zero em qualquer lugar da planilha selecionada, o Excel ocultar\u00e1 esse valor zero.<\/p><h2 class=\"wp-block-heading\"> Ocultar valores zero nas c\u00e9lulas selecionadas usando formatar c\u00e9lulas<\/h2><ol><li> Primeiro, selecione as c\u00e9lulas ou intervalo de dados dos quais deseja ocultar os valores nulos.<\/li><li> Em seguida clique com o bot\u00e3o direito do mouse e clique na op\u00e7\u00e3o \u201cFormatar c\u00e9lulas\u201d e voc\u00ea abrir\u00e1 a caixa de di\u00e1logo \u201cFormatar c\u00e9lulas\u201d. <br><img loading=\"lazy\" decoding=\"async\" title=\"Formato de 5 c\u00e9lulas\" src=\"https:\/\/exceladvisor.org\/wp-content\/uploads\/2023\/08\/5-cellules-de-format.png\" sizes=\"auto, \" srcset=\"\" alt=\"format-cells\" width=\"521\" height=\"476\"><\/li><li> Agora, na guia \u201cN\u00famero\u201d, clique na op\u00e7\u00e3o \u201cPersonalizado\u201d, insira o tipo personalizado como <strong>0;-0;;@<\/strong> e clique em OK. <br><img loading=\"lazy\" decoding=\"async\" title=\"6 campos de tipo personalizado\" src=\"https:\/\/exceladvisor.org\/wp-content\/uploads\/2023\/08\/6-champ-de-type-personnalise.png\" sizes=\"auto, \" srcset=\"\" alt=\"custom-type-field\" width=\"430\" height=\"401\"><\/li><li> Depois de clicar em OK, todos os valores zero no intervalo selecionado ser\u00e3o ocultados. <br><img loading=\"lazy\" decoding=\"async\" title=\"7-ocultar valores zero\" src=\"https:\/\/exceladvisor.org\/wp-content\/uploads\/2023\/08\/7-masquer-les-valeurs-zero.png\" sizes=\"auto, \" srcset=\"\" alt=\"hide-zero-values\" width=\"340\" height=\"261\"><\/li><\/ol><p> A string de formata\u00e7\u00e3o personalizada usada acima de &#8221; <strong>0;-0;;@<\/strong> &#8221; consiste em quatro partes.<\/p><p class=\"mynote\"> O primeiro 0 \u00e9 para n\u00fameros positivos mostrarem valores positivos como est\u00e3o, a <sup>2\u00aa<\/sup> parte -0 \u00e9 para n\u00fameros negativos mostrarem valores negativos como est\u00e3o, a 3\u00aa parte 0 est\u00e1 faltando para ocultar valores zero e a 4\u00aa parte @ \u00e9 exibir o texto como est\u00e1: <strong>&lt;N\u00fameros positivos&gt; ;&lt;N\u00fameros negativos&gt; ;&lt;Zeros&gt; ;&lt;Texto&gt;<\/strong><\/p><h2 class=\"wp-block-heading\"> Ocultar zeros nas c\u00e9lulas selecionadas usando formata\u00e7\u00e3o condicional<\/h2><ol><li> Primeiro, selecione as c\u00e9lulas ou intervalo de dados dos quais deseja ocultar os valores nulos e v\u00e1 para a guia \u201cP\u00e1gina inicial\u201d e clique no \u00edcone \u201cFormata\u00e7\u00e3o condicional\u201d.<\/li><li> Depois disso, clique na op\u00e7\u00e3o \u201cDestacar regras da c\u00e9lula\u201d e a seguir clique na op\u00e7\u00e3o \u201cIgual\u201d. <br><img loading=\"lazy\" decoding=\"async\" title=\"8-formata\u00e7\u00e3o condicional \u00e9 igual\" src=\"https:\/\/exceladvisor.org\/wp-content\/uploads\/2023\/08\/8-mise-en-forme-conditionnelle-egale-a.png\" sizes=\"auto, \" srcset=\"\" alt=\"conditional-formatting-equal-to\" width=\"704\" height=\"364\"><\/li><li> Agora, na caixa de di\u00e1logo \u201cIgual\u201d no campo esquerdo, digite (0) zero, clique no menu suspenso \u00e0 direita e escolha \u201cFormato personalizado\u201d. <br><img loading=\"lazy\" decoding=\"async\" title=\"Di\u00e1logo 9 \u00e9 igual\" src=\"https:\/\/exceladvisor.org\/wp-content\/uploads\/2023\/08\/9-egal-a-la-boite-de-dialogue.png\" sizes=\"auto, \" srcset=\"\" alt=\"equal-to-dialog-box\" width=\"402\" height=\"170\"><\/li><li> A partir daqui, a caixa de di\u00e1logo \u201cFormatar c\u00e9lulas\u201d ser\u00e1 aberta e, na guia \u201cFonte\u201d, escolha a cor branca e clique em OK. <br><img loading=\"lazy\" decoding=\"async\" title=\"Caixa de di\u00e1logo de formato de 10 c\u00e9lulas\" src=\"https:\/\/exceladvisor.org\/wp-content\/uploads\/2023\/08\/Boite-de-dialogue-Format-10-cellules.png\" sizes=\"auto, \" srcset=\"\" alt=\"format-cells-dialog-box\" width=\"482\" height=\"480\"><\/li><li> Depois de clicar em OK, a cor da fonte das c\u00e9lulas que cont\u00eam o valor zero ficar\u00e1 branca, deixando as c\u00e9lulas em branco ou em branco. <br><img loading=\"lazy\" decoding=\"async\" title=\"11-zero-valores ocultos\" src=\"https:\/\/exceladvisor.org\/wp-content\/uploads\/2023\/08\/11-valeurs-zero-masquees.png\" sizes=\"auto, \" srcset=\"\" alt=\"zero-values-hidden\" width=\"365\" height=\"280\"><\/li><\/ol><p class=\"mynote\"> Ocultar valores zero (0) significa apenas ocultar o valor nas c\u00e9lulas sem exclu\u00ed-los, portanto, ap\u00f3s ocultar o valor, as c\u00e9lulas cont\u00eam um valor mesmo que pare\u00e7am vazias.<\/p><div class=\"gb-container gb-container-4db6181c gb-container-mt\"> <a class=\"gb-button gb-button-c5897111 gb-button-text gb-button-mt-button\" href=\"https:\/\/exceladvisor.org\/pt\/excel-avancado\/\">Tutoriais avan\u00e7ados de Excel<\/a><h2 class=\"gb-headline gb-headline-665e5f6b gb-headline-text gb-headline-mt-heading\"> Tutoriais relacionados <\/h2><div class=\"gb-grid-wrapper gb-grid-wrapper-a20baf7c gb-grid-wrapper-mt-grid\"><div class=\"gb-grid-column gb-grid-column-65ddf67e\"><div class=\"gb-container gb-container-65ddf67e\"><ul><li> <a href=\"https:\/\/exceladvisor.org\/pt\/formulas-1\/\" data-wpil=\"url\">F\u00f3rmulas em formata\u00e7\u00e3o condicional<\/a><\/li><li> <a href=\"https:\/\/exceladvisor.org\/pt\/formatacao-automatica\/\">Op\u00e7\u00e3o de formata\u00e7\u00e3o autom\u00e1tica no Excel<\/a><\/li><li> <a href=\"https:\/\/exceladvisor.org\/pt\/destacar-linhas-alternadas\/\">Destaque linhas alternativas no Excel com amostra de cores<\/a><\/li><li> <a href=\"https:\/\/exceladvisor.org\/pt\/jogos-de-icones\/\" data-wpil=\"url\">Use conjuntos de \u00edcones no Excel (formata\u00e7\u00e3o condicional)<\/a><\/li><\/ul><\/div><\/div><\/div><\/div>","protected":false},"excerpt":{"rendered":"","protected":false},"author":1,"featured_media":0,"parent":0,"menu_order":0,"comment_status":"open","ping_status":"closed","template":"","meta":{"ub_ctt_via":"","footnotes":""},"class_list":["post-439","page","type-page","status-publish","hentry"],"featured_image_src":null,"yoast_head":"<!-- This site is optimized with the Yoast SEO plugin v25.4 - https:\/\/yoast.com\/wordpress\/plugins\/seo\/ -->\n<title>Como ocultar zeros no Excel? (Guia 2023)<\/title>\n<meta name=\"description\" content=\"Neste tutorial f\u00e1cil de seguir voc\u00ea aprender\u00e1 como ocultar zeros de uma c\u00e9lula onde voc\u00ea s\u00f3 tem zero como valor\u2026\" \/>\n<meta name=\"robots\" content=\"index, follow, max-snippet:-1, max-image-preview:large, max-video-preview:-1\" \/>\n<link rel=\"canonical\" href=\"https:\/\/exceladvisor.org\/pt\/ocultar-zeros\/\" \/>\n<meta property=\"og:locale\" content=\"pt_PT\" \/>\n<meta property=\"og:type\" content=\"article\" \/>\n<meta property=\"og:title\" content=\"Como ocultar zeros no Excel? (Guia 2023)\" \/>\n<meta property=\"og:description\" content=\"Neste tutorial f\u00e1cil de seguir voc\u00ea aprender\u00e1 como ocultar zeros de uma c\u00e9lula onde voc\u00ea s\u00f3 tem zero como valor\u2026\" \/>\n<meta property=\"og:url\" content=\"https:\/\/exceladvisor.org\/pt\/ocultar-zeros\/\" \/>\n<meta property=\"og:site_name\" content=\"Excel Advisor\" \/>\n<meta property=\"article:modified_time\" content=\"2023-12-06T11:38:44+00:00\" \/>\n<meta property=\"og:image\" content=\"https:\/\/exceladvisor.org\/wp-content\/uploads\/2023\/08\/1-onglet-fichier-2.png\" \/>\n<meta name=\"twitter:card\" content=\"summary_large_image\" \/>\n<meta name=\"twitter:label1\" content=\"Tempo estimado de leitura\" \/>\n\t<meta name=\"twitter:data1\" content=\"3 minutos\" \/>\n<script type=\"application\/ld+json\" class=\"yoast-schema-graph\">{\"@context\":\"https:\/\/schema.org\",\"@graph\":[{\"@type\":\"WebPage\",\"@id\":\"https:\/\/exceladvisor.org\/pt\/ocultar-zeros\/\",\"url\":\"https:\/\/exceladvisor.org\/pt\/ocultar-zeros\/\",\"name\":\"Como ocultar zeros no Excel? (Guia 2023)\",\"isPartOf\":{\"@id\":\"https:\/\/exceladvisor.org\/pt\/#website\"},\"primaryImageOfPage\":{\"@id\":\"https:\/\/exceladvisor.org\/pt\/ocultar-zeros\/#primaryimage\"},\"image\":{\"@id\":\"https:\/\/exceladvisor.org\/pt\/ocultar-zeros\/#primaryimage\"},\"thumbnailUrl\":\"https:\/\/exceladvisor.org\/wp-content\/uploads\/2023\/08\/1-onglet-fichier-2.png\",\"datePublished\":\"2023-10-29T04:01:00+00:00\",\"dateModified\":\"2023-12-06T11:38:44+00:00\",\"description\":\"Neste tutorial f\u00e1cil de seguir voc\u00ea aprender\u00e1 como ocultar zeros de uma c\u00e9lula onde voc\u00ea s\u00f3 tem zero como valor\u2026\",\"breadcrumb\":{\"@id\":\"https:\/\/exceladvisor.org\/pt\/ocultar-zeros\/#breadcrumb\"},\"inLanguage\":\"pt-PT\",\"potentialAction\":[{\"@type\":\"ReadAction\",\"target\":[\"https:\/\/exceladvisor.org\/pt\/ocultar-zeros\/\"]}]},{\"@type\":\"ImageObject\",\"inLanguage\":\"pt-PT\",\"@id\":\"https:\/\/exceladvisor.org\/pt\/ocultar-zeros\/#primaryimage\",\"url\":\"https:\/\/exceladvisor.org\/wp-content\/uploads\/2023\/08\/1-onglet-fichier-2.png\",\"contentUrl\":\"https:\/\/exceladvisor.org\/wp-content\/uploads\/2023\/08\/1-onglet-fichier-2.png\"},{\"@type\":\"BreadcrumbList\",\"@id\":\"https:\/\/exceladvisor.org\/pt\/ocultar-zeros\/#breadcrumb\",\"itemListElement\":[{\"@type\":\"ListItem\",\"position\":1,\"name\":\"Lar\",\"item\":\"https:\/\/exceladvisor.org\/pt\/\"},{\"@type\":\"ListItem\",\"position\":2,\"name\":\"Como ocultar valores zero no excel?\"}]},{\"@type\":\"WebSite\",\"@id\":\"https:\/\/exceladvisor.org\/pt\/#website\",\"url\":\"https:\/\/exceladvisor.org\/pt\/\",\"name\":\"Excel Advisor\",\"description\":\"O seu guia definitivo para dominar os dados!\",\"publisher\":{\"@id\":\"https:\/\/exceladvisor.org\/pt\/#organization\"},\"potentialAction\":[{\"@type\":\"SearchAction\",\"target\":{\"@type\":\"EntryPoint\",\"urlTemplate\":\"https:\/\/exceladvisor.org\/pt\/?s={search_term_string}\"},\"query-input\":{\"@type\":\"PropertyValueSpecification\",\"valueRequired\":true,\"valueName\":\"search_term_string\"}}],\"inLanguage\":\"pt-PT\"},{\"@type\":\"Organization\",\"@id\":\"https:\/\/exceladvisor.org\/pt\/#organization\",\"name\":\"Excel Advisor\",\"url\":\"https:\/\/exceladvisor.org\/pt\/\",\"logo\":{\"@type\":\"ImageObject\",\"inLanguage\":\"pt-PT\",\"@id\":\"https:\/\/exceladvisor.org\/pt\/#\/schema\/logo\/image\/\",\"url\":\"https:\/\/exceladvisor.org\/pt\/wp-content\/uploads\/2023\/12\/exceladvisor.org_.png\",\"contentUrl\":\"https:\/\/exceladvisor.org\/pt\/wp-content\/uploads\/2023\/12\/exceladvisor.org_.png\",\"width\":105,\"height\":36,\"caption\":\"Excel Advisor\"},\"image\":{\"@id\":\"https:\/\/exceladvisor.org\/pt\/#\/schema\/logo\/image\/\"}}]}<\/script>\n<!-- \/ Yoast SEO plugin. -->","yoast_head_json":{"title":"Como ocultar zeros no Excel? (Guia 2023)","description":"Neste tutorial f\u00e1cil de seguir voc\u00ea aprender\u00e1 como ocultar zeros de uma c\u00e9lula onde voc\u00ea s\u00f3 tem zero como valor\u2026","robots":{"index":"index","follow":"follow","max-snippet":"max-snippet:-1","max-image-preview":"max-image-preview:large","max-video-preview":"max-video-preview:-1"},"canonical":"https:\/\/exceladvisor.org\/pt\/ocultar-zeros\/","og_locale":"pt_PT","og_type":"article","og_title":"Como ocultar zeros no Excel? (Guia 2023)","og_description":"Neste tutorial f\u00e1cil de seguir voc\u00ea aprender\u00e1 como ocultar zeros de uma c\u00e9lula onde voc\u00ea s\u00f3 tem zero como valor\u2026","og_url":"https:\/\/exceladvisor.org\/pt\/ocultar-zeros\/","og_site_name":"Excel Advisor","article_modified_time":"2023-12-06T11:38:44+00:00","og_image":[{"url":"https:\/\/exceladvisor.org\/wp-content\/uploads\/2023\/08\/1-onglet-fichier-2.png","type":"","width":"","height":""}],"twitter_card":"summary_large_image","twitter_misc":{"Tempo estimado de leitura":"3 minutos"},"schema":{"@context":"https:\/\/schema.org","@graph":[{"@type":"WebPage","@id":"https:\/\/exceladvisor.org\/pt\/ocultar-zeros\/","url":"https:\/\/exceladvisor.org\/pt\/ocultar-zeros\/","name":"Como ocultar zeros no Excel? (Guia 2023)","isPartOf":{"@id":"https:\/\/exceladvisor.org\/pt\/#website"},"primaryImageOfPage":{"@id":"https:\/\/exceladvisor.org\/pt\/ocultar-zeros\/#primaryimage"},"image":{"@id":"https:\/\/exceladvisor.org\/pt\/ocultar-zeros\/#primaryimage"},"thumbnailUrl":"https:\/\/exceladvisor.org\/wp-content\/uploads\/2023\/08\/1-onglet-fichier-2.png","datePublished":"2023-10-29T04:01:00+00:00","dateModified":"2023-12-06T11:38:44+00:00","description":"Neste tutorial f\u00e1cil de seguir voc\u00ea aprender\u00e1 como ocultar zeros de uma c\u00e9lula onde voc\u00ea s\u00f3 tem zero como valor\u2026","breadcrumb":{"@id":"https:\/\/exceladvisor.org\/pt\/ocultar-zeros\/#breadcrumb"},"inLanguage":"pt-PT","potentialAction":[{"@type":"ReadAction","target":["https:\/\/exceladvisor.org\/pt\/ocultar-zeros\/"]}]},{"@type":"ImageObject","inLanguage":"pt-PT","@id":"https:\/\/exceladvisor.org\/pt\/ocultar-zeros\/#primaryimage","url":"https:\/\/exceladvisor.org\/wp-content\/uploads\/2023\/08\/1-onglet-fichier-2.png","contentUrl":"https:\/\/exceladvisor.org\/wp-content\/uploads\/2023\/08\/1-onglet-fichier-2.png"},{"@type":"BreadcrumbList","@id":"https:\/\/exceladvisor.org\/pt\/ocultar-zeros\/#breadcrumb","itemListElement":[{"@type":"ListItem","position":1,"name":"Lar","item":"https:\/\/exceladvisor.org\/pt\/"},{"@type":"ListItem","position":2,"name":"Como ocultar valores zero no excel?"}]},{"@type":"WebSite","@id":"https:\/\/exceladvisor.org\/pt\/#website","url":"https:\/\/exceladvisor.org\/pt\/","name":"Excel Advisor","description":"O seu guia definitivo para dominar os dados!","publisher":{"@id":"https:\/\/exceladvisor.org\/pt\/#organization"},"potentialAction":[{"@type":"SearchAction","target":{"@type":"EntryPoint","urlTemplate":"https:\/\/exceladvisor.org\/pt\/?s={search_term_string}"},"query-input":{"@type":"PropertyValueSpecification","valueRequired":true,"valueName":"search_term_string"}}],"inLanguage":"pt-PT"},{"@type":"Organization","@id":"https:\/\/exceladvisor.org\/pt\/#organization","name":"Excel Advisor","url":"https:\/\/exceladvisor.org\/pt\/","logo":{"@type":"ImageObject","inLanguage":"pt-PT","@id":"https:\/\/exceladvisor.org\/pt\/#\/schema\/logo\/image\/","url":"https:\/\/exceladvisor.org\/pt\/wp-content\/uploads\/2023\/12\/exceladvisor.org_.png","contentUrl":"https:\/\/exceladvisor.org\/pt\/wp-content\/uploads\/2023\/12\/exceladvisor.org_.png","width":105,"height":36,"caption":"Excel Advisor"},"image":{"@id":"https:\/\/exceladvisor.org\/pt\/#\/schema\/logo\/image\/"}}]}},"yoast_meta":{"yoast_wpseo_title":"","yoast_wpseo_metadesc":"","yoast_wpseo_canonical":""},"_links":{"self":[{"href":"https:\/\/exceladvisor.org\/pt\/wp-json\/wp\/v2\/pages\/439","targetHints":{"allow":["GET"]}}],"collection":[{"href":"https:\/\/exceladvisor.org\/pt\/wp-json\/wp\/v2\/pages"}],"about":[{"href":"https:\/\/exceladvisor.org\/pt\/wp-json\/wp\/v2\/types\/page"}],"author":[{"embeddable":true,"href":"https:\/\/exceladvisor.org\/pt\/wp-json\/wp\/v2\/users\/1"}],"replies":[{"embeddable":true,"href":"https:\/\/exceladvisor.org\/pt\/wp-json\/wp\/v2\/comments?post=439"}],"version-history":[{"count":1,"href":"https:\/\/exceladvisor.org\/pt\/wp-json\/wp\/v2\/pages\/439\/revisions"}],"predecessor-version":[{"id":1148,"href":"https:\/\/exceladvisor.org\/pt\/wp-json\/wp\/v2\/pages\/439\/revisions\/1148"}],"wp:attachment":[{"href":"https:\/\/exceladvisor.org\/pt\/wp-json\/wp\/v2\/media?parent=439"}],"curies":[{"name":"wp","href":"https:\/\/api.w.org\/{rel}","templated":true}]}}