{"id":44,"date":"2023-11-18T05:28:14","date_gmt":"2023-11-18T05:28:14","guid":{"rendered":"https:\/\/exceladvisor.org\/pt\/pinturas\/"},"modified":"2023-12-06T11:51:34","modified_gmt":"2023-12-06T11:51:34","slug":"pinturas","status":"publish","type":"page","link":"https:\/\/exceladvisor.org\/pt\/pinturas\/","title":{"rendered":"Tabela vba: guia b\u00e1sico ao avan\u00e7ado"},"content":{"rendered":"<div class=\"excel-before-content-2\" id=\"excel-2802533483\"><script type=\"text\/javascript\">\r\n\tatOptions = {\r\n\t\t'key' : 'c1158f160081d6540a8409e6925dab94',\r\n\t\t'format' : 'iframe',\r\n\t\t'height' : 250,\r\n\t\t'width' : 300,\r\n\t\t'params' : {}\r\n\t};\r\n<\/script>\r\n<script type=\"text\/javascript\" src=\"\/\/www.highperformanceformat.com\/c1158f160081d6540a8409e6925dab94\/invoke.js\"><\/script><\/div><div class=\"excel-before-content\" id=\"excel-3952787779\"><script type=\"text\/javascript\">\r\n\tatOptions = {\r\n\t\t'key' : 'c1158f160081d6540a8409e6925dab94',\r\n\t\t'format' : 'iframe',\r\n\t\t'height' : 250,\r\n\t\t'width' : 300,\r\n\t\t'params' : {}\r\n\t};\r\n<\/script>\r\n<script type=\"text\/javascript\" src=\"\/\/www.highperformanceformat.com\/c1158f160081d6540a8409e6925dab94\/invoke.js\"><\/script><\/div> <p class=\"wp-block-heading\"><strong>Pontos chave<\/strong><\/p><ul><li> Pense em uma tabela dentro de uma tabela VBA como um mini banco de dados para armazenar e organizar dados (exemplo: nome do aluno, disciplina e notas).<\/li><li> Antes de us\u00e1-lo, voc\u00ea deve declarar um array; com seu tipo de dados e a quantidade de valores que deseja armazenar nele.<\/li><\/ul><p> Se voc\u00ea deseja trabalhar com big data usando VBA, voc\u00ea precisa entender tabelas e como us\u00e1-las em c\u00f3digos VBA. Neste guia voc\u00ea explorar\u00e1 todos os aspectos da tabela e tamb\u00e9m veremos alguns exemplos de uso. eles.<\/p><h2 class=\"wp-block-heading\"> O que \u00e9 uma tabela em VBA?<\/h2><p> No VBA, um array \u00e9 uma vari\u00e1vel que pode <strong>armazenar v\u00e1rios valores<\/strong> . Voc\u00ea pode acessar todos os valores deste array de uma vez ou tamb\u00e9m pode acessar um \u00fanico valor especificando seu n\u00famero de \u00edndice que \u00e9 a posi\u00e7\u00e3o desse valor no array. Imagine que voc\u00ea tem um encontro marcado com o nome, disciplina e notas do aluno.<\/p><p> Voc\u00ea pode armazenar todas essas informa\u00e7\u00f5es em uma tabela, n\u00e3o apenas para um aluno, mas para centenas. Aqui est\u00e1 um exemplo simples para explicar uma tabela. <\/p><div class=\"wp-block-image\"><figure class=\"aligncenter size-large is-resized\"><img loading=\"lazy\" decoding=\"async\" class=\"wp-image-52233\" src=\"https:\/\/exceladvisor.org\/wp-content\/uploads\/2023\/08\/1-exemple-pour-expliquer-un-tableau.png\" sizes=\"auto, \" srcset=\"\" alt=\"exemplo para explicar uma tabela\" width=\"511\" height=\"303\"><\/figure><\/div><p> No exemplo acima, voc\u00ea tem um array de dez elementos (tamanho do array) e cada elemento possui uma posi\u00e7\u00e3o espec\u00edfica (\u00cdndice).<\/p><p> Portanto, se quiser usar um elemento que est\u00e1 na oitava posi\u00e7\u00e3o, voc\u00ea deve se referir a esse elemento usando seu n\u00famero de \u00edndice.<\/p><p> O array que usamos no exemplo acima \u00e9 um array unidimensional. Por\u00e9m, mais adiante neste guia, tamb\u00e9m aprenderemos sobre matrizes multidimensionais.<\/p><h2 class=\"wp-block-heading\"> Como declarar um array em VBA<\/h2><p> Como mencionei acima, um array \u00e9 o tipo de vari\u00e1vel, ent\u00e3o voc\u00ea precisa declar\u00e1-lo usando as palavras-chave (Dim, Private, Public e Static). Ao contr\u00e1rio de uma vari\u00e1vel normal, ao declarar um array, voc\u00ea deve usar um par de par\u00eanteses ap\u00f3s o nome do array.<\/p><p> Digamos que voc\u00ea queira declarar um array que usamos no exemplo acima.<\/p><p> <strong>Etapas para declarar um array.<\/strong><\/p><ul><li> Primeiro, use a palavra-chave \u201cDim\u201d, insira o nome da tabela e digite par\u00eanteses. <br><img loading=\"lazy\" decoding=\"async\" title=\"2-use-a-palavra-chave-dim\" src=\"https:\/\/exceladvisor.org\/wp-content\/uploads\/2023\/08\/2-utiliser-le-mot-cle-dim.png\" sizes=\"auto, \" srcset=\"\" alt=\"use-the-keyword-dim\" width=\"375\" height=\"215\"><\/li><li> Em seguida, voc\u00ea precisa especificar o tipo de dados da matriz. Se voc\u00ea n\u00e3o tiver um tipo de dados especificado, o VBA atribuir\u00e1 o tipo de dados apropriado. <br><img loading=\"lazy\" decoding=\"async\" title=\"3-especificar-o-tipo-de-dados-de-um-array\" src=\"https:\/\/exceladvisor.org\/wp-content\/uploads\/2023\/08\/3-specifier-le-type-de-donnees-dun-tableau.png\" sizes=\"auto, \" srcset=\"\" alt=\"specify-data-type-of-an-array\" width=\"377\" height=\"197\"><\/li><li> Depois disso, voc\u00ea precisa definir a quantidade de elementos que deseja armazenar no array. <br><img loading=\"lazy\" decoding=\"async\" title=\"4 conjuntos de n\u00fameros de itens\" src=\"https:\/\/exceladvisor.org\/wp-content\/uploads\/2023\/08\/4-definir-le-nombre-darticles.png\" sizes=\"auto, \" srcset=\"\" alt=\"define-the-number-of-items\" width=\"381\" height=\"176\"><\/li><li> Em \u00faltima an\u00e1lise, para atribuir um valor a um elemento em uma matriz, voc\u00ea deve usar o n\u00famero de \u00edndice do elemento para identific\u00e1-lo e ent\u00e3o atribuir um valor a ele. <br><img loading=\"lazy\" decoding=\"async\" title=\"5-atribuir-um-valor-a-um-item\" src=\"https:\/\/exceladvisor.org\/wp-content\/uploads\/2023\/08\/5-attribuer-une-valeur-a-un-element.png\" sizes=\"auto, \" srcset=\"\" alt=\"assign-a-vale-to-an-item\" width=\"336\" height=\"391\"><\/li><\/ul><p> <strong>C\u00f3digo completo<\/strong><\/p><pre class=\"wp-block-code\"> <code class=\"language-visual-basic\" lang=\"visual-basic\">Sub vba_array_example() Dim StudentsNames(10) As String StudentsNames(0) = \"Waylon\" StudentsNames(1) = \"Morton\" StudentsNames(2) = \"Rudolph\" StudentsNames(3) = \"Georgene\" StudentsNames(4) = \"Billi\" StudentsNames(5) = \"Enid\" StudentsNames(6) = \"Genevieve\" StudentsNames(7) = \"Judi\" StudentsNames(8) = \"Madaline\" StudentsNames(9) = \"Elton\" End Sub<\/code><\/pre><h3 class=\"wp-block-heading\"> Notas r\u00e1pidas<\/h3><ul><li> No c\u00f3digo acima, voc\u00ea primeiro tem a instru\u00e7\u00e3o Dim que define o array unidimensional que pode armazenar at\u00e9 10 elementos e possui um tipo de dados string.<\/li><li> Depois disso, voc\u00ea tem 10 linhas de c\u00f3digo que definem os elementos de um array de 0 a 9.<\/li><\/ul><h3 class=\"wp-block-heading\"> Tabela com tipos de dados variados<\/h3><p> Ao declarar um array, se voc\u00ea n\u00e3o especificar o tipo de dados, o VBA usar\u00e1 automaticamente o tipo de dados vari\u00e1vel, resultando em um ligeiro aumento no uso de mem\u00f3ria, e esse aumento no uso de mem\u00f3ria pode retardar o desempenho do c\u00f3digo.<\/p><p> Portanto, \u00e9 melhor definir um tipo de dados espec\u00edfico ao declarar um array, a menos que seja necess\u00e1rio usar o tipo de dados variante.<\/p><h2 class=\"wp-block-heading\"> Retornando informa\u00e7\u00f5es de um array<\/h2><p> Como mencionei anteriormente, para obter informa\u00e7\u00f5es de um array, voc\u00ea pode usar o n\u00famero de \u00edndice do elemento para especificar sua posi\u00e7\u00e3o. Por exemplo, se voc\u00ea quisesse retornar o 8\u00ba elemento da \u00e1rea que criamos no exemplo anterior, o c\u00f3digo seria: <\/p><div class=\"wp-block-image\"><figure class=\"aligncenter size-large is-resized\"><img loading=\"lazy\" decoding=\"async\" class=\"wp-image-52238\" src=\"https:\/\/exceladvisor.org\/wp-content\/uploads\/2023\/08\/6-retour-dinformations-a-partir-dun-tableau.png\" sizes=\"auto, \" srcset=\"\" alt=\"feedback de uma mesa\" width=\"479\" height=\"451\"><\/figure><\/div><p> No c\u00f3digo acima, voc\u00ea inseriu o valor na c\u00e9lula A1 usando o elemento 8 da matriz.<\/p><h2 class=\"wp-block-heading\"> Use a op\u00e7\u00e3o base 1<\/h2><p> Tenho certeza de que voc\u00ea est\u00e1 com essa pergunta em mente agora: por que come\u00e7amos nossa lista de itens do zero em vez de um?<\/p><p> Bem, isso n\u00e3o \u00e9 um erro.<\/p><p> Quando as linguagens de programa\u00e7\u00e3o foram constru\u00eddas pela primeira vez <a href=\"http:\/\/www.cs.utexas.edu\/users\/EWD\/transcriptions\/EWD08xx\/EWD831.html\" target=\"_blank\" rel=\"noreferrer noopener\">, algum descuido fez dessa estrutura<\/a> uma lista de elementos de um array. Na maioria das linguagens de programa\u00e7\u00e3o, voc\u00ea pode encontrar a mesma estrutura de itens de lista.<\/p><p> No entanto, ao contr\u00e1rio da maioria das outras linguagens de computador, no VBA voc\u00ea pode normalizar o funcionamento do \u00edndice, o que significa que voc\u00ea pode faz\u00ea-lo come\u00e7ar com 1. A \u00fanica coisa que voc\u00ea precisa fazer \u00e9 adicionar uma instru\u00e7\u00e3o baseada nas op\u00e7\u00f5es no in\u00edcio do m\u00f3dulo antes de declarar um matriz.matriz.<\/p><p> Agora esta tabela ficar\u00e1 parecida com a abaixo: <\/p><div class=\"wp-block-image\"><figure class=\"aligncenter size-large is-resized\"><img loading=\"lazy\" decoding=\"async\" class=\"wp-image-52239\" src=\"https:\/\/exceladvisor.org\/wp-content\/uploads\/2023\/08\/7-utiliser-la-base-doptions-1.png\" sizes=\"auto, \" srcset=\"\" alt=\"op\u00e7\u00e3o de uso-base-1\" width=\"344\" height=\"424\"><\/figure><\/div><h2 class=\"wp-block-heading\"> Pesquisar em uma tabela<\/h2><p> Ao armazenar valores em um array, pode haver momentos em que voc\u00ea precise fazer uma pesquisa no array.<\/p><p> Nesse caso, voc\u00ea precisa conhecer os m\u00e9todos que pode usar. Agora observe o c\u00f3digo abaixo, que pode ajud\u00e1-lo a entender como pesquisar um valor em um array. <\/p><pre class=\"wp-block-code\"> <code class=\"language-visual-basic\" lang=\"visual-basic\">Sub vba_array_search() 'this section declares an array and variables _ that you need to search within the array. Dim myArray(10) As Integer Dim i As Integer Dim varUserNumber As Variant Dim strMsg As String 'This part of the code adds 10 random numbers to _ the array and shows the result in the _ immediate window as well. For i = 1 To 10 myArray(i) = Int(Rnd * 10) Debug.Print myArray(i) Next i 'it is an input box that asks you the number that you want to find. Loopback: varUserNumber = InputBox _ (\"Enter a number between 1 and 10 to search for:\", _ \"Linear Search Demonstrator\") 'it's an IF statement that checks for the value that you _ have entered in the input box. If varUserNumber = \"\" Then End If Not IsNumeric(varUserNumber) Then GoTo Loopback If varUserNumber &lt; 1 Or varUserNumber &gt; 10 Then GoTo Loopback 'message to show if the value doesn't found. strMsg = \"Your value, \" &amp; varUserNumber &amp; _ \", was not found in the array.\" 'loop through the array and match each value with the _ the value you have entered in the input box. For i = 1 To UBound(myArray) If myArray(i) = varUserNumber Then strMsg = \"Your value, \" &amp; varUserNumber &amp; _ \", was found at position \" &amp; i &amp; \" in the array.\" Exit For End If Next i 'message box in the end MsgBox strMsg, vbOKOnly + vbInformation, \"Linear Search Result\" End Sub<\/code> <\/pre><div class=\"wp-block-image\"><figure class=\"aligncenter size-large is-resized\"><img loading=\"lazy\" decoding=\"async\" class=\"wp-image-52240\" src=\"https:\/\/exceladvisor.org\/wp-content\/uploads\/2023\/08\/8-recherche-dans-un-tableau.png\" sizes=\"auto, \" srcset=\"\" alt=\"pesquisar em uma tabela\" width=\"529\" height=\"1087\"><\/figure><\/div><ol><li> Na primeira parte do c\u00f3digo voc\u00ea tem vari\u00e1veis que voc\u00ea precisa usar posteriormente no c\u00f3digo.<\/li><li> Depois disso, a pr\u00f3xima parte \u00e9 gerar n\u00fameros aleat\u00f3rios usando RND para obter 10 valores para o array.<\/li><li> A seguir, uma caixa de entrada para informar o valor que deseja pesquisar na tabela.<\/li><li> Nesta parte voc\u00ea tem um c\u00f3digo para a string usar na caixa de mensagem caso o valor que voc\u00ea digitou n\u00e3o for encontrado.<\/li><li> Esta parte do c\u00f3digo usa um loop para percorrer cada elemento do array e verificar se o valor que voc\u00ea inseriu est\u00e1 no array ou n\u00e3o.<\/li><li> A \u00faltima parte do c\u00f3digo exibe uma mensagem indicando se um valor foi encontrado ou n\u00e3o.<\/li><\/ol><div class=\"gb-container gb-container-4db6181c gb-container-mt\"> <a class=\"gb-button gb-button-c5897111 gb-button-text gb-button-mt-button\" href=\"https:\/\/exceladvisor.org\/pt\/vba\/\">O que \u00e9 VBA<\/a><h2 class=\"gb-headline gb-headline-665e5f6b gb-headline-text gb-headline-mt-heading\"> Saiba mais sobre tabelas VBA <\/h2><div class=\"gb-grid-wrapper gb-grid-wrapper-a20baf7c gb-grid-wrapper-mt-grid\"><div class=\"gb-grid-column gb-grid-column-65ddf67e\"><div class=\"gb-container gb-container-65ddf67e\"><ul><li> <a href=\"https:\/\/exceladvisor.org\/pt\/tamanho-da-matriz\/\">Comprimento da matriz VBA (tamanho)<\/a><\/li><li> <a href=\"https:\/\/exceladvisor.org\/pt\/mesa-com-correntes\/\">Matriz VBA com strings<\/a><\/li><li> <a href=\"https:\/\/exceladvisor.org\/pt\/apague-o-quadro\/\">Matriz limpa VBA<\/a><\/li><li> <a href=\"https:\/\/exceladvisor.org\/pt\/tabela-dinamica\/\">Tabela din\u00e2mica VBA<\/a> <\/li><\/ul><\/div><\/div><div class=\"gb-grid-column gb-grid-column-50067b57\"><div class=\"gb-container gb-container-50067b57\"><\/div><\/div><\/div><\/div>","protected":false},"excerpt":{"rendered":"","protected":false},"author":1,"featured_media":0,"parent":0,"menu_order":0,"comment_status":"open","ping_status":"closed","template":"","meta":{"ub_ctt_via":"","footnotes":""},"class_list":["post-44","page","type-page","status-publish","hentry"],"featured_image_src":null,"yoast_head":"<!-- This site is optimized with the Yoast SEO plugin v25.4 - https:\/\/yoast.com\/wordpress\/plugins\/seo\/ -->\n<title>Um guia para iniciantes em tabelas em VBA - Excel Advisor<\/title>\n<meta name=\"description\" content=\"Se voc\u00ea deseja trabalhar com big data usando VBA, voc\u00ea precisa entender tabelas e como us\u00e1-las em\" \/>\n<meta name=\"robots\" content=\"index, follow, max-snippet:-1, max-image-preview:large, max-video-preview:-1\" \/>\n<link rel=\"canonical\" href=\"https:\/\/exceladvisor.org\/pt\/pinturas\/\" \/>\n<meta property=\"og:locale\" content=\"pt_PT\" \/>\n<meta property=\"og:type\" content=\"article\" \/>\n<meta property=\"og:title\" content=\"Um guia para iniciantes em tabelas em VBA - Excel Advisor\" \/>\n<meta property=\"og:description\" content=\"Se voc\u00ea deseja trabalhar com big data usando VBA, voc\u00ea precisa entender tabelas e como us\u00e1-las em\" \/>\n<meta property=\"og:url\" content=\"https:\/\/exceladvisor.org\/pt\/pinturas\/\" \/>\n<meta property=\"og:site_name\" content=\"Excel Advisor\" \/>\n<meta property=\"article:modified_time\" content=\"2023-12-06T11:51:34+00:00\" \/>\n<meta property=\"og:image\" content=\"https:\/\/exceladvisor.org\/wp-content\/uploads\/2023\/08\/1-exemple-pour-expliquer-un-tableau.png\" \/>\n<meta name=\"twitter:card\" content=\"summary_large_image\" \/>\n<meta name=\"twitter:label1\" content=\"Tempo estimado de leitura\" \/>\n\t<meta name=\"twitter:data1\" content=\"6 minutos\" \/>\n<script type=\"application\/ld+json\" class=\"yoast-schema-graph\">{\"@context\":\"https:\/\/schema.org\",\"@graph\":[{\"@type\":\"WebPage\",\"@id\":\"https:\/\/exceladvisor.org\/pt\/pinturas\/\",\"url\":\"https:\/\/exceladvisor.org\/pt\/pinturas\/\",\"name\":\"Um guia para iniciantes em tabelas em VBA - Excel Advisor\",\"isPartOf\":{\"@id\":\"https:\/\/exceladvisor.org\/pt\/#website\"},\"primaryImageOfPage\":{\"@id\":\"https:\/\/exceladvisor.org\/pt\/pinturas\/#primaryimage\"},\"image\":{\"@id\":\"https:\/\/exceladvisor.org\/pt\/pinturas\/#primaryimage\"},\"thumbnailUrl\":\"https:\/\/exceladvisor.org\/wp-content\/uploads\/2023\/08\/1-exemple-pour-expliquer-un-tableau.png\",\"datePublished\":\"2023-11-18T05:28:14+00:00\",\"dateModified\":\"2023-12-06T11:51:34+00:00\",\"description\":\"Se voc\u00ea deseja trabalhar com big data usando VBA, voc\u00ea precisa entender tabelas e como us\u00e1-las em\",\"breadcrumb\":{\"@id\":\"https:\/\/exceladvisor.org\/pt\/pinturas\/#breadcrumb\"},\"inLanguage\":\"pt-PT\",\"potentialAction\":[{\"@type\":\"ReadAction\",\"target\":[\"https:\/\/exceladvisor.org\/pt\/pinturas\/\"]}]},{\"@type\":\"ImageObject\",\"inLanguage\":\"pt-PT\",\"@id\":\"https:\/\/exceladvisor.org\/pt\/pinturas\/#primaryimage\",\"url\":\"https:\/\/exceladvisor.org\/wp-content\/uploads\/2023\/08\/1-exemple-pour-expliquer-un-tableau.png\",\"contentUrl\":\"https:\/\/exceladvisor.org\/wp-content\/uploads\/2023\/08\/1-exemple-pour-expliquer-un-tableau.png\"},{\"@type\":\"BreadcrumbList\",\"@id\":\"https:\/\/exceladvisor.org\/pt\/pinturas\/#breadcrumb\",\"itemListElement\":[{\"@type\":\"ListItem\",\"position\":1,\"name\":\"Lar\",\"item\":\"https:\/\/exceladvisor.org\/pt\/\"},{\"@type\":\"ListItem\",\"position\":2,\"name\":\"Tabela vba: guia b\u00e1sico ao avan\u00e7ado\"}]},{\"@type\":\"WebSite\",\"@id\":\"https:\/\/exceladvisor.org\/pt\/#website\",\"url\":\"https:\/\/exceladvisor.org\/pt\/\",\"name\":\"Excel Advisor\",\"description\":\"O seu guia definitivo para dominar os dados!\",\"publisher\":{\"@id\":\"https:\/\/exceladvisor.org\/pt\/#organization\"},\"potentialAction\":[{\"@type\":\"SearchAction\",\"target\":{\"@type\":\"EntryPoint\",\"urlTemplate\":\"https:\/\/exceladvisor.org\/pt\/?s={search_term_string}\"},\"query-input\":{\"@type\":\"PropertyValueSpecification\",\"valueRequired\":true,\"valueName\":\"search_term_string\"}}],\"inLanguage\":\"pt-PT\"},{\"@type\":\"Organization\",\"@id\":\"https:\/\/exceladvisor.org\/pt\/#organization\",\"name\":\"Excel Advisor\",\"url\":\"https:\/\/exceladvisor.org\/pt\/\",\"logo\":{\"@type\":\"ImageObject\",\"inLanguage\":\"pt-PT\",\"@id\":\"https:\/\/exceladvisor.org\/pt\/#\/schema\/logo\/image\/\",\"url\":\"https:\/\/exceladvisor.org\/pt\/wp-content\/uploads\/2023\/12\/exceladvisor.org_.png\",\"contentUrl\":\"https:\/\/exceladvisor.org\/pt\/wp-content\/uploads\/2023\/12\/exceladvisor.org_.png\",\"width\":105,\"height\":36,\"caption\":\"Excel Advisor\"},\"image\":{\"@id\":\"https:\/\/exceladvisor.org\/pt\/#\/schema\/logo\/image\/\"}}]}<\/script>\n<!-- \/ Yoast SEO plugin. -->","yoast_head_json":{"title":"Um guia para iniciantes em tabelas em VBA - Excel Advisor","description":"Se voc\u00ea deseja trabalhar com big data usando VBA, voc\u00ea precisa entender tabelas e como us\u00e1-las em","robots":{"index":"index","follow":"follow","max-snippet":"max-snippet:-1","max-image-preview":"max-image-preview:large","max-video-preview":"max-video-preview:-1"},"canonical":"https:\/\/exceladvisor.org\/pt\/pinturas\/","og_locale":"pt_PT","og_type":"article","og_title":"Um guia para iniciantes em tabelas em VBA - Excel Advisor","og_description":"Se voc\u00ea deseja trabalhar com big data usando VBA, voc\u00ea precisa entender tabelas e como us\u00e1-las em","og_url":"https:\/\/exceladvisor.org\/pt\/pinturas\/","og_site_name":"Excel Advisor","article_modified_time":"2023-12-06T11:51:34+00:00","og_image":[{"url":"https:\/\/exceladvisor.org\/wp-content\/uploads\/2023\/08\/1-exemple-pour-expliquer-un-tableau.png","type":"","width":"","height":""}],"twitter_card":"summary_large_image","twitter_misc":{"Tempo estimado de leitura":"6 minutos"},"schema":{"@context":"https:\/\/schema.org","@graph":[{"@type":"WebPage","@id":"https:\/\/exceladvisor.org\/pt\/pinturas\/","url":"https:\/\/exceladvisor.org\/pt\/pinturas\/","name":"Um guia para iniciantes em tabelas em VBA - Excel Advisor","isPartOf":{"@id":"https:\/\/exceladvisor.org\/pt\/#website"},"primaryImageOfPage":{"@id":"https:\/\/exceladvisor.org\/pt\/pinturas\/#primaryimage"},"image":{"@id":"https:\/\/exceladvisor.org\/pt\/pinturas\/#primaryimage"},"thumbnailUrl":"https:\/\/exceladvisor.org\/wp-content\/uploads\/2023\/08\/1-exemple-pour-expliquer-un-tableau.png","datePublished":"2023-11-18T05:28:14+00:00","dateModified":"2023-12-06T11:51:34+00:00","description":"Se voc\u00ea deseja trabalhar com big data usando VBA, voc\u00ea precisa entender tabelas e como us\u00e1-las em","breadcrumb":{"@id":"https:\/\/exceladvisor.org\/pt\/pinturas\/#breadcrumb"},"inLanguage":"pt-PT","potentialAction":[{"@type":"ReadAction","target":["https:\/\/exceladvisor.org\/pt\/pinturas\/"]}]},{"@type":"ImageObject","inLanguage":"pt-PT","@id":"https:\/\/exceladvisor.org\/pt\/pinturas\/#primaryimage","url":"https:\/\/exceladvisor.org\/wp-content\/uploads\/2023\/08\/1-exemple-pour-expliquer-un-tableau.png","contentUrl":"https:\/\/exceladvisor.org\/wp-content\/uploads\/2023\/08\/1-exemple-pour-expliquer-un-tableau.png"},{"@type":"BreadcrumbList","@id":"https:\/\/exceladvisor.org\/pt\/pinturas\/#breadcrumb","itemListElement":[{"@type":"ListItem","position":1,"name":"Lar","item":"https:\/\/exceladvisor.org\/pt\/"},{"@type":"ListItem","position":2,"name":"Tabela vba: guia b\u00e1sico ao avan\u00e7ado"}]},{"@type":"WebSite","@id":"https:\/\/exceladvisor.org\/pt\/#website","url":"https:\/\/exceladvisor.org\/pt\/","name":"Excel Advisor","description":"O seu guia definitivo para dominar os dados!","publisher":{"@id":"https:\/\/exceladvisor.org\/pt\/#organization"},"potentialAction":[{"@type":"SearchAction","target":{"@type":"EntryPoint","urlTemplate":"https:\/\/exceladvisor.org\/pt\/?s={search_term_string}"},"query-input":{"@type":"PropertyValueSpecification","valueRequired":true,"valueName":"search_term_string"}}],"inLanguage":"pt-PT"},{"@type":"Organization","@id":"https:\/\/exceladvisor.org\/pt\/#organization","name":"Excel Advisor","url":"https:\/\/exceladvisor.org\/pt\/","logo":{"@type":"ImageObject","inLanguage":"pt-PT","@id":"https:\/\/exceladvisor.org\/pt\/#\/schema\/logo\/image\/","url":"https:\/\/exceladvisor.org\/pt\/wp-content\/uploads\/2023\/12\/exceladvisor.org_.png","contentUrl":"https:\/\/exceladvisor.org\/pt\/wp-content\/uploads\/2023\/12\/exceladvisor.org_.png","width":105,"height":36,"caption":"Excel Advisor"},"image":{"@id":"https:\/\/exceladvisor.org\/pt\/#\/schema\/logo\/image\/"}}]}},"yoast_meta":{"yoast_wpseo_title":"","yoast_wpseo_metadesc":"","yoast_wpseo_canonical":""},"_links":{"self":[{"href":"https:\/\/exceladvisor.org\/pt\/wp-json\/wp\/v2\/pages\/44","targetHints":{"allow":["GET"]}}],"collection":[{"href":"https:\/\/exceladvisor.org\/pt\/wp-json\/wp\/v2\/pages"}],"about":[{"href":"https:\/\/exceladvisor.org\/pt\/wp-json\/wp\/v2\/types\/page"}],"author":[{"embeddable":true,"href":"https:\/\/exceladvisor.org\/pt\/wp-json\/wp\/v2\/users\/1"}],"replies":[{"embeddable":true,"href":"https:\/\/exceladvisor.org\/pt\/wp-json\/wp\/v2\/comments?post=44"}],"version-history":[{"count":1,"href":"https:\/\/exceladvisor.org\/pt\/wp-json\/wp\/v2\/pages\/44\/revisions"}],"predecessor-version":[{"id":1486,"href":"https:\/\/exceladvisor.org\/pt\/wp-json\/wp\/v2\/pages\/44\/revisions\/1486"}],"wp:attachment":[{"href":"https:\/\/exceladvisor.org\/pt\/wp-json\/wp\/v2\/media?parent=44"}],"curies":[{"name":"wp","href":"https:\/\/api.w.org\/{rel}","templated":true}]}}