{"id":440,"date":"2023-10-29T03:47:35","date_gmt":"2023-10-29T03:47:35","guid":{"rendered":"https:\/\/exceladvisor.org\/pt\/melhores-fontes\/"},"modified":"2023-12-06T11:33:32","modified_gmt":"2023-12-06T11:33:32","slug":"melhores-fontes","status":"publish","type":"page","link":"https:\/\/exceladvisor.org\/pt\/melhores-fontes\/","title":{"rendered":"5 melhores fontes para microsoft excel"},"content":{"rendered":"<div class=\"excel-before-content-2\" id=\"excel-2072316398\"><script type=\"text\/javascript\">\r\n\tatOptions = {\r\n\t\t'key' : 'c1158f160081d6540a8409e6925dab94',\r\n\t\t'format' : 'iframe',\r\n\t\t'height' : 250,\r\n\t\t'width' : 300,\r\n\t\t'params' : {}\r\n\t};\r\n<\/script>\r\n<script type=\"text\/javascript\" src=\"\/\/www.highperformanceformat.com\/c1158f160081d6540a8409e6925dab94\/invoke.js\"><\/script><\/div><div class=\"excel-before-content\" id=\"excel-2002001001\"><script type=\"text\/javascript\">\r\n\tatOptions = {\r\n\t\t'key' : 'c1158f160081d6540a8409e6925dab94',\r\n\t\t'format' : 'iframe',\r\n\t\t'height' : 250,\r\n\t\t'width' : 300,\r\n\t\t'params' : {}\r\n\t};\r\n<\/script>\r\n<script type=\"text\/javascript\" src=\"\/\/www.highperformanceformat.com\/c1158f160081d6540a8409e6925dab94\/invoke.js\"><\/script><\/div> <p>No Excel, ao trabalhar com dados, \u00e9 importante utilizar uma fonte para apresentar esses dados de forma que o usu\u00e1rio possa entender. A <a href=\"https:\/\/exceladvisor.org\/pt\/fonte-padrao\/\">fonte padr\u00e3o no Excel<\/a> \u00e9 Calibri com tamanho de fonte 11, mas voc\u00ea pode usar qualquer fonte que desejar.<\/p><p> Neste tutorial, vou compartilhar cinco fontes diferentes que considero boas substitutas para a fonte padr\u00e3o.<\/p><h2 class=\"wp-block-heading\"> 1. Interface de usu\u00e1rio Segoe<\/h2><p> Achei o Segoe UI um substituto perfeito para o Calibri. Esta fonte j\u00e1 est\u00e1 instalada no Windows. Talvez voc\u00ea s\u00f3 precise alter\u00e1-lo na guia Home \u21e2 Font. <\/p><div class=\"wp-block-image\"><figure class=\"aligncenter size-full is-resized\"><img loading=\"lazy\" decoding=\"async\" class=\"wp-image-77602\" src=\"https:\/\/exceladvisor.org\/wp-content\/uploads\/2023\/08\/1-interface-utilisateur.png\" sizes=\"auto, \" srcset=\"\" alt=\"segoe-ui\" width=\"543\" height=\"334\"><\/figure><\/div><h2 class=\"wp-block-heading\"> 2. C\u00f3digo do abeto<\/h2><p> Fira Code \u00e9 uma fonte do Google que voc\u00ea pode <a href=\"https:\/\/fonts.google.com\/specimen\/Fira+Code\" target=\"_blank\" rel=\"noreferrer noopener nofollow\">baixar e instalar<\/a> em seu sistema. Achei isso \u00fatil quando preciso apresentar n\u00fameros. \u00c9 um pouco fino e facilita a leitura. <\/p><div class=\"wp-block-image\"><figure class=\"aligncenter size-full is-resized\"><img loading=\"lazy\" decoding=\"async\" class=\"wp-image-77603\" src=\"https:\/\/exceladvisor.org\/wp-content\/uploads\/2023\/08\/2-fira-code.png\" sizes=\"auto, \" srcset=\"\" alt=\"c\u00f3digo fira\" width=\"562\" height=\"342\"><\/figure><\/div><h2 class=\"wp-block-heading\"> 3. Verdejante<\/h2><p> Verdana \u00e9 uma fonte pr\u00e9-instalada no Windows e uma das fontes mais utilizadas no mundo. Eu uso essa fonte ao trabalhar em grandes conjuntos de dados. Por ter sido utilizado em todo o mundo, sua legibilidade \u00e9 incr\u00edvel e voc\u00ea tamb\u00e9m pode utiliz\u00e1-lo em relat\u00f3rios. <\/p><div class=\"wp-block-image\"><figure class=\"aligncenter size-full is-resized\"><img loading=\"lazy\" decoding=\"async\" class=\"wp-image-77604\" src=\"https:\/\/exceladvisor.org\/wp-content\/uploads\/2023\/08\/3-verdure.png\" sizes=\"auto, \" srcset=\"\" alt=\"verdejante\" width=\"601\" height=\"323\"><\/figure><\/div><h2 class=\"wp-block-heading\"> 4. Helv\u00e9tico<\/h2><p> Helvetica tamb\u00e9m \u00e9 uma fonte pr\u00e9-instalada no Windows e voc\u00ea tamb\u00e9m pode us\u00e1-la no Excel. Essa fonte funciona muito bem com grandes conjuntos de dados e especialmente com cabe\u00e7alhos de colunas. <\/p><div class=\"wp-block-image\"><figure class=\"aligncenter size-full is-resized\"><img loading=\"lazy\" decoding=\"async\" class=\"wp-image-77605\" src=\"https:\/\/exceladvisor.org\/wp-content\/uploads\/2023\/08\/4-helvetiques.png\" sizes=\"auto, \" srcset=\"\" alt=\"su\u00ed\u00e7o\" width=\"609\" height=\"354\"><\/figure><\/div><h2 class=\"wp-block-heading\"> 5. C\u00f3digo-fonte profissional<\/h2><p> Source Code Pro tamb\u00e9m \u00e9 uma fonte do Google que voc\u00ea precisa baixar e instalar no sistema. \u00c9 uma fonte elegante que pode ser usada em pain\u00e9is e relat\u00f3rios, especialmente quando voc\u00ea precisa usar um tamanho de fonte grande. <\/p><div class=\"wp-block-image\"><figure class=\"aligncenter size-full is-resized\"><img loading=\"lazy\" decoding=\"async\" class=\"wp-image-77606\" src=\"https:\/\/exceladvisor.org\/wp-content\/uploads\/2023\/08\/5-code-source-pro.png\" sizes=\"auto, \" srcset=\"\" alt=\"c\u00f3digo-fonte-pro\" width=\"627\" height=\"360\"><\/figure><\/div><div class=\"gb-container gb-container-6f14e053 gb-container-note\"><p class=\"gb-headline gb-headline-b900408c gb-headline-text\"> Nesta lista, recomendei apenas fontes sem serifa. <a href=\"https:\/\/exceladvisor.org\/pt\/nocoes-basicas-de-excel\/\">Excel \u00e9 uma planilha<\/a> e ao trabalhar com dados, o estilo da fonte deve ser de f\u00e1cil compreens\u00e3o para o usu\u00e1rio.<\/p><\/div><div class=\"gb-container gb-container-4db6181c gb-container-mt\"> <a class=\"gb-button gb-button-c5897111 gb-button-text gb-button-mt-button\" href=\"https:\/\/exceladvisor.org\/pt\/excel-avancado\/\">Tutoriais avan\u00e7ados de Excel<\/a><h2 class=\"gb-headline gb-headline-665e5f6b gb-headline-text gb-headline-mt-heading\"> Tutoriais relacionados <\/h2><div class=\"gb-grid-wrapper gb-grid-wrapper-a20baf7c gb-grid-wrapper-mt-grid\"><div class=\"gb-grid-column gb-grid-column-65ddf67e\"><div class=\"gb-container gb-container-65ddf67e\"><ul><li> <a href=\"https:\/\/exceladvisor.org\/pt\/formulas-1\/\" data-wpil=\"url\">F\u00f3rmulas em formata\u00e7\u00e3o condicional<\/a><\/li><li> <a href=\"https:\/\/exceladvisor.org\/pt\/formatacao-automatica\/\">Op\u00e7\u00e3o de formata\u00e7\u00e3o autom\u00e1tica no Excel<\/a><\/li><li> <a href=\"https:\/\/exceladvisor.org\/pt\/destacar-linhas-alternadas\/\">Destaque linhas alternativas no Excel com amostra de cores<\/a><\/li><li> <a href=\"https:\/\/exceladvisor.org\/pt\/jogos-de-icones\/\" data-wpil=\"url\">Use conjuntos de \u00edcones no Excel (formata\u00e7\u00e3o condicional)<\/a><\/li><\/ul><\/div><\/div><\/div><\/div>","protected":false},"excerpt":{"rendered":"","protected":false},"author":1,"featured_media":0,"parent":0,"menu_order":0,"comment_status":"open","ping_status":"closed","template":"","meta":{"ub_ctt_via":"","footnotes":""},"class_list":["post-440","page","type-page","status-publish","hentry"],"featured_image_src":null,"yoast_head":"<!-- This site is optimized with the Yoast SEO plugin v25.4 - https:\/\/yoast.com\/wordpress\/plugins\/seo\/ -->\n<title>\u25b7 As 5 principais fontes para Microsoft Excel em 2023<\/title>\n<meta name=\"description\" content=\"Neste tutorial, listamos as cinco principais fontes que voc\u00ea pode usar no Microsoft Excel.\" \/>\n<meta name=\"robots\" content=\"index, follow, max-snippet:-1, max-image-preview:large, max-video-preview:-1\" \/>\n<link rel=\"canonical\" href=\"https:\/\/exceladvisor.org\/pt\/melhores-fontes\/\" \/>\n<meta property=\"og:locale\" content=\"pt_PT\" \/>\n<meta property=\"og:type\" content=\"article\" \/>\n<meta property=\"og:title\" content=\"\u25b7 As 5 principais fontes para Microsoft Excel em 2023\" \/>\n<meta property=\"og:description\" content=\"Neste tutorial, listamos as cinco principais fontes que voc\u00ea pode usar no Microsoft Excel.\" \/>\n<meta property=\"og:url\" content=\"https:\/\/exceladvisor.org\/pt\/melhores-fontes\/\" \/>\n<meta property=\"og:site_name\" content=\"Excel Advisor\" \/>\n<meta property=\"article:modified_time\" content=\"2023-12-06T11:33:32+00:00\" \/>\n<meta property=\"og:image\" content=\"https:\/\/exceladvisor.org\/wp-content\/uploads\/2023\/08\/1-interface-utilisateur.png\" \/>\n<meta name=\"twitter:card\" content=\"summary_large_image\" \/>\n<meta name=\"twitter:label1\" content=\"Tempo estimado de leitura\" \/>\n\t<meta name=\"twitter:data1\" content=\"2 minutos\" \/>\n<script type=\"application\/ld+json\" class=\"yoast-schema-graph\">{\"@context\":\"https:\/\/schema.org\",\"@graph\":[{\"@type\":\"WebPage\",\"@id\":\"https:\/\/exceladvisor.org\/pt\/melhores-fontes\/\",\"url\":\"https:\/\/exceladvisor.org\/pt\/melhores-fontes\/\",\"name\":\"\u25b7 As 5 principais fontes para Microsoft Excel em 2023\",\"isPartOf\":{\"@id\":\"https:\/\/exceladvisor.org\/pt\/#website\"},\"primaryImageOfPage\":{\"@id\":\"https:\/\/exceladvisor.org\/pt\/melhores-fontes\/#primaryimage\"},\"image\":{\"@id\":\"https:\/\/exceladvisor.org\/pt\/melhores-fontes\/#primaryimage\"},\"thumbnailUrl\":\"https:\/\/exceladvisor.org\/wp-content\/uploads\/2023\/08\/1-interface-utilisateur.png\",\"datePublished\":\"2023-10-29T03:47:35+00:00\",\"dateModified\":\"2023-12-06T11:33:32+00:00\",\"description\":\"Neste tutorial, listamos as cinco principais fontes que voc\u00ea pode usar no Microsoft Excel.\",\"breadcrumb\":{\"@id\":\"https:\/\/exceladvisor.org\/pt\/melhores-fontes\/#breadcrumb\"},\"inLanguage\":\"pt-PT\",\"potentialAction\":[{\"@type\":\"ReadAction\",\"target\":[\"https:\/\/exceladvisor.org\/pt\/melhores-fontes\/\"]}]},{\"@type\":\"ImageObject\",\"inLanguage\":\"pt-PT\",\"@id\":\"https:\/\/exceladvisor.org\/pt\/melhores-fontes\/#primaryimage\",\"url\":\"https:\/\/exceladvisor.org\/wp-content\/uploads\/2023\/08\/1-interface-utilisateur.png\",\"contentUrl\":\"https:\/\/exceladvisor.org\/wp-content\/uploads\/2023\/08\/1-interface-utilisateur.png\"},{\"@type\":\"BreadcrumbList\",\"@id\":\"https:\/\/exceladvisor.org\/pt\/melhores-fontes\/#breadcrumb\",\"itemListElement\":[{\"@type\":\"ListItem\",\"position\":1,\"name\":\"Lar\",\"item\":\"https:\/\/exceladvisor.org\/pt\/\"},{\"@type\":\"ListItem\",\"position\":2,\"name\":\"5 melhores fontes para microsoft excel\"}]},{\"@type\":\"WebSite\",\"@id\":\"https:\/\/exceladvisor.org\/pt\/#website\",\"url\":\"https:\/\/exceladvisor.org\/pt\/\",\"name\":\"Excel Advisor\",\"description\":\"O seu guia definitivo para dominar os dados!\",\"publisher\":{\"@id\":\"https:\/\/exceladvisor.org\/pt\/#organization\"},\"potentialAction\":[{\"@type\":\"SearchAction\",\"target\":{\"@type\":\"EntryPoint\",\"urlTemplate\":\"https:\/\/exceladvisor.org\/pt\/?s={search_term_string}\"},\"query-input\":{\"@type\":\"PropertyValueSpecification\",\"valueRequired\":true,\"valueName\":\"search_term_string\"}}],\"inLanguage\":\"pt-PT\"},{\"@type\":\"Organization\",\"@id\":\"https:\/\/exceladvisor.org\/pt\/#organization\",\"name\":\"Excel Advisor\",\"url\":\"https:\/\/exceladvisor.org\/pt\/\",\"logo\":{\"@type\":\"ImageObject\",\"inLanguage\":\"pt-PT\",\"@id\":\"https:\/\/exceladvisor.org\/pt\/#\/schema\/logo\/image\/\",\"url\":\"https:\/\/exceladvisor.org\/pt\/wp-content\/uploads\/2023\/12\/exceladvisor.org_.png\",\"contentUrl\":\"https:\/\/exceladvisor.org\/pt\/wp-content\/uploads\/2023\/12\/exceladvisor.org_.png\",\"width\":105,\"height\":36,\"caption\":\"Excel Advisor\"},\"image\":{\"@id\":\"https:\/\/exceladvisor.org\/pt\/#\/schema\/logo\/image\/\"}}]}<\/script>\n<!-- \/ Yoast SEO plugin. -->","yoast_head_json":{"title":"\u25b7 As 5 principais fontes para Microsoft Excel em 2023","description":"Neste tutorial, listamos as cinco principais fontes que voc\u00ea pode usar no Microsoft Excel.","robots":{"index":"index","follow":"follow","max-snippet":"max-snippet:-1","max-image-preview":"max-image-preview:large","max-video-preview":"max-video-preview:-1"},"canonical":"https:\/\/exceladvisor.org\/pt\/melhores-fontes\/","og_locale":"pt_PT","og_type":"article","og_title":"\u25b7 As 5 principais fontes para Microsoft Excel em 2023","og_description":"Neste tutorial, listamos as cinco principais fontes que voc\u00ea pode usar no Microsoft Excel.","og_url":"https:\/\/exceladvisor.org\/pt\/melhores-fontes\/","og_site_name":"Excel Advisor","article_modified_time":"2023-12-06T11:33:32+00:00","og_image":[{"url":"https:\/\/exceladvisor.org\/wp-content\/uploads\/2023\/08\/1-interface-utilisateur.png","type":"","width":"","height":""}],"twitter_card":"summary_large_image","twitter_misc":{"Tempo estimado de leitura":"2 minutos"},"schema":{"@context":"https:\/\/schema.org","@graph":[{"@type":"WebPage","@id":"https:\/\/exceladvisor.org\/pt\/melhores-fontes\/","url":"https:\/\/exceladvisor.org\/pt\/melhores-fontes\/","name":"\u25b7 As 5 principais fontes para Microsoft Excel em 2023","isPartOf":{"@id":"https:\/\/exceladvisor.org\/pt\/#website"},"primaryImageOfPage":{"@id":"https:\/\/exceladvisor.org\/pt\/melhores-fontes\/#primaryimage"},"image":{"@id":"https:\/\/exceladvisor.org\/pt\/melhores-fontes\/#primaryimage"},"thumbnailUrl":"https:\/\/exceladvisor.org\/wp-content\/uploads\/2023\/08\/1-interface-utilisateur.png","datePublished":"2023-10-29T03:47:35+00:00","dateModified":"2023-12-06T11:33:32+00:00","description":"Neste tutorial, listamos as cinco principais fontes que voc\u00ea pode usar no Microsoft Excel.","breadcrumb":{"@id":"https:\/\/exceladvisor.org\/pt\/melhores-fontes\/#breadcrumb"},"inLanguage":"pt-PT","potentialAction":[{"@type":"ReadAction","target":["https:\/\/exceladvisor.org\/pt\/melhores-fontes\/"]}]},{"@type":"ImageObject","inLanguage":"pt-PT","@id":"https:\/\/exceladvisor.org\/pt\/melhores-fontes\/#primaryimage","url":"https:\/\/exceladvisor.org\/wp-content\/uploads\/2023\/08\/1-interface-utilisateur.png","contentUrl":"https:\/\/exceladvisor.org\/wp-content\/uploads\/2023\/08\/1-interface-utilisateur.png"},{"@type":"BreadcrumbList","@id":"https:\/\/exceladvisor.org\/pt\/melhores-fontes\/#breadcrumb","itemListElement":[{"@type":"ListItem","position":1,"name":"Lar","item":"https:\/\/exceladvisor.org\/pt\/"},{"@type":"ListItem","position":2,"name":"5 melhores fontes para microsoft excel"}]},{"@type":"WebSite","@id":"https:\/\/exceladvisor.org\/pt\/#website","url":"https:\/\/exceladvisor.org\/pt\/","name":"Excel Advisor","description":"O seu guia definitivo para dominar os dados!","publisher":{"@id":"https:\/\/exceladvisor.org\/pt\/#organization"},"potentialAction":[{"@type":"SearchAction","target":{"@type":"EntryPoint","urlTemplate":"https:\/\/exceladvisor.org\/pt\/?s={search_term_string}"},"query-input":{"@type":"PropertyValueSpecification","valueRequired":true,"valueName":"search_term_string"}}],"inLanguage":"pt-PT"},{"@type":"Organization","@id":"https:\/\/exceladvisor.org\/pt\/#organization","name":"Excel Advisor","url":"https:\/\/exceladvisor.org\/pt\/","logo":{"@type":"ImageObject","inLanguage":"pt-PT","@id":"https:\/\/exceladvisor.org\/pt\/#\/schema\/logo\/image\/","url":"https:\/\/exceladvisor.org\/pt\/wp-content\/uploads\/2023\/12\/exceladvisor.org_.png","contentUrl":"https:\/\/exceladvisor.org\/pt\/wp-content\/uploads\/2023\/12\/exceladvisor.org_.png","width":105,"height":36,"caption":"Excel Advisor"},"image":{"@id":"https:\/\/exceladvisor.org\/pt\/#\/schema\/logo\/image\/"}}]}},"yoast_meta":{"yoast_wpseo_title":"","yoast_wpseo_metadesc":"","yoast_wpseo_canonical":""},"_links":{"self":[{"href":"https:\/\/exceladvisor.org\/pt\/wp-json\/wp\/v2\/pages\/440","targetHints":{"allow":["GET"]}}],"collection":[{"href":"https:\/\/exceladvisor.org\/pt\/wp-json\/wp\/v2\/pages"}],"about":[{"href":"https:\/\/exceladvisor.org\/pt\/wp-json\/wp\/v2\/types\/page"}],"author":[{"embeddable":true,"href":"https:\/\/exceladvisor.org\/pt\/wp-json\/wp\/v2\/users\/1"}],"replies":[{"embeddable":true,"href":"https:\/\/exceladvisor.org\/pt\/wp-json\/wp\/v2\/comments?post=440"}],"version-history":[{"count":1,"href":"https:\/\/exceladvisor.org\/pt\/wp-json\/wp\/v2\/pages\/440\/revisions"}],"predecessor-version":[{"id":751,"href":"https:\/\/exceladvisor.org\/pt\/wp-json\/wp\/v2\/pages\/440\/revisions\/751"}],"wp:attachment":[{"href":"https:\/\/exceladvisor.org\/pt\/wp-json\/wp\/v2\/media?parent=440"}],"curies":[{"name":"wp","href":"https:\/\/api.w.org\/{rel}","templated":true}]}}