{"id":441,"date":"2023-10-29T03:25:02","date_gmt":"2023-10-29T03:25:02","guid":{"rendered":"https:\/\/exceladvisor.org\/pt\/margem-da-pagina\/"},"modified":"2023-12-06T11:34:28","modified_gmt":"2023-12-06T11:34:28","slug":"margem-da-pagina","status":"publish","type":"page","link":"https:\/\/exceladvisor.org\/pt\/margem-da-pagina\/","title":{"rendered":"Como alterar a margem da p\u00e1gina no excel?"},"content":{"rendered":"<div class=\"excel-before-content-2\" id=\"excel-2696334384\"><script type=\"text\/javascript\">\r\n\tatOptions = {\r\n\t\t'key' : 'c1158f160081d6540a8409e6925dab94',\r\n\t\t'format' : 'iframe',\r\n\t\t'height' : 250,\r\n\t\t'width' : 300,\r\n\t\t'params' : {}\r\n\t};\r\n<\/script>\r\n<script type=\"text\/javascript\" src=\"\/\/www.highperformanceformat.com\/c1158f160081d6540a8409e6925dab94\/invoke.js\"><\/script><\/div><div class=\"excel-before-content\" id=\"excel-1938380145\"><script type=\"text\/javascript\">\r\n\tatOptions = {\r\n\t\t'key' : 'c1158f160081d6540a8409e6925dab94',\r\n\t\t'format' : 'iframe',\r\n\t\t'height' : 250,\r\n\t\t'width' : 300,\r\n\t\t'params' : {}\r\n\t};\r\n<\/script>\r\n<script type=\"text\/javascript\" src=\"\/\/www.highperformanceformat.com\/c1158f160081d6540a8409e6925dab94\/invoke.js\"><\/script><\/div> <p>No Excel, se quiser imprimir um relat\u00f3rio em papel, voc\u00ea pode modificar as margens da p\u00e1gina de acordo com sua necessidade. Por padr\u00e3o, as margens que voc\u00ea tem s\u00e3o 1,78 cm para esquerda e direita e 1,91 para inferior e superior. <\/p><div class=\"wp-block-image\"><figure class=\"aligncenter size-full is-resized\"><img loading=\"lazy\" decoding=\"async\" class=\"wp-image-77636\" src=\"https:\/\/exceladvisor.org\/wp-content\/uploads\/2023\/08\/1-marge-de-page-dans-excel.png\" sizes=\"auto, \" srcset=\"\" alt=\"margem da p\u00e1gina no Excel\" width=\"323\" height=\"465\"><\/figure><\/div><p> Voc\u00ea pode modificar essas margens de acordo com suas necessidades. Neste tutorial, veremos todas as diferentes op\u00e7\u00f5es e voc\u00ea ter\u00e1 m\u00e9todos no Excel para alterar as margens da p\u00e1gina.<\/p><h2 class=\"wp-block-heading\"> Alterar a margem da p\u00e1gina no Excel<\/h2><ol type=\"1\"><li> Primeiro, v\u00e1 para a guia Layout.<\/li><li> Depois disso, v\u00e1 para o grupo de op\u00e7\u00f5es de configura\u00e7\u00e3o da p\u00e1gina.<\/li><li> Em seguida, clique no menu suspenso \u201cLayout\u201d.<\/li><li> No final, selecione a configura\u00e7\u00e3o de margem da p\u00e1gina que deseja usar. <\/li><\/ol><div class=\"wp-block-image\"><figure class=\"aligncenter size-full is-resized\"><img loading=\"lazy\" decoding=\"async\" class=\"wp-image-77637\" src=\"https:\/\/exceladvisor.org\/wp-content\/uploads\/2023\/08\/2-modifier-la-marge-de-la-page.png\" sizes=\"auto, \" srcset=\"\" alt=\"alterar margem da p\u00e1gina\" width=\"550\" height=\"502\"><\/figure><\/div><p> Existem tr\u00eas predefini\u00e7\u00f5es principais que voc\u00ea pode usar: Normal (padr\u00e3o), Amplo e Estreito.<\/p><h2 class=\"wp-block-heading\"> Margens de p\u00e1gina personalizadas<\/h2><p> Voc\u00ea tamb\u00e9m pode usar valores de margem de p\u00e1gina personalizados. Ao rolar a lista suspensa de layout, clique na op\u00e7\u00e3o \u201cMargem personalizada\u201d e abra a caixa de di\u00e1logo. Voc\u00ea tamb\u00e9m pode usar o <a href=\"https:\/\/exceladvisor.org\/pt\/atalhos-do-teclado\/\">atalho de teclado<\/a> Alt \u21e2 P \u21e2 M \u21e2 A. <\/p><div class=\"wp-block-image\"><figure class=\"aligncenter size-full is-resized\"><img loading=\"lazy\" decoding=\"async\" class=\"wp-image-77639\" src=\"https:\/\/exceladvisor.org\/wp-content\/uploads\/2023\/08\/3-marges-de-page-personnalisees.png\" sizes=\"auto, \" srcset=\"\" alt=\"margens de p\u00e1gina personalizadas\" width=\"362\" height=\"527\"><\/figure><\/div><p> Na caixa de di\u00e1logo, voc\u00ea pode alterar os valores das margens da p\u00e1gina e definir um novo. <\/p><div class=\"wp-block-image\"><figure class=\"aligncenter size-full is-resized\"><img loading=\"lazy\" decoding=\"async\" class=\"wp-image-77640\" src=\"https:\/\/exceladvisor.org\/wp-content\/uploads\/2023\/08\/Boite-de-dialogue-de-configuration-a-4-pages.png\" sizes=\"auto, \" srcset=\"\" alt=\"caixa de di\u00e1logo de layout\" width=\"506\" height=\"488\"><\/figure><\/div><p> Voc\u00ea tamb\u00e9m pode alterar os valores <a href=\"https:\/\/exceladvisor.org\/pt\/adicionar-um-cabecalho-de-rodape\/\">do cabe\u00e7alho e rodap\u00e9<\/a> e centralizar o conte\u00fado <a href=\"https:\/\/exceladvisor.org\/pt\/centralize-a-planilha-horizontalmente\/\">vertical e horizontalmente<\/a> .<\/p><h2 class=\"wp-block-heading\"> Ajuste as margens na janela de visualiza\u00e7\u00e3o de impress\u00e3o<\/h2><p> Ao abrir <a href=\"https:\/\/exceladvisor.org\/pt\/visualizacao-de-impressao-1\/\">Visualiza\u00e7\u00e3o de impress\u00e3o<\/a> , voc\u00ea tamb\u00e9m tem a op\u00e7\u00e3o de alterar as margens. Na se\u00e7\u00e3o de configura\u00e7\u00f5es, role para baixo e clique no menu suspenso de margem. <\/p><div class=\"wp-block-image\"><figure class=\"aligncenter size-full is-resized\"><img loading=\"lazy\" decoding=\"async\" class=\"wp-image-77641\" src=\"https:\/\/exceladvisor.org\/wp-content\/uploads\/2023\/08\/5-ajuster-les-marges.png\" sizes=\"auto, \" srcset=\"\" alt=\"ajustar margens\" width=\"248\" height=\"416\"><\/figure><\/div><p> Ao clicar nele, voc\u00ea ter\u00e1 os presets e a op\u00e7\u00e3o de margem personalizada, al\u00e9m de selecionar a \u00faltima configura\u00e7\u00e3o utilizada. <\/p><div class=\"wp-block-image\"><figure class=\"aligncenter size-full is-resized\"><img loading=\"lazy\" decoding=\"async\" class=\"wp-image-77642\" src=\"https:\/\/exceladvisor.org\/wp-content\/uploads\/2023\/08\/6-marges-predefinies.png\" sizes=\"auto, \" srcset=\"\" alt=\"margens predefinidas\" width=\"353\" height=\"524\"><\/figure><\/div><p> Esta \u00e9 a mesma lista de op\u00e7\u00f5es que voc\u00ea tem na guia Layout da faixa de op\u00e7\u00f5es.<\/p><h2 class=\"wp-block-heading\"> Mostrar margens e alter\u00e1-las com o mouse<\/h2><p> Voc\u00ea tamb\u00e9m pode usar a op\u00e7\u00e3o \u201cMostrar margem\u201d na visualiza\u00e7\u00e3o da impress\u00e3o para alterar as margens com o cursor do mouse. No canto inferior direito da janela de visualiza\u00e7\u00e3o da impress\u00e3o h\u00e1 um pequeno bot\u00e3o, clique nele para ativ\u00e1-lo. <\/p><div class=\"wp-block-image\"><figure class=\"aligncenter size-full is-resized\"><img loading=\"lazy\" decoding=\"async\" class=\"wp-image-77643\" src=\"https:\/\/exceladvisor.org\/wp-content\/uploads\/2023\/08\/7-afficher-la-copie-des-marges.png\" sizes=\"auto, \" srcset=\"\" alt=\"mostrar margens -Copiar\" width=\"402\" height=\"557\"><\/figure><\/div><p> No momento em que voc\u00ea clica nele, voc\u00ea tem uma pr\u00e9via de todas as margens da p\u00e1gina, e voc\u00ea pode alter\u00e1-las com o cursor do mouse. <\/p><div class=\"wp-block-image\"><figure class=\"aligncenter size-full is-resized\"><img loading=\"lazy\" decoding=\"async\" class=\"wp-image-77644\" src=\"https:\/\/exceladvisor.org\/wp-content\/uploads\/2023\/08\/8-marges-dapercu-sur-la-page.png\" sizes=\"auto, \" srcset=\"\" alt=\"margens de visualiza\u00e7\u00e3o na p\u00e1gina\" width=\"408\" height=\"565\"><\/figure><\/div><p> Quando voc\u00ea tem v\u00e1rias planilhas em sua pasta de trabalho e deseja usar um valor de margem personalizado para impress\u00e3o, \u00e9 necess\u00e1rio alter\u00e1-lo para cada planilha.<\/p><div class=\"gb-container gb-container-4db6181c gb-container-mt\"> <a class=\"gb-button gb-button-c5897111 gb-button-text gb-button-mt-button\" href=\"https:\/\/exceladvisor.org\/pt\/excel-avancado\/\">Tutorial Excel Avan\u00e7ado<\/a><h2 class=\"gb-headline gb-headline-665e5f6b gb-headline-text gb-headline-mt-heading\"> Tutoriais relacionados <\/h2><div class=\"gb-grid-wrapper gb-grid-wrapper-a20baf7c gb-grid-wrapper-mt-grid\"><div class=\"gb-grid-column gb-grid-column-65ddf67e\"><div class=\"gb-container gb-container-65ddf67e\"><ul><li> <a href=\"https:\/\/exceladvisor.org\/pt\/imprimir-titulos\/\">Aplicar t\u00edtulos de impress\u00e3o no Excel (defina a linha 1 para imprimir em todas as p\u00e1ginas)<\/a><\/li><li> <a href=\"https:\/\/exceladvisor.org\/pt\/papel-grafico\/\">Imprima um papel milimetrado no Excel (modelo de grade quadrada)<\/a><\/li><li> <a href=\"https:\/\/exceladvisor.org\/pt\/remover-quebra-de-pagina\/\">Remover quebra de p\u00e1gina no Excel<\/a><\/li><li> <a href=\"https:\/\/exceladvisor.org\/pt\/definir-area-de-impressao\/\">Definir \u00e1rea de impress\u00e3o no Excel<\/a><\/li><li> <a href=\"https:\/\/exceladvisor.org\/pt\/centralize-a-planilha-horizontalmente\/\">Centralize uma planilha horizontal e verticalmente no Excel<\/a><\/li><\/ul><\/div><\/div><\/div><\/div>","protected":false},"excerpt":{"rendered":"","protected":false},"author":1,"featured_media":0,"parent":0,"menu_order":0,"comment_status":"open","ping_status":"closed","template":"","meta":{"ub_ctt_via":"","footnotes":""},"class_list":["post-441","page","type-page","status-publish","hentry"],"featured_image_src":null,"yoast_head":"<!-- This site is optimized with the Yoast SEO plugin v25.4 - https:\/\/yoast.com\/wordpress\/plugins\/seo\/ -->\n<title>Como alterar a margem da p\u00e1gina no Excel?<\/title>\n<meta name=\"description\" content=\"Neste tutorial f\u00e1cil de seguir, voc\u00ea aprender\u00e1 como alterar as margens da p\u00e1gina no Excel e todas as op\u00e7\u00f5es que o acompanham\u2026\" \/>\n<meta name=\"robots\" content=\"index, follow, max-snippet:-1, max-image-preview:large, max-video-preview:-1\" \/>\n<link rel=\"canonical\" href=\"https:\/\/exceladvisor.org\/pt\/margem-da-pagina\/\" \/>\n<meta property=\"og:locale\" content=\"pt_PT\" \/>\n<meta property=\"og:type\" content=\"article\" \/>\n<meta property=\"og:title\" content=\"Como alterar a margem da p\u00e1gina no Excel?\" \/>\n<meta property=\"og:description\" content=\"Neste tutorial f\u00e1cil de seguir, voc\u00ea aprender\u00e1 como alterar as margens da p\u00e1gina no Excel e todas as op\u00e7\u00f5es que o acompanham\u2026\" \/>\n<meta property=\"og:url\" content=\"https:\/\/exceladvisor.org\/pt\/margem-da-pagina\/\" \/>\n<meta property=\"og:site_name\" content=\"Excel Advisor\" \/>\n<meta property=\"article:modified_time\" content=\"2023-12-06T11:34:28+00:00\" \/>\n<meta property=\"og:image\" content=\"https:\/\/exceladvisor.org\/wp-content\/uploads\/2023\/08\/1-marge-de-page-dans-excel.png\" \/>\n<meta name=\"twitter:card\" content=\"summary_large_image\" \/>\n<meta name=\"twitter:label1\" content=\"Tempo estimado de leitura\" \/>\n\t<meta name=\"twitter:data1\" content=\"2 minutos\" \/>\n<script type=\"application\/ld+json\" class=\"yoast-schema-graph\">{\"@context\":\"https:\/\/schema.org\",\"@graph\":[{\"@type\":\"WebPage\",\"@id\":\"https:\/\/exceladvisor.org\/pt\/margem-da-pagina\/\",\"url\":\"https:\/\/exceladvisor.org\/pt\/margem-da-pagina\/\",\"name\":\"Como alterar a margem da p\u00e1gina no Excel?\",\"isPartOf\":{\"@id\":\"https:\/\/exceladvisor.org\/pt\/#website\"},\"primaryImageOfPage\":{\"@id\":\"https:\/\/exceladvisor.org\/pt\/margem-da-pagina\/#primaryimage\"},\"image\":{\"@id\":\"https:\/\/exceladvisor.org\/pt\/margem-da-pagina\/#primaryimage\"},\"thumbnailUrl\":\"https:\/\/exceladvisor.org\/wp-content\/uploads\/2023\/08\/1-marge-de-page-dans-excel.png\",\"datePublished\":\"2023-10-29T03:25:02+00:00\",\"dateModified\":\"2023-12-06T11:34:28+00:00\",\"description\":\"Neste tutorial f\u00e1cil de seguir, voc\u00ea aprender\u00e1 como alterar as margens da p\u00e1gina no Excel e todas as op\u00e7\u00f5es que o acompanham\u2026\",\"breadcrumb\":{\"@id\":\"https:\/\/exceladvisor.org\/pt\/margem-da-pagina\/#breadcrumb\"},\"inLanguage\":\"pt-PT\",\"potentialAction\":[{\"@type\":\"ReadAction\",\"target\":[\"https:\/\/exceladvisor.org\/pt\/margem-da-pagina\/\"]}]},{\"@type\":\"ImageObject\",\"inLanguage\":\"pt-PT\",\"@id\":\"https:\/\/exceladvisor.org\/pt\/margem-da-pagina\/#primaryimage\",\"url\":\"https:\/\/exceladvisor.org\/wp-content\/uploads\/2023\/08\/1-marge-de-page-dans-excel.png\",\"contentUrl\":\"https:\/\/exceladvisor.org\/wp-content\/uploads\/2023\/08\/1-marge-de-page-dans-excel.png\"},{\"@type\":\"BreadcrumbList\",\"@id\":\"https:\/\/exceladvisor.org\/pt\/margem-da-pagina\/#breadcrumb\",\"itemListElement\":[{\"@type\":\"ListItem\",\"position\":1,\"name\":\"Lar\",\"item\":\"https:\/\/exceladvisor.org\/pt\/\"},{\"@type\":\"ListItem\",\"position\":2,\"name\":\"Como alterar a margem da p\u00e1gina no excel?\"}]},{\"@type\":\"WebSite\",\"@id\":\"https:\/\/exceladvisor.org\/pt\/#website\",\"url\":\"https:\/\/exceladvisor.org\/pt\/\",\"name\":\"Excel Advisor\",\"description\":\"O seu guia definitivo para dominar os dados!\",\"publisher\":{\"@id\":\"https:\/\/exceladvisor.org\/pt\/#organization\"},\"potentialAction\":[{\"@type\":\"SearchAction\",\"target\":{\"@type\":\"EntryPoint\",\"urlTemplate\":\"https:\/\/exceladvisor.org\/pt\/?s={search_term_string}\"},\"query-input\":{\"@type\":\"PropertyValueSpecification\",\"valueRequired\":true,\"valueName\":\"search_term_string\"}}],\"inLanguage\":\"pt-PT\"},{\"@type\":\"Organization\",\"@id\":\"https:\/\/exceladvisor.org\/pt\/#organization\",\"name\":\"Excel Advisor\",\"url\":\"https:\/\/exceladvisor.org\/pt\/\",\"logo\":{\"@type\":\"ImageObject\",\"inLanguage\":\"pt-PT\",\"@id\":\"https:\/\/exceladvisor.org\/pt\/#\/schema\/logo\/image\/\",\"url\":\"https:\/\/exceladvisor.org\/pt\/wp-content\/uploads\/2023\/12\/exceladvisor.org_.png\",\"contentUrl\":\"https:\/\/exceladvisor.org\/pt\/wp-content\/uploads\/2023\/12\/exceladvisor.org_.png\",\"width\":105,\"height\":36,\"caption\":\"Excel Advisor\"},\"image\":{\"@id\":\"https:\/\/exceladvisor.org\/pt\/#\/schema\/logo\/image\/\"}}]}<\/script>\n<!-- \/ Yoast SEO plugin. -->","yoast_head_json":{"title":"Como alterar a margem da p\u00e1gina no Excel?","description":"Neste tutorial f\u00e1cil de seguir, voc\u00ea aprender\u00e1 como alterar as margens da p\u00e1gina no Excel e todas as op\u00e7\u00f5es que o acompanham\u2026","robots":{"index":"index","follow":"follow","max-snippet":"max-snippet:-1","max-image-preview":"max-image-preview:large","max-video-preview":"max-video-preview:-1"},"canonical":"https:\/\/exceladvisor.org\/pt\/margem-da-pagina\/","og_locale":"pt_PT","og_type":"article","og_title":"Como alterar a margem da p\u00e1gina no Excel?","og_description":"Neste tutorial f\u00e1cil de seguir, voc\u00ea aprender\u00e1 como alterar as margens da p\u00e1gina no Excel e todas as op\u00e7\u00f5es que o acompanham\u2026","og_url":"https:\/\/exceladvisor.org\/pt\/margem-da-pagina\/","og_site_name":"Excel Advisor","article_modified_time":"2023-12-06T11:34:28+00:00","og_image":[{"url":"https:\/\/exceladvisor.org\/wp-content\/uploads\/2023\/08\/1-marge-de-page-dans-excel.png","type":"","width":"","height":""}],"twitter_card":"summary_large_image","twitter_misc":{"Tempo estimado de leitura":"2 minutos"},"schema":{"@context":"https:\/\/schema.org","@graph":[{"@type":"WebPage","@id":"https:\/\/exceladvisor.org\/pt\/margem-da-pagina\/","url":"https:\/\/exceladvisor.org\/pt\/margem-da-pagina\/","name":"Como alterar a margem da p\u00e1gina no Excel?","isPartOf":{"@id":"https:\/\/exceladvisor.org\/pt\/#website"},"primaryImageOfPage":{"@id":"https:\/\/exceladvisor.org\/pt\/margem-da-pagina\/#primaryimage"},"image":{"@id":"https:\/\/exceladvisor.org\/pt\/margem-da-pagina\/#primaryimage"},"thumbnailUrl":"https:\/\/exceladvisor.org\/wp-content\/uploads\/2023\/08\/1-marge-de-page-dans-excel.png","datePublished":"2023-10-29T03:25:02+00:00","dateModified":"2023-12-06T11:34:28+00:00","description":"Neste tutorial f\u00e1cil de seguir, voc\u00ea aprender\u00e1 como alterar as margens da p\u00e1gina no Excel e todas as op\u00e7\u00f5es que o acompanham\u2026","breadcrumb":{"@id":"https:\/\/exceladvisor.org\/pt\/margem-da-pagina\/#breadcrumb"},"inLanguage":"pt-PT","potentialAction":[{"@type":"ReadAction","target":["https:\/\/exceladvisor.org\/pt\/margem-da-pagina\/"]}]},{"@type":"ImageObject","inLanguage":"pt-PT","@id":"https:\/\/exceladvisor.org\/pt\/margem-da-pagina\/#primaryimage","url":"https:\/\/exceladvisor.org\/wp-content\/uploads\/2023\/08\/1-marge-de-page-dans-excel.png","contentUrl":"https:\/\/exceladvisor.org\/wp-content\/uploads\/2023\/08\/1-marge-de-page-dans-excel.png"},{"@type":"BreadcrumbList","@id":"https:\/\/exceladvisor.org\/pt\/margem-da-pagina\/#breadcrumb","itemListElement":[{"@type":"ListItem","position":1,"name":"Lar","item":"https:\/\/exceladvisor.org\/pt\/"},{"@type":"ListItem","position":2,"name":"Como alterar a margem da p\u00e1gina no excel?"}]},{"@type":"WebSite","@id":"https:\/\/exceladvisor.org\/pt\/#website","url":"https:\/\/exceladvisor.org\/pt\/","name":"Excel Advisor","description":"O seu guia definitivo para dominar os dados!","publisher":{"@id":"https:\/\/exceladvisor.org\/pt\/#organization"},"potentialAction":[{"@type":"SearchAction","target":{"@type":"EntryPoint","urlTemplate":"https:\/\/exceladvisor.org\/pt\/?s={search_term_string}"},"query-input":{"@type":"PropertyValueSpecification","valueRequired":true,"valueName":"search_term_string"}}],"inLanguage":"pt-PT"},{"@type":"Organization","@id":"https:\/\/exceladvisor.org\/pt\/#organization","name":"Excel Advisor","url":"https:\/\/exceladvisor.org\/pt\/","logo":{"@type":"ImageObject","inLanguage":"pt-PT","@id":"https:\/\/exceladvisor.org\/pt\/#\/schema\/logo\/image\/","url":"https:\/\/exceladvisor.org\/pt\/wp-content\/uploads\/2023\/12\/exceladvisor.org_.png","contentUrl":"https:\/\/exceladvisor.org\/pt\/wp-content\/uploads\/2023\/12\/exceladvisor.org_.png","width":105,"height":36,"caption":"Excel Advisor"},"image":{"@id":"https:\/\/exceladvisor.org\/pt\/#\/schema\/logo\/image\/"}}]}},"yoast_meta":{"yoast_wpseo_title":"","yoast_wpseo_metadesc":"","yoast_wpseo_canonical":""},"_links":{"self":[{"href":"https:\/\/exceladvisor.org\/pt\/wp-json\/wp\/v2\/pages\/441","targetHints":{"allow":["GET"]}}],"collection":[{"href":"https:\/\/exceladvisor.org\/pt\/wp-json\/wp\/v2\/pages"}],"about":[{"href":"https:\/\/exceladvisor.org\/pt\/wp-json\/wp\/v2\/types\/page"}],"author":[{"embeddable":true,"href":"https:\/\/exceladvisor.org\/pt\/wp-json\/wp\/v2\/users\/1"}],"replies":[{"embeddable":true,"href":"https:\/\/exceladvisor.org\/pt\/wp-json\/wp\/v2\/comments?post=441"}],"version-history":[{"count":1,"href":"https:\/\/exceladvisor.org\/pt\/wp-json\/wp\/v2\/pages\/441\/revisions"}],"predecessor-version":[{"id":828,"href":"https:\/\/exceladvisor.org\/pt\/wp-json\/wp\/v2\/pages\/441\/revisions\/828"}],"wp:attachment":[{"href":"https:\/\/exceladvisor.org\/pt\/wp-json\/wp\/v2\/media?parent=441"}],"curies":[{"name":"wp","href":"https:\/\/api.w.org\/{rel}","templated":true}]}}