{"id":442,"date":"2023-10-28T03:16:17","date_gmt":"2023-10-28T03:16:17","guid":{"rendered":"https:\/\/exceladvisor.org\/pt\/remover-hifens\/"},"modified":"2023-12-06T11:41:58","modified_gmt":"2023-12-06T11:41:58","slug":"remover-hifens","status":"publish","type":"page","link":"https:\/\/exceladvisor.org\/pt\/remover-hifens\/","title":{"rendered":"Como remover h\u00edfens no excel?"},"content":{"rendered":"<div class=\"excel-before-content-2\" id=\"excel-2511710988\"><script type=\"text\/javascript\">\r\n\tatOptions = {\r\n\t\t'key' : 'c1158f160081d6540a8409e6925dab94',\r\n\t\t'format' : 'iframe',\r\n\t\t'height' : 250,\r\n\t\t'width' : 300,\r\n\t\t'params' : {}\r\n\t};\r\n<\/script>\r\n<script type=\"text\/javascript\" src=\"\/\/www.highperformanceformat.com\/c1158f160081d6540a8409e6925dab94\/invoke.js\"><\/script><\/div><div class=\"excel-before-content\" id=\"excel-4234917519\"><script type=\"text\/javascript\">\r\n\tatOptions = {\r\n\t\t'key' : 'c1158f160081d6540a8409e6925dab94',\r\n\t\t'format' : 'iframe',\r\n\t\t'height' : 250,\r\n\t\t'width' : 300,\r\n\t\t'params' : {}\r\n\t};\r\n<\/script>\r\n<script type=\"text\/javascript\" src=\"\/\/www.highperformanceformat.com\/c1158f160081d6540a8409e6925dab94\/invoke.js\"><\/script><\/div> <p>Existem algumas formas de dados onde voc\u00ea pode ter h\u00edfens entre elas. Por exemplo, um n\u00famero SNN, datas e n\u00fameros de celular. Agora, no Excel, existem v\u00e1rias maneiras de f\u00f3rmulas que voc\u00ea pode usar para remover esses h\u00edfens desses valores. <\/p><div class=\"wp-block-image\"><figure class=\"aligncenter size-full is-resized\"><img loading=\"lazy\" decoding=\"async\" class=\"wp-image-77759\" src=\"https:\/\/exceladvisor.org\/wp-content\/uploads\/2023\/08\/1-supprimer-les-tirets.png\" sizes=\"auto, \" srcset=\"\" alt=\"remover h\u00edfens\" width=\"387\" height=\"362\"><\/figure><\/div><p> Neste tutorial, veremos diferentes m\u00e9todos que podemos usar para remover h\u00edfens de valores no Excel.<\/p><h2 class=\"wp-block-heading\"> Remover h\u00edfens de um SSN (n\u00famero de seguran\u00e7a social)<\/h2><ol type=\"1\"><li> Primeiro, na c\u00e9lula B2, digite <strong>\u201cSUBSTITUTE(\u201c.<\/strong><\/li><li> Depois disso, no primeiro argumento, fa\u00e7a refer\u00eancia \u00e0 c\u00e9lula onde voc\u00ea possui o SSN.<\/li><li> Em seguida, insira um h\u00edfen usando aspas duplas.<\/li><li> Agora, para o terceiro argumento, insira um valor vazio usando aspas duplas.<\/li><li> No final, insira os par\u00eanteses de fechamento e pressione Enter para obter o resultado. <\/li><\/ol><div class=\"wp-block-image\"><figure class=\"aligncenter size-full is-resized\"><img loading=\"lazy\" decoding=\"async\" class=\"wp-image-77760\" src=\"https:\/\/exceladvisor.org\/wp-content\/uploads\/2023\/08\/2-supprimer-les-tirets-par-substitution.png\" sizes=\"auto, \" srcset=\"\" alt=\"remover h\u00edfens por substitui\u00e7\u00e3o\" width=\"491\" height=\"279\"><\/figure><\/div><pre class=\"wp-block-code\"> <code class=\"language-excel-formula\" lang=\"excel-formula\">=SUBSTITUTE(A1,\"-\",\"\")<\/code><\/pre><p> Depois de inserir a f\u00f3rmula, voc\u00ea obter\u00e1 um valor sem h\u00edfens na c\u00e9lula<\/p><p> Mas sugiro que voc\u00ea aplique o formato SSN sempre que inserir o SSN no Excel. Isso n\u00e3o adicionar\u00e1 h\u00edfens ao valor, mas \u00e9 um formato hifenizado.<\/p><p> Op\u00e7\u00f5es de formato de c\u00e9lula \u21e2 N\u00fameros \u21e2 Especial \u21e2 N\u00famero do Seguro Social. <\/p><div class=\"wp-block-image\"><figure class=\"aligncenter size-full is-resized\"><img loading=\"lazy\" decoding=\"async\" class=\"wp-image-77761\" src=\"https:\/\/exceladvisor.org\/wp-content\/uploads\/2023\/08\/Option-speciale-de-la-boite-de-dialogue-Format-3-cellules.png\" sizes=\"auto, \" srcset=\"\" alt=\"op\u00e7\u00e3o especial de caixa de di\u00e1logo de formato de c\u00e9lulas\" width=\"525\" height=\"520\"><\/figure><\/div><h2 class=\"wp-block-heading\"> Use Localizar e Substituir para remover h\u00edfens no Excel<\/h2><ol type=\"1\"><li> Primeiro, selecione o intervalo de c\u00e9lulas do qual deseja remover os h\u00edfens.<\/li><li> Em seguida, abra a op\u00e7\u00e3o <a href=\"https:\/\/exceladvisor.org\/pt\/encontrar-substituir\/\">Localizar e Substituir<\/a> usando o <a href=\"https:\/\/exceladvisor.org\/pt\/encontrar-substituir-1\/\">atalho de teclado Ctrl + H.<\/a><\/li><li> Depois disso, insira um h\u00edfen no campo Pesquisar.<\/li><li> Agora no lugar, n\u00e3o insira nada.<\/li><li> No final, clique em Substituir tudo. <\/li><\/ol><div class=\"wp-block-image\"><figure class=\"aligncenter size-full is-resized\"><img loading=\"lazy\" decoding=\"async\" class=\"wp-image-77762\" src=\"https:\/\/exceladvisor.org\/wp-content\/uploads\/2023\/08\/4-rechercher-et-remplacer-pour-supprimer-les-tirets.png\" sizes=\"auto, \" srcset=\"\" alt=\"encontre e substitua para remover h\u00edfens\" width=\"681\" height=\"299\"><\/figure><\/div><p> No momento em que voc\u00ea clicar no bot\u00e3o \u201cSubstituir tudo\u201d, ele substituir\u00e1 os h\u00edfens de todas as c\u00e9lulas selecionadas. E se voc\u00ea n\u00e3o selecionar nenhuma c\u00e9lula, os h\u00edfens de toda a planilha ser\u00e3o removidos. <\/p><div class=\"wp-block-image\"><figure class=\"aligncenter size-full is-resized\"><img loading=\"lazy\" decoding=\"async\" class=\"wp-image-77763\" src=\"https:\/\/exceladvisor.org\/wp-content\/uploads\/2023\/08\/5-remplacer-tout.png\" sizes=\"auto, \" srcset=\"\" alt=\"substitua tudo\" width=\"692\" height=\"255\"><\/figure><\/div><p> Clique no bot\u00e3o Op\u00e7\u00f5es e selecione a pasta de trabalho no menu suspenso \u201cIn\u201d para remover as linhas pontilhadas de toda a pasta de trabalho.<\/p><h2 class=\"wp-block-heading\"> Use c\u00f3digos VBA para remover todos os h\u00edfens<\/h2><p> Voc\u00ea tamb\u00e9m pode executar o c\u00f3digo VBA para remover h\u00edfens das c\u00e9lulas selecionadas. Abaixo voc\u00ea tem o c\u00f3digo que voc\u00ea pode usar.<\/p><pre class=\"wp-block-code\"> <code class=\"language-visual-basic line-numbers\" lang=\"visual-basic\">Sub remove_dashes() Dim iCell As <strong>Range<\/strong> <strong>For<\/strong> Each iCell <strong>In<\/strong> <strong>Selection<\/strong> . <strong>Cells<\/strong>   iCell. <strong>Value<\/strong> = <strong>Replace<\/strong> (iCell, \"-\", \"\") <strong>Next<\/strong> iCell <strong>End<\/strong> Sub<\/code><\/pre><p> Para usar este c\u00f3digo: Selecione o intervalo de c\u00e9lulas ou uma \u00fanica c\u00e9lula e execute o c\u00f3digo.<\/p><p> Mas se quiser remover os h\u00edfens e aplicar o formato do n\u00famero do seguro social \u00e0s c\u00e9lulas selecionadas, voc\u00ea pode usar o c\u00f3digo abaixo em vez do acima.<\/p><pre class=\"wp-block-code\"> <code class=\"language-visual-basic line-numbers\" lang=\"visual-basic\">Sub remove_dashes() Dim iCell As <strong>Range<\/strong> <strong>For<\/strong> Each iCell <strong>In<\/strong> <strong>Selection<\/strong> . <strong>Cells<\/strong>   iCell. <strong>Value<\/strong> = <strong>Replace<\/strong> (iCell, \"-\", \"\")   iCell. <strong>NumberFormat<\/strong> = \"000-00-0000\" <strong>Next<\/strong> iCell <strong>End<\/strong> Sub<\/code><\/pre><p> Isso remover\u00e1 os h\u00edfens do n\u00famero, mas tamb\u00e9m aplicar\u00e1 o formato SSN aos valores, como voc\u00ea pode ver no exemplo a seguir. <\/p><div class=\"wp-block-image\"><figure class=\"aligncenter size-full is-resized\"><img loading=\"lazy\" decoding=\"async\" class=\"wp-image-77764\" src=\"https:\/\/exceladvisor.org\/wp-content\/uploads\/2023\/08\/6-supprimer-le-tableau-de-bord-a-laide-de-vba.png\" sizes=\"auto, \" srcset=\"\" alt=\"excluir-painel-usando-vba\" width=\"453\" height=\"358\"><\/figure><\/div><div class=\"gb-container gb-container-4db6181c gb-container-mt\"> <a class=\"gb-button gb-button-c5897111 gb-button-text gb-button-mt-button\" href=\"https:\/\/exceladvisor.org\/pt\/excel-avancado\/\">Tutoriais avan\u00e7ados de Excel<\/a><h2 class=\"gb-headline gb-headline-665e5f6b gb-headline-text gb-headline-mt-heading\"> Tutoriais relacionados <\/h2><div class=\"gb-grid-wrapper gb-grid-wrapper-a20baf7c gb-grid-wrapper-mt-grid\"><div class=\"gb-grid-column gb-grid-column-65ddf67e\"><div class=\"gb-container gb-container-65ddf67e\"><ul><li> <a href=\"https:\/\/exceladvisor.org\/pt\/ferramenta-de-analise-rapida\/\">Ferramenta de an\u00e1lise r\u00e1pida no Excel<\/a><\/li><li> <a href=\"https:\/\/exceladvisor.org\/pt\/aplicar-varios-filtros\/\">Aplicar v\u00e1rios filtros \u00e0s colunas<\/a><\/li><li> <a href=\"https:\/\/exceladvisor.org\/pt\/destacar-valores-superiores-inferiores\/\">Destaque os valores N superiores e inferiores no Excel<\/a><\/li><li> <a href=\"https:\/\/exceladvisor.org\/pt\/caixa-de-selecao\/\">Insira uma caixa de sele\u00e7\u00e3o no Excel<\/a><\/li><li> <a href=\"https:\/\/exceladvisor.org\/pt\/mesclar-celulas-sem-perder-dados\/\">Mesclar c\u00e9lulas sem perder dados no Excel<\/a><\/li><\/ul><\/div><\/div><\/div><\/div>","protected":false},"excerpt":{"rendered":"","protected":false},"author":1,"featured_media":0,"parent":0,"menu_order":0,"comment_status":"open","ping_status":"closed","template":"","meta":{"ub_ctt_via":"","footnotes":""},"class_list":["post-442","page","type-page","status-publish","hentry"],"featured_image_src":null,"yoast_head":"<!-- This site is optimized with the Yoast SEO plugin v25.4 - https:\/\/yoast.com\/wordpress\/plugins\/seo\/ -->\n<title>Como remover h\u00edfens no Excel? (Guia 2023)<\/title>\n<meta name=\"robots\" content=\"index, follow, max-snippet:-1, max-image-preview:large, max-video-preview:-1\" \/>\n<link rel=\"canonical\" href=\"https:\/\/exceladvisor.org\/pt\/remover-hifens\/\" \/>\n<meta property=\"og:locale\" content=\"pt_PT\" \/>\n<meta property=\"og:type\" content=\"article\" \/>\n<meta property=\"og:title\" content=\"Como remover h\u00edfens no Excel? (Guia 2023)\" \/>\n<meta property=\"og:url\" content=\"https:\/\/exceladvisor.org\/pt\/remover-hifens\/\" \/>\n<meta property=\"og:site_name\" content=\"Excel Advisor\" \/>\n<meta property=\"article:modified_time\" content=\"2023-12-06T11:41:58+00:00\" \/>\n<meta property=\"og:image\" content=\"https:\/\/exceladvisor.org\/wp-content\/uploads\/2023\/08\/1-supprimer-les-tirets.png\" \/>\n<meta name=\"twitter:card\" content=\"summary_large_image\" \/>\n<meta name=\"twitter:label1\" content=\"Tempo estimado de leitura\" \/>\n\t<meta name=\"twitter:data1\" content=\"3 minutos\" \/>\n<script type=\"application\/ld+json\" class=\"yoast-schema-graph\">{\"@context\":\"https:\/\/schema.org\",\"@graph\":[{\"@type\":\"WebPage\",\"@id\":\"https:\/\/exceladvisor.org\/pt\/remover-hifens\/\",\"url\":\"https:\/\/exceladvisor.org\/pt\/remover-hifens\/\",\"name\":\"Como remover h\u00edfens no Excel? (Guia 2023)\",\"isPartOf\":{\"@id\":\"https:\/\/exceladvisor.org\/pt\/#website\"},\"primaryImageOfPage\":{\"@id\":\"https:\/\/exceladvisor.org\/pt\/remover-hifens\/#primaryimage\"},\"image\":{\"@id\":\"https:\/\/exceladvisor.org\/pt\/remover-hifens\/#primaryimage\"},\"thumbnailUrl\":\"https:\/\/exceladvisor.org\/wp-content\/uploads\/2023\/08\/1-supprimer-les-tirets.png\",\"datePublished\":\"2023-10-28T03:16:17+00:00\",\"dateModified\":\"2023-12-06T11:41:58+00:00\",\"breadcrumb\":{\"@id\":\"https:\/\/exceladvisor.org\/pt\/remover-hifens\/#breadcrumb\"},\"inLanguage\":\"pt-PT\",\"potentialAction\":[{\"@type\":\"ReadAction\",\"target\":[\"https:\/\/exceladvisor.org\/pt\/remover-hifens\/\"]}]},{\"@type\":\"ImageObject\",\"inLanguage\":\"pt-PT\",\"@id\":\"https:\/\/exceladvisor.org\/pt\/remover-hifens\/#primaryimage\",\"url\":\"https:\/\/exceladvisor.org\/wp-content\/uploads\/2023\/08\/1-supprimer-les-tirets.png\",\"contentUrl\":\"https:\/\/exceladvisor.org\/wp-content\/uploads\/2023\/08\/1-supprimer-les-tirets.png\"},{\"@type\":\"BreadcrumbList\",\"@id\":\"https:\/\/exceladvisor.org\/pt\/remover-hifens\/#breadcrumb\",\"itemListElement\":[{\"@type\":\"ListItem\",\"position\":1,\"name\":\"Lar\",\"item\":\"https:\/\/exceladvisor.org\/pt\/\"},{\"@type\":\"ListItem\",\"position\":2,\"name\":\"Como remover h\u00edfens no excel?\"}]},{\"@type\":\"WebSite\",\"@id\":\"https:\/\/exceladvisor.org\/pt\/#website\",\"url\":\"https:\/\/exceladvisor.org\/pt\/\",\"name\":\"Excel Advisor\",\"description\":\"O seu guia definitivo para dominar os dados!\",\"publisher\":{\"@id\":\"https:\/\/exceladvisor.org\/pt\/#organization\"},\"potentialAction\":[{\"@type\":\"SearchAction\",\"target\":{\"@type\":\"EntryPoint\",\"urlTemplate\":\"https:\/\/exceladvisor.org\/pt\/?s={search_term_string}\"},\"query-input\":{\"@type\":\"PropertyValueSpecification\",\"valueRequired\":true,\"valueName\":\"search_term_string\"}}],\"inLanguage\":\"pt-PT\"},{\"@type\":\"Organization\",\"@id\":\"https:\/\/exceladvisor.org\/pt\/#organization\",\"name\":\"Excel Advisor\",\"url\":\"https:\/\/exceladvisor.org\/pt\/\",\"logo\":{\"@type\":\"ImageObject\",\"inLanguage\":\"pt-PT\",\"@id\":\"https:\/\/exceladvisor.org\/pt\/#\/schema\/logo\/image\/\",\"url\":\"https:\/\/exceladvisor.org\/pt\/wp-content\/uploads\/2023\/12\/exceladvisor.org_.png\",\"contentUrl\":\"https:\/\/exceladvisor.org\/pt\/wp-content\/uploads\/2023\/12\/exceladvisor.org_.png\",\"width\":105,\"height\":36,\"caption\":\"Excel Advisor\"},\"image\":{\"@id\":\"https:\/\/exceladvisor.org\/pt\/#\/schema\/logo\/image\/\"}}]}<\/script>\n<!-- \/ Yoast SEO plugin. -->","yoast_head_json":{"title":"Como remover h\u00edfens no Excel? (Guia 2023)","robots":{"index":"index","follow":"follow","max-snippet":"max-snippet:-1","max-image-preview":"max-image-preview:large","max-video-preview":"max-video-preview:-1"},"canonical":"https:\/\/exceladvisor.org\/pt\/remover-hifens\/","og_locale":"pt_PT","og_type":"article","og_title":"Como remover h\u00edfens no Excel? (Guia 2023)","og_url":"https:\/\/exceladvisor.org\/pt\/remover-hifens\/","og_site_name":"Excel Advisor","article_modified_time":"2023-12-06T11:41:58+00:00","og_image":[{"url":"https:\/\/exceladvisor.org\/wp-content\/uploads\/2023\/08\/1-supprimer-les-tirets.png","type":"","width":"","height":""}],"twitter_card":"summary_large_image","twitter_misc":{"Tempo estimado de leitura":"3 minutos"},"schema":{"@context":"https:\/\/schema.org","@graph":[{"@type":"WebPage","@id":"https:\/\/exceladvisor.org\/pt\/remover-hifens\/","url":"https:\/\/exceladvisor.org\/pt\/remover-hifens\/","name":"Como remover h\u00edfens no Excel? (Guia 2023)","isPartOf":{"@id":"https:\/\/exceladvisor.org\/pt\/#website"},"primaryImageOfPage":{"@id":"https:\/\/exceladvisor.org\/pt\/remover-hifens\/#primaryimage"},"image":{"@id":"https:\/\/exceladvisor.org\/pt\/remover-hifens\/#primaryimage"},"thumbnailUrl":"https:\/\/exceladvisor.org\/wp-content\/uploads\/2023\/08\/1-supprimer-les-tirets.png","datePublished":"2023-10-28T03:16:17+00:00","dateModified":"2023-12-06T11:41:58+00:00","breadcrumb":{"@id":"https:\/\/exceladvisor.org\/pt\/remover-hifens\/#breadcrumb"},"inLanguage":"pt-PT","potentialAction":[{"@type":"ReadAction","target":["https:\/\/exceladvisor.org\/pt\/remover-hifens\/"]}]},{"@type":"ImageObject","inLanguage":"pt-PT","@id":"https:\/\/exceladvisor.org\/pt\/remover-hifens\/#primaryimage","url":"https:\/\/exceladvisor.org\/wp-content\/uploads\/2023\/08\/1-supprimer-les-tirets.png","contentUrl":"https:\/\/exceladvisor.org\/wp-content\/uploads\/2023\/08\/1-supprimer-les-tirets.png"},{"@type":"BreadcrumbList","@id":"https:\/\/exceladvisor.org\/pt\/remover-hifens\/#breadcrumb","itemListElement":[{"@type":"ListItem","position":1,"name":"Lar","item":"https:\/\/exceladvisor.org\/pt\/"},{"@type":"ListItem","position":2,"name":"Como remover h\u00edfens no excel?"}]},{"@type":"WebSite","@id":"https:\/\/exceladvisor.org\/pt\/#website","url":"https:\/\/exceladvisor.org\/pt\/","name":"Excel Advisor","description":"O seu guia definitivo para dominar os dados!","publisher":{"@id":"https:\/\/exceladvisor.org\/pt\/#organization"},"potentialAction":[{"@type":"SearchAction","target":{"@type":"EntryPoint","urlTemplate":"https:\/\/exceladvisor.org\/pt\/?s={search_term_string}"},"query-input":{"@type":"PropertyValueSpecification","valueRequired":true,"valueName":"search_term_string"}}],"inLanguage":"pt-PT"},{"@type":"Organization","@id":"https:\/\/exceladvisor.org\/pt\/#organization","name":"Excel Advisor","url":"https:\/\/exceladvisor.org\/pt\/","logo":{"@type":"ImageObject","inLanguage":"pt-PT","@id":"https:\/\/exceladvisor.org\/pt\/#\/schema\/logo\/image\/","url":"https:\/\/exceladvisor.org\/pt\/wp-content\/uploads\/2023\/12\/exceladvisor.org_.png","contentUrl":"https:\/\/exceladvisor.org\/pt\/wp-content\/uploads\/2023\/12\/exceladvisor.org_.png","width":105,"height":36,"caption":"Excel Advisor"},"image":{"@id":"https:\/\/exceladvisor.org\/pt\/#\/schema\/logo\/image\/"}}]}},"yoast_meta":{"yoast_wpseo_title":"","yoast_wpseo_metadesc":"","yoast_wpseo_canonical":""},"_links":{"self":[{"href":"https:\/\/exceladvisor.org\/pt\/wp-json\/wp\/v2\/pages\/442","targetHints":{"allow":["GET"]}}],"collection":[{"href":"https:\/\/exceladvisor.org\/pt\/wp-json\/wp\/v2\/pages"}],"about":[{"href":"https:\/\/exceladvisor.org\/pt\/wp-json\/wp\/v2\/types\/page"}],"author":[{"embeddable":true,"href":"https:\/\/exceladvisor.org\/pt\/wp-json\/wp\/v2\/users\/1"}],"replies":[{"embeddable":true,"href":"https:\/\/exceladvisor.org\/pt\/wp-json\/wp\/v2\/comments?post=442"}],"version-history":[{"count":1,"href":"https:\/\/exceladvisor.org\/pt\/wp-json\/wp\/v2\/pages\/442\/revisions"}],"predecessor-version":[{"id":1172,"href":"https:\/\/exceladvisor.org\/pt\/wp-json\/wp\/v2\/pages\/442\/revisions\/1172"}],"wp:attachment":[{"href":"https:\/\/exceladvisor.org\/pt\/wp-json\/wp\/v2\/media?parent=442"}],"curies":[{"name":"wp","href":"https:\/\/api.w.org\/{rel}","templated":true}]}}