{"id":443,"date":"2023-10-28T02:58:16","date_gmt":"2023-10-28T02:58:16","guid":{"rendered":"https:\/\/exceladvisor.org\/pt\/encontrar-celulas-mescladas\/"},"modified":"2023-12-06T11:37:31","modified_gmt":"2023-12-06T11:37:31","slug":"encontrar-celulas-mescladas","status":"publish","type":"page","link":"https:\/\/exceladvisor.org\/pt\/encontrar-celulas-mescladas\/","title":{"rendered":"Como encontrar c\u00e9lulas mescladas no excel?"},"content":{"rendered":"<div class=\"excel-before-content-2\" id=\"excel-513628116\"><script type=\"text\/javascript\">\r\n\tatOptions = {\r\n\t\t'key' : 'c1158f160081d6540a8409e6925dab94',\r\n\t\t'format' : 'iframe',\r\n\t\t'height' : 250,\r\n\t\t'width' : 300,\r\n\t\t'params' : {}\r\n\t};\r\n<\/script>\r\n<script type=\"text\/javascript\" src=\"\/\/www.highperformanceformat.com\/c1158f160081d6540a8409e6925dab94\/invoke.js\"><\/script><\/div><div class=\"excel-before-content\" id=\"excel-3120964288\"><script type=\"text\/javascript\">\r\n\tatOptions = {\r\n\t\t'key' : 'c1158f160081d6540a8409e6925dab94',\r\n\t\t'format' : 'iframe',\r\n\t\t'height' : 250,\r\n\t\t'width' : 300,\r\n\t\t'params' : {}\r\n\t};\r\n<\/script>\r\n<script type=\"text\/javascript\" src=\"\/\/www.highperformanceformat.com\/c1158f160081d6540a8409e6925dab94\/invoke.js\"><\/script><\/div> <p>Freq\u00fcentemente, voc\u00ea obt\u00e9m dados que cont\u00eam c\u00e9lulas mescladas, o que impede a execu\u00e7\u00e3o de determinadas atividades, como classifica\u00e7\u00e3o de dados, uso de refer\u00eancia a c\u00e9lulas mescladas em f\u00f3rmulas e uso correto da sele\u00e7\u00e3o de filtros.<\/p><p> Nesse caso, voc\u00ea precisa encontrar as c\u00e9lulas mescladas para desagrupar e ajust\u00e1-las, e encontrar as c\u00e9lulas mescladas uma por uma pode levar algum tempo.<\/p><p> Mas, relaxe, o Excel tem a funcionalidade de localizar e destacar todas as c\u00e9lulas mescladas de uma vez para visualiz\u00e1-las rapidamente antes de desagrup\u00e1-las e descrevemos essa funcionalidade para voc\u00ea.<\/p><h2 class=\"wp-block-heading\"> Etapas para encontrar c\u00e9lulas mescladas usando localizar e substituir<\/h2><ol><li> Primeiro, selecione o intervalo de c\u00e9lulas ou a planilha inteira na qual deseja encontrar as c\u00e9lulas mescladas.<\/li><li> Assim que o intervalo for selecionado, v\u00e1 para a guia \u201cHome\u201d e no grupo \u201cEditar\u201d, clique no \u00edcone \u201cLocalizar e Substituir\u201d e selecione a op\u00e7\u00e3o Substituir para abrir a caixa de di\u00e1logo Substituir.<\/li><li> Ou apenas pressione a tecla de atalho \u201cCtrl + H\u201d para abrir a caixa de di\u00e1logo \u201cSubstituir\u201d. <br><img loading=\"lazy\" decoding=\"async\" title=\"1-use-localize-e-substitua\" src=\"https:\/\/exceladvisor.org\/wp-content\/uploads\/2023\/08\/1-utiliser-rechercher-et-remplacer.png\" sizes=\"auto, \" srcset=\"\" alt=\"use-find-and-replace\" width=\"664\" height=\"363\"><\/li><li> Depois disso, clique na op\u00e7\u00e3o \u201cFormatar\u201d na caixa de di\u00e1logo \u201cLocalizar e Substituir\u201d e a caixa de di\u00e1logo \u201cLocalizar Formato\u201d ser\u00e1 aberta. <br><img loading=\"lazy\" decoding=\"async\" title=\"Op\u00e7\u00e3o de formata\u00e7\u00e3o com 2 cliques\" src=\"https:\/\/exceladvisor.org\/wp-content\/uploads\/2023\/08\/2-cliquez-sur-loption-de-format.png\" sizes=\"auto, \" srcset=\"\" alt=\"click-on-format-option\" width=\"468\" height=\"223\"><\/li><li> Na caixa de di\u00e1logo \u201cLocalizar formato\u201d, v\u00e1 at\u00e9 a aba \u201cAlinhamento\u201d, marque a op\u00e7\u00e3o \u201cMesclar c\u00e9lulas\u201d e desmarque as op\u00e7\u00f5es \u201cQuebrar texto\u201d e \u201cReduzir para caber\u201d corretamente como mostrado na imagem, a seguir clique em OK. <br><img loading=\"lazy\" decoding=\"async\" title=\"C\u00e9lulas mescladas com apenas 3 marcas de sele\u00e7\u00e3o\" src=\"https:\/\/exceladvisor.org\/wp-content\/uploads\/2023\/08\/3-coches-uniquement-pour-les-cellules-fusionnees.png\" sizes=\"auto, \" srcset=\"\" alt=\"tickmark-only-merged-cells\" width=\"475\" height=\"335\"><\/li><li> Agora clique em \u201cLocalizar tudo\u201d na caixa de di\u00e1logo \u201cLocalizar e substituir\u201d e voc\u00ea obter\u00e1 todas as c\u00e9lulas mescladas listadas abaixo na caixa de di\u00e1logo. <br><img loading=\"lazy\" decoding=\"async\" title=\"Encontre tudo em 4 cliques\" src=\"https:\/\/exceladvisor.org\/wp-content\/uploads\/2023\/08\/4-clics-pour-tout-trouver.png\" sizes=\"auto, \" srcset=\"\" alt=\"click-find-all\" width=\"468\" height=\"306\"><\/li><li> Agora clique em qualquer c\u00e9lula listada na caixa de di\u00e1logo \u201cLocalizar e Substituir\u201d e selecione todas as c\u00e9lulas listadas usando as teclas \u201cCtrl + A\u201d e suas c\u00e9lulas mescladas nos dados ser\u00e3o selecionadas. <br><img loading=\"lazy\" decoding=\"async\" title=\"5-selecione todas as c\u00e9lulas listadas\" src=\"https:\/\/exceladvisor.org\/wp-content\/uploads\/2023\/08\/5-selectionner-toutes-les-cellules-repertoriees.png\" sizes=\"auto, \" srcset=\"\" alt=\"select-all-listed-cells\" width=\"697\" height=\"386\"><\/li><li> Para destacar as c\u00e9lulas mescladas selecionadas, v\u00e1 at\u00e9 a aba &#8220;Home&#8221; e no grupo &#8220;Fonte&#8221;, clique no \u00edcone &#8220;Cor de preenchimento&#8221; e selecione a cor, e suas c\u00e9lulas mescladas ser\u00e3o destacadas e voc\u00ea poder\u00e1 visualiz\u00e1-las rapidamente antes de dissoci\u00e1-los.<\/li><li> Ao final, para desagrup\u00e1-las, basta clicar no \u00edcone \u201cMesclar e Centralizar\u201d no grupo \u201cAlinhamento\u201d e todas as c\u00e9lulas mescladas ser\u00e3o desagrupadas. <br><img loading=\"lazy\" decoding=\"async\" title=\"6 c\u00e9lulas mescladas destacadas\" src=\"https:\/\/exceladvisor.org\/wp-content\/uploads\/2023\/08\/6-cellules-fusionnees-en-surbrillance.png\" sizes=\"auto, \" srcset=\"\" alt=\"highlight-merged-cells\" width=\"775\" height=\"429\"><\/li><\/ol><h2 class=\"wp-block-heading\"> Encontre c\u00e9lulas mescladas usando c\u00f3digo VBA<\/h2><p> Os usu\u00e1rios tamb\u00e9m podem usar o c\u00f3digo VBA para localizar e destacar c\u00e9lulas mescladas.<\/p><pre class=\"wp-block-code\"> <code class=\"language-visual-basic line-numbers\" lang=\"visual-basic\">Sub find_merged_cells() Dim Cel As Range, Msg As String, Addr As String For Each Cel In ActiveSheet.UsedRange If Cel.MergeCells Then Cel.Interior.Color = 65535 End If Next End Sub<\/code><\/pre><div class=\"gb-container gb-container-4db6181c gb-container-mt\"> <a class=\"gb-button gb-button-c5897111 gb-button-text gb-button-mt-button\" href=\"https:\/\/exceladvisor.org\/pt\/excel-avancado\/\">Tutoriais avan\u00e7ados de Excel<\/a><h2 class=\"gb-headline gb-headline-665e5f6b gb-headline-text gb-headline-mt-heading\"> Tutoriais relacionados <\/h2><div class=\"gb-grid-wrapper gb-grid-wrapper-a20baf7c gb-grid-wrapper-mt-grid\"><div class=\"gb-grid-column gb-grid-column-65ddf67e\"><div class=\"gb-container gb-container-65ddf67e\"><ul><li> <a href=\"https:\/\/exceladvisor.org\/pt\/ferramenta-de-analise-rapida\/\">Ferramenta de an\u00e1lise r\u00e1pida no Excel<\/a><\/li><li> <a href=\"https:\/\/exceladvisor.org\/pt\/aplicar-varios-filtros\/\">Aplicar v\u00e1rios filtros \u00e0s colunas<\/a><\/li><li> <a href=\"https:\/\/exceladvisor.org\/pt\/destacar-valores-superiores-inferiores\/\">Destaque os valores N superiores e inferiores no Excel<\/a><\/li><li> <a href=\"https:\/\/exceladvisor.org\/pt\/caixa-de-selecao\/\">Insira uma caixa de sele\u00e7\u00e3o no Excel<\/a><\/li><li> <a href=\"https:\/\/exceladvisor.org\/pt\/mesclar-celulas-sem-perder-dados\/\">Mesclar c\u00e9lulas sem perder dados no Excel<\/a><\/li><\/ul><\/div><\/div><\/div><\/div>","protected":false},"excerpt":{"rendered":"","protected":false},"author":1,"featured_media":0,"parent":0,"menu_order":0,"comment_status":"open","ping_status":"closed","template":"","meta":{"ub_ctt_via":"","footnotes":""},"class_list":["post-443","page","type-page","status-publish","hentry"],"featured_image_src":null,"yoast_head":"<!-- This site is optimized with the Yoast SEO plugin v25.4 - https:\/\/yoast.com\/wordpress\/plugins\/seo\/ -->\n<title>2 maneiras de encontrar c\u00e9lulas mescladas no Excel<\/title>\n<meta name=\"description\" content=\"Neste tutorial, aprenderemos como localizar c\u00e9lulas mescladas no Excel de duas maneiras diferentes.\" \/>\n<meta name=\"robots\" content=\"index, follow, max-snippet:-1, max-image-preview:large, max-video-preview:-1\" \/>\n<link rel=\"canonical\" href=\"https:\/\/exceladvisor.org\/pt\/encontrar-celulas-mescladas\/\" \/>\n<meta property=\"og:locale\" content=\"pt_PT\" \/>\n<meta property=\"og:type\" content=\"article\" \/>\n<meta property=\"og:title\" content=\"2 maneiras de encontrar c\u00e9lulas mescladas no Excel\" \/>\n<meta property=\"og:description\" content=\"Neste tutorial, aprenderemos como localizar c\u00e9lulas mescladas no Excel de duas maneiras diferentes.\" \/>\n<meta property=\"og:url\" content=\"https:\/\/exceladvisor.org\/pt\/encontrar-celulas-mescladas\/\" \/>\n<meta property=\"og:site_name\" content=\"Excel Advisor\" \/>\n<meta property=\"article:modified_time\" content=\"2023-12-06T11:37:31+00:00\" \/>\n<meta property=\"og:image\" content=\"https:\/\/exceladvisor.org\/wp-content\/uploads\/2023\/08\/1-utiliser-rechercher-et-remplacer.png\" \/>\n<meta name=\"twitter:card\" content=\"summary_large_image\" \/>\n<meta name=\"twitter:label1\" content=\"Tempo estimado de leitura\" \/>\n\t<meta name=\"twitter:data1\" content=\"2 minutos\" \/>\n<script type=\"application\/ld+json\" class=\"yoast-schema-graph\">{\"@context\":\"https:\/\/schema.org\",\"@graph\":[{\"@type\":\"WebPage\",\"@id\":\"https:\/\/exceladvisor.org\/pt\/encontrar-celulas-mescladas\/\",\"url\":\"https:\/\/exceladvisor.org\/pt\/encontrar-celulas-mescladas\/\",\"name\":\"2 maneiras de encontrar c\u00e9lulas mescladas no Excel\",\"isPartOf\":{\"@id\":\"https:\/\/exceladvisor.org\/pt\/#website\"},\"primaryImageOfPage\":{\"@id\":\"https:\/\/exceladvisor.org\/pt\/encontrar-celulas-mescladas\/#primaryimage\"},\"image\":{\"@id\":\"https:\/\/exceladvisor.org\/pt\/encontrar-celulas-mescladas\/#primaryimage\"},\"thumbnailUrl\":\"https:\/\/exceladvisor.org\/wp-content\/uploads\/2023\/08\/1-utiliser-rechercher-et-remplacer.png\",\"datePublished\":\"2023-10-28T02:58:16+00:00\",\"dateModified\":\"2023-12-06T11:37:31+00:00\",\"description\":\"Neste tutorial, aprenderemos como localizar c\u00e9lulas mescladas no Excel de duas maneiras diferentes.\",\"breadcrumb\":{\"@id\":\"https:\/\/exceladvisor.org\/pt\/encontrar-celulas-mescladas\/#breadcrumb\"},\"inLanguage\":\"pt-PT\",\"potentialAction\":[{\"@type\":\"ReadAction\",\"target\":[\"https:\/\/exceladvisor.org\/pt\/encontrar-celulas-mescladas\/\"]}]},{\"@type\":\"ImageObject\",\"inLanguage\":\"pt-PT\",\"@id\":\"https:\/\/exceladvisor.org\/pt\/encontrar-celulas-mescladas\/#primaryimage\",\"url\":\"https:\/\/exceladvisor.org\/wp-content\/uploads\/2023\/08\/1-utiliser-rechercher-et-remplacer.png\",\"contentUrl\":\"https:\/\/exceladvisor.org\/wp-content\/uploads\/2023\/08\/1-utiliser-rechercher-et-remplacer.png\"},{\"@type\":\"BreadcrumbList\",\"@id\":\"https:\/\/exceladvisor.org\/pt\/encontrar-celulas-mescladas\/#breadcrumb\",\"itemListElement\":[{\"@type\":\"ListItem\",\"position\":1,\"name\":\"Lar\",\"item\":\"https:\/\/exceladvisor.org\/pt\/\"},{\"@type\":\"ListItem\",\"position\":2,\"name\":\"Como encontrar c\u00e9lulas mescladas no excel?\"}]},{\"@type\":\"WebSite\",\"@id\":\"https:\/\/exceladvisor.org\/pt\/#website\",\"url\":\"https:\/\/exceladvisor.org\/pt\/\",\"name\":\"Excel Advisor\",\"description\":\"O seu guia definitivo para dominar os dados!\",\"publisher\":{\"@id\":\"https:\/\/exceladvisor.org\/pt\/#organization\"},\"potentialAction\":[{\"@type\":\"SearchAction\",\"target\":{\"@type\":\"EntryPoint\",\"urlTemplate\":\"https:\/\/exceladvisor.org\/pt\/?s={search_term_string}\"},\"query-input\":{\"@type\":\"PropertyValueSpecification\",\"valueRequired\":true,\"valueName\":\"search_term_string\"}}],\"inLanguage\":\"pt-PT\"},{\"@type\":\"Organization\",\"@id\":\"https:\/\/exceladvisor.org\/pt\/#organization\",\"name\":\"Excel Advisor\",\"url\":\"https:\/\/exceladvisor.org\/pt\/\",\"logo\":{\"@type\":\"ImageObject\",\"inLanguage\":\"pt-PT\",\"@id\":\"https:\/\/exceladvisor.org\/pt\/#\/schema\/logo\/image\/\",\"url\":\"https:\/\/exceladvisor.org\/pt\/wp-content\/uploads\/2023\/12\/exceladvisor.org_.png\",\"contentUrl\":\"https:\/\/exceladvisor.org\/pt\/wp-content\/uploads\/2023\/12\/exceladvisor.org_.png\",\"width\":105,\"height\":36,\"caption\":\"Excel Advisor\"},\"image\":{\"@id\":\"https:\/\/exceladvisor.org\/pt\/#\/schema\/logo\/image\/\"}}]}<\/script>\n<!-- \/ Yoast SEO plugin. -->","yoast_head_json":{"title":"2 maneiras de encontrar c\u00e9lulas mescladas no Excel","description":"Neste tutorial, aprenderemos como localizar c\u00e9lulas mescladas no Excel de duas maneiras diferentes.","robots":{"index":"index","follow":"follow","max-snippet":"max-snippet:-1","max-image-preview":"max-image-preview:large","max-video-preview":"max-video-preview:-1"},"canonical":"https:\/\/exceladvisor.org\/pt\/encontrar-celulas-mescladas\/","og_locale":"pt_PT","og_type":"article","og_title":"2 maneiras de encontrar c\u00e9lulas mescladas no Excel","og_description":"Neste tutorial, aprenderemos como localizar c\u00e9lulas mescladas no Excel de duas maneiras diferentes.","og_url":"https:\/\/exceladvisor.org\/pt\/encontrar-celulas-mescladas\/","og_site_name":"Excel Advisor","article_modified_time":"2023-12-06T11:37:31+00:00","og_image":[{"url":"https:\/\/exceladvisor.org\/wp-content\/uploads\/2023\/08\/1-utiliser-rechercher-et-remplacer.png","type":"","width":"","height":""}],"twitter_card":"summary_large_image","twitter_misc":{"Tempo estimado de leitura":"2 minutos"},"schema":{"@context":"https:\/\/schema.org","@graph":[{"@type":"WebPage","@id":"https:\/\/exceladvisor.org\/pt\/encontrar-celulas-mescladas\/","url":"https:\/\/exceladvisor.org\/pt\/encontrar-celulas-mescladas\/","name":"2 maneiras de encontrar c\u00e9lulas mescladas no Excel","isPartOf":{"@id":"https:\/\/exceladvisor.org\/pt\/#website"},"primaryImageOfPage":{"@id":"https:\/\/exceladvisor.org\/pt\/encontrar-celulas-mescladas\/#primaryimage"},"image":{"@id":"https:\/\/exceladvisor.org\/pt\/encontrar-celulas-mescladas\/#primaryimage"},"thumbnailUrl":"https:\/\/exceladvisor.org\/wp-content\/uploads\/2023\/08\/1-utiliser-rechercher-et-remplacer.png","datePublished":"2023-10-28T02:58:16+00:00","dateModified":"2023-12-06T11:37:31+00:00","description":"Neste tutorial, aprenderemos como localizar c\u00e9lulas mescladas no Excel de duas maneiras diferentes.","breadcrumb":{"@id":"https:\/\/exceladvisor.org\/pt\/encontrar-celulas-mescladas\/#breadcrumb"},"inLanguage":"pt-PT","potentialAction":[{"@type":"ReadAction","target":["https:\/\/exceladvisor.org\/pt\/encontrar-celulas-mescladas\/"]}]},{"@type":"ImageObject","inLanguage":"pt-PT","@id":"https:\/\/exceladvisor.org\/pt\/encontrar-celulas-mescladas\/#primaryimage","url":"https:\/\/exceladvisor.org\/wp-content\/uploads\/2023\/08\/1-utiliser-rechercher-et-remplacer.png","contentUrl":"https:\/\/exceladvisor.org\/wp-content\/uploads\/2023\/08\/1-utiliser-rechercher-et-remplacer.png"},{"@type":"BreadcrumbList","@id":"https:\/\/exceladvisor.org\/pt\/encontrar-celulas-mescladas\/#breadcrumb","itemListElement":[{"@type":"ListItem","position":1,"name":"Lar","item":"https:\/\/exceladvisor.org\/pt\/"},{"@type":"ListItem","position":2,"name":"Como encontrar c\u00e9lulas mescladas no excel?"}]},{"@type":"WebSite","@id":"https:\/\/exceladvisor.org\/pt\/#website","url":"https:\/\/exceladvisor.org\/pt\/","name":"Excel Advisor","description":"O seu guia definitivo para dominar os dados!","publisher":{"@id":"https:\/\/exceladvisor.org\/pt\/#organization"},"potentialAction":[{"@type":"SearchAction","target":{"@type":"EntryPoint","urlTemplate":"https:\/\/exceladvisor.org\/pt\/?s={search_term_string}"},"query-input":{"@type":"PropertyValueSpecification","valueRequired":true,"valueName":"search_term_string"}}],"inLanguage":"pt-PT"},{"@type":"Organization","@id":"https:\/\/exceladvisor.org\/pt\/#organization","name":"Excel Advisor","url":"https:\/\/exceladvisor.org\/pt\/","logo":{"@type":"ImageObject","inLanguage":"pt-PT","@id":"https:\/\/exceladvisor.org\/pt\/#\/schema\/logo\/image\/","url":"https:\/\/exceladvisor.org\/pt\/wp-content\/uploads\/2023\/12\/exceladvisor.org_.png","contentUrl":"https:\/\/exceladvisor.org\/pt\/wp-content\/uploads\/2023\/12\/exceladvisor.org_.png","width":105,"height":36,"caption":"Excel Advisor"},"image":{"@id":"https:\/\/exceladvisor.org\/pt\/#\/schema\/logo\/image\/"}}]}},"yoast_meta":{"yoast_wpseo_title":"","yoast_wpseo_metadesc":"","yoast_wpseo_canonical":""},"_links":{"self":[{"href":"https:\/\/exceladvisor.org\/pt\/wp-json\/wp\/v2\/pages\/443","targetHints":{"allow":["GET"]}}],"collection":[{"href":"https:\/\/exceladvisor.org\/pt\/wp-json\/wp\/v2\/pages"}],"about":[{"href":"https:\/\/exceladvisor.org\/pt\/wp-json\/wp\/v2\/types\/page"}],"author":[{"embeddable":true,"href":"https:\/\/exceladvisor.org\/pt\/wp-json\/wp\/v2\/users\/1"}],"replies":[{"embeddable":true,"href":"https:\/\/exceladvisor.org\/pt\/wp-json\/wp\/v2\/comments?post=443"}],"version-history":[{"count":1,"href":"https:\/\/exceladvisor.org\/pt\/wp-json\/wp\/v2\/pages\/443\/revisions"}],"predecessor-version":[{"id":1046,"href":"https:\/\/exceladvisor.org\/pt\/wp-json\/wp\/v2\/pages\/443\/revisions\/1046"}],"wp:attachment":[{"href":"https:\/\/exceladvisor.org\/pt\/wp-json\/wp\/v2\/media?parent=443"}],"curies":[{"name":"wp","href":"https:\/\/api.w.org\/{rel}","templated":true}]}}