{"id":444,"date":"2023-10-28T02:40:46","date_gmt":"2023-10-28T02:40:46","guid":{"rendered":"https:\/\/exceladvisor.org\/pt\/abrir-arquivo-de-texto\/"},"modified":"2023-12-06T11:33:44","modified_gmt":"2023-12-06T11:33:44","slug":"abrir-arquivo-de-texto","status":"publish","type":"page","link":"https:\/\/exceladvisor.org\/pt\/abrir-arquivo-de-texto\/","title":{"rendered":"Como abrir um arquivo de texto no excel? (.txt)"},"content":{"rendered":"<div class=\"excel-before-content-2\" id=\"excel-896739514\"><script type=\"text\/javascript\">\r\n\tatOptions = {\r\n\t\t'key' : 'c1158f160081d6540a8409e6925dab94',\r\n\t\t'format' : 'iframe',\r\n\t\t'height' : 250,\r\n\t\t'width' : 300,\r\n\t\t'params' : {}\r\n\t};\r\n<\/script>\r\n<script type=\"text\/javascript\" src=\"\/\/www.highperformanceformat.com\/c1158f160081d6540a8409e6925dab94\/invoke.js\"><\/script><\/div><div class=\"excel-before-content\" id=\"excel-939394182\"><script type=\"text\/javascript\">\r\n\tatOptions = {\r\n\t\t'key' : 'c1158f160081d6540a8409e6925dab94',\r\n\t\t'format' : 'iframe',\r\n\t\t'height' : 250,\r\n\t\t'width' : 300,\r\n\t\t'params' : {}\r\n\t};\r\n<\/script>\r\n<script type=\"text\/javascript\" src=\"\/\/www.highperformanceformat.com\/c1158f160081d6540a8409e6925dab94\/invoke.js\"><\/script><\/div> <p>Para abrir um arquivo de texto no Excel, basta abri-lo usando a caixa de di\u00e1logo abrir. Depois de abri-lo, o Excel mostrar\u00e1 a op\u00e7\u00e3o de texto em colunas para importar dados para a planilha. Se os dados estiverem em formato tabular, bastam alguns cliques para adicion\u00e1-los ao Excel. <\/p><div class=\"wp-block-image\"><figure class=\"aligncenter size-full is-resized\"><img loading=\"lazy\" decoding=\"async\" class=\"wp-image-77769\" src=\"https:\/\/exceladvisor.org\/wp-content\/uploads\/2023\/08\/1-fichier-texte-ouvert-dans-excel.png\" sizes=\"auto, \" srcset=\"\" alt=\"abrir arquivo de texto no Excel\" width=\"687\" height=\"506\"><\/figure><\/div><p> Neste tutorial, veremos tr\u00eas maneiras diferentes de abrir um arquivo de texto usando o Excel.<\/p><h2 class=\"wp-block-heading\"> Etapas para abrir um arquivo de texto no Excel<\/h2><ol><li> Primeiro, v\u00e1 para a guia Arquivo, clique em Abrir e, em seguida, clique em Procurar. <br><img loading=\"lazy\" decoding=\"async\" title=\"Abra e navegue em 2 cliques\" src=\"https:\/\/exceladvisor.org\/wp-content\/uploads\/2023\/08\/2-cliquez-sur-ouvrir-et-parcourir.png\" sizes=\"auto, \" srcset=\"\" alt=\"click-open-and-browse\" width=\"436\" height=\"480\"><\/li><li> Depois disso, na caixa de di\u00e1logo de navega\u00e7\u00e3o, selecione \u201cTodos os arquivos\u201d no menu suspenso ao lado do nome do arquivo. <br><img loading=\"lazy\" decoding=\"async\" title=\"3-selecionar todos os arquivos\" src=\"https:\/\/exceladvisor.org\/wp-content\/uploads\/2023\/08\/3-selectionner-tous-les-fichiers.png\" sizes=\"auto, \" srcset=\"\" alt=\"select-all-files\" width=\"550\" height=\"95\"><\/li><li> Em seguida, clique no arquivo de texto que deseja abrir e clique em OK. <br><img loading=\"lazy\" decoding=\"async\" title=\"4-selecione o arquivo de texto\" src=\"https:\/\/exceladvisor.org\/wp-content\/uploads\/2023\/08\/4-selectionnez-le-fichier-texte.png\" sizes=\"auto, \" srcset=\"\" alt=\"select-the-text-file\" width=\"436\" height=\"362\"><\/li><li> Voc\u00ea tem a caixa de di\u00e1logo de texto para colunas. Clique no pr\u00f3ximo bot\u00e3o para prosseguir para a pr\u00f3xima etapa e marque \u201cMeus dados t\u00eam cabe\u00e7alhos\u201d. Se seus dados j\u00e1 possuem cabe\u00e7alhos. <br><img loading=\"lazy\" decoding=\"async\" title=\"5 Caixa de di\u00e1logo Texto para Colunas\" src=\"https:\/\/exceladvisor.org\/wp-content\/uploads\/2023\/08\/5-boite-de-dialogue-de-texte-en-colonne.png\" sizes=\"auto, \" srcset=\"\" alt=\"text-to-column-dialog-box\" width=\"618\" height=\"442\"><\/li><li> Na pr\u00f3xima etapa, marque a caixa \u201cTab\u201d e clique em Avan\u00e7ar. <br><img loading=\"lazy\" decoding=\"async\" title=\"6-check-tab e clique em pr\u00f3ximo\" src=\"https:\/\/exceladvisor.org\/wp-content\/uploads\/2023\/08\/6-onglet-coche-et-cliquez-sur-suivant.png\" sizes=\"auto, \" srcset=\"\" alt=\"checkmark-tab-and-click-next\" width=\"528\" height=\"410\"><\/li><li> Ao final, clique em Concluir para colocar os dados na planilha. <br><img loading=\"lazy\" decoding=\"async\" title=\"Termine em 7 cliques\" src=\"https:\/\/exceladvisor.org\/wp-content\/uploads\/2023\/08\/Terminer-en-7-clics.png\" sizes=\"auto, \" srcset=\"\" alt=\"click-finish\" width=\"529\" height=\"408\"><\/li><\/ol><p> Depois de clicar em Concluir, voc\u00ea ter\u00e1 os dados na planilha conforme temos abaixo: <\/p><div class=\"wp-block-image\"><figure class=\"aligncenter size-full is-resized\"><img loading=\"lazy\" decoding=\"async\" class=\"wp-image-77776\" src=\"https:\/\/exceladvisor.org\/wp-content\/uploads\/2023\/08\/8-donnees-ouvertes-dans-la-feuille.png\" sizes=\"auto, \" srcset=\"\" alt=\"dados abertos na planilha\" width=\"487\" height=\"425\"><\/figure><\/div><p> Depois de abrir um arquivo de texto no Excel, voc\u00ea obter\u00e1 os dados, mas n\u00e3o salvar\u00e1 esse arquivo de texto como um arquivo Excel. Salve-o como uma pasta de trabalho do Excel, v\u00e1 em Arquivo \u21e2 <a href=\"https:\/\/exceladvisor.org\/pt\/salvar-como\/\">Salvar como<\/a> .<\/p><h2 class=\"wp-block-heading\"> Abra um arquivo de texto no Excel com Power Query<\/h2><ol><li> V\u00e1 para Dados \u21e2 Do Arquivo \u21e2 Do Texto\/CSV. <br><img loading=\"lazy\" decoding=\"async\" title=\"9-abrir arquivo de texto com consulta avan\u00e7ada\" src=\"https:\/\/exceladvisor.org\/wp-content\/uploads\/2023\/08\/9-fichier-texte-ouvert-avec-requete-de-puissance.png\" sizes=\"auto, \" srcset=\"\" alt=\"open-text-file-with-power-query\" width=\"515\" height=\"482\"><\/li><li> Selecione o arquivo que deseja importar e clique no bot\u00e3o Importar. <br><img loading=\"lazy\" decoding=\"async\" title=\"10-selecionar arquivo e importar\" src=\"https:\/\/exceladvisor.org\/wp-content\/uploads\/2023\/08\/10-selectionner-le-fichier-et-importer.png\" sizes=\"auto, \" srcset=\"\" alt=\"select-file-and-import\" width=\"498\" height=\"245\"><\/li><li> Clique no bot\u00e3o carregar para carregar os dados na planilha. <br><img loading=\"lazy\" decoding=\"async\" title=\"11-arquivo de carregamento\" src=\"https:\/\/exceladvisor.org\/wp-content\/uploads\/2023\/08\/11-charger-le-fichier.png\" sizes=\"auto, \" srcset=\"\" alt=\"load-the-file\" width=\"663\" height=\"308\"><\/li><li> Agora voc\u00ea tem os dados na planilha. <br><img loading=\"lazy\" decoding=\"async\" title=\"12 dados carregados em uma planilha\" src=\"https:\/\/exceladvisor.org\/wp-content\/uploads\/2023\/08\/12-donnees-chargees-dans-la-feuille.png\" sizes=\"auto, \" srcset=\"\" alt=\"data-loaded-in-sheet\" width=\"530\" height=\"237\"><\/li><\/ol><p> A melhor parte de usar <a href=\"https:\/\/exceladvisor.org\/pt\/solicitacao-de-energia\/\">a consulta avan\u00e7ada<\/a> para importar dados de um arquivo de texto \u00e9 que ela \u00e9 din\u00e2mica. Ao atualizar os dados no arquivo de texto, voc\u00ea pode simplesmente atualiz\u00e1-los no Excel clicando no bot\u00e3o Atualizar.<\/p><h2 class=\"wp-block-heading\"> Copie e cole dados de um arquivo de texto em uma planilha do Excel<\/h2><p> Para fazer isso, abra o arquivo de texto e use o atalho de teclado Ctrl + A para selecionar todos os dados do arquivo de texto. <\/p><div class=\"wp-block-image\"><figure class=\"aligncenter size-full is-resized\"><img loading=\"lazy\" decoding=\"async\" class=\"wp-image-77781\" src=\"https:\/\/exceladvisor.org\/wp-content\/uploads\/2023\/08\/13-copier-coller-des-donnees-du-texte-vers-excel.png\" sizes=\"auto, \" srcset=\"\" alt=\"copiar-colar-dados-do-texto-para-excel\" width=\"674\" height=\"362\"><\/figure><\/div><p> V\u00e1 para a planilha, selecione a c\u00e9lula A1 e <a href=\"https:\/\/exceladvisor.org\/pt\/copiar-colar\/\">pressione Ctrl + V<\/a> para colar os dados l\u00e1. <\/p><div class=\"wp-block-image\"><figure class=\"aligncenter size-full is-resized\"><img loading=\"lazy\" decoding=\"async\" class=\"wp-image-77782\" src=\"https:\/\/exceladvisor.org\/wp-content\/uploads\/2023\/08\/14-donnees-textuelles-collees-dans-la-feuille.png\" sizes=\"auto, \" srcset=\"\" alt=\"dados de texto colados na planilha\" width=\"513\" height=\"372\"><\/figure><\/div><div class=\"gb-container gb-container-4db6181c gb-container-mt\"> <a class=\"gb-button gb-button-c5897111 gb-button-text gb-button-mt-button\" href=\"https:\/\/exceladvisor.org\/pt\/excel-avancado\/\">Tutoriais avan\u00e7ados de Excel<\/a><h2 class=\"gb-headline gb-headline-665e5f6b gb-headline-text gb-headline-mt-heading\"> Tutoriais relacionados <\/h2><div class=\"gb-grid-wrapper gb-grid-wrapper-a20baf7c gb-grid-wrapper-mt-grid\"><div class=\"gb-grid-column gb-grid-column-65ddf67e\"><div class=\"gb-container gb-container-65ddf67e\"><ul><li> <a href=\"https:\/\/exceladvisor.org\/pt\/reparar-arquivo-excel-corrompido\/\">Reparar arquivo Excel corrompido<\/a><\/li><li> <a href=\"https:\/\/exceladvisor.org\/pt\/recuperar-arquivos-nao-salvos\/\">Recupere arquivos do Excel n\u00e3o salvos quando o Excel travar<\/a><\/li><li> <a href=\"https:\/\/exceladvisor.org\/pt\/xlsx-para-csv\/\">Salve o arquivo Excel (pasta de trabalho) em formato CSV (XLSX TO CSV)<\/a><\/li><li> <a href=\"https:\/\/exceladvisor.org\/pt\/ocultar-mostrar-pasta-de-trabalho\/\">Ocultar e mostrar uma pasta de trabalho no Excel<\/a><\/li><\/ul><\/div><\/div><\/div><\/div>","protected":false},"excerpt":{"rendered":"","protected":false},"author":1,"featured_media":0,"parent":0,"menu_order":0,"comment_status":"open","ping_status":"closed","template":"","meta":{"ub_ctt_via":"","footnotes":""},"class_list":["post-444","page","type-page","status-publish","hentry"],"featured_image_src":null,"yoast_head":"<!-- This site is optimized with the Yoast SEO plugin v25.4 - https:\/\/yoast.com\/wordpress\/plugins\/seo\/ -->\n<title>Como abrir um arquivo de texto no Excel? (.TXT)<\/title>\n<meta name=\"description\" content=\"Aprenda como abrir um arquivo de texto (.txt) no Excel e como transferir os dados desse arquivo para a planilha.\" \/>\n<meta name=\"robots\" content=\"index, follow, max-snippet:-1, max-image-preview:large, max-video-preview:-1\" \/>\n<link rel=\"canonical\" href=\"https:\/\/exceladvisor.org\/pt\/abrir-arquivo-de-texto\/\" \/>\n<meta property=\"og:locale\" content=\"pt_PT\" \/>\n<meta property=\"og:type\" content=\"article\" \/>\n<meta property=\"og:title\" content=\"Como abrir um arquivo de texto no Excel? (.TXT)\" \/>\n<meta property=\"og:description\" content=\"Aprenda como abrir um arquivo de texto (.txt) no Excel e como transferir os dados desse arquivo para a planilha.\" \/>\n<meta property=\"og:url\" content=\"https:\/\/exceladvisor.org\/pt\/abrir-arquivo-de-texto\/\" \/>\n<meta property=\"og:site_name\" content=\"Excel Advisor\" \/>\n<meta property=\"article:modified_time\" content=\"2023-12-06T11:33:44+00:00\" \/>\n<meta property=\"og:image\" content=\"https:\/\/exceladvisor.org\/wp-content\/uploads\/2023\/08\/1-fichier-texte-ouvert-dans-excel.png\" \/>\n<meta name=\"twitter:card\" content=\"summary_large_image\" \/>\n<meta name=\"twitter:label1\" content=\"Tempo estimado de leitura\" \/>\n\t<meta name=\"twitter:data1\" content=\"2 minutos\" \/>\n<script type=\"application\/ld+json\" class=\"yoast-schema-graph\">{\"@context\":\"https:\/\/schema.org\",\"@graph\":[{\"@type\":\"WebPage\",\"@id\":\"https:\/\/exceladvisor.org\/pt\/abrir-arquivo-de-texto\/\",\"url\":\"https:\/\/exceladvisor.org\/pt\/abrir-arquivo-de-texto\/\",\"name\":\"Como abrir um arquivo de texto no Excel? (.TXT)\",\"isPartOf\":{\"@id\":\"https:\/\/exceladvisor.org\/pt\/#website\"},\"primaryImageOfPage\":{\"@id\":\"https:\/\/exceladvisor.org\/pt\/abrir-arquivo-de-texto\/#primaryimage\"},\"image\":{\"@id\":\"https:\/\/exceladvisor.org\/pt\/abrir-arquivo-de-texto\/#primaryimage\"},\"thumbnailUrl\":\"https:\/\/exceladvisor.org\/wp-content\/uploads\/2023\/08\/1-fichier-texte-ouvert-dans-excel.png\",\"datePublished\":\"2023-10-28T02:40:46+00:00\",\"dateModified\":\"2023-12-06T11:33:44+00:00\",\"description\":\"Aprenda como abrir um arquivo de texto (.txt) no Excel e como transferir os dados desse arquivo para a planilha.\",\"breadcrumb\":{\"@id\":\"https:\/\/exceladvisor.org\/pt\/abrir-arquivo-de-texto\/#breadcrumb\"},\"inLanguage\":\"pt-PT\",\"potentialAction\":[{\"@type\":\"ReadAction\",\"target\":[\"https:\/\/exceladvisor.org\/pt\/abrir-arquivo-de-texto\/\"]}]},{\"@type\":\"ImageObject\",\"inLanguage\":\"pt-PT\",\"@id\":\"https:\/\/exceladvisor.org\/pt\/abrir-arquivo-de-texto\/#primaryimage\",\"url\":\"https:\/\/exceladvisor.org\/wp-content\/uploads\/2023\/08\/1-fichier-texte-ouvert-dans-excel.png\",\"contentUrl\":\"https:\/\/exceladvisor.org\/wp-content\/uploads\/2023\/08\/1-fichier-texte-ouvert-dans-excel.png\"},{\"@type\":\"BreadcrumbList\",\"@id\":\"https:\/\/exceladvisor.org\/pt\/abrir-arquivo-de-texto\/#breadcrumb\",\"itemListElement\":[{\"@type\":\"ListItem\",\"position\":1,\"name\":\"Lar\",\"item\":\"https:\/\/exceladvisor.org\/pt\/\"},{\"@type\":\"ListItem\",\"position\":2,\"name\":\"Como abrir um arquivo de texto no excel? (.txt)\"}]},{\"@type\":\"WebSite\",\"@id\":\"https:\/\/exceladvisor.org\/pt\/#website\",\"url\":\"https:\/\/exceladvisor.org\/pt\/\",\"name\":\"Excel Advisor\",\"description\":\"O seu guia definitivo para dominar os dados!\",\"publisher\":{\"@id\":\"https:\/\/exceladvisor.org\/pt\/#organization\"},\"potentialAction\":[{\"@type\":\"SearchAction\",\"target\":{\"@type\":\"EntryPoint\",\"urlTemplate\":\"https:\/\/exceladvisor.org\/pt\/?s={search_term_string}\"},\"query-input\":{\"@type\":\"PropertyValueSpecification\",\"valueRequired\":true,\"valueName\":\"search_term_string\"}}],\"inLanguage\":\"pt-PT\"},{\"@type\":\"Organization\",\"@id\":\"https:\/\/exceladvisor.org\/pt\/#organization\",\"name\":\"Excel Advisor\",\"url\":\"https:\/\/exceladvisor.org\/pt\/\",\"logo\":{\"@type\":\"ImageObject\",\"inLanguage\":\"pt-PT\",\"@id\":\"https:\/\/exceladvisor.org\/pt\/#\/schema\/logo\/image\/\",\"url\":\"https:\/\/exceladvisor.org\/pt\/wp-content\/uploads\/2023\/12\/exceladvisor.org_.png\",\"contentUrl\":\"https:\/\/exceladvisor.org\/pt\/wp-content\/uploads\/2023\/12\/exceladvisor.org_.png\",\"width\":105,\"height\":36,\"caption\":\"Excel Advisor\"},\"image\":{\"@id\":\"https:\/\/exceladvisor.org\/pt\/#\/schema\/logo\/image\/\"}}]}<\/script>\n<!-- \/ Yoast SEO plugin. -->","yoast_head_json":{"title":"Como abrir um arquivo de texto no Excel? (.TXT)","description":"Aprenda como abrir um arquivo de texto (.txt) no Excel e como transferir os dados desse arquivo para a planilha.","robots":{"index":"index","follow":"follow","max-snippet":"max-snippet:-1","max-image-preview":"max-image-preview:large","max-video-preview":"max-video-preview:-1"},"canonical":"https:\/\/exceladvisor.org\/pt\/abrir-arquivo-de-texto\/","og_locale":"pt_PT","og_type":"article","og_title":"Como abrir um arquivo de texto no Excel? (.TXT)","og_description":"Aprenda como abrir um arquivo de texto (.txt) no Excel e como transferir os dados desse arquivo para a planilha.","og_url":"https:\/\/exceladvisor.org\/pt\/abrir-arquivo-de-texto\/","og_site_name":"Excel Advisor","article_modified_time":"2023-12-06T11:33:44+00:00","og_image":[{"url":"https:\/\/exceladvisor.org\/wp-content\/uploads\/2023\/08\/1-fichier-texte-ouvert-dans-excel.png","type":"","width":"","height":""}],"twitter_card":"summary_large_image","twitter_misc":{"Tempo estimado de leitura":"2 minutos"},"schema":{"@context":"https:\/\/schema.org","@graph":[{"@type":"WebPage","@id":"https:\/\/exceladvisor.org\/pt\/abrir-arquivo-de-texto\/","url":"https:\/\/exceladvisor.org\/pt\/abrir-arquivo-de-texto\/","name":"Como abrir um arquivo de texto no Excel? (.TXT)","isPartOf":{"@id":"https:\/\/exceladvisor.org\/pt\/#website"},"primaryImageOfPage":{"@id":"https:\/\/exceladvisor.org\/pt\/abrir-arquivo-de-texto\/#primaryimage"},"image":{"@id":"https:\/\/exceladvisor.org\/pt\/abrir-arquivo-de-texto\/#primaryimage"},"thumbnailUrl":"https:\/\/exceladvisor.org\/wp-content\/uploads\/2023\/08\/1-fichier-texte-ouvert-dans-excel.png","datePublished":"2023-10-28T02:40:46+00:00","dateModified":"2023-12-06T11:33:44+00:00","description":"Aprenda como abrir um arquivo de texto (.txt) no Excel e como transferir os dados desse arquivo para a planilha.","breadcrumb":{"@id":"https:\/\/exceladvisor.org\/pt\/abrir-arquivo-de-texto\/#breadcrumb"},"inLanguage":"pt-PT","potentialAction":[{"@type":"ReadAction","target":["https:\/\/exceladvisor.org\/pt\/abrir-arquivo-de-texto\/"]}]},{"@type":"ImageObject","inLanguage":"pt-PT","@id":"https:\/\/exceladvisor.org\/pt\/abrir-arquivo-de-texto\/#primaryimage","url":"https:\/\/exceladvisor.org\/wp-content\/uploads\/2023\/08\/1-fichier-texte-ouvert-dans-excel.png","contentUrl":"https:\/\/exceladvisor.org\/wp-content\/uploads\/2023\/08\/1-fichier-texte-ouvert-dans-excel.png"},{"@type":"BreadcrumbList","@id":"https:\/\/exceladvisor.org\/pt\/abrir-arquivo-de-texto\/#breadcrumb","itemListElement":[{"@type":"ListItem","position":1,"name":"Lar","item":"https:\/\/exceladvisor.org\/pt\/"},{"@type":"ListItem","position":2,"name":"Como abrir um arquivo de texto no excel? (.txt)"}]},{"@type":"WebSite","@id":"https:\/\/exceladvisor.org\/pt\/#website","url":"https:\/\/exceladvisor.org\/pt\/","name":"Excel Advisor","description":"O seu guia definitivo para dominar os dados!","publisher":{"@id":"https:\/\/exceladvisor.org\/pt\/#organization"},"potentialAction":[{"@type":"SearchAction","target":{"@type":"EntryPoint","urlTemplate":"https:\/\/exceladvisor.org\/pt\/?s={search_term_string}"},"query-input":{"@type":"PropertyValueSpecification","valueRequired":true,"valueName":"search_term_string"}}],"inLanguage":"pt-PT"},{"@type":"Organization","@id":"https:\/\/exceladvisor.org\/pt\/#organization","name":"Excel Advisor","url":"https:\/\/exceladvisor.org\/pt\/","logo":{"@type":"ImageObject","inLanguage":"pt-PT","@id":"https:\/\/exceladvisor.org\/pt\/#\/schema\/logo\/image\/","url":"https:\/\/exceladvisor.org\/pt\/wp-content\/uploads\/2023\/12\/exceladvisor.org_.png","contentUrl":"https:\/\/exceladvisor.org\/pt\/wp-content\/uploads\/2023\/12\/exceladvisor.org_.png","width":105,"height":36,"caption":"Excel Advisor"},"image":{"@id":"https:\/\/exceladvisor.org\/pt\/#\/schema\/logo\/image\/"}}]}},"yoast_meta":{"yoast_wpseo_title":"","yoast_wpseo_metadesc":"","yoast_wpseo_canonical":""},"_links":{"self":[{"href":"https:\/\/exceladvisor.org\/pt\/wp-json\/wp\/v2\/pages\/444","targetHints":{"allow":["GET"]}}],"collection":[{"href":"https:\/\/exceladvisor.org\/pt\/wp-json\/wp\/v2\/pages"}],"about":[{"href":"https:\/\/exceladvisor.org\/pt\/wp-json\/wp\/v2\/types\/page"}],"author":[{"embeddable":true,"href":"https:\/\/exceladvisor.org\/pt\/wp-json\/wp\/v2\/users\/1"}],"replies":[{"embeddable":true,"href":"https:\/\/exceladvisor.org\/pt\/wp-json\/wp\/v2\/comments?post=444"}],"version-history":[{"count":1,"href":"https:\/\/exceladvisor.org\/pt\/wp-json\/wp\/v2\/pages\/444\/revisions"}],"predecessor-version":[{"id":769,"href":"https:\/\/exceladvisor.org\/pt\/wp-json\/wp\/v2\/pages\/444\/revisions\/769"}],"wp:attachment":[{"href":"https:\/\/exceladvisor.org\/pt\/wp-json\/wp\/v2\/media?parent=444"}],"curies":[{"name":"wp","href":"https:\/\/api.w.org\/{rel}","templated":true}]}}