{"id":445,"date":"2023-10-28T02:23:25","date_gmt":"2023-10-28T02:23:25","guid":{"rendered":"https:\/\/exceladvisor.org\/pt\/celulas-cinzentas\/"},"modified":"2023-12-06T11:37:37","modified_gmt":"2023-12-06T11:37:37","slug":"celulas-cinzentas","status":"publish","type":"page","link":"https:\/\/exceladvisor.org\/pt\/celulas-cinzentas\/","title":{"rendered":"Como esmaecer c\u00e9lulas no excel?"},"content":{"rendered":"<div class=\"excel-before-content-2\" id=\"excel-3918204237\"><script type=\"text\/javascript\">\r\n\tatOptions = {\r\n\t\t'key' : 'c1158f160081d6540a8409e6925dab94',\r\n\t\t'format' : 'iframe',\r\n\t\t'height' : 250,\r\n\t\t'width' : 300,\r\n\t\t'params' : {}\r\n\t};\r\n<\/script>\r\n<script type=\"text\/javascript\" src=\"\/\/www.highperformanceformat.com\/c1158f160081d6540a8409e6925dab94\/invoke.js\"><\/script><\/div><div class=\"excel-before-content\" id=\"excel-4016033854\"><script type=\"text\/javascript\">\r\n\tatOptions = {\r\n\t\t'key' : 'c1158f160081d6540a8409e6925dab94',\r\n\t\t'format' : 'iframe',\r\n\t\t'height' : 250,\r\n\t\t'width' : 300,\r\n\t\t'params' : {}\r\n\t};\r\n<\/script>\r\n<script type=\"text\/javascript\" src=\"\/\/www.highperformanceformat.com\/c1158f160081d6540a8409e6925dab94\/invoke.js\"><\/script><\/div> <p>Ao compartilhar um relat\u00f3rio ou dados com algu\u00e9m, voc\u00ea pode esmaecer todas as c\u00e9lulas n\u00e3o utilizadas. Isso ajuda o usu\u00e1rio a manter o foco apenas na parte da planilha onde temos os dados. <\/p><div class=\"wp-block-image\"><figure class=\"aligncenter size-full is-resized\"><img loading=\"lazy\" decoding=\"async\" class=\"wp-image-77730\" src=\"https:\/\/exceladvisor.org\/wp-content\/uploads\/2023\/08\/1-cellules-grisees.png\" sizes=\"auto, \" srcset=\"\" alt=\"c\u00e9lulas cinzentas\" width=\"583\" height=\"386\"><\/figure><\/div><p> Neste tutorial, veremos diferentes maneiras de adicionar uma cor cinza \u00e0s c\u00e9lulas que n\u00e3o est\u00e3o em uso.<\/p><h2 class=\"wp-block-heading\"> Use formata\u00e7\u00e3o condicional para esmaecer c\u00e9lulas n\u00e3o utilizadas<\/h2><ol><li> Primeiro, selecione a c\u00e9lula A1 e use o atalho de teclado Ctrl + A para selecionar todas as c\u00e9lulas. <br><img loading=\"lazy\" decoding=\"async\" title=\"2-selecione uma c\u00e9lula\" src=\"https:\/\/exceladvisor.org\/wp-content\/uploads\/2023\/08\/2-selectionner-une-cellule.png\" sizes=\"auto, \" srcset=\"\" alt=\"select-a-cell\" width=\"416\" height=\"277\"><\/li><li> Agora v\u00e1 para a guia inicial, clique em formata\u00e7\u00e3o condicional e selecione a op\u00e7\u00e3o de nova regra. <br><img loading=\"lazy\" decoding=\"async\" title=\"3-formata\u00e7\u00e3o-condicional-nova-regra\" src=\"https:\/\/exceladvisor.org\/wp-content\/uploads\/2023\/08\/3-nouvelle-regle-de-mise-en-forme-conditionnelle.png\" sizes=\"auto, \" srcset=\"\" alt=\"conditional-formatting-new-rule\" width=\"203\" height=\"343\"><\/li><li> Depois disso, na caixa de di\u00e1logo da nova regra de formata\u00e7\u00e3o, clique em \u201cUsar uma f\u00f3rmula para determinar a c\u00e9lula a ser formatada\u201d. <br><img loading=\"lazy\" decoding=\"async\" title=\"4-caixa de di\u00e1logo de nova formata\u00e7\u00e3o\" src=\"https:\/\/exceladvisor.org\/wp-content\/uploads\/2023\/08\/4-nouvelle-boite-de-dialogue-de-formatage.png\" sizes=\"auto, \" srcset=\"\" alt=\"new-formatting-dialog-box\" width=\"449\" height=\"324\"><\/li><li> A partir da\u00ed, em \u201cFormatar valores onde esta f\u00f3rmula \u00e9 verdadeira\u201d, insira a f\u00f3rmula <code>=IF(A1=\"\",TRUE,FALSE).<br> <img loading=\"lazy\" decoding=\"async\" title=\"5-insira a f\u00f3rmula\" src=\"https:\/\/exceladvisor.org\/wp-content\/uploads\/2023\/08\/5-entrer-la-formule.png\" sizes=\"auto, \" srcset=\"\" alt=\"enter-the-formula\" width=\"533\" height=\"198\"><\/code><\/li><li> Em seguida, clique no bot\u00e3o \u201cFormatar\u201d, v\u00e1 at\u00e9 a aba de preenchimento e selecione a cor cinza. <br><img loading=\"lazy\" decoding=\"async\" title=\"Bot\u00e3o de formato de 6 cliques\" src=\"https:\/\/exceladvisor.org\/wp-content\/uploads\/2023\/08\/Bouton-format-6-clics.png\" sizes=\"auto, \" srcset=\"\" alt=\"click-format-button\" width=\"541\" height=\"502\"><\/li><li> Clique em OK para salvar a op\u00e7\u00e3o. <br><img loading=\"lazy\" decoding=\"async\" title=\"7-ok-para-salvar\" src=\"https:\/\/exceladvisor.org\/wp-content\/uploads\/2023\/08\/7-ok-pour-sauvegarder.png\" sizes=\"auto, \" srcset=\"\" alt=\"ok-to-save\" width=\"543\" height=\"204\"><code><\/code><\/li><\/ol><p> Ele esmaece todas as c\u00e9lulas da sua planilha e no momento em que voc\u00ea insere um valor em uma c\u00e9lula, a cor da c\u00e9lula ser\u00e1 automaticamente branca. <\/p><div class=\"wp-block-image\"><figure class=\"aligncenter size-full is-resized\"><img loading=\"lazy\" decoding=\"async\" class=\"wp-image-77737\" src=\"https:\/\/exceladvisor.org\/wp-content\/uploads\/2023\/08\/8-toutes-les-cellules-grisees.png\" sizes=\"auto, \" srcset=\"\" alt=\"todas as c\u00e9lulas est\u00e3o esmaecidas\" width=\"702\" height=\"437\"><\/figure><\/div><h2 class=\"wp-block-heading\"> Oculte linhas e colunas para esmaecer \u00e1reas n\u00e3o utilizadas<\/h2><p> Al\u00e9m do m\u00e9todo acima, voc\u00ea simplesmente oculta todas as se\u00e7\u00f5es da planilha onde n\u00e3o h\u00e1 dados. No exemplo a seguir, voc\u00ea tem dados das c\u00e9lulas A1 a N13. <\/p><div class=\"wp-block-image\"><figure class=\"aligncenter size-full is-resized\"><img loading=\"lazy\" decoding=\"async\" class=\"wp-image-77738\" src=\"https:\/\/exceladvisor.org\/wp-content\/uploads\/2023\/08\/9-zones-grises-inutilisees.png\" sizes=\"auto, \" srcset=\"\" alt=\"esmaecer \u00e1reas n\u00e3o utilizadas\" width=\"645\" height=\"425\"><\/figure><\/div><p> Selecione todas as colunas ap\u00f3s a coluna N, clique com o bot\u00e3o direito e clique na op\u00e7\u00e3o ocultar. <\/p><div class=\"wp-block-image\"><figure class=\"aligncenter size-full is-resized\"><img loading=\"lazy\" decoding=\"async\" class=\"wp-image-77739\" src=\"https:\/\/exceladvisor.org\/wp-content\/uploads\/2023\/08\/10-selectionnez-loption-de-masquage.png\" sizes=\"auto, \" srcset=\"\" alt=\"selecionar-ocultar op\u00e7\u00e3o\" width=\"393\" height=\"476\"><\/figure><\/div><p> Agora selecione todas as linhas ap\u00f3s a linha 13, clique com o bot\u00e3o direito e selecione a op\u00e7\u00e3o ocultar a partir da\u00ed. <\/p><div class=\"wp-block-image\"><figure class=\"aligncenter size-full is-resized\"><img loading=\"lazy\" decoding=\"async\" class=\"wp-image-77740\" src=\"https:\/\/exceladvisor.org\/wp-content\/uploads\/2023\/08\/11-selectionner-les-lignes-et-masquer.png\" sizes=\"auto, \" srcset=\"\" alt=\"selecionar linhas e ocultar\" width=\"387\" height=\"446\"><\/figure><\/div><p> No momento em que voc\u00ea fizer isso, todas as linhas abaixo da linha 13 ficar\u00e3o ocultas e todas as \u00e1reas ficar\u00e3o acinzentadas onde voc\u00ea n\u00e3o possui os dados. <\/p><div class=\"wp-block-image\"><figure class=\"aligncenter size-full is-resized\"><img loading=\"lazy\" decoding=\"async\" class=\"wp-image-77741\" src=\"https:\/\/exceladvisor.org\/wp-content\/uploads\/2023\/08\/12-lignes-masquees.png\" sizes=\"auto, \" srcset=\"\" alt=\"linhas ocultas\" width=\"677\" height=\"445\"><\/figure><\/div><h2 class=\"wp-block-heading\"> Use a exibi\u00e7\u00e3o de quebra de p\u00e1gina para esmaecer as c\u00e9lulas<\/h2><p> Se n\u00e3o quiser alterar o ambiente do Excel, voc\u00ea pode usar a visualiza\u00e7\u00e3o de quebra de p\u00e1gina para exibir c\u00e9lulas esmaecidas que n\u00e3o s\u00e3o usadas na planilha.<\/p><p> V\u00e1 para a guia Exibir \u2192 Visualiza\u00e7\u00f5es da pasta de trabalho \u2192 Visualiza\u00e7\u00e3o da quebra de p\u00e1gina. <\/p><div class=\"wp-block-image\"><figure class=\"aligncenter size-full is-resized\"><img loading=\"lazy\" decoding=\"async\" class=\"wp-image-77742\" src=\"https:\/\/exceladvisor.org\/wp-content\/uploads\/2023\/08\/Vue-de-saut-de-page-de-13-pages-pour-griser-les-cellules.png\" sizes=\"auto, \" srcset=\"\" alt=\"visualiza\u00e7\u00e3o de quebra de p\u00e1gina para c\u00e9lulas acinzentadas\" width=\"615\" height=\"241\"><\/figure><\/div><p> Depois disso, voc\u00ea precisa <a href=\"https:\/\/exceladvisor.org\/pt\/aumentar-zoom-diminuir-zoom\/\">alterar o n\u00edvel de zoom<\/a> para 100 porque ao mudar para visualiza\u00e7\u00e3o de quebra de p\u00e1gina, o Excel <a href=\"https:\/\/exceladvisor.org\/pt\/ampliacao\/\">altera o n\u00edvel de zoom<\/a> para 60%. <\/p><div class=\"wp-block-image\"><figure class=\"aligncenter size-full is-resized\"><img loading=\"lazy\" decoding=\"async\" class=\"wp-image-77743\" src=\"https:\/\/exceladvisor.org\/wp-content\/uploads\/2023\/08\/14-diminuer-le-niveau-de-zoom.png\" sizes=\"auto, \" srcset=\"\" alt=\"diminuir n\u00edvel de zoom\" width=\"377\" height=\"236\"><\/figure><\/div><p> Altere o n\u00edvel de zoom para 100% e voc\u00ea ter\u00e1 uma visualiza\u00e7\u00e3o de planilha como esta. <\/p><div class=\"wp-block-image\"><figure class=\"aligncenter size-full is-resized\"><img loading=\"lazy\" decoding=\"async\" class=\"wp-image-77744\" src=\"https:\/\/exceladvisor.org\/wp-content\/uploads\/2023\/08\/15-changer-le-niveau-de-zoom-a-100.png\" sizes=\"auto, \" srcset=\"\" alt=\"mude o n\u00edvel de zoom para 100%\" width=\"680\" height=\"423\"><\/figure><\/div><div class=\"gb-container gb-container-4db6181c gb-container-mt\"> <a class=\"gb-button gb-button-c5897111 gb-button-text gb-button-mt-button\" href=\"https:\/\/exceladvisor.org\/pt\/excel-avancado\/\">Tutoriais avan\u00e7ados de Excel<\/a><h2 class=\"gb-headline gb-headline-665e5f6b gb-headline-text gb-headline-mt-heading\"> Tutoriais relacionados <\/h2><div class=\"gb-grid-wrapper gb-grid-wrapper-a20baf7c gb-grid-wrapper-mt-grid\"><div class=\"gb-grid-column gb-grid-column-65ddf67e\"><div class=\"gb-container gb-container-65ddf67e\"><ul><li> <a href=\"https:\/\/exceladvisor.org\/pt\/mesclar-celulas-sem-perder-dados\/\">Mesclar c\u00e9lulas sem perder dados no Excel<\/a><\/li><li> <a href=\"https:\/\/exceladvisor.org\/pt\/colar-especial-multiplicar\/\">Multiplique no Excel usando Colar Especial<\/a><\/li><li> <a href=\"https:\/\/exceladvisor.org\/pt\/adicionar-um-codigo-de-barras\/\" data-wpil=\"url\">Adicione um c\u00f3digo de barras no Excel<\/a><\/li><li> <a href=\"https:\/\/exceladvisor.org\/pt\/fonte-padrao\/\">Alterar a fonte padr\u00e3o no Excel<\/a><\/li><li> <a href=\"https:\/\/exceladvisor.org\/pt\/filtrar-por-cor\/\">Filtrar por cor no Excel<\/a><\/li><\/ul><\/div><\/div><\/div><\/div>","protected":false},"excerpt":{"rendered":"","protected":false},"author":1,"featured_media":0,"parent":0,"menu_order":0,"comment_status":"open","ping_status":"closed","template":"","meta":{"ub_ctt_via":"","footnotes":""},"class_list":["post-445","page","type-page","status-publish","hentry"],"featured_image_src":null,"yoast_head":"<!-- This site is optimized with the Yoast SEO plugin v25.4 - https:\/\/yoast.com\/wordpress\/plugins\/seo\/ -->\n<title>Como esmaecer c\u00e9lulas no Excel? (Tutorial 2023)<\/title>\n<meta name=\"description\" content=\"Neste tutorial, aprenderemos como esmaecer c\u00e9lulas no Excel de diferentes maneiras.\" \/>\n<meta name=\"robots\" content=\"index, follow, max-snippet:-1, max-image-preview:large, max-video-preview:-1\" \/>\n<link rel=\"canonical\" href=\"https:\/\/exceladvisor.org\/pt\/celulas-cinzentas\/\" \/>\n<meta property=\"og:locale\" content=\"pt_PT\" \/>\n<meta property=\"og:type\" content=\"article\" \/>\n<meta property=\"og:title\" content=\"Como esmaecer c\u00e9lulas no Excel? (Tutorial 2023)\" \/>\n<meta property=\"og:description\" content=\"Neste tutorial, aprenderemos como esmaecer c\u00e9lulas no Excel de diferentes maneiras.\" \/>\n<meta property=\"og:url\" content=\"https:\/\/exceladvisor.org\/pt\/celulas-cinzentas\/\" \/>\n<meta property=\"og:site_name\" content=\"Excel Advisor\" \/>\n<meta property=\"article:modified_time\" content=\"2023-12-06T11:37:37+00:00\" \/>\n<meta property=\"og:image\" content=\"https:\/\/exceladvisor.org\/wp-content\/uploads\/2023\/08\/1-cellules-grisees.png\" \/>\n<meta name=\"twitter:card\" content=\"summary_large_image\" \/>\n<meta name=\"twitter:label1\" content=\"Tempo estimado de leitura\" \/>\n\t<meta name=\"twitter:data1\" content=\"2 minutos\" \/>\n<script type=\"application\/ld+json\" class=\"yoast-schema-graph\">{\"@context\":\"https:\/\/schema.org\",\"@graph\":[{\"@type\":\"WebPage\",\"@id\":\"https:\/\/exceladvisor.org\/pt\/celulas-cinzentas\/\",\"url\":\"https:\/\/exceladvisor.org\/pt\/celulas-cinzentas\/\",\"name\":\"Como esmaecer c\u00e9lulas no Excel? (Tutorial 2023)\",\"isPartOf\":{\"@id\":\"https:\/\/exceladvisor.org\/pt\/#website\"},\"primaryImageOfPage\":{\"@id\":\"https:\/\/exceladvisor.org\/pt\/celulas-cinzentas\/#primaryimage\"},\"image\":{\"@id\":\"https:\/\/exceladvisor.org\/pt\/celulas-cinzentas\/#primaryimage\"},\"thumbnailUrl\":\"https:\/\/exceladvisor.org\/wp-content\/uploads\/2023\/08\/1-cellules-grisees.png\",\"datePublished\":\"2023-10-28T02:23:25+00:00\",\"dateModified\":\"2023-12-06T11:37:37+00:00\",\"description\":\"Neste tutorial, aprenderemos como esmaecer c\u00e9lulas no Excel de diferentes maneiras.\",\"breadcrumb\":{\"@id\":\"https:\/\/exceladvisor.org\/pt\/celulas-cinzentas\/#breadcrumb\"},\"inLanguage\":\"pt-PT\",\"potentialAction\":[{\"@type\":\"ReadAction\",\"target\":[\"https:\/\/exceladvisor.org\/pt\/celulas-cinzentas\/\"]}]},{\"@type\":\"ImageObject\",\"inLanguage\":\"pt-PT\",\"@id\":\"https:\/\/exceladvisor.org\/pt\/celulas-cinzentas\/#primaryimage\",\"url\":\"https:\/\/exceladvisor.org\/wp-content\/uploads\/2023\/08\/1-cellules-grisees.png\",\"contentUrl\":\"https:\/\/exceladvisor.org\/wp-content\/uploads\/2023\/08\/1-cellules-grisees.png\"},{\"@type\":\"BreadcrumbList\",\"@id\":\"https:\/\/exceladvisor.org\/pt\/celulas-cinzentas\/#breadcrumb\",\"itemListElement\":[{\"@type\":\"ListItem\",\"position\":1,\"name\":\"Lar\",\"item\":\"https:\/\/exceladvisor.org\/pt\/\"},{\"@type\":\"ListItem\",\"position\":2,\"name\":\"Como esmaecer c\u00e9lulas no excel?\"}]},{\"@type\":\"WebSite\",\"@id\":\"https:\/\/exceladvisor.org\/pt\/#website\",\"url\":\"https:\/\/exceladvisor.org\/pt\/\",\"name\":\"Excel Advisor\",\"description\":\"O seu guia definitivo para dominar os dados!\",\"publisher\":{\"@id\":\"https:\/\/exceladvisor.org\/pt\/#organization\"},\"potentialAction\":[{\"@type\":\"SearchAction\",\"target\":{\"@type\":\"EntryPoint\",\"urlTemplate\":\"https:\/\/exceladvisor.org\/pt\/?s={search_term_string}\"},\"query-input\":{\"@type\":\"PropertyValueSpecification\",\"valueRequired\":true,\"valueName\":\"search_term_string\"}}],\"inLanguage\":\"pt-PT\"},{\"@type\":\"Organization\",\"@id\":\"https:\/\/exceladvisor.org\/pt\/#organization\",\"name\":\"Excel Advisor\",\"url\":\"https:\/\/exceladvisor.org\/pt\/\",\"logo\":{\"@type\":\"ImageObject\",\"inLanguage\":\"pt-PT\",\"@id\":\"https:\/\/exceladvisor.org\/pt\/#\/schema\/logo\/image\/\",\"url\":\"https:\/\/exceladvisor.org\/pt\/wp-content\/uploads\/2023\/12\/exceladvisor.org_.png\",\"contentUrl\":\"https:\/\/exceladvisor.org\/pt\/wp-content\/uploads\/2023\/12\/exceladvisor.org_.png\",\"width\":105,\"height\":36,\"caption\":\"Excel Advisor\"},\"image\":{\"@id\":\"https:\/\/exceladvisor.org\/pt\/#\/schema\/logo\/image\/\"}}]}<\/script>\n<!-- \/ Yoast SEO plugin. -->","yoast_head_json":{"title":"Como esmaecer c\u00e9lulas no Excel? (Tutorial 2023)","description":"Neste tutorial, aprenderemos como esmaecer c\u00e9lulas no Excel de diferentes maneiras.","robots":{"index":"index","follow":"follow","max-snippet":"max-snippet:-1","max-image-preview":"max-image-preview:large","max-video-preview":"max-video-preview:-1"},"canonical":"https:\/\/exceladvisor.org\/pt\/celulas-cinzentas\/","og_locale":"pt_PT","og_type":"article","og_title":"Como esmaecer c\u00e9lulas no Excel? (Tutorial 2023)","og_description":"Neste tutorial, aprenderemos como esmaecer c\u00e9lulas no Excel de diferentes maneiras.","og_url":"https:\/\/exceladvisor.org\/pt\/celulas-cinzentas\/","og_site_name":"Excel Advisor","article_modified_time":"2023-12-06T11:37:37+00:00","og_image":[{"url":"https:\/\/exceladvisor.org\/wp-content\/uploads\/2023\/08\/1-cellules-grisees.png","type":"","width":"","height":""}],"twitter_card":"summary_large_image","twitter_misc":{"Tempo estimado de leitura":"2 minutos"},"schema":{"@context":"https:\/\/schema.org","@graph":[{"@type":"WebPage","@id":"https:\/\/exceladvisor.org\/pt\/celulas-cinzentas\/","url":"https:\/\/exceladvisor.org\/pt\/celulas-cinzentas\/","name":"Como esmaecer c\u00e9lulas no Excel? (Tutorial 2023)","isPartOf":{"@id":"https:\/\/exceladvisor.org\/pt\/#website"},"primaryImageOfPage":{"@id":"https:\/\/exceladvisor.org\/pt\/celulas-cinzentas\/#primaryimage"},"image":{"@id":"https:\/\/exceladvisor.org\/pt\/celulas-cinzentas\/#primaryimage"},"thumbnailUrl":"https:\/\/exceladvisor.org\/wp-content\/uploads\/2023\/08\/1-cellules-grisees.png","datePublished":"2023-10-28T02:23:25+00:00","dateModified":"2023-12-06T11:37:37+00:00","description":"Neste tutorial, aprenderemos como esmaecer c\u00e9lulas no Excel de diferentes maneiras.","breadcrumb":{"@id":"https:\/\/exceladvisor.org\/pt\/celulas-cinzentas\/#breadcrumb"},"inLanguage":"pt-PT","potentialAction":[{"@type":"ReadAction","target":["https:\/\/exceladvisor.org\/pt\/celulas-cinzentas\/"]}]},{"@type":"ImageObject","inLanguage":"pt-PT","@id":"https:\/\/exceladvisor.org\/pt\/celulas-cinzentas\/#primaryimage","url":"https:\/\/exceladvisor.org\/wp-content\/uploads\/2023\/08\/1-cellules-grisees.png","contentUrl":"https:\/\/exceladvisor.org\/wp-content\/uploads\/2023\/08\/1-cellules-grisees.png"},{"@type":"BreadcrumbList","@id":"https:\/\/exceladvisor.org\/pt\/celulas-cinzentas\/#breadcrumb","itemListElement":[{"@type":"ListItem","position":1,"name":"Lar","item":"https:\/\/exceladvisor.org\/pt\/"},{"@type":"ListItem","position":2,"name":"Como esmaecer c\u00e9lulas no excel?"}]},{"@type":"WebSite","@id":"https:\/\/exceladvisor.org\/pt\/#website","url":"https:\/\/exceladvisor.org\/pt\/","name":"Excel Advisor","description":"O seu guia definitivo para dominar os dados!","publisher":{"@id":"https:\/\/exceladvisor.org\/pt\/#organization"},"potentialAction":[{"@type":"SearchAction","target":{"@type":"EntryPoint","urlTemplate":"https:\/\/exceladvisor.org\/pt\/?s={search_term_string}"},"query-input":{"@type":"PropertyValueSpecification","valueRequired":true,"valueName":"search_term_string"}}],"inLanguage":"pt-PT"},{"@type":"Organization","@id":"https:\/\/exceladvisor.org\/pt\/#organization","name":"Excel Advisor","url":"https:\/\/exceladvisor.org\/pt\/","logo":{"@type":"ImageObject","inLanguage":"pt-PT","@id":"https:\/\/exceladvisor.org\/pt\/#\/schema\/logo\/image\/","url":"https:\/\/exceladvisor.org\/pt\/wp-content\/uploads\/2023\/12\/exceladvisor.org_.png","contentUrl":"https:\/\/exceladvisor.org\/pt\/wp-content\/uploads\/2023\/12\/exceladvisor.org_.png","width":105,"height":36,"caption":"Excel Advisor"},"image":{"@id":"https:\/\/exceladvisor.org\/pt\/#\/schema\/logo\/image\/"}}]}},"yoast_meta":{"yoast_wpseo_title":"","yoast_wpseo_metadesc":"","yoast_wpseo_canonical":""},"_links":{"self":[{"href":"https:\/\/exceladvisor.org\/pt\/wp-json\/wp\/v2\/pages\/445","targetHints":{"allow":["GET"]}}],"collection":[{"href":"https:\/\/exceladvisor.org\/pt\/wp-json\/wp\/v2\/pages"}],"about":[{"href":"https:\/\/exceladvisor.org\/pt\/wp-json\/wp\/v2\/types\/page"}],"author":[{"embeddable":true,"href":"https:\/\/exceladvisor.org\/pt\/wp-json\/wp\/v2\/users\/1"}],"replies":[{"embeddable":true,"href":"https:\/\/exceladvisor.org\/pt\/wp-json\/wp\/v2\/comments?post=445"}],"version-history":[{"count":1,"href":"https:\/\/exceladvisor.org\/pt\/wp-json\/wp\/v2\/pages\/445\/revisions"}],"predecessor-version":[{"id":1054,"href":"https:\/\/exceladvisor.org\/pt\/wp-json\/wp\/v2\/pages\/445\/revisions\/1054"}],"wp:attachment":[{"href":"https:\/\/exceladvisor.org\/pt\/wp-json\/wp\/v2\/media?parent=445"}],"curies":[{"name":"wp","href":"https:\/\/api.w.org\/{rel}","templated":true}]}}