{"id":446,"date":"2023-10-28T02:08:06","date_gmt":"2023-10-28T02:08:06","guid":{"rendered":"https:\/\/exceladvisor.org\/pt\/tornar-as-celulas-maiores\/"},"modified":"2023-12-06T11:34:54","modified_gmt":"2023-12-06T11:34:54","slug":"tornar-as-celulas-maiores","status":"publish","type":"page","link":"https:\/\/exceladvisor.org\/pt\/tornar-as-celulas-maiores\/","title":{"rendered":"Como aumentar as c\u00e9lulas no excel?"},"content":{"rendered":"<div class=\"excel-before-content-2\" id=\"excel-4171500644\"><script type=\"text\/javascript\">\r\n\tatOptions = {\r\n\t\t'key' : 'c1158f160081d6540a8409e6925dab94',\r\n\t\t'format' : 'iframe',\r\n\t\t'height' : 250,\r\n\t\t'width' : 300,\r\n\t\t'params' : {}\r\n\t};\r\n<\/script>\r\n<script type=\"text\/javascript\" src=\"\/\/www.highperformanceformat.com\/c1158f160081d6540a8409e6925dab94\/invoke.js\"><\/script><\/div><div class=\"excel-before-content\" id=\"excel-2511433151\"><script type=\"text\/javascript\">\r\n\tatOptions = {\r\n\t\t'key' : 'c1158f160081d6540a8409e6925dab94',\r\n\t\t'format' : 'iframe',\r\n\t\t'height' : 250,\r\n\t\t'width' : 300,\r\n\t\t'params' : {}\r\n\t};\r\n<\/script>\r\n<script type=\"text\/javascript\" src=\"\/\/www.highperformanceformat.com\/c1158f160081d6540a8409e6925dab94\/invoke.js\"><\/script><\/div> <p>Ao abrir a pasta de trabalho, voc\u00ea sempre encontrar\u00e1 as c\u00e9lulas com altura e largura padr\u00e3o e poder\u00e1 ajustar o tamanho da c\u00e9lula, se necess\u00e1rio.<\/p><p> As c\u00e9lulas fazem parte de linhas e colunas. Portanto, se voc\u00ea aumentar uma c\u00e9lula em uma linha e coluna, outras c\u00e9lulas na mesma linha e coluna tamb\u00e9m ser\u00e3o dimensionadas.<\/p><p> Neste tutorial, explicamos algumas maneiras muito comuns de ampliar c\u00e9lulas.<\/p><h2 class=\"wp-block-heading\"> 1. Amplie as c\u00e9lulas ajustando a altura da linha e a largura da coluna<\/h2><p> Voc\u00ea pode ampliar as c\u00e9lulas aumentando a altura da linha e a largura da coluna e para isso voc\u00ea precisa seguir os passos abaixo:<\/p><ol><li> Primeiro, selecione as c\u00e9lulas que deseja ampliar.<\/li><li> Uma vez selecionado, v\u00e1 para a guia \u201cP\u00e1gina inicial\u201d, clique no \u00edcone \u201cFormato\u201d abaixo do grupo de c\u00e9lulas e clique em \u201cAltura da linha\u201d no menu suspenso. <br><img loading=\"lazy\" decoding=\"async\" title=\"1-\u00edcone de formato de guia inicial\" src=\"https:\/\/exceladvisor.org\/wp-content\/uploads\/2023\/08\/1-icone-de-format-donglet-daccueil.png\" sizes=\"auto, \" srcset=\"\" alt=\"home-tab-format-icon\" width=\"486\" height=\"366\"><\/li><li> Depois disso, insira a altura da linha conforme sua escolha e clique em OK. <br><img loading=\"lazy\" decoding=\"async\" title=\"2-insira o valor da altura da linha\" src=\"https:\/\/exceladvisor.org\/wp-content\/uploads\/2023\/08\/2-entrez-la-valeur-de-hauteur-de-ligne.png\" sizes=\"auto, \" srcset=\"\" alt=\"enter-row-height-value\" width=\"396\" height=\"247\"><\/li><li> Neste momento, a altura das c\u00e9lulas selecionadas foi aumentada. <br><img loading=\"lazy\" decoding=\"async\" title=\"Aumento de altura de 3 c\u00e9lulas\" src=\"https:\/\/exceladvisor.org\/wp-content\/uploads\/2023\/08\/Hauteur-de-3-cellules-augmentee.png\" sizes=\"auto, \" srcset=\"\" alt=\"cells-height-increased\" width=\"241\" height=\"372\"><\/li><li> Novamente, selecione as c\u00e9lulas e v\u00e1 at\u00e9 o \u00edcone \u201cFormatar\u201d e, desta vez, clique em \u201cLargura da Coluna\u201d no menu suspenso. <br><img loading=\"lazy\" decoding=\"async\" title=\"4-escolha-largura da coluna\" src=\"https:\/\/exceladvisor.org\/wp-content\/uploads\/2023\/08\/4-choisir-la-largeur-de-colonne.png\" sizes=\"auto, \" srcset=\"\" alt=\"choose-column-width\" width=\"492\" height=\"443\"><\/li><li> Agora insira a largura da coluna conforme sua escolha e clique em OK. <br><img loading=\"lazy\" decoding=\"async\" title=\"Valor de largura de 5 colunas\" src=\"https:\/\/exceladvisor.org\/wp-content\/uploads\/2023\/08\/5-entrez-la-valeur-de-largeur-de-colonne.png\" sizes=\"auto, \" srcset=\"\" alt=\"enter-column-width-value\" width=\"356\" height=\"342\"><\/li><li> Neste momento, a largura das c\u00e9lulas selecionadas aumentou, o que aumentou o tamanho das c\u00e9lulas selecionadas. <br><img loading=\"lazy\" decoding=\"async\" title=\"Largura de 6 c\u00e9lulas aumentada\" src=\"https:\/\/exceladvisor.org\/wp-content\/uploads\/2023\/08\/6-largeurs-de-cellules-ont-ete-augmentees.png\" sizes=\"auto, \" srcset=\"\" alt=\"width-of-cells-got-increased\" width=\"356\" height=\"348\"><\/li><\/ol><p> No exemplo acima, selecionamos as c\u00e9lulas que est\u00e3o sob duas colunas (A e B) e nas linhas (1 a 13) e inserimos a altura da linha e a largura da coluna como 25, o que aumentou as c\u00e9lulas.<\/p><p> Voc\u00ea pode aumentar a altura da linha em at\u00e9 409 e a largura da coluna em at\u00e9 255.<\/p><h2 class=\"wp-block-heading\"> 2. Amplie as c\u00e9lulas usando o AutoAjuste de altura de linha e largura de coluna<\/h2><p> Esta op\u00e7\u00e3o de ajuste autom\u00e1tico \u00e9 usada para ajustar o tamanho da c\u00e9lula com base nos valores da c\u00e9lula. Quando voc\u00ea usa o recurso de ajuste autom\u00e1tico, as c\u00e9lulas s\u00e3o ampliadas ou reduzidas com base no valor da c\u00e9lula.<\/p><ol><li> Primeiro, selecione as c\u00e9lulas ou a coluna inteira nas quais os valores das c\u00e9lulas s\u00e3o longos e\/ou sobrepostos e\/ou parcialmente ocultos.<\/li><li> Uma vez selecionado, v\u00e1 para a guia \u201cHome\u201d, clique no \u00edcone \u201cFormatar\u201d abaixo do grupo de c\u00e9lulas e clique em \u201cAutoAjustar altura da linha\u201d no menu suspenso. <br><img loading=\"lazy\" decoding=\"async\" title=\"7-escolha-altura da linha de ajuste autom\u00e1tico\" src=\"https:\/\/exceladvisor.org\/wp-content\/uploads\/2023\/08\/7-choisir-la-hauteur-de-ligne-dajustement-automatique.png\" sizes=\"auto, \" srcset=\"\" alt=\"choose-autofit-row-height\" width=\"528\" height=\"400\"><\/li><li> Ao clicar em \u201cAutoFit Row Height\u201d, apenas aumentar\u00e1 a altura das c\u00e9lulas onde os dados est\u00e3o dispon\u00edveis nas linhas e ficam ocultos. <br><img loading=\"lazy\" decoding=\"async\" title=\"8 linhas de altura aumentada\" src=\"https:\/\/exceladvisor.org\/wp-content\/uploads\/2023\/08\/Hauteur-de-8-rangees-augmentee.png\" sizes=\"auto, \" srcset=\"\" alt=\"row-height-increased\" width=\"258\" height=\"316\"><\/li><li> Agora selecione as c\u00e9lulas ou coluna novamente e v\u00e1 para o \u00edcone \u201cFormatar\u201d no grupo de c\u00e9lulas e desta vez clique em \u201cAutoAjustar largura da coluna\u201d no menu suspenso. <br><img loading=\"lazy\" decoding=\"async\" title=\"9-escolha a largura da coluna de ajuste autom\u00e1tico\" src=\"https:\/\/exceladvisor.org\/wp-content\/uploads\/2023\/08\/9-choisir-la-largeur-de-colonne-dajustement-automatique.png\" sizes=\"auto, \" srcset=\"\" alt=\"choose-autofit-column-width\" width=\"526\" height=\"398\"><\/li><li> Neste ponto, todas as c\u00e9lulas da coluna crescer\u00e3o at\u00e9 o tamanho do valor mais longo que teria em qualquer uma das c\u00e9lulas selecionadas na coluna. <br><img loading=\"lazy\" decoding=\"async\" title=\"Largura de 10 c\u00e9lulas aumentada\" src=\"https:\/\/exceladvisor.org\/wp-content\/uploads\/2023\/08\/10-augmentation-de-la-largeur-des-cellules.png\" sizes=\"auto, \" srcset=\"\" alt=\"increased-cells-width\" width=\"313\" height=\"287\"><\/li><\/ol><p> No exemplo acima, quando usamos o AutoFit Row Height, ele aumentou apenas uma c\u00e9lula porque apenas essa c\u00e9lula tinha o valor oculto e o valor armazenado nas linhas e quando usamos o AutoFit Column Width, isso aumentou todas as c\u00e9lulas aumentando a largura do c\u00e9lula e a largura foi aumentada para o valor mais longo.<\/p><h2 class=\"wp-block-heading\"> 3. Aumente as c\u00e9lulas usando quebra autom\u00e1tica de texto<\/h2><p> O texto da linha amplia as c\u00e9lulas ajustando os valores nas c\u00e9lulas, aumentando apenas a altura da c\u00e9lula.<\/p><ol><li> Primeiro, selecione as c\u00e9lulas ou a coluna inteira nas quais deseja ampliar as c\u00e9lulas usando o recurso de quebra de texto.<\/li><li> Depois disso, v\u00e1 para a guia \u201cHome\u201d e clique no \u00edcone \u201cWrap Text\u201d abaixo do \u00edcone \u201cAlignment\u201d. <br><img loading=\"lazy\" decoding=\"async\" title=\"\u00cdcone de texto de contorno 11\" src=\"https:\/\/exceladvisor.org\/wp-content\/uploads\/2023\/08\/11-icone-de-texte-dhabillage.png\" sizes=\"auto, \" srcset=\"\" alt=\"wraptext-icon\" width=\"540\" height=\"352\"><\/li><li> Depois de clicar em \u201cQuebrar texto\u201d, a altura das c\u00e9lulas ser\u00e1 aumentada e o valor nas c\u00e9lulas ser\u00e1 ajustado e as c\u00e9lulas ficar\u00e3o maiores exceto as c\u00e9lulas que ter\u00e3o valores em linhas como temos na c\u00e9lula B2 . <br><img loading=\"lazy\" decoding=\"async\" title=\"12 wraptext aplicado\" src=\"https:\/\/exceladvisor.org\/wp-content\/uploads\/2023\/08\/12-wraptext-applique.png\" sizes=\"auto, \" srcset=\"\" alt=\"wraptext-applied\" width=\"255\" height=\"435\"><\/li><\/ol><h2 class=\"wp-block-heading\"> 4. Aumente as c\u00e9lulas usando o mouse<\/h2><p> Voc\u00ea tamb\u00e9m pode ampliar as c\u00e9lulas aumentando a largura da coluna e a altura da linha usando o mouse, colocando o cursor sobre as bordas do cabe\u00e7alho da coluna e as bordas do n\u00famero da linha e pode expandir a largura e a linha usando o mouse. <\/p><div class=\"wp-block-image\"><figure class=\"aligncenter size-full is-resized\"><img loading=\"lazy\" decoding=\"async\" class=\"wp-image-77414\" src=\"https:\/\/exceladvisor.org\/wp-content\/uploads\/2023\/08\/13-developper-la-largeur-de-colonne-et-la-hauteur-de-ligne.png\" sizes=\"auto, \" srcset=\"\" alt=\"expandir largura da coluna e altura da linha\" width=\"278\" height=\"269\"><\/figure><\/div><h2 class=\"wp-block-heading\"> 5. Aumente todas as c\u00e9lulas de uma vez no Excel<\/h2><p> Voc\u00ea pode ampliar todas as c\u00e9lulas de uma planilha, mesmo que n\u00e3o tenha valores nessas c\u00e9lulas.<\/p><ol><li> Primeiro, clique no canto superior direito da planilha para selecionar todas as c\u00e9lulas de uma vez. <br><img loading=\"lazy\" decoding=\"async\" title=\"14 selecione todas as c\u00e9lulas\" src=\"https:\/\/exceladvisor.org\/wp-content\/uploads\/2023\/08\/14-selectionner-toutes-les-cellules.png\" sizes=\"auto, \" srcset=\"\" alt=\"select-all-cells\" width=\"433\" height=\"274\"><\/li><li> Depois disso, clique no separador entre as colunas A e B e segure o clique. E segurando o mouse, aumente a largura da coluna (isso aumentar\u00e1 a largura das colunas da planilha). <br><img loading=\"lazy\" decoding=\"async\" title=\"Separador de 15 cliques entre colunas\" src=\"https:\/\/exceladvisor.org\/wp-content\/uploads\/2023\/08\/15-clics-entre-les-separateurs-de-colonnes.png\" sizes=\"auto, \" srcset=\"\" alt=\"click-between-columns-divider\" width=\"340\" height=\"274\"><\/li><li> Em seguida, clique no separador entre as linhas 1 e 2 e segure. E segurando o mouse, aumente a altura da linha (isso aumentar\u00e1 a altura de todas as linhas da planilha). <br><img loading=\"lazy\" decoding=\"async\" title=\"16 cliques no separador entre linhas\" src=\"https:\/\/exceladvisor.org\/wp-content\/uploads\/2023\/08\/Separateur-16-clics-entre-les-lignes.png\" sizes=\"auto, \" srcset=\"\" alt=\"click-between-rows-divider\" width=\"441\" height=\"299\"><\/li><li> Ao final, clique em qualquer lugar da planilha e <a href=\"https:\/\/exceladvisor.org\/pt\/desmarcar-celulas\/\">desmarque as c\u00e9lulas<\/a> . <br><img loading=\"lazy\" decoding=\"async\" title=\"17 c\u00e9lulas desmarcadas\" src=\"https:\/\/exceladvisor.org\/wp-content\/uploads\/2023\/08\/17-deselectionner-les-cellules.png\" sizes=\"auto, \" srcset=\"\" alt=\"deselect-the-cells\" width=\"491\" height=\"326\"><\/li><\/ol><h2 class=\"wp-block-heading\"> 6. Amplie c\u00e9lulas com <a href=\"https:\/\/exceladvisor.org\/pt\/atalhos-do-teclado\/\">atalhos de teclado<\/a> <a href=\"https:\/\/exceladvisor.org\/pt\/ajuste-automatico\/\">AutoFit<\/a><\/h2><ul><li> Para ajustar automaticamente a largura das c\u00e9lulas (colunas): Alt \u21e2 H \u21e2 O \u21e2 I.<\/li><li> Para ajustar automaticamente a altura da linha (linhas): Alt \u21e2 H \u21e2 O \u21e2 A.<\/li><li> Para inserir a altura da linha manualmente: Alt \u21e2 H \u21e2 O \u21e2 H.<\/li><li> Para inserir a largura da coluna manualmente: Alt \u21e2 H \u21e2 O \u21e2 W.<\/li><\/ul><p> Voc\u00ea pode usar esses atalhos de teclado com uma c\u00e9lula e com todas as c\u00e9lulas de uma planilha.<\/p><h2 class=\"wp-block-heading\"> 7. Aumente o tamanho da fonte para ampliar as c\u00e9lulas<\/h2><p> Se quiser aumentar instantaneamente o tamanho das c\u00e9lulas, voc\u00ea pode simplesmente aumentar o tamanho da fonte de todas as c\u00e9lulas. No Excel, a <a href=\"https:\/\/exceladvisor.org\/pt\/fonte-padrao\/\">fonte padr\u00e3o<\/a> \u00e9 Calibri com tamanho 11. E quando voc\u00ea aumenta o tamanho da fonte, aumenta todas as c\u00e9lulas de acordo com o tamanho da fonte.<\/p><ul><li> Selecione todas as c\u00e9lulas.<\/li><li> Aumentar o tamanho da fonte. <\/li><\/ul><div class=\"wp-block-image\"><figure class=\"aligncenter size-full is-resized\"><img loading=\"lazy\" decoding=\"async\" class=\"wp-image-77447\" src=\"https:\/\/exceladvisor.org\/wp-content\/uploads\/2023\/08\/18-augmenter-la-taille-de-la-police.png\" sizes=\"auto, \" srcset=\"\" alt=\"Aumentar o tamanho da fonte\" width=\"549\" height=\"387\"><\/figure><\/div><h2 class=\"wp-block-heading\"> 8. Aumente o zoom para ampliar as c\u00e9lulas<\/h2><p> Se voc\u00ea deseja apenas que as c\u00e9lulas sejam maiores para uma melhor visualiza\u00e7\u00e3o, voc\u00ea pode aumentar o <a href=\"https:\/\/exceladvisor.org\/pt\/aumentar-zoom-diminuir-zoom\/\">n\u00edvel de zoom da planilha<\/a> . Basta usar a rolagem de zoom no canto inferior direito da janela do Excel. <\/p><div class=\"wp-block-image\"><figure class=\"aligncenter size-full is-resized\"><img loading=\"lazy\" decoding=\"async\" class=\"wp-image-77448\" src=\"https:\/\/exceladvisor.org\/wp-content\/uploads\/2023\/08\/19-changer-le-niveau-de-zoom.png\" sizes=\"auto, \" srcset=\"\" alt=\"alterar o n\u00edvel de zoom\" width=\"552\" height=\"292\"><\/figure><\/div><p> Isso aumentar\u00e1 apenas as c\u00e9lulas da planilha atual.<\/p><div class=\"gb-container gb-container-4db6181c gb-container-mt\"> <a class=\"gb-button gb-button-c5897111 gb-button-text gb-button-mt-button\" href=\"https:\/\/exceladvisor.org\/pt\/excel-avancado\/\">Tutoriais avan\u00e7ados de Excel<\/a><h2 class=\"gb-headline gb-headline-665e5f6b gb-headline-text gb-headline-mt-heading\"> Tutoriais relacionados <\/h2><div class=\"gb-grid-wrapper gb-grid-wrapper-a20baf7c gb-grid-wrapper-mt-grid\"><div class=\"gb-grid-column gb-grid-column-50067b57\"><div class=\"gb-container gb-container-50067b57\"><ul><li> <a href=\"https:\/\/exceladvisor.org\/pt\/renomear-a-tabela\/\">Renomear uma tabela no Excel<\/a><\/li><li> <a href=\"https:\/\/exceladvisor.org\/pt\/numeros-de-coluna\/\">N\u00fameros de colunas no Excel<\/a><\/li><li> <a href=\"https:\/\/exceladvisor.org\/pt\/celulas-cinzentas\/\">C\u00e9lulas cinza no Excel<\/a><\/li><li> <a href=\"https:\/\/exceladvisor.org\/pt\/remover-hifens\/\">Remover h\u00edfens no Excel<\/a><\/li><li> <a href=\"https:\/\/exceladvisor.org\/pt\/encontrar-celulas-mescladas\/\">Encontre c\u00e9lulas mescladas no Excel<\/a><\/li><\/ul><\/div><\/div><\/div><\/div>","protected":false},"excerpt":{"rendered":"","protected":false},"author":1,"featured_media":0,"parent":0,"menu_order":0,"comment_status":"open","ping_status":"closed","template":"","meta":{"ub_ctt_via":"","footnotes":""},"class_list":["post-446","page","type-page","status-publish","hentry"],"featured_image_src":null,"yoast_head":"<!-- This site is optimized with the Yoast SEO plugin v25.4 - https:\/\/yoast.com\/wordpress\/plugins\/seo\/ -->\n<title>Como aumentar as c\u00e9lulas no Excel?<\/title>\n<meta name=\"description\" content=\"Neste tutorial, aprenderemos como ampliar c\u00e9lulas no Excel usando 8 m\u00e9todos diferentes.\" \/>\n<meta name=\"robots\" content=\"index, follow, max-snippet:-1, max-image-preview:large, max-video-preview:-1\" \/>\n<link rel=\"canonical\" href=\"https:\/\/exceladvisor.org\/pt\/tornar-as-celulas-maiores\/\" \/>\n<meta property=\"og:locale\" content=\"pt_PT\" \/>\n<meta property=\"og:type\" content=\"article\" \/>\n<meta property=\"og:title\" content=\"Como aumentar as c\u00e9lulas no Excel?\" \/>\n<meta property=\"og:description\" content=\"Neste tutorial, aprenderemos como ampliar c\u00e9lulas no Excel usando 8 m\u00e9todos diferentes.\" \/>\n<meta property=\"og:url\" content=\"https:\/\/exceladvisor.org\/pt\/tornar-as-celulas-maiores\/\" \/>\n<meta property=\"og:site_name\" content=\"Excel Advisor\" \/>\n<meta property=\"article:modified_time\" content=\"2023-12-06T11:34:54+00:00\" \/>\n<meta property=\"og:image\" content=\"https:\/\/exceladvisor.org\/wp-content\/uploads\/2023\/08\/1-icone-de-format-donglet-daccueil.png\" \/>\n<meta name=\"twitter:card\" content=\"summary_large_image\" \/>\n<meta name=\"twitter:label1\" content=\"Tempo estimado de leitura\" \/>\n\t<meta name=\"twitter:data1\" content=\"5 minutos\" \/>\n<script type=\"application\/ld+json\" class=\"yoast-schema-graph\">{\"@context\":\"https:\/\/schema.org\",\"@graph\":[{\"@type\":\"WebPage\",\"@id\":\"https:\/\/exceladvisor.org\/pt\/tornar-as-celulas-maiores\/\",\"url\":\"https:\/\/exceladvisor.org\/pt\/tornar-as-celulas-maiores\/\",\"name\":\"Como aumentar as c\u00e9lulas no Excel?\",\"isPartOf\":{\"@id\":\"https:\/\/exceladvisor.org\/pt\/#website\"},\"primaryImageOfPage\":{\"@id\":\"https:\/\/exceladvisor.org\/pt\/tornar-as-celulas-maiores\/#primaryimage\"},\"image\":{\"@id\":\"https:\/\/exceladvisor.org\/pt\/tornar-as-celulas-maiores\/#primaryimage\"},\"thumbnailUrl\":\"https:\/\/exceladvisor.org\/wp-content\/uploads\/2023\/08\/1-icone-de-format-donglet-daccueil.png\",\"datePublished\":\"2023-10-28T02:08:06+00:00\",\"dateModified\":\"2023-12-06T11:34:54+00:00\",\"description\":\"Neste tutorial, aprenderemos como ampliar c\u00e9lulas no Excel usando 8 m\u00e9todos diferentes.\",\"breadcrumb\":{\"@id\":\"https:\/\/exceladvisor.org\/pt\/tornar-as-celulas-maiores\/#breadcrumb\"},\"inLanguage\":\"pt-PT\",\"potentialAction\":[{\"@type\":\"ReadAction\",\"target\":[\"https:\/\/exceladvisor.org\/pt\/tornar-as-celulas-maiores\/\"]}]},{\"@type\":\"ImageObject\",\"inLanguage\":\"pt-PT\",\"@id\":\"https:\/\/exceladvisor.org\/pt\/tornar-as-celulas-maiores\/#primaryimage\",\"url\":\"https:\/\/exceladvisor.org\/wp-content\/uploads\/2023\/08\/1-icone-de-format-donglet-daccueil.png\",\"contentUrl\":\"https:\/\/exceladvisor.org\/wp-content\/uploads\/2023\/08\/1-icone-de-format-donglet-daccueil.png\"},{\"@type\":\"BreadcrumbList\",\"@id\":\"https:\/\/exceladvisor.org\/pt\/tornar-as-celulas-maiores\/#breadcrumb\",\"itemListElement\":[{\"@type\":\"ListItem\",\"position\":1,\"name\":\"Lar\",\"item\":\"https:\/\/exceladvisor.org\/pt\/\"},{\"@type\":\"ListItem\",\"position\":2,\"name\":\"Como aumentar as c\u00e9lulas no excel?\"}]},{\"@type\":\"WebSite\",\"@id\":\"https:\/\/exceladvisor.org\/pt\/#website\",\"url\":\"https:\/\/exceladvisor.org\/pt\/\",\"name\":\"Excel Advisor\",\"description\":\"O seu guia definitivo para dominar os dados!\",\"publisher\":{\"@id\":\"https:\/\/exceladvisor.org\/pt\/#organization\"},\"potentialAction\":[{\"@type\":\"SearchAction\",\"target\":{\"@type\":\"EntryPoint\",\"urlTemplate\":\"https:\/\/exceladvisor.org\/pt\/?s={search_term_string}\"},\"query-input\":{\"@type\":\"PropertyValueSpecification\",\"valueRequired\":true,\"valueName\":\"search_term_string\"}}],\"inLanguage\":\"pt-PT\"},{\"@type\":\"Organization\",\"@id\":\"https:\/\/exceladvisor.org\/pt\/#organization\",\"name\":\"Excel Advisor\",\"url\":\"https:\/\/exceladvisor.org\/pt\/\",\"logo\":{\"@type\":\"ImageObject\",\"inLanguage\":\"pt-PT\",\"@id\":\"https:\/\/exceladvisor.org\/pt\/#\/schema\/logo\/image\/\",\"url\":\"https:\/\/exceladvisor.org\/pt\/wp-content\/uploads\/2023\/12\/exceladvisor.org_.png\",\"contentUrl\":\"https:\/\/exceladvisor.org\/pt\/wp-content\/uploads\/2023\/12\/exceladvisor.org_.png\",\"width\":105,\"height\":36,\"caption\":\"Excel Advisor\"},\"image\":{\"@id\":\"https:\/\/exceladvisor.org\/pt\/#\/schema\/logo\/image\/\"}}]}<\/script>\n<!-- \/ Yoast SEO plugin. -->","yoast_head_json":{"title":"Como aumentar as c\u00e9lulas no Excel?","description":"Neste tutorial, aprenderemos como ampliar c\u00e9lulas no Excel usando 8 m\u00e9todos diferentes.","robots":{"index":"index","follow":"follow","max-snippet":"max-snippet:-1","max-image-preview":"max-image-preview:large","max-video-preview":"max-video-preview:-1"},"canonical":"https:\/\/exceladvisor.org\/pt\/tornar-as-celulas-maiores\/","og_locale":"pt_PT","og_type":"article","og_title":"Como aumentar as c\u00e9lulas no Excel?","og_description":"Neste tutorial, aprenderemos como ampliar c\u00e9lulas no Excel usando 8 m\u00e9todos diferentes.","og_url":"https:\/\/exceladvisor.org\/pt\/tornar-as-celulas-maiores\/","og_site_name":"Excel Advisor","article_modified_time":"2023-12-06T11:34:54+00:00","og_image":[{"url":"https:\/\/exceladvisor.org\/wp-content\/uploads\/2023\/08\/1-icone-de-format-donglet-daccueil.png","type":"","width":"","height":""}],"twitter_card":"summary_large_image","twitter_misc":{"Tempo estimado de leitura":"5 minutos"},"schema":{"@context":"https:\/\/schema.org","@graph":[{"@type":"WebPage","@id":"https:\/\/exceladvisor.org\/pt\/tornar-as-celulas-maiores\/","url":"https:\/\/exceladvisor.org\/pt\/tornar-as-celulas-maiores\/","name":"Como aumentar as c\u00e9lulas no Excel?","isPartOf":{"@id":"https:\/\/exceladvisor.org\/pt\/#website"},"primaryImageOfPage":{"@id":"https:\/\/exceladvisor.org\/pt\/tornar-as-celulas-maiores\/#primaryimage"},"image":{"@id":"https:\/\/exceladvisor.org\/pt\/tornar-as-celulas-maiores\/#primaryimage"},"thumbnailUrl":"https:\/\/exceladvisor.org\/wp-content\/uploads\/2023\/08\/1-icone-de-format-donglet-daccueil.png","datePublished":"2023-10-28T02:08:06+00:00","dateModified":"2023-12-06T11:34:54+00:00","description":"Neste tutorial, aprenderemos como ampliar c\u00e9lulas no Excel usando 8 m\u00e9todos diferentes.","breadcrumb":{"@id":"https:\/\/exceladvisor.org\/pt\/tornar-as-celulas-maiores\/#breadcrumb"},"inLanguage":"pt-PT","potentialAction":[{"@type":"ReadAction","target":["https:\/\/exceladvisor.org\/pt\/tornar-as-celulas-maiores\/"]}]},{"@type":"ImageObject","inLanguage":"pt-PT","@id":"https:\/\/exceladvisor.org\/pt\/tornar-as-celulas-maiores\/#primaryimage","url":"https:\/\/exceladvisor.org\/wp-content\/uploads\/2023\/08\/1-icone-de-format-donglet-daccueil.png","contentUrl":"https:\/\/exceladvisor.org\/wp-content\/uploads\/2023\/08\/1-icone-de-format-donglet-daccueil.png"},{"@type":"BreadcrumbList","@id":"https:\/\/exceladvisor.org\/pt\/tornar-as-celulas-maiores\/#breadcrumb","itemListElement":[{"@type":"ListItem","position":1,"name":"Lar","item":"https:\/\/exceladvisor.org\/pt\/"},{"@type":"ListItem","position":2,"name":"Como aumentar as c\u00e9lulas no excel?"}]},{"@type":"WebSite","@id":"https:\/\/exceladvisor.org\/pt\/#website","url":"https:\/\/exceladvisor.org\/pt\/","name":"Excel Advisor","description":"O seu guia definitivo para dominar os dados!","publisher":{"@id":"https:\/\/exceladvisor.org\/pt\/#organization"},"potentialAction":[{"@type":"SearchAction","target":{"@type":"EntryPoint","urlTemplate":"https:\/\/exceladvisor.org\/pt\/?s={search_term_string}"},"query-input":{"@type":"PropertyValueSpecification","valueRequired":true,"valueName":"search_term_string"}}],"inLanguage":"pt-PT"},{"@type":"Organization","@id":"https:\/\/exceladvisor.org\/pt\/#organization","name":"Excel Advisor","url":"https:\/\/exceladvisor.org\/pt\/","logo":{"@type":"ImageObject","inLanguage":"pt-PT","@id":"https:\/\/exceladvisor.org\/pt\/#\/schema\/logo\/image\/","url":"https:\/\/exceladvisor.org\/pt\/wp-content\/uploads\/2023\/12\/exceladvisor.org_.png","contentUrl":"https:\/\/exceladvisor.org\/pt\/wp-content\/uploads\/2023\/12\/exceladvisor.org_.png","width":105,"height":36,"caption":"Excel Advisor"},"image":{"@id":"https:\/\/exceladvisor.org\/pt\/#\/schema\/logo\/image\/"}}]}},"yoast_meta":{"yoast_wpseo_title":"","yoast_wpseo_metadesc":"","yoast_wpseo_canonical":""},"_links":{"self":[{"href":"https:\/\/exceladvisor.org\/pt\/wp-json\/wp\/v2\/pages\/446","targetHints":{"allow":["GET"]}}],"collection":[{"href":"https:\/\/exceladvisor.org\/pt\/wp-json\/wp\/v2\/pages"}],"about":[{"href":"https:\/\/exceladvisor.org\/pt\/wp-json\/wp\/v2\/types\/page"}],"author":[{"embeddable":true,"href":"https:\/\/exceladvisor.org\/pt\/wp-json\/wp\/v2\/users\/1"}],"replies":[{"embeddable":true,"href":"https:\/\/exceladvisor.org\/pt\/wp-json\/wp\/v2\/comments?post=446"}],"version-history":[{"count":1,"href":"https:\/\/exceladvisor.org\/pt\/wp-json\/wp\/v2\/pages\/446\/revisions"}],"predecessor-version":[{"id":862,"href":"https:\/\/exceladvisor.org\/pt\/wp-json\/wp\/v2\/pages\/446\/revisions\/862"}],"wp:attachment":[{"href":"https:\/\/exceladvisor.org\/pt\/wp-json\/wp\/v2\/media?parent=446"}],"curies":[{"name":"wp","href":"https:\/\/api.w.org\/{rel}","templated":true}]}}