{"id":447,"date":"2023-10-28T01:54:46","date_gmt":"2023-10-28T01:54:46","guid":{"rendered":"https:\/\/exceladvisor.org\/pt\/busca-de-meta\/"},"modified":"2023-12-06T11:50:07","modified_gmt":"2023-12-06T11:50:07","slug":"busca-de-meta","status":"publish","type":"page","link":"https:\/\/exceladvisor.org\/pt\/busca-de-meta\/","title":{"rendered":"Como usar o atingimento de meta no excel?"},"content":{"rendered":"<div class=\"excel-before-content-2\" id=\"excel-511689626\"><script type=\"text\/javascript\">\r\n\tatOptions = {\r\n\t\t'key' : 'c1158f160081d6540a8409e6925dab94',\r\n\t\t'format' : 'iframe',\r\n\t\t'height' : 250,\r\n\t\t'width' : 300,\r\n\t\t'params' : {}\r\n\t};\r\n<\/script>\r\n<script type=\"text\/javascript\" src=\"\/\/www.highperformanceformat.com\/c1158f160081d6540a8409e6925dab94\/invoke.js\"><\/script><\/div><div class=\"excel-before-content\" id=\"excel-926429693\"><script type=\"text\/javascript\">\r\n\tatOptions = {\r\n\t\t'key' : 'c1158f160081d6540a8409e6925dab94',\r\n\t\t'format' : 'iframe',\r\n\t\t'height' : 250,\r\n\t\t'width' : 300,\r\n\t\t'params' : {}\r\n\t};\r\n<\/script>\r\n<script type=\"text\/javascript\" src=\"\/\/www.highperformanceformat.com\/c1158f160081d6540a8409e6925dab94\/invoke.js\"><\/script><\/div> <p class=\"has-text-align-left\">No ensino m\u00e9dio, eu costumava resolver equa\u00e7\u00f5es matem\u00e1ticas onde tinha o resultado da equa\u00e7\u00e3o, mas n\u00e3o o valor de entrada. Ent\u00e3o, se voc\u00ea est\u00e1 planejando resolver o mesmo tipo de problemas no Excel, voc\u00ea tem uma ferramenta espec\u00edfica que pode te ajudar.<\/p><p> <strong>Busca de meta<\/strong><\/p><p> Sua ideia b\u00e1sica \u00e9 encontrar o valor de entrada que a f\u00f3rmula precisa para obter esse resultado. Simplificando, se voc\u00ea souber qual valor de resultado real deseja, poder\u00e1 usar a Pesquisa de meta para encontrar o melhor valor de entrada para obt\u00ea-lo.<\/p><p> Por exemplo: digamos que voc\u00ea precise pedir dinheiro emprestado a um amigo. Voc\u00ea sabe quanto dinheiro precisa, quanto tempo deseja levar para pagar o empr\u00e9stimo e quanto pode pagar por m\u00eas.<\/p><p> Voc\u00ea pode usar a busca por meta para calcular a taxa de juros necess\u00e1ria para obter com seu amigo. Existem N problemas complexos que voc\u00ea pode resolver com a busca de metas.<\/p><p> Ent\u00e3o, hoje neste artigo voc\u00ea aprender\u00e1 como usar o Goal Search no Excel, como funciona e as coisas importantes que voc\u00ea precisa cuidar. Vamos come\u00e7ar.<\/p><h2 id=\"tab-con-1\" class=\"wp-block-heading\"> Como abrir o Goal Seek<\/h2><p> Para abrir uma lente, tente usar um destes dois m\u00e9todos.<\/p><ul><li> V\u00e1 para a guia Dados \u2192 An\u00e1lise de hip\u00f3teses \u2192 Pesquisa de meta. <\/li><\/ul><div class=\"wp-block-image\"><figure class=\"aligncenter\"><img decoding=\"async\" src=\"https:\/\/exceladvisor.org\/wp-content\/uploads\/2023\/08\/recherche-dobjectif-ouvert-dans-excel-1.png\" sizes=\"\" srcset=\"\" alt=\"abra a pesquisa objetiva no Excel\"><\/figure><\/div><ul><li> Use a tecla de atalho Alt + T + G.<\/li><\/ul><p> Voc\u00ea pode usar esses m\u00e9todos para habilitar a pesquisa de metas nas vers\u00f5es 2007 a 2016 do Microsoft Excel.<\/p><h2 id=\"tab-con-2\" class=\"wp-block-heading\"> Componentes da fun\u00e7\u00e3o Goal Seek<\/h2><p> Ao abrir o Goal Seek, voc\u00ea ver\u00e1 uma pequena janela pop-up para inserir dados. Basicamente, possui tr\u00eas componentes necess\u00e1rios. <\/p><div class=\"wp-block-image\"><figure class=\"aligncenter\"><img decoding=\"async\" src=\"https:\/\/exceladvisor.org\/wp-content\/uploads\/2023\/08\/objectif-chercher-dans-excel-une-petite-fenetre-pop-up-1.png\" sizes=\"\" srcset=\"\" alt=\"pesquisa objetiva no Excel uma pequena janela pop-up\"><\/figure><\/div><ol><li> Definir C\u00e9lula: C\u00e9lula na qual deseja obter o resultado desejado. Certifique-se de que a c\u00e9lula \u00e0 qual voc\u00ea est\u00e1 se referindo aqui contenha uma f\u00f3rmula.<\/li><li> To Value: Valor que voc\u00ea deseja como resultado.<\/li><li> Ao alterar c\u00e9lulas: a c\u00e9lula na qual deseja que a altera\u00e7\u00e3o produza o resultado \u00e9 igual ao \u201cvalor em\u201d. Certifique-se de que a c\u00e9lula \u00e0 qual voc\u00ea est\u00e1 se referindo aqui seja usada na f\u00f3rmula da c\u00e9lula mencionada em \u201cDefinir c\u00e9lula\u201d.<\/li><\/ol><h2 id=\"tab-con-3\" class=\"wp-block-heading\"> Resolva um problema no Excel com Goal Seek<\/h2><p> Imagine que voc\u00ea trabalha em uma empresa que est\u00e1 tentando vencer uma licita\u00e7\u00e3o oferecendo o menor pre\u00e7o.<\/p><p> Para isso, voc\u00ea precisa preparar uma estrutura de pre\u00e7os na qual seu pre\u00e7o de destino (para o cliente) deve ser de US$ 1.000. Embora seu pre\u00e7o final atual seja $ 1.089,9. <\/p><div class=\"wp-block-image\"><figure class=\"aligncenter\"><img decoding=\"async\" src=\"https:\/\/exceladvisor.org\/wp-content\/uploads\/2023\/08\/structure-de-prix-des-produits-pour-lutilisation-de-la-recherche-dobjectifs-dans-Excel-1.png\" sizes=\"\" srcset=\"\" alt=\"estrutura de pre\u00e7os de produtos para usar pesquisa de metas no Excel\"><\/figure><\/div><p> Se quiser fazer isso manualmente, voc\u00ea tem duas op\u00e7\u00f5es.<\/p><ol><li> Fa\u00e7a um c\u00e1lculo retroativo onde voc\u00ea precisa deduzir todos os impostos e taxas do pre\u00e7o de desembarque (US$ 1.000) para chegar ao pre\u00e7o base.<\/li><li> No entanto, voc\u00ea precisa alterar seu pre\u00e7o base para obter o pre\u00e7o final desejado.<\/li><\/ol><p> N\u00e3o \u00e9 t\u00e3o f\u00e1cil quanto parece, mas encontrar gols pode mudar o jogo aqui.<\/p><p> <a href=\"https:\/\/exceladvisor.org\/wp-content\/uploads\/2023\/08\/recherche-dobjectif-dans-excel.zip\" rel=\"nofollow\">Baixe este arquivo aqui<\/a> e siga as etapas abaixo.<\/p><ul><li> Ao abrir a busca de metas voc\u00ea ver\u00e1 uma janela como esta. <\/li><\/ul><div class=\"wp-block-image\"><figure class=\"aligncenter\"><img decoding=\"async\" src=\"https:\/\/exceladvisor.org\/wp-content\/uploads\/2023\/08\/utiliser-la-recherche-dobjectifs-dans-Excel-pour-calculer-le-nouveau-prix-final-1.png\" sizes=\"\" srcset=\"\" alt=\"use a pesquisa de metas no Excel para calcular o novo pre\u00e7o final\"><\/figure><\/div><ul><li> Agora voc\u00ea precisa inserir os seguintes valores.<ol><li> Clique em \u201cDefinir valor\u201d e consulte a c\u00e9lula com o pre\u00e7o de destino.<\/li><li> Clique em \u201cAt\u00e9 Valor\u201d e insira o valor que deseja como resultado, na c\u00e9lula com pre\u00e7o de destino.<\/li><li> Ao final, clique em \u201cAo alterar c\u00e9lula\u201d e fa\u00e7a refer\u00eancia \u00e0 c\u00e9lula com pre\u00e7o base. <\/li><\/ol><\/li><\/ul><div class=\"wp-block-image\"><figure class=\"aligncenter\"><img decoding=\"async\" src=\"https:\/\/exceladvisor.org\/wp-content\/uploads\/2023\/08\/specifier-les-valeurs-a-utiliser-la-recherche-dobjectifs-dans-Excel-1.png\" sizes=\"\" srcset=\"\" alt=\"especifique valores para usar a pesquisa de metas no Excel\"><\/figure><\/div><ul><li> Clique OK.<\/li><li> O Goal Seek far\u00e1 algo assim com sua planilha. <\/li><\/ul><div class=\"wp-block-image\"><figure class=\"aligncenter\"><img decoding=\"async\" src=\"https:\/\/exceladvisor.org\/wp-content\/uploads\/2023\/08\/utiliser-la-recherche-dobjectifs-dans-Excel-pour-calculer-le-prix-de-chargement-1.gif\" sizes=\"\" srcset=\"\" alt=\"use a pesquisa de meta no Excel para calcular o pre\u00e7o de carregamento\"><\/figure><\/div><h3 class=\"wp-block-heading\"> Como funciona<\/h3><p> Agora, se voc\u00ea verificar a c\u00e9lula do pre\u00e7o base, seu valor ser\u00e1 alterado para US$ 925 e, com isso, seu pre\u00e7o de destino ser\u00e1 alterado para US$ 1.000. Sua base mudou por busca objetiva usando um <a href=\"https:\/\/www.meritnation.com\/ask-answer\/question\/how-to-use-hit-and-trial-method\/mensuration\/3630981\" target=\"_blank\" rel=\"noreferrer noopener\">m\u00e9todo de tentativa e erro<\/a> . Por\u00e9m, a busca objetiva \u00e9 bastante r\u00e1pida e voc\u00ea n\u00e3o consegue ver todo o processo.<\/p><h2 id=\"tab-con-4\" class=\"wp-block-heading\"> Pontos importantes sobre o Atingimento de Meta<\/h2><p> Estes s\u00e3o alguns pontos que devem ser mantidos em mente ao usar a determina\u00e7\u00e3o de metas.<\/p><ol><li> Uma c\u00e9lula usada como c\u00e9lula definida deve conter uma f\u00f3rmula que depende da c\u00e9lula &#8220;Ao alterar c\u00e9lulas&#8221;.<\/li><li> Goal Seek usa o m\u00e9todo de itera\u00e7\u00e3o para atingir o valor alvo mencionado em \u201cTo Value\u201d. Voc\u00ea pode ajustar sua itera\u00e7\u00e3o em Arquivo-&gt;Op\u00e7\u00f5es-&gt;F\u00f3rmulas (isso pode aumentar seu n\u00edvel de precis\u00e3o).<\/li><li> \u00c0s vezes, o Excel n\u00e3o conseguir\u00e1 fornecer o resultado desejado e exibir\u00e1 uma mensagem dizendo \u201ctalvez n\u00e3o tenha encontrado uma solu\u00e7\u00e3o\u201d. Nessa situa\u00e7\u00e3o, voc\u00ea pode inserir um valor mais pr\u00f3ximo do seu resultado e tentar novamente (US$ 999,95 em vez de US$ 1.000). Certifique-se tamb\u00e9m de verificar as duas dicas acima.<\/li><li> A pesquisa de meta s\u00f3 pode funcionar com um valor de entrada de c\u00e9lula por vez.<\/li><\/ol><h2 id=\"tab-con-5\" class=\"wp-block-heading\"> Usando Goal Seek com c\u00f3digo VBA<\/h2><p> Voc\u00ea pode saborear seu caf\u00e9 enquanto trabalha com o comando localizador de metas do Excel. Espero que voc\u00ea n\u00e3o se importe se puder adicionar mais chocolate usando VBA. Sim, voc\u00ea est\u00e1 certo, voc\u00ea pode usar a pesquisa de metas com VBA.<\/p><p> express\u00e3o.GoalSeek (Meta, ChangingCell)<\/p><ol><li> Express\u00e3o: Esta deve ser uma c\u00e9lula onde voc\u00ea deseja alcan\u00e7ar o resultado desejado.<\/li><li> Objetivo: o resultado desejado que queremos retornar como resultado.<\/li><li> C\u00e9lula de altera\u00e7\u00e3o: C\u00e9lula na qual s\u00e3o necess\u00e1rias altera\u00e7\u00f5es para obter o valor do resultado.<\/li><\/ol><p> Aqui est\u00e1 um c\u00f3digo de macro que voc\u00ea pode usar.<\/p><pre class=\"wp-block-code\"> <code class=\"language-visual-basic line-numbers\" lang=\"visual-basic\">Sub GoalSeekVBA() Rem: \/\/\/\/\/\/\/\/\/\/ Code by Exceladvisor.org Dim Target As Long On Error GoTo Errorhandler Target = InputBox(\"Enter the required value\", \"Enter Value\") Worksheets(\"Goal_Seek\").Activate With ActiveSheet.Range(\"C7\") .GoalSeek _ Goal:=Target, _ ChangingCell:=Range(\"C2\") End With Exit Sub Errorhandler: MsgBox (\"Sorry, value is not valid.\") End Sub<\/code><\/pre><p> <a href=\"https:\/\/exceladvisor.org\/wp-content\/uploads\/2023\/08\/recherche-dobjectif-dans-excel.zip\" rel=\"nofollow\"><strong>arquivo de amostra<\/strong><\/a><\/p><h2 class=\"wp-block-heading\"> Conclus\u00e3o<\/h2><p> Como eu disse, se voc\u00ea tentar encontrar o valor de entrada aplicando um m\u00e9todo manual, ter\u00e1 que gastar muito tempo ou criar uma f\u00f3rmula para realizar um c\u00e1lculo retroativo.<\/p><p> Mas usando o Lens Search voc\u00ea pode fazer isso com apenas um clique. Ele far\u00e1 todos os c\u00e1lculos complexos para voc\u00ea em um segundo. A melhor parte \u00e9 que voc\u00ea tamb\u00e9m pode us\u00e1-lo com VBA. E espero que isso ajude voc\u00ea a melhorar no Excel.<\/p><p class=\"qt-tip\"> <em><strong>Nota r\u00e1pida<\/strong> : Esta \u00e9 uma daquelas <a href=\"https:\/\/exceladvisor.org\/pt\/conselho\/\" data-wpil=\"url\">dicas do Excel<\/a> que podem ajud\u00e1-lo a melhorar <a href=\"https:\/\/exceladvisor.org\/pt\/habilidades-de-excelencia\/\">suas habilidades no Excel<\/a> .<\/em><\/p><div class=\"gb-container gb-container-4db6181c gb-container-mt\"> <a class=\"gb-button gb-button-c5897111 gb-button-text gb-button-mt-button\" href=\"https:\/\/exceladvisor.org\/pt\/excel-avancado\/\">Tutoriais avan\u00e7ados de Excel<\/a><h2 class=\"gb-headline gb-headline-665e5f6b gb-headline-text gb-headline-mt-heading\"> Tutoriais relacionados <\/h2><div class=\"gb-grid-wrapper gb-grid-wrapper-a20baf7c gb-grid-wrapper-mt-grid\"><div class=\"gb-grid-column gb-grid-column-65ddf67e\"><div class=\"gb-container gb-container-65ddf67e\"><ul><li> <a href=\"https:\/\/exceladvisor.org\/pt\/ferramenta-de-camera\/\">Ferramenta C\u00e2mera Excel<\/a><\/li><li> <a href=\"https:\/\/exceladvisor.org\/pt\/janela-de-observacao\/\">Janela de observa\u00e7\u00e3o no Excel<\/a><\/li><li> <a href=\"https:\/\/exceladvisor.org\/pt\/fatiador-de-excel\/\">Fatiador de Excel (guia completo)<\/a><\/li><li> <a href=\"https:\/\/exceladvisor.org\/pt\/excel-por-padrao-no-mac\/\">Tornar o Excel padr\u00e3o no Mac<\/a><\/li><li> <a href=\"https:\/\/exceladvisor.org\/pt\/modo-de-seguranca-do-excel\/\">Abra o Excel no modo de seguran\u00e7a<\/a><\/li><\/ul><\/div><\/div><\/div><\/div>","protected":false},"excerpt":{"rendered":"","protected":false},"author":1,"featured_media":0,"parent":0,"menu_order":0,"comment_status":"open","ping_status":"closed","template":"","meta":{"ub_ctt_via":"","footnotes":""},"class_list":["post-447","page","type-page","status-publish","hentry"],"featured_image_src":null,"yoast_head":"<!-- This site is optimized with the Yoast SEO plugin v25.4 - https:\/\/yoast.com\/wordpress\/plugins\/seo\/ -->\n<title>Como usar o Atingimento de Meta no Excel? (Manual + VBA)<\/title>\n<meta name=\"description\" content=\"Se voc\u00ea conhece o valor do resultado e deseja saber o valor de entrada para obter esse resultado, use Atingir meta no Excel.\" \/>\n<meta name=\"robots\" content=\"index, follow, max-snippet:-1, max-image-preview:large, max-video-preview:-1\" \/>\n<link rel=\"canonical\" href=\"https:\/\/exceladvisor.org\/pt\/busca-de-meta\/\" \/>\n<meta property=\"og:locale\" content=\"pt_PT\" \/>\n<meta property=\"og:type\" content=\"article\" \/>\n<meta property=\"og:title\" content=\"Como usar o Atingimento de Meta no Excel? (Manual + VBA)\" \/>\n<meta property=\"og:description\" content=\"Se voc\u00ea conhece o valor do resultado e deseja saber o valor de entrada para obter esse resultado, use Atingir meta no Excel.\" \/>\n<meta property=\"og:url\" content=\"https:\/\/exceladvisor.org\/pt\/busca-de-meta\/\" \/>\n<meta property=\"og:site_name\" content=\"Excel Advisor\" \/>\n<meta property=\"article:modified_time\" content=\"2023-12-06T11:50:07+00:00\" \/>\n<meta property=\"og:image\" content=\"https:\/\/exceladvisor.org\/wp-content\/uploads\/2023\/08\/recherche-dobjectif-ouvert-dans-excel-1.png\" \/>\n<meta name=\"twitter:card\" content=\"summary_large_image\" \/>\n<meta name=\"twitter:label1\" content=\"Tempo estimado de leitura\" \/>\n\t<meta name=\"twitter:data1\" content=\"5 minutos\" \/>\n<script type=\"application\/ld+json\" class=\"yoast-schema-graph\">{\"@context\":\"https:\/\/schema.org\",\"@graph\":[{\"@type\":\"WebPage\",\"@id\":\"https:\/\/exceladvisor.org\/pt\/busca-de-meta\/\",\"url\":\"https:\/\/exceladvisor.org\/pt\/busca-de-meta\/\",\"name\":\"Como usar o Atingimento de Meta no Excel? (Manual + VBA)\",\"isPartOf\":{\"@id\":\"https:\/\/exceladvisor.org\/pt\/#website\"},\"primaryImageOfPage\":{\"@id\":\"https:\/\/exceladvisor.org\/pt\/busca-de-meta\/#primaryimage\"},\"image\":{\"@id\":\"https:\/\/exceladvisor.org\/pt\/busca-de-meta\/#primaryimage\"},\"thumbnailUrl\":\"https:\/\/exceladvisor.org\/wp-content\/uploads\/2023\/08\/recherche-dobjectif-ouvert-dans-excel-1.png\",\"datePublished\":\"2023-10-28T01:54:46+00:00\",\"dateModified\":\"2023-12-06T11:50:07+00:00\",\"description\":\"Se voc\u00ea conhece o valor do resultado e deseja saber o valor de entrada para obter esse resultado, use Atingir meta no Excel.\",\"breadcrumb\":{\"@id\":\"https:\/\/exceladvisor.org\/pt\/busca-de-meta\/#breadcrumb\"},\"inLanguage\":\"pt-PT\",\"potentialAction\":[{\"@type\":\"ReadAction\",\"target\":[\"https:\/\/exceladvisor.org\/pt\/busca-de-meta\/\"]}]},{\"@type\":\"ImageObject\",\"inLanguage\":\"pt-PT\",\"@id\":\"https:\/\/exceladvisor.org\/pt\/busca-de-meta\/#primaryimage\",\"url\":\"https:\/\/exceladvisor.org\/wp-content\/uploads\/2023\/08\/recherche-dobjectif-ouvert-dans-excel-1.png\",\"contentUrl\":\"https:\/\/exceladvisor.org\/wp-content\/uploads\/2023\/08\/recherche-dobjectif-ouvert-dans-excel-1.png\"},{\"@type\":\"BreadcrumbList\",\"@id\":\"https:\/\/exceladvisor.org\/pt\/busca-de-meta\/#breadcrumb\",\"itemListElement\":[{\"@type\":\"ListItem\",\"position\":1,\"name\":\"Lar\",\"item\":\"https:\/\/exceladvisor.org\/pt\/\"},{\"@type\":\"ListItem\",\"position\":2,\"name\":\"Como usar o atingimento de meta no excel?\"}]},{\"@type\":\"WebSite\",\"@id\":\"https:\/\/exceladvisor.org\/pt\/#website\",\"url\":\"https:\/\/exceladvisor.org\/pt\/\",\"name\":\"Excel Advisor\",\"description\":\"O seu guia definitivo para dominar os dados!\",\"publisher\":{\"@id\":\"https:\/\/exceladvisor.org\/pt\/#organization\"},\"potentialAction\":[{\"@type\":\"SearchAction\",\"target\":{\"@type\":\"EntryPoint\",\"urlTemplate\":\"https:\/\/exceladvisor.org\/pt\/?s={search_term_string}\"},\"query-input\":{\"@type\":\"PropertyValueSpecification\",\"valueRequired\":true,\"valueName\":\"search_term_string\"}}],\"inLanguage\":\"pt-PT\"},{\"@type\":\"Organization\",\"@id\":\"https:\/\/exceladvisor.org\/pt\/#organization\",\"name\":\"Excel Advisor\",\"url\":\"https:\/\/exceladvisor.org\/pt\/\",\"logo\":{\"@type\":\"ImageObject\",\"inLanguage\":\"pt-PT\",\"@id\":\"https:\/\/exceladvisor.org\/pt\/#\/schema\/logo\/image\/\",\"url\":\"https:\/\/exceladvisor.org\/pt\/wp-content\/uploads\/2023\/12\/exceladvisor.org_.png\",\"contentUrl\":\"https:\/\/exceladvisor.org\/pt\/wp-content\/uploads\/2023\/12\/exceladvisor.org_.png\",\"width\":105,\"height\":36,\"caption\":\"Excel Advisor\"},\"image\":{\"@id\":\"https:\/\/exceladvisor.org\/pt\/#\/schema\/logo\/image\/\"}}]}<\/script>\n<!-- \/ Yoast SEO plugin. -->","yoast_head_json":{"title":"Como usar o Atingimento de Meta no Excel? (Manual + VBA)","description":"Se voc\u00ea conhece o valor do resultado e deseja saber o valor de entrada para obter esse resultado, use Atingir meta no Excel.","robots":{"index":"index","follow":"follow","max-snippet":"max-snippet:-1","max-image-preview":"max-image-preview:large","max-video-preview":"max-video-preview:-1"},"canonical":"https:\/\/exceladvisor.org\/pt\/busca-de-meta\/","og_locale":"pt_PT","og_type":"article","og_title":"Como usar o Atingimento de Meta no Excel? (Manual + VBA)","og_description":"Se voc\u00ea conhece o valor do resultado e deseja saber o valor de entrada para obter esse resultado, use Atingir meta no Excel.","og_url":"https:\/\/exceladvisor.org\/pt\/busca-de-meta\/","og_site_name":"Excel Advisor","article_modified_time":"2023-12-06T11:50:07+00:00","og_image":[{"url":"https:\/\/exceladvisor.org\/wp-content\/uploads\/2023\/08\/recherche-dobjectif-ouvert-dans-excel-1.png","type":"","width":"","height":""}],"twitter_card":"summary_large_image","twitter_misc":{"Tempo estimado de leitura":"5 minutos"},"schema":{"@context":"https:\/\/schema.org","@graph":[{"@type":"WebPage","@id":"https:\/\/exceladvisor.org\/pt\/busca-de-meta\/","url":"https:\/\/exceladvisor.org\/pt\/busca-de-meta\/","name":"Como usar o Atingimento de Meta no Excel? (Manual + VBA)","isPartOf":{"@id":"https:\/\/exceladvisor.org\/pt\/#website"},"primaryImageOfPage":{"@id":"https:\/\/exceladvisor.org\/pt\/busca-de-meta\/#primaryimage"},"image":{"@id":"https:\/\/exceladvisor.org\/pt\/busca-de-meta\/#primaryimage"},"thumbnailUrl":"https:\/\/exceladvisor.org\/wp-content\/uploads\/2023\/08\/recherche-dobjectif-ouvert-dans-excel-1.png","datePublished":"2023-10-28T01:54:46+00:00","dateModified":"2023-12-06T11:50:07+00:00","description":"Se voc\u00ea conhece o valor do resultado e deseja saber o valor de entrada para obter esse resultado, use Atingir meta no Excel.","breadcrumb":{"@id":"https:\/\/exceladvisor.org\/pt\/busca-de-meta\/#breadcrumb"},"inLanguage":"pt-PT","potentialAction":[{"@type":"ReadAction","target":["https:\/\/exceladvisor.org\/pt\/busca-de-meta\/"]}]},{"@type":"ImageObject","inLanguage":"pt-PT","@id":"https:\/\/exceladvisor.org\/pt\/busca-de-meta\/#primaryimage","url":"https:\/\/exceladvisor.org\/wp-content\/uploads\/2023\/08\/recherche-dobjectif-ouvert-dans-excel-1.png","contentUrl":"https:\/\/exceladvisor.org\/wp-content\/uploads\/2023\/08\/recherche-dobjectif-ouvert-dans-excel-1.png"},{"@type":"BreadcrumbList","@id":"https:\/\/exceladvisor.org\/pt\/busca-de-meta\/#breadcrumb","itemListElement":[{"@type":"ListItem","position":1,"name":"Lar","item":"https:\/\/exceladvisor.org\/pt\/"},{"@type":"ListItem","position":2,"name":"Como usar o atingimento de meta no excel?"}]},{"@type":"WebSite","@id":"https:\/\/exceladvisor.org\/pt\/#website","url":"https:\/\/exceladvisor.org\/pt\/","name":"Excel Advisor","description":"O seu guia definitivo para dominar os dados!","publisher":{"@id":"https:\/\/exceladvisor.org\/pt\/#organization"},"potentialAction":[{"@type":"SearchAction","target":{"@type":"EntryPoint","urlTemplate":"https:\/\/exceladvisor.org\/pt\/?s={search_term_string}"},"query-input":{"@type":"PropertyValueSpecification","valueRequired":true,"valueName":"search_term_string"}}],"inLanguage":"pt-PT"},{"@type":"Organization","@id":"https:\/\/exceladvisor.org\/pt\/#organization","name":"Excel Advisor","url":"https:\/\/exceladvisor.org\/pt\/","logo":{"@type":"ImageObject","inLanguage":"pt-PT","@id":"https:\/\/exceladvisor.org\/pt\/#\/schema\/logo\/image\/","url":"https:\/\/exceladvisor.org\/pt\/wp-content\/uploads\/2023\/12\/exceladvisor.org_.png","contentUrl":"https:\/\/exceladvisor.org\/pt\/wp-content\/uploads\/2023\/12\/exceladvisor.org_.png","width":105,"height":36,"caption":"Excel Advisor"},"image":{"@id":"https:\/\/exceladvisor.org\/pt\/#\/schema\/logo\/image\/"}}]}},"yoast_meta":{"yoast_wpseo_title":"","yoast_wpseo_metadesc":"","yoast_wpseo_canonical":""},"_links":{"self":[{"href":"https:\/\/exceladvisor.org\/pt\/wp-json\/wp\/v2\/pages\/447","targetHints":{"allow":["GET"]}}],"collection":[{"href":"https:\/\/exceladvisor.org\/pt\/wp-json\/wp\/v2\/pages"}],"about":[{"href":"https:\/\/exceladvisor.org\/pt\/wp-json\/wp\/v2\/types\/page"}],"author":[{"embeddable":true,"href":"https:\/\/exceladvisor.org\/pt\/wp-json\/wp\/v2\/users\/1"}],"replies":[{"embeddable":true,"href":"https:\/\/exceladvisor.org\/pt\/wp-json\/wp\/v2\/comments?post=447"}],"version-history":[{"count":1,"href":"https:\/\/exceladvisor.org\/pt\/wp-json\/wp\/v2\/pages\/447\/revisions"}],"predecessor-version":[{"id":1364,"href":"https:\/\/exceladvisor.org\/pt\/wp-json\/wp\/v2\/pages\/447\/revisions\/1364"}],"wp:attachment":[{"href":"https:\/\/exceladvisor.org\/pt\/wp-json\/wp\/v2\/media?parent=447"}],"curies":[{"name":"wp","href":"https:\/\/api.w.org\/{rel}","templated":true}]}}