{"id":448,"date":"2023-10-28T01:26:59","date_gmt":"2023-10-28T01:26:59","guid":{"rendered":"https:\/\/exceladvisor.org\/pt\/destacar-valores-superiores-inferiores\/"},"modified":"2023-12-06T11:37:28","modified_gmt":"2023-12-06T11:37:28","slug":"destacar-valores-superiores-inferiores","status":"publish","type":"page","link":"https:\/\/exceladvisor.org\/pt\/destacar-valores-superiores-inferiores\/","title":{"rendered":"Como destacar valores n superiores e inferiores?"},"content":{"rendered":"<div class=\"excel-before-content-2\" id=\"excel-2324060599\"><script type=\"text\/javascript\">\r\n\tatOptions = {\r\n\t\t'key' : 'c1158f160081d6540a8409e6925dab94',\r\n\t\t'format' : 'iframe',\r\n\t\t'height' : 250,\r\n\t\t'width' : 300,\r\n\t\t'params' : {}\r\n\t};\r\n<\/script>\r\n<script type=\"text\/javascript\" src=\"\/\/www.highperformanceformat.com\/c1158f160081d6540a8409e6925dab94\/invoke.js\"><\/script><\/div><div class=\"excel-before-content\" id=\"excel-2571872714\"><script type=\"text\/javascript\">\r\n\tatOptions = {\r\n\t\t'key' : 'c1158f160081d6540a8409e6925dab94',\r\n\t\t'format' : 'iframe',\r\n\t\t'height' : 250,\r\n\t\t'width' : 300,\r\n\t\t'params' : {}\r\n\t};\r\n<\/script>\r\n<script type=\"text\/javascript\" src=\"\/\/www.highperformanceformat.com\/c1158f160081d6540a8409e6925dab94\/invoke.js\"><\/script><\/div> <p>A melhor maneira de destacar valores de cima para baixo \u00e9 usar a formata\u00e7\u00e3o condicional. \u00c9 r\u00e1pido e f\u00e1cil e leva apenas alguns cliques. Mas o melhor \u00e9 que voc\u00ea nem precisa escrever uma f\u00f3rmula para isso.<\/p><p> Uso desde que consegui meu primeiro emprego. meu chefe me ligou. Sempre que tenho algum tipo de relat\u00f3rio, fa\u00e7o isso sem deixar de destacar os valores superiores e inferiores. E, se voc\u00ea ainda n\u00e3o estiver usando, deixe-me dizer como us\u00e1-lo. <\/p><div class=\"wp-block-image\"><figure class=\"aligncenter\"><img loading=\"lazy\" decoding=\"async\" class=\"wp-image-10058\" src=\"https:\/\/exceladvisor.org\/wp-content\/uploads\/2023\/08\/comment-mettre-en-surbrillance-les-valeurs-n-superieures-inferieures-dans-le-tableau-de-donnees-Excel-1.png\" sizes=\"auto, \" srcset=\"\" alt=\"como destacar valores n superiores e inferiores na tabela de dados do Excel\" width=\"202\" height=\"555\"><\/figure><\/div><p> Abaixo tenho uma tabela com vendas por dia e quero destacar os 10 dias com maior venda (a tabela \u00e9 um pouco longa aqui).<\/p><h2 class=\"wp-block-heading\"> Destaque os 10 principais valores<\/h2><ul><li> Primeiro, selecione os dados dos quais deseja destacar os valores mais altos.<\/li><li> V\u00e1 para a guia In\u00edcio -&gt; Estilos -&gt; Formata\u00e7\u00e3o Condicional -&gt; Regras Superiores\/Inferiores -&gt; 10 Principais. <\/li><\/ul><div class=\"wp-block-image\"><figure class=\"aligncenter\"><img loading=\"lazy\" decoding=\"async\" class=\"wp-image-10056\" src=\"https:\/\/exceladvisor.org\/wp-content\/uploads\/2023\/08\/comment-mettre-en-surbrillance-les-n-valeurs-les-plus-basses-dans-la-regle-excel-top-botm-1.png\" sizes=\"auto, \" srcset=\"\" alt=\"como destacar os valores n mais baixos na regra superior inferior do Excel\" width=\"357\" height=\"412\"><\/figure><\/div><ul><li> Agora, na janela pop-up, voc\u00ea tem duas coisas para especificar.<ol><li> N\u00famero de valores a destacar ( <em>top 10 por enquanto<\/em> ).<\/li><li> Formata\u00e7\u00e3o a ser usada para destacar valores. <\/li><\/ol><\/li><\/ul><div class=\"wp-block-image\"><figure class=\"aligncenter\"><img loading=\"lazy\" decoding=\"async\" class=\"wp-image-10054\" src=\"https:\/\/exceladvisor.org\/wp-content\/uploads\/2023\/08\/comment-mettre-en-surbrillance-les-n-valeurs-superieures-inferieures-au-format-Excel-pour-mettre-en-surbrillance-les-cellules-1.png\" sizes=\"auto, \" srcset=\"\" alt=\"como destacar valores n superiores e inferiores na tabela de dados do Excel\" width=\"307\" height=\"190\"><\/figure><\/div><ul><li> Depois disso, clique em OK. <\/li><\/ul><div class=\"wp-block-image\"><figure class=\"aligncenter\"><img loading=\"lazy\" decoding=\"async\" class=\"wp-image-10059\" src=\"https:\/\/exceladvisor.org\/wp-content\/uploads\/2023\/08\/comment-mettre-en-surbrillance-les-valeurs-n-superieures-inferieures-dans-Excel-avec-le-formatage-1.png\" sizes=\"auto, \" srcset=\"\" alt=\"como destacar valores n superiores e inferiores no Excel com formata\u00e7\u00e3o\" width=\"202\" height=\"555\"><\/figure><\/div><p> Ele destacar\u00e1 instantaneamente os primeiros 10 valores dos dados com o estilo de formata\u00e7\u00e3o que voc\u00ea mencionou.<\/p><h2 class=\"wp-block-heading\"> Destaque os \u00faltimos 10 valores<\/h2><p> Para destacar os \u00faltimos 10 valores, voc\u00ea pode seguir os mesmos passos. Mas em vez dos 10 primeiros, basta clicar nos 10 \u00faltimos e o resto permanece igual.<\/p><ul><li> Selecione os n\u00fameros de valores a serem destacados.<\/li><li> E o formato a ser usado.<\/li><\/ul><h2 class=\"wp-block-heading\"> O que mais? <\/h2><div class=\"wp-block-image\"><figure class=\"aligncenter\"><img loading=\"lazy\" decoding=\"async\" class=\"wp-image-10055\" src=\"https:\/\/exceladvisor.org\/wp-content\/uploads\/2023\/08\/comment-mettre-en-surbrillance-les-valeurs-n-superieures-inferieures-dans-Excel-autres-options-1.png\" sizes=\"auto, \" srcset=\"\" alt=\"como destacar valores n superiores e inferiores no Excel outras op\u00e7\u00f5es\" width=\"176\" height=\"266\"><\/figure><\/div><p> Na op\u00e7\u00e3o de regra superior\/inferior de formata\u00e7\u00e3o condicional, voc\u00ea tem outras op\u00e7\u00f5es \u00fateis.<\/p><ul><li> <strong>10% principais<\/strong> \u2013 Use para destacar os valores principais que equivalem a 10% dos dados.<\/li><li> <strong>10% inferiores<\/strong> \u2013 Destaque os valores inferiores que equivalem a 10% dos dados.<\/li><li> <strong>Acima da M\u00e9dia<\/strong> \u2013 Para destacar valores acima do valor m\u00e9dio dos dados.<\/li><li> <strong>Abaixo da M\u00e9dia<\/strong> \u2013 Utilize esta op\u00e7\u00e3o para destacar valores abaixo do valor m\u00e9dio dos dados.<\/li><\/ul><p> Como disse antes, destaco os valores superiores e inferiores em todos os meus relat\u00f3rios. E tamb\u00e9m ajuda a outra pessoa a ter uma vis\u00e3o geral r\u00e1pida, mesmo que os dados sejam apenas uma tabela.<\/p><div class=\"gb-container gb-container-4db6181c gb-container-mt\"> <a class=\"gb-button gb-button-c5897111 gb-button-text gb-button-mt-button\" href=\"https:\/\/exceladvisor.org\/pt\/excel-avancado\/\">Tutoriais avan\u00e7ados de Excel<\/a><h2 class=\"gb-headline gb-headline-665e5f6b gb-headline-text gb-headline-mt-heading\"> Tutoriais relacionados <\/h2><div class=\"gb-grid-wrapper gb-grid-wrapper-a20baf7c gb-grid-wrapper-mt-grid\"><div class=\"gb-grid-column gb-grid-column-65ddf67e\"><div class=\"gb-container gb-container-65ddf67e\"><ul><li> <a href=\"https:\/\/exceladvisor.org\/pt\/mesclar-celulas-sem-perder-dados\/\">Mesclar c\u00e9lulas sem perder dados no Excel<\/a><\/li><li> <a href=\"https:\/\/exceladvisor.org\/pt\/colar-especial-multiplicar\/\">Multiplique no Excel usando Colar Especial<\/a><\/li><li> <a href=\"https:\/\/exceladvisor.org\/pt\/adicionar-um-codigo-de-barras\/\" data-wpil=\"url\">Adicione um c\u00f3digo de barras no Excel<\/a><\/li><li> <a href=\"https:\/\/exceladvisor.org\/pt\/fonte-padrao\/\">Alterar a fonte padr\u00e3o no Excel<\/a><\/li><li> <a href=\"https:\/\/exceladvisor.org\/pt\/filtrar-por-cor\/\">Filtrar por cor no Excel<\/a><\/li><\/ul><\/div><\/div><\/div><\/div>","protected":false},"excerpt":{"rendered":"","protected":false},"author":1,"featured_media":0,"parent":0,"menu_order":0,"comment_status":"open","ping_status":"closed","template":"","meta":{"ub_ctt_via":"","footnotes":""},"class_list":["post-448","page","type-page","status-publish","hentry"],"featured_image_src":null,"yoast_head":"<!-- This site is optimized with the Yoast SEO plugin v25.4 - https:\/\/yoast.com\/wordpress\/plugins\/seo\/ -->\n<title>Destaque os valores N superiores e inferiores<\/title>\n<meta name=\"description\" content=\"Neste artigo, voc\u00ea aprender\u00e1 como destacar valores superiores e inferiores no Excel.\" \/>\n<meta name=\"robots\" content=\"index, follow, max-snippet:-1, max-image-preview:large, max-video-preview:-1\" \/>\n<link rel=\"canonical\" href=\"https:\/\/exceladvisor.org\/pt\/destacar-valores-superiores-inferiores\/\" \/>\n<meta property=\"og:locale\" content=\"pt_PT\" \/>\n<meta property=\"og:type\" content=\"article\" \/>\n<meta property=\"og:title\" content=\"Destaque os valores N superiores e inferiores\" \/>\n<meta property=\"og:description\" content=\"Neste artigo, voc\u00ea aprender\u00e1 como destacar valores superiores e inferiores no Excel.\" \/>\n<meta property=\"og:url\" content=\"https:\/\/exceladvisor.org\/pt\/destacar-valores-superiores-inferiores\/\" \/>\n<meta property=\"og:site_name\" content=\"Excel Advisor\" \/>\n<meta property=\"article:modified_time\" content=\"2023-12-06T11:37:28+00:00\" \/>\n<meta property=\"og:image\" content=\"https:\/\/exceladvisor.org\/wp-content\/uploads\/2023\/08\/comment-mettre-en-surbrillance-les-valeurs-n-superieures-inferieures-dans-le-tableau-de-donnees-Excel-1.png\" \/>\n<meta name=\"twitter:card\" content=\"summary_large_image\" \/>\n<meta name=\"twitter:label1\" content=\"Tempo estimado de leitura\" \/>\n\t<meta name=\"twitter:data1\" content=\"2 minutos\" \/>\n<script type=\"application\/ld+json\" class=\"yoast-schema-graph\">{\"@context\":\"https:\/\/schema.org\",\"@graph\":[{\"@type\":\"WebPage\",\"@id\":\"https:\/\/exceladvisor.org\/pt\/destacar-valores-superiores-inferiores\/\",\"url\":\"https:\/\/exceladvisor.org\/pt\/destacar-valores-superiores-inferiores\/\",\"name\":\"Destaque os valores N superiores e inferiores\",\"isPartOf\":{\"@id\":\"https:\/\/exceladvisor.org\/pt\/#website\"},\"primaryImageOfPage\":{\"@id\":\"https:\/\/exceladvisor.org\/pt\/destacar-valores-superiores-inferiores\/#primaryimage\"},\"image\":{\"@id\":\"https:\/\/exceladvisor.org\/pt\/destacar-valores-superiores-inferiores\/#primaryimage\"},\"thumbnailUrl\":\"https:\/\/exceladvisor.org\/wp-content\/uploads\/2023\/08\/comment-mettre-en-surbrillance-les-valeurs-n-superieures-inferieures-dans-le-tableau-de-donnees-Excel-1.png\",\"datePublished\":\"2023-10-28T01:26:59+00:00\",\"dateModified\":\"2023-12-06T11:37:28+00:00\",\"description\":\"Neste artigo, voc\u00ea aprender\u00e1 como destacar valores superiores e inferiores no Excel.\",\"breadcrumb\":{\"@id\":\"https:\/\/exceladvisor.org\/pt\/destacar-valores-superiores-inferiores\/#breadcrumb\"},\"inLanguage\":\"pt-PT\",\"potentialAction\":[{\"@type\":\"ReadAction\",\"target\":[\"https:\/\/exceladvisor.org\/pt\/destacar-valores-superiores-inferiores\/\"]}]},{\"@type\":\"ImageObject\",\"inLanguage\":\"pt-PT\",\"@id\":\"https:\/\/exceladvisor.org\/pt\/destacar-valores-superiores-inferiores\/#primaryimage\",\"url\":\"https:\/\/exceladvisor.org\/wp-content\/uploads\/2023\/08\/comment-mettre-en-surbrillance-les-valeurs-n-superieures-inferieures-dans-le-tableau-de-donnees-Excel-1.png\",\"contentUrl\":\"https:\/\/exceladvisor.org\/wp-content\/uploads\/2023\/08\/comment-mettre-en-surbrillance-les-valeurs-n-superieures-inferieures-dans-le-tableau-de-donnees-Excel-1.png\"},{\"@type\":\"BreadcrumbList\",\"@id\":\"https:\/\/exceladvisor.org\/pt\/destacar-valores-superiores-inferiores\/#breadcrumb\",\"itemListElement\":[{\"@type\":\"ListItem\",\"position\":1,\"name\":\"Lar\",\"item\":\"https:\/\/exceladvisor.org\/pt\/\"},{\"@type\":\"ListItem\",\"position\":2,\"name\":\"Como destacar valores n superiores e inferiores?\"}]},{\"@type\":\"WebSite\",\"@id\":\"https:\/\/exceladvisor.org\/pt\/#website\",\"url\":\"https:\/\/exceladvisor.org\/pt\/\",\"name\":\"Excel Advisor\",\"description\":\"O seu guia definitivo para dominar os dados!\",\"publisher\":{\"@id\":\"https:\/\/exceladvisor.org\/pt\/#organization\"},\"potentialAction\":[{\"@type\":\"SearchAction\",\"target\":{\"@type\":\"EntryPoint\",\"urlTemplate\":\"https:\/\/exceladvisor.org\/pt\/?s={search_term_string}\"},\"query-input\":{\"@type\":\"PropertyValueSpecification\",\"valueRequired\":true,\"valueName\":\"search_term_string\"}}],\"inLanguage\":\"pt-PT\"},{\"@type\":\"Organization\",\"@id\":\"https:\/\/exceladvisor.org\/pt\/#organization\",\"name\":\"Excel Advisor\",\"url\":\"https:\/\/exceladvisor.org\/pt\/\",\"logo\":{\"@type\":\"ImageObject\",\"inLanguage\":\"pt-PT\",\"@id\":\"https:\/\/exceladvisor.org\/pt\/#\/schema\/logo\/image\/\",\"url\":\"https:\/\/exceladvisor.org\/pt\/wp-content\/uploads\/2023\/12\/exceladvisor.org_.png\",\"contentUrl\":\"https:\/\/exceladvisor.org\/pt\/wp-content\/uploads\/2023\/12\/exceladvisor.org_.png\",\"width\":105,\"height\":36,\"caption\":\"Excel Advisor\"},\"image\":{\"@id\":\"https:\/\/exceladvisor.org\/pt\/#\/schema\/logo\/image\/\"}}]}<\/script>\n<!-- \/ Yoast SEO plugin. -->","yoast_head_json":{"title":"Destaque os valores N superiores e inferiores","description":"Neste artigo, voc\u00ea aprender\u00e1 como destacar valores superiores e inferiores no Excel.","robots":{"index":"index","follow":"follow","max-snippet":"max-snippet:-1","max-image-preview":"max-image-preview:large","max-video-preview":"max-video-preview:-1"},"canonical":"https:\/\/exceladvisor.org\/pt\/destacar-valores-superiores-inferiores\/","og_locale":"pt_PT","og_type":"article","og_title":"Destaque os valores N superiores e inferiores","og_description":"Neste artigo, voc\u00ea aprender\u00e1 como destacar valores superiores e inferiores no Excel.","og_url":"https:\/\/exceladvisor.org\/pt\/destacar-valores-superiores-inferiores\/","og_site_name":"Excel Advisor","article_modified_time":"2023-12-06T11:37:28+00:00","og_image":[{"url":"https:\/\/exceladvisor.org\/wp-content\/uploads\/2023\/08\/comment-mettre-en-surbrillance-les-valeurs-n-superieures-inferieures-dans-le-tableau-de-donnees-Excel-1.png","type":"","width":"","height":""}],"twitter_card":"summary_large_image","twitter_misc":{"Tempo estimado de leitura":"2 minutos"},"schema":{"@context":"https:\/\/schema.org","@graph":[{"@type":"WebPage","@id":"https:\/\/exceladvisor.org\/pt\/destacar-valores-superiores-inferiores\/","url":"https:\/\/exceladvisor.org\/pt\/destacar-valores-superiores-inferiores\/","name":"Destaque os valores N superiores e inferiores","isPartOf":{"@id":"https:\/\/exceladvisor.org\/pt\/#website"},"primaryImageOfPage":{"@id":"https:\/\/exceladvisor.org\/pt\/destacar-valores-superiores-inferiores\/#primaryimage"},"image":{"@id":"https:\/\/exceladvisor.org\/pt\/destacar-valores-superiores-inferiores\/#primaryimage"},"thumbnailUrl":"https:\/\/exceladvisor.org\/wp-content\/uploads\/2023\/08\/comment-mettre-en-surbrillance-les-valeurs-n-superieures-inferieures-dans-le-tableau-de-donnees-Excel-1.png","datePublished":"2023-10-28T01:26:59+00:00","dateModified":"2023-12-06T11:37:28+00:00","description":"Neste artigo, voc\u00ea aprender\u00e1 como destacar valores superiores e inferiores no Excel.","breadcrumb":{"@id":"https:\/\/exceladvisor.org\/pt\/destacar-valores-superiores-inferiores\/#breadcrumb"},"inLanguage":"pt-PT","potentialAction":[{"@type":"ReadAction","target":["https:\/\/exceladvisor.org\/pt\/destacar-valores-superiores-inferiores\/"]}]},{"@type":"ImageObject","inLanguage":"pt-PT","@id":"https:\/\/exceladvisor.org\/pt\/destacar-valores-superiores-inferiores\/#primaryimage","url":"https:\/\/exceladvisor.org\/wp-content\/uploads\/2023\/08\/comment-mettre-en-surbrillance-les-valeurs-n-superieures-inferieures-dans-le-tableau-de-donnees-Excel-1.png","contentUrl":"https:\/\/exceladvisor.org\/wp-content\/uploads\/2023\/08\/comment-mettre-en-surbrillance-les-valeurs-n-superieures-inferieures-dans-le-tableau-de-donnees-Excel-1.png"},{"@type":"BreadcrumbList","@id":"https:\/\/exceladvisor.org\/pt\/destacar-valores-superiores-inferiores\/#breadcrumb","itemListElement":[{"@type":"ListItem","position":1,"name":"Lar","item":"https:\/\/exceladvisor.org\/pt\/"},{"@type":"ListItem","position":2,"name":"Como destacar valores n superiores e inferiores?"}]},{"@type":"WebSite","@id":"https:\/\/exceladvisor.org\/pt\/#website","url":"https:\/\/exceladvisor.org\/pt\/","name":"Excel Advisor","description":"O seu guia definitivo para dominar os dados!","publisher":{"@id":"https:\/\/exceladvisor.org\/pt\/#organization"},"potentialAction":[{"@type":"SearchAction","target":{"@type":"EntryPoint","urlTemplate":"https:\/\/exceladvisor.org\/pt\/?s={search_term_string}"},"query-input":{"@type":"PropertyValueSpecification","valueRequired":true,"valueName":"search_term_string"}}],"inLanguage":"pt-PT"},{"@type":"Organization","@id":"https:\/\/exceladvisor.org\/pt\/#organization","name":"Excel Advisor","url":"https:\/\/exceladvisor.org\/pt\/","logo":{"@type":"ImageObject","inLanguage":"pt-PT","@id":"https:\/\/exceladvisor.org\/pt\/#\/schema\/logo\/image\/","url":"https:\/\/exceladvisor.org\/pt\/wp-content\/uploads\/2023\/12\/exceladvisor.org_.png","contentUrl":"https:\/\/exceladvisor.org\/pt\/wp-content\/uploads\/2023\/12\/exceladvisor.org_.png","width":105,"height":36,"caption":"Excel Advisor"},"image":{"@id":"https:\/\/exceladvisor.org\/pt\/#\/schema\/logo\/image\/"}}]}},"yoast_meta":{"yoast_wpseo_title":"","yoast_wpseo_metadesc":"","yoast_wpseo_canonical":""},"_links":{"self":[{"href":"https:\/\/exceladvisor.org\/pt\/wp-json\/wp\/v2\/pages\/448","targetHints":{"allow":["GET"]}}],"collection":[{"href":"https:\/\/exceladvisor.org\/pt\/wp-json\/wp\/v2\/pages"}],"about":[{"href":"https:\/\/exceladvisor.org\/pt\/wp-json\/wp\/v2\/types\/page"}],"author":[{"embeddable":true,"href":"https:\/\/exceladvisor.org\/pt\/wp-json\/wp\/v2\/users\/1"}],"replies":[{"embeddable":true,"href":"https:\/\/exceladvisor.org\/pt\/wp-json\/wp\/v2\/comments?post=448"}],"version-history":[{"count":1,"href":"https:\/\/exceladvisor.org\/pt\/wp-json\/wp\/v2\/pages\/448\/revisions"}],"predecessor-version":[{"id":1041,"href":"https:\/\/exceladvisor.org\/pt\/wp-json\/wp\/v2\/pages\/448\/revisions\/1041"}],"wp:attachment":[{"href":"https:\/\/exceladvisor.org\/pt\/wp-json\/wp\/v2\/media?parent=448"}],"curies":[{"name":"wp","href":"https:\/\/api.w.org\/{rel}","templated":true}]}}