{"id":449,"date":"2023-10-28T00:51:49","date_gmt":"2023-10-28T00:51:49","guid":{"rendered":"https:\/\/exceladvisor.org\/pt\/listas-personalizadas\/"},"modified":"2023-12-06T11:36:59","modified_gmt":"2023-12-06T11:36:59","slug":"listas-personalizadas","status":"publish","type":"page","link":"https:\/\/exceladvisor.org\/pt\/listas-personalizadas\/","title":{"rendered":"Como criar uma lista personalizada no excel?"},"content":{"rendered":"<div class=\"excel-before-content-2\" id=\"excel-3578384606\"><script type=\"text\/javascript\">\r\n\tatOptions = {\r\n\t\t'key' : 'c1158f160081d6540a8409e6925dab94',\r\n\t\t'format' : 'iframe',\r\n\t\t'height' : 250,\r\n\t\t'width' : 300,\r\n\t\t'params' : {}\r\n\t};\r\n<\/script>\r\n<script type=\"text\/javascript\" src=\"\/\/www.highperformanceformat.com\/c1158f160081d6540a8409e6925dab94\/invoke.js\"><\/script><\/div><div class=\"excel-before-content\" id=\"excel-693537353\"><script type=\"text\/javascript\">\r\n\tatOptions = {\r\n\t\t'key' : 'c1158f160081d6540a8409e6925dab94',\r\n\t\t'format' : 'iframe',\r\n\t\t'height' : 250,\r\n\t\t'width' : 300,\r\n\t\t'params' : {}\r\n\t};\r\n<\/script>\r\n<script type=\"text\/javascript\" src=\"\/\/www.highperformanceformat.com\/c1158f160081d6540a8409e6925dab94\/invoke.js\"><\/script><\/div> <p>Listas personalizadas no Excel s\u00e3o listas que os usu\u00e1rios podem criar conforme necess\u00e1rio e usar para preencher automaticamente intervalos de c\u00e9lulas e classificar dados com base nessas listas. O recurso de lista personalizada \u00e9 muito \u00fatil para usu\u00e1rios que trabalham principalmente com conjuntos de dados semelhantes.<\/p><p> Os usu\u00e1rios podem criar suas listas personalizadas, como nomes de funcion\u00e1rios, nomes de alunos, nomes de clientes, nomes de departamentos, prioridade, etc., e voc\u00ea usa essas listas para preencher automaticamente o intervalo de dados usando <strong>.<\/strong> <\/p><div class=\"wp-block-image\"><figure class=\"aligncenter size-full is-resized\"><img loading=\"lazy\" decoding=\"async\" class=\"wp-image-80406\" src=\"https:\/\/exceladvisor.org\/wp-content\/uploads\/2023\/08\/1-remplissage-automatique-a-laide-de-la-poignee-de-remplissage-min.gif\" sizes=\"auto, \" srcset=\"\" alt=\"enchimento autom\u00e1tico usando a al\u00e7a de enchimento\" width=\"224\" height=\"353\"><\/figure><\/div><p> O Excel, por padr\u00e3o, possui duas listas personalizadas predefinidas integradas de nomes de semanas e nomes de meses.<\/p><p> Quando voc\u00ea deseja inserir os nomes da semana ou do m\u00eas nas c\u00e9lulas, basta inserir o primeiro nome na c\u00e9lula, como Dom ou Domingo para nomes de semanas e Jan ou Janeiro para nomes de meses.<\/p><p> Voc\u00ea pode preencher automaticamente os dias de descanso ou os nomes dos meses usando a al\u00e7a de preenchimento. <\/p><div class=\"wp-block-image\"><figure class=\"aligncenter size-full is-resized\"><img loading=\"lazy\" decoding=\"async\" class=\"wp-image-80407\" src=\"https:\/\/exceladvisor.org\/wp-content\/uploads\/2023\/08\/2-boite-de-dialogue-de-liste-personnalisee.png\" sizes=\"auto, \" srcset=\"\" alt=\"caixa de di\u00e1logo de lista personalizada\" width=\"540\" height=\"421\"><\/figure><\/div><h2 class=\"wp-block-heading\"> Etapas para criar listas personalizadas no Excel<\/h2><p> Voc\u00ea pode criar suas pr\u00f3prias listas personalizadas seguindo as etapas abaixo:<\/p><ol><li> Primeiro, v\u00e1 para a guia \u201cArquivo\u201d. <br><img loading=\"lazy\" decoding=\"async\" title=\"Menu de 3 arquivos\" src=\"https:\/\/exceladvisor.org\/wp-content\/uploads\/2023\/08\/Menu-3-fichiers.png\" sizes=\"auto, \" srcset=\"\" alt=\"file-menu\" width=\"437\" height=\"160\"><\/li><li> Em seguida, clique em \u201cOp\u00e7\u00f5es\u201d para abrir a caixa de di\u00e1logo \u201cOp\u00e7\u00f5es do Excel\u201d. <br><img loading=\"lazy\" decoding=\"async\" title=\"4 op\u00e7\u00f5es de Excel\" src=\"https:\/\/exceladvisor.org\/wp-content\/uploads\/2023\/08\/4-options-Excel.png\" sizes=\"auto, \" srcset=\"\" alt=\"excel-options\" width=\"132\" height=\"392\"><\/li><li> Depois disso, clique em \u201cAvan\u00e7ado\u201d, role a barra de rolagem direita at\u00e9 \u201cGeral\u201d e clique na op\u00e7\u00e3o \u201cEditar listas personalizadas\u201d. <br><img loading=\"lazy\" decoding=\"async\" title=\"Listas personalizadas com 5 cliques\" src=\"https:\/\/exceladvisor.org\/wp-content\/uploads\/2023\/08\/5-clics-pour-modifier-les-listes-personnalisees.png\" sizes=\"auto, \" srcset=\"\" alt=\"click-edit-custom-lists\" width=\"562\" height=\"565\"><\/li><li> Depois de clicar em &#8220;Editar listas personalizadas&#8221;, a caixa de di\u00e1logo &#8220;Listas personalizadas&#8221; ser\u00e1 aberta para criar as listas personalizadas.<\/li><li> Aqui, clique no campo \u201cImportar lista de c\u00e9lulas\u201d e selecione o intervalo listado se voc\u00ea j\u00e1 tiver criado um ou digite o nome do \u201cIntervalo de nomes\u201d se ele for criado, a seguir clique no bot\u00e3o \u201cImportar\u201d para importar a lista.<\/li><li> Ou voc\u00ea pode inserir a lista manualmente na caixa \u201cEntrada da lista\u201d.<\/li><li> Quando terminar a lista de importa\u00e7\u00e3o ou lista manual, clique no bot\u00e3o &#8220;Adicionar&#8221; e clique em OK.<\/li><li> Agora voc\u00ea criou sua lista personalizada e ela est\u00e1 come\u00e7ando a refletir nas listas personalizadas integradas. <br><img loading=\"lazy\" decoding=\"async\" title=\"6-lista personalizada de importa\u00e7\u00e3o\" src=\"https:\/\/exceladvisor.org\/wp-content\/uploads\/2023\/08\/6-importer-une-liste-personnalisee.png\" sizes=\"auto, \" srcset=\"\" alt=\"import-custom-list\" width=\"520\" height=\"408\"><\/li><li> Neste ponto, sua lista personalizada est\u00e1 pronta para ser usada para preenchimento autom\u00e1tico usando o <a href=\"https:\/\/exceladvisor.org\/pt\/alca-de-enchimento\/\">\u201cAl\u00e7a de preenchimento\u201d<\/a> . <br><img loading=\"lazy\" decoding=\"async\" title=\"7-ready-custom-list-min.gif\" src=\"https:\/\/exceladvisor.org\/wp-content\/uploads\/2023\/08\/7-liste-personnalisee-prete-min.gif\" sizes=\"auto, \" srcset=\"\" alt=\"ready-custom-list\" width=\"206\" height=\"265\"><\/li><\/ol><h2 class=\"wp-block-heading\"> Classifique os dados usando listas personalizadas<\/h2><p> Normalmente, voc\u00ea pode classificar os dados em ordem alfab\u00e9tica de A a Z ou de Z a A e numericamente em ordem crescente ou decrescente.<\/p><p> No entanto, muitos de n\u00f3s n\u00e3o sabemos que voc\u00ea tamb\u00e9m pode classificar os dados com base na sequ\u00eancia de sua lista personalizada.<\/p><p> Entenda a funcionalidade \u201cClassificar dados usando listas personalizadas\u201d usando a lista personalizada que criamos nas etapas acima.<\/p><ol><li> Primeiro, navegue at\u00e9 qualquer c\u00e9lula do conjunto de dados e clique na guia \u201cDados\u201d e, em seguida, clique no \u00edcone \u201cClassificar\u201d no grupo \u201cClassificar e Filtrar\u201d na faixa de op\u00e7\u00f5es. <br><img loading=\"lazy\" decoding=\"async\" title=\"\u00edcone de classifica\u00e7\u00e3o de 8 guias de dados\" src=\"https:\/\/exceladvisor.org\/wp-content\/uploads\/2023\/08\/8-icone-de-tri-des-onglets-de-donnees.png\" sizes=\"auto, \" srcset=\"\" alt=\"data-tab-sort-icon\" width=\"655\" height=\"405\"><\/li><li> Depois disso, escolha e selecione o cabe\u00e7alho da coluna no campo \u201cClassificar por\u201d.<\/li><li> Agora, clique na seta suspensa do campo \u201cPedido\u201d e clique em \u201cLista Personalizada\u201d, escolha a lista que deseja usar para classificar os dados e clique em OK. <br><img loading=\"lazy\" decoding=\"async\" title=\"Caixa de di\u00e1logo de 9 classifica\u00e7\u00f5es\" src=\"https:\/\/exceladvisor.org\/wp-content\/uploads\/2023\/08\/9-boite-de-dialogue-de-tri.png\" sizes=\"auto, \" srcset=\"\" alt=\"sort-dialog-box\" width=\"551\" height=\"259\"><\/li><li> Neste momento, seus dados ser\u00e3o classificados de acordo com a sequ\u00eancia da lista personalizada. <br><img loading=\"lazy\" decoding=\"async\" title=\"10 dados classificados por lista personalizada\" src=\"https:\/\/exceladvisor.org\/wp-content\/uploads\/2023\/08\/10-donnees-triees-par-liste-personnalisee.png\" sizes=\"auto, \" srcset=\"\" alt=\"sorted-data-per-custom-list\" width=\"421\" height=\"255\"><\/li><\/ol><p> Voc\u00ea pode ver na imagem acima que os dados foram classificados com base na sequ\u00eancia da lista personalizada, n\u00e3o em ordem alfab\u00e9tica de A a z ou de Z a A.<\/p><h2 class=\"wp-block-heading\"> Exclua ou exclua qualquer lista personalizada<\/h2><ol><li> Para excluir a lista personalizada, abra a caixa de di\u00e1logo \u201cListas personalizadas\u201d.<\/li><li> Depois disso, clique na lista que deseja excluir, depois clique no bot\u00e3o \u201cExcluir\u201d e, ao final, clique em OK. <\/li><\/ol><div class=\"wp-block-image\"><figure class=\"aligncenter size-full is-resized\"><img loading=\"lazy\" decoding=\"async\" class=\"wp-image-80416\" src=\"https:\/\/exceladvisor.org\/wp-content\/uploads\/2023\/08\/11-supprimer-la-liste-personnalisee.png\" sizes=\"auto, \" srcset=\"\" alt=\"excluir lista personalizada\" width=\"539\" height=\"404\"><\/figure><\/div><p class=\"grey-note\"> Voc\u00ea n\u00e3o pode excluir listas personalizadas integradas predefinidas (nomes de semanas e meses) no Excel.<\/p><div class=\"gb-container gb-container-4db6181c gb-container-mt\"> <a class=\"gb-button gb-button-c5897111 gb-button-text gb-button-mt-button\" href=\"https:\/\/exceladvisor.org\/pt\/excel-avancado\/\">Tutoriais avan\u00e7ados de Excel<\/a><h2 class=\"gb-headline gb-headline-665e5f6b gb-headline-text gb-headline-mt-heading\"> Tutoriais relacionados <\/h2><div class=\"gb-grid-wrapper gb-grid-wrapper-a20baf7c gb-grid-wrapper-mt-grid\"><div class=\"gb-grid-column gb-grid-column-65ddf67e\"><div class=\"gb-container gb-container-65ddf67e\"><ul><li> <a href=\"https:\/\/exceladvisor.org\/pt\/ferramenta-de-camera\/\">Ferramenta C\u00e2mera Excel<\/a><\/li><li> <a href=\"https:\/\/exceladvisor.org\/pt\/busca-de-meta\/\">Localizador de metas no Excel<\/a><\/li><li> <a href=\"https:\/\/exceladvisor.org\/pt\/janela-de-observacao\/\">Janela de observa\u00e7\u00e3o no Excel<\/a><\/li><li> <a href=\"https:\/\/exceladvisor.org\/pt\/fatiador-de-excel\/\">Fatiador de Excel (guia completo)<\/a><\/li><li> <a href=\"https:\/\/exceladvisor.org\/pt\/excel-por-padrao-no-mac\/\">Tornar o Excel padr\u00e3o no Mac<\/a><\/li><\/ul><\/div><\/div><\/div><\/div>","protected":false},"excerpt":{"rendered":"","protected":false},"author":1,"featured_media":0,"parent":0,"menu_order":0,"comment_status":"open","ping_status":"closed","template":"","meta":{"ub_ctt_via":"","footnotes":""},"class_list":["post-449","page","type-page","status-publish","hentry"],"featured_image_src":null,"yoast_head":"<!-- This site is optimized with the Yoast SEO plugin v25.4 - https:\/\/yoast.com\/wordpress\/plugins\/seo\/ -->\n<title>Como criar uma lista personalizada no Excel? (Guia 2023)<\/title>\n<meta name=\"description\" content=\"Este tutorial se concentra na cria\u00e7\u00e3o de uma lista personalizada no Excel para acelerar a entrada de dados.\" \/>\n<meta name=\"robots\" content=\"index, follow, max-snippet:-1, max-image-preview:large, max-video-preview:-1\" \/>\n<link rel=\"canonical\" href=\"https:\/\/exceladvisor.org\/pt\/listas-personalizadas\/\" \/>\n<meta property=\"og:locale\" content=\"pt_PT\" \/>\n<meta property=\"og:type\" content=\"article\" \/>\n<meta property=\"og:title\" content=\"Como criar uma lista personalizada no Excel? (Guia 2023)\" \/>\n<meta property=\"og:description\" content=\"Este tutorial se concentra na cria\u00e7\u00e3o de uma lista personalizada no Excel para acelerar a entrada de dados.\" \/>\n<meta property=\"og:url\" content=\"https:\/\/exceladvisor.org\/pt\/listas-personalizadas\/\" \/>\n<meta property=\"og:site_name\" content=\"Excel Advisor\" \/>\n<meta property=\"article:modified_time\" content=\"2023-12-06T11:36:59+00:00\" \/>\n<meta property=\"og:image\" content=\"https:\/\/exceladvisor.org\/wp-content\/uploads\/2023\/08\/1-remplissage-automatique-a-laide-de-la-poignee-de-remplissage-min.gif\" \/>\n<meta name=\"twitter:card\" content=\"summary_large_image\" \/>\n<meta name=\"twitter:label1\" content=\"Tempo estimado de leitura\" \/>\n\t<meta name=\"twitter:data1\" content=\"3 minutos\" \/>\n<script type=\"application\/ld+json\" class=\"yoast-schema-graph\">{\"@context\":\"https:\/\/schema.org\",\"@graph\":[{\"@type\":\"WebPage\",\"@id\":\"https:\/\/exceladvisor.org\/pt\/listas-personalizadas\/\",\"url\":\"https:\/\/exceladvisor.org\/pt\/listas-personalizadas\/\",\"name\":\"Como criar uma lista personalizada no Excel? (Guia 2023)\",\"isPartOf\":{\"@id\":\"https:\/\/exceladvisor.org\/pt\/#website\"},\"primaryImageOfPage\":{\"@id\":\"https:\/\/exceladvisor.org\/pt\/listas-personalizadas\/#primaryimage\"},\"image\":{\"@id\":\"https:\/\/exceladvisor.org\/pt\/listas-personalizadas\/#primaryimage\"},\"thumbnailUrl\":\"https:\/\/exceladvisor.org\/wp-content\/uploads\/2023\/08\/1-remplissage-automatique-a-laide-de-la-poignee-de-remplissage-min.gif\",\"datePublished\":\"2023-10-28T00:51:49+00:00\",\"dateModified\":\"2023-12-06T11:36:59+00:00\",\"description\":\"Este tutorial se concentra na cria\u00e7\u00e3o de uma lista personalizada no Excel para acelerar a entrada de dados.\",\"breadcrumb\":{\"@id\":\"https:\/\/exceladvisor.org\/pt\/listas-personalizadas\/#breadcrumb\"},\"inLanguage\":\"pt-PT\",\"potentialAction\":[{\"@type\":\"ReadAction\",\"target\":[\"https:\/\/exceladvisor.org\/pt\/listas-personalizadas\/\"]}]},{\"@type\":\"ImageObject\",\"inLanguage\":\"pt-PT\",\"@id\":\"https:\/\/exceladvisor.org\/pt\/listas-personalizadas\/#primaryimage\",\"url\":\"https:\/\/exceladvisor.org\/wp-content\/uploads\/2023\/08\/1-remplissage-automatique-a-laide-de-la-poignee-de-remplissage-min.gif\",\"contentUrl\":\"https:\/\/exceladvisor.org\/wp-content\/uploads\/2023\/08\/1-remplissage-automatique-a-laide-de-la-poignee-de-remplissage-min.gif\"},{\"@type\":\"BreadcrumbList\",\"@id\":\"https:\/\/exceladvisor.org\/pt\/listas-personalizadas\/#breadcrumb\",\"itemListElement\":[{\"@type\":\"ListItem\",\"position\":1,\"name\":\"Lar\",\"item\":\"https:\/\/exceladvisor.org\/pt\/\"},{\"@type\":\"ListItem\",\"position\":2,\"name\":\"Como criar uma lista personalizada no excel?\"}]},{\"@type\":\"WebSite\",\"@id\":\"https:\/\/exceladvisor.org\/pt\/#website\",\"url\":\"https:\/\/exceladvisor.org\/pt\/\",\"name\":\"Excel Advisor\",\"description\":\"O seu guia definitivo para dominar os dados!\",\"publisher\":{\"@id\":\"https:\/\/exceladvisor.org\/pt\/#organization\"},\"potentialAction\":[{\"@type\":\"SearchAction\",\"target\":{\"@type\":\"EntryPoint\",\"urlTemplate\":\"https:\/\/exceladvisor.org\/pt\/?s={search_term_string}\"},\"query-input\":{\"@type\":\"PropertyValueSpecification\",\"valueRequired\":true,\"valueName\":\"search_term_string\"}}],\"inLanguage\":\"pt-PT\"},{\"@type\":\"Organization\",\"@id\":\"https:\/\/exceladvisor.org\/pt\/#organization\",\"name\":\"Excel Advisor\",\"url\":\"https:\/\/exceladvisor.org\/pt\/\",\"logo\":{\"@type\":\"ImageObject\",\"inLanguage\":\"pt-PT\",\"@id\":\"https:\/\/exceladvisor.org\/pt\/#\/schema\/logo\/image\/\",\"url\":\"https:\/\/exceladvisor.org\/pt\/wp-content\/uploads\/2023\/12\/exceladvisor.org_.png\",\"contentUrl\":\"https:\/\/exceladvisor.org\/pt\/wp-content\/uploads\/2023\/12\/exceladvisor.org_.png\",\"width\":105,\"height\":36,\"caption\":\"Excel Advisor\"},\"image\":{\"@id\":\"https:\/\/exceladvisor.org\/pt\/#\/schema\/logo\/image\/\"}}]}<\/script>\n<!-- \/ Yoast SEO plugin. -->","yoast_head_json":{"title":"Como criar uma lista personalizada no Excel? (Guia 2023)","description":"Este tutorial se concentra na cria\u00e7\u00e3o de uma lista personalizada no Excel para acelerar a entrada de dados.","robots":{"index":"index","follow":"follow","max-snippet":"max-snippet:-1","max-image-preview":"max-image-preview:large","max-video-preview":"max-video-preview:-1"},"canonical":"https:\/\/exceladvisor.org\/pt\/listas-personalizadas\/","og_locale":"pt_PT","og_type":"article","og_title":"Como criar uma lista personalizada no Excel? (Guia 2023)","og_description":"Este tutorial se concentra na cria\u00e7\u00e3o de uma lista personalizada no Excel para acelerar a entrada de dados.","og_url":"https:\/\/exceladvisor.org\/pt\/listas-personalizadas\/","og_site_name":"Excel Advisor","article_modified_time":"2023-12-06T11:36:59+00:00","og_image":[{"url":"https:\/\/exceladvisor.org\/wp-content\/uploads\/2023\/08\/1-remplissage-automatique-a-laide-de-la-poignee-de-remplissage-min.gif","type":"","width":"","height":""}],"twitter_card":"summary_large_image","twitter_misc":{"Tempo estimado de leitura":"3 minutos"},"schema":{"@context":"https:\/\/schema.org","@graph":[{"@type":"WebPage","@id":"https:\/\/exceladvisor.org\/pt\/listas-personalizadas\/","url":"https:\/\/exceladvisor.org\/pt\/listas-personalizadas\/","name":"Como criar uma lista personalizada no Excel? (Guia 2023)","isPartOf":{"@id":"https:\/\/exceladvisor.org\/pt\/#website"},"primaryImageOfPage":{"@id":"https:\/\/exceladvisor.org\/pt\/listas-personalizadas\/#primaryimage"},"image":{"@id":"https:\/\/exceladvisor.org\/pt\/listas-personalizadas\/#primaryimage"},"thumbnailUrl":"https:\/\/exceladvisor.org\/wp-content\/uploads\/2023\/08\/1-remplissage-automatique-a-laide-de-la-poignee-de-remplissage-min.gif","datePublished":"2023-10-28T00:51:49+00:00","dateModified":"2023-12-06T11:36:59+00:00","description":"Este tutorial se concentra na cria\u00e7\u00e3o de uma lista personalizada no Excel para acelerar a entrada de dados.","breadcrumb":{"@id":"https:\/\/exceladvisor.org\/pt\/listas-personalizadas\/#breadcrumb"},"inLanguage":"pt-PT","potentialAction":[{"@type":"ReadAction","target":["https:\/\/exceladvisor.org\/pt\/listas-personalizadas\/"]}]},{"@type":"ImageObject","inLanguage":"pt-PT","@id":"https:\/\/exceladvisor.org\/pt\/listas-personalizadas\/#primaryimage","url":"https:\/\/exceladvisor.org\/wp-content\/uploads\/2023\/08\/1-remplissage-automatique-a-laide-de-la-poignee-de-remplissage-min.gif","contentUrl":"https:\/\/exceladvisor.org\/wp-content\/uploads\/2023\/08\/1-remplissage-automatique-a-laide-de-la-poignee-de-remplissage-min.gif"},{"@type":"BreadcrumbList","@id":"https:\/\/exceladvisor.org\/pt\/listas-personalizadas\/#breadcrumb","itemListElement":[{"@type":"ListItem","position":1,"name":"Lar","item":"https:\/\/exceladvisor.org\/pt\/"},{"@type":"ListItem","position":2,"name":"Como criar uma lista personalizada no excel?"}]},{"@type":"WebSite","@id":"https:\/\/exceladvisor.org\/pt\/#website","url":"https:\/\/exceladvisor.org\/pt\/","name":"Excel Advisor","description":"O seu guia definitivo para dominar os dados!","publisher":{"@id":"https:\/\/exceladvisor.org\/pt\/#organization"},"potentialAction":[{"@type":"SearchAction","target":{"@type":"EntryPoint","urlTemplate":"https:\/\/exceladvisor.org\/pt\/?s={search_term_string}"},"query-input":{"@type":"PropertyValueSpecification","valueRequired":true,"valueName":"search_term_string"}}],"inLanguage":"pt-PT"},{"@type":"Organization","@id":"https:\/\/exceladvisor.org\/pt\/#organization","name":"Excel Advisor","url":"https:\/\/exceladvisor.org\/pt\/","logo":{"@type":"ImageObject","inLanguage":"pt-PT","@id":"https:\/\/exceladvisor.org\/pt\/#\/schema\/logo\/image\/","url":"https:\/\/exceladvisor.org\/pt\/wp-content\/uploads\/2023\/12\/exceladvisor.org_.png","contentUrl":"https:\/\/exceladvisor.org\/pt\/wp-content\/uploads\/2023\/12\/exceladvisor.org_.png","width":105,"height":36,"caption":"Excel Advisor"},"image":{"@id":"https:\/\/exceladvisor.org\/pt\/#\/schema\/logo\/image\/"}}]}},"yoast_meta":{"yoast_wpseo_title":"","yoast_wpseo_metadesc":"","yoast_wpseo_canonical":""},"_links":{"self":[{"href":"https:\/\/exceladvisor.org\/pt\/wp-json\/wp\/v2\/pages\/449","targetHints":{"allow":["GET"]}}],"collection":[{"href":"https:\/\/exceladvisor.org\/pt\/wp-json\/wp\/v2\/pages"}],"about":[{"href":"https:\/\/exceladvisor.org\/pt\/wp-json\/wp\/v2\/types\/page"}],"author":[{"embeddable":true,"href":"https:\/\/exceladvisor.org\/pt\/wp-json\/wp\/v2\/users\/1"}],"replies":[{"embeddable":true,"href":"https:\/\/exceladvisor.org\/pt\/wp-json\/wp\/v2\/comments?post=449"}],"version-history":[{"count":1,"href":"https:\/\/exceladvisor.org\/pt\/wp-json\/wp\/v2\/pages\/449\/revisions"}],"predecessor-version":[{"id":1002,"href":"https:\/\/exceladvisor.org\/pt\/wp-json\/wp\/v2\/pages\/449\/revisions\/1002"}],"wp:attachment":[{"href":"https:\/\/exceladvisor.org\/pt\/wp-json\/wp\/v2\/media?parent=449"}],"curies":[{"name":"wp","href":"https:\/\/api.w.org\/{rel}","templated":true}]}}