{"id":450,"date":"2023-10-27T23:50:11","date_gmt":"2023-10-27T23:50:11","guid":{"rendered":"https:\/\/exceladvisor.org\/pt\/insira-uma-imagem\/"},"modified":"2023-12-06T11:51:00","modified_gmt":"2023-12-06T11:51:00","slug":"insira-uma-imagem","status":"publish","type":"page","link":"https:\/\/exceladvisor.org\/pt\/insira-uma-imagem\/","title":{"rendered":"Insira uma imagem em uma c\u00e9lula no excel"},"content":{"rendered":"<div class=\"excel-before-content-2\" id=\"excel-3280148402\"><script type=\"text\/javascript\">\r\n\tatOptions = {\r\n\t\t'key' : 'c1158f160081d6540a8409e6925dab94',\r\n\t\t'format' : 'iframe',\r\n\t\t'height' : 250,\r\n\t\t'width' : 300,\r\n\t\t'params' : {}\r\n\t};\r\n<\/script>\r\n<script type=\"text\/javascript\" src=\"\/\/www.highperformanceformat.com\/c1158f160081d6540a8409e6925dab94\/invoke.js\"><\/script><\/div><div class=\"excel-before-content\" id=\"excel-4254871249\"><script type=\"text\/javascript\">\r\n\tatOptions = {\r\n\t\t'key' : 'c1158f160081d6540a8409e6925dab94',\r\n\t\t'format' : 'iframe',\r\n\t\t'height' : 250,\r\n\t\t'width' : 300,\r\n\t\t'params' : {}\r\n\t};\r\n<\/script>\r\n<script type=\"text\/javascript\" src=\"\/\/www.highperformanceformat.com\/c1158f160081d6540a8409e6925dab94\/invoke.js\"><\/script><\/div> <p>Como todos sabem, o Excel \u00e9 usado principalmente para trabalhar com n\u00fameros e dados de texto, mas o Excel tamb\u00e9m tem a capacidade de inserir imagens em c\u00e9lulas. Inserir a imagem em uma c\u00e9lula \u00e9 uma tarefa muito simples e voc\u00ea pode inserir a imagem do seu sistema local ou online.<\/p><p> \u00c0s vezes voc\u00ea se encontra em uma situa\u00e7\u00e3o em que trabalha em uma organiza\u00e7\u00e3o onde deseja incluir imagens e dados para fornecer os elementos visuais aos dados referenciados.<\/p><p> Suponha que voc\u00ea esteja trabalhando em uma empresa de fabrica\u00e7\u00e3o de produtos onde precisa manter os detalhes de seus produtos no Excel e tamb\u00e9m deseja adicionar as imagens de refer\u00eancia desses produtos; L\u00e1 voc\u00ea pode usar a fun\u00e7\u00e3o de inser\u00e7\u00e3o de imagem do Excel.<\/p><p> Existem muitos tipos de organiza\u00e7\u00f5es onde voc\u00ea sempre encontra a necessidade desse recurso, como im\u00f3veis, logotipos ou projetos de edif\u00edcios, e muito mais para exibir as imagens de refer\u00eancia com os dados.<\/p><h2 class=\"wp-block-heading\"> Etapas para inserir uma imagem em uma c\u00e9lula<\/h2><ol><li> Primeiro, v\u00e1 para a guia \u201cInserir\u201d na faixa de op\u00e7\u00f5es e clique no \u00edcone \u201cImagens\u201d no grupo \u201cIlustra\u00e7\u00f5es\u201d.<\/li><li> Depois de clicar em \u201cImagens\u201d, a caixa suspensa se abre para escolher onde deseja inserir uma imagem do seu sistema local ou online.<\/li><li> Depois disso, clique em \u201cEste Dispositivo\u201d para inserir a imagem do seu sistema local ou conectado ou clique em \u201cImagens Online\u201d se desejar inserir a imagem online. <br><img loading=\"lazy\" decoding=\"async\" title=\"1-inserir imagem no Excel\" src=\"https:\/\/exceladvisor.org\/wp-content\/uploads\/2023\/08\/1-insertion-dimage-dans-excel.png\" sizes=\"auto, \" srcset=\"\" alt=\"insert-picture-in-excel\" width=\"414\" height=\"207\"><\/li><li> Aqui, localize e escolha a imagem que deseja inserir e clique no bot\u00e3o \u201cInserir\u201d. <br><img loading=\"lazy\" decoding=\"async\" title=\"2-escolha a foto\" src=\"https:\/\/exceladvisor.org\/wp-content\/uploads\/2023\/08\/2-choisir-limage.png\" sizes=\"auto, \" srcset=\"\" alt=\"choose-the-picture\" width=\"648\" height=\"407\"><\/li><li> Ao clicar em \u201cInserir\u201d, a imagem ser\u00e1 inserida na planilha.<\/li><li> Agora, coloque o cursor do mouse sobre qualquer borda redonda e arraste e reduza a imagem para redimension\u00e1-la para que caiba em uma c\u00e9lula. <br><img loading=\"lazy\" decoding=\"async\" title=\"3-redimensionar-imagem\" src=\"https:\/\/exceladvisor.org\/wp-content\/uploads\/2023\/08\/3-redimensionner-limage.png\" sizes=\"auto, \" srcset=\"\" alt=\"resize-the-image\" width=\"582\" height=\"157\"><\/li><li> Depois de redimensionada, com o clique do mouse, segure uma das bordas e arraste a imagem at\u00e9 a c\u00e9lula onde deseja coloc\u00e1-la. <br><img loading=\"lazy\" decoding=\"async\" title=\"4-arraste a imagem\" src=\"https:\/\/exceladvisor.org\/wp-content\/uploads\/2023\/08\/4-faites-glisser-limage.png\" sizes=\"auto, \" srcset=\"\" alt=\"drag-the-image\" width=\"491\" height=\"173\"><\/li><\/ol><h2 class=\"wp-block-heading\"> Bloquear imagem na c\u00e9lula<\/h2><p> A imagem, por padr\u00e3o, n\u00e3o fixa nem permanece em seu lugar ap\u00f3s atribu\u00ed-las \u00e0s suas respectivas c\u00e9lulas, o que significa que com o redimensionamento da c\u00e9lula a imagem pode ser movida livremente para outro local.<\/p><p> Portanto ap\u00f3s colocar a imagem precisamos trav\u00e1-la para que a imagem fique embutida na c\u00e9lula e n\u00e3o seja movida de seu lugar. Para fazer isso, siga os passos abaixo ap\u00f3s inserir a imagem.<\/p><ol><li> Primeiro, clique com o bot\u00e3o direito na imagem\/imagem e voc\u00ea abrir\u00e1 a lista suspensa.<\/li><li> Depois disso, escolha a op\u00e7\u00e3o \u201cTamanho e Propriedades\u201d. <br><img loading=\"lazy\" decoding=\"async\" title=\"Op\u00e7\u00e3o de 5 tamanhos e propriedades\" src=\"https:\/\/exceladvisor.org\/wp-content\/uploads\/2023\/08\/5-options-de-taille-et-de-proprietes.png\" sizes=\"auto, \" srcset=\"\" alt=\"size-and-properties-option\" width=\"651\" height=\"374\"><\/li><li> Agora selecione a op\u00e7\u00e3o \u201cMover e dimensionar com c\u00e9lulas\u201d para que possa ser bloqueado nesta c\u00e9lula e mover-se apenas dentro da c\u00e9lula. <br><img loading=\"lazy\" decoding=\"async\" title=\"6 movimentos e tamanho com c\u00e9lulas\" src=\"https:\/\/exceladvisor.org\/wp-content\/uploads\/2023\/08\/6-deplacer-et-dimensionner-avec-des-cellules.png\" sizes=\"auto, \" srcset=\"\" alt=\"move-and-size-with-cells\" width=\"746\" height=\"501\"><\/li><\/ol><p> Agora esta imagem s\u00f3 ser\u00e1 movida com o movimento da c\u00e9lula; por exemplo, agora que inseri a linha entre as colunas \u201cB\u201d e \u201cC\u201d, a imagem se moveu para a direita com o movimento da c\u00e9lula.<\/p><p> Quando redimensionei a c\u00e9lula, a imagem foi ajustada de acordo e n\u00e3o saiu da c\u00e9lula. <\/p><div class=\"wp-block-image\"><figure class=\"aligncenter size-full is-resized\"><img loading=\"lazy\" decoding=\"async\" class=\"wp-image-79183\" src=\"https:\/\/exceladvisor.org\/wp-content\/uploads\/2023\/08\/7-image-enfermee-dans-une-cellule.png\" sizes=\"auto, \" srcset=\"\" alt=\"imagem bloqueada na c\u00e9lula\" width=\"538\" height=\"125\"><\/figure><\/div><div class=\"gb-container gb-container-4db6181c gb-container-mt\"> <a class=\"gb-button gb-button-c5897111 gb-button-text gb-button-mt-button\" href=\"https:\/\/exceladvisor.org\/pt\/excel-avancado\/\">Tutoriais avan\u00e7ados de Excel<\/a><h2 class=\"gb-headline gb-headline-665e5f6b gb-headline-text gb-headline-mt-heading\"> Tutoriais relacionados <\/h2><div class=\"gb-grid-wrapper gb-grid-wrapper-a20baf7c gb-grid-wrapper-mt-grid\"><div class=\"gb-grid-column gb-grid-column-65ddf67e\"><div class=\"gb-container gb-container-65ddf67e\"><ul><li> <a href=\"https:\/\/exceladvisor.org\/pt\/ferramenta-de-camera\/\">Ferramenta C\u00e2mera Excel<\/a><\/li><li> <a href=\"https:\/\/exceladvisor.org\/pt\/busca-de-meta\/\">Localizador de metas no Excel<\/a><\/li><li> <a href=\"https:\/\/exceladvisor.org\/pt\/janela-de-observacao\/\">Janela de observa\u00e7\u00e3o no Excel<\/a><\/li><li> <a href=\"https:\/\/exceladvisor.org\/pt\/fatiador-de-excel\/\">Fatiador de Excel (guia completo)<\/a><\/li><li> <a href=\"https:\/\/exceladvisor.org\/pt\/excel-por-padrao-no-mac\/\">Tornar o Excel padr\u00e3o no Mac<\/a><\/li><\/ul><\/div><\/div><\/div><\/div>","protected":false},"excerpt":{"rendered":"","protected":false},"author":1,"featured_media":0,"parent":0,"menu_order":0,"comment_status":"open","ping_status":"closed","template":"","meta":{"ub_ctt_via":"","footnotes":""},"class_list":["post-450","page","type-page","status-publish","hentry"],"featured_image_src":null,"yoast_head":"<!-- This site is optimized with the Yoast SEO plugin v25.4 - https:\/\/yoast.com\/wordpress\/plugins\/seo\/ -->\n<title>Como inserir uma imagem em uma c\u00e9lula do Excel?<\/title>\n<meta name=\"robots\" content=\"index, follow, max-snippet:-1, max-image-preview:large, max-video-preview:-1\" \/>\n<link rel=\"canonical\" href=\"https:\/\/exceladvisor.org\/pt\/insira-uma-imagem\/\" \/>\n<meta property=\"og:locale\" content=\"pt_PT\" \/>\n<meta property=\"og:type\" content=\"article\" \/>\n<meta property=\"og:title\" content=\"Como inserir uma imagem em uma c\u00e9lula do Excel?\" \/>\n<meta property=\"og:url\" content=\"https:\/\/exceladvisor.org\/pt\/insira-uma-imagem\/\" \/>\n<meta property=\"og:site_name\" content=\"Excel Advisor\" \/>\n<meta property=\"article:modified_time\" content=\"2023-12-06T11:51:00+00:00\" \/>\n<meta property=\"og:image\" content=\"https:\/\/exceladvisor.org\/wp-content\/uploads\/2023\/08\/1-insertion-dimage-dans-excel.png\" \/>\n<meta name=\"twitter:card\" content=\"summary_large_image\" \/>\n<meta name=\"twitter:label1\" content=\"Tempo estimado de leitura\" \/>\n\t<meta name=\"twitter:data1\" content=\"3 minutos\" \/>\n<script type=\"application\/ld+json\" class=\"yoast-schema-graph\">{\"@context\":\"https:\/\/schema.org\",\"@graph\":[{\"@type\":\"WebPage\",\"@id\":\"https:\/\/exceladvisor.org\/pt\/insira-uma-imagem\/\",\"url\":\"https:\/\/exceladvisor.org\/pt\/insira-uma-imagem\/\",\"name\":\"Como inserir uma imagem em uma c\u00e9lula do Excel?\",\"isPartOf\":{\"@id\":\"https:\/\/exceladvisor.org\/pt\/#website\"},\"primaryImageOfPage\":{\"@id\":\"https:\/\/exceladvisor.org\/pt\/insira-uma-imagem\/#primaryimage\"},\"image\":{\"@id\":\"https:\/\/exceladvisor.org\/pt\/insira-uma-imagem\/#primaryimage\"},\"thumbnailUrl\":\"https:\/\/exceladvisor.org\/wp-content\/uploads\/2023\/08\/1-insertion-dimage-dans-excel.png\",\"datePublished\":\"2023-10-27T23:50:11+00:00\",\"dateModified\":\"2023-12-06T11:51:00+00:00\",\"breadcrumb\":{\"@id\":\"https:\/\/exceladvisor.org\/pt\/insira-uma-imagem\/#breadcrumb\"},\"inLanguage\":\"pt-PT\",\"potentialAction\":[{\"@type\":\"ReadAction\",\"target\":[\"https:\/\/exceladvisor.org\/pt\/insira-uma-imagem\/\"]}]},{\"@type\":\"ImageObject\",\"inLanguage\":\"pt-PT\",\"@id\":\"https:\/\/exceladvisor.org\/pt\/insira-uma-imagem\/#primaryimage\",\"url\":\"https:\/\/exceladvisor.org\/wp-content\/uploads\/2023\/08\/1-insertion-dimage-dans-excel.png\",\"contentUrl\":\"https:\/\/exceladvisor.org\/wp-content\/uploads\/2023\/08\/1-insertion-dimage-dans-excel.png\"},{\"@type\":\"BreadcrumbList\",\"@id\":\"https:\/\/exceladvisor.org\/pt\/insira-uma-imagem\/#breadcrumb\",\"itemListElement\":[{\"@type\":\"ListItem\",\"position\":1,\"name\":\"Lar\",\"item\":\"https:\/\/exceladvisor.org\/pt\/\"},{\"@type\":\"ListItem\",\"position\":2,\"name\":\"Insira uma imagem em uma c\u00e9lula no excel\"}]},{\"@type\":\"WebSite\",\"@id\":\"https:\/\/exceladvisor.org\/pt\/#website\",\"url\":\"https:\/\/exceladvisor.org\/pt\/\",\"name\":\"Excel Advisor\",\"description\":\"O seu guia definitivo para dominar os dados!\",\"publisher\":{\"@id\":\"https:\/\/exceladvisor.org\/pt\/#organization\"},\"potentialAction\":[{\"@type\":\"SearchAction\",\"target\":{\"@type\":\"EntryPoint\",\"urlTemplate\":\"https:\/\/exceladvisor.org\/pt\/?s={search_term_string}\"},\"query-input\":{\"@type\":\"PropertyValueSpecification\",\"valueRequired\":true,\"valueName\":\"search_term_string\"}}],\"inLanguage\":\"pt-PT\"},{\"@type\":\"Organization\",\"@id\":\"https:\/\/exceladvisor.org\/pt\/#organization\",\"name\":\"Excel Advisor\",\"url\":\"https:\/\/exceladvisor.org\/pt\/\",\"logo\":{\"@type\":\"ImageObject\",\"inLanguage\":\"pt-PT\",\"@id\":\"https:\/\/exceladvisor.org\/pt\/#\/schema\/logo\/image\/\",\"url\":\"https:\/\/exceladvisor.org\/pt\/wp-content\/uploads\/2023\/12\/exceladvisor.org_.png\",\"contentUrl\":\"https:\/\/exceladvisor.org\/pt\/wp-content\/uploads\/2023\/12\/exceladvisor.org_.png\",\"width\":105,\"height\":36,\"caption\":\"Excel Advisor\"},\"image\":{\"@id\":\"https:\/\/exceladvisor.org\/pt\/#\/schema\/logo\/image\/\"}}]}<\/script>\n<!-- \/ Yoast SEO plugin. -->","yoast_head_json":{"title":"Como inserir uma imagem em uma c\u00e9lula do Excel?","robots":{"index":"index","follow":"follow","max-snippet":"max-snippet:-1","max-image-preview":"max-image-preview:large","max-video-preview":"max-video-preview:-1"},"canonical":"https:\/\/exceladvisor.org\/pt\/insira-uma-imagem\/","og_locale":"pt_PT","og_type":"article","og_title":"Como inserir uma imagem em uma c\u00e9lula do Excel?","og_url":"https:\/\/exceladvisor.org\/pt\/insira-uma-imagem\/","og_site_name":"Excel Advisor","article_modified_time":"2023-12-06T11:51:00+00:00","og_image":[{"url":"https:\/\/exceladvisor.org\/wp-content\/uploads\/2023\/08\/1-insertion-dimage-dans-excel.png","type":"","width":"","height":""}],"twitter_card":"summary_large_image","twitter_misc":{"Tempo estimado de leitura":"3 minutos"},"schema":{"@context":"https:\/\/schema.org","@graph":[{"@type":"WebPage","@id":"https:\/\/exceladvisor.org\/pt\/insira-uma-imagem\/","url":"https:\/\/exceladvisor.org\/pt\/insira-uma-imagem\/","name":"Como inserir uma imagem em uma c\u00e9lula do Excel?","isPartOf":{"@id":"https:\/\/exceladvisor.org\/pt\/#website"},"primaryImageOfPage":{"@id":"https:\/\/exceladvisor.org\/pt\/insira-uma-imagem\/#primaryimage"},"image":{"@id":"https:\/\/exceladvisor.org\/pt\/insira-uma-imagem\/#primaryimage"},"thumbnailUrl":"https:\/\/exceladvisor.org\/wp-content\/uploads\/2023\/08\/1-insertion-dimage-dans-excel.png","datePublished":"2023-10-27T23:50:11+00:00","dateModified":"2023-12-06T11:51:00+00:00","breadcrumb":{"@id":"https:\/\/exceladvisor.org\/pt\/insira-uma-imagem\/#breadcrumb"},"inLanguage":"pt-PT","potentialAction":[{"@type":"ReadAction","target":["https:\/\/exceladvisor.org\/pt\/insira-uma-imagem\/"]}]},{"@type":"ImageObject","inLanguage":"pt-PT","@id":"https:\/\/exceladvisor.org\/pt\/insira-uma-imagem\/#primaryimage","url":"https:\/\/exceladvisor.org\/wp-content\/uploads\/2023\/08\/1-insertion-dimage-dans-excel.png","contentUrl":"https:\/\/exceladvisor.org\/wp-content\/uploads\/2023\/08\/1-insertion-dimage-dans-excel.png"},{"@type":"BreadcrumbList","@id":"https:\/\/exceladvisor.org\/pt\/insira-uma-imagem\/#breadcrumb","itemListElement":[{"@type":"ListItem","position":1,"name":"Lar","item":"https:\/\/exceladvisor.org\/pt\/"},{"@type":"ListItem","position":2,"name":"Insira uma imagem em uma c\u00e9lula no excel"}]},{"@type":"WebSite","@id":"https:\/\/exceladvisor.org\/pt\/#website","url":"https:\/\/exceladvisor.org\/pt\/","name":"Excel Advisor","description":"O seu guia definitivo para dominar os dados!","publisher":{"@id":"https:\/\/exceladvisor.org\/pt\/#organization"},"potentialAction":[{"@type":"SearchAction","target":{"@type":"EntryPoint","urlTemplate":"https:\/\/exceladvisor.org\/pt\/?s={search_term_string}"},"query-input":{"@type":"PropertyValueSpecification","valueRequired":true,"valueName":"search_term_string"}}],"inLanguage":"pt-PT"},{"@type":"Organization","@id":"https:\/\/exceladvisor.org\/pt\/#organization","name":"Excel Advisor","url":"https:\/\/exceladvisor.org\/pt\/","logo":{"@type":"ImageObject","inLanguage":"pt-PT","@id":"https:\/\/exceladvisor.org\/pt\/#\/schema\/logo\/image\/","url":"https:\/\/exceladvisor.org\/pt\/wp-content\/uploads\/2023\/12\/exceladvisor.org_.png","contentUrl":"https:\/\/exceladvisor.org\/pt\/wp-content\/uploads\/2023\/12\/exceladvisor.org_.png","width":105,"height":36,"caption":"Excel Advisor"},"image":{"@id":"https:\/\/exceladvisor.org\/pt\/#\/schema\/logo\/image\/"}}]}},"yoast_meta":{"yoast_wpseo_title":"","yoast_wpseo_metadesc":"","yoast_wpseo_canonical":""},"_links":{"self":[{"href":"https:\/\/exceladvisor.org\/pt\/wp-json\/wp\/v2\/pages\/450","targetHints":{"allow":["GET"]}}],"collection":[{"href":"https:\/\/exceladvisor.org\/pt\/wp-json\/wp\/v2\/pages"}],"about":[{"href":"https:\/\/exceladvisor.org\/pt\/wp-json\/wp\/v2\/types\/page"}],"author":[{"embeddable":true,"href":"https:\/\/exceladvisor.org\/pt\/wp-json\/wp\/v2\/users\/1"}],"replies":[{"embeddable":true,"href":"https:\/\/exceladvisor.org\/pt\/wp-json\/wp\/v2\/comments?post=450"}],"version-history":[{"count":1,"href":"https:\/\/exceladvisor.org\/pt\/wp-json\/wp\/v2\/pages\/450\/revisions"}],"predecessor-version":[{"id":1438,"href":"https:\/\/exceladvisor.org\/pt\/wp-json\/wp\/v2\/pages\/450\/revisions\/1438"}],"wp:attachment":[{"href":"https:\/\/exceladvisor.org\/pt\/wp-json\/wp\/v2\/media?parent=450"}],"curies":[{"name":"wp","href":"https:\/\/api.w.org\/{rel}","templated":true}]}}