{"id":451,"date":"2023-10-27T23:44:57","date_gmt":"2023-10-27T23:44:57","guid":{"rendered":"https:\/\/exceladvisor.org\/pt\/encontrar-intervalo-de-nomes\/"},"modified":"2023-12-06T11:37:36","modified_gmt":"2023-12-06T11:37:36","slug":"encontrar-intervalo-de-nomes","status":"publish","type":"page","link":"https:\/\/exceladvisor.org\/pt\/encontrar-intervalo-de-nomes\/","title":{"rendered":"Como encontrar uma s\u00e9rie de nomes no excel?"},"content":{"rendered":"<div class=\"excel-before-content-2\" id=\"excel-1228592321\"><script type=\"text\/javascript\">\r\n\tatOptions = {\r\n\t\t'key' : 'c1158f160081d6540a8409e6925dab94',\r\n\t\t'format' : 'iframe',\r\n\t\t'height' : 250,\r\n\t\t'width' : 300,\r\n\t\t'params' : {}\r\n\t};\r\n<\/script>\r\n<script type=\"text\/javascript\" src=\"\/\/www.highperformanceformat.com\/c1158f160081d6540a8409e6925dab94\/invoke.js\"><\/script><\/div><div class=\"excel-before-content\" id=\"excel-897500480\"><script type=\"text\/javascript\">\r\n\tatOptions = {\r\n\t\t'key' : 'c1158f160081d6540a8409e6925dab94',\r\n\t\t'format' : 'iframe',\r\n\t\t'height' : 250,\r\n\t\t'width' : 300,\r\n\t\t'params' : {}\r\n\t};\r\n<\/script>\r\n<script type=\"text\/javascript\" src=\"\/\/www.highperformanceformat.com\/c1158f160081d6540a8409e6925dab94\/invoke.js\"><\/script><\/div> <p>No Excel, nomear um intervalo de c\u00e9lulas \u00e9 a maneira mais f\u00e1cil e r\u00e1pida de fazer refer\u00eancia a essas c\u00e9lulas na f\u00f3rmula. Voc\u00ea pode criar v\u00e1rios intervalos de nomes na planilha e us\u00e1-los como refer\u00eancia de c\u00e9lula ao aplicar a f\u00f3rmula.<\/p><p> Mas \u00e0s vezes, se voc\u00ea tiver v\u00e1rios intervalos nomeados na pasta de trabalho, pode ser dif\u00edcil lembrar os nomes e os locais dos intervalos de nomes.<\/p><p> Portanto, neste tutorial, mostraremos como encontrar os intervalos de nomes na pasta de trabalho atual.<\/p><h2 class=\"wp-block-heading\"> Etapas para encontrar o intervalo de nomes usando o Gerenciador de nomes<\/h2><p> O m\u00e9todo mais recomendado para encontrar todos os intervalos de nomes em toda a pasta de trabalho \u00e9 usar o &#8220;Gerenciador de Nomes&#8221;. A partir daqui voc\u00ea tamb\u00e9m pode editar as c\u00e9lulas relativas de qualquer intervalo nomeado e alterar o nome de qualquer intervalo nomeado seguindo as etapas abaixo:<\/p><ol><li> Primeiro, v\u00e1 para a guia \u201cF\u00f3rmulas\u201d e clique no \u00edcone \u201cGerenciador de nomes\u201d no grupo \u201cNomes definidos\u201d.<\/li><li> Ou primeiro, mantenha pressionada a tecla \u201cCtrl\u201d e depois pressione a tecla \u201cF3\u201d. <br><img loading=\"lazy\" decoding=\"async\" title=\"-nome-gerenciador-\u00edcone\" src=\"https:\/\/exceladvisor.org\/wp-content\/uploads\/2023\/08\/1-icone-de-gestionnaire-de-noms.png\" sizes=\"auto, \" srcset=\"\" alt=\"name-manager-icon\" width=\"726\" height=\"132\"><\/li><li> Neste ponto, a caixa de di\u00e1logo \u201cGerenciador de nomes\u201d ser\u00e1 aberta.<\/li><li> Nele voc\u00ea encontrar\u00e1 todos os intervalos de nomes com seus nomes na guia &#8220;Nome&#8221; e a localiza\u00e7\u00e3o (nome da planilha), incluindo o intervalo de c\u00e9lulas atribu\u00eddo a eles na guia &#8220;Consultar&#8221;.<\/li><li> A partir da\u00ed, clique duas vezes em um dos intervalos de nomes que deseja editar ou navegue at\u00e9 as c\u00e9lulas relativas desse intervalo de nomes. <br><img loading=\"lazy\" decoding=\"async\" title=\"-di\u00e1logo do nome do gerenciador\" src=\"https:\/\/exceladvisor.org\/wp-content\/uploads\/2023\/08\/Boite-de-dialogue-du-gestionnaire-de-2-noms.png\" sizes=\"auto, \" srcset=\"\" alt=\"name-manager-dialog-box\" width=\"517\" height=\"405\"><\/li><li> No momento em que voc\u00ea clicar duas vezes no intervalo de nomes individual, a caixa de di\u00e1logo desse intervalo de nomes ser\u00e1 aberta, conforme mostrado na imagem abaixo.<\/li><li> Agora, para alterar o nome deste intervalo de nomes, v\u00e1 at\u00e9 o campo \u201cNome\u201d e exclua o nome existente e adicione o novo nome, a seguir pressione OK.<\/li><li> Para acessar as c\u00e9lulas referenciadas, clique na \u00faltima da refer\u00eancia indicada e voc\u00ea ser\u00e1 levado \u00e0s c\u00e9lulas referenciadas. <br><img loading=\"lazy\" decoding=\"async\" title=\"-di\u00e1logo de edi\u00e7\u00e3o do intervalo de nomes\" src=\"https:\/\/exceladvisor.org\/wp-content\/uploads\/2023\/08\/3-boite-de-dialogue-de-modification-de-la-plage-de-noms.png\" sizes=\"auto, \" srcset=\"\" alt=\"edit-name-range-dialog-box\" width=\"299\" height=\"227\"><\/li><li> A partir daqui voc\u00ea pode selecionar novamente o intervalo de c\u00e9lulas e o intervalo ser\u00e1 atualizado.<\/li><li> voc\u00ea pode v\u00ea-lo no campo \u201cRefere-se a\u201d na caixa de di\u00e1logo e pressione OK. <br><img loading=\"lazy\" decoding=\"async\" title=\"-re-selecionar intervalo\" src=\"https:\/\/exceladvisor.org\/wp-content\/uploads\/2023\/08\/4-reselectionner-la-gamme.png\" sizes=\"auto, \" srcset=\"\" alt=\"reselect-the-range\" width=\"446\" height=\"276\"><\/li><\/ol><h2 class=\"wp-block-heading\"> Encontre o intervalo de nomes usando a op\u00e7\u00e3o Ir para<\/h2><ol><li> Primeiro, v\u00e1 para a guia \u201cHome\u201d, clique no \u00edcone \u201cLocalizar e selecionar\u201d e, a seguir, clique na op\u00e7\u00e3o \u201cGOTO\u201d para abrir a caixa de di\u00e1logo \u201cGOTO\u201d.<\/li><li> Ou apenas pressione o atalho de teclado \u201cCtrl + G\u201d e a caixa de di\u00e1logo \u201cGOTO\u201d ser\u00e1 aberta. <br><img loading=\"lazy\" decoding=\"async\" title=\"-v\u00e1 para a op\u00e7\u00e3o\" src=\"https:\/\/exceladvisor.org\/wp-content\/uploads\/2023\/08\/5-aller-a-loption.png\" sizes=\"auto, \" srcset=\"\" alt=\"go-to-option\" width=\"653\" height=\"277\"><\/li><li> Aqui na caixa de di\u00e1logo \u201cGOTO\u201d voc\u00ea encontrar\u00e1 todos os intervalos de nomes em sua pasta de trabalho. <br><img loading=\"lazy\" decoding=\"async\" title=\"-v\u00e1 para a caixa de di\u00e1logo\" src=\"https:\/\/exceladvisor.org\/wp-content\/uploads\/2023\/08\/6-aller-a-la-boite-de-dialogue.png\" sizes=\"auto, \" srcset=\"\" alt=\"go-to-dialog-box\" width=\"329\" height=\"270\"><\/li><\/ol><h2 class=\"wp-block-heading\"> Encontre o intervalo de nomes diminuindo o zoom<\/h2><p> Para encontrar os intervalos de nomes na planilha atual, basta diminuir o zoom na planilha para 30% e voc\u00ea encontrar\u00e1 os nomes dos intervalos de nomes destacados em suas c\u00e9lulas relativas. <\/p><div class=\"wp-block-image\"><figure class=\"aligncenter size-full\"><img loading=\"lazy\" decoding=\"async\" class=\"wp-image-82876\" src=\"https:\/\/exceladvisor.org\/wp-content\/uploads\/2023\/08\/7-dezoomer.png\" sizes=\"auto, \" srcset=\"\" alt=\"Reduzir o zoom\" width=\"424\" height=\"83\"><\/figure><\/div><p> Na imagem abaixo, a planilha est\u00e1 ampliada para 30% e voc\u00ea pode ver que temos dois intervalos de nomes separados definidos na planilha atual onde os nomes est\u00e3o destacados. <\/p><div class=\"wp-block-image\"><figure class=\"aligncenter size-full is-resized\"><img loading=\"lazy\" decoding=\"async\" class=\"wp-image-82877\" src=\"https:\/\/exceladvisor.org\/wp-content\/uploads\/2023\/08\/8-plages-de-noms-en-surbrillance.png\" sizes=\"auto, \" srcset=\"\" alt=\"intervalos de nomes destacados\" width=\"472\" height=\"253\"><\/figure><\/div><h2 class=\"wp-block-heading\"> Encontre o intervalo de nomes na caixa de nome<\/h2><p> Voc\u00ea tamb\u00e9m pode encontrar os intervalos de nomes na \u201ccaixa de nomes\u201d no canto superior esquerdo da planilha e para navegar at\u00e9 as c\u00e9lulas relevantes no intervalo de nomes, basta clicar nelas. <\/p><div class=\"wp-block-image\"><figure class=\"aligncenter size-full is-resized\"><img loading=\"lazy\" decoding=\"async\" class=\"wp-image-82878\" src=\"https:\/\/exceladvisor.org\/wp-content\/uploads\/2023\/08\/boite-a-9-noms.png\" sizes=\"auto, \" srcset=\"\" alt=\"nome da caixa\" width=\"223\" height=\"393\"><\/figure><\/div><div class=\"gb-container gb-container-4db6181c gb-container-mt\"> <a class=\"gb-button gb-button-c5897111 gb-button-text gb-button-mt-button\" href=\"https:\/\/exceladvisor.org\/pt\/excel-avancado\/\">Tutoriais avan\u00e7ados de Excel<\/a><h2 class=\"gb-headline gb-headline-665e5f6b gb-headline-text gb-headline-mt-heading\"> Tutoriais relacionados <\/h2><div class=\"gb-grid-wrapper gb-grid-wrapper-a20baf7c gb-grid-wrapper-mt-grid\"><div class=\"gb-grid-column gb-grid-column-65ddf67e\"><div class=\"gb-container gb-container-65ddf67e\"><ul><li> <a href=\"https:\/\/exceladvisor.org\/pt\/ferramenta-de-analise-rapida\/\">Ferramenta de an\u00e1lise r\u00e1pida no Excel<\/a><\/li><li> <a href=\"https:\/\/exceladvisor.org\/pt\/aplicar-varios-filtros\/\">Aplicar v\u00e1rios filtros \u00e0s colunas<\/a><\/li><li> <a href=\"https:\/\/exceladvisor.org\/pt\/destacar-valores-superiores-inferiores\/\">Destaque os valores N superiores e inferiores no Excel<\/a><\/li><li> <a href=\"https:\/\/exceladvisor.org\/pt\/caixa-de-selecao\/\">Insira uma caixa de sele\u00e7\u00e3o no Excel<\/a><\/li><li> <a href=\"https:\/\/exceladvisor.org\/pt\/mesclar-celulas-sem-perder-dados\/\">Mesclar c\u00e9lulas sem perder dados no Excel<\/a><\/li><\/ul><\/div><\/div><\/div><\/div>","protected":false},"excerpt":{"rendered":"","protected":false},"author":1,"featured_media":0,"parent":0,"menu_order":0,"comment_status":"open","ping_status":"closed","template":"","meta":{"ub_ctt_via":"","footnotes":""},"class_list":["post-451","page","type-page","status-publish","hentry"],"featured_image_src":null,"yoast_head":"<!-- This site is optimized with the Yoast SEO plugin v25.4 - https:\/\/yoast.com\/wordpress\/plugins\/seo\/ -->\n<title>Como encontrar uma s\u00e9rie de nomes no Excel?<\/title>\n<meta name=\"description\" content=\"Este guia r\u00e1pido o ajudar\u00e1 a encontrar um intervalo nomeado no Excel. Discutiremos isso em etapas f\u00e1ceis de seguir.\" \/>\n<meta name=\"robots\" content=\"index, follow, max-snippet:-1, max-image-preview:large, max-video-preview:-1\" \/>\n<link rel=\"canonical\" href=\"https:\/\/exceladvisor.org\/pt\/encontrar-intervalo-de-nomes\/\" \/>\n<meta property=\"og:locale\" content=\"pt_PT\" \/>\n<meta property=\"og:type\" content=\"article\" \/>\n<meta property=\"og:title\" content=\"Como encontrar uma s\u00e9rie de nomes no Excel?\" \/>\n<meta property=\"og:description\" content=\"Este guia r\u00e1pido o ajudar\u00e1 a encontrar um intervalo nomeado no Excel. Discutiremos isso em etapas f\u00e1ceis de seguir.\" \/>\n<meta property=\"og:url\" content=\"https:\/\/exceladvisor.org\/pt\/encontrar-intervalo-de-nomes\/\" \/>\n<meta property=\"og:site_name\" content=\"Excel Advisor\" \/>\n<meta property=\"article:modified_time\" content=\"2023-12-06T11:37:36+00:00\" \/>\n<meta property=\"og:image\" content=\"https:\/\/exceladvisor.org\/wp-content\/uploads\/2023\/08\/1-icone-de-gestionnaire-de-noms.png\" \/>\n<meta name=\"twitter:card\" content=\"summary_large_image\" \/>\n<meta name=\"twitter:label1\" content=\"Tempo estimado de leitura\" \/>\n\t<meta name=\"twitter:data1\" content=\"3 minutos\" \/>\n<script type=\"application\/ld+json\" class=\"yoast-schema-graph\">{\"@context\":\"https:\/\/schema.org\",\"@graph\":[{\"@type\":\"WebPage\",\"@id\":\"https:\/\/exceladvisor.org\/pt\/encontrar-intervalo-de-nomes\/\",\"url\":\"https:\/\/exceladvisor.org\/pt\/encontrar-intervalo-de-nomes\/\",\"name\":\"Como encontrar uma s\u00e9rie de nomes no Excel?\",\"isPartOf\":{\"@id\":\"https:\/\/exceladvisor.org\/pt\/#website\"},\"primaryImageOfPage\":{\"@id\":\"https:\/\/exceladvisor.org\/pt\/encontrar-intervalo-de-nomes\/#primaryimage\"},\"image\":{\"@id\":\"https:\/\/exceladvisor.org\/pt\/encontrar-intervalo-de-nomes\/#primaryimage\"},\"thumbnailUrl\":\"https:\/\/exceladvisor.org\/wp-content\/uploads\/2023\/08\/1-icone-de-gestionnaire-de-noms.png\",\"datePublished\":\"2023-10-27T23:44:57+00:00\",\"dateModified\":\"2023-12-06T11:37:36+00:00\",\"description\":\"Este guia r\u00e1pido o ajudar\u00e1 a encontrar um intervalo nomeado no Excel. Discutiremos isso em etapas f\u00e1ceis de seguir.\",\"breadcrumb\":{\"@id\":\"https:\/\/exceladvisor.org\/pt\/encontrar-intervalo-de-nomes\/#breadcrumb\"},\"inLanguage\":\"pt-PT\",\"potentialAction\":[{\"@type\":\"ReadAction\",\"target\":[\"https:\/\/exceladvisor.org\/pt\/encontrar-intervalo-de-nomes\/\"]}]},{\"@type\":\"ImageObject\",\"inLanguage\":\"pt-PT\",\"@id\":\"https:\/\/exceladvisor.org\/pt\/encontrar-intervalo-de-nomes\/#primaryimage\",\"url\":\"https:\/\/exceladvisor.org\/wp-content\/uploads\/2023\/08\/1-icone-de-gestionnaire-de-noms.png\",\"contentUrl\":\"https:\/\/exceladvisor.org\/wp-content\/uploads\/2023\/08\/1-icone-de-gestionnaire-de-noms.png\"},{\"@type\":\"BreadcrumbList\",\"@id\":\"https:\/\/exceladvisor.org\/pt\/encontrar-intervalo-de-nomes\/#breadcrumb\",\"itemListElement\":[{\"@type\":\"ListItem\",\"position\":1,\"name\":\"Lar\",\"item\":\"https:\/\/exceladvisor.org\/pt\/\"},{\"@type\":\"ListItem\",\"position\":2,\"name\":\"Como encontrar uma s\u00e9rie de nomes no excel?\"}]},{\"@type\":\"WebSite\",\"@id\":\"https:\/\/exceladvisor.org\/pt\/#website\",\"url\":\"https:\/\/exceladvisor.org\/pt\/\",\"name\":\"Excel Advisor\",\"description\":\"O seu guia definitivo para dominar os dados!\",\"publisher\":{\"@id\":\"https:\/\/exceladvisor.org\/pt\/#organization\"},\"potentialAction\":[{\"@type\":\"SearchAction\",\"target\":{\"@type\":\"EntryPoint\",\"urlTemplate\":\"https:\/\/exceladvisor.org\/pt\/?s={search_term_string}\"},\"query-input\":{\"@type\":\"PropertyValueSpecification\",\"valueRequired\":true,\"valueName\":\"search_term_string\"}}],\"inLanguage\":\"pt-PT\"},{\"@type\":\"Organization\",\"@id\":\"https:\/\/exceladvisor.org\/pt\/#organization\",\"name\":\"Excel Advisor\",\"url\":\"https:\/\/exceladvisor.org\/pt\/\",\"logo\":{\"@type\":\"ImageObject\",\"inLanguage\":\"pt-PT\",\"@id\":\"https:\/\/exceladvisor.org\/pt\/#\/schema\/logo\/image\/\",\"url\":\"https:\/\/exceladvisor.org\/pt\/wp-content\/uploads\/2023\/12\/exceladvisor.org_.png\",\"contentUrl\":\"https:\/\/exceladvisor.org\/pt\/wp-content\/uploads\/2023\/12\/exceladvisor.org_.png\",\"width\":105,\"height\":36,\"caption\":\"Excel Advisor\"},\"image\":{\"@id\":\"https:\/\/exceladvisor.org\/pt\/#\/schema\/logo\/image\/\"}}]}<\/script>\n<!-- \/ Yoast SEO plugin. -->","yoast_head_json":{"title":"Como encontrar uma s\u00e9rie de nomes no Excel?","description":"Este guia r\u00e1pido o ajudar\u00e1 a encontrar um intervalo nomeado no Excel. Discutiremos isso em etapas f\u00e1ceis de seguir.","robots":{"index":"index","follow":"follow","max-snippet":"max-snippet:-1","max-image-preview":"max-image-preview:large","max-video-preview":"max-video-preview:-1"},"canonical":"https:\/\/exceladvisor.org\/pt\/encontrar-intervalo-de-nomes\/","og_locale":"pt_PT","og_type":"article","og_title":"Como encontrar uma s\u00e9rie de nomes no Excel?","og_description":"Este guia r\u00e1pido o ajudar\u00e1 a encontrar um intervalo nomeado no Excel. Discutiremos isso em etapas f\u00e1ceis de seguir.","og_url":"https:\/\/exceladvisor.org\/pt\/encontrar-intervalo-de-nomes\/","og_site_name":"Excel Advisor","article_modified_time":"2023-12-06T11:37:36+00:00","og_image":[{"url":"https:\/\/exceladvisor.org\/wp-content\/uploads\/2023\/08\/1-icone-de-gestionnaire-de-noms.png","type":"","width":"","height":""}],"twitter_card":"summary_large_image","twitter_misc":{"Tempo estimado de leitura":"3 minutos"},"schema":{"@context":"https:\/\/schema.org","@graph":[{"@type":"WebPage","@id":"https:\/\/exceladvisor.org\/pt\/encontrar-intervalo-de-nomes\/","url":"https:\/\/exceladvisor.org\/pt\/encontrar-intervalo-de-nomes\/","name":"Como encontrar uma s\u00e9rie de nomes no Excel?","isPartOf":{"@id":"https:\/\/exceladvisor.org\/pt\/#website"},"primaryImageOfPage":{"@id":"https:\/\/exceladvisor.org\/pt\/encontrar-intervalo-de-nomes\/#primaryimage"},"image":{"@id":"https:\/\/exceladvisor.org\/pt\/encontrar-intervalo-de-nomes\/#primaryimage"},"thumbnailUrl":"https:\/\/exceladvisor.org\/wp-content\/uploads\/2023\/08\/1-icone-de-gestionnaire-de-noms.png","datePublished":"2023-10-27T23:44:57+00:00","dateModified":"2023-12-06T11:37:36+00:00","description":"Este guia r\u00e1pido o ajudar\u00e1 a encontrar um intervalo nomeado no Excel. Discutiremos isso em etapas f\u00e1ceis de seguir.","breadcrumb":{"@id":"https:\/\/exceladvisor.org\/pt\/encontrar-intervalo-de-nomes\/#breadcrumb"},"inLanguage":"pt-PT","potentialAction":[{"@type":"ReadAction","target":["https:\/\/exceladvisor.org\/pt\/encontrar-intervalo-de-nomes\/"]}]},{"@type":"ImageObject","inLanguage":"pt-PT","@id":"https:\/\/exceladvisor.org\/pt\/encontrar-intervalo-de-nomes\/#primaryimage","url":"https:\/\/exceladvisor.org\/wp-content\/uploads\/2023\/08\/1-icone-de-gestionnaire-de-noms.png","contentUrl":"https:\/\/exceladvisor.org\/wp-content\/uploads\/2023\/08\/1-icone-de-gestionnaire-de-noms.png"},{"@type":"BreadcrumbList","@id":"https:\/\/exceladvisor.org\/pt\/encontrar-intervalo-de-nomes\/#breadcrumb","itemListElement":[{"@type":"ListItem","position":1,"name":"Lar","item":"https:\/\/exceladvisor.org\/pt\/"},{"@type":"ListItem","position":2,"name":"Como encontrar uma s\u00e9rie de nomes no excel?"}]},{"@type":"WebSite","@id":"https:\/\/exceladvisor.org\/pt\/#website","url":"https:\/\/exceladvisor.org\/pt\/","name":"Excel Advisor","description":"O seu guia definitivo para dominar os dados!","publisher":{"@id":"https:\/\/exceladvisor.org\/pt\/#organization"},"potentialAction":[{"@type":"SearchAction","target":{"@type":"EntryPoint","urlTemplate":"https:\/\/exceladvisor.org\/pt\/?s={search_term_string}"},"query-input":{"@type":"PropertyValueSpecification","valueRequired":true,"valueName":"search_term_string"}}],"inLanguage":"pt-PT"},{"@type":"Organization","@id":"https:\/\/exceladvisor.org\/pt\/#organization","name":"Excel Advisor","url":"https:\/\/exceladvisor.org\/pt\/","logo":{"@type":"ImageObject","inLanguage":"pt-PT","@id":"https:\/\/exceladvisor.org\/pt\/#\/schema\/logo\/image\/","url":"https:\/\/exceladvisor.org\/pt\/wp-content\/uploads\/2023\/12\/exceladvisor.org_.png","contentUrl":"https:\/\/exceladvisor.org\/pt\/wp-content\/uploads\/2023\/12\/exceladvisor.org_.png","width":105,"height":36,"caption":"Excel Advisor"},"image":{"@id":"https:\/\/exceladvisor.org\/pt\/#\/schema\/logo\/image\/"}}]}},"yoast_meta":{"yoast_wpseo_title":"","yoast_wpseo_metadesc":"","yoast_wpseo_canonical":""},"_links":{"self":[{"href":"https:\/\/exceladvisor.org\/pt\/wp-json\/wp\/v2\/pages\/451","targetHints":{"allow":["GET"]}}],"collection":[{"href":"https:\/\/exceladvisor.org\/pt\/wp-json\/wp\/v2\/pages"}],"about":[{"href":"https:\/\/exceladvisor.org\/pt\/wp-json\/wp\/v2\/types\/page"}],"author":[{"embeddable":true,"href":"https:\/\/exceladvisor.org\/pt\/wp-json\/wp\/v2\/users\/1"}],"replies":[{"embeddable":true,"href":"https:\/\/exceladvisor.org\/pt\/wp-json\/wp\/v2\/comments?post=451"}],"version-history":[{"count":1,"href":"https:\/\/exceladvisor.org\/pt\/wp-json\/wp\/v2\/pages\/451\/revisions"}],"predecessor-version":[{"id":1052,"href":"https:\/\/exceladvisor.org\/pt\/wp-json\/wp\/v2\/pages\/451\/revisions\/1052"}],"wp:attachment":[{"href":"https:\/\/exceladvisor.org\/pt\/wp-json\/wp\/v2\/media?parent=451"}],"curies":[{"name":"wp","href":"https:\/\/api.w.org\/{rel}","templated":true}]}}