{"id":452,"date":"2023-10-27T23:22:27","date_gmt":"2023-10-27T23:22:27","guid":{"rendered":"https:\/\/exceladvisor.org\/pt\/somente-leitura\/"},"modified":"2023-12-06T11:42:27","modified_gmt":"2023-12-06T11:42:27","slug":"somente-leitura","status":"publish","type":"page","link":"https:\/\/exceladvisor.org\/pt\/somente-leitura\/","title":{"rendered":"Como tornar somente leitura no excel?"},"content":{"rendered":"<div class=\"excel-before-content-2\" id=\"excel-3478072525\"><script type=\"text\/javascript\">\r\n\tatOptions = {\r\n\t\t'key' : 'c1158f160081d6540a8409e6925dab94',\r\n\t\t'format' : 'iframe',\r\n\t\t'height' : 250,\r\n\t\t'width' : 300,\r\n\t\t'params' : {}\r\n\t};\r\n<\/script>\r\n<script type=\"text\/javascript\" src=\"\/\/www.highperformanceformat.com\/c1158f160081d6540a8409e6925dab94\/invoke.js\"><\/script><\/div><div class=\"excel-before-content\" id=\"excel-94727114\"><script type=\"text\/javascript\">\r\n\tatOptions = {\r\n\t\t'key' : 'c1158f160081d6540a8409e6925dab94',\r\n\t\t'format' : 'iframe',\r\n\t\t'height' : 250,\r\n\t\t'width' : 300,\r\n\t\t'params' : {}\r\n\t};\r\n<\/script>\r\n<script type=\"text\/javascript\" src=\"\/\/www.highperformanceformat.com\/c1158f160081d6540a8409e6925dab94\/invoke.js\"><\/script><\/div> <p>\u00c0s vezes, os usu\u00e1rios desejam definir o modo padr\u00e3o da pasta de trabalho como somente leitura para evitar que os usu\u00e1rios alterem acidentalmente ou intencionalmente algo nos dados.<\/p><p> Os usu\u00e1rios geralmente preparam o modo de pasta de trabalho apenas quando t\u00eam muitas f\u00f3rmulas ou c\u00e1lculos nos dados e n\u00e3o querem bagun\u00e7ar isso.<\/p><p> Neste tutorial, mostraremos v\u00e1rias maneiras de preparar apenas o modo de pasta de trabalho padr\u00e3o do Excel e voc\u00ea poder\u00e1 escolher qualquer uma delas de acordo com suas prefer\u00eancias.<\/p><h2 id=\"h-make-workbook-ready-only-using-save-as\" class=\"wp-block-heading\"> Prepare a pasta de trabalho apenas usando Salvar como<\/h2><ol><li> Primeiro, v\u00e1 para a guia \u201cArquivo\u201d e clique em \u201cSalvar como\u201d para salvar a pasta de trabalho no modo somente leitura. <br><img loading=\"lazy\" decoding=\"async\" title=\"1-salvar como op\u00e7\u00e3o\" src=\"https:\/\/exceladvisor.org\/wp-content\/uploads\/2023\/08\/1-enregistrer-en-tant-quoption.png\" sizes=\"auto, \" srcset=\"\" alt=\"save-as-option\" width=\"130\" height=\"367\"><\/li><li> Depois disso, escolha o local para salv\u00e1-lo, clique no bot\u00e3o \u201cFerramentas\u201d e escolha \u201cOp\u00e7\u00f5es Gerais\u201d no menu suspenso. <br><img loading=\"lazy\" decoding=\"async\" title=\"2-escolha-op\u00e7\u00f5es gerais\" src=\"https:\/\/exceladvisor.org\/wp-content\/uploads\/2023\/08\/2-choisir-les-options-generales.png\" sizes=\"auto, \" srcset=\"\" alt=\"choose-general-options\" width=\"674\" height=\"251\"><br><br><\/li><li> Agora, defina a senha no campo \u201cSenha para alterar\u201d, selecione a op\u00e7\u00e3o \u201cSomente leitura recomendada\u201d e clique em OK. <br><img loading=\"lazy\" decoding=\"async\" title=\"3-digite a senha para alterar\" src=\"https:\/\/exceladvisor.org\/wp-content\/uploads\/2023\/08\/3-entrez-le-mot-de-passe-pour-modifier.png\" sizes=\"auto, \" srcset=\"\" alt=\"enter-password-to-modify\" width=\"305\" height=\"206\"><\/li><li> Deixe o campo \u201cSenha para alterar\u201d em branco, caso n\u00e3o queira definir uma senha e apenas queira recomendar que os usu\u00e1rios abram o arquivo no modo somente leitura. <br><img loading=\"lazy\" decoding=\"async\" title=\"4 marcas de sele\u00e7\u00e3o somente leitura recomendada\" src=\"https:\/\/exceladvisor.org\/wp-content\/uploads\/2023\/08\/4-coches-lecture-seule-recommandee.png\" sizes=\"auto, \" srcset=\"\" alt=\"tickmark-read-only-recommended\" width=\"305\" height=\"209\"><\/li><li> Feito isso, junto com a senha, os usu\u00e1rios receber\u00e3o a caixa de mensagem para inserir a senha caso desejem abrir no modo de edi\u00e7\u00e3o ou clicar em \u201cSomente leitura\u201d para abrir no modo somente visualiza\u00e7\u00e3o. <br><img loading=\"lazy\" decoding=\"async\" title=\"5 senhas necess\u00e1rias para abrir no modo de edi\u00e7\u00e3o\" src=\"https:\/\/exceladvisor.org\/wp-content\/uploads\/2023\/08\/5-mot-de-passe-requis-pour-ouvrir-en-mode-edition.png\" sizes=\"auto, \" srcset=\"\" alt=\"password-required-to-open-in-edit-mode\" width=\"332\" height=\"173\"><\/li><\/ol><h2 id=\"h-make-workbook-ready-only-using-info-option\" class=\"wp-block-heading\"> Prepare a pasta de trabalho apenas usando a op\u00e7\u00e3o de informa\u00e7\u00f5es<\/h2><ol><li> Primeiro, v\u00e1 para a guia \u201cArquivo\u201d. <br><img loading=\"lazy\" decoding=\"async\" title=\"guia 6-ir para o arquivo\" src=\"https:\/\/exceladvisor.org\/wp-content\/uploads\/2023\/08\/6-aller-a-longlet-fichier.png\" sizes=\"auto, \" srcset=\"\" alt=\"go-to-file-tab\" width=\"329\" height=\"179\"><\/li><li> Depois disso, clique na op\u00e7\u00e3o \u201cInforma\u00e7\u00f5es\u201d, depois clique em \u201cProteger pasta de trabalho\u201d e escolha a op\u00e7\u00e3o \u201cSempre abrir como somente leitura\u201d. <br><img loading=\"lazy\" decoding=\"async\" title=\"7-escolha-sempre-aberto-somente leitura\" src=\"https:\/\/exceladvisor.org\/wp-content\/uploads\/2023\/08\/7-choisissez-toujours-ouvert-en-lecture-seule.png\" sizes=\"auto, \" srcset=\"\" alt=\"choose-always-open-read-only\" width=\"540\" height=\"381\"><\/li><li> Agora o modo padr\u00e3o da pasta de trabalho mudou para somente leitura e qualquer pessoa que abrir este arquivo receber\u00e1 a mensagem perguntando \u201cAbra o arquivo no modo Somente pronto conforme solicitado pelo autor ou no modo edit\u00e1vel ao abrir a pasta de trabalho.<\/li><li> Clique em \u201cSim\u201d e ele abrir\u00e1 em modo somente leitura, caso contr\u00e1rio, clique em \u201cN\u00e3o\u201d se desejar abri-lo em modo edit\u00e1vel. <br><img loading=\"lazy\" decoding=\"async\" title=\"8-escolha-sim-para-abrir-no-modo somente leitura\" src=\"https:\/\/exceladvisor.org\/wp-content\/uploads\/2023\/08\/8-choisissez-oui-pour-ouvrir-en-mode-lecture-seule.png\" sizes=\"auto, \" srcset=\"\" alt=\"choose-yes-to-open-in-read-only-mode\" width=\"664\" height=\"118\"><\/li><\/ol><h2 id=\"h-make-workbook-to-ready-only-mode-using-toggle-read-only\" class=\"wp-block-heading\"> Coloque a pasta de trabalho apenas no modo pronto usando a altern\u00e2ncia somente leitura<\/h2><p> Mudar para somente leitura \u00e9 a maneira melhor e mais r\u00e1pida de mudar a pasta de trabalho para o modo somente leitura e modo edit\u00e1vel a qualquer momento, sem criar uma c\u00f3pia dessa pasta de trabalho.<\/p><ol><li> Primeiro, clique no sinal \u201cSeta\u201d na \u201cBarra de ferramentas de acesso r\u00e1pido\u201d e escolha \u201cMais comandos\u201d no menu suspenso. <br><img loading=\"lazy\" decoding=\"async\" title=\"Op\u00e7\u00e3o de mais 9 pedidos\" src=\"https:\/\/exceladvisor.org\/wp-content\/uploads\/2023\/08\/9-options-de-commandes-supplementaires.png\" sizes=\"auto, \" srcset=\"\" alt=\"more-commands-option\" width=\"281\" height=\"389\"><\/li><li> Depois disso, selecione a op\u00e7\u00e3o \u201cComandos fora da faixa de op\u00e7\u00f5es\u201d no campo \u201cEscolher comandos de\u201d.<\/li><li> Agora, role para baixo e clique na op\u00e7\u00e3o \u201cMudar para somente leitura\u201d e clique em \u201cAdicionar\u201d para adicion\u00e1-lo \u00e0 \u201cBarra de ferramentas de acesso r\u00e1pido\u201d.<\/li><li> Quando terminar, clique em OK. <br><img loading=\"lazy\" decoding=\"async\" title=\"10-adicionar-alternar-somente leitura na barra de ferramentas\" src=\"https:\/\/exceladvisor.org\/wp-content\/uploads\/2023\/08\/10-ajouter-une-bascule-en-lecture-seule-dans-la-barre-doutils.png\" sizes=\"auto, \" srcset=\"\" alt=\"add-toggle-read-only-in-toolbar\" width=\"664\" height=\"547\"><\/li><li> Neste ponto, o bot\u00e3o &#8220;Alternar somente leitura&#8221; foi adicionado \u00e0 &#8220;Barra de ferramentas de acesso r\u00e1pido&#8221;.<\/li><li> Agora, para ativar o modo somente leitura, clique no bot\u00e3o \u201cAlternar para somente leitura\u201d e o modo da pasta de trabalho ser\u00e1 alterado para modo somente leitura.<\/li><li> Para ativar novamente o modo edit\u00e1vel, clique no bot\u00e3o \u201cMudar para somente leitura\u201d novamente. <br><img loading=\"lazy\" decoding=\"async\" title=\"11 bot\u00f5es de altern\u00e2ncia somente leitura\" src=\"https:\/\/exceladvisor.org\/wp-content\/uploads\/2023\/08\/11-basculer-le-bouton-de-lecture-seule.png\" sizes=\"auto, \" srcset=\"\" alt=\"toggle-read-only-button\" width=\"326\" height=\"172\"><\/li><\/ol><p class=\"qt-tip\"> <strong>Nota:<\/strong> Se voc\u00ea n\u00e3o salvou a pasta de trabalho, o Excel solicitar\u00e1 que voc\u00ea salve todas as altera\u00e7\u00f5es j\u00e1 feitas antes de ativar o modo somente leitura. <\/p><div class=\"wp-block-image\"><figure class=\"aligncenter size-full is-resized\"><img loading=\"lazy\" decoding=\"async\" class=\"wp-image-84807\" src=\"https:\/\/exceladvisor.org\/wp-content\/uploads\/2023\/08\/12-enregistrer-les-modifications.png\" sizes=\"auto, \" srcset=\"\" alt=\"Salvar altera\u00e7\u00f5es\" width=\"390\" height=\"133\"><\/figure><\/div><h2 id=\"h-remove-read-only-mode-of-the-file\" class=\"wp-block-heading\"> Remover o modo somente leitura do arquivo<\/h2><p> Para remover o modo somente leitura da pasta de trabalho e torn\u00e1-la edit\u00e1vel novamente, voc\u00ea precisa criar uma nova c\u00f3pia da pasta de trabalho usando \u201cSalvar como\u201d e ao salvar a nova c\u00f3pia voc\u00ea precisa desmarcar \u201cSomente leitura recomendado\u201d do \u00bb Caixa de di\u00e1logo Op\u00e7\u00f5es Gerais. <\/p><div class=\"wp-block-image\"><figure class=\"aligncenter size-full is-resized\"><img loading=\"lazy\" decoding=\"async\" class=\"wp-image-84808\" src=\"https:\/\/exceladvisor.org\/wp-content\/uploads\/2023\/08\/13-supprimer-le-mode-lecture-seule.png\" sizes=\"auto, \" srcset=\"\" alt=\"remover modo somente leitura\" width=\"658\" height=\"346\"><\/figure><\/div><div class=\"gb-container gb-container-4db6181c gb-container-mt\"> <a class=\"gb-button gb-button-c5897111 gb-button-text gb-button-mt-button\" href=\"https:\/\/exceladvisor.org\/pt\/excel-avancado\/\">Tutoriais avan\u00e7ados de Excel<\/a><h2 class=\"gb-headline gb-headline-665e5f6b gb-headline-text gb-headline-mt-heading\"> Tutoriais relacionados <\/h2><div class=\"gb-grid-wrapper gb-grid-wrapper-a20baf7c gb-grid-wrapper-mt-grid\"><div class=\"gb-grid-column gb-grid-column-65ddf67e\"><div class=\"gb-container gb-container-65ddf67e\"><ul><li> <a href=\"https:\/\/exceladvisor.org\/pt\/ferramenta-de-camera\/\">Ferramenta C\u00e2mera Excel<\/a><\/li><li> <a href=\"https:\/\/exceladvisor.org\/pt\/janela-de-observacao\/\">Janela de observa\u00e7\u00e3o no Excel<\/a><\/li><li> <a href=\"https:\/\/exceladvisor.org\/pt\/fatiador-de-excel\/\">Fatiador de Excel (guia completo)<\/a><\/li><li> <a href=\"https:\/\/exceladvisor.org\/pt\/excel-por-padrao-no-mac\/\">Tornar o Excel padr\u00e3o no Mac<\/a><\/li><\/ul><\/div><\/div><\/div><\/div>","protected":false},"excerpt":{"rendered":"","protected":false},"author":1,"featured_media":0,"parent":0,"menu_order":0,"comment_status":"open","ping_status":"closed","template":"","meta":{"ub_ctt_via":"","footnotes":""},"class_list":["post-452","page","type-page","status-publish","hentry"],"featured_image_src":null,"yoast_head":"<!-- This site is optimized with the Yoast SEO plugin v25.4 - https:\/\/yoast.com\/wordpress\/plugins\/seo\/ -->\n<title>3 maneiras de criar arquivos somente leitura no Excel<\/title>\n<meta name=\"robots\" content=\"index, follow, max-snippet:-1, max-image-preview:large, max-video-preview:-1\" \/>\n<link rel=\"canonical\" href=\"https:\/\/exceladvisor.org\/pt\/somente-leitura\/\" \/>\n<meta property=\"og:locale\" content=\"pt_PT\" \/>\n<meta property=\"og:type\" content=\"article\" \/>\n<meta property=\"og:title\" content=\"3 maneiras de criar arquivos somente leitura no Excel\" \/>\n<meta property=\"og:url\" content=\"https:\/\/exceladvisor.org\/pt\/somente-leitura\/\" \/>\n<meta property=\"og:site_name\" content=\"Excel Advisor\" \/>\n<meta property=\"article:modified_time\" content=\"2023-12-06T11:42:27+00:00\" \/>\n<meta property=\"og:image\" content=\"https:\/\/exceladvisor.org\/wp-content\/uploads\/2023\/08\/1-enregistrer-en-tant-quoption.png\" \/>\n<meta name=\"twitter:card\" content=\"summary_large_image\" \/>\n<meta name=\"twitter:label1\" content=\"Tempo estimado de leitura\" \/>\n\t<meta name=\"twitter:data1\" content=\"3 minutos\" \/>\n<script type=\"application\/ld+json\" class=\"yoast-schema-graph\">{\"@context\":\"https:\/\/schema.org\",\"@graph\":[{\"@type\":\"WebPage\",\"@id\":\"https:\/\/exceladvisor.org\/pt\/somente-leitura\/\",\"url\":\"https:\/\/exceladvisor.org\/pt\/somente-leitura\/\",\"name\":\"3 maneiras de criar arquivos somente leitura no Excel\",\"isPartOf\":{\"@id\":\"https:\/\/exceladvisor.org\/pt\/#website\"},\"primaryImageOfPage\":{\"@id\":\"https:\/\/exceladvisor.org\/pt\/somente-leitura\/#primaryimage\"},\"image\":{\"@id\":\"https:\/\/exceladvisor.org\/pt\/somente-leitura\/#primaryimage\"},\"thumbnailUrl\":\"https:\/\/exceladvisor.org\/wp-content\/uploads\/2023\/08\/1-enregistrer-en-tant-quoption.png\",\"datePublished\":\"2023-10-27T23:22:27+00:00\",\"dateModified\":\"2023-12-06T11:42:27+00:00\",\"breadcrumb\":{\"@id\":\"https:\/\/exceladvisor.org\/pt\/somente-leitura\/#breadcrumb\"},\"inLanguage\":\"pt-PT\",\"potentialAction\":[{\"@type\":\"ReadAction\",\"target\":[\"https:\/\/exceladvisor.org\/pt\/somente-leitura\/\"]}]},{\"@type\":\"ImageObject\",\"inLanguage\":\"pt-PT\",\"@id\":\"https:\/\/exceladvisor.org\/pt\/somente-leitura\/#primaryimage\",\"url\":\"https:\/\/exceladvisor.org\/wp-content\/uploads\/2023\/08\/1-enregistrer-en-tant-quoption.png\",\"contentUrl\":\"https:\/\/exceladvisor.org\/wp-content\/uploads\/2023\/08\/1-enregistrer-en-tant-quoption.png\"},{\"@type\":\"BreadcrumbList\",\"@id\":\"https:\/\/exceladvisor.org\/pt\/somente-leitura\/#breadcrumb\",\"itemListElement\":[{\"@type\":\"ListItem\",\"position\":1,\"name\":\"Lar\",\"item\":\"https:\/\/exceladvisor.org\/pt\/\"},{\"@type\":\"ListItem\",\"position\":2,\"name\":\"Como tornar somente leitura no excel?\"}]},{\"@type\":\"WebSite\",\"@id\":\"https:\/\/exceladvisor.org\/pt\/#website\",\"url\":\"https:\/\/exceladvisor.org\/pt\/\",\"name\":\"Excel Advisor\",\"description\":\"O seu guia definitivo para dominar os dados!\",\"publisher\":{\"@id\":\"https:\/\/exceladvisor.org\/pt\/#organization\"},\"potentialAction\":[{\"@type\":\"SearchAction\",\"target\":{\"@type\":\"EntryPoint\",\"urlTemplate\":\"https:\/\/exceladvisor.org\/pt\/?s={search_term_string}\"},\"query-input\":{\"@type\":\"PropertyValueSpecification\",\"valueRequired\":true,\"valueName\":\"search_term_string\"}}],\"inLanguage\":\"pt-PT\"},{\"@type\":\"Organization\",\"@id\":\"https:\/\/exceladvisor.org\/pt\/#organization\",\"name\":\"Excel Advisor\",\"url\":\"https:\/\/exceladvisor.org\/pt\/\",\"logo\":{\"@type\":\"ImageObject\",\"inLanguage\":\"pt-PT\",\"@id\":\"https:\/\/exceladvisor.org\/pt\/#\/schema\/logo\/image\/\",\"url\":\"https:\/\/exceladvisor.org\/pt\/wp-content\/uploads\/2023\/12\/exceladvisor.org_.png\",\"contentUrl\":\"https:\/\/exceladvisor.org\/pt\/wp-content\/uploads\/2023\/12\/exceladvisor.org_.png\",\"width\":105,\"height\":36,\"caption\":\"Excel Advisor\"},\"image\":{\"@id\":\"https:\/\/exceladvisor.org\/pt\/#\/schema\/logo\/image\/\"}}]}<\/script>\n<!-- \/ Yoast SEO plugin. -->","yoast_head_json":{"title":"3 maneiras de criar arquivos somente leitura no Excel","robots":{"index":"index","follow":"follow","max-snippet":"max-snippet:-1","max-image-preview":"max-image-preview:large","max-video-preview":"max-video-preview:-1"},"canonical":"https:\/\/exceladvisor.org\/pt\/somente-leitura\/","og_locale":"pt_PT","og_type":"article","og_title":"3 maneiras de criar arquivos somente leitura no Excel","og_url":"https:\/\/exceladvisor.org\/pt\/somente-leitura\/","og_site_name":"Excel Advisor","article_modified_time":"2023-12-06T11:42:27+00:00","og_image":[{"url":"https:\/\/exceladvisor.org\/wp-content\/uploads\/2023\/08\/1-enregistrer-en-tant-quoption.png","type":"","width":"","height":""}],"twitter_card":"summary_large_image","twitter_misc":{"Tempo estimado de leitura":"3 minutos"},"schema":{"@context":"https:\/\/schema.org","@graph":[{"@type":"WebPage","@id":"https:\/\/exceladvisor.org\/pt\/somente-leitura\/","url":"https:\/\/exceladvisor.org\/pt\/somente-leitura\/","name":"3 maneiras de criar arquivos somente leitura no Excel","isPartOf":{"@id":"https:\/\/exceladvisor.org\/pt\/#website"},"primaryImageOfPage":{"@id":"https:\/\/exceladvisor.org\/pt\/somente-leitura\/#primaryimage"},"image":{"@id":"https:\/\/exceladvisor.org\/pt\/somente-leitura\/#primaryimage"},"thumbnailUrl":"https:\/\/exceladvisor.org\/wp-content\/uploads\/2023\/08\/1-enregistrer-en-tant-quoption.png","datePublished":"2023-10-27T23:22:27+00:00","dateModified":"2023-12-06T11:42:27+00:00","breadcrumb":{"@id":"https:\/\/exceladvisor.org\/pt\/somente-leitura\/#breadcrumb"},"inLanguage":"pt-PT","potentialAction":[{"@type":"ReadAction","target":["https:\/\/exceladvisor.org\/pt\/somente-leitura\/"]}]},{"@type":"ImageObject","inLanguage":"pt-PT","@id":"https:\/\/exceladvisor.org\/pt\/somente-leitura\/#primaryimage","url":"https:\/\/exceladvisor.org\/wp-content\/uploads\/2023\/08\/1-enregistrer-en-tant-quoption.png","contentUrl":"https:\/\/exceladvisor.org\/wp-content\/uploads\/2023\/08\/1-enregistrer-en-tant-quoption.png"},{"@type":"BreadcrumbList","@id":"https:\/\/exceladvisor.org\/pt\/somente-leitura\/#breadcrumb","itemListElement":[{"@type":"ListItem","position":1,"name":"Lar","item":"https:\/\/exceladvisor.org\/pt\/"},{"@type":"ListItem","position":2,"name":"Como tornar somente leitura no excel?"}]},{"@type":"WebSite","@id":"https:\/\/exceladvisor.org\/pt\/#website","url":"https:\/\/exceladvisor.org\/pt\/","name":"Excel Advisor","description":"O seu guia definitivo para dominar os dados!","publisher":{"@id":"https:\/\/exceladvisor.org\/pt\/#organization"},"potentialAction":[{"@type":"SearchAction","target":{"@type":"EntryPoint","urlTemplate":"https:\/\/exceladvisor.org\/pt\/?s={search_term_string}"},"query-input":{"@type":"PropertyValueSpecification","valueRequired":true,"valueName":"search_term_string"}}],"inLanguage":"pt-PT"},{"@type":"Organization","@id":"https:\/\/exceladvisor.org\/pt\/#organization","name":"Excel Advisor","url":"https:\/\/exceladvisor.org\/pt\/","logo":{"@type":"ImageObject","inLanguage":"pt-PT","@id":"https:\/\/exceladvisor.org\/pt\/#\/schema\/logo\/image\/","url":"https:\/\/exceladvisor.org\/pt\/wp-content\/uploads\/2023\/12\/exceladvisor.org_.png","contentUrl":"https:\/\/exceladvisor.org\/pt\/wp-content\/uploads\/2023\/12\/exceladvisor.org_.png","width":105,"height":36,"caption":"Excel Advisor"},"image":{"@id":"https:\/\/exceladvisor.org\/pt\/#\/schema\/logo\/image\/"}}]}},"yoast_meta":{"yoast_wpseo_title":"","yoast_wpseo_metadesc":"","yoast_wpseo_canonical":""},"_links":{"self":[{"href":"https:\/\/exceladvisor.org\/pt\/wp-json\/wp\/v2\/pages\/452","targetHints":{"allow":["GET"]}}],"collection":[{"href":"https:\/\/exceladvisor.org\/pt\/wp-json\/wp\/v2\/pages"}],"about":[{"href":"https:\/\/exceladvisor.org\/pt\/wp-json\/wp\/v2\/types\/page"}],"author":[{"embeddable":true,"href":"https:\/\/exceladvisor.org\/pt\/wp-json\/wp\/v2\/users\/1"}],"replies":[{"embeddable":true,"href":"https:\/\/exceladvisor.org\/pt\/wp-json\/wp\/v2\/comments?post=452"}],"version-history":[{"count":1,"href":"https:\/\/exceladvisor.org\/pt\/wp-json\/wp\/v2\/pages\/452\/revisions"}],"predecessor-version":[{"id":1211,"href":"https:\/\/exceladvisor.org\/pt\/wp-json\/wp\/v2\/pages\/452\/revisions\/1211"}],"wp:attachment":[{"href":"https:\/\/exceladvisor.org\/pt\/wp-json\/wp\/v2\/media?parent=452"}],"curies":[{"name":"wp","href":"https:\/\/api.w.org\/{rel}","templated":true}]}}