{"id":453,"date":"2023-10-27T23:10:54","date_gmt":"2023-10-27T23:10:54","guid":{"rendered":"https:\/\/exceladvisor.org\/pt\/desabilitar-salvamento-automatico\/"},"modified":"2023-12-06T11:37:20","modified_gmt":"2023-12-06T11:37:20","slug":"desabilitar-salvamento-automatico","status":"publish","type":"page","link":"https:\/\/exceladvisor.org\/pt\/desabilitar-salvamento-automatico\/","title":{"rendered":"Como desabilitar o salvamento autom\u00e1tico no excel?"},"content":{"rendered":"<div class=\"excel-before-content-2\" id=\"excel-1275281628\"><script type=\"text\/javascript\">\r\n\tatOptions = {\r\n\t\t'key' : 'c1158f160081d6540a8409e6925dab94',\r\n\t\t'format' : 'iframe',\r\n\t\t'height' : 250,\r\n\t\t'width' : 300,\r\n\t\t'params' : {}\r\n\t};\r\n<\/script>\r\n<script type=\"text\/javascript\" src=\"\/\/www.highperformanceformat.com\/c1158f160081d6540a8409e6925dab94\/invoke.js\"><\/script><\/div><div class=\"excel-before-content\" id=\"excel-4057766047\"><script type=\"text\/javascript\">\r\n\tatOptions = {\r\n\t\t'key' : 'c1158f160081d6540a8409e6925dab94',\r\n\t\t'format' : 'iframe',\r\n\t\t'height' : 250,\r\n\t\t'width' : 300,\r\n\t\t'params' : {}\r\n\t};\r\n<\/script>\r\n<script type=\"text\/javascript\" src=\"\/\/www.highperformanceformat.com\/c1158f160081d6540a8409e6925dab94\/invoke.js\"><\/script><\/div> <p>AutoSave \u00e9 um novo recurso introduzido pela Microsoft em todos os aplicativos do Office, incluindo o Excel. Funciona com OneDrive e SharePoint para salvar automaticamente seus arquivos em intervalos regulares. Portanto, sempre h\u00e1 um verso do arquivo. <\/p><div class=\"wp-block-image\"><figure class=\"aligncenter size-full is-resized\"><img loading=\"lazy\" decoding=\"async\" class=\"wp-image-85885\" src=\"https:\/\/exceladvisor.org\/wp-content\/uploads\/2023\/08\/1-desactiver-la-fonction-de-sauvegarde-automatique.png\" sizes=\"auto, \" srcset=\"\" alt=\"desabilitar recurso de salvamento autom\u00e1tico\" width=\"476\" height=\"220\"><\/figure><\/div><p> E se quiser desativ\u00e1-lo, voc\u00ea pode fazer isso.<\/p><h2 class=\"wp-block-heading\"> Desative o salvamento autom\u00e1tico nas op\u00e7\u00f5es do Excel<\/h2><ol><li> Primeiro, v\u00e1 para a guia Arquivo e depois Op\u00e7\u00f5es para abrir <a href=\"https:\/\/exceladvisor.org\/pt\/opcoes\/\">Op\u00e7\u00f5es do Excel<\/a> .<\/li><li> Depois disso, clique na guia Salvar no lado direito.<\/li><li> No t\u00edtulo \u201cSalvar pastas de trabalho\u201d, desmarque a op\u00e7\u00e3o \u201cSalvar automaticamente os arquivos armazenados na nuvem por padr\u00e3o no Excel\u201d.<\/li><li> Ao final, clique em OK para salvar as configura\u00e7\u00f5es. <\/li><\/ol><div class=\"wp-block-image\"><figure class=\"aligncenter size-full is-resized\"><img loading=\"lazy\" decoding=\"async\" class=\"wp-image-85886\" src=\"https:\/\/exceladvisor.org\/wp-content\/uploads\/2023\/08\/2-options-de-sauvegarde-automatique-a-partir-dExcel.png\" sizes=\"auto, \" srcset=\"\" alt=\"op\u00e7\u00f5es de salvamento autom\u00e1tico do Excel\" width=\"750\" height=\"460\"><\/figure><\/div><p> Depois de salvar essas configura\u00e7\u00f5es, o Excel deixar\u00e1 de ativar o salvamento autom\u00e1tico para o novo arquivo salvo no OneDrive.<\/p><p> Mas os arquivos salvos no OneDrive antes desta configura\u00e7\u00e3o ainda ter\u00e3o o AutoSave &#8220;On&#8221; e voc\u00ea precisa deslig\u00e1-lo no bot\u00e3o AutoSave, que voc\u00ea tem na <a href=\"https:\/\/exceladvisor.org\/pt\/barra-de-acesso-rapido\/\">Barra de Ferramentas de Acesso R\u00e1pido<\/a> .<\/p><h2 class=\"wp-block-heading\"> Desative o salvamento autom\u00e1tico sem deslig\u00e1-lo!<\/h2><p> AutoSave \u00e9 um recurso fant\u00e1stico que ajuda voc\u00ea a salvar arquivos. E eu recomendo que voc\u00ea, em vez de desativ\u00e1-lo nas Op\u00e7\u00f5es do Excel, voc\u00ea pode usar o bot\u00e3o de altern\u00e2ncia da barra de ferramentas de acesso r\u00e1pido para ativ\u00e1-lo e desativ\u00e1-lo. <\/p><div class=\"wp-block-image\"><figure class=\"aligncenter size-full is-resized\"><img loading=\"lazy\" decoding=\"async\" class=\"wp-image-85887\" src=\"https:\/\/exceladvisor.org\/wp-content\/uploads\/2023\/08\/3-desactiver-la-sauvegarde-automatique-sans-la-desactiver.png\" sizes=\"auto, \" srcset=\"\" alt=\"desabilitar o salvamento autom\u00e1tico sem deslig\u00e1-lo\" width=\"682\" height=\"175\"><\/figure><\/div><div class=\"gb-container gb-container-4db6181c gb-container-mt\"> <a class=\"gb-button gb-button-c5897111 gb-button-text gb-button-mt-button\" href=\"https:\/\/exceladvisor.org\/pt\/excel-avancado\/\">Tutoriais avan\u00e7ados de Excel<\/a><h2 class=\"gb-headline gb-headline-665e5f6b gb-headline-text gb-headline-mt-heading\"> Tutoriais relacionados <\/h2><div class=\"gb-grid-wrapper gb-grid-wrapper-a20baf7c gb-grid-wrapper-mt-grid\"><div class=\"gb-grid-column gb-grid-column-65ddf67e\"><div class=\"gb-container gb-container-65ddf67e\"><ul><li> <a href=\"https:\/\/exceladvisor.org\/pt\/ferramenta-de-camera\/\">Ferramenta C\u00e2mera Excel<\/a><\/li><li> <a href=\"https:\/\/exceladvisor.org\/pt\/busca-de-meta\/\">Localizador de metas no Excel<\/a><\/li><li> <a href=\"https:\/\/exceladvisor.org\/pt\/janela-de-observacao\/\">Janela de observa\u00e7\u00e3o no Excel<\/a><\/li><li> <a href=\"https:\/\/exceladvisor.org\/pt\/fatiador-de-excel\/\">Fatiador de Excel (guia completo)<\/a><\/li><li> <a href=\"https:\/\/exceladvisor.org\/pt\/excel-por-padrao-no-mac\/\">Tornar o Excel padr\u00e3o no Mac<\/a><\/li><\/ul><\/div><\/div><\/div><\/div>","protected":false},"excerpt":{"rendered":"","protected":false},"author":1,"featured_media":0,"parent":0,"menu_order":0,"comment_status":"open","ping_status":"closed","template":"","meta":{"ub_ctt_via":"","footnotes":""},"class_list":["post-453","page","type-page","status-publish","hentry"],"featured_image_src":null,"yoast_head":"<!-- This site is optimized with the Yoast SEO plugin v25.4 - https:\/\/yoast.com\/wordpress\/plugins\/seo\/ -->\n<title>Como desabilitar o salvamento autom\u00e1tico no Excel?<\/title>\n<meta name=\"description\" content=\"Este \u00e9 um tutorial avan\u00e7ado do Excel para ajud\u00e1-lo a aprender como ativar e desativar a op\u00e7\u00e3o de salvamento autom\u00e1tico.\" \/>\n<meta name=\"robots\" content=\"index, follow, max-snippet:-1, max-image-preview:large, max-video-preview:-1\" \/>\n<link rel=\"canonical\" href=\"https:\/\/exceladvisor.org\/pt\/desabilitar-salvamento-automatico\/\" \/>\n<meta property=\"og:locale\" content=\"pt_PT\" \/>\n<meta property=\"og:type\" content=\"article\" \/>\n<meta property=\"og:title\" content=\"Como desabilitar o salvamento autom\u00e1tico no Excel?\" \/>\n<meta property=\"og:description\" content=\"Este \u00e9 um tutorial avan\u00e7ado do Excel para ajud\u00e1-lo a aprender como ativar e desativar a op\u00e7\u00e3o de salvamento autom\u00e1tico.\" \/>\n<meta property=\"og:url\" content=\"https:\/\/exceladvisor.org\/pt\/desabilitar-salvamento-automatico\/\" \/>\n<meta property=\"og:site_name\" content=\"Excel Advisor\" \/>\n<meta property=\"article:modified_time\" content=\"2023-12-06T11:37:20+00:00\" \/>\n<meta property=\"og:image\" content=\"https:\/\/exceladvisor.org\/wp-content\/uploads\/2023\/08\/1-desactiver-la-fonction-de-sauvegarde-automatique.png\" \/>\n<meta name=\"twitter:card\" content=\"summary_large_image\" \/>\n<meta name=\"twitter:label1\" content=\"Tempo estimado de leitura\" \/>\n\t<meta name=\"twitter:data1\" content=\"1 minuto\" \/>\n<script type=\"application\/ld+json\" class=\"yoast-schema-graph\">{\"@context\":\"https:\/\/schema.org\",\"@graph\":[{\"@type\":\"WebPage\",\"@id\":\"https:\/\/exceladvisor.org\/pt\/desabilitar-salvamento-automatico\/\",\"url\":\"https:\/\/exceladvisor.org\/pt\/desabilitar-salvamento-automatico\/\",\"name\":\"Como desabilitar o salvamento autom\u00e1tico no Excel?\",\"isPartOf\":{\"@id\":\"https:\/\/exceladvisor.org\/pt\/#website\"},\"primaryImageOfPage\":{\"@id\":\"https:\/\/exceladvisor.org\/pt\/desabilitar-salvamento-automatico\/#primaryimage\"},\"image\":{\"@id\":\"https:\/\/exceladvisor.org\/pt\/desabilitar-salvamento-automatico\/#primaryimage\"},\"thumbnailUrl\":\"https:\/\/exceladvisor.org\/wp-content\/uploads\/2023\/08\/1-desactiver-la-fonction-de-sauvegarde-automatique.png\",\"datePublished\":\"2023-10-27T23:10:54+00:00\",\"dateModified\":\"2023-12-06T11:37:20+00:00\",\"description\":\"Este \u00e9 um tutorial avan\u00e7ado do Excel para ajud\u00e1-lo a aprender como ativar e desativar a op\u00e7\u00e3o de salvamento autom\u00e1tico.\",\"breadcrumb\":{\"@id\":\"https:\/\/exceladvisor.org\/pt\/desabilitar-salvamento-automatico\/#breadcrumb\"},\"inLanguage\":\"pt-PT\",\"potentialAction\":[{\"@type\":\"ReadAction\",\"target\":[\"https:\/\/exceladvisor.org\/pt\/desabilitar-salvamento-automatico\/\"]}]},{\"@type\":\"ImageObject\",\"inLanguage\":\"pt-PT\",\"@id\":\"https:\/\/exceladvisor.org\/pt\/desabilitar-salvamento-automatico\/#primaryimage\",\"url\":\"https:\/\/exceladvisor.org\/wp-content\/uploads\/2023\/08\/1-desactiver-la-fonction-de-sauvegarde-automatique.png\",\"contentUrl\":\"https:\/\/exceladvisor.org\/wp-content\/uploads\/2023\/08\/1-desactiver-la-fonction-de-sauvegarde-automatique.png\"},{\"@type\":\"BreadcrumbList\",\"@id\":\"https:\/\/exceladvisor.org\/pt\/desabilitar-salvamento-automatico\/#breadcrumb\",\"itemListElement\":[{\"@type\":\"ListItem\",\"position\":1,\"name\":\"Lar\",\"item\":\"https:\/\/exceladvisor.org\/pt\/\"},{\"@type\":\"ListItem\",\"position\":2,\"name\":\"Como desabilitar o salvamento autom\u00e1tico no excel?\"}]},{\"@type\":\"WebSite\",\"@id\":\"https:\/\/exceladvisor.org\/pt\/#website\",\"url\":\"https:\/\/exceladvisor.org\/pt\/\",\"name\":\"Excel Advisor\",\"description\":\"O seu guia definitivo para dominar os dados!\",\"publisher\":{\"@id\":\"https:\/\/exceladvisor.org\/pt\/#organization\"},\"potentialAction\":[{\"@type\":\"SearchAction\",\"target\":{\"@type\":\"EntryPoint\",\"urlTemplate\":\"https:\/\/exceladvisor.org\/pt\/?s={search_term_string}\"},\"query-input\":{\"@type\":\"PropertyValueSpecification\",\"valueRequired\":true,\"valueName\":\"search_term_string\"}}],\"inLanguage\":\"pt-PT\"},{\"@type\":\"Organization\",\"@id\":\"https:\/\/exceladvisor.org\/pt\/#organization\",\"name\":\"Excel Advisor\",\"url\":\"https:\/\/exceladvisor.org\/pt\/\",\"logo\":{\"@type\":\"ImageObject\",\"inLanguage\":\"pt-PT\",\"@id\":\"https:\/\/exceladvisor.org\/pt\/#\/schema\/logo\/image\/\",\"url\":\"https:\/\/exceladvisor.org\/pt\/wp-content\/uploads\/2023\/12\/exceladvisor.org_.png\",\"contentUrl\":\"https:\/\/exceladvisor.org\/pt\/wp-content\/uploads\/2023\/12\/exceladvisor.org_.png\",\"width\":105,\"height\":36,\"caption\":\"Excel Advisor\"},\"image\":{\"@id\":\"https:\/\/exceladvisor.org\/pt\/#\/schema\/logo\/image\/\"}}]}<\/script>\n<!-- \/ Yoast SEO plugin. -->","yoast_head_json":{"title":"Como desabilitar o salvamento autom\u00e1tico no Excel?","description":"Este \u00e9 um tutorial avan\u00e7ado do Excel para ajud\u00e1-lo a aprender como ativar e desativar a op\u00e7\u00e3o de salvamento autom\u00e1tico.","robots":{"index":"index","follow":"follow","max-snippet":"max-snippet:-1","max-image-preview":"max-image-preview:large","max-video-preview":"max-video-preview:-1"},"canonical":"https:\/\/exceladvisor.org\/pt\/desabilitar-salvamento-automatico\/","og_locale":"pt_PT","og_type":"article","og_title":"Como desabilitar o salvamento autom\u00e1tico no Excel?","og_description":"Este \u00e9 um tutorial avan\u00e7ado do Excel para ajud\u00e1-lo a aprender como ativar e desativar a op\u00e7\u00e3o de salvamento autom\u00e1tico.","og_url":"https:\/\/exceladvisor.org\/pt\/desabilitar-salvamento-automatico\/","og_site_name":"Excel Advisor","article_modified_time":"2023-12-06T11:37:20+00:00","og_image":[{"url":"https:\/\/exceladvisor.org\/wp-content\/uploads\/2023\/08\/1-desactiver-la-fonction-de-sauvegarde-automatique.png","type":"","width":"","height":""}],"twitter_card":"summary_large_image","twitter_misc":{"Tempo estimado de leitura":"1 minuto"},"schema":{"@context":"https:\/\/schema.org","@graph":[{"@type":"WebPage","@id":"https:\/\/exceladvisor.org\/pt\/desabilitar-salvamento-automatico\/","url":"https:\/\/exceladvisor.org\/pt\/desabilitar-salvamento-automatico\/","name":"Como desabilitar o salvamento autom\u00e1tico no Excel?","isPartOf":{"@id":"https:\/\/exceladvisor.org\/pt\/#website"},"primaryImageOfPage":{"@id":"https:\/\/exceladvisor.org\/pt\/desabilitar-salvamento-automatico\/#primaryimage"},"image":{"@id":"https:\/\/exceladvisor.org\/pt\/desabilitar-salvamento-automatico\/#primaryimage"},"thumbnailUrl":"https:\/\/exceladvisor.org\/wp-content\/uploads\/2023\/08\/1-desactiver-la-fonction-de-sauvegarde-automatique.png","datePublished":"2023-10-27T23:10:54+00:00","dateModified":"2023-12-06T11:37:20+00:00","description":"Este \u00e9 um tutorial avan\u00e7ado do Excel para ajud\u00e1-lo a aprender como ativar e desativar a op\u00e7\u00e3o de salvamento autom\u00e1tico.","breadcrumb":{"@id":"https:\/\/exceladvisor.org\/pt\/desabilitar-salvamento-automatico\/#breadcrumb"},"inLanguage":"pt-PT","potentialAction":[{"@type":"ReadAction","target":["https:\/\/exceladvisor.org\/pt\/desabilitar-salvamento-automatico\/"]}]},{"@type":"ImageObject","inLanguage":"pt-PT","@id":"https:\/\/exceladvisor.org\/pt\/desabilitar-salvamento-automatico\/#primaryimage","url":"https:\/\/exceladvisor.org\/wp-content\/uploads\/2023\/08\/1-desactiver-la-fonction-de-sauvegarde-automatique.png","contentUrl":"https:\/\/exceladvisor.org\/wp-content\/uploads\/2023\/08\/1-desactiver-la-fonction-de-sauvegarde-automatique.png"},{"@type":"BreadcrumbList","@id":"https:\/\/exceladvisor.org\/pt\/desabilitar-salvamento-automatico\/#breadcrumb","itemListElement":[{"@type":"ListItem","position":1,"name":"Lar","item":"https:\/\/exceladvisor.org\/pt\/"},{"@type":"ListItem","position":2,"name":"Como desabilitar o salvamento autom\u00e1tico no excel?"}]},{"@type":"WebSite","@id":"https:\/\/exceladvisor.org\/pt\/#website","url":"https:\/\/exceladvisor.org\/pt\/","name":"Excel Advisor","description":"O seu guia definitivo para dominar os dados!","publisher":{"@id":"https:\/\/exceladvisor.org\/pt\/#organization"},"potentialAction":[{"@type":"SearchAction","target":{"@type":"EntryPoint","urlTemplate":"https:\/\/exceladvisor.org\/pt\/?s={search_term_string}"},"query-input":{"@type":"PropertyValueSpecification","valueRequired":true,"valueName":"search_term_string"}}],"inLanguage":"pt-PT"},{"@type":"Organization","@id":"https:\/\/exceladvisor.org\/pt\/#organization","name":"Excel Advisor","url":"https:\/\/exceladvisor.org\/pt\/","logo":{"@type":"ImageObject","inLanguage":"pt-PT","@id":"https:\/\/exceladvisor.org\/pt\/#\/schema\/logo\/image\/","url":"https:\/\/exceladvisor.org\/pt\/wp-content\/uploads\/2023\/12\/exceladvisor.org_.png","contentUrl":"https:\/\/exceladvisor.org\/pt\/wp-content\/uploads\/2023\/12\/exceladvisor.org_.png","width":105,"height":36,"caption":"Excel Advisor"},"image":{"@id":"https:\/\/exceladvisor.org\/pt\/#\/schema\/logo\/image\/"}}]}},"yoast_meta":{"yoast_wpseo_title":"","yoast_wpseo_metadesc":"","yoast_wpseo_canonical":""},"_links":{"self":[{"href":"https:\/\/exceladvisor.org\/pt\/wp-json\/wp\/v2\/pages\/453","targetHints":{"allow":["GET"]}}],"collection":[{"href":"https:\/\/exceladvisor.org\/pt\/wp-json\/wp\/v2\/pages"}],"about":[{"href":"https:\/\/exceladvisor.org\/pt\/wp-json\/wp\/v2\/types\/page"}],"author":[{"embeddable":true,"href":"https:\/\/exceladvisor.org\/pt\/wp-json\/wp\/v2\/users\/1"}],"replies":[{"embeddable":true,"href":"https:\/\/exceladvisor.org\/pt\/wp-json\/wp\/v2\/comments?post=453"}],"version-history":[{"count":1,"href":"https:\/\/exceladvisor.org\/pt\/wp-json\/wp\/v2\/pages\/453\/revisions"}],"predecessor-version":[{"id":1030,"href":"https:\/\/exceladvisor.org\/pt\/wp-json\/wp\/v2\/pages\/453\/revisions\/1030"}],"wp:attachment":[{"href":"https:\/\/exceladvisor.org\/pt\/wp-json\/wp\/v2\/media?parent=453"}],"curies":[{"name":"wp","href":"https:\/\/api.w.org\/{rel}","templated":true}]}}