{"id":454,"date":"2023-10-27T22:57:31","date_gmt":"2023-10-27T22:57:31","guid":{"rendered":"https:\/\/exceladvisor.org\/pt\/laboratorio-de-roteiro\/"},"modified":"2023-12-06T11:50:12","modified_gmt":"2023-12-06T11:50:12","slug":"laboratorio-de-roteiro","status":"publish","type":"page","link":"https:\/\/exceladvisor.org\/pt\/laboratorio-de-roteiro\/","title":{"rendered":"Como usar o script lab no excel?"},"content":{"rendered":"<div class=\"excel-before-content-2\" id=\"excel-2648901082\"><script type=\"text\/javascript\">\r\n\tatOptions = {\r\n\t\t'key' : 'c1158f160081d6540a8409e6925dab94',\r\n\t\t'format' : 'iframe',\r\n\t\t'height' : 250,\r\n\t\t'width' : 300,\r\n\t\t'params' : {}\r\n\t};\r\n<\/script>\r\n<script type=\"text\/javascript\" src=\"\/\/www.highperformanceformat.com\/c1158f160081d6540a8409e6925dab94\/invoke.js\"><\/script><\/div><div class=\"excel-before-content\" id=\"excel-787561089\"><script type=\"text\/javascript\">\r\n\tatOptions = {\r\n\t\t'key' : 'c1158f160081d6540a8409e6925dab94',\r\n\t\t'format' : 'iframe',\r\n\t\t'height' : 250,\r\n\t\t'width' : 300,\r\n\t\t'params' : {}\r\n\t};\r\n<\/script>\r\n<script type=\"text\/javascript\" src=\"\/\/www.highperformanceformat.com\/c1158f160081d6540a8409e6925dab94\/invoke.js\"><\/script><\/div> <p>Com o Script Lab voc\u00ea pode usar a API JavaScript do Office. Para obter o \u201cScript Lab\u201d, voc\u00ea precisa instalar o complemento do script lab na guia Inserir \u21e2 Obter suplementos \u21e2 Script Lab. <\/p><div class=\"wp-block-image\"><figure class=\"aligncenter size-full is-resized\"><img loading=\"lazy\" decoding=\"async\" class=\"wp-image-88977\" src=\"https:\/\/exceladvisor.org\/wp-content\/uploads\/2023\/08\/1-laboratoire-de-script-dans-Excel.png\" sizes=\"auto, \" srcset=\"\" alt=\"script-lab-in-excel\" width=\"686\" height=\"393\"><\/figure><\/div><p> A pr\u00f3xima coisa que voc\u00ea precisa fazer \u00e9 adicionar a guia Script Lab \u00e0 faixa de op\u00e7\u00f5es. E para isso, v\u00e1 para a aba Arquivo \u21e2 Op\u00e7\u00f5es \u21e2 Personalizar Faixa de Op\u00e7\u00f5es \u21e2 Marca de Verifica\u00e7\u00e3o \u21e2 Laborat\u00f3rio de Script. <\/p><div class=\"wp-block-image\"><figure class=\"aligncenter size-full is-resized\"><img loading=\"lazy\" decoding=\"async\" class=\"wp-image-88978\" src=\"https:\/\/exceladvisor.org\/wp-content\/uploads\/2023\/08\/2-ajouter-un-laboratoire-de-script-sur-le-ruban.png\" sizes=\"auto, \" srcset=\"\" alt=\"adicionar-script-lab-na faixa de op\u00e7\u00f5es\" width=\"692\" height=\"334\"><\/figure><\/div><p> Volte para sua planilha e clique no bot\u00e3o \u201cC\u00f3digo\u201d na guia Script Lab. <\/p><div class=\"wp-block-image\"><figure class=\"aligncenter size-full is-resized\"><img loading=\"lazy\" decoding=\"async\" class=\"wp-image-88979\" src=\"https:\/\/exceladvisor.org\/wp-content\/uploads\/2023\/08\/3-clics-sur-le-code-de-longlet-du-laboratoire-de-script.png\" sizes=\"auto, \" srcset=\"\" alt=\"clique-c\u00f3digo-da-guia-script-lab\" width=\"710\" height=\"161\"><\/figure><\/div><p> Ao clicar no bot\u00e3o de c\u00f3digo, voc\u00ea ver\u00e1 um painel no lado direito da janela do Excel. <\/p><div class=\"wp-block-image\"><figure class=\"aligncenter size-full is-resized\"><img loading=\"lazy\" decoding=\"async\" class=\"wp-image-88980\" src=\"https:\/\/exceladvisor.org\/wp-content\/uploads\/2023\/08\/4-volet-sur-le-cote-droit.png\" sizes=\"auto, \" srcset=\"\" alt=\"obturador do lado direito\" width=\"355\" height=\"433\"><\/figure><\/div><p> Com o Script Lab, voc\u00ea pode usar JavaScript para escrever c\u00f3digos e criar uma fun\u00e7\u00e3o personalizada no Excel. Agora clique no bot\u00e3o de menu e depois clique no bot\u00e3o Novo. <\/p><div class=\"wp-block-image\"><figure class=\"aligncenter size-full is-resized\"><img loading=\"lazy\" decoding=\"async\" class=\"wp-image-88981\" src=\"https:\/\/exceladvisor.org\/wp-content\/uploads\/2023\/08\/5-avec-script-lab-utiliser-javascript-pour-ecrire-des-codes.png\" sizes=\"auto, \" srcset=\"\" alt=\"com-script-lab-use-javascript-para-escrever-c\u00f3digos\" width=\"369\" height=\"121\"><\/figure><\/div><p> A seguir, exclua o c\u00f3digo j\u00e1 presente nas tr\u00eas abas, Script, HTML e CSS. <\/p><div class=\"wp-block-image\"><figure class=\"aligncenter size-full is-resized\"><img loading=\"lazy\" decoding=\"async\" class=\"wp-image-88982\" src=\"https:\/\/exceladvisor.org\/wp-content\/uploads\/2023\/08\/6-supprimer-les-codes-deja-presents.png\" sizes=\"auto, \" srcset=\"\" alt=\"deletar-os-c\u00f3digos-j\u00e1-l\u00e1\" width=\"644\" height=\"232\"><\/figure><\/div><p> Ao colar o c\u00f3digo, a aba HTML e CSS desaparece porque esse c\u00f3digo cria uma fun\u00e7\u00e3o. E esta fun\u00e7\u00e3o ajuda voc\u00ea a calcular o QUADRADO DE UM N\u00daMERO.<\/p><pre class=\"wp-block-code\"> <code class=\"language-typescript\" lang=\"typescript\">\/** * calculates the square root of the number. * @customfunction *\/ function getsquare(num) { return Math.pow(num, 2); }<\/code><\/pre><p> A partir daqui, voc\u00ea precisa salvar esta fun\u00e7\u00e3o em seu aplicativo Excel. Primeiro, clique no bot\u00e3o \u201cRegistrar\u201d. <\/p><div class=\"wp-block-image\"><figure class=\"aligncenter size-full is-resized\"><img loading=\"lazy\" decoding=\"async\" class=\"wp-image-88983\" src=\"https:\/\/exceladvisor.org\/wp-content\/uploads\/2023\/08\/Fonction-7-registres-avec-application-Excel.png\" sizes=\"auto, \" srcset=\"\" alt=\"salvar-fun\u00e7\u00e3o-com-excel-aplicativo\" width=\"578\" height=\"379\"><\/figure><\/div><p> Ao clicar no bot\u00e3o Salvar, ser\u00e1 exibido \u201cAs seguintes fun\u00e7\u00f5es foram salvas com sucesso\u201d. <\/p><div class=\"wp-block-image\"><figure class=\"aligncenter size-full is-resized\"><img loading=\"lazy\" decoding=\"async\" class=\"wp-image-88984\" src=\"https:\/\/exceladvisor.org\/wp-content\/uploads\/2023\/08\/8-montre-les-fonctions-enregistrees-avec-succes.png\" sizes=\"auto, \" srcset=\"\" alt=\"fun\u00e7\u00f5es de observa\u00e7\u00e3o registradas com sucesso\" width=\"646\" height=\"294\"><\/figure><\/div><p> Agora volte para a planilha e insira um n\u00famero em uma c\u00e9lula. Por exemplo, insira \u201c=ScriptLab\u201d em outra c\u00e9lula e selecione a fun\u00e7\u00e3o GETSQUARE. Consulte a c\u00e9lula com o n\u00famero. <\/p><div class=\"wp-block-image\"><figure class=\"aligncenter size-full is-resized\"><img loading=\"lazy\" decoding=\"async\" class=\"wp-image-88985\" src=\"https:\/\/exceladvisor.org\/wp-content\/uploads\/2023\/08\/9-entrez-un-nombre-dans-la-cellule.png\" sizes=\"auto, \" srcset=\"\" alt=\"digite um n\u00famero na c\u00e9lula\" width=\"540\" height=\"334\"><\/figure><\/div><p> No final, pressione Enter para obter o resultado. <\/p><div class=\"wp-block-image\"><figure class=\"aligncenter size-full is-resized\"><img loading=\"lazy\" decoding=\"async\" class=\"wp-image-88986\" src=\"https:\/\/exceladvisor.org\/wp-content\/uploads\/2023\/08\/10-appuyez-sur-Entree-pour-obtenir-le-resultat.png\" sizes=\"auto, \" srcset=\"\" alt=\"pressione enter para obter o resultado\" width=\"569\" height=\"370\"><\/figure><\/div><div class=\"gb-container gb-container-4db6181c gb-container-mt\"> <a class=\"gb-button gb-button-c5897111 gb-button-text gb-button-mt-button\" href=\"https:\/\/exceladvisor.org\/pt\/excel-avancado\/\">Tutoriais avan\u00e7ados de Excel<\/a><h2 class=\"gb-headline gb-headline-665e5f6b gb-headline-text gb-headline-mt-heading\"> Tutoriais relacionados <\/h2><div class=\"gb-grid-wrapper gb-grid-wrapper-a20baf7c gb-grid-wrapper-mt-grid\"><div class=\"gb-grid-column gb-grid-column-65ddf67e\"><div class=\"gb-container gb-container-65ddf67e\"><ul><li> <a href=\"https:\/\/exceladvisor.org\/pt\/excel-por-padrao-no-mac\/\">Tornar o Excel padr\u00e3o no Mac<\/a><\/li><li> <a href=\"https:\/\/exceladvisor.org\/pt\/modo-de-seguranca-do-excel\/\">Abra o Excel no modo de seguran\u00e7a<\/a><\/li><li> <a href=\"https:\/\/exceladvisor.org\/pt\/esvaziar-o-cache\/\">Limpar cache no Excel<\/a><\/li><li> <a href=\"https:\/\/exceladvisor.org\/pt\/auto-correcao\/\">Use a AutoCorre\u00e7\u00e3o no Excel<\/a><\/li><\/ul><\/div><\/div><\/div><\/div>","protected":false},"excerpt":{"rendered":"","protected":false},"author":1,"featured_media":0,"parent":0,"menu_order":0,"comment_status":"open","ping_status":"closed","template":"","meta":{"ub_ctt_via":"","footnotes":""},"class_list":["post-454","page","type-page","status-publish","hentry"],"featured_image_src":null,"yoast_head":"<!-- This site is optimized with the Yoast SEO plugin v25.4 - https:\/\/yoast.com\/wordpress\/plugins\/seo\/ -->\n<title>Como usar o Script Lab no Excel?<\/title>\n<meta name=\"description\" content=\"Este \u00e9 um tutorial r\u00e1pido para come\u00e7ar a usar o Script Lab no Excel.\" \/>\n<meta name=\"robots\" content=\"index, follow, max-snippet:-1, max-image-preview:large, max-video-preview:-1\" \/>\n<link rel=\"canonical\" href=\"https:\/\/exceladvisor.org\/pt\/laboratorio-de-roteiro\/\" \/>\n<meta property=\"og:locale\" content=\"pt_PT\" \/>\n<meta property=\"og:type\" content=\"article\" \/>\n<meta property=\"og:title\" content=\"Como usar o Script Lab no Excel?\" \/>\n<meta property=\"og:description\" content=\"Este \u00e9 um tutorial r\u00e1pido para come\u00e7ar a usar o Script Lab no Excel.\" \/>\n<meta property=\"og:url\" content=\"https:\/\/exceladvisor.org\/pt\/laboratorio-de-roteiro\/\" \/>\n<meta property=\"og:site_name\" content=\"Excel Advisor\" \/>\n<meta property=\"article:modified_time\" content=\"2023-12-06T11:50:12+00:00\" \/>\n<meta property=\"og:image\" content=\"https:\/\/exceladvisor.org\/wp-content\/uploads\/2023\/08\/1-laboratoire-de-script-dans-Excel.png\" \/>\n<meta name=\"twitter:card\" content=\"summary_large_image\" \/>\n<meta name=\"twitter:label1\" content=\"Tempo estimado de leitura\" \/>\n\t<meta name=\"twitter:data1\" content=\"2 minutos\" \/>\n<script type=\"application\/ld+json\" class=\"yoast-schema-graph\">{\"@context\":\"https:\/\/schema.org\",\"@graph\":[{\"@type\":\"WebPage\",\"@id\":\"https:\/\/exceladvisor.org\/pt\/laboratorio-de-roteiro\/\",\"url\":\"https:\/\/exceladvisor.org\/pt\/laboratorio-de-roteiro\/\",\"name\":\"Como usar o Script Lab no Excel?\",\"isPartOf\":{\"@id\":\"https:\/\/exceladvisor.org\/pt\/#website\"},\"primaryImageOfPage\":{\"@id\":\"https:\/\/exceladvisor.org\/pt\/laboratorio-de-roteiro\/#primaryimage\"},\"image\":{\"@id\":\"https:\/\/exceladvisor.org\/pt\/laboratorio-de-roteiro\/#primaryimage\"},\"thumbnailUrl\":\"https:\/\/exceladvisor.org\/wp-content\/uploads\/2023\/08\/1-laboratoire-de-script-dans-Excel.png\",\"datePublished\":\"2023-10-27T22:57:31+00:00\",\"dateModified\":\"2023-12-06T11:50:12+00:00\",\"description\":\"Este \u00e9 um tutorial r\u00e1pido para come\u00e7ar a usar o Script Lab no Excel.\",\"breadcrumb\":{\"@id\":\"https:\/\/exceladvisor.org\/pt\/laboratorio-de-roteiro\/#breadcrumb\"},\"inLanguage\":\"pt-PT\",\"potentialAction\":[{\"@type\":\"ReadAction\",\"target\":[\"https:\/\/exceladvisor.org\/pt\/laboratorio-de-roteiro\/\"]}]},{\"@type\":\"ImageObject\",\"inLanguage\":\"pt-PT\",\"@id\":\"https:\/\/exceladvisor.org\/pt\/laboratorio-de-roteiro\/#primaryimage\",\"url\":\"https:\/\/exceladvisor.org\/wp-content\/uploads\/2023\/08\/1-laboratoire-de-script-dans-Excel.png\",\"contentUrl\":\"https:\/\/exceladvisor.org\/wp-content\/uploads\/2023\/08\/1-laboratoire-de-script-dans-Excel.png\"},{\"@type\":\"BreadcrumbList\",\"@id\":\"https:\/\/exceladvisor.org\/pt\/laboratorio-de-roteiro\/#breadcrumb\",\"itemListElement\":[{\"@type\":\"ListItem\",\"position\":1,\"name\":\"Lar\",\"item\":\"https:\/\/exceladvisor.org\/pt\/\"},{\"@type\":\"ListItem\",\"position\":2,\"name\":\"Como usar o script lab no excel?\"}]},{\"@type\":\"WebSite\",\"@id\":\"https:\/\/exceladvisor.org\/pt\/#website\",\"url\":\"https:\/\/exceladvisor.org\/pt\/\",\"name\":\"Excel Advisor\",\"description\":\"O seu guia definitivo para dominar os dados!\",\"publisher\":{\"@id\":\"https:\/\/exceladvisor.org\/pt\/#organization\"},\"potentialAction\":[{\"@type\":\"SearchAction\",\"target\":{\"@type\":\"EntryPoint\",\"urlTemplate\":\"https:\/\/exceladvisor.org\/pt\/?s={search_term_string}\"},\"query-input\":{\"@type\":\"PropertyValueSpecification\",\"valueRequired\":true,\"valueName\":\"search_term_string\"}}],\"inLanguage\":\"pt-PT\"},{\"@type\":\"Organization\",\"@id\":\"https:\/\/exceladvisor.org\/pt\/#organization\",\"name\":\"Excel Advisor\",\"url\":\"https:\/\/exceladvisor.org\/pt\/\",\"logo\":{\"@type\":\"ImageObject\",\"inLanguage\":\"pt-PT\",\"@id\":\"https:\/\/exceladvisor.org\/pt\/#\/schema\/logo\/image\/\",\"url\":\"https:\/\/exceladvisor.org\/pt\/wp-content\/uploads\/2023\/12\/exceladvisor.org_.png\",\"contentUrl\":\"https:\/\/exceladvisor.org\/pt\/wp-content\/uploads\/2023\/12\/exceladvisor.org_.png\",\"width\":105,\"height\":36,\"caption\":\"Excel Advisor\"},\"image\":{\"@id\":\"https:\/\/exceladvisor.org\/pt\/#\/schema\/logo\/image\/\"}}]}<\/script>\n<!-- \/ Yoast SEO plugin. -->","yoast_head_json":{"title":"Como usar o Script Lab no Excel?","description":"Este \u00e9 um tutorial r\u00e1pido para come\u00e7ar a usar o Script Lab no Excel.","robots":{"index":"index","follow":"follow","max-snippet":"max-snippet:-1","max-image-preview":"max-image-preview:large","max-video-preview":"max-video-preview:-1"},"canonical":"https:\/\/exceladvisor.org\/pt\/laboratorio-de-roteiro\/","og_locale":"pt_PT","og_type":"article","og_title":"Como usar o Script Lab no Excel?","og_description":"Este \u00e9 um tutorial r\u00e1pido para come\u00e7ar a usar o Script Lab no Excel.","og_url":"https:\/\/exceladvisor.org\/pt\/laboratorio-de-roteiro\/","og_site_name":"Excel Advisor","article_modified_time":"2023-12-06T11:50:12+00:00","og_image":[{"url":"https:\/\/exceladvisor.org\/wp-content\/uploads\/2023\/08\/1-laboratoire-de-script-dans-Excel.png","type":"","width":"","height":""}],"twitter_card":"summary_large_image","twitter_misc":{"Tempo estimado de leitura":"2 minutos"},"schema":{"@context":"https:\/\/schema.org","@graph":[{"@type":"WebPage","@id":"https:\/\/exceladvisor.org\/pt\/laboratorio-de-roteiro\/","url":"https:\/\/exceladvisor.org\/pt\/laboratorio-de-roteiro\/","name":"Como usar o Script Lab no Excel?","isPartOf":{"@id":"https:\/\/exceladvisor.org\/pt\/#website"},"primaryImageOfPage":{"@id":"https:\/\/exceladvisor.org\/pt\/laboratorio-de-roteiro\/#primaryimage"},"image":{"@id":"https:\/\/exceladvisor.org\/pt\/laboratorio-de-roteiro\/#primaryimage"},"thumbnailUrl":"https:\/\/exceladvisor.org\/wp-content\/uploads\/2023\/08\/1-laboratoire-de-script-dans-Excel.png","datePublished":"2023-10-27T22:57:31+00:00","dateModified":"2023-12-06T11:50:12+00:00","description":"Este \u00e9 um tutorial r\u00e1pido para come\u00e7ar a usar o Script Lab no Excel.","breadcrumb":{"@id":"https:\/\/exceladvisor.org\/pt\/laboratorio-de-roteiro\/#breadcrumb"},"inLanguage":"pt-PT","potentialAction":[{"@type":"ReadAction","target":["https:\/\/exceladvisor.org\/pt\/laboratorio-de-roteiro\/"]}]},{"@type":"ImageObject","inLanguage":"pt-PT","@id":"https:\/\/exceladvisor.org\/pt\/laboratorio-de-roteiro\/#primaryimage","url":"https:\/\/exceladvisor.org\/wp-content\/uploads\/2023\/08\/1-laboratoire-de-script-dans-Excel.png","contentUrl":"https:\/\/exceladvisor.org\/wp-content\/uploads\/2023\/08\/1-laboratoire-de-script-dans-Excel.png"},{"@type":"BreadcrumbList","@id":"https:\/\/exceladvisor.org\/pt\/laboratorio-de-roteiro\/#breadcrumb","itemListElement":[{"@type":"ListItem","position":1,"name":"Lar","item":"https:\/\/exceladvisor.org\/pt\/"},{"@type":"ListItem","position":2,"name":"Como usar o script lab no excel?"}]},{"@type":"WebSite","@id":"https:\/\/exceladvisor.org\/pt\/#website","url":"https:\/\/exceladvisor.org\/pt\/","name":"Excel Advisor","description":"O seu guia definitivo para dominar os dados!","publisher":{"@id":"https:\/\/exceladvisor.org\/pt\/#organization"},"potentialAction":[{"@type":"SearchAction","target":{"@type":"EntryPoint","urlTemplate":"https:\/\/exceladvisor.org\/pt\/?s={search_term_string}"},"query-input":{"@type":"PropertyValueSpecification","valueRequired":true,"valueName":"search_term_string"}}],"inLanguage":"pt-PT"},{"@type":"Organization","@id":"https:\/\/exceladvisor.org\/pt\/#organization","name":"Excel Advisor","url":"https:\/\/exceladvisor.org\/pt\/","logo":{"@type":"ImageObject","inLanguage":"pt-PT","@id":"https:\/\/exceladvisor.org\/pt\/#\/schema\/logo\/image\/","url":"https:\/\/exceladvisor.org\/pt\/wp-content\/uploads\/2023\/12\/exceladvisor.org_.png","contentUrl":"https:\/\/exceladvisor.org\/pt\/wp-content\/uploads\/2023\/12\/exceladvisor.org_.png","width":105,"height":36,"caption":"Excel Advisor"},"image":{"@id":"https:\/\/exceladvisor.org\/pt\/#\/schema\/logo\/image\/"}}]}},"yoast_meta":{"yoast_wpseo_title":"","yoast_wpseo_metadesc":"","yoast_wpseo_canonical":""},"_links":{"self":[{"href":"https:\/\/exceladvisor.org\/pt\/wp-json\/wp\/v2\/pages\/454","targetHints":{"allow":["GET"]}}],"collection":[{"href":"https:\/\/exceladvisor.org\/pt\/wp-json\/wp\/v2\/pages"}],"about":[{"href":"https:\/\/exceladvisor.org\/pt\/wp-json\/wp\/v2\/types\/page"}],"author":[{"embeddable":true,"href":"https:\/\/exceladvisor.org\/pt\/wp-json\/wp\/v2\/users\/1"}],"replies":[{"embeddable":true,"href":"https:\/\/exceladvisor.org\/pt\/wp-json\/wp\/v2\/comments?post=454"}],"version-history":[{"count":1,"href":"https:\/\/exceladvisor.org\/pt\/wp-json\/wp\/v2\/pages\/454\/revisions"}],"predecessor-version":[{"id":1371,"href":"https:\/\/exceladvisor.org\/pt\/wp-json\/wp\/v2\/pages\/454\/revisions\/1371"}],"wp:attachment":[{"href":"https:\/\/exceladvisor.org\/pt\/wp-json\/wp\/v2\/media?parent=454"}],"curies":[{"name":"wp","href":"https:\/\/api.w.org\/{rel}","templated":true}]}}