{"id":456,"date":"2023-10-27T19:06:55","date_gmt":"2023-10-27T19:06:55","guid":{"rendered":"https:\/\/exceladvisor.org\/pt\/grafico-de-pessoas\/"},"modified":"2023-12-06T11:38:07","modified_gmt":"2023-12-06T11:38:07","slug":"grafico-de-pessoas","status":"publish","type":"page","link":"https:\/\/exceladvisor.org\/pt\/grafico-de-pessoas\/","title":{"rendered":"Como inserir um gr\u00e1fico de pessoas no excel?"},"content":{"rendered":"<div class=\"excel-before-content-2\" id=\"excel-3694280271\"><script type=\"text\/javascript\">\r\n\tatOptions = {\r\n\t\t'key' : 'c1158f160081d6540a8409e6925dab94',\r\n\t\t'format' : 'iframe',\r\n\t\t'height' : 250,\r\n\t\t'width' : 300,\r\n\t\t'params' : {}\r\n\t};\r\n<\/script>\r\n<script type=\"text\/javascript\" src=\"\/\/www.highperformanceformat.com\/c1158f160081d6540a8409e6925dab94\/invoke.js\"><\/script><\/div><div class=\"excel-before-content\" id=\"excel-3533791278\"><script type=\"text\/javascript\">\r\n\tatOptions = {\r\n\t\t'key' : 'c1158f160081d6540a8409e6925dab94',\r\n\t\t'format' : 'iframe',\r\n\t\t'height' : 250,\r\n\t\t'width' : 300,\r\n\t\t'params' : {}\r\n\t};\r\n<\/script>\r\n<script type=\"text\/javascript\" src=\"\/\/www.highperformanceformat.com\/c1158f160081d6540a8409e6925dab94\/invoke.js\"><\/script><\/div> <p>Sempre fui fascinado por infogr\u00e1ficos e recursos visuais baseados em hist\u00f3rias. Esse tipo de coisa me ajuda a contar uma hist\u00f3ria com dados. Um <a style=\"outline: none;\" href=\"https:\/\/exceladvisor.org\/pt\/pictograma\/\">pictograma \u00e9 um excelente exemplo<\/a> . Mas, fora isso, existe um gr\u00e1fico no Excel que a maioria de n\u00f3s n\u00e3o conhece.<\/p><p> Chama-se: <strong>Gr\u00e1fico de Pessoas<\/strong> <\/p><div class=\"wp-block-image\"><figure class=\"aligncenter\"><img decoding=\"async\" src=\"https:\/\/exceladvisor.org\/wp-content\/uploads\/2023\/08\/inserer-un-graphique-de-personnes-dans-excel-min-1.png\" sizes=\"\" srcset=\"\" alt=\"inserir um gr\u00e1fico de pessoas no Excel\"><\/figure><\/div><p> Foi introduzido pela primeira vez no Microsoft Excel 2013 para ajudar as pessoas a criar infogr\u00e1ficos. Em um gr\u00e1fico de pessoas, em vez de coluna, barra ou linha, temos \u00edcones para apresentar os dados. E parece bom e profissional.<\/p><p> Hoje neste artigo gostaria de compartilhar passos simples para inserir um gr\u00e1fico de pessoas no Excel e a op\u00e7\u00e3o que podemos usar com ele. Ent\u00e3o vamos come\u00e7ar.<\/p><h2 class=\"wp-block-heading\"> 7 etapas para inserir um gr\u00e1fico de pessoas no Excel<\/h2><p> Criar um gr\u00e1fico de pessoas no Excel \u00e9 simples e f\u00e1cil, bastando alguns cliques. Aqui est\u00e1 a tabela de dados que uso aqui, voc\u00ea pode baix\u00e1-la aqui para acompanhar. <\/p><div class=\"wp-block-image\"><figure class=\"aligncenter\"><img decoding=\"async\" src=\"https:\/\/exceladvisor.org\/wp-content\/uploads\/2023\/08\/donnees-pour-inserer-un-graphique-de-personnes-dans-excel-min-1.png\" sizes=\"\" srcset=\"\" alt=\"dados para inserir um gr\u00e1fico de pessoas no Excel\"><\/figure><\/div><ol><li> Primeiro, v\u00e1 para a guia Inserir -&gt; Suplementos -&gt; clique no pequeno bot\u00e3o verde. <br><img decoding=\"async\" title=\"v\u00e1 para inserir guia para inserir um gr\u00e1fico de pessoas no Excel-min\" src=\"https:\/\/exceladvisor.org\/wp-content\/uploads\/2023\/08\/allez-a-longlet-inserer-pour-inserer-un-graphique-de-personnes-dans-excel-min-1.png\" sizes=\"\" srcset=\"\" alt=\"go to insert tab to insert a people graph in excel\"><\/li><li> Ele ir\u00e1 inserir um gr\u00e1fico de pessoas com dados fict\u00edcios. <br><img decoding=\"async\" title=\"inserir gr\u00e1fico de pessoas no Excel-min\" src=\"https:\/\/exceladvisor.org\/wp-content\/uploads\/2023\/08\/inserer-un-graphique-de-personnes-dans-excel-min-1.png\" sizes=\"\" srcset=\"\" alt=\"insert a people graph in excel\"><\/li><li> Agora a pr\u00f3xima etapa \u00e9 conectar os dados ao gr\u00e1fico. <br><img decoding=\"async\" title=\"dois \u00edcones para inserir um gr\u00e1fico de pessoas no Excel-min\" src=\"https:\/\/exceladvisor.org\/wp-content\/uploads\/2023\/08\/deux-icones-pour-inserer-un-graphique-de-personnes-dans-excel-min-1.png\" sizes=\"\" srcset=\"\" alt=\"two icons to insert a people graph in excel\"><\/li><li> Clique no \u00edcone de dados e, em seguida, clique no bot\u00e3o selecionar seus dados. <br><img decoding=\"async\" title=\"selecione seus dados para inserir um gr\u00e1fico de pessoas no Excel-min-1\" src=\"https:\/\/exceladvisor.org\/wp-content\/uploads\/2023\/08\/selectionnez-vos-donnees-pour-inserer-un-graphique-de-personnes-dans-excel-min-1.png\" sizes=\"\" srcset=\"\" alt=\"select your data to insert a people graph in excel\"><\/li><li> Agora selecione a tabela de dados e clique no bot\u00e3o Criar. <br><img decoding=\"async\" title=\"clique em criar para inserir gr\u00e1fico de pessoas no Excel-min\" src=\"https:\/\/exceladvisor.org\/wp-content\/uploads\/2023\/08\/cliquez-sur-creer-pour-inserer-un-graphique-de-personnes-dans-excel-min-1.png\" sizes=\"\" srcset=\"\" alt=\"click on create to insert a people graph in excel\"><\/li><li> A \u00faltima coisa \u00e9 um t\u00edtulo para o seu gr\u00e1fico.<\/li><li> Clique no \u00edcone de dados novamente e altere o t\u00edtulo padr\u00e3o para o t\u00edtulo desejado. <br><img decoding=\"async\" title=\"insira o t\u00edtulo para inserir um gr\u00e1fico de pessoas no Excel-min\" src=\"https:\/\/exceladvisor.org\/wp-content\/uploads\/2023\/08\/entrez-le-titre-pour-inserer-un-graphique-de-personnes-dans-Excel-min-1.png\" sizes=\"\" srcset=\"\" alt=\"\"><\/li><\/ol><p> Parab\u00e9ns! Seu primeiro infogr\u00e1fico est\u00e1 pronto para contar sua hist\u00f3ria. \u00c9 um momento de orgulho. <\/p><div class=\"wp-block-image\"><figure class=\"aligncenter\"><img decoding=\"async\" src=\"https:\/\/exceladvisor.org\/wp-content\/uploads\/2023\/08\/pret-a-utiliser-le-graphique-des-personnes-dans-excel-min-1.png\" sizes=\"\" srcset=\"\" alt=\"gr\u00e1fico de pessoas pronto para usar no Excel\"><\/figure><\/div><h2 class=\"wp-block-heading\"> Personaliza\u00e7\u00e3o e outras op\u00e7\u00f5es<\/h2><p> Como eu disse, \u00e9 f\u00e1cil inserir um gr\u00e1fico de pessoas. Por\u00e9m, existem algumas op\u00e7\u00f5es de personaliza\u00e7\u00e3o que podem ser feitas depois disso.<\/p><h3 class=\"wp-block-heading\"> 1. Tipo de gr\u00e1fico<\/h3><p> Existem 3 tipos de gr\u00e1ficos predefinidos que podemos usar. Clique no bot\u00e3o de configura\u00e7\u00e3o e selecione o tipo desejado. <\/p><div class=\"wp-block-image\"><figure class=\"aligncenter\"><img decoding=\"async\" src=\"https:\/\/exceladvisor.org\/wp-content\/uploads\/2023\/08\/changer-le-type-dans-le-graphique-des-personnes-dans-excel-min-1.png\" sizes=\"\" srcset=\"\" alt=\"alterar tipo no gr\u00e1fico de pessoas no Excel\"><\/figure><\/div><h3 class=\"wp-block-heading\"> 2. Tema<\/h3><p> Tamb\u00e9m podemos usar temas diferentes para nosso gr\u00e1fico. Existem 7 temas predefinidos que podemos usar. Clique no bot\u00e3o de configura\u00e7\u00e3o e selecione o tipo desejado. <\/p><div class=\"wp-block-image\"><figure class=\"aligncenter\"><img decoding=\"async\" src=\"https:\/\/exceladvisor.org\/wp-content\/uploads\/2023\/08\/changer-le-theme-dans-le-graphique-des-personnes-dans-excel-min-1.png\" sizes=\"\" srcset=\"\" alt=\"mudar tema no gr\u00e1fico de pessoas no excel\"><\/figure><\/div><h3 class=\"wp-block-heading\"> 3.Forma (\u00edcone)<\/h3><p> N\u00e3o podemos usar um \u00fanico formul\u00e1rio para todos os tipos de dados. \u00c9 por isso que existem 12 formas diferentes que podemos escolher. Clique no bot\u00e3o de configura\u00e7\u00e3o e selecione a forma desejada. <\/p><div class=\"wp-block-image\"><figure class=\"aligncenter\"><img decoding=\"async\" src=\"https:\/\/exceladvisor.org\/wp-content\/uploads\/2023\/08\/changer-les-icones-dans-le-graphique-des-personnes-dans-excel-min-1.png\" sizes=\"\" srcset=\"\" alt=\"alterar \u00edcones no gr\u00e1fico de pessoas no Excel\"><\/figure><\/div><h3 class=\"wp-block-heading\"> 4. Salve como imagem<\/h3><p> Existe a op\u00e7\u00e3o de salv\u00e1-lo como imagem. Com isso podemos utiliz\u00e1-lo posteriormente em PowerPoint, envi\u00e1-lo por e-mail, carreg\u00e1-lo na web, etc.<\/p><h3 class=\"wp-block-heading\"> 5.Mais<\/h3><ul><li> Ao atualizar um valor nos dados de origem, clique uma vez no gr\u00e1fico para atualiz\u00e1-lo.<\/li><li> Voc\u00ea tamb\u00e9m pode col\u00e1-lo como uma imagem na planilha, copiando e colando.<\/li><\/ul><h2 class=\"wp-block-heading\"> Conclus\u00e3o<\/h2><p> Os infogr\u00e1ficos s\u00e3o excelentes para apresentar dados de forma v\u00edvida. E acho que criar um gr\u00e1fico de pessoas no Excel \u00e9 muito divertido.<\/p><p> Voc\u00ea tamb\u00e9m pode us\u00e1-lo em seus pain\u00e9is e modelos para torn\u00e1-los impressionantes e para uma maneira eficaz de tornar os dados compreendidos por outras pessoas. Tenho certeza que voc\u00ea achou este gr\u00e1fico \u00fatil e ir\u00e1 ajud\u00e1-lo em seu trabalho.<\/p><p> Agora me diga uma coisa.<\/p><p> <span style=\"color: #ea493f;\">Voc\u00ea j\u00e1 tentou isso antes?<\/span> E voc\u00ea acha que podemos us\u00e1-lo em nossos dashboards?<\/p><p> Por favor, compartilhe suas id\u00e9ias na se\u00e7\u00e3o de coment\u00e1rios, eu adoraria ouvir de voc\u00ea. E n\u00e3o esque\u00e7a de compartilhar essa dica com seus amigos.<\/p><h2 class=\"wp-block-heading\"> Mais dicas e tutoriais sobre gr\u00e1ficos<\/h2><ul><li> <a style=\"outline: none;\" href=\"https:\/\/exceladvisor.org\/pt\/adicione-uma-linha-horizontal\/\">Como adicionar uma linha horizontal a um gr\u00e1fico no Excel<\/a><\/li><li> <a style=\"outline: none;\" href=\"https:\/\/exceladvisor.org\/pt\/adicione-uma-linha-vertical\/\">Como adicionar uma linha vertical a um gr\u00e1fico no Excel<\/a><\/li><li> <a style=\"outline: none;\" href=\"https:\/\/exceladvisor.org\/pt\/quadro-de-marcadores\/\">Como criar um gr\u00e1fico com marcadores no Excel<\/a><\/li><li> <a style=\"outline: none;\" href=\"https:\/\/exceladvisor.org\/pt\/faixa-de-grafico-dinamico\/\">Como criar um intervalo de gr\u00e1fico din\u00e2mico no Excel<\/a><\/li><li> <a style=\"outline: none;\" href=\"https:\/\/exceladvisor.org\/pt\/titulo-do-grafico-dinamico\/\">Como criar um t\u00edtulo de gr\u00e1fico din\u00e2mico no Excel<\/a><\/li><\/ul>","protected":false},"excerpt":{"rendered":"","protected":false},"author":1,"featured_media":0,"parent":0,"menu_order":0,"comment_status":"open","ping_status":"closed","template":"","meta":{"ub_ctt_via":"","footnotes":""},"class_list":["post-456","page","type-page","status-publish","hentry"],"featured_image_src":null,"yoast_head":"<!-- This site is optimized with the Yoast SEO plugin v25.4 - https:\/\/yoast.com\/wordpress\/plugins\/seo\/ -->\n<title>Como inserir um gr\u00e1fico de pessoas no Excel?<\/title>\n<meta name=\"description\" content=\"Aprenda como inserir um gr\u00e1fico de pessoas no Excel. Um guia passo a passo \u00e9 fornecido aqui.\" \/>\n<meta name=\"robots\" content=\"index, follow, max-snippet:-1, max-image-preview:large, max-video-preview:-1\" \/>\n<link rel=\"canonical\" href=\"https:\/\/exceladvisor.org\/pt\/grafico-de-pessoas\/\" \/>\n<meta property=\"og:locale\" content=\"pt_PT\" \/>\n<meta property=\"og:type\" content=\"article\" \/>\n<meta property=\"og:title\" content=\"Como inserir um gr\u00e1fico de pessoas no Excel?\" \/>\n<meta property=\"og:description\" content=\"Aprenda como inserir um gr\u00e1fico de pessoas no Excel. Um guia passo a passo \u00e9 fornecido aqui.\" \/>\n<meta property=\"og:url\" content=\"https:\/\/exceladvisor.org\/pt\/grafico-de-pessoas\/\" \/>\n<meta property=\"og:site_name\" content=\"Excel Advisor\" \/>\n<meta property=\"article:modified_time\" content=\"2023-12-06T11:38:07+00:00\" \/>\n<meta property=\"og:image\" content=\"https:\/\/exceladvisor.org\/wp-content\/uploads\/2023\/08\/inserer-un-graphique-de-personnes-dans-excel-min-1.png\" \/>\n<meta name=\"twitter:card\" content=\"summary_large_image\" \/>\n<meta name=\"twitter:label1\" content=\"Tempo estimado de leitura\" \/>\n\t<meta name=\"twitter:data1\" content=\"3 minutos\" \/>\n<script type=\"application\/ld+json\" class=\"yoast-schema-graph\">{\"@context\":\"https:\/\/schema.org\",\"@graph\":[{\"@type\":\"WebPage\",\"@id\":\"https:\/\/exceladvisor.org\/pt\/grafico-de-pessoas\/\",\"url\":\"https:\/\/exceladvisor.org\/pt\/grafico-de-pessoas\/\",\"name\":\"Como inserir um gr\u00e1fico de pessoas no Excel?\",\"isPartOf\":{\"@id\":\"https:\/\/exceladvisor.org\/pt\/#website\"},\"primaryImageOfPage\":{\"@id\":\"https:\/\/exceladvisor.org\/pt\/grafico-de-pessoas\/#primaryimage\"},\"image\":{\"@id\":\"https:\/\/exceladvisor.org\/pt\/grafico-de-pessoas\/#primaryimage\"},\"thumbnailUrl\":\"https:\/\/exceladvisor.org\/wp-content\/uploads\/2023\/08\/inserer-un-graphique-de-personnes-dans-excel-min-1.png\",\"datePublished\":\"2023-10-27T19:06:55+00:00\",\"dateModified\":\"2023-12-06T11:38:07+00:00\",\"description\":\"Aprenda como inserir um gr\u00e1fico de pessoas no Excel. Um guia passo a passo \u00e9 fornecido aqui.\",\"breadcrumb\":{\"@id\":\"https:\/\/exceladvisor.org\/pt\/grafico-de-pessoas\/#breadcrumb\"},\"inLanguage\":\"pt-PT\",\"potentialAction\":[{\"@type\":\"ReadAction\",\"target\":[\"https:\/\/exceladvisor.org\/pt\/grafico-de-pessoas\/\"]}]},{\"@type\":\"ImageObject\",\"inLanguage\":\"pt-PT\",\"@id\":\"https:\/\/exceladvisor.org\/pt\/grafico-de-pessoas\/#primaryimage\",\"url\":\"https:\/\/exceladvisor.org\/wp-content\/uploads\/2023\/08\/inserer-un-graphique-de-personnes-dans-excel-min-1.png\",\"contentUrl\":\"https:\/\/exceladvisor.org\/wp-content\/uploads\/2023\/08\/inserer-un-graphique-de-personnes-dans-excel-min-1.png\"},{\"@type\":\"BreadcrumbList\",\"@id\":\"https:\/\/exceladvisor.org\/pt\/grafico-de-pessoas\/#breadcrumb\",\"itemListElement\":[{\"@type\":\"ListItem\",\"position\":1,\"name\":\"Lar\",\"item\":\"https:\/\/exceladvisor.org\/pt\/\"},{\"@type\":\"ListItem\",\"position\":2,\"name\":\"Como inserir um gr\u00e1fico de pessoas no excel?\"}]},{\"@type\":\"WebSite\",\"@id\":\"https:\/\/exceladvisor.org\/pt\/#website\",\"url\":\"https:\/\/exceladvisor.org\/pt\/\",\"name\":\"Excel Advisor\",\"description\":\"O seu guia definitivo para dominar os dados!\",\"publisher\":{\"@id\":\"https:\/\/exceladvisor.org\/pt\/#organization\"},\"potentialAction\":[{\"@type\":\"SearchAction\",\"target\":{\"@type\":\"EntryPoint\",\"urlTemplate\":\"https:\/\/exceladvisor.org\/pt\/?s={search_term_string}\"},\"query-input\":{\"@type\":\"PropertyValueSpecification\",\"valueRequired\":true,\"valueName\":\"search_term_string\"}}],\"inLanguage\":\"pt-PT\"},{\"@type\":\"Organization\",\"@id\":\"https:\/\/exceladvisor.org\/pt\/#organization\",\"name\":\"Excel Advisor\",\"url\":\"https:\/\/exceladvisor.org\/pt\/\",\"logo\":{\"@type\":\"ImageObject\",\"inLanguage\":\"pt-PT\",\"@id\":\"https:\/\/exceladvisor.org\/pt\/#\/schema\/logo\/image\/\",\"url\":\"https:\/\/exceladvisor.org\/pt\/wp-content\/uploads\/2023\/12\/exceladvisor.org_.png\",\"contentUrl\":\"https:\/\/exceladvisor.org\/pt\/wp-content\/uploads\/2023\/12\/exceladvisor.org_.png\",\"width\":105,\"height\":36,\"caption\":\"Excel Advisor\"},\"image\":{\"@id\":\"https:\/\/exceladvisor.org\/pt\/#\/schema\/logo\/image\/\"}}]}<\/script>\n<!-- \/ Yoast SEO plugin. -->","yoast_head_json":{"title":"Como inserir um gr\u00e1fico de pessoas no Excel?","description":"Aprenda como inserir um gr\u00e1fico de pessoas no Excel. Um guia passo a passo \u00e9 fornecido aqui.","robots":{"index":"index","follow":"follow","max-snippet":"max-snippet:-1","max-image-preview":"max-image-preview:large","max-video-preview":"max-video-preview:-1"},"canonical":"https:\/\/exceladvisor.org\/pt\/grafico-de-pessoas\/","og_locale":"pt_PT","og_type":"article","og_title":"Como inserir um gr\u00e1fico de pessoas no Excel?","og_description":"Aprenda como inserir um gr\u00e1fico de pessoas no Excel. Um guia passo a passo \u00e9 fornecido aqui.","og_url":"https:\/\/exceladvisor.org\/pt\/grafico-de-pessoas\/","og_site_name":"Excel Advisor","article_modified_time":"2023-12-06T11:38:07+00:00","og_image":[{"url":"https:\/\/exceladvisor.org\/wp-content\/uploads\/2023\/08\/inserer-un-graphique-de-personnes-dans-excel-min-1.png","type":"","width":"","height":""}],"twitter_card":"summary_large_image","twitter_misc":{"Tempo estimado de leitura":"3 minutos"},"schema":{"@context":"https:\/\/schema.org","@graph":[{"@type":"WebPage","@id":"https:\/\/exceladvisor.org\/pt\/grafico-de-pessoas\/","url":"https:\/\/exceladvisor.org\/pt\/grafico-de-pessoas\/","name":"Como inserir um gr\u00e1fico de pessoas no Excel?","isPartOf":{"@id":"https:\/\/exceladvisor.org\/pt\/#website"},"primaryImageOfPage":{"@id":"https:\/\/exceladvisor.org\/pt\/grafico-de-pessoas\/#primaryimage"},"image":{"@id":"https:\/\/exceladvisor.org\/pt\/grafico-de-pessoas\/#primaryimage"},"thumbnailUrl":"https:\/\/exceladvisor.org\/wp-content\/uploads\/2023\/08\/inserer-un-graphique-de-personnes-dans-excel-min-1.png","datePublished":"2023-10-27T19:06:55+00:00","dateModified":"2023-12-06T11:38:07+00:00","description":"Aprenda como inserir um gr\u00e1fico de pessoas no Excel. Um guia passo a passo \u00e9 fornecido aqui.","breadcrumb":{"@id":"https:\/\/exceladvisor.org\/pt\/grafico-de-pessoas\/#breadcrumb"},"inLanguage":"pt-PT","potentialAction":[{"@type":"ReadAction","target":["https:\/\/exceladvisor.org\/pt\/grafico-de-pessoas\/"]}]},{"@type":"ImageObject","inLanguage":"pt-PT","@id":"https:\/\/exceladvisor.org\/pt\/grafico-de-pessoas\/#primaryimage","url":"https:\/\/exceladvisor.org\/wp-content\/uploads\/2023\/08\/inserer-un-graphique-de-personnes-dans-excel-min-1.png","contentUrl":"https:\/\/exceladvisor.org\/wp-content\/uploads\/2023\/08\/inserer-un-graphique-de-personnes-dans-excel-min-1.png"},{"@type":"BreadcrumbList","@id":"https:\/\/exceladvisor.org\/pt\/grafico-de-pessoas\/#breadcrumb","itemListElement":[{"@type":"ListItem","position":1,"name":"Lar","item":"https:\/\/exceladvisor.org\/pt\/"},{"@type":"ListItem","position":2,"name":"Como inserir um gr\u00e1fico de pessoas no excel?"}]},{"@type":"WebSite","@id":"https:\/\/exceladvisor.org\/pt\/#website","url":"https:\/\/exceladvisor.org\/pt\/","name":"Excel Advisor","description":"O seu guia definitivo para dominar os dados!","publisher":{"@id":"https:\/\/exceladvisor.org\/pt\/#organization"},"potentialAction":[{"@type":"SearchAction","target":{"@type":"EntryPoint","urlTemplate":"https:\/\/exceladvisor.org\/pt\/?s={search_term_string}"},"query-input":{"@type":"PropertyValueSpecification","valueRequired":true,"valueName":"search_term_string"}}],"inLanguage":"pt-PT"},{"@type":"Organization","@id":"https:\/\/exceladvisor.org\/pt\/#organization","name":"Excel Advisor","url":"https:\/\/exceladvisor.org\/pt\/","logo":{"@type":"ImageObject","inLanguage":"pt-PT","@id":"https:\/\/exceladvisor.org\/pt\/#\/schema\/logo\/image\/","url":"https:\/\/exceladvisor.org\/pt\/wp-content\/uploads\/2023\/12\/exceladvisor.org_.png","contentUrl":"https:\/\/exceladvisor.org\/pt\/wp-content\/uploads\/2023\/12\/exceladvisor.org_.png","width":105,"height":36,"caption":"Excel Advisor"},"image":{"@id":"https:\/\/exceladvisor.org\/pt\/#\/schema\/logo\/image\/"}}]}},"yoast_meta":{"yoast_wpseo_title":"","yoast_wpseo_metadesc":"","yoast_wpseo_canonical":""},"_links":{"self":[{"href":"https:\/\/exceladvisor.org\/pt\/wp-json\/wp\/v2\/pages\/456","targetHints":{"allow":["GET"]}}],"collection":[{"href":"https:\/\/exceladvisor.org\/pt\/wp-json\/wp\/v2\/pages"}],"about":[{"href":"https:\/\/exceladvisor.org\/pt\/wp-json\/wp\/v2\/types\/page"}],"author":[{"embeddable":true,"href":"https:\/\/exceladvisor.org\/pt\/wp-json\/wp\/v2\/users\/1"}],"replies":[{"embeddable":true,"href":"https:\/\/exceladvisor.org\/pt\/wp-json\/wp\/v2\/comments?post=456"}],"version-history":[{"count":1,"href":"https:\/\/exceladvisor.org\/pt\/wp-json\/wp\/v2\/pages\/456\/revisions"}],"predecessor-version":[{"id":1098,"href":"https:\/\/exceladvisor.org\/pt\/wp-json\/wp\/v2\/pages\/456\/revisions\/1098"}],"wp:attachment":[{"href":"https:\/\/exceladvisor.org\/pt\/wp-json\/wp\/v2\/media?parent=456"}],"curies":[{"name":"wp","href":"https:\/\/api.w.org\/{rel}","templated":true}]}}