{"id":457,"date":"2023-10-27T17:17:39","date_gmt":"2023-10-27T17:17:39","guid":{"rendered":"https:\/\/exceladvisor.org\/pt\/graficos-avancados\/"},"modified":"2023-12-06T11:33:35","modified_gmt":"2023-12-06T11:33:35","slug":"graficos-avancados","status":"publish","type":"page","link":"https:\/\/exceladvisor.org\/pt\/graficos-avancados\/","title":{"rendered":"As 10 principais tabelas e gr\u00e1ficos avan\u00e7ados do excel"},"content":{"rendered":"<div class=\"excel-before-content-2\" id=\"excel-352425713\"><script type=\"text\/javascript\">\r\n\tatOptions = {\r\n\t\t'key' : 'c1158f160081d6540a8409e6925dab94',\r\n\t\t'format' : 'iframe',\r\n\t\t'height' : 250,\r\n\t\t'width' : 300,\r\n\t\t'params' : {}\r\n\t};\r\n<\/script>\r\n<script type=\"text\/javascript\" src=\"\/\/www.highperformanceformat.com\/c1158f160081d6540a8409e6925dab94\/invoke.js\"><\/script><\/div><div class=\"excel-before-content\" id=\"excel-4194837865\"><script type=\"text\/javascript\">\r\n\tatOptions = {\r\n\t\t'key' : 'c1158f160081d6540a8409e6925dab94',\r\n\t\t'format' : 'iframe',\r\n\t\t'height' : 250,\r\n\t\t'width' : 300,\r\n\t\t'params' : {}\r\n\t};\r\n<\/script>\r\n<script type=\"text\/javascript\" src=\"\/\/www.highperformanceformat.com\/c1158f160081d6540a8409e6925dab94\/invoke.js\"><\/script><\/div> <p class=\"has-text-align-left\">Os gr\u00e1ficos s\u00e3o uma das partes mais importantes do Microsoft Excel. Isso nos ajuda a apresentar nossos dados de uma forma compreens\u00edvel. No Excel temos diferentes tipos de tabelas e gr\u00e1ficos para apresentar nossos dados de diferentes maneiras.<\/p><p> Existem ainda muitos tabelas e gr\u00e1ficos avan\u00e7ados que podemos criar no Excel, fazendo pequenas altera\u00e7\u00f5es nos gr\u00e1ficos padr\u00e3o. Agora, a m\u00e1 not\u00edcia \u00e9 que a maioria dos usu\u00e1rios do Excel n\u00e3o explora muito as t\u00e9cnicas de gr\u00e1ficos. Mas voc\u00ea pode aprender como criar todos esses gr\u00e1ficos com um pouco mais de esfor\u00e7o.<\/p><p> A vantagem de usar gr\u00e1ficos avan\u00e7ados no Excel \u00e9 que eles focam em um tipo espec\u00edfico de dados e os tornam mais compreens\u00edveis. Hoje, neste artigo, tenho uma lista das 10 principais tabelas e gr\u00e1ficos avan\u00e7ados do Excel s\u00f3 para voc\u00ea.<\/p><p> E esses gr\u00e1ficos podem ajud\u00e1-lo a se tornar um especialista em gr\u00e1ficos e voc\u00ea pode se tornar uma sensa\u00e7\u00e3o em gr\u00e1ficos em seu escrit\u00f3rio da noite para o dia e \u00e9 por isso que isso faz parte de nossa lista <a style=\"outline: none;\" href=\"https:\/\/exceladvisor.org\/pt\/habilidades-de-excelencia\/\">de habilidades avan\u00e7adas em Excel<\/a> .<\/p><p class=\"qt-tip\"> <strong>Nota:<\/strong> Para cada gr\u00e1fico, h\u00e1 um tutorial passo a passo detalhado que voc\u00ea v\u00ea e aprende como cri\u00e1-lo. Voc\u00ea tamb\u00e9m pode baixar todos os modelos <strong><a style=\"outline: none;\" href=\"https:\/\/exceladvisor.org\/wp-content\/uploads\/2023\/11\/graphiques-excel-avances.zip\" rel=\"nofollow\" data-wpel-link=\"internal\">aqui para saber mais<\/a><\/strong> .<\/p><h2 class=\"wp-block-heading\"> O que \u00e9 uma tabela ou gr\u00e1fico avan\u00e7ado do Excel?<\/h2><p> Um gr\u00e1fico ou gr\u00e1fico avan\u00e7ado do Excel \u00e9 um gr\u00e1fico que tem um uso espec\u00edfico ou apresenta dados de uma maneira espec\u00edfica para um uso. No Excel, um gr\u00e1fico avan\u00e7ado pode ser criado usando os gr\u00e1ficos b\u00e1sicos j\u00e1 presentes no Excel, pode ser criado do zero ou usando modelos e suplementos predefinidos.<\/p><h2 class=\"wp-block-heading\"> 10 tabelas e gr\u00e1ficos avan\u00e7ados do Excel<\/h2><p> Abaixo est\u00e1 uma lista das principais tabelas e gr\u00e1ficos avan\u00e7ados abordados neste guia.<\/p><h3 class=\"wp-block-heading\"> 1. <a style=\"outline: none;\" href=\"https:\/\/exceladvisor.org\/pt\/tabela-de-passos\/\" data-wpel-link=\"internal\">Tabela de etapas<\/a><\/h3><p id=\"tab-con-14\"> Um gr\u00e1fico de etapas \u00e9 uma vers\u00e3o estendida de um gr\u00e1fico de linhas. \u00c9 perfeito para usar quando voc\u00ea deseja visualizar altera\u00e7\u00f5es que ocorreram em intervalos irregulares. Ao contr\u00e1rio do gr\u00e1fico de linhas, ele n\u00e3o conecta pontos de dados usando uma linha de curta dist\u00e2ncia. Ele usa linhas verticais e horizontais para conectar pontos de dados. <\/p><div class=\"wp-block-image\"><figure class=\"aligncenter\"><img decoding=\"async\" src=\"https:\/\/exceladvisor.org\/wp-content\/uploads\/2023\/08\/graphiques-excel-avances-etape-min-2.png\" sizes=\"\" srcset=\"\" alt=\"\"><\/figure><\/div><h4 id=\"tab-con-0\" class=\"wp-block-heading\"> <span style=\"font-weight: normal;\">Benef\u00edcios do gr\u00e1fico de etapas<\/span><\/h4><ol><li> Isso ajuda a mostrar a hora exata da mudan\u00e7a.<\/li><li> Fornece a tend\u00eancia real dos dados ao longo do per\u00edodo.<\/li><li> Em um gr\u00e1fico de linhas n\u00e3o \u00e9 poss\u00edvel mostrar o per\u00edodo constante, mas no gr\u00e1fico de etapas voc\u00ea pode mostr\u00e1-lo.<\/li><li> Mostra o n\u00famero real de altera\u00e7\u00f5es que ocorreram durante um per\u00edodo.<\/li><\/ol><h3 class=\"wp-block-heading\"> 2. <a style=\"outline: none;\" href=\"https:\/\/exceladvisor.org\/pt\/grafico-de-marcos\/\" data-wpel-link=\"internal\">Tabela de etapas<\/a><\/h3><p> Um gr\u00e1fico de marcos tamb\u00e9m \u00e9 conhecido como gr\u00e1fico de linha do tempo. \u00c9 um dos gr\u00e1ficos favoritos dos gerentes de projeto e os ajuda a acompanhar de forma simples o andamento de seu projeto. \u00c9 como um momento onde cada etapa do projeto \u00e9 capturada com a data de conclus\u00e3o.<\/p><blockquote class=\"wp-block-quote\"><p> <span style=\"font-family: Georgia,serif;\">Marcos s\u00e3o ferramentas usadas no gerenciamento de projetos para marcar pontos espec\u00edficos ao longo do cronograma do projeto. Estes pontos podem sinalizar \u00e2ncoras como a data de in\u00edcio e t\u00e9rmino do projeto, a necessidade de revis\u00e3o externa ou verifica\u00e7\u00e3o de insumos e or\u00e7amento, entre outros. \u2013Wikip\u00e9dia<\/span> <\/p><\/blockquote><div class=\"wp-block-image\"><figure class=\"aligncenter\"><img decoding=\"async\" title=\"gr\u00e1ficos avan\u00e7ados do Excel-marco-min\" src=\"https:\/\/exceladvisor.org\/wp-content\/uploads\/2023\/08\/graphiques-excel-avances-etape-min-3.png\" sizes=\"\" srcset=\"\" alt=\"advanced-excel-charts-milestone\"><\/figure><\/div><h4 id=\"tab-con-2\" class=\"wp-block-heading\"> <span style=\"font-weight: normal;\">Benef\u00edcios do gr\u00e1fico de etapas<\/span><\/h4><ol><li> \u00c9 simples de criar e facilmente compreens\u00edvel.<\/li><li> Voc\u00ea tem todas as informa\u00e7\u00f5es importantes em um gr\u00e1fico.<\/li><\/ol><h3 class=\"wp-block-heading\"> 3. <a href=\"https:\/\/exceladvisor.org\/pt\/grafico-de-waffle\/\" data-wpel-link=\"internal\">Gr\u00e1fico de waffle<\/a><\/h3><p> Um gr\u00e1fico waffle \u00e9 mais provavelmente um gr\u00e1fico de pizza quadrado. \u00c9 uma pilha de 100 pequenos quadrados onde um quadrado representa 1% do valor total. Tenho certeza de que voc\u00ea j\u00e1 viu isso em pain\u00e9is e gr\u00e1ficos de artigos de not\u00edcias. E, para cri\u00e1-lo, precisamos usar a formata\u00e7\u00e3o condicional. <\/p><div class=\"wp-block-image\"><figure class=\"aligncenter\"><img decoding=\"async\" src=\"https:\/\/exceladvisor.org\/wp-content\/uploads\/2023\/08\/gaufre-de-graphiques-excel-avances-1.gif\" sizes=\"\" srcset=\"\" alt=\"\"><\/figure><\/div><h4 id=\"tab-con-3\" class=\"wp-block-heading\"> <span style=\"font-weight: normal;\">Vantagens dos gr\u00e1ficos em relevo<\/span><\/h4><ol><li> Ideal para meta de ponto \u00fanico versus conquista.<\/li><li> F\u00e1cil de criar e simples de entender pelo usu\u00e1rio.<\/li><\/ol><h3 class=\"wp-block-heading\"> 4. <a style=\"outline: none;\" href=\"https:\/\/exceladvisor.org\/pt\/grafico-de-tornado\/\" data-wpel-link=\"internal\">Gr\u00e1fico de Tornados<\/a><\/h3><p> Quando se trata de mostrar como as coisas se comparam entre si, o gr\u00e1fico de tornado pode ser \u00fatil para voc\u00ea. Parece um verdadeiro tornado onde os objetos maiores ficam em cima e os menores em baixo. E cada elemento possui um elemento oposto para compara\u00e7\u00e3o. <\/p><div class=\"wp-block-image\"><figure class=\"aligncenter\"><img decoding=\"async\" src=\"https:\/\/exceladvisor.org\/wp-content\/uploads\/2023\/08\/graphiques-excel-avances-tornade-min-1.png\" sizes=\"\" srcset=\"\" alt=\"\"><\/figure><\/div><h4 id=\"tab-con-4\" class=\"wp-block-heading\"> <span style=\"font-weight: normal;\">Vantagens do Gr\u00e1fico Tornado<\/span><\/h4><ol><li> Ele pode comparar facilmente itens de dois per\u00edodos de tempo diferentes.<\/li><li> Determine tamb\u00e9m os elementos superior e inferior.<\/li><\/ol><h3 class=\"wp-block-heading\"> 5. <a style=\"outline: none;\" href=\"https:\/\/exceladvisor.org\/pt\/grafico-de-gantt\/\" data-wpel-link=\"internal\">Gr\u00e1fico de Gantt<\/a><\/h3><p> O gr\u00e1fico de Gantt \u00e9 um dos gr\u00e1ficos mais \u00fateis para gerentes de projeto. Isso pode nos ajudar a acompanhar o andamento do projeto. Ao contr\u00e1rio de um gr\u00e1fico de marcos, um gr\u00e1fico de Gantt pode rastrear dias conclu\u00eddos, dias vencidos, dias pendentes, total de dias, etc. Resumindo, \u00e9 um quadro completo para acompanhar seus projetos com todos os detalhes importantes que todos precisam. <\/p><div class=\"wp-block-image\"><figure class=\"aligncenter\"><img decoding=\"async\" src=\"https:\/\/exceladvisor.org\/wp-content\/uploads\/2023\/08\/graphiques-excel-avances-gantt-min-1.png\" sizes=\"\" srcset=\"\" alt=\"\"><\/figure><\/div><h4 id=\"tab-con-5\" class=\"wp-block-heading\"> <span style=\"font-weight: normal;\">Benef\u00edcios do gr\u00e1fico de Gantt<\/span><\/h4><ol><li> \u00c9 uma tabela completa com todos os detalhes para acompanhar um projeto.<\/li><li> Isto facilita a tomada de decis\u00f5es e permite-nos rever regularmente o nosso plano de projeto para localizar conflitos ou outros problemas.<\/li><\/ol><h3 class=\"wp-block-heading\"> 6. <a style=\"outline: none;\" href=\"https:\/\/exceladvisor.org\/pt\/quadro-de-marcadores\/\" data-wpel-link=\"internal\">Quadro de marcadores<\/a><\/h3><p> Um gr\u00e1fico com marcadores \u00e9 como um gr\u00e1fico de colunas, mas em vez de v\u00e1rias colunas, temos apenas uma. Isso pode nos ajudar a acompanhar uma meta de ponto \u00fanico versus conquista. Um gr\u00e1fico com marcadores tem tr\u00eas componentes principais:<\/p><ol><li> Um marcador de alvo para representar o alvo.<\/li><li> Uma barra de conquistas para representar o valor real.<\/li><li> Um intervalo de compara\u00e7\u00e3o para o tema de cores. <\/li><\/ol><div class=\"wp-block-image\"><figure class=\"aligncenter\"><img decoding=\"async\" src=\"https:\/\/exceladvisor.org\/wp-content\/uploads\/2023\/08\/graphiques-excel-avances-puce-1.png\" sizes=\"\" srcset=\"\" alt=\"chips gr\u00e1ficos avan\u00e7ados do Excel\"><\/figure><\/div><h4 id=\"tab-con-6\" class=\"wp-block-heading\"> <span style=\"font-weight: normal;\">Benef\u00edcios do gr\u00e1fico com marcadores<\/span><\/h4><ol><li> Melhor gr\u00e1fico para monitorar uma meta de ponto \u00fanico versus conquista.<\/li><li> \u00c9 usado para substituir medidores e medidores do painel.<\/li><\/ol><h3 class=\"wp-block-heading\"> 7. <a style=\"outline: none;\" href=\"https:\/\/exceladvisor.org\/pt\/mesa-de-termometro\/\" data-wpel-link=\"internal\">Gr\u00e1fico do term\u00f4metro<\/a><\/h3><p> Um gr\u00e1fico de term\u00f4metro \u00e9 outro gr\u00e1fico \u00fatil para rastrear uma meta de ponto \u00fanico versus conquista e pode nos ajudar a apresentar nossos dados de uma forma compreens\u00edvel. Parece um term\u00f4metro onde todo o tabuleiro apresenta a meta e a parte preenchida \u00e9 a conquista. A parte conclu\u00edda aumenta \u00e0 medida que o sucesso aumenta. <\/p><div class=\"wp-block-image\"><figure class=\"aligncenter\"><img decoding=\"async\" src=\"https:\/\/exceladvisor.org\/wp-content\/uploads\/2023\/08\/thermometre-graphique-excel-avance-1.gif\" sizes=\"\" srcset=\"\" alt=\"\"><\/figure><\/div><h4 id=\"tab-con-7\" class=\"wp-block-heading\"> <span style=\"font-weight: normal;\">Benef\u00edcios do gr\u00e1fico do term\u00f4metro<\/span><\/h4><ol><li> \u00c9 simples de entender e f\u00e1cil de criar.<\/li><li> Este \u00e9 um gr\u00e1fico perfeito para usar em pain\u00e9is.<\/li><\/ol><h3 class=\"wp-block-heading\"> 8. <a style=\"outline: none;\" href=\"https:\/\/exceladvisor.org\/pt\/velocimetro\/\" data-wpil=\"url\" data-wpel-link=\"internal\">Veloc\u00edmetro<\/a><\/h3><p> Esse \u00e9 o tipo de coisa que voc\u00ea encontra no seu dia a dia [basta olhar o VELOC\u00cdMETRO do seu carro]. Tamb\u00e9m \u00e9 conhecido como gr\u00e1fico de medidor. <\/p><div class=\"wp-block-image\"><figure class=\"aligncenter\"><img decoding=\"async\" src=\"https:\/\/exceladvisor.org\/wp-content\/uploads\/2023\/08\/etapes-simples-pour-creer-un-indicateur-de-vitesse-dans-excel.png\" sizes=\"\" srcset=\"\" alt=\"\"><\/figure><\/div><h4 id=\"tab-con-8\" class=\"wp-block-heading\"> <span style=\"font-weight: normal;\">Benef\u00edcios do Speed-o-Meter<\/span><\/h4><ol><li> Ele pode ajud\u00e1-lo a apresentar dados oportunos em seu painel e KPIs.<\/li><li> \u00c9 f\u00e1cil de criar e simples de entender pelos usu\u00e1rios.<\/li><\/ol><h3 class=\"wp-block-heading\"> 9. <a style=\"outline: none;\" href=\"https:\/\/exceladvisor.org\/pt\/diagrama-de-piramide\/\" data-wpel-link=\"internal\">Pir\u00e2mide et\u00e1ria<\/a><\/h3><p> Um gr\u00e1fico demogr\u00e1fico \u00e9 um gr\u00e1fico de barras frente e verso que nos ajuda a comparar a popula\u00e7\u00e3o de diferentes faixas et\u00e1rias e sexos. <\/p><div class=\"wp-block-image\"><figure class=\"aligncenter\"><img decoding=\"async\" src=\"https:\/\/exceladvisor.org\/wp-content\/uploads\/2023\/08\/graphiques-excel-avances-pyramide-des-ages-1.gif\" sizes=\"\" srcset=\"\" alt=\"\"><\/figure><\/div><h4 id=\"tab-con-9\" class=\"wp-block-heading\"> <span style=\"font-weight: normal;\">Vantagens da pir\u00e2mide et\u00e1ria<\/span><\/h4><ol><li> Ao comparar dois itens, voc\u00ea pode entender facilmente qual grupo est\u00e1 crescendo.<\/li><li> Tamb\u00e9m podemos us\u00e1-lo para comparar itens de dois per\u00edodos de tempo diferentes.<\/li><\/ol><h3 class=\"wp-block-heading\"> 10. <a style=\"outline: none;\" href=\"https:\/\/exceladvisor.org\/pt\/pictograma\/\" data-wpel-link=\"internal\">Pictograma<\/a><\/h3><p> Um pictograma n\u00e3o \u00e9 um tipo separado de gr\u00e1fico. Ao criar um pictograma, podemos utilizar uma imagem em um gr\u00e1fico para torn\u00e1-lo mais apresent\u00e1vel. Assim como utilizamos um \u00edcone da tabela abaixo para apresentar o n\u00famero de funcion\u00e1rios de uma empresa nas diferentes faixas et\u00e1rias. <\/p><div class=\"wp-block-image\"><figure class=\"aligncenter\"><img decoding=\"async\" src=\"https:\/\/exceladvisor.org\/wp-content\/uploads\/2023\/08\/pictogramme-de-graphiques-excel-avance.gif\" sizes=\"\" srcset=\"\" alt=\"pictograma de gr\u00e1ficos avan\u00e7ados do Excel\"><\/figure><\/div><h4 class=\"wp-block-heading\"> <span style=\"font-weight: normal;\">Vantagens do pictograma<\/span><\/h4><ol><li> Usar uma imagem em um gr\u00e1fico torna-o mais significativo.<\/li><li> Isso nos ajuda a levar nossas habilidades de mapeamento a um n\u00edvel totalmente novo.<\/li><\/ol><h2 class=\"wp-block-heading\"> Conclus\u00e3o<\/h2><p> T\u00e9cnicas avan\u00e7adas de gr\u00e1ficos s\u00e3o uma daquelas coisas que separam os especialistas dos usu\u00e1rios novatos do Excel.<\/p><p> Como eu disse, usar gr\u00e1ficos avan\u00e7ados do Excel torna seus dados mais focados e facilmente compreens\u00edveis. Voc\u00ea tamb\u00e9m pode us\u00e1-los em seus pain\u00e9is e modelos para torn\u00e1-los mais eficazes.<\/p><p> Espero que a lista de gr\u00e1ficos que compartilhei com voc\u00ea o ajude a melhorar seus gr\u00e1ficos, mas agora voc\u00ea precisa me dizer uma coisa.<\/p><p style=\"font-size: 26px;\"> <em>Voc\u00ea tem outro gr\u00e1fico que usa com frequ\u00eancia em seu trabalho?<\/em><\/p><p> Compartilhe comigo na se\u00e7\u00e3o de coment\u00e1rios, adoraria ouvir de voc\u00ea e n\u00e3o se esque\u00e7a de compartilhar essa lista com seus amigos. Tenho certeza que eles v\u00e3o gostar.<\/p>","protected":false},"excerpt":{"rendered":"","protected":false},"author":1,"featured_media":0,"parent":0,"menu_order":0,"comment_status":"open","ping_status":"closed","template":"","meta":{"ub_ctt_via":"","footnotes":""},"class_list":["post-457","page","type-page","status-publish","hentry"],"featured_image_src":null,"yoast_head":"<!-- This site is optimized with the Yoast SEO plugin v25.4 - https:\/\/yoast.com\/wordpress\/plugins\/seo\/ -->\n<title>As 10 principais tabelas e gr\u00e1ficos avan\u00e7ados do Excel (gratuito em 2023)<\/title>\n<meta name=\"description\" content=\"Esses gr\u00e1ficos avan\u00e7ados do Excel ajudar\u00e3o voc\u00ea a se tornar uma sensa\u00e7\u00e3o em gr\u00e1ficos em seu escrit\u00f3rio.\" \/>\n<meta name=\"robots\" content=\"index, follow, max-snippet:-1, max-image-preview:large, max-video-preview:-1\" \/>\n<link rel=\"canonical\" href=\"https:\/\/exceladvisor.org\/pt\/graficos-avancados\/\" \/>\n<meta property=\"og:locale\" content=\"pt_PT\" \/>\n<meta property=\"og:type\" content=\"article\" \/>\n<meta property=\"og:title\" content=\"As 10 principais tabelas e gr\u00e1ficos avan\u00e7ados do Excel (gratuito em 2023)\" \/>\n<meta property=\"og:description\" content=\"Esses gr\u00e1ficos avan\u00e7ados do Excel ajudar\u00e3o voc\u00ea a se tornar uma sensa\u00e7\u00e3o em gr\u00e1ficos em seu escrit\u00f3rio.\" \/>\n<meta property=\"og:url\" content=\"https:\/\/exceladvisor.org\/pt\/graficos-avancados\/\" \/>\n<meta property=\"og:site_name\" content=\"Excel Advisor\" \/>\n<meta property=\"article:modified_time\" content=\"2023-12-06T11:33:35+00:00\" \/>\n<meta property=\"og:image\" content=\"https:\/\/exceladvisor.org\/wp-content\/uploads\/2023\/08\/graphiques-excel-avances-etape-min-2.png\" \/>\n<meta name=\"twitter:card\" content=\"summary_large_image\" \/>\n<meta name=\"twitter:label1\" content=\"Tempo estimado de leitura\" \/>\n\t<meta name=\"twitter:data1\" content=\"7 minutos\" \/>\n<script type=\"application\/ld+json\" class=\"yoast-schema-graph\">{\"@context\":\"https:\/\/schema.org\",\"@graph\":[{\"@type\":\"WebPage\",\"@id\":\"https:\/\/exceladvisor.org\/pt\/graficos-avancados\/\",\"url\":\"https:\/\/exceladvisor.org\/pt\/graficos-avancados\/\",\"name\":\"As 10 principais tabelas e gr\u00e1ficos avan\u00e7ados do Excel (gratuito em 2023)\",\"isPartOf\":{\"@id\":\"https:\/\/exceladvisor.org\/pt\/#website\"},\"primaryImageOfPage\":{\"@id\":\"https:\/\/exceladvisor.org\/pt\/graficos-avancados\/#primaryimage\"},\"image\":{\"@id\":\"https:\/\/exceladvisor.org\/pt\/graficos-avancados\/#primaryimage\"},\"thumbnailUrl\":\"https:\/\/exceladvisor.org\/wp-content\/uploads\/2023\/08\/graphiques-excel-avances-etape-min-2.png\",\"datePublished\":\"2023-10-27T17:17:39+00:00\",\"dateModified\":\"2023-12-06T11:33:35+00:00\",\"description\":\"Esses gr\u00e1ficos avan\u00e7ados do Excel ajudar\u00e3o voc\u00ea a se tornar uma sensa\u00e7\u00e3o em gr\u00e1ficos em seu escrit\u00f3rio.\",\"breadcrumb\":{\"@id\":\"https:\/\/exceladvisor.org\/pt\/graficos-avancados\/#breadcrumb\"},\"inLanguage\":\"pt-PT\",\"potentialAction\":[{\"@type\":\"ReadAction\",\"target\":[\"https:\/\/exceladvisor.org\/pt\/graficos-avancados\/\"]}]},{\"@type\":\"ImageObject\",\"inLanguage\":\"pt-PT\",\"@id\":\"https:\/\/exceladvisor.org\/pt\/graficos-avancados\/#primaryimage\",\"url\":\"https:\/\/exceladvisor.org\/wp-content\/uploads\/2023\/08\/graphiques-excel-avances-etape-min-2.png\",\"contentUrl\":\"https:\/\/exceladvisor.org\/wp-content\/uploads\/2023\/08\/graphiques-excel-avances-etape-min-2.png\"},{\"@type\":\"BreadcrumbList\",\"@id\":\"https:\/\/exceladvisor.org\/pt\/graficos-avancados\/#breadcrumb\",\"itemListElement\":[{\"@type\":\"ListItem\",\"position\":1,\"name\":\"Lar\",\"item\":\"https:\/\/exceladvisor.org\/pt\/\"},{\"@type\":\"ListItem\",\"position\":2,\"name\":\"As 10 principais tabelas e gr\u00e1ficos avan\u00e7ados do excel\"}]},{\"@type\":\"WebSite\",\"@id\":\"https:\/\/exceladvisor.org\/pt\/#website\",\"url\":\"https:\/\/exceladvisor.org\/pt\/\",\"name\":\"Excel Advisor\",\"description\":\"O seu guia definitivo para dominar os dados!\",\"publisher\":{\"@id\":\"https:\/\/exceladvisor.org\/pt\/#organization\"},\"potentialAction\":[{\"@type\":\"SearchAction\",\"target\":{\"@type\":\"EntryPoint\",\"urlTemplate\":\"https:\/\/exceladvisor.org\/pt\/?s={search_term_string}\"},\"query-input\":{\"@type\":\"PropertyValueSpecification\",\"valueRequired\":true,\"valueName\":\"search_term_string\"}}],\"inLanguage\":\"pt-PT\"},{\"@type\":\"Organization\",\"@id\":\"https:\/\/exceladvisor.org\/pt\/#organization\",\"name\":\"Excel Advisor\",\"url\":\"https:\/\/exceladvisor.org\/pt\/\",\"logo\":{\"@type\":\"ImageObject\",\"inLanguage\":\"pt-PT\",\"@id\":\"https:\/\/exceladvisor.org\/pt\/#\/schema\/logo\/image\/\",\"url\":\"https:\/\/exceladvisor.org\/pt\/wp-content\/uploads\/2023\/12\/exceladvisor.org_.png\",\"contentUrl\":\"https:\/\/exceladvisor.org\/pt\/wp-content\/uploads\/2023\/12\/exceladvisor.org_.png\",\"width\":105,\"height\":36,\"caption\":\"Excel Advisor\"},\"image\":{\"@id\":\"https:\/\/exceladvisor.org\/pt\/#\/schema\/logo\/image\/\"}}]}<\/script>\n<!-- \/ Yoast SEO plugin. -->","yoast_head_json":{"title":"As 10 principais tabelas e gr\u00e1ficos avan\u00e7ados do Excel (gratuito em 2023)","description":"Esses gr\u00e1ficos avan\u00e7ados do Excel ajudar\u00e3o voc\u00ea a se tornar uma sensa\u00e7\u00e3o em gr\u00e1ficos em seu escrit\u00f3rio.","robots":{"index":"index","follow":"follow","max-snippet":"max-snippet:-1","max-image-preview":"max-image-preview:large","max-video-preview":"max-video-preview:-1"},"canonical":"https:\/\/exceladvisor.org\/pt\/graficos-avancados\/","og_locale":"pt_PT","og_type":"article","og_title":"As 10 principais tabelas e gr\u00e1ficos avan\u00e7ados do Excel (gratuito em 2023)","og_description":"Esses gr\u00e1ficos avan\u00e7ados do Excel ajudar\u00e3o voc\u00ea a se tornar uma sensa\u00e7\u00e3o em gr\u00e1ficos em seu escrit\u00f3rio.","og_url":"https:\/\/exceladvisor.org\/pt\/graficos-avancados\/","og_site_name":"Excel Advisor","article_modified_time":"2023-12-06T11:33:35+00:00","og_image":[{"url":"https:\/\/exceladvisor.org\/wp-content\/uploads\/2023\/08\/graphiques-excel-avances-etape-min-2.png","type":"","width":"","height":""}],"twitter_card":"summary_large_image","twitter_misc":{"Tempo estimado de leitura":"7 minutos"},"schema":{"@context":"https:\/\/schema.org","@graph":[{"@type":"WebPage","@id":"https:\/\/exceladvisor.org\/pt\/graficos-avancados\/","url":"https:\/\/exceladvisor.org\/pt\/graficos-avancados\/","name":"As 10 principais tabelas e gr\u00e1ficos avan\u00e7ados do Excel (gratuito em 2023)","isPartOf":{"@id":"https:\/\/exceladvisor.org\/pt\/#website"},"primaryImageOfPage":{"@id":"https:\/\/exceladvisor.org\/pt\/graficos-avancados\/#primaryimage"},"image":{"@id":"https:\/\/exceladvisor.org\/pt\/graficos-avancados\/#primaryimage"},"thumbnailUrl":"https:\/\/exceladvisor.org\/wp-content\/uploads\/2023\/08\/graphiques-excel-avances-etape-min-2.png","datePublished":"2023-10-27T17:17:39+00:00","dateModified":"2023-12-06T11:33:35+00:00","description":"Esses gr\u00e1ficos avan\u00e7ados do Excel ajudar\u00e3o voc\u00ea a se tornar uma sensa\u00e7\u00e3o em gr\u00e1ficos em seu escrit\u00f3rio.","breadcrumb":{"@id":"https:\/\/exceladvisor.org\/pt\/graficos-avancados\/#breadcrumb"},"inLanguage":"pt-PT","potentialAction":[{"@type":"ReadAction","target":["https:\/\/exceladvisor.org\/pt\/graficos-avancados\/"]}]},{"@type":"ImageObject","inLanguage":"pt-PT","@id":"https:\/\/exceladvisor.org\/pt\/graficos-avancados\/#primaryimage","url":"https:\/\/exceladvisor.org\/wp-content\/uploads\/2023\/08\/graphiques-excel-avances-etape-min-2.png","contentUrl":"https:\/\/exceladvisor.org\/wp-content\/uploads\/2023\/08\/graphiques-excel-avances-etape-min-2.png"},{"@type":"BreadcrumbList","@id":"https:\/\/exceladvisor.org\/pt\/graficos-avancados\/#breadcrumb","itemListElement":[{"@type":"ListItem","position":1,"name":"Lar","item":"https:\/\/exceladvisor.org\/pt\/"},{"@type":"ListItem","position":2,"name":"As 10 principais tabelas e gr\u00e1ficos avan\u00e7ados do excel"}]},{"@type":"WebSite","@id":"https:\/\/exceladvisor.org\/pt\/#website","url":"https:\/\/exceladvisor.org\/pt\/","name":"Excel Advisor","description":"O seu guia definitivo para dominar os dados!","publisher":{"@id":"https:\/\/exceladvisor.org\/pt\/#organization"},"potentialAction":[{"@type":"SearchAction","target":{"@type":"EntryPoint","urlTemplate":"https:\/\/exceladvisor.org\/pt\/?s={search_term_string}"},"query-input":{"@type":"PropertyValueSpecification","valueRequired":true,"valueName":"search_term_string"}}],"inLanguage":"pt-PT"},{"@type":"Organization","@id":"https:\/\/exceladvisor.org\/pt\/#organization","name":"Excel Advisor","url":"https:\/\/exceladvisor.org\/pt\/","logo":{"@type":"ImageObject","inLanguage":"pt-PT","@id":"https:\/\/exceladvisor.org\/pt\/#\/schema\/logo\/image\/","url":"https:\/\/exceladvisor.org\/pt\/wp-content\/uploads\/2023\/12\/exceladvisor.org_.png","contentUrl":"https:\/\/exceladvisor.org\/pt\/wp-content\/uploads\/2023\/12\/exceladvisor.org_.png","width":105,"height":36,"caption":"Excel Advisor"},"image":{"@id":"https:\/\/exceladvisor.org\/pt\/#\/schema\/logo\/image\/"}}]}},"yoast_meta":{"yoast_wpseo_title":"","yoast_wpseo_metadesc":"","yoast_wpseo_canonical":""},"_links":{"self":[{"href":"https:\/\/exceladvisor.org\/pt\/wp-json\/wp\/v2\/pages\/457","targetHints":{"allow":["GET"]}}],"collection":[{"href":"https:\/\/exceladvisor.org\/pt\/wp-json\/wp\/v2\/pages"}],"about":[{"href":"https:\/\/exceladvisor.org\/pt\/wp-json\/wp\/v2\/types\/page"}],"author":[{"embeddable":true,"href":"https:\/\/exceladvisor.org\/pt\/wp-json\/wp\/v2\/users\/1"}],"replies":[{"embeddable":true,"href":"https:\/\/exceladvisor.org\/pt\/wp-json\/wp\/v2\/comments?post=457"}],"version-history":[{"count":1,"href":"https:\/\/exceladvisor.org\/pt\/wp-json\/wp\/v2\/pages\/457\/revisions"}],"predecessor-version":[{"id":756,"href":"https:\/\/exceladvisor.org\/pt\/wp-json\/wp\/v2\/pages\/457\/revisions\/756"}],"wp:attachment":[{"href":"https:\/\/exceladvisor.org\/pt\/wp-json\/wp\/v2\/media?parent=457"}],"curies":[{"name":"wp","href":"https:\/\/api.w.org\/{rel}","templated":true}]}}