{"id":458,"date":"2023-10-27T16:38:30","date_gmt":"2023-10-27T16:38:30","guid":{"rendered":"https:\/\/exceladvisor.org\/pt\/pictograma\/"},"modified":"2023-12-06T11:36:57","modified_gmt":"2023-12-06T11:36:57","slug":"pictograma","status":"publish","type":"page","link":"https:\/\/exceladvisor.org\/pt\/pictograma\/","title":{"rendered":"Como criar um pictograma no excel?"},"content":{"rendered":"<div class=\"excel-before-content-2\" id=\"excel-2303789061\"><script type=\"text\/javascript\">\r\n\tatOptions = {\r\n\t\t'key' : 'c1158f160081d6540a8409e6925dab94',\r\n\t\t'format' : 'iframe',\r\n\t\t'height' : 250,\r\n\t\t'width' : 300,\r\n\t\t'params' : {}\r\n\t};\r\n<\/script>\r\n<script type=\"text\/javascript\" src=\"\/\/www.highperformanceformat.com\/c1158f160081d6540a8409e6925dab94\/invoke.js\"><\/script><\/div><div class=\"excel-before-content\" id=\"excel-1926758863\"><script type=\"text\/javascript\">\r\n\tatOptions = {\r\n\t\t'key' : 'c1158f160081d6540a8409e6925dab94',\r\n\t\t'format' : 'iframe',\r\n\t\t'height' : 250,\r\n\t\t'width' : 300,\r\n\t\t'params' : {}\r\n\t};\r\n<\/script>\r\n<script type=\"text\/javascript\" src=\"\/\/www.highperformanceformat.com\/c1158f160081d6540a8409e6925dab94\/invoke.js\"><\/script><\/div> <p>Se voc\u00ea souber como apresentar dados de maneira compreens\u00edvel e eficaz, poder\u00e1 transmitir sua mensagem de maneira poderosa. Para isso, uma das minhas coisas favoritas \u00e9 um PICTOGRAFO. E no Excel criar um pictograma \u00e9 bastante simples e f\u00e1cil. <\/p><div class=\"wp-block-image\"><figure class=\"aligncenter\"><img decoding=\"async\" src=\"https:\/\/exceladvisor.org\/wp-content\/uploads\/2023\/08\/comment-faire-un-pictogramme-dans-excel-en-utilisant-un-graphique-a-barres-1.png\" sizes=\"\" srcset=\"\" alt=\"como fazer um pictograma no Excel usando um gr\u00e1fico de barras\"><\/figure><\/div><p> Hoje neste artigo gostaria de compartilhar com voc\u00eas um processo passo a passo simples para criar um pictograma no Excel. Aqui minha ideia \u00e9 apresentar a quantidade de funcion\u00e1rios de diferentes faixas et\u00e1rias em uma empresa.<\/p><p> Agora, sem mais delongas, vamos come\u00e7ar.<\/p><h2 class=\"wp-block-heading\"> Etapas simples para criar um pictograma no Excel<\/h2><p> Precisamos usar os dados abaixo para este gr\u00e1fico, voc\u00ea pode <a style=\"outline: none;\" href=\"https:\/\/exceladvisor.org\/wp-content\/uploads\/2023\/08\/pictogramme-de-fichiers.zip\" rel=\"nofollow\"><span style=\"color: #0000ee;\">baix\u00e1-lo aqui<\/span><\/a> <span style=\"color: #0000ee;\">&nbsp;<\/span> continua. Como eu disse, esse \u00e9 o n\u00famero total de funcion\u00e1rios de uma empresa baseado na idade e n\u00e3o precisamos apresentar esses grupos nesta tabela. <\/p><div class=\"wp-block-image\"><figure class=\"aligncenter\"><img decoding=\"async\" src=\"https:\/\/exceladvisor.org\/wp-content\/uploads\/2023\/08\/donnees-pour-creer-un-pictogramme-simple-dans-excel.png\" sizes=\"\" srcset=\"\" alt=\"dados para criar um pictograma simples no Excel\"><\/figure><\/div><p> Mas antes de come\u00e7armos, precisamos de um \u00edcone para usar neste quadro e voc\u00ea pode <a href=\"https:\/\/www.iconfinder.com\/icons\/2530821\/business_man_employee_general_human_member_office_tie_icon#size=256\" target=\"_blank\" rel=\"noreferrer noopener nofollow\">baix\u00e1-lo em um site de \u00edcones gratuito<\/a> .<\/p><ul><li> Primeiro, basta selecionar seus dados para criar um gr\u00e1fico de barras. Para fazer isso, v\u00e1 para Inserir \u279c Gr\u00e1ficos \u279c Gr\u00e1fico de barras agrupadas 2-D. <br><img decoding=\"async\" title=\"insira um gr\u00e1fico de barras agrupadas para criar um pictograma no Excel\" src=\"https:\/\/exceladvisor.org\/wp-content\/uploads\/2023\/08\/inserer-un-graphique-a-barres-groupees-pour-creer-un-pictogramme-dans-Excel.png\" sizes=\"\" srcset=\"\" alt=\"insert a clustered bar chart to create a pictograph in excel\"><\/li><li> Depois disso, selecione as barras de dados no gr\u00e1fico e v\u00e1 para a op\u00e7\u00e3o Clique com o bot\u00e3o direito \u279c Formatar s\u00e9rie de dados. <br><img decoding=\"async\" title=\"v\u00e1 para a op\u00e7\u00e3o de s\u00e9rie de dados para criar um pictograma no Excel\" src=\"https:\/\/exceladvisor.org\/wp-content\/uploads\/2023\/08\/aller-a-loption-de-serie-de-donnees-pour-creer-un-pictogramme-dans-Excel.png\" sizes=\"\" srcset=\"\" alt=\"go to data series option to create a pictograph in excel\"><\/li><li> A partir da\u00ed, v\u00e1 at\u00e9 a se\u00e7\u00e3o \u201cPreenchimento\u201d e selecione a op\u00e7\u00e3o \u201cPreenchimento de imagem ou textura\u201d e depois de fazer isso, voc\u00ea ter\u00e1 a op\u00e7\u00e3o de inserir imagem. <br><img decoding=\"async\" title=\"v\u00e1-preencher-se\u00e7\u00e3o-para-adicionar-imagem-a-um-pictograma-no-excel\" src=\"https:\/\/exceladvisor.org\/wp-content\/uploads\/2023\/08\/aller-remplir-la-section-pour-ajouter-une-image-a-un-pictogramme-dans-Excel.png\" sizes=\"\" srcset=\"\" alt=\"go fill section to add picture to a pictograph in excel\"><\/li><li> Agora \u00e9 hora de inserir a imagem e temos tr\u00eas op\u00e7\u00f5es para isso. Clique na op\u00e7\u00e3o \u201cArquivo\u201d e carregue a <a href=\"https:\/\/www.iconfinder.com\/icons\/2530821\/business_man_employee_general_human_member_office_tie_icon#size=256\" target=\"_blank\" rel=\"noopener noreferrer\">imagem que voc\u00ea baixou<\/a> .<\/li><li> Depois de inserir a imagem, voc\u00ea ter\u00e1 tr\u00eas outras op\u00e7\u00f5es para exibi-la no gr\u00e1fico. [ <strong>Selecione a terceira op\u00e7\u00e3o<\/strong> ]<\/li><\/ul><ol><li> Stretch \u2013 Uma \u00fanica imagem ser\u00e1 esticada na barra de dados.<\/li><li> Pilha \u2013 Voc\u00ea obter\u00e1 imagens empilhadas na barra de dados.<\/li><li> Empilhar e dimensionar com \u2013 As imagens ser\u00e3o exibidas de acordo com os dados.<\/li><\/ol><p> <strong><span style=\"color: #000000; background-color: #ffff00;\">Estrondo!<\/span><\/strong> nossa mesa est\u00e1 pronta para arrasar. <\/p><div class=\"wp-block-image\"><figure class=\"aligncenter\"><img decoding=\"async\" src=\"https:\/\/exceladvisor.org\/wp-content\/uploads\/2023\/08\/pictogramme-simple-pret-a-lemploi-dans-excel.png\" sizes=\"\" srcset=\"\" alt=\"pictograma simples pronto para usar no Excel\"><\/figure><\/div><p class=\"qt-tip\"> <strong>Nota:<\/strong> Existe uma op\u00e7\u00e3o para especificar uma unidade\/quadro para o gr\u00e1fico. Voc\u00ea pode us\u00e1-lo se os valores por barra no seu gr\u00e1fico forem grandes (mais de 20). Acontece que os \u00edcones das imagens ficar\u00e3o menores com mais n\u00fameros e essa op\u00e7\u00e3o ajuda nesse caso. <\/p><div class=\"wp-block-image\"><figure class=\"aligncenter\"><img decoding=\"async\" src=\"https:\/\/exceladvisor.org\/wp-content\/uploads\/2023\/08\/utiliser-lunite-par-image-pour-diffuser-limage-de-la-ligne-dans-le-pictogramme-Excel-1.png\" sizes=\"\" srcset=\"\" alt=\"use unidade por imagem para espalhar a imagem da linha no pictograma do Excel\"><\/figure><\/div><p> Voc\u00ea tamb\u00e9m pode usar uma imagem diferente para barras diferentes, como usei na tabela abaixo. <\/p><div class=\"wp-block-image\"><figure class=\"aligncenter\"><img decoding=\"async\" src=\"https:\/\/exceladvisor.org\/wp-content\/uploads\/2023\/08\/utiliser-differentes-images-en-pictogramme-dans-excel-1.png\" sizes=\"\" srcset=\"\" alt=\"use imagens diferentes como pictogramas no Excel\"><\/figure><\/div><p> Selecione cada barra de dados separadamente e insira uma imagem uma por uma para todas as barras.<\/p><h2 id=\"tab-con-1\" class=\"wp-block-heading\"> Pictograma din\u00e2mico no Excel<\/h2><p> Sempre gosto <a href=\"https:\/\/exceladvisor.org\/pt\/graficos-interativos\/\">de criar gr\u00e1ficos interativos<\/a> e desta vez quero converter esse PICTOGRAPHER em um gr\u00e1fico no qual possamos utilizar os dados de forma din\u00e2mica. Assim como abaixo. <\/p><div class=\"wp-block-image\"><figure class=\"aligncenter\"><img decoding=\"async\" src=\"https:\/\/exceladvisor.org\/wp-content\/uploads\/2023\/08\/notre-pictogramme-dynamique-pret-a-lemploi-dans-excel-1.gif\" sizes=\"\" srcset=\"\" alt=\"nosso pictograma din\u00e2mico pronto para uso no Excel\"><\/figure><\/div><p> Veja os dados abaixo onde temos os dados dos funcion\u00e1rios de uma mesma empresa, mas por departamento e precisamos criar aqui um gr\u00e1fico din\u00e2mico que podemos usar com o bot\u00e3o de op\u00e7\u00e3o. <\/p><div class=\"wp-block-image\"><figure class=\"aligncenter\"><img decoding=\"async\" src=\"https:\/\/exceladvisor.org\/wp-content\/uploads\/2023\/08\/donnees-pour-creer-un-pictogramme-dynamique-dans-excel-1.png\" sizes=\"\" srcset=\"\" alt=\"dados para criar um pictograma din\u00e2mico no Excel\"><\/figure><\/div><p> Voc\u00ea pode <a href=\"https:\/\/exceladvisor.org\/wp-content\/uploads\/2023\/08\/pictogramme-de-fichiers.zip\" rel=\"nofollow\"><span style=\"color: #0000ee;\">baixar este arquivo aqui<\/span><\/a> <span style=\"color: #0000ee;\">&nbsp;<\/span> a seguir e agora use as etapas abaixo para criar um pictograma din\u00e2mico.<\/p><ul><li> <strong>Primeiro<\/strong> , crie uma tabela diferente com duas colunas, como fiz abaixo. <br><img decoding=\"async\" title=\"crie-uma-nova-tabela-pequena-para-criar-um-pictograma-din\u00e2mico-no-excel\" src=\"https:\/\/exceladvisor.org\/wp-content\/uploads\/2023\/08\/creer-un-nouveau-petit-tableau-pour-creer-un-pictogramme-dynamique-dans-excel-1.png\" sizes=\"\" srcset=\"\" alt=\"create a new small table to create a dynamic pictograph in excel\"><\/li><li> Agora, insira quatro bot\u00f5es de op\u00e7\u00e3o em sua planilha. Para fazer isso, v\u00e1 para <a href=\"https:\/\/exceladvisor.org\/pt\/adicione-uma-guia-de-desenvolvedor\/\">a guia Desenvolvedor<\/a> \u279c Controles \u279c Inserir \u279c Bot\u00e3o Op\u00e7\u00e3o.<\/li><li> Depois disso, conecte esses bot\u00f5es de op\u00e7\u00e3o a uma c\u00e9lula. No meu caso, eu os conecto com a c\u00e9lula A8. <br><img decoding=\"async\" title=\"conectar bot\u00f5es de op\u00e7\u00e3o com uma c\u00e9lula para controlar o pictograma din\u00e2mico\" src=\"https:\/\/exceladvisor.org\/wp-content\/uploads\/2023\/08\/connectez-les-boutons-doption-avec-une-cellule-pour-controler-le-pictogramme-dynamique-1.png\" sizes=\"\" srcset=\"\" alt=\"connect option buttons with a cell to control dynamic pictograph\"><\/li><li> Como precisamos controlar os dados (por departamento) com bot\u00f5es de op\u00e7\u00e3o, certifique-se de nomear todos os bot\u00f5es de acordo com o nome do departamento.<\/li><li> A partir da\u00ed, insira a f\u00f3rmula abaixo na primeira c\u00e9lula (cabe\u00e7alho) at\u00e9 a \u00faltima c\u00e9lula da segunda coluna da nova tabela.<\/li><\/ul><p style=\"padding-left: 40px;\"> = <a href=\"https:\/\/exceladvisor.org\/pt\/funcoes-de-pesquisa-do-excel\/\" target=\"_blank\" rel=\"noopener noreferrer\">PROCV<\/a> (A9,A1:E6,$A$8+1,0) <\/p><p style=\"padding-left: 80px;\"><br><img decoding=\"async\" style=\"display: block; margin-left: auto; margin-right: auto;\" title=\"inserir f\u00f3rmula para criar uma tabela din\u00e2mica para pictograma\" src=\"https:\/\/exceladvisor.org\/wp-content\/uploads\/2023\/08\/inserer-une-formule-pour-creer-un-tableau-dynamique-pour-le-pictogramme-1.png\" sizes=\"\" srcset=\"\" alt=\"insert formula to create a dynamic table for pictograph\"><\/p><ul><li> Neste ponto temos uma tabela din\u00e2mica onde podemos obter dados usando bot\u00f5es de op\u00e7\u00e3o. <br><img decoding=\"async\" title=\"agora-tabela-din\u00e2mica-est\u00e1-pronta-para-criar-um-pictograma-no-excel.gif\" src=\"https:\/\/exceladvisor.org\/wp-content\/uploads\/2023\/08\/le-tableau-dynamique-est-maintenant-pret-a-creer-un-pictogramme-dans-Excel-1.gif\" sizes=\"\" srcset=\"\" alt=\"now dynamic table is ready to create a pictograph in excel\"><\/li><li> Ao final, selecione esta tabela e insira um gr\u00e1fico de barras e converta-o em pictograma seguindo os passos que voc\u00ea aprendeu.<\/li><\/ul><p> <span style=\"color: #000000; background-color: #ffff00;\"><strong>Pressa!<\/strong><\/span> nosso pictograma din\u00e2mico est\u00e1 aqui. <\/p><div class=\"wp-block-image\"><figure class=\"aligncenter\"><img decoding=\"async\" src=\"https:\/\/exceladvisor.org\/wp-content\/uploads\/2023\/08\/notre-pictogramme-dynamique-pret-a-lemploi-dans-excel-1.gif\" sizes=\"\" srcset=\"\" alt=\"nosso pictograma din\u00e2mico pronto para uso no Excel\"><\/figure><\/div><p> <a href=\"https:\/\/exceladvisor.org\/wp-content\/uploads\/2023\/08\/pictogramme-de-fichiers.zip\" rel=\"nofollow\"><span style=\"color: #0000ee;\"><strong>arquivo de amostra<\/strong><\/span><\/a><\/p><div class=\"gb-container gb-container-a61970aa gb-container-mt\"> <a class=\"gb-button gb-button-b4293c6c gb-button-text gb-button-mt-button\" href=\"https:\/\/exceladvisor.org\/pt\/graficos-do-excel\/\">Tipos de gr\u00e1ficos do Excel<\/a><h2 class=\"gb-headline gb-headline-5bf2e581 gb-headline-text gb-headline-mt-heading\"> Tutoriais relacionados <\/h2><div class=\"gb-grid-wrapper gb-grid-wrapper-9b70abf1 gb-grid-wrapper-mt-grid\"><div class=\"gb-grid-column gb-grid-column-97a95c29\"><div class=\"gb-container gb-container-97a95c29\"><ul><li> <a href=\"https:\/\/exceladvisor.org\/pt\/grafico-de-waffle\/\">PLACA GRAVADA<\/a><\/li><li> <a href=\"https:\/\/exceladvisor.org\/pt\/grafico-de-funil\/\">Gr\u00e1fico de funil<\/a><\/li><li> <a href=\"https:\/\/exceladvisor.org\/pt\/grafico-de-gantt\/\">gr\u00e1fico de Gantt<\/a><\/li><li> <a href=\"https:\/\/exceladvisor.org\/pt\/quadro-de-marcadores\/\">Gr\u00e1fico com marcadores<\/a><\/li><li> <a href=\"https:\/\/exceladvisor.org\/pt\/mapa-de-calor\/\">Mapa de calor<\/a><\/li><\/ul><\/div><\/div><\/div><\/div>","protected":false},"excerpt":{"rendered":"","protected":false},"author":1,"featured_media":0,"parent":0,"menu_order":0,"comment_status":"open","ping_status":"closed","template":"","meta":{"ub_ctt_via":"","footnotes":""},"class_list":["post-458","page","type-page","status-publish","hentry"],"featured_image_src":null,"yoast_head":"<!-- This site is optimized with the Yoast SEO plugin v25.4 - https:\/\/yoast.com\/wordpress\/plugins\/seo\/ -->\n<title>Como criar um pictograma no Excel? (5 passos simples)<\/title>\n<meta name=\"description\" content=\"Neste tutorial aprenderemos como criar um pictograma no Excel em 5 passos simples.\" \/>\n<meta name=\"robots\" content=\"index, follow, max-snippet:-1, max-image-preview:large, max-video-preview:-1\" \/>\n<link rel=\"canonical\" href=\"https:\/\/exceladvisor.org\/pt\/pictograma\/\" \/>\n<meta property=\"og:locale\" content=\"pt_PT\" \/>\n<meta property=\"og:type\" content=\"article\" \/>\n<meta property=\"og:title\" content=\"Como criar um pictograma no Excel? (5 passos simples)\" \/>\n<meta property=\"og:description\" content=\"Neste tutorial aprenderemos como criar um pictograma no Excel em 5 passos simples.\" \/>\n<meta property=\"og:url\" content=\"https:\/\/exceladvisor.org\/pt\/pictograma\/\" \/>\n<meta property=\"og:site_name\" content=\"Excel Advisor\" \/>\n<meta property=\"article:modified_time\" content=\"2023-12-06T11:36:57+00:00\" \/>\n<meta property=\"og:image\" content=\"https:\/\/exceladvisor.org\/wp-content\/uploads\/2023\/08\/comment-faire-un-pictogramme-dans-excel-en-utilisant-un-graphique-a-barres-1.png\" \/>\n<meta name=\"twitter:card\" content=\"summary_large_image\" \/>\n<meta name=\"twitter:label1\" content=\"Tempo estimado de leitura\" \/>\n\t<meta name=\"twitter:data1\" content=\"4 minutos\" \/>\n<script type=\"application\/ld+json\" class=\"yoast-schema-graph\">{\"@context\":\"https:\/\/schema.org\",\"@graph\":[{\"@type\":\"WebPage\",\"@id\":\"https:\/\/exceladvisor.org\/pt\/pictograma\/\",\"url\":\"https:\/\/exceladvisor.org\/pt\/pictograma\/\",\"name\":\"Como criar um pictograma no Excel? (5 passos simples)\",\"isPartOf\":{\"@id\":\"https:\/\/exceladvisor.org\/pt\/#website\"},\"primaryImageOfPage\":{\"@id\":\"https:\/\/exceladvisor.org\/pt\/pictograma\/#primaryimage\"},\"image\":{\"@id\":\"https:\/\/exceladvisor.org\/pt\/pictograma\/#primaryimage\"},\"thumbnailUrl\":\"https:\/\/exceladvisor.org\/wp-content\/uploads\/2023\/08\/comment-faire-un-pictogramme-dans-excel-en-utilisant-un-graphique-a-barres-1.png\",\"datePublished\":\"2023-10-27T16:38:30+00:00\",\"dateModified\":\"2023-12-06T11:36:57+00:00\",\"description\":\"Neste tutorial aprenderemos como criar um pictograma no Excel em 5 passos simples.\",\"breadcrumb\":{\"@id\":\"https:\/\/exceladvisor.org\/pt\/pictograma\/#breadcrumb\"},\"inLanguage\":\"pt-PT\",\"potentialAction\":[{\"@type\":\"ReadAction\",\"target\":[\"https:\/\/exceladvisor.org\/pt\/pictograma\/\"]}]},{\"@type\":\"ImageObject\",\"inLanguage\":\"pt-PT\",\"@id\":\"https:\/\/exceladvisor.org\/pt\/pictograma\/#primaryimage\",\"url\":\"https:\/\/exceladvisor.org\/wp-content\/uploads\/2023\/08\/comment-faire-un-pictogramme-dans-excel-en-utilisant-un-graphique-a-barres-1.png\",\"contentUrl\":\"https:\/\/exceladvisor.org\/wp-content\/uploads\/2023\/08\/comment-faire-un-pictogramme-dans-excel-en-utilisant-un-graphique-a-barres-1.png\"},{\"@type\":\"BreadcrumbList\",\"@id\":\"https:\/\/exceladvisor.org\/pt\/pictograma\/#breadcrumb\",\"itemListElement\":[{\"@type\":\"ListItem\",\"position\":1,\"name\":\"Lar\",\"item\":\"https:\/\/exceladvisor.org\/pt\/\"},{\"@type\":\"ListItem\",\"position\":2,\"name\":\"Como criar um pictograma no excel?\"}]},{\"@type\":\"WebSite\",\"@id\":\"https:\/\/exceladvisor.org\/pt\/#website\",\"url\":\"https:\/\/exceladvisor.org\/pt\/\",\"name\":\"Excel Advisor\",\"description\":\"O seu guia definitivo para dominar os dados!\",\"publisher\":{\"@id\":\"https:\/\/exceladvisor.org\/pt\/#organization\"},\"potentialAction\":[{\"@type\":\"SearchAction\",\"target\":{\"@type\":\"EntryPoint\",\"urlTemplate\":\"https:\/\/exceladvisor.org\/pt\/?s={search_term_string}\"},\"query-input\":{\"@type\":\"PropertyValueSpecification\",\"valueRequired\":true,\"valueName\":\"search_term_string\"}}],\"inLanguage\":\"pt-PT\"},{\"@type\":\"Organization\",\"@id\":\"https:\/\/exceladvisor.org\/pt\/#organization\",\"name\":\"Excel Advisor\",\"url\":\"https:\/\/exceladvisor.org\/pt\/\",\"logo\":{\"@type\":\"ImageObject\",\"inLanguage\":\"pt-PT\",\"@id\":\"https:\/\/exceladvisor.org\/pt\/#\/schema\/logo\/image\/\",\"url\":\"https:\/\/exceladvisor.org\/pt\/wp-content\/uploads\/2023\/12\/exceladvisor.org_.png\",\"contentUrl\":\"https:\/\/exceladvisor.org\/pt\/wp-content\/uploads\/2023\/12\/exceladvisor.org_.png\",\"width\":105,\"height\":36,\"caption\":\"Excel Advisor\"},\"image\":{\"@id\":\"https:\/\/exceladvisor.org\/pt\/#\/schema\/logo\/image\/\"}}]}<\/script>\n<!-- \/ Yoast SEO plugin. -->","yoast_head_json":{"title":"Como criar um pictograma no Excel? (5 passos simples)","description":"Neste tutorial aprenderemos como criar um pictograma no Excel em 5 passos simples.","robots":{"index":"index","follow":"follow","max-snippet":"max-snippet:-1","max-image-preview":"max-image-preview:large","max-video-preview":"max-video-preview:-1"},"canonical":"https:\/\/exceladvisor.org\/pt\/pictograma\/","og_locale":"pt_PT","og_type":"article","og_title":"Como criar um pictograma no Excel? (5 passos simples)","og_description":"Neste tutorial aprenderemos como criar um pictograma no Excel em 5 passos simples.","og_url":"https:\/\/exceladvisor.org\/pt\/pictograma\/","og_site_name":"Excel Advisor","article_modified_time":"2023-12-06T11:36:57+00:00","og_image":[{"url":"https:\/\/exceladvisor.org\/wp-content\/uploads\/2023\/08\/comment-faire-un-pictogramme-dans-excel-en-utilisant-un-graphique-a-barres-1.png","type":"","width":"","height":""}],"twitter_card":"summary_large_image","twitter_misc":{"Tempo estimado de leitura":"4 minutos"},"schema":{"@context":"https:\/\/schema.org","@graph":[{"@type":"WebPage","@id":"https:\/\/exceladvisor.org\/pt\/pictograma\/","url":"https:\/\/exceladvisor.org\/pt\/pictograma\/","name":"Como criar um pictograma no Excel? (5 passos simples)","isPartOf":{"@id":"https:\/\/exceladvisor.org\/pt\/#website"},"primaryImageOfPage":{"@id":"https:\/\/exceladvisor.org\/pt\/pictograma\/#primaryimage"},"image":{"@id":"https:\/\/exceladvisor.org\/pt\/pictograma\/#primaryimage"},"thumbnailUrl":"https:\/\/exceladvisor.org\/wp-content\/uploads\/2023\/08\/comment-faire-un-pictogramme-dans-excel-en-utilisant-un-graphique-a-barres-1.png","datePublished":"2023-10-27T16:38:30+00:00","dateModified":"2023-12-06T11:36:57+00:00","description":"Neste tutorial aprenderemos como criar um pictograma no Excel em 5 passos simples.","breadcrumb":{"@id":"https:\/\/exceladvisor.org\/pt\/pictograma\/#breadcrumb"},"inLanguage":"pt-PT","potentialAction":[{"@type":"ReadAction","target":["https:\/\/exceladvisor.org\/pt\/pictograma\/"]}]},{"@type":"ImageObject","inLanguage":"pt-PT","@id":"https:\/\/exceladvisor.org\/pt\/pictograma\/#primaryimage","url":"https:\/\/exceladvisor.org\/wp-content\/uploads\/2023\/08\/comment-faire-un-pictogramme-dans-excel-en-utilisant-un-graphique-a-barres-1.png","contentUrl":"https:\/\/exceladvisor.org\/wp-content\/uploads\/2023\/08\/comment-faire-un-pictogramme-dans-excel-en-utilisant-un-graphique-a-barres-1.png"},{"@type":"BreadcrumbList","@id":"https:\/\/exceladvisor.org\/pt\/pictograma\/#breadcrumb","itemListElement":[{"@type":"ListItem","position":1,"name":"Lar","item":"https:\/\/exceladvisor.org\/pt\/"},{"@type":"ListItem","position":2,"name":"Como criar um pictograma no excel?"}]},{"@type":"WebSite","@id":"https:\/\/exceladvisor.org\/pt\/#website","url":"https:\/\/exceladvisor.org\/pt\/","name":"Excel Advisor","description":"O seu guia definitivo para dominar os dados!","publisher":{"@id":"https:\/\/exceladvisor.org\/pt\/#organization"},"potentialAction":[{"@type":"SearchAction","target":{"@type":"EntryPoint","urlTemplate":"https:\/\/exceladvisor.org\/pt\/?s={search_term_string}"},"query-input":{"@type":"PropertyValueSpecification","valueRequired":true,"valueName":"search_term_string"}}],"inLanguage":"pt-PT"},{"@type":"Organization","@id":"https:\/\/exceladvisor.org\/pt\/#organization","name":"Excel Advisor","url":"https:\/\/exceladvisor.org\/pt\/","logo":{"@type":"ImageObject","inLanguage":"pt-PT","@id":"https:\/\/exceladvisor.org\/pt\/#\/schema\/logo\/image\/","url":"https:\/\/exceladvisor.org\/pt\/wp-content\/uploads\/2023\/12\/exceladvisor.org_.png","contentUrl":"https:\/\/exceladvisor.org\/pt\/wp-content\/uploads\/2023\/12\/exceladvisor.org_.png","width":105,"height":36,"caption":"Excel Advisor"},"image":{"@id":"https:\/\/exceladvisor.org\/pt\/#\/schema\/logo\/image\/"}}]}},"yoast_meta":{"yoast_wpseo_title":"","yoast_wpseo_metadesc":"","yoast_wpseo_canonical":""},"_links":{"self":[{"href":"https:\/\/exceladvisor.org\/pt\/wp-json\/wp\/v2\/pages\/458","targetHints":{"allow":["GET"]}}],"collection":[{"href":"https:\/\/exceladvisor.org\/pt\/wp-json\/wp\/v2\/pages"}],"about":[{"href":"https:\/\/exceladvisor.org\/pt\/wp-json\/wp\/v2\/types\/page"}],"author":[{"embeddable":true,"href":"https:\/\/exceladvisor.org\/pt\/wp-json\/wp\/v2\/users\/1"}],"replies":[{"embeddable":true,"href":"https:\/\/exceladvisor.org\/pt\/wp-json\/wp\/v2\/comments?post=458"}],"version-history":[{"count":1,"href":"https:\/\/exceladvisor.org\/pt\/wp-json\/wp\/v2\/pages\/458\/revisions"}],"predecessor-version":[{"id":999,"href":"https:\/\/exceladvisor.org\/pt\/wp-json\/wp\/v2\/pages\/458\/revisions\/999"}],"wp:attachment":[{"href":"https:\/\/exceladvisor.org\/pt\/wp-json\/wp\/v2\/media?parent=458"}],"curies":[{"name":"wp","href":"https:\/\/api.w.org\/{rel}","templated":true}]}}