{"id":459,"date":"2023-10-27T15:36:20","date_gmt":"2023-10-27T15:36:20","guid":{"rendered":"https:\/\/exceladvisor.org\/pt\/copiar-formato-de-grafico\/"},"modified":"2023-12-06T11:36:22","modified_gmt":"2023-12-06T11:36:22","slug":"copiar-formato-de-grafico","status":"publish","type":"page","link":"https:\/\/exceladvisor.org\/pt\/copiar-formato-de-grafico\/","title":{"rendered":"Como copiar e colar formatos de gr\u00e1fico?"},"content":{"rendered":"<div class=\"excel-before-content-2\" id=\"excel-290652218\"><script type=\"text\/javascript\">\r\n\tatOptions = {\r\n\t\t'key' : 'c1158f160081d6540a8409e6925dab94',\r\n\t\t'format' : 'iframe',\r\n\t\t'height' : 250,\r\n\t\t'width' : 300,\r\n\t\t'params' : {}\r\n\t};\r\n<\/script>\r\n<script type=\"text\/javascript\" src=\"\/\/www.highperformanceformat.com\/c1158f160081d6540a8409e6925dab94\/invoke.js\"><\/script><\/div><div class=\"excel-before-content\" id=\"excel-1989088092\"><script type=\"text\/javascript\">\r\n\tatOptions = {\r\n\t\t'key' : 'c1158f160081d6540a8409e6925dab94',\r\n\t\t'format' : 'iframe',\r\n\t\t'height' : 250,\r\n\t\t'width' : 300,\r\n\t\t'params' : {}\r\n\t};\r\n<\/script>\r\n<script type=\"text\/javascript\" src=\"\/\/www.highperformanceformat.com\/c1158f160081d6540a8409e6925dab94\/invoke.js\"><\/script><\/div> <p>Digamos que com seus esfor\u00e7os extremos voc\u00ea formatou um gr\u00e1fico e ent\u00e3o percebe que tem mais gr\u00e1ficos para formatar. Aplicar a mesma formata\u00e7\u00e3o a todos os gr\u00e1ficos \u00e9 uma tarefa tediosa, sempre \u00e9 a mesma coisa. \u00c9 uma dor.<\/p><p> A boa not\u00edcia \u00e9 que existe uma solu\u00e7\u00e3o super r\u00e1pida para sua dor. Tudo que voc\u00ea precisa \u00e9 de alguns cliques do mouse. Sim, \u00e9 verdade. Com a op\u00e7\u00e3o colar especial, voc\u00ea pode copiar a formata\u00e7\u00e3o de um gr\u00e1fico para outro, assim como faria com um simples copiar e colar. Vamos aprender esse truque e impressionar a todos.<\/p><h2 class=\"wp-block-heading\"> Etapas para copiar a formata\u00e7\u00e3o de um gr\u00e1fico para outro <\/h2><div class=\"wp-block-image\"><figure class=\"aligncenter\"><img decoding=\"async\" src=\"https:\/\/exceladvisor.org\/wp-content\/uploads\/2023\/08\/copier-la-mise-en-forme-du-graphique-dun-graphique-a-un-autre-en-utilisant-le-collage-special.gif\" sizes=\"\" srcset=\"\" alt=\"copie a formata\u00e7\u00e3o do gr\u00e1fico de um gr\u00e1fico para outro usando colar especial.\"><\/figure><\/div><ol><li> Primeiro, clique com o bot\u00e3o direito no gr\u00e1fico do qual deseja copiar a formata\u00e7\u00e3o do gr\u00e1fico.<\/li><li> E ent\u00e3o clique em copiar.<\/li><li> Depois disso, clique com o bot\u00e3o direito no outro gr\u00e1fico no qual deseja aplicar\/colar a formata\u00e7\u00e3o.<\/li><li> Agora v\u00e1 para a guia In\u00edcio -&gt; \u00c1rea de Transfer\u00eancia -&gt; Colar -&gt; Colar Especial.<\/li><li> Aqui voc\u00ea tem uma janela pop-up.<\/li><li> Selecione os formatos e clique em OK.<\/li><\/ol><h2 class=\"wp-block-heading\"> Atalho para copiar a formata\u00e7\u00e3o do gr\u00e1fico<\/h2><p> Sim, voc\u00ea pode usar uma tecla de atalho para fazer isso. Basta clicar no gr\u00e1fico que deseja copiar e usar Ctrl + C para copiar e selecionar o outro gr\u00e1fico. No final, use a tecla de atalho Alt + E + S para colar\/aplicar a formata\u00e7\u00e3o.<\/p><h2 class=\"wp-block-heading\"> Coisas para lembrar<\/h2><ol><li> Voc\u00ea n\u00e3o pode aplicar o tamanho de um gr\u00e1fico a outro gr\u00e1fico.<\/li><li><u><\/u> Voc\u00ea deve aplicar a formata\u00e7\u00e3o a cada gr\u00e1fico, um de cada vez; voc\u00ea n\u00e3o pode aplicar formata\u00e7\u00e3o a v\u00e1rios gr\u00e1ficos em conjunto.<\/li><li> Se voc\u00ea tentar aplicar a formata\u00e7\u00e3o de um gr\u00e1fico (por exemplo, um gr\u00e1fico de barras) a outro tipo de gr\u00e1fico (por exemplo, um gr\u00e1fico de linhas), isso tamb\u00e9m alterar\u00e1 o tipo de gr\u00e1fico de destino.<\/li><\/ol><p> Agora voc\u00ea n\u00e3o precisa se preocupar em formatar v\u00e1rios gr\u00e1ficos. Voc\u00ea tem uma maneira muito r\u00e1pida de copiar a formata\u00e7\u00e3o do gr\u00e1fico para outro gr\u00e1fico do Excel. Espero que voc\u00ea tenha achado esta dica \u00fatil. <strong>O que voc\u00ea acha?<\/strong> Por favor, compartilhe suas id\u00e9ias comigo na se\u00e7\u00e3o de coment\u00e1rios, eu adoraria ouvir de voc\u00ea.<\/p><p> <strong>Deve ler tutoriais gr\u00e1ficos<\/strong><\/p><ol><li> <a href=\"https:\/\/exceladvisor.org\/pt\/adicione-uma-linha-horizontal\/\">Como adicionar uma linha horizontal a um gr\u00e1fico<\/a><\/li><li> <a href=\"https:\/\/exceladvisor.org\/pt\/adicione-uma-linha-vertical\/\">Como adicionar uma linha vertical a um gr\u00e1fico<\/a><\/li><li> <a href=\"https:\/\/exceladvisor.org\/pt\/faixa-de-grafico-dinamico\/\">Como criar um intervalo de gr\u00e1fico din\u00e2mico no Excel<\/a><\/li><li> <a href=\"https:\/\/exceladvisor.org\/pt\/titulo-do-grafico-dinamico\/\">Como criar um t\u00edtulo de gr\u00e1fico din\u00e2mico no Excel<\/a><\/li><li> <a href=\"https:\/\/exceladvisor.org\/pt\/graficos-avancados\/\">Os 10 principais gr\u00e1ficos avan\u00e7ados do Excel que voc\u00ea deve aprender<\/a><\/li><\/ol>","protected":false},"excerpt":{"rendered":"","protected":false},"author":1,"featured_media":0,"parent":0,"menu_order":0,"comment_status":"open","ping_status":"closed","template":"","meta":{"ub_ctt_via":"","footnotes":""},"class_list":["post-459","page","type-page","status-publish","hentry"],"featured_image_src":null,"yoast_head":"<!-- This site is optimized with the Yoast SEO plugin v25.4 - https:\/\/yoast.com\/wordpress\/plugins\/seo\/ -->\n<title>Como copiar e colar formatos de gr\u00e1fico no Excel?<\/title>\n<meta name=\"description\" content=\"Voc\u00ea tem muitos gr\u00e1ficos para formatar? Dica de checkout para copiar a formata\u00e7\u00e3o do gr\u00e1fico para outro gr\u00e1fico do Excel.\" \/>\n<meta name=\"robots\" content=\"index, follow, max-snippet:-1, max-image-preview:large, max-video-preview:-1\" \/>\n<link rel=\"canonical\" href=\"https:\/\/exceladvisor.org\/pt\/copiar-formato-de-grafico\/\" \/>\n<meta property=\"og:locale\" content=\"pt_PT\" \/>\n<meta property=\"og:type\" content=\"article\" \/>\n<meta property=\"og:title\" content=\"Como copiar e colar formatos de gr\u00e1fico no Excel?\" \/>\n<meta property=\"og:description\" content=\"Voc\u00ea tem muitos gr\u00e1ficos para formatar? Dica de checkout para copiar a formata\u00e7\u00e3o do gr\u00e1fico para outro gr\u00e1fico do Excel.\" \/>\n<meta property=\"og:url\" content=\"https:\/\/exceladvisor.org\/pt\/copiar-formato-de-grafico\/\" \/>\n<meta property=\"og:site_name\" content=\"Excel Advisor\" \/>\n<meta property=\"article:modified_time\" content=\"2023-12-06T11:36:22+00:00\" \/>\n<meta property=\"og:image\" content=\"https:\/\/exceladvisor.org\/wp-content\/uploads\/2023\/08\/copier-la-mise-en-forme-du-graphique-dun-graphique-a-un-autre-en-utilisant-le-collage-special.gif\" \/>\n<meta name=\"twitter:card\" content=\"summary_large_image\" \/>\n<meta name=\"twitter:label1\" content=\"Tempo estimado de leitura\" \/>\n\t<meta name=\"twitter:data1\" content=\"2 minutos\" \/>\n<script type=\"application\/ld+json\" class=\"yoast-schema-graph\">{\"@context\":\"https:\/\/schema.org\",\"@graph\":[{\"@type\":\"WebPage\",\"@id\":\"https:\/\/exceladvisor.org\/pt\/copiar-formato-de-grafico\/\",\"url\":\"https:\/\/exceladvisor.org\/pt\/copiar-formato-de-grafico\/\",\"name\":\"Como copiar e colar formatos de gr\u00e1fico no Excel?\",\"isPartOf\":{\"@id\":\"https:\/\/exceladvisor.org\/pt\/#website\"},\"primaryImageOfPage\":{\"@id\":\"https:\/\/exceladvisor.org\/pt\/copiar-formato-de-grafico\/#primaryimage\"},\"image\":{\"@id\":\"https:\/\/exceladvisor.org\/pt\/copiar-formato-de-grafico\/#primaryimage\"},\"thumbnailUrl\":\"https:\/\/exceladvisor.org\/wp-content\/uploads\/2023\/08\/copier-la-mise-en-forme-du-graphique-dun-graphique-a-un-autre-en-utilisant-le-collage-special.gif\",\"datePublished\":\"2023-10-27T15:36:20+00:00\",\"dateModified\":\"2023-12-06T11:36:22+00:00\",\"description\":\"Voc\u00ea tem muitos gr\u00e1ficos para formatar? Dica de checkout para copiar a formata\u00e7\u00e3o do gr\u00e1fico para outro gr\u00e1fico do Excel.\",\"breadcrumb\":{\"@id\":\"https:\/\/exceladvisor.org\/pt\/copiar-formato-de-grafico\/#breadcrumb\"},\"inLanguage\":\"pt-PT\",\"potentialAction\":[{\"@type\":\"ReadAction\",\"target\":[\"https:\/\/exceladvisor.org\/pt\/copiar-formato-de-grafico\/\"]}]},{\"@type\":\"ImageObject\",\"inLanguage\":\"pt-PT\",\"@id\":\"https:\/\/exceladvisor.org\/pt\/copiar-formato-de-grafico\/#primaryimage\",\"url\":\"https:\/\/exceladvisor.org\/wp-content\/uploads\/2023\/08\/copier-la-mise-en-forme-du-graphique-dun-graphique-a-un-autre-en-utilisant-le-collage-special.gif\",\"contentUrl\":\"https:\/\/exceladvisor.org\/wp-content\/uploads\/2023\/08\/copier-la-mise-en-forme-du-graphique-dun-graphique-a-un-autre-en-utilisant-le-collage-special.gif\"},{\"@type\":\"BreadcrumbList\",\"@id\":\"https:\/\/exceladvisor.org\/pt\/copiar-formato-de-grafico\/#breadcrumb\",\"itemListElement\":[{\"@type\":\"ListItem\",\"position\":1,\"name\":\"Lar\",\"item\":\"https:\/\/exceladvisor.org\/pt\/\"},{\"@type\":\"ListItem\",\"position\":2,\"name\":\"Como copiar e colar formatos de gr\u00e1fico?\"}]},{\"@type\":\"WebSite\",\"@id\":\"https:\/\/exceladvisor.org\/pt\/#website\",\"url\":\"https:\/\/exceladvisor.org\/pt\/\",\"name\":\"Excel Advisor\",\"description\":\"O seu guia definitivo para dominar os dados!\",\"publisher\":{\"@id\":\"https:\/\/exceladvisor.org\/pt\/#organization\"},\"potentialAction\":[{\"@type\":\"SearchAction\",\"target\":{\"@type\":\"EntryPoint\",\"urlTemplate\":\"https:\/\/exceladvisor.org\/pt\/?s={search_term_string}\"},\"query-input\":{\"@type\":\"PropertyValueSpecification\",\"valueRequired\":true,\"valueName\":\"search_term_string\"}}],\"inLanguage\":\"pt-PT\"},{\"@type\":\"Organization\",\"@id\":\"https:\/\/exceladvisor.org\/pt\/#organization\",\"name\":\"Excel Advisor\",\"url\":\"https:\/\/exceladvisor.org\/pt\/\",\"logo\":{\"@type\":\"ImageObject\",\"inLanguage\":\"pt-PT\",\"@id\":\"https:\/\/exceladvisor.org\/pt\/#\/schema\/logo\/image\/\",\"url\":\"https:\/\/exceladvisor.org\/pt\/wp-content\/uploads\/2023\/12\/exceladvisor.org_.png\",\"contentUrl\":\"https:\/\/exceladvisor.org\/pt\/wp-content\/uploads\/2023\/12\/exceladvisor.org_.png\",\"width\":105,\"height\":36,\"caption\":\"Excel Advisor\"},\"image\":{\"@id\":\"https:\/\/exceladvisor.org\/pt\/#\/schema\/logo\/image\/\"}}]}<\/script>\n<!-- \/ Yoast SEO plugin. -->","yoast_head_json":{"title":"Como copiar e colar formatos de gr\u00e1fico no Excel?","description":"Voc\u00ea tem muitos gr\u00e1ficos para formatar? Dica de checkout para copiar a formata\u00e7\u00e3o do gr\u00e1fico para outro gr\u00e1fico do Excel.","robots":{"index":"index","follow":"follow","max-snippet":"max-snippet:-1","max-image-preview":"max-image-preview:large","max-video-preview":"max-video-preview:-1"},"canonical":"https:\/\/exceladvisor.org\/pt\/copiar-formato-de-grafico\/","og_locale":"pt_PT","og_type":"article","og_title":"Como copiar e colar formatos de gr\u00e1fico no Excel?","og_description":"Voc\u00ea tem muitos gr\u00e1ficos para formatar? Dica de checkout para copiar a formata\u00e7\u00e3o do gr\u00e1fico para outro gr\u00e1fico do Excel.","og_url":"https:\/\/exceladvisor.org\/pt\/copiar-formato-de-grafico\/","og_site_name":"Excel Advisor","article_modified_time":"2023-12-06T11:36:22+00:00","og_image":[{"url":"https:\/\/exceladvisor.org\/wp-content\/uploads\/2023\/08\/copier-la-mise-en-forme-du-graphique-dun-graphique-a-un-autre-en-utilisant-le-collage-special.gif","type":"","width":"","height":""}],"twitter_card":"summary_large_image","twitter_misc":{"Tempo estimado de leitura":"2 minutos"},"schema":{"@context":"https:\/\/schema.org","@graph":[{"@type":"WebPage","@id":"https:\/\/exceladvisor.org\/pt\/copiar-formato-de-grafico\/","url":"https:\/\/exceladvisor.org\/pt\/copiar-formato-de-grafico\/","name":"Como copiar e colar formatos de gr\u00e1fico no Excel?","isPartOf":{"@id":"https:\/\/exceladvisor.org\/pt\/#website"},"primaryImageOfPage":{"@id":"https:\/\/exceladvisor.org\/pt\/copiar-formato-de-grafico\/#primaryimage"},"image":{"@id":"https:\/\/exceladvisor.org\/pt\/copiar-formato-de-grafico\/#primaryimage"},"thumbnailUrl":"https:\/\/exceladvisor.org\/wp-content\/uploads\/2023\/08\/copier-la-mise-en-forme-du-graphique-dun-graphique-a-un-autre-en-utilisant-le-collage-special.gif","datePublished":"2023-10-27T15:36:20+00:00","dateModified":"2023-12-06T11:36:22+00:00","description":"Voc\u00ea tem muitos gr\u00e1ficos para formatar? Dica de checkout para copiar a formata\u00e7\u00e3o do gr\u00e1fico para outro gr\u00e1fico do Excel.","breadcrumb":{"@id":"https:\/\/exceladvisor.org\/pt\/copiar-formato-de-grafico\/#breadcrumb"},"inLanguage":"pt-PT","potentialAction":[{"@type":"ReadAction","target":["https:\/\/exceladvisor.org\/pt\/copiar-formato-de-grafico\/"]}]},{"@type":"ImageObject","inLanguage":"pt-PT","@id":"https:\/\/exceladvisor.org\/pt\/copiar-formato-de-grafico\/#primaryimage","url":"https:\/\/exceladvisor.org\/wp-content\/uploads\/2023\/08\/copier-la-mise-en-forme-du-graphique-dun-graphique-a-un-autre-en-utilisant-le-collage-special.gif","contentUrl":"https:\/\/exceladvisor.org\/wp-content\/uploads\/2023\/08\/copier-la-mise-en-forme-du-graphique-dun-graphique-a-un-autre-en-utilisant-le-collage-special.gif"},{"@type":"BreadcrumbList","@id":"https:\/\/exceladvisor.org\/pt\/copiar-formato-de-grafico\/#breadcrumb","itemListElement":[{"@type":"ListItem","position":1,"name":"Lar","item":"https:\/\/exceladvisor.org\/pt\/"},{"@type":"ListItem","position":2,"name":"Como copiar e colar formatos de gr\u00e1fico?"}]},{"@type":"WebSite","@id":"https:\/\/exceladvisor.org\/pt\/#website","url":"https:\/\/exceladvisor.org\/pt\/","name":"Excel Advisor","description":"O seu guia definitivo para dominar os dados!","publisher":{"@id":"https:\/\/exceladvisor.org\/pt\/#organization"},"potentialAction":[{"@type":"SearchAction","target":{"@type":"EntryPoint","urlTemplate":"https:\/\/exceladvisor.org\/pt\/?s={search_term_string}"},"query-input":{"@type":"PropertyValueSpecification","valueRequired":true,"valueName":"search_term_string"}}],"inLanguage":"pt-PT"},{"@type":"Organization","@id":"https:\/\/exceladvisor.org\/pt\/#organization","name":"Excel Advisor","url":"https:\/\/exceladvisor.org\/pt\/","logo":{"@type":"ImageObject","inLanguage":"pt-PT","@id":"https:\/\/exceladvisor.org\/pt\/#\/schema\/logo\/image\/","url":"https:\/\/exceladvisor.org\/pt\/wp-content\/uploads\/2023\/12\/exceladvisor.org_.png","contentUrl":"https:\/\/exceladvisor.org\/pt\/wp-content\/uploads\/2023\/12\/exceladvisor.org_.png","width":105,"height":36,"caption":"Excel Advisor"},"image":{"@id":"https:\/\/exceladvisor.org\/pt\/#\/schema\/logo\/image\/"}}]}},"yoast_meta":{"yoast_wpseo_title":"","yoast_wpseo_metadesc":"","yoast_wpseo_canonical":""},"_links":{"self":[{"href":"https:\/\/exceladvisor.org\/pt\/wp-json\/wp\/v2\/pages\/459","targetHints":{"allow":["GET"]}}],"collection":[{"href":"https:\/\/exceladvisor.org\/pt\/wp-json\/wp\/v2\/pages"}],"about":[{"href":"https:\/\/exceladvisor.org\/pt\/wp-json\/wp\/v2\/types\/page"}],"author":[{"embeddable":true,"href":"https:\/\/exceladvisor.org\/pt\/wp-json\/wp\/v2\/users\/1"}],"replies":[{"embeddable":true,"href":"https:\/\/exceladvisor.org\/pt\/wp-json\/wp\/v2\/comments?post=459"}],"version-history":[{"count":1,"href":"https:\/\/exceladvisor.org\/pt\/wp-json\/wp\/v2\/pages\/459\/revisions"}],"predecessor-version":[{"id":951,"href":"https:\/\/exceladvisor.org\/pt\/wp-json\/wp\/v2\/pages\/459\/revisions\/951"}],"wp:attachment":[{"href":"https:\/\/exceladvisor.org\/pt\/wp-json\/wp\/v2\/media?parent=459"}],"curies":[{"name":"wp","href":"https:\/\/api.w.org\/{rel}","templated":true}]}}